{"id":10652,"date":"2020-09-19T10:44:40","date_gmt":"2020-09-19T08:44:40","guid":{"rendered":"https:\/\/graphimarket.com\/?post_type=product&#038;p=10652"},"modified":"2022-12-19T10:11:04","modified_gmt":"2022-12-19T09:11:04","slug":"triester-svg-brush-font-free-sans","status":"publish","type":"product","link":"https:\/\/graphimarket.com\/fr\/product\/triester-svg-brush-font-free-sans\/","title":{"rendered":"Triester SVG Brush Font Free Sans"},"content":{"rendered":"<p>Donnez \u00e0 vos cr\u00e9ations une sensation authentique de pinceau artisanal. \u00abTriester\u00bb est parfaitement adapt\u00e9 \u00e0 la signature, la papeterie, le logo, les citations de typographie, la couverture de magazine ou de livre, l&#039;en-t\u00eate de site Web, le d\u00e9pliant, les v\u00eatements, la marque, la conception d&#039;emballage et plus encore.<\/p>\n<p>Cette police est disponible:<\/p>\n<ul>\n<li>Triester-SVG (OTF)<\/li>\n<li>Triester-vecteur (OTF)<\/li>\n<li>Triester-vecteur (TTF)<\/li>\n<li>Triester Sans (TTF)<\/li>\n<li>Triester Sans (OTF)<\/li>\n<li>Triester Sans Outline (TTF)<\/li>\n<li>Triester Sans Outline (OTF)<\/li>\n<\/ul>\n<p>SVG ne peut \u00eatre utilis\u00e9 que dans Photoshop CC 2017 ou CC 2018 (ou plus r\u00e9cent).<\/p>\n<p>&nbsp;<\/p>\n<div class=\"_2Masz2rr\">\n<p>Merci d&#039;utiliser cette police.<\/p>\n<p>Dites-moi dans les commentaires si vous rencontrez un probl\u00e8me<\/p>\n<p>MaulanaCr\u00e9atif<\/p>\n<\/div>\n<div class=\"_3KAa4-GZ frEFeDSS\"><\/div>\n<div><img fetchpriority=\"high\" decoding=\"async\" class=\"aligncenter wp-image-10654 size-full\" src=\"https:\/\/graphimarket.com\/wp-content\/uploads\/2020\/09\/41224be8-1a9f-4156-94e7-f07f1c5f168e.jpg\" alt=\"\" width=\"1160\" height=\"772\" srcset=\"https:\/\/graphimarket.com\/wp-content\/uploads\/2020\/09\/41224be8-1a9f-4156-94e7-f07f1c5f168e.jpg 1160w, https:\/\/graphimarket.com\/wp-content\/uploads\/2020\/09\/41224be8-1a9f-4156-94e7-f07f1c5f168e-300x200.jpg 300w, https:\/\/graphimarket.com\/wp-content\/uploads\/2020\/09\/41224be8-1a9f-4156-94e7-f07f1c5f168e-1024x681.jpg 1024w, https:\/\/graphimarket.com\/wp-content\/uploads\/2020\/09\/41224be8-1a9f-4156-94e7-f07f1c5f168e-768x511.jpg 768w, https:\/\/graphimarket.com\/wp-content\/uploads\/2020\/09\/41224be8-1a9f-4156-94e7-f07f1c5f168e-600x399.jpg 600w\" sizes=\"(max-width: 1160px) 100vw, 1160px\" \/> <img decoding=\"async\" class=\"aligncenter wp-image-10655 size-full\" src=\"https:\/\/graphimarket.com\/wp-content\/uploads\/2020\/09\/a6b68735-6402-4a9d-9fac-06d7bd5b521d.jpg\" alt=\"\" width=\"1160\" height=\"772\" srcset=\"https:\/\/graphimarket.com\/wp-content\/uploads\/2020\/09\/a6b68735-6402-4a9d-9fac-06d7bd5b521d.jpg 1160w, https:\/\/graphimarket.com\/wp-content\/uploads\/2020\/09\/a6b68735-6402-4a9d-9fac-06d7bd5b521d-300x200.jpg 300w, https:\/\/graphimarket.com\/wp-content\/uploads\/2020\/09\/a6b68735-6402-4a9d-9fac-06d7bd5b521d-1024x681.jpg 1024w, https:\/\/graphimarket.com\/wp-content\/uploads\/2020\/09\/a6b68735-6402-4a9d-9fac-06d7bd5b521d-768x511.jpg 768w, https:\/\/graphimarket.com\/wp-content\/uploads\/2020\/09\/a6b68735-6402-4a9d-9fac-06d7bd5b521d-600x399.jpg 600w\" sizes=\"(max-width: 1160px) 100vw, 1160px\" \/> <img decoding=\"async\" class=\"wp-image-10656 size-full aligncenter\" src=\"https:\/\/graphimarket.com\/wp-content\/uploads\/2020\/09\/e180805e-aa6e-46bd-b8cb-7c3935029635.jpg\" alt=\"\" width=\"1160\" height=\"772\" srcset=\"https:\/\/graphimarket.com\/wp-content\/uploads\/2020\/09\/e180805e-aa6e-46bd-b8cb-7c3935029635.jpg 1160w, https:\/\/graphimarket.com\/wp-content\/uploads\/2020\/09\/e180805e-aa6e-46bd-b8cb-7c3935029635-300x200.jpg 300w, https:\/\/graphimarket.com\/wp-content\/uploads\/2020\/09\/e180805e-aa6e-46bd-b8cb-7c3935029635-1024x681.jpg 1024w, https:\/\/graphimarket.com\/wp-content\/uploads\/2020\/09\/e180805e-aa6e-46bd-b8cb-7c3935029635-768x511.jpg 768w, https:\/\/graphimarket.com\/wp-content\/uploads\/2020\/09\/e180805e-aa6e-46bd-b8cb-7c3935029635-600x399.jpg 600w\" sizes=\"(max-width: 1160px) 100vw, 1160px\" \/> <img loading=\"lazy\" decoding=\"async\" class=\"wp-image-10657 size-full aligncenter\" src=\"https:\/\/graphimarket.com\/wp-content\/uploads\/2020\/09\/fc9df0c8-2e8b-4909-b908-1876351df108.jpg\" alt=\"\" width=\"1160\" height=\"772\" srcset=\"https:\/\/graphimarket.com\/wp-content\/uploads\/2020\/09\/fc9df0c8-2e8b-4909-b908-1876351df108.jpg 1160w, https:\/\/graphimarket.com\/wp-content\/uploads\/2020\/09\/fc9df0c8-2e8b-4909-b908-1876351df108-300x200.jpg 300w, https:\/\/graphimarket.com\/wp-content\/uploads\/2020\/09\/fc9df0c8-2e8b-4909-b908-1876351df108-1024x681.jpg 1024w, https:\/\/graphimarket.com\/wp-content\/uploads\/2020\/09\/fc9df0c8-2e8b-4909-b908-1876351df108-768x511.jpg 768w, https:\/\/graphimarket.com\/wp-content\/uploads\/2020\/09\/fc9df0c8-2e8b-4909-b908-1876351df108-600x399.jpg 600w\" sizes=\"(max-width: 1160px) 100vw, 1160px\" \/> <img loading=\"lazy\" decoding=\"async\" class=\"aligncenter wp-image-10658 size-full\" src=\"https:\/\/graphimarket.com\/wp-content\/uploads\/2020\/09\/b56be00d-e1ea-423b-b1bb-e98ff9190838.jpg\" alt=\"\" width=\"1160\" height=\"772\" srcset=\"https:\/\/graphimarket.com\/wp-content\/uploads\/2020\/09\/b56be00d-e1ea-423b-b1bb-e98ff9190838.jpg 1160w, https:\/\/graphimarket.com\/wp-content\/uploads\/2020\/09\/b56be00d-e1ea-423b-b1bb-e98ff9190838-300x200.jpg 300w, https:\/\/graphimarket.com\/wp-content\/uploads\/2020\/09\/b56be00d-e1ea-423b-b1bb-e98ff9190838-1024x681.jpg 1024w, https:\/\/graphimarket.com\/wp-content\/uploads\/2020\/09\/b56be00d-e1ea-423b-b1bb-e98ff9190838-768x511.jpg 768w, https:\/\/graphimarket.com\/wp-content\/uploads\/2020\/09\/b56be00d-e1ea-423b-b1bb-e98ff9190838-600x399.jpg 600w\" sizes=\"(max-width: 1160px) 100vw, 1160px\" \/> <img loading=\"lazy\" decoding=\"async\" class=\"aligncenter wp-image-10659 size-full\" src=\"https:\/\/graphimarket.com\/wp-content\/uploads\/2020\/09\/6f5a3b78-e6c0-4a1c-a9bb-6074738c6263.jpg\" alt=\"\" width=\"1160\" height=\"772\" srcset=\"https:\/\/graphimarket.com\/wp-content\/uploads\/2020\/09\/6f5a3b78-e6c0-4a1c-a9bb-6074738c6263.jpg 1160w, https:\/\/graphimarket.com\/wp-content\/uploads\/2020\/09\/6f5a3b78-e6c0-4a1c-a9bb-6074738c6263-300x200.jpg 300w, https:\/\/graphimarket.com\/wp-content\/uploads\/2020\/09\/6f5a3b78-e6c0-4a1c-a9bb-6074738c6263-1024x681.jpg 1024w, https:\/\/graphimarket.com\/wp-content\/uploads\/2020\/09\/6f5a3b78-e6c0-4a1c-a9bb-6074738c6263-768x511.jpg 768w, https:\/\/graphimarket.com\/wp-content\/uploads\/2020\/09\/6f5a3b78-e6c0-4a1c-a9bb-6074738c6263-600x399.jpg 600w\" sizes=\"(max-width: 1160px) 100vw, 1160px\" \/><\/div>","protected":false},"excerpt":{"rendered":"<p>Give your designs an authentic brush handcrafted feel. &#8220;Triester&#8221; is perfectly suited to signature, stationery, logo, typography quotes, magazine or book cover, website header, flyer, clothing, branding, packaging design and more. This font available: Triester-SVG (OTF) Triester-Vector (OTF) Triester-Vector (TTF) Triester Sans (TTF) Triester Sans (OTF) Triester Sans Outline (TTF) Triester Sans Outline (OTF) SVG [&hellip;]<\/p>\n","protected":false},"featured_media":10660,"comment_status":"open","ping_status":"closed","template":"","meta":{"site-sidebar-layout":"default","site-content-layout":"default","ast-site-content-layout":"default","site-content-style":"default","site-sidebar-style":"default","ast-global-header-display":"","ast-banner-title-visibility":"","ast-main-header-display":"","ast-hfb-above-header-display":"","ast-hfb-below-header-display":"","ast-hfb-mobile-header-display":"","site-post-title":"","ast-breadcrumbs-content":"","ast-featured-img":"","footer-sml-layout":"","ast-disable-related-posts":"","theme-transparent-header-meta":"default","adv-header-id-meta":"","stick-header-meta":"","header-above-stick-meta":"","header-main-stick-meta":"","header-below-stick-meta":"","astra-migrate-meta-layouts":"default","ast-page-background-enabled":"default","ast-page-background-meta":{"desktop":{"background-color":"","background-image":"","background-repeat":"repeat","background-position":"center center","background-size":"auto","background-attachment":"scroll","background-type":"","background-media":"","overlay-type":"","overlay-color":"","overlay-opacity":"","overlay-gradient":""},"tablet":{"background-color":"","background-image":"","background-repeat":"repeat","background-position":"center center","background-size":"auto","background-attachment":"scroll","background-type":"","background-media":"","overlay-type":"","overlay-color":"","overlay-opacity":"","overlay-gradient":""},"mobile":{"background-color":"","background-image":"","background-repeat":"repeat","background-position":"center center","background-size":"auto","background-attachment":"scroll","background-type":"","background-media":"","overlay-type":"","overlay-color":"","overlay-opacity":"","overlay-gradient":""}},"ast-content-background-meta":{"desktop":{"background-color":"var(--ast-global-color-5)","background-image":"","background-repeat":"repeat","background-position":"center center","background-size":"auto","background-attachment":"scroll","background-type":"","background-media":"","overlay-type":"","overlay-color":"","overlay-opacity":"","overlay-gradient":""},"tablet":{"background-color":"var(--ast-global-color-5)","background-image":"","background-repeat":"repeat","background-position":"center center","background-size":"auto","background-attachment":"scroll","background-type":"","background-media":"","overlay-type":"","overlay-color":"","overlay-opacity":"","overlay-gradient":""},"mobile":{"background-color":"var(--ast-global-color-5)","background-image":"","background-repeat":"repeat","background-position":"center center","background-size":"auto","background-attachment":"scroll","background-type":"","background-media":"","overlay-type":"","overlay-color":"","overlay-opacity":"","overlay-gradient":""}}},"product_brand":[],"product_cat":[187],"product_tag":[703,389,1140,351,1144,504,1142,1141,297,489,1143,1104,1139,1079,326],"class_list":{"0":"post-10652","1":"product","2":"type-product","3":"status-publish","4":"has-post-thumbnail","6":"product_cat-fonts","7":"product_tag-brand","8":"product_tag-brush","9":"product_tag-brushfont","10":"product_tag-font","11":"product_tag-happy","12":"product_tag-inked","13":"product_tag-ligature","14":"product_tag-ligatures","15":"product_tag-logo","16":"product_tag-realistic","17":"product_tag-rushed","18":"product_tag-summer","19":"product_tag-svg","20":"product_tag-typeface","21":"product_tag-wedding","22":"desktop-align-left","23":"tablet-align-left","24":"mobile-align-left","26":"first","27":"instock","28":"downloadable","29":"virtual","30":"taxable","31":"purchasable","32":"product-type-simple"},"yoast_head":"<!-- This site is optimized with the Yoast SEO plugin v27.3 - https:\/\/yoast.com\/product\/yoast-seo-wordpress\/ -->\n<title>Triester SVG Brush Font Free Sans - Graphimarket<\/title>\n<meta name=\"description\" content=\"Give your designs an authentic brush handcrafted feel. &quot;Triester&quot; is perfectly suited to signature, stationery, logo, typography quotes,\" \/>\n<meta name=\"robots\" content=\"index, follow, max-snippet:-1, max-image-preview:large, max-video-preview:-1\" \/>\n<link rel=\"canonical\" href=\"https:\/\/graphimarket.com\/fr\/product\/triester-svg-brush-font-free-sans\/\" \/>\n<meta property=\"og:locale\" content=\"fr_FR\" \/>\n<meta property=\"og:type\" content=\"article\" \/>\n<meta property=\"og:title\" content=\"Triester SVG Brush Font Free Sans - Graphimarket\" \/>\n<meta property=\"og:description\" content=\"Give your designs an authentic brush handcrafted feel. &quot;Triester&quot; is perfectly suited to signature, stationery, logo, typography quotes,\" \/>\n<meta property=\"og:url\" content=\"https:\/\/graphimarket.com\/fr\/product\/triester-svg-brush-font-free-sans\/\" \/>\n<meta property=\"og:site_name\" content=\"Graphimarket\" \/>\n<meta property=\"article:modified_time\" content=\"2022-12-19T09:11:04+00:00\" \/>\n<meta property=\"og:image\" content=\"https:\/\/graphimarket.com\/wp-content\/uploads\/2020\/09\/66012e2f-9fb1-4ee3-9568-d78742f27cba.jpg\" \/>\n\t<meta property=\"og:image:width\" content=\"1019\" \/>\n\t<meta property=\"og:image:height\" content=\"679\" \/>\n\t<meta property=\"og:image:type\" content=\"image\/jpeg\" \/>\n<meta name=\"twitter:card\" content=\"summary_large_image\" \/>\n<script type=\"application\/ld+json\" class=\"yoast-schema-graph\">{\"@context\":\"https:\\\/\\\/schema.org\",\"@graph\":[{\"@type\":\"WebPage\",\"@id\":\"https:\\\/\\\/graphimarket.com\\\/product\\\/triester-svg-brush-font-free-sans\\\/\",\"url\":\"https:\\\/\\\/graphimarket.com\\\/product\\\/triester-svg-brush-font-free-sans\\\/\",\"name\":\"Triester SVG Brush Font Free Sans - Graphimarket\",\"isPartOf\":{\"@id\":\"https:\\\/\\\/graphimarket.com\\\/fr\\\/#website\"},\"primaryImageOfPage\":{\"@id\":\"https:\\\/\\\/graphimarket.com\\\/product\\\/triester-svg-brush-font-free-sans\\\/#primaryimage\"},\"image\":{\"@id\":\"https:\\\/\\\/graphimarket.com\\\/product\\\/triester-svg-brush-font-free-sans\\\/#primaryimage\"},\"thumbnailUrl\":\"https:\\\/\\\/graphimarket.com\\\/wp-content\\\/uploads\\\/2020\\\/09\\\/66012e2f-9fb1-4ee3-9568-d78742f27cba.jpg\",\"datePublished\":\"2020-09-19T08:44:40+00:00\",\"dateModified\":\"2022-12-19T09:11:04+00:00\",\"description\":\"Give your designs an authentic brush handcrafted feel. \\\"Triester\\\" is perfectly suited to signature, stationery, logo, typography quotes,\",\"breadcrumb\":{\"@id\":\"https:\\\/\\\/graphimarket.com\\\/product\\\/triester-svg-brush-font-free-sans\\\/#breadcrumb\"},\"inLanguage\":\"fr-FR\",\"potentialAction\":[{\"@type\":\"ReadAction\",\"target\":[\"https:\\\/\\\/graphimarket.com\\\/product\\\/triester-svg-brush-font-free-sans\\\/\"]}]},{\"@type\":\"ImageObject\",\"inLanguage\":\"fr-FR\",\"@id\":\"https:\\\/\\\/graphimarket.com\\\/product\\\/triester-svg-brush-font-free-sans\\\/#primaryimage\",\"url\":\"https:\\\/\\\/graphimarket.com\\\/wp-content\\\/uploads\\\/2020\\\/09\\\/66012e2f-9fb1-4ee3-9568-d78742f27cba.jpg\",\"contentUrl\":\"https:\\\/\\\/graphimarket.com\\\/wp-content\\\/uploads\\\/2020\\\/09\\\/66012e2f-9fb1-4ee3-9568-d78742f27cba.jpg\",\"width\":1019,\"height\":679},{\"@type\":\"BreadcrumbList\",\"@id\":\"https:\\\/\\\/graphimarket.com\\\/product\\\/triester-svg-brush-font-free-sans\\\/#breadcrumb\",\"itemListElement\":[{\"@type\":\"ListItem\",\"position\":1,\"name\":\"Home\",\"item\":\"https:\\\/\\\/graphimarket.com\\\/es\\\/\"},{\"@type\":\"ListItem\",\"position\":2,\"name\":\"Store\",\"item\":\"https:\\\/\\\/graphimarket.com\\\/store\\\/\"},{\"@type\":\"ListItem\",\"position\":3,\"name\":\"Triester SVG Brush Font Free Sans\"}]},{\"@type\":\"WebSite\",\"@id\":\"https:\\\/\\\/graphimarket.com\\\/fr\\\/#website\",\"url\":\"https:\\\/\\\/graphimarket.com\\\/fr\\\/\",\"name\":\"Graphimarket\",\"description\":\"Find the perfect creative asset to bring your project to life\",\"publisher\":{\"@id\":\"https:\\\/\\\/graphimarket.com\\\/fr\\\/#organization\"},\"potentialAction\":[{\"@type\":\"SearchAction\",\"target\":{\"@type\":\"EntryPoint\",\"urlTemplate\":\"https:\\\/\\\/graphimarket.com\\\/fr\\\/?s={search_term_string}\"},\"query-input\":{\"@type\":\"PropertyValueSpecification\",\"valueRequired\":true,\"valueName\":\"search_term_string\"}}],\"inLanguage\":\"fr-FR\"},{\"@type\":\"Organization\",\"@id\":\"https:\\\/\\\/graphimarket.com\\\/fr\\\/#organization\",\"name\":\"Graphimarket\",\"url\":\"https:\\\/\\\/graphimarket.com\\\/fr\\\/\",\"logo\":{\"@type\":\"ImageObject\",\"inLanguage\":\"fr-FR\",\"@id\":\"https:\\\/\\\/graphimarket.com\\\/fr\\\/#\\\/schema\\\/logo\\\/image\\\/\",\"url\":\"https:\\\/\\\/graphimarket.com\\\/wp-content\\\/uploads\\\/2020\\\/08\\\/logo-48.png\",\"contentUrl\":\"https:\\\/\\\/graphimarket.com\\\/wp-content\\\/uploads\\\/2020\\\/08\\\/logo-48.png\",\"width\":132,\"height\":48,\"caption\":\"Graphimarket\"},\"image\":{\"@id\":\"https:\\\/\\\/graphimarket.com\\\/fr\\\/#\\\/schema\\\/logo\\\/image\\\/\"}}]}<\/script>\n<!-- \/ Yoast SEO plugin. -->","yoast_head_json":{"title":"Triester SVG Brush Font Free Sans - Graphimarket","description":"Donnez \u00e0 vos cr\u00e9ations une sensation authentique de pinceau artisanal. &quot;Triester&quot; est parfaitement adapt\u00e9 \u00e0 la signature, la papeterie, le logo, les citations typographiques,","robots":{"index":"index","follow":"follow","max-snippet":"max-snippet:-1","max-image-preview":"max-image-preview:large","max-video-preview":"max-video-preview:-1"},"canonical":"https:\/\/graphimarket.com\/fr\/product\/triester-svg-brush-font-free-sans\/","og_locale":"fr_FR","og_type":"article","og_title":"Triester SVG Brush Font Free Sans - Graphimarket","og_description":"Give your designs an authentic brush handcrafted feel. \"Triester\" is perfectly suited to signature, stationery, logo, typography quotes,","og_url":"https:\/\/graphimarket.com\/fr\/product\/triester-svg-brush-font-free-sans\/","og_site_name":"Graphimarket","article_modified_time":"2022-12-19T09:11:04+00:00","og_image":[{"width":1019,"height":679,"url":"https:\/\/graphimarket.com\/wp-content\/uploads\/2020\/09\/66012e2f-9fb1-4ee3-9568-d78742f27cba.jpg","type":"image\/jpeg"}],"twitter_card":"summary_large_image","schema":{"@context":"https:\/\/schema.org","@graph":[{"@type":"WebPage","@id":"https:\/\/graphimarket.com\/product\/triester-svg-brush-font-free-sans\/","url":"https:\/\/graphimarket.com\/product\/triester-svg-brush-font-free-sans\/","name":"Triester SVG Brush Font Free Sans - Graphimarket","isPartOf":{"@id":"https:\/\/graphimarket.com\/fr\/#website"},"primaryImageOfPage":{"@id":"https:\/\/graphimarket.com\/product\/triester-svg-brush-font-free-sans\/#primaryimage"},"image":{"@id":"https:\/\/graphimarket.com\/product\/triester-svg-brush-font-free-sans\/#primaryimage"},"thumbnailUrl":"https:\/\/graphimarket.com\/wp-content\/uploads\/2020\/09\/66012e2f-9fb1-4ee3-9568-d78742f27cba.jpg","datePublished":"2020-09-19T08:44:40+00:00","dateModified":"2022-12-19T09:11:04+00:00","description":"Donnez \u00e0 vos cr\u00e9ations une sensation authentique de pinceau artisanal. &quot;Triester&quot; est parfaitement adapt\u00e9 \u00e0 la signature, la papeterie, le logo, les citations typographiques,","breadcrumb":{"@id":"https:\/\/graphimarket.com\/product\/triester-svg-brush-font-free-sans\/#breadcrumb"},"inLanguage":"fr-FR","potentialAction":[{"@type":"ReadAction","target":["https:\/\/graphimarket.com\/product\/triester-svg-brush-font-free-sans\/"]}]},{"@type":"ImageObject","inLanguage":"fr-FR","@id":"https:\/\/graphimarket.com\/product\/triester-svg-brush-font-free-sans\/#primaryimage","url":"https:\/\/graphimarket.com\/wp-content\/uploads\/2020\/09\/66012e2f-9fb1-4ee3-9568-d78742f27cba.jpg","contentUrl":"https:\/\/graphimarket.com\/wp-content\/uploads\/2020\/09\/66012e2f-9fb1-4ee3-9568-d78742f27cba.jpg","width":1019,"height":679},{"@type":"BreadcrumbList","@id":"https:\/\/graphimarket.com\/product\/triester-svg-brush-font-free-sans\/#breadcrumb","itemListElement":[{"@type":"ListItem","position":1,"name":"Home","item":"https:\/\/graphimarket.com\/es\/"},{"@type":"ListItem","position":2,"name":"Store","item":"https:\/\/graphimarket.com\/store\/"},{"@type":"ListItem","position":3,"name":"Triester SVG Brush Font Free Sans"}]},{"@type":"WebSite","@id":"https:\/\/graphimarket.com\/fr\/#website","url":"https:\/\/graphimarket.com\/fr\/","name":"Graphimarket","description":"Trouvez l&#039;atout cr\u00e9atif parfait pour donner vie \u00e0 votre projet","publisher":{"@id":"https:\/\/graphimarket.com\/fr\/#organization"},"potentialAction":[{"@type":"SearchAction","target":{"@type":"EntryPoint","urlTemplate":"https:\/\/graphimarket.com\/fr\/?s={search_term_string}"},"query-input":{"@type":"PropertyValueSpecification","valueRequired":true,"valueName":"search_term_string"}}],"inLanguage":"fr-FR"},{"@type":"Organization","@id":"https:\/\/graphimarket.com\/fr\/#organization","name":"Graphimarket","url":"https:\/\/graphimarket.com\/fr\/","logo":{"@type":"ImageObject","inLanguage":"fr-FR","@id":"https:\/\/graphimarket.com\/fr\/#\/schema\/logo\/image\/","url":"https:\/\/graphimarket.com\/wp-content\/uploads\/2020\/08\/logo-48.png","contentUrl":"https:\/\/graphimarket.com\/wp-content\/uploads\/2020\/08\/logo-48.png","width":132,"height":48,"caption":"Graphimarket"},"image":{"@id":"https:\/\/graphimarket.com\/fr\/#\/schema\/logo\/image\/"}}]}},"_links":{"self":[{"href":"https:\/\/graphimarket.com\/fr\/wp-json\/wp\/v2\/product\/10652","targetHints":{"allow":["GET"]}}],"collection":[{"href":"https:\/\/graphimarket.com\/fr\/wp-json\/wp\/v2\/product"}],"about":[{"href":"https:\/\/graphimarket.com\/fr\/wp-json\/wp\/v2\/types\/product"}],"replies":[{"embeddable":true,"href":"https:\/\/graphimarket.com\/fr\/wp-json\/wp\/v2\/comments?post=10652"}],"version-history":[{"count":0,"href":"https:\/\/graphimarket.com\/fr\/wp-json\/wp\/v2\/product\/10652\/revisions"}],"wp:featuredmedia":[{"embeddable":true,"href":"https:\/\/graphimarket.com\/fr\/wp-json\/wp\/v2\/media\/10660"}],"wp:attachment":[{"href":"https:\/\/graphimarket.com\/fr\/wp-json\/wp\/v2\/media?parent=10652"}],"wp:term":[{"taxonomy":"product_brand","embeddable":true,"href":"https:\/\/graphimarket.com\/fr\/wp-json\/wp\/v2\/product_brand?post=10652"},{"taxonomy":"product_cat","embeddable":true,"href":"https:\/\/graphimarket.com\/fr\/wp-json\/wp\/v2\/product_cat?post=10652"},{"taxonomy":"product_tag","embeddable":true,"href":"https:\/\/graphimarket.com\/fr\/wp-json\/wp\/v2\/product_tag?post=10652"}],"curies":[{"name":"wp","href":"https:\/\/api.w.org\/{rel}","templated":true}]}}