{"id":10662,"date":"2020-09-19T11:02:12","date_gmt":"2020-09-19T09:02:12","guid":{"rendered":"https:\/\/graphimarket.com\/?post_type=product&#038;p=10662"},"modified":"2022-12-19T10:10:54","modified_gmt":"2022-12-19T09:10:54","slug":"cornelia-modern-script","status":"publish","type":"product","link":"https:\/\/graphimarket.com\/fr\/product\/cornelia-modern-script\/","title":{"rendered":"Script moderne CORNELIA"},"content":{"rendered":"<div class=\"_2Masz2rr\">\n<p><strong>Cornelia Script est une belle police moderne qui comprend 372 glyphes<\/strong>.<\/p>\n<p>Il pr\u00e9sente des lignes et des caract\u00e8res lisses qui se soudent bien. La police a un style de calligraphie moderne et pr\u00e9sente de beaux swashes. Il est facile \u00e0 lire et amusant \u00e0 utiliser. Il ne fait aucun doute que vous obtiendrez des r\u00e9sultats professionnels avec cette police et que vous pourrez \u00e9tonner vos clients.<\/p>\n<ul>\n<li>Cornelia Script a donn\u00e9\u00a0<strong>PUA unicode<\/strong>\u00a0(polices sp\u00e9cialement cod\u00e9es), avec des tonnes de caract\u00e8res alternatifs. Le pack peut \u00eatre consult\u00e9 dans son int\u00e9gralit\u00e9 par n&#039;importe quel artisan ou designer, sans avoir besoin d&#039;un logiciel de conception suppl\u00e9mentaire, COMPATIBLE AVEC SILHOUETTE &amp; CRICUT DESIGN SPACE<\/li>\n<li>Prend \u00e9galement en charge dans le programme: Adobe Illustrator, Adobe Photoshop, Adobe InDesign, Corel Draw X version, Microsoft Word,<\/li>\n<li>Prise en charge des langues: albanais, basque, breton, chamorro, danois, n\u00e9erlandais, anglais, f\u00e9ro\u00efen, finnois, fran\u00e7ais, frison, galicien, allemand, islandais, italien, malgache, norv\u00e9gien, portugais, su\u00e9dois<\/li>\n<li>Les caract\u00e9ristiques de ces polices sont les suivantes: alternatives contextuelles, ligatures standard, alternatives stylistiques, ensembles stylistiques,<\/li>\n<\/ul>\n<p>Fichiers inclus:<\/p>\n<ul>\n<li>Cornelia.otf<\/li>\n<li>Cornelia ttf<\/li>\n<\/ul>\n<p>Merci pour votre visite<\/p>\n<\/div>\n<p>&nbsp;<\/p>\n<p><img fetchpriority=\"high\" decoding=\"async\" class=\"aligncenter wp-image-10663 size-full\" src=\"https:\/\/graphimarket.com\/wp-content\/uploads\/2020\/09\/056b8306-6b5a-4519-a70a-ea0b2f657270.jpg\" alt=\"\" width=\"1170\" height=\"780\" srcset=\"https:\/\/graphimarket.com\/wp-content\/uploads\/2020\/09\/056b8306-6b5a-4519-a70a-ea0b2f657270.jpg 1170w, https:\/\/graphimarket.com\/wp-content\/uploads\/2020\/09\/056b8306-6b5a-4519-a70a-ea0b2f657270-300x200.jpg 300w, https:\/\/graphimarket.com\/wp-content\/uploads\/2020\/09\/056b8306-6b5a-4519-a70a-ea0b2f657270-1024x683.jpg 1024w, https:\/\/graphimarket.com\/wp-content\/uploads\/2020\/09\/056b8306-6b5a-4519-a70a-ea0b2f657270-768x512.jpg 768w, https:\/\/graphimarket.com\/wp-content\/uploads\/2020\/09\/056b8306-6b5a-4519-a70a-ea0b2f657270-600x400.jpg 600w\" sizes=\"(max-width: 1170px) 100vw, 1170px\" \/> <img decoding=\"async\" class=\"aligncenter wp-image-10664 size-full\" src=\"https:\/\/graphimarket.com\/wp-content\/uploads\/2020\/09\/816ec5de-2a41-49b5-b99d-ff900f547c6b.jpg\" alt=\"\" width=\"1170\" height=\"780\" srcset=\"https:\/\/graphimarket.com\/wp-content\/uploads\/2020\/09\/816ec5de-2a41-49b5-b99d-ff900f547c6b.jpg 1170w, https:\/\/graphimarket.com\/wp-content\/uploads\/2020\/09\/816ec5de-2a41-49b5-b99d-ff900f547c6b-300x200.jpg 300w, https:\/\/graphimarket.com\/wp-content\/uploads\/2020\/09\/816ec5de-2a41-49b5-b99d-ff900f547c6b-1024x683.jpg 1024w, https:\/\/graphimarket.com\/wp-content\/uploads\/2020\/09\/816ec5de-2a41-49b5-b99d-ff900f547c6b-768x512.jpg 768w, https:\/\/graphimarket.com\/wp-content\/uploads\/2020\/09\/816ec5de-2a41-49b5-b99d-ff900f547c6b-600x400.jpg 600w\" sizes=\"(max-width: 1170px) 100vw, 1170px\" \/> <img decoding=\"async\" class=\"aligncenter wp-image-10665 size-full\" src=\"https:\/\/graphimarket.com\/wp-content\/uploads\/2020\/09\/877f3b01-8d59-411e-bb46-9ee402600221.jpg\" alt=\"\" width=\"1170\" height=\"780\" srcset=\"https:\/\/graphimarket.com\/wp-content\/uploads\/2020\/09\/877f3b01-8d59-411e-bb46-9ee402600221.jpg 1170w, https:\/\/graphimarket.com\/wp-content\/uploads\/2020\/09\/877f3b01-8d59-411e-bb46-9ee402600221-300x200.jpg 300w, https:\/\/graphimarket.com\/wp-content\/uploads\/2020\/09\/877f3b01-8d59-411e-bb46-9ee402600221-1024x683.jpg 1024w, https:\/\/graphimarket.com\/wp-content\/uploads\/2020\/09\/877f3b01-8d59-411e-bb46-9ee402600221-768x512.jpg 768w, https:\/\/graphimarket.com\/wp-content\/uploads\/2020\/09\/877f3b01-8d59-411e-bb46-9ee402600221-600x400.jpg 600w\" sizes=\"(max-width: 1170px) 100vw, 1170px\" \/> <img loading=\"lazy\" decoding=\"async\" class=\"aligncenter wp-image-10666 size-full\" src=\"https:\/\/graphimarket.com\/wp-content\/uploads\/2020\/09\/ab2eff85-0cab-426f-9934-caf8f95776bc.jpg\" alt=\"\" width=\"1170\" height=\"780\" srcset=\"https:\/\/graphimarket.com\/wp-content\/uploads\/2020\/09\/ab2eff85-0cab-426f-9934-caf8f95776bc.jpg 1170w, https:\/\/graphimarket.com\/wp-content\/uploads\/2020\/09\/ab2eff85-0cab-426f-9934-caf8f95776bc-300x200.jpg 300w, https:\/\/graphimarket.com\/wp-content\/uploads\/2020\/09\/ab2eff85-0cab-426f-9934-caf8f95776bc-1024x683.jpg 1024w, https:\/\/graphimarket.com\/wp-content\/uploads\/2020\/09\/ab2eff85-0cab-426f-9934-caf8f95776bc-768x512.jpg 768w, https:\/\/graphimarket.com\/wp-content\/uploads\/2020\/09\/ab2eff85-0cab-426f-9934-caf8f95776bc-600x400.jpg 600w\" sizes=\"(max-width: 1170px) 100vw, 1170px\" \/> <img loading=\"lazy\" decoding=\"async\" class=\"aligncenter wp-image-10667 size-full\" src=\"https:\/\/graphimarket.com\/wp-content\/uploads\/2020\/09\/bbce3ea1-31b8-4aaf-932d-052327af8678.jpg\" alt=\"\" width=\"1170\" height=\"1170\" srcset=\"https:\/\/graphimarket.com\/wp-content\/uploads\/2020\/09\/bbce3ea1-31b8-4aaf-932d-052327af8678.jpg 1170w, https:\/\/graphimarket.com\/wp-content\/uploads\/2020\/09\/bbce3ea1-31b8-4aaf-932d-052327af8678-300x300.jpg 300w, https:\/\/graphimarket.com\/wp-content\/uploads\/2020\/09\/bbce3ea1-31b8-4aaf-932d-052327af8678-1024x1024.jpg 1024w, https:\/\/graphimarket.com\/wp-content\/uploads\/2020\/09\/bbce3ea1-31b8-4aaf-932d-052327af8678-150x150.jpg 150w, https:\/\/graphimarket.com\/wp-content\/uploads\/2020\/09\/bbce3ea1-31b8-4aaf-932d-052327af8678-768x768.jpg 768w, https:\/\/graphimarket.com\/wp-content\/uploads\/2020\/09\/bbce3ea1-31b8-4aaf-932d-052327af8678-600x600.jpg 600w, https:\/\/graphimarket.com\/wp-content\/uploads\/2020\/09\/bbce3ea1-31b8-4aaf-932d-052327af8678-100x100.jpg 100w\" sizes=\"(max-width: 1170px) 100vw, 1170px\" \/> <img loading=\"lazy\" decoding=\"async\" class=\"aligncenter wp-image-10668 size-full\" src=\"https:\/\/graphimarket.com\/wp-content\/uploads\/2020\/09\/e8924d8d-e4de-4e23-8b15-46a55d04d36d.jpg\" alt=\"\" width=\"1170\" height=\"780\" srcset=\"https:\/\/graphimarket.com\/wp-content\/uploads\/2020\/09\/e8924d8d-e4de-4e23-8b15-46a55d04d36d.jpg 1170w, https:\/\/graphimarket.com\/wp-content\/uploads\/2020\/09\/e8924d8d-e4de-4e23-8b15-46a55d04d36d-300x200.jpg 300w, https:\/\/graphimarket.com\/wp-content\/uploads\/2020\/09\/e8924d8d-e4de-4e23-8b15-46a55d04d36d-1024x683.jpg 1024w, https:\/\/graphimarket.com\/wp-content\/uploads\/2020\/09\/e8924d8d-e4de-4e23-8b15-46a55d04d36d-768x512.jpg 768w, https:\/\/graphimarket.com\/wp-content\/uploads\/2020\/09\/e8924d8d-e4de-4e23-8b15-46a55d04d36d-600x400.jpg 600w\" sizes=\"(max-width: 1170px) 100vw, 1170px\" \/> <img loading=\"lazy\" decoding=\"async\" class=\"aligncenter wp-image-10669 size-full\" src=\"https:\/\/graphimarket.com\/wp-content\/uploads\/2020\/09\/0bc58099-8691-4364-b513-f0c9d2de1dd2.jpg\" alt=\"\" width=\"1170\" height=\"780\" srcset=\"https:\/\/graphimarket.com\/wp-content\/uploads\/2020\/09\/0bc58099-8691-4364-b513-f0c9d2de1dd2.jpg 1170w, https:\/\/graphimarket.com\/wp-content\/uploads\/2020\/09\/0bc58099-8691-4364-b513-f0c9d2de1dd2-300x200.jpg 300w, https:\/\/graphimarket.com\/wp-content\/uploads\/2020\/09\/0bc58099-8691-4364-b513-f0c9d2de1dd2-1024x683.jpg 1024w, https:\/\/graphimarket.com\/wp-content\/uploads\/2020\/09\/0bc58099-8691-4364-b513-f0c9d2de1dd2-768x512.jpg 768w, https:\/\/graphimarket.com\/wp-content\/uploads\/2020\/09\/0bc58099-8691-4364-b513-f0c9d2de1dd2-600x400.jpg 600w\" sizes=\"(max-width: 1170px) 100vw, 1170px\" \/> <img loading=\"lazy\" decoding=\"async\" class=\"aligncenter wp-image-10670 size-full\" src=\"https:\/\/graphimarket.com\/wp-content\/uploads\/2020\/09\/21e968f8-f477-4125-8a70-784c9bff0f6e.jpg\" alt=\"\" width=\"1170\" height=\"780\" srcset=\"https:\/\/graphimarket.com\/wp-content\/uploads\/2020\/09\/21e968f8-f477-4125-8a70-784c9bff0f6e.jpg 1170w, https:\/\/graphimarket.com\/wp-content\/uploads\/2020\/09\/21e968f8-f477-4125-8a70-784c9bff0f6e-300x200.jpg 300w, https:\/\/graphimarket.com\/wp-content\/uploads\/2020\/09\/21e968f8-f477-4125-8a70-784c9bff0f6e-1024x683.jpg 1024w, https:\/\/graphimarket.com\/wp-content\/uploads\/2020\/09\/21e968f8-f477-4125-8a70-784c9bff0f6e-768x512.jpg 768w, https:\/\/graphimarket.com\/wp-content\/uploads\/2020\/09\/21e968f8-f477-4125-8a70-784c9bff0f6e-600x400.jpg 600w\" sizes=\"(max-width: 1170px) 100vw, 1170px\" \/><\/p>\n<div class=\"_3YqMOf9R\">\n<div class=\"_3KAa4-GZ frEFeDSS\"><\/div>\n<\/div>","protected":false},"excerpt":{"rendered":"<p>Cornelia Script is a beautiful modern font that comes with 372 glyphs. It features smooth lines and characters that weld together nicely. The font has a modern calligraphy style and features beautiful swashes. It is easy to read and fun to work with. There is no doubt that you will get professional results with this [&hellip;]<\/p>\n","protected":false},"featured_media":10673,"comment_status":"open","ping_status":"closed","template":"","meta":{"site-sidebar-layout":"default","site-content-layout":"default","ast-site-content-layout":"default","site-content-style":"default","site-sidebar-style":"default","ast-global-header-display":"","ast-banner-title-visibility":"","ast-main-header-display":"","ast-hfb-above-header-display":"","ast-hfb-below-header-display":"","ast-hfb-mobile-header-display":"","site-post-title":"","ast-breadcrumbs-content":"","ast-featured-img":"","footer-sml-layout":"","ast-disable-related-posts":"","theme-transparent-header-meta":"default","adv-header-id-meta":"","stick-header-meta":"","header-above-stick-meta":"","header-main-stick-meta":"","header-below-stick-meta":"","astra-migrate-meta-layouts":"default","ast-page-background-enabled":"default","ast-page-background-meta":{"desktop":{"background-color":"","background-image":"","background-repeat":"repeat","background-position":"center center","background-size":"auto","background-attachment":"scroll","background-type":"","background-media":"","overlay-type":"","overlay-color":"","overlay-opacity":"","overlay-gradient":""},"tablet":{"background-color":"","background-image":"","background-repeat":"repeat","background-position":"center center","background-size":"auto","background-attachment":"scroll","background-type":"","background-media":"","overlay-type":"","overlay-color":"","overlay-opacity":"","overlay-gradient":""},"mobile":{"background-color":"","background-image":"","background-repeat":"repeat","background-position":"center center","background-size":"auto","background-attachment":"scroll","background-type":"","background-media":"","overlay-type":"","overlay-color":"","overlay-opacity":"","overlay-gradient":""}},"ast-content-background-meta":{"desktop":{"background-color":"var(--ast-global-color-5)","background-image":"","background-repeat":"repeat","background-position":"center center","background-size":"auto","background-attachment":"scroll","background-type":"","background-media":"","overlay-type":"","overlay-color":"","overlay-opacity":"","overlay-gradient":""},"tablet":{"background-color":"var(--ast-global-color-5)","background-image":"","background-repeat":"repeat","background-position":"center center","background-size":"auto","background-attachment":"scroll","background-type":"","background-media":"","overlay-type":"","overlay-color":"","overlay-opacity":"","overlay-gradient":""},"mobile":{"background-color":"var(--ast-global-color-5)","background-image":"","background-repeat":"repeat","background-position":"center center","background-size":"auto","background-attachment":"scroll","background-type":"","background-media":"","overlay-type":"","overlay-color":"","overlay-opacity":"","overlay-gradient":""}}},"product_brand":[],"product_cat":[187],"product_tag":[1154,1151,819,1147,734,1145,1153,1148,1085,1149,297,1146,779,1152,1150],"class_list":{"0":"post-10662","1":"product","2":"type-product","3":"status-publish","4":"has-post-thumbnail","6":"product_cat-fonts","7":"product_tag-alternateglyphs","8":"product_tag-awesomefont","9":"product_tag-beautiful","10":"product_tag-byuly","11":"product_tag-card","12":"product_tag-cornelia","13":"product_tag-designerfont","14":"product_tag-elegantscript","15":"product_tag-invitation","16":"product_tag-languagesupport","17":"product_tag-logo","18":"product_tag-modernscript","19":"product_tag-packaging","20":"product_tag-professionalfont","21":"product_tag-unicode","22":"desktop-align-left","23":"tablet-align-left","24":"mobile-align-left","26":"first","27":"instock","28":"downloadable","29":"virtual","30":"taxable","31":"purchasable","32":"product-type-simple"},"yoast_head":"<!-- This site is optimized with the Yoast SEO plugin v27.3 - https:\/\/yoast.com\/product\/yoast-seo-wordpress\/ -->\n<title>CORNELIA Modern Script - Graphimarket<\/title>\n<meta name=\"description\" content=\"Cornelia Script is a beautiful modern font that comes with 372 glyphs.It features smooth lines and characters that weld together nicely.\" \/>\n<meta name=\"robots\" content=\"index, follow, max-snippet:-1, max-image-preview:large, max-video-preview:-1\" \/>\n<link rel=\"canonical\" href=\"https:\/\/graphimarket.com\/fr\/product\/cornelia-modern-script\/\" \/>\n<meta property=\"og:locale\" content=\"fr_FR\" \/>\n<meta property=\"og:type\" content=\"article\" \/>\n<meta property=\"og:title\" content=\"CORNELIA Modern Script - Graphimarket\" \/>\n<meta property=\"og:description\" content=\"Cornelia Script is a beautiful modern font that comes with 372 glyphs.It features smooth lines and characters that weld together nicely.\" \/>\n<meta property=\"og:url\" content=\"https:\/\/graphimarket.com\/fr\/product\/cornelia-modern-script\/\" \/>\n<meta property=\"og:site_name\" content=\"Graphimarket\" \/>\n<meta property=\"article:modified_time\" content=\"2022-12-19T09:10:54+00:00\" \/>\n<meta property=\"og:image\" content=\"https:\/\/graphimarket.com\/wp-content\/uploads\/2020\/09\/3d2aea48-2577-4cc7-a5de-8d2a32be8fd2.jpg\" \/>\n\t<meta property=\"og:image:width\" content=\"1019\" \/>\n\t<meta property=\"og:image:height\" content=\"679\" \/>\n\t<meta property=\"og:image:type\" content=\"image\/jpeg\" \/>\n<meta name=\"twitter:card\" content=\"summary_large_image\" \/>\n<meta name=\"twitter:label1\" content=\"Est. reading time\" \/>\n\t<meta name=\"twitter:data1\" content=\"1 minute\" \/>\n<script type=\"application\/ld+json\" class=\"yoast-schema-graph\">{\"@context\":\"https:\\\/\\\/schema.org\",\"@graph\":[{\"@type\":\"WebPage\",\"@id\":\"https:\\\/\\\/graphimarket.com\\\/fr\\\/product\\\/cornelia-modern-script\\\/\",\"url\":\"https:\\\/\\\/graphimarket.com\\\/fr\\\/product\\\/cornelia-modern-script\\\/\",\"name\":\"CORNELIA Modern Script - Graphimarket\",\"isPartOf\":{\"@id\":\"https:\\\/\\\/graphimarket.com\\\/fr\\\/#website\"},\"primaryImageOfPage\":{\"@id\":\"https:\\\/\\\/graphimarket.com\\\/fr\\\/product\\\/cornelia-modern-script\\\/#primaryimage\"},\"image\":{\"@id\":\"https:\\\/\\\/graphimarket.com\\\/fr\\\/product\\\/cornelia-modern-script\\\/#primaryimage\"},\"thumbnailUrl\":\"https:\\\/\\\/graphimarket.com\\\/wp-content\\\/uploads\\\/2020\\\/09\\\/3d2aea48-2577-4cc7-a5de-8d2a32be8fd2.jpg\",\"datePublished\":\"2020-09-19T09:02:12+00:00\",\"dateModified\":\"2022-12-19T09:10:54+00:00\",\"description\":\"Cornelia Script is a beautiful modern font that comes with 372 glyphs.It features smooth lines and characters that weld together nicely.\",\"breadcrumb\":{\"@id\":\"https:\\\/\\\/graphimarket.com\\\/fr\\\/product\\\/cornelia-modern-script\\\/#breadcrumb\"},\"inLanguage\":\"fr-FR\",\"potentialAction\":[{\"@type\":\"ReadAction\",\"target\":[\"https:\\\/\\\/graphimarket.com\\\/fr\\\/product\\\/cornelia-modern-script\\\/\"]}]},{\"@type\":\"ImageObject\",\"inLanguage\":\"fr-FR\",\"@id\":\"https:\\\/\\\/graphimarket.com\\\/fr\\\/product\\\/cornelia-modern-script\\\/#primaryimage\",\"url\":\"https:\\\/\\\/graphimarket.com\\\/wp-content\\\/uploads\\\/2020\\\/09\\\/3d2aea48-2577-4cc7-a5de-8d2a32be8fd2.jpg\",\"contentUrl\":\"https:\\\/\\\/graphimarket.com\\\/wp-content\\\/uploads\\\/2020\\\/09\\\/3d2aea48-2577-4cc7-a5de-8d2a32be8fd2.jpg\",\"width\":1019,\"height\":679},{\"@type\":\"BreadcrumbList\",\"@id\":\"https:\\\/\\\/graphimarket.com\\\/fr\\\/product\\\/cornelia-modern-script\\\/#breadcrumb\",\"itemListElement\":[{\"@type\":\"ListItem\",\"position\":1,\"name\":\"Home\",\"item\":\"https:\\\/\\\/graphimarket.com\\\/es\\\/\"},{\"@type\":\"ListItem\",\"position\":2,\"name\":\"Store\",\"item\":\"https:\\\/\\\/graphimarket.com\\\/store\\\/\"},{\"@type\":\"ListItem\",\"position\":3,\"name\":\"CORNELIA Modern Script\"}]},{\"@type\":\"WebSite\",\"@id\":\"https:\\\/\\\/graphimarket.com\\\/fr\\\/#website\",\"url\":\"https:\\\/\\\/graphimarket.com\\\/fr\\\/\",\"name\":\"Graphimarket\",\"description\":\"Find the perfect creative asset to bring your project to life\",\"publisher\":{\"@id\":\"https:\\\/\\\/graphimarket.com\\\/fr\\\/#organization\"},\"potentialAction\":[{\"@type\":\"SearchAction\",\"target\":{\"@type\":\"EntryPoint\",\"urlTemplate\":\"https:\\\/\\\/graphimarket.com\\\/fr\\\/?s={search_term_string}\"},\"query-input\":{\"@type\":\"PropertyValueSpecification\",\"valueRequired\":true,\"valueName\":\"search_term_string\"}}],\"inLanguage\":\"fr-FR\"},{\"@type\":\"Organization\",\"@id\":\"https:\\\/\\\/graphimarket.com\\\/fr\\\/#organization\",\"name\":\"Graphimarket\",\"url\":\"https:\\\/\\\/graphimarket.com\\\/fr\\\/\",\"logo\":{\"@type\":\"ImageObject\",\"inLanguage\":\"fr-FR\",\"@id\":\"https:\\\/\\\/graphimarket.com\\\/fr\\\/#\\\/schema\\\/logo\\\/image\\\/\",\"url\":\"https:\\\/\\\/graphimarket.com\\\/wp-content\\\/uploads\\\/2020\\\/08\\\/logo-48.png\",\"contentUrl\":\"https:\\\/\\\/graphimarket.com\\\/wp-content\\\/uploads\\\/2020\\\/08\\\/logo-48.png\",\"width\":132,\"height\":48,\"caption\":\"Graphimarket\"},\"image\":{\"@id\":\"https:\\\/\\\/graphimarket.com\\\/fr\\\/#\\\/schema\\\/logo\\\/image\\\/\"}}]}<\/script>\n<!-- \/ Yoast SEO plugin. -->","yoast_head_json":{"title":"CORNELIA Modern Script - Graphimarket","description":"Cornelia Script est une belle police moderne qui comprend 372 glyphes, des lignes douces et des caract\u00e8res qui se soudent bien.","robots":{"index":"index","follow":"follow","max-snippet":"max-snippet:-1","max-image-preview":"max-image-preview:large","max-video-preview":"max-video-preview:-1"},"canonical":"https:\/\/graphimarket.com\/fr\/product\/cornelia-modern-script\/","og_locale":"fr_FR","og_type":"article","og_title":"CORNELIA Modern Script - Graphimarket","og_description":"Cornelia Script is a beautiful modern font that comes with 372 glyphs.It features smooth lines and characters that weld together nicely.","og_url":"https:\/\/graphimarket.com\/fr\/product\/cornelia-modern-script\/","og_site_name":"Graphimarket","article_modified_time":"2022-12-19T09:10:54+00:00","og_image":[{"width":1019,"height":679,"url":"https:\/\/graphimarket.com\/wp-content\/uploads\/2020\/09\/3d2aea48-2577-4cc7-a5de-8d2a32be8fd2.jpg","type":"image\/jpeg"}],"twitter_card":"summary_large_image","twitter_misc":{"Est. reading time":"1 minute"},"schema":{"@context":"https:\/\/schema.org","@graph":[{"@type":"WebPage","@id":"https:\/\/graphimarket.com\/fr\/product\/cornelia-modern-script\/","url":"https:\/\/graphimarket.com\/fr\/product\/cornelia-modern-script\/","name":"CORNELIA Modern Script - Graphimarket","isPartOf":{"@id":"https:\/\/graphimarket.com\/fr\/#website"},"primaryImageOfPage":{"@id":"https:\/\/graphimarket.com\/fr\/product\/cornelia-modern-script\/#primaryimage"},"image":{"@id":"https:\/\/graphimarket.com\/fr\/product\/cornelia-modern-script\/#primaryimage"},"thumbnailUrl":"https:\/\/graphimarket.com\/wp-content\/uploads\/2020\/09\/3d2aea48-2577-4cc7-a5de-8d2a32be8fd2.jpg","datePublished":"2020-09-19T09:02:12+00:00","dateModified":"2022-12-19T09:10:54+00:00","description":"Cornelia Script est une belle police moderne qui comprend 372 glyphes, des lignes douces et des caract\u00e8res qui se soudent bien.","breadcrumb":{"@id":"https:\/\/graphimarket.com\/fr\/product\/cornelia-modern-script\/#breadcrumb"},"inLanguage":"fr-FR","potentialAction":[{"@type":"ReadAction","target":["https:\/\/graphimarket.com\/fr\/product\/cornelia-modern-script\/"]}]},{"@type":"ImageObject","inLanguage":"fr-FR","@id":"https:\/\/graphimarket.com\/fr\/product\/cornelia-modern-script\/#primaryimage","url":"https:\/\/graphimarket.com\/wp-content\/uploads\/2020\/09\/3d2aea48-2577-4cc7-a5de-8d2a32be8fd2.jpg","contentUrl":"https:\/\/graphimarket.com\/wp-content\/uploads\/2020\/09\/3d2aea48-2577-4cc7-a5de-8d2a32be8fd2.jpg","width":1019,"height":679},{"@type":"BreadcrumbList","@id":"https:\/\/graphimarket.com\/fr\/product\/cornelia-modern-script\/#breadcrumb","itemListElement":[{"@type":"ListItem","position":1,"name":"Home","item":"https:\/\/graphimarket.com\/es\/"},{"@type":"ListItem","position":2,"name":"Store","item":"https:\/\/graphimarket.com\/store\/"},{"@type":"ListItem","position":3,"name":"CORNELIA Modern Script"}]},{"@type":"WebSite","@id":"https:\/\/graphimarket.com\/fr\/#website","url":"https:\/\/graphimarket.com\/fr\/","name":"Graphimarket","description":"Trouvez l&#039;atout cr\u00e9atif parfait pour donner vie \u00e0 votre projet","publisher":{"@id":"https:\/\/graphimarket.com\/fr\/#organization"},"potentialAction":[{"@type":"SearchAction","target":{"@type":"EntryPoint","urlTemplate":"https:\/\/graphimarket.com\/fr\/?s={search_term_string}"},"query-input":{"@type":"PropertyValueSpecification","valueRequired":true,"valueName":"search_term_string"}}],"inLanguage":"fr-FR"},{"@type":"Organization","@id":"https:\/\/graphimarket.com\/fr\/#organization","name":"Graphimarket","url":"https:\/\/graphimarket.com\/fr\/","logo":{"@type":"ImageObject","inLanguage":"fr-FR","@id":"https:\/\/graphimarket.com\/fr\/#\/schema\/logo\/image\/","url":"https:\/\/graphimarket.com\/wp-content\/uploads\/2020\/08\/logo-48.png","contentUrl":"https:\/\/graphimarket.com\/wp-content\/uploads\/2020\/08\/logo-48.png","width":132,"height":48,"caption":"Graphimarket"},"image":{"@id":"https:\/\/graphimarket.com\/fr\/#\/schema\/logo\/image\/"}}]}},"_links":{"self":[{"href":"https:\/\/graphimarket.com\/fr\/wp-json\/wp\/v2\/product\/10662","targetHints":{"allow":["GET"]}}],"collection":[{"href":"https:\/\/graphimarket.com\/fr\/wp-json\/wp\/v2\/product"}],"about":[{"href":"https:\/\/graphimarket.com\/fr\/wp-json\/wp\/v2\/types\/product"}],"replies":[{"embeddable":true,"href":"https:\/\/graphimarket.com\/fr\/wp-json\/wp\/v2\/comments?post=10662"}],"version-history":[{"count":0,"href":"https:\/\/graphimarket.com\/fr\/wp-json\/wp\/v2\/product\/10662\/revisions"}],"wp:featuredmedia":[{"embeddable":true,"href":"https:\/\/graphimarket.com\/fr\/wp-json\/wp\/v2\/media\/10673"}],"wp:attachment":[{"href":"https:\/\/graphimarket.com\/fr\/wp-json\/wp\/v2\/media?parent=10662"}],"wp:term":[{"taxonomy":"product_brand","embeddable":true,"href":"https:\/\/graphimarket.com\/fr\/wp-json\/wp\/v2\/product_brand?post=10662"},{"taxonomy":"product_cat","embeddable":true,"href":"https:\/\/graphimarket.com\/fr\/wp-json\/wp\/v2\/product_cat?post=10662"},{"taxonomy":"product_tag","embeddable":true,"href":"https:\/\/graphimarket.com\/fr\/wp-json\/wp\/v2\/product_tag?post=10662"}],"curies":[{"name":"wp","href":"https:\/\/api.w.org\/{rel}","templated":true}]}}