{"id":10676,"date":"2020-09-19T11:11:55","date_gmt":"2020-09-19T09:11:55","guid":{"rendered":"https:\/\/graphimarket.com\/?post_type=product&#038;p=10676"},"modified":"2022-12-19T10:10:39","modified_gmt":"2022-12-19T09:10:39","slug":"ripple-minimal-modern-sans-serif-typeface","status":"publish","type":"product","link":"https:\/\/graphimarket.com\/fr\/product\/ripple-minimal-modern-sans-serif-typeface\/","title":{"rendered":"RIPPLE - Police de caract\u00e8res sans empattement minimal et moderne"},"content":{"rendered":"<p>RIPPLE est une police de caract\u00e8res sans empattement minimale et moderne qui sera la mieux adapt\u00e9e pour cr\u00e9er des logotypes, des marques, des titres, des identit\u00e9s d&#039;entreprise, des supports marketing pour le Web et l&#039;impression ainsi que tout type de conceptions minimales. Veuillez consulter les graphiques de d\u00e9monstration inclus pour avoir une id\u00e9e de la capacit\u00e9 de cette police lorsqu&#039;elle est utilis\u00e9e pour la conception de mat\u00e9riel de marque et de marketing.<\/p>\n<p>La police RIPPLE est livr\u00e9e avec 6 poids: THIN \/ LIGHT \/ REGULAR \/ MEDIUM \/ BOLD \/ HEAVY ainsi que des versions italiques des 6 poids. L&#039;option de police de bureau comprend OTF et TTF. L&#039;option Web Fonts comprend les formats EOT, SVG, TTF, WOFF, WOFF2.<\/p>\n<p>CR\u00c9DITS:<\/p>\n<p>Police de caract\u00e8res produite par Fontastica et distribu\u00e9e par Designova<\/p>\n<p>&nbsp;<\/p>\n<p><img fetchpriority=\"high\" decoding=\"async\" class=\"alignnone size-medium wp-image-10677\" src=\"https:\/\/graphimarket.com\/wp-content\/uploads\/2020\/09\/ca4a55c3-052e-49bb-ad89-1cd1fe383754-300x200.jpg\" alt=\"\" width=\"300\" height=\"200\" srcset=\"https:\/\/graphimarket.com\/wp-content\/uploads\/2020\/09\/ca4a55c3-052e-49bb-ad89-1cd1fe383754-300x200.jpg 300w, https:\/\/graphimarket.com\/wp-content\/uploads\/2020\/09\/ca4a55c3-052e-49bb-ad89-1cd1fe383754-1024x683.jpg 1024w, https:\/\/graphimarket.com\/wp-content\/uploads\/2020\/09\/ca4a55c3-052e-49bb-ad89-1cd1fe383754-768x512.jpg 768w, https:\/\/graphimarket.com\/wp-content\/uploads\/2020\/09\/ca4a55c3-052e-49bb-ad89-1cd1fe383754-600x400.jpg 600w, https:\/\/graphimarket.com\/wp-content\/uploads\/2020\/09\/ca4a55c3-052e-49bb-ad89-1cd1fe383754.jpg 1170w\" sizes=\"(max-width: 300px) 100vw, 300px\" \/> <img decoding=\"async\" class=\"aligncenter wp-image-10678 size-full\" src=\"https:\/\/graphimarket.com\/wp-content\/uploads\/2020\/09\/cb36ade9-ca0c-4e82-bc03-d71772cfe8d7.jpg\" alt=\"\" width=\"1170\" height=\"780\" srcset=\"https:\/\/graphimarket.com\/wp-content\/uploads\/2020\/09\/cb36ade9-ca0c-4e82-bc03-d71772cfe8d7.jpg 1170w, https:\/\/graphimarket.com\/wp-content\/uploads\/2020\/09\/cb36ade9-ca0c-4e82-bc03-d71772cfe8d7-300x200.jpg 300w, https:\/\/graphimarket.com\/wp-content\/uploads\/2020\/09\/cb36ade9-ca0c-4e82-bc03-d71772cfe8d7-1024x683.jpg 1024w, https:\/\/graphimarket.com\/wp-content\/uploads\/2020\/09\/cb36ade9-ca0c-4e82-bc03-d71772cfe8d7-768x512.jpg 768w, https:\/\/graphimarket.com\/wp-content\/uploads\/2020\/09\/cb36ade9-ca0c-4e82-bc03-d71772cfe8d7-600x400.jpg 600w\" sizes=\"(max-width: 1170px) 100vw, 1170px\" \/> <img decoding=\"async\" class=\"aligncenter wp-image-10679 size-full\" src=\"https:\/\/graphimarket.com\/wp-content\/uploads\/2020\/09\/f06ed469-b815-4856-aea6-66d6df2b26b4.jpg\" alt=\"\" width=\"1170\" height=\"780\" srcset=\"https:\/\/graphimarket.com\/wp-content\/uploads\/2020\/09\/f06ed469-b815-4856-aea6-66d6df2b26b4.jpg 1170w, https:\/\/graphimarket.com\/wp-content\/uploads\/2020\/09\/f06ed469-b815-4856-aea6-66d6df2b26b4-300x200.jpg 300w, https:\/\/graphimarket.com\/wp-content\/uploads\/2020\/09\/f06ed469-b815-4856-aea6-66d6df2b26b4-1024x683.jpg 1024w, https:\/\/graphimarket.com\/wp-content\/uploads\/2020\/09\/f06ed469-b815-4856-aea6-66d6df2b26b4-768x512.jpg 768w, https:\/\/graphimarket.com\/wp-content\/uploads\/2020\/09\/f06ed469-b815-4856-aea6-66d6df2b26b4-600x400.jpg 600w\" sizes=\"(max-width: 1170px) 100vw, 1170px\" \/> <img loading=\"lazy\" decoding=\"async\" class=\"aligncenter wp-image-10680 size-full\" src=\"https:\/\/graphimarket.com\/wp-content\/uploads\/2020\/09\/14b4392f-697f-46c3-a074-01abee87eeab.jpg\" alt=\"\" width=\"1019\" height=\"679\" srcset=\"https:\/\/graphimarket.com\/wp-content\/uploads\/2020\/09\/14b4392f-697f-46c3-a074-01abee87eeab.jpg 1019w, https:\/\/graphimarket.com\/wp-content\/uploads\/2020\/09\/14b4392f-697f-46c3-a074-01abee87eeab-300x200.jpg 300w, https:\/\/graphimarket.com\/wp-content\/uploads\/2020\/09\/14b4392f-697f-46c3-a074-01abee87eeab-768x512.jpg 768w, https:\/\/graphimarket.com\/wp-content\/uploads\/2020\/09\/14b4392f-697f-46c3-a074-01abee87eeab-600x400.jpg 600w\" sizes=\"(max-width: 1019px) 100vw, 1019px\" \/> <img loading=\"lazy\" decoding=\"async\" class=\"aligncenter wp-image-10681 size-full\" src=\"https:\/\/graphimarket.com\/wp-content\/uploads\/2020\/09\/4a57d89d-f004-41bf-b889-7dabe9ab2f36.jpg\" alt=\"\" width=\"1170\" height=\"780\" srcset=\"https:\/\/graphimarket.com\/wp-content\/uploads\/2020\/09\/4a57d89d-f004-41bf-b889-7dabe9ab2f36.jpg 1170w, https:\/\/graphimarket.com\/wp-content\/uploads\/2020\/09\/4a57d89d-f004-41bf-b889-7dabe9ab2f36-300x200.jpg 300w, https:\/\/graphimarket.com\/wp-content\/uploads\/2020\/09\/4a57d89d-f004-41bf-b889-7dabe9ab2f36-1024x683.jpg 1024w, https:\/\/graphimarket.com\/wp-content\/uploads\/2020\/09\/4a57d89d-f004-41bf-b889-7dabe9ab2f36-768x512.jpg 768w, https:\/\/graphimarket.com\/wp-content\/uploads\/2020\/09\/4a57d89d-f004-41bf-b889-7dabe9ab2f36-600x400.jpg 600w\" sizes=\"(max-width: 1170px) 100vw, 1170px\" \/> <img loading=\"lazy\" decoding=\"async\" class=\"aligncenter wp-image-10682 size-full\" src=\"https:\/\/graphimarket.com\/wp-content\/uploads\/2020\/09\/943e3896-befa-48b1-8c7f-fbe67e4b2a6c.jpg\" alt=\"\" width=\"1170\" height=\"780\" srcset=\"https:\/\/graphimarket.com\/wp-content\/uploads\/2020\/09\/943e3896-befa-48b1-8c7f-fbe67e4b2a6c.jpg 1170w, https:\/\/graphimarket.com\/wp-content\/uploads\/2020\/09\/943e3896-befa-48b1-8c7f-fbe67e4b2a6c-300x200.jpg 300w, https:\/\/graphimarket.com\/wp-content\/uploads\/2020\/09\/943e3896-befa-48b1-8c7f-fbe67e4b2a6c-1024x683.jpg 1024w, https:\/\/graphimarket.com\/wp-content\/uploads\/2020\/09\/943e3896-befa-48b1-8c7f-fbe67e4b2a6c-768x512.jpg 768w, https:\/\/graphimarket.com\/wp-content\/uploads\/2020\/09\/943e3896-befa-48b1-8c7f-fbe67e4b2a6c-600x400.jpg 600w\" sizes=\"(max-width: 1170px) 100vw, 1170px\" \/> <img loading=\"lazy\" decoding=\"async\" class=\"aligncenter wp-image-10683 size-full\" src=\"https:\/\/graphimarket.com\/wp-content\/uploads\/2020\/09\/359120c4-82e9-4c99-962d-75db2bdfdd1f.jpg\" alt=\"\" width=\"1170\" height=\"780\" srcset=\"https:\/\/graphimarket.com\/wp-content\/uploads\/2020\/09\/359120c4-82e9-4c99-962d-75db2bdfdd1f.jpg 1170w, https:\/\/graphimarket.com\/wp-content\/uploads\/2020\/09\/359120c4-82e9-4c99-962d-75db2bdfdd1f-300x200.jpg 300w, https:\/\/graphimarket.com\/wp-content\/uploads\/2020\/09\/359120c4-82e9-4c99-962d-75db2bdfdd1f-1024x683.jpg 1024w, https:\/\/graphimarket.com\/wp-content\/uploads\/2020\/09\/359120c4-82e9-4c99-962d-75db2bdfdd1f-768x512.jpg 768w, https:\/\/graphimarket.com\/wp-content\/uploads\/2020\/09\/359120c4-82e9-4c99-962d-75db2bdfdd1f-600x400.jpg 600w\" sizes=\"(max-width: 1170px) 100vw, 1170px\" \/> <img loading=\"lazy\" decoding=\"async\" class=\"aligncenter wp-image-10684 size-full\" src=\"https:\/\/graphimarket.com\/wp-content\/uploads\/2020\/09\/a3cda230-b9b8-40ce-893a-201ca53f6056.jpg\" alt=\"\" width=\"1170\" height=\"780\" srcset=\"https:\/\/graphimarket.com\/wp-content\/uploads\/2020\/09\/a3cda230-b9b8-40ce-893a-201ca53f6056.jpg 1170w, https:\/\/graphimarket.com\/wp-content\/uploads\/2020\/09\/a3cda230-b9b8-40ce-893a-201ca53f6056-300x200.jpg 300w, https:\/\/graphimarket.com\/wp-content\/uploads\/2020\/09\/a3cda230-b9b8-40ce-893a-201ca53f6056-1024x683.jpg 1024w, https:\/\/graphimarket.com\/wp-content\/uploads\/2020\/09\/a3cda230-b9b8-40ce-893a-201ca53f6056-768x512.jpg 768w, https:\/\/graphimarket.com\/wp-content\/uploads\/2020\/09\/a3cda230-b9b8-40ce-893a-201ca53f6056-600x400.jpg 600w\" sizes=\"(max-width: 1170px) 100vw, 1170px\" \/> <img loading=\"lazy\" decoding=\"async\" class=\"aligncenter wp-image-10685 size-full\" src=\"https:\/\/graphimarket.com\/wp-content\/uploads\/2020\/09\/bccac519-2d69-47a6-9b54-7e9c5cefef31.jpg\" alt=\"\" width=\"1170\" height=\"780\" srcset=\"https:\/\/graphimarket.com\/wp-content\/uploads\/2020\/09\/bccac519-2d69-47a6-9b54-7e9c5cefef31.jpg 1170w, https:\/\/graphimarket.com\/wp-content\/uploads\/2020\/09\/bccac519-2d69-47a6-9b54-7e9c5cefef31-300x200.jpg 300w, https:\/\/graphimarket.com\/wp-content\/uploads\/2020\/09\/bccac519-2d69-47a6-9b54-7e9c5cefef31-1024x683.jpg 1024w, https:\/\/graphimarket.com\/wp-content\/uploads\/2020\/09\/bccac519-2d69-47a6-9b54-7e9c5cefef31-768x512.jpg 768w, https:\/\/graphimarket.com\/wp-content\/uploads\/2020\/09\/bccac519-2d69-47a6-9b54-7e9c5cefef31-600x400.jpg 600w\" sizes=\"(max-width: 1170px) 100vw, 1170px\" \/><\/p>\n<p>&nbsp;<\/p>","protected":false},"excerpt":{"rendered":"<p>RIPPLE is a minimal &amp; modern Sans Serif typeface that will be best suited for creating logotypes, branding, headlines, corporate identities, marketing materials for web &amp; print as well as any type of minimal designs. Please see the included demo graphics to get an idea about the capability of this typeface when used for branding [&hellip;]<\/p>\n","protected":false},"featured_media":10680,"comment_status":"open","ping_status":"closed","template":"","meta":{"site-sidebar-layout":"default","site-content-layout":"default","ast-site-content-layout":"default","site-content-style":"default","site-sidebar-style":"default","ast-global-header-display":"","ast-banner-title-visibility":"","ast-main-header-display":"","ast-hfb-above-header-display":"","ast-hfb-below-header-display":"","ast-hfb-mobile-header-display":"","site-post-title":"","ast-breadcrumbs-content":"","ast-featured-img":"","footer-sml-layout":"","ast-disable-related-posts":"","theme-transparent-header-meta":"default","adv-header-id-meta":"","stick-header-meta":"","header-above-stick-meta":"","header-main-stick-meta":"","header-below-stick-meta":"","astra-migrate-meta-layouts":"default","ast-page-background-enabled":"default","ast-page-background-meta":{"desktop":{"background-color":"","background-image":"","background-repeat":"repeat","background-position":"center center","background-size":"auto","background-attachment":"scroll","background-type":"","background-media":"","overlay-type":"","overlay-color":"","overlay-opacity":"","overlay-gradient":""},"tablet":{"background-color":"","background-image":"","background-repeat":"repeat","background-position":"center center","background-size":"auto","background-attachment":"scroll","background-type":"","background-media":"","overlay-type":"","overlay-color":"","overlay-opacity":"","overlay-gradient":""},"mobile":{"background-color":"","background-image":"","background-repeat":"repeat","background-position":"center center","background-size":"auto","background-attachment":"scroll","background-type":"","background-media":"","overlay-type":"","overlay-color":"","overlay-opacity":"","overlay-gradient":""}},"ast-content-background-meta":{"desktop":{"background-color":"var(--ast-global-color-5)","background-image":"","background-repeat":"repeat","background-position":"center center","background-size":"auto","background-attachment":"scroll","background-type":"","background-media":"","overlay-type":"","overlay-color":"","overlay-opacity":"","overlay-gradient":""},"tablet":{"background-color":"var(--ast-global-color-5)","background-image":"","background-repeat":"repeat","background-position":"center center","background-size":"auto","background-attachment":"scroll","background-type":"","background-media":"","overlay-type":"","overlay-color":"","overlay-opacity":"","overlay-gradient":""},"mobile":{"background-color":"var(--ast-global-color-5)","background-image":"","background-repeat":"repeat","background-position":"center center","background-size":"auto","background-attachment":"scroll","background-type":"","background-media":"","overlay-type":"","overlay-color":"","overlay-opacity":"","overlay-gradient":""}}},"product_brand":[],"product_cat":[187],"product_tag":[702,345,848,577,1162,1157,1158,1075,1160,735,262,1159,1161,1156,1155],"class_list":{"0":"post-10676","1":"product","2":"type-product","3":"status-publish","4":"has-post-thumbnail","6":"product_cat-fonts","7":"product_tag-branding","8":"product_tag-clean","9":"product_tag-custom","10":"product_tag-display","11":"product_tag-identities","12":"product_tag-logodesign","13":"product_tag-logofont","14":"product_tag-logotype","15":"product_tag-marketing","16":"product_tag-minimal","17":"product_tag-modern","18":"product_tag-popular","19":"product_tag-promo","20":"product_tag-sansserif","21":"product_tag-trending","22":"desktop-align-left","23":"tablet-align-left","24":"mobile-align-left","26":"first","27":"instock","28":"downloadable","29":"virtual","30":"taxable","31":"purchasable","32":"product-type-simple"},"yoast_head":"<!-- This site is optimized with the Yoast SEO plugin v27.3 - https:\/\/yoast.com\/product\/yoast-seo-wordpress\/ -->\n<title>RIPPLE - Minimal &amp; Modern Sans-Serif Typeface - Graphimarket<\/title>\n<meta name=\"description\" content=\"RIPPLE is a minimal &amp; modern Sans Serif typeface that will be best suited for creating logotypes, branding, headlines, corporate identities\" \/>\n<meta name=\"robots\" content=\"index, follow, max-snippet:-1, max-image-preview:large, max-video-preview:-1\" \/>\n<link rel=\"canonical\" href=\"https:\/\/graphimarket.com\/fr\/product\/ripple-minimal-modern-sans-serif-typeface\/\" \/>\n<meta property=\"og:locale\" content=\"fr_FR\" \/>\n<meta property=\"og:type\" content=\"article\" \/>\n<meta property=\"og:title\" content=\"RIPPLE - Minimal &amp; Modern Sans-Serif Typeface - Graphimarket\" \/>\n<meta property=\"og:description\" content=\"RIPPLE is a minimal &amp; modern Sans Serif typeface that will be best suited for creating logotypes, branding, headlines, corporate identities\" \/>\n<meta property=\"og:url\" content=\"https:\/\/graphimarket.com\/fr\/product\/ripple-minimal-modern-sans-serif-typeface\/\" \/>\n<meta property=\"og:site_name\" content=\"Graphimarket\" \/>\n<meta property=\"article:modified_time\" content=\"2022-12-19T09:10:39+00:00\" \/>\n<meta property=\"og:image\" content=\"https:\/\/graphimarket.com\/wp-content\/uploads\/2020\/09\/14b4392f-697f-46c3-a074-01abee87eeab.jpg\" \/>\n\t<meta property=\"og:image:width\" content=\"1019\" \/>\n\t<meta property=\"og:image:height\" content=\"679\" \/>\n\t<meta property=\"og:image:type\" content=\"image\/jpeg\" \/>\n<meta name=\"twitter:card\" content=\"summary_large_image\" \/>\n<meta name=\"twitter:label1\" content=\"Est. reading time\" \/>\n\t<meta name=\"twitter:data1\" content=\"1 minute\" \/>\n<script type=\"application\/ld+json\" class=\"yoast-schema-graph\">{\"@context\":\"https:\\\/\\\/schema.org\",\"@graph\":[{\"@type\":\"WebPage\",\"@id\":\"https:\\\/\\\/graphimarket.com\\\/product\\\/ripple-minimal-modern-sans-serif-typeface\\\/\",\"url\":\"https:\\\/\\\/graphimarket.com\\\/product\\\/ripple-minimal-modern-sans-serif-typeface\\\/\",\"name\":\"RIPPLE - Minimal & Modern Sans-Serif Typeface - Graphimarket\",\"isPartOf\":{\"@id\":\"https:\\\/\\\/graphimarket.com\\\/fr\\\/#website\"},\"primaryImageOfPage\":{\"@id\":\"https:\\\/\\\/graphimarket.com\\\/product\\\/ripple-minimal-modern-sans-serif-typeface\\\/#primaryimage\"},\"image\":{\"@id\":\"https:\\\/\\\/graphimarket.com\\\/product\\\/ripple-minimal-modern-sans-serif-typeface\\\/#primaryimage\"},\"thumbnailUrl\":\"https:\\\/\\\/graphimarket.com\\\/wp-content\\\/uploads\\\/2020\\\/09\\\/14b4392f-697f-46c3-a074-01abee87eeab.jpg\",\"datePublished\":\"2020-09-19T09:11:55+00:00\",\"dateModified\":\"2022-12-19T09:10:39+00:00\",\"description\":\"RIPPLE is a minimal & modern Sans Serif typeface that will be best suited for creating logotypes, branding, headlines, corporate identities\",\"breadcrumb\":{\"@id\":\"https:\\\/\\\/graphimarket.com\\\/product\\\/ripple-minimal-modern-sans-serif-typeface\\\/#breadcrumb\"},\"inLanguage\":\"fr-FR\",\"potentialAction\":[{\"@type\":\"ReadAction\",\"target\":[\"https:\\\/\\\/graphimarket.com\\\/product\\\/ripple-minimal-modern-sans-serif-typeface\\\/\"]}]},{\"@type\":\"ImageObject\",\"inLanguage\":\"fr-FR\",\"@id\":\"https:\\\/\\\/graphimarket.com\\\/product\\\/ripple-minimal-modern-sans-serif-typeface\\\/#primaryimage\",\"url\":\"https:\\\/\\\/graphimarket.com\\\/wp-content\\\/uploads\\\/2020\\\/09\\\/14b4392f-697f-46c3-a074-01abee87eeab.jpg\",\"contentUrl\":\"https:\\\/\\\/graphimarket.com\\\/wp-content\\\/uploads\\\/2020\\\/09\\\/14b4392f-697f-46c3-a074-01abee87eeab.jpg\",\"width\":1019,\"height\":679},{\"@type\":\"BreadcrumbList\",\"@id\":\"https:\\\/\\\/graphimarket.com\\\/product\\\/ripple-minimal-modern-sans-serif-typeface\\\/#breadcrumb\",\"itemListElement\":[{\"@type\":\"ListItem\",\"position\":1,\"name\":\"Home\",\"item\":\"https:\\\/\\\/graphimarket.com\\\/es\\\/\"},{\"@type\":\"ListItem\",\"position\":2,\"name\":\"Store\",\"item\":\"https:\\\/\\\/graphimarket.com\\\/store\\\/\"},{\"@type\":\"ListItem\",\"position\":3,\"name\":\"RIPPLE &#8211; Minimal &#038; Modern Sans-Serif Typeface\"}]},{\"@type\":\"WebSite\",\"@id\":\"https:\\\/\\\/graphimarket.com\\\/fr\\\/#website\",\"url\":\"https:\\\/\\\/graphimarket.com\\\/fr\\\/\",\"name\":\"Graphimarket\",\"description\":\"Find the perfect creative asset to bring your project to life\",\"publisher\":{\"@id\":\"https:\\\/\\\/graphimarket.com\\\/fr\\\/#organization\"},\"potentialAction\":[{\"@type\":\"SearchAction\",\"target\":{\"@type\":\"EntryPoint\",\"urlTemplate\":\"https:\\\/\\\/graphimarket.com\\\/fr\\\/?s={search_term_string}\"},\"query-input\":{\"@type\":\"PropertyValueSpecification\",\"valueRequired\":true,\"valueName\":\"search_term_string\"}}],\"inLanguage\":\"fr-FR\"},{\"@type\":\"Organization\",\"@id\":\"https:\\\/\\\/graphimarket.com\\\/fr\\\/#organization\",\"name\":\"Graphimarket\",\"url\":\"https:\\\/\\\/graphimarket.com\\\/fr\\\/\",\"logo\":{\"@type\":\"ImageObject\",\"inLanguage\":\"fr-FR\",\"@id\":\"https:\\\/\\\/graphimarket.com\\\/fr\\\/#\\\/schema\\\/logo\\\/image\\\/\",\"url\":\"https:\\\/\\\/graphimarket.com\\\/wp-content\\\/uploads\\\/2020\\\/08\\\/logo-48.png\",\"contentUrl\":\"https:\\\/\\\/graphimarket.com\\\/wp-content\\\/uploads\\\/2020\\\/08\\\/logo-48.png\",\"width\":132,\"height\":48,\"caption\":\"Graphimarket\"},\"image\":{\"@id\":\"https:\\\/\\\/graphimarket.com\\\/fr\\\/#\\\/schema\\\/logo\\\/image\\\/\"}}]}<\/script>\n<!-- \/ Yoast SEO plugin. -->","yoast_head_json":{"title":"RIPPLE - Police de caract\u00e8res sans empattement minimal et moderne - Graphimarket","description":"RIPPLE est une police de caract\u00e8res sans empattement minimale et moderne qui sera la mieux adapt\u00e9e pour cr\u00e9er des logotypes, des marques, des titres, des identit\u00e9s d&#039;entreprise","robots":{"index":"index","follow":"follow","max-snippet":"max-snippet:-1","max-image-preview":"max-image-preview:large","max-video-preview":"max-video-preview:-1"},"canonical":"https:\/\/graphimarket.com\/fr\/product\/ripple-minimal-modern-sans-serif-typeface\/","og_locale":"fr_FR","og_type":"article","og_title":"RIPPLE - Minimal & Modern Sans-Serif Typeface - Graphimarket","og_description":"RIPPLE is a minimal & modern Sans Serif typeface that will be best suited for creating logotypes, branding, headlines, corporate identities","og_url":"https:\/\/graphimarket.com\/fr\/product\/ripple-minimal-modern-sans-serif-typeface\/","og_site_name":"Graphimarket","article_modified_time":"2022-12-19T09:10:39+00:00","og_image":[{"width":1019,"height":679,"url":"https:\/\/graphimarket.com\/wp-content\/uploads\/2020\/09\/14b4392f-697f-46c3-a074-01abee87eeab.jpg","type":"image\/jpeg"}],"twitter_card":"summary_large_image","twitter_misc":{"Est. reading time":"1 minute"},"schema":{"@context":"https:\/\/schema.org","@graph":[{"@type":"WebPage","@id":"https:\/\/graphimarket.com\/product\/ripple-minimal-modern-sans-serif-typeface\/","url":"https:\/\/graphimarket.com\/product\/ripple-minimal-modern-sans-serif-typeface\/","name":"RIPPLE - Police de caract\u00e8res sans empattement minimal et moderne - Graphimarket","isPartOf":{"@id":"https:\/\/graphimarket.com\/fr\/#website"},"primaryImageOfPage":{"@id":"https:\/\/graphimarket.com\/product\/ripple-minimal-modern-sans-serif-typeface\/#primaryimage"},"image":{"@id":"https:\/\/graphimarket.com\/product\/ripple-minimal-modern-sans-serif-typeface\/#primaryimage"},"thumbnailUrl":"https:\/\/graphimarket.com\/wp-content\/uploads\/2020\/09\/14b4392f-697f-46c3-a074-01abee87eeab.jpg","datePublished":"2020-09-19T09:11:55+00:00","dateModified":"2022-12-19T09:10:39+00:00","description":"RIPPLE est une police de caract\u00e8res sans empattement minimale et moderne qui sera la mieux adapt\u00e9e pour cr\u00e9er des logotypes, des marques, des titres, des identit\u00e9s d&#039;entreprise","breadcrumb":{"@id":"https:\/\/graphimarket.com\/product\/ripple-minimal-modern-sans-serif-typeface\/#breadcrumb"},"inLanguage":"fr-FR","potentialAction":[{"@type":"ReadAction","target":["https:\/\/graphimarket.com\/product\/ripple-minimal-modern-sans-serif-typeface\/"]}]},{"@type":"ImageObject","inLanguage":"fr-FR","@id":"https:\/\/graphimarket.com\/product\/ripple-minimal-modern-sans-serif-typeface\/#primaryimage","url":"https:\/\/graphimarket.com\/wp-content\/uploads\/2020\/09\/14b4392f-697f-46c3-a074-01abee87eeab.jpg","contentUrl":"https:\/\/graphimarket.com\/wp-content\/uploads\/2020\/09\/14b4392f-697f-46c3-a074-01abee87eeab.jpg","width":1019,"height":679},{"@type":"BreadcrumbList","@id":"https:\/\/graphimarket.com\/product\/ripple-minimal-modern-sans-serif-typeface\/#breadcrumb","itemListElement":[{"@type":"ListItem","position":1,"name":"Home","item":"https:\/\/graphimarket.com\/es\/"},{"@type":"ListItem","position":2,"name":"Store","item":"https:\/\/graphimarket.com\/store\/"},{"@type":"ListItem","position":3,"name":"RIPPLE &#8211; Minimal &#038; Modern Sans-Serif Typeface"}]},{"@type":"WebSite","@id":"https:\/\/graphimarket.com\/fr\/#website","url":"https:\/\/graphimarket.com\/fr\/","name":"Graphimarket","description":"Trouvez l&#039;atout cr\u00e9atif parfait pour donner vie \u00e0 votre projet","publisher":{"@id":"https:\/\/graphimarket.com\/fr\/#organization"},"potentialAction":[{"@type":"SearchAction","target":{"@type":"EntryPoint","urlTemplate":"https:\/\/graphimarket.com\/fr\/?s={search_term_string}"},"query-input":{"@type":"PropertyValueSpecification","valueRequired":true,"valueName":"search_term_string"}}],"inLanguage":"fr-FR"},{"@type":"Organization","@id":"https:\/\/graphimarket.com\/fr\/#organization","name":"Graphimarket","url":"https:\/\/graphimarket.com\/fr\/","logo":{"@type":"ImageObject","inLanguage":"fr-FR","@id":"https:\/\/graphimarket.com\/fr\/#\/schema\/logo\/image\/","url":"https:\/\/graphimarket.com\/wp-content\/uploads\/2020\/08\/logo-48.png","contentUrl":"https:\/\/graphimarket.com\/wp-content\/uploads\/2020\/08\/logo-48.png","width":132,"height":48,"caption":"Graphimarket"},"image":{"@id":"https:\/\/graphimarket.com\/fr\/#\/schema\/logo\/image\/"}}]}},"_links":{"self":[{"href":"https:\/\/graphimarket.com\/fr\/wp-json\/wp\/v2\/product\/10676","targetHints":{"allow":["GET"]}}],"collection":[{"href":"https:\/\/graphimarket.com\/fr\/wp-json\/wp\/v2\/product"}],"about":[{"href":"https:\/\/graphimarket.com\/fr\/wp-json\/wp\/v2\/types\/product"}],"replies":[{"embeddable":true,"href":"https:\/\/graphimarket.com\/fr\/wp-json\/wp\/v2\/comments?post=10676"}],"version-history":[{"count":0,"href":"https:\/\/graphimarket.com\/fr\/wp-json\/wp\/v2\/product\/10676\/revisions"}],"wp:featuredmedia":[{"embeddable":true,"href":"https:\/\/graphimarket.com\/fr\/wp-json\/wp\/v2\/media\/10680"}],"wp:attachment":[{"href":"https:\/\/graphimarket.com\/fr\/wp-json\/wp\/v2\/media?parent=10676"}],"wp:term":[{"taxonomy":"product_brand","embeddable":true,"href":"https:\/\/graphimarket.com\/fr\/wp-json\/wp\/v2\/product_brand?post=10676"},{"taxonomy":"product_cat","embeddable":true,"href":"https:\/\/graphimarket.com\/fr\/wp-json\/wp\/v2\/product_cat?post=10676"},{"taxonomy":"product_tag","embeddable":true,"href":"https:\/\/graphimarket.com\/fr\/wp-json\/wp\/v2\/product_tag?post=10676"}],"curies":[{"name":"wp","href":"https:\/\/api.w.org\/{rel}","templated":true}]}}