{"id":10688,"date":"2020-09-19T11:19:06","date_gmt":"2020-09-19T09:19:06","guid":{"rendered":"https:\/\/graphimarket.com\/?post_type=product&#038;p=10688"},"modified":"2022-12-19T10:10:29","modified_gmt":"2022-12-19T09:10:29","slug":"blackwing-custom-brush-lettering-script-font","status":"publish","type":"product","link":"https:\/\/graphimarket.com\/fr\/product\/blackwing-custom-brush-lettering-script-font\/","title":{"rendered":"Blackwing | Police de script de lettrage de brosse personnalis\u00e9e"},"content":{"rendered":"<div class=\"_2Masz2rr\">\n<p><strong>Blackwing | Police de script de lettrage de brosse personnalis\u00e9e<\/strong>\u00a0avec un style de calligraphie, si beau sur invitation comme des cartes de voeux, du mat\u00e9riel de marque, des cartes de visite, des citations, des affiches et plus encore!<\/p>\n<p>Les caract\u00e8res alternatifs ont \u00e9t\u00e9 divis\u00e9s en plusieurs fonctionnalit\u00e9s de type ouvert telles que les ensembles stylistiques, les alternatives stylistiques, les alternatives contextuelles, SWASH et la ligature. Les fonctionnalit\u00e9s Open Type sont accessibles \u00e0 l&#039;aide de programmes avertis Open Type tels qu&#039;Adobe Illustrator, Adobe InDesign, Adobe Photoshop Corel Draw X version et Microsoft Word. Et cette police a donn\u00e9 PUA unicode (polices sp\u00e9cialement cod\u00e9es). afin que tous les caract\u00e8res alternatifs soient facilement accessibles dans leur int\u00e9gralit\u00e9<\/p>\n<p>Ce qui est inclu :<\/p>\n<ul>\n<li><strong>Blackwing | Police de script de lettrage de brosse personnalis\u00e9e<\/strong>\u00a0OTF et TTF<\/li>\n<li>Des tonnes de glyphes<\/li>\n<li>Alternatifs et ligatures<\/li>\n<li>Fonctionnel<\/li>\n<li>Fonctionne sur PC et Mac<\/li>\n<li><strong>Caract\u00e8res cod\u00e9s PUA<\/strong>\u00a0- Enti\u00e8rement accessible sans logiciel de conception suppl\u00e9mentaire.<\/li>\n<li>Installations simples<\/li>\n<li>Accessible dans Adobe Illustrator, Adobe Photoshop, Adobe InDesign, fonctionne m\u00eame sur Microsoft Word.<\/li>\n<li>Les polices comprennent\u00a0<strong>Support multilingue<\/strong><\/li>\n<\/ul>\n<p>Merci beaucoup d&#039;avoir regard\u00e9 et s&#039;il vous pla\u00eet dites-moi si vous avez des questions, j&#039;esp\u00e8re que vous aimez notre article \ud83d\ude42<\/p>\n<\/div>\n<div class=\"_3KAa4-GZ frEFeDSS\"><\/div>\n<div><\/div>\n<div><img fetchpriority=\"high\" decoding=\"async\" class=\"aligncenter wp-image-10690 size-full\" src=\"https:\/\/graphimarket.com\/wp-content\/uploads\/2020\/09\/941d7225-c4e4-4bae-863d-57b52a90c022.jpg\" alt=\"\" width=\"1170\" height=\"750\" srcset=\"https:\/\/graphimarket.com\/wp-content\/uploads\/2020\/09\/941d7225-c4e4-4bae-863d-57b52a90c022.jpg 1170w, https:\/\/graphimarket.com\/wp-content\/uploads\/2020\/09\/941d7225-c4e4-4bae-863d-57b52a90c022-300x192.jpg 300w, https:\/\/graphimarket.com\/wp-content\/uploads\/2020\/09\/941d7225-c4e4-4bae-863d-57b52a90c022-1024x656.jpg 1024w, https:\/\/graphimarket.com\/wp-content\/uploads\/2020\/09\/941d7225-c4e4-4bae-863d-57b52a90c022-768x492.jpg 768w, https:\/\/graphimarket.com\/wp-content\/uploads\/2020\/09\/941d7225-c4e4-4bae-863d-57b52a90c022-600x385.jpg 600w\" sizes=\"(max-width: 1170px) 100vw, 1170px\" \/> <img decoding=\"async\" class=\"aligncenter wp-image-10691 size-full\" src=\"https:\/\/graphimarket.com\/wp-content\/uploads\/2020\/09\/ce9bda28-3ba4-4d49-9bd4-3bca25fc74cf.jpg\" alt=\"\" width=\"1170\" height=\"750\" srcset=\"https:\/\/graphimarket.com\/wp-content\/uploads\/2020\/09\/ce9bda28-3ba4-4d49-9bd4-3bca25fc74cf.jpg 1170w, https:\/\/graphimarket.com\/wp-content\/uploads\/2020\/09\/ce9bda28-3ba4-4d49-9bd4-3bca25fc74cf-300x192.jpg 300w, https:\/\/graphimarket.com\/wp-content\/uploads\/2020\/09\/ce9bda28-3ba4-4d49-9bd4-3bca25fc74cf-1024x656.jpg 1024w, https:\/\/graphimarket.com\/wp-content\/uploads\/2020\/09\/ce9bda28-3ba4-4d49-9bd4-3bca25fc74cf-768x492.jpg 768w, https:\/\/graphimarket.com\/wp-content\/uploads\/2020\/09\/ce9bda28-3ba4-4d49-9bd4-3bca25fc74cf-600x385.jpg 600w\" sizes=\"(max-width: 1170px) 100vw, 1170px\" \/> <img decoding=\"async\" class=\"aligncenter wp-image-10692 size-full\" src=\"https:\/\/graphimarket.com\/wp-content\/uploads\/2020\/09\/76ac6ceb-2733-4293-b11d-3a7e3c5bd26c.jpg\" alt=\"\" width=\"1170\" height=\"750\" srcset=\"https:\/\/graphimarket.com\/wp-content\/uploads\/2020\/09\/76ac6ceb-2733-4293-b11d-3a7e3c5bd26c.jpg 1170w, https:\/\/graphimarket.com\/wp-content\/uploads\/2020\/09\/76ac6ceb-2733-4293-b11d-3a7e3c5bd26c-300x192.jpg 300w, https:\/\/graphimarket.com\/wp-content\/uploads\/2020\/09\/76ac6ceb-2733-4293-b11d-3a7e3c5bd26c-1024x656.jpg 1024w, https:\/\/graphimarket.com\/wp-content\/uploads\/2020\/09\/76ac6ceb-2733-4293-b11d-3a7e3c5bd26c-768x492.jpg 768w, https:\/\/graphimarket.com\/wp-content\/uploads\/2020\/09\/76ac6ceb-2733-4293-b11d-3a7e3c5bd26c-600x385.jpg 600w\" sizes=\"(max-width: 1170px) 100vw, 1170px\" \/> <img loading=\"lazy\" decoding=\"async\" class=\"aligncenter wp-image-10693 size-full\" src=\"https:\/\/graphimarket.com\/wp-content\/uploads\/2020\/09\/4f84bcff-dad7-44f3-852b-fbc71fdc616e.jpg\" alt=\"\" width=\"1170\" height=\"750\" srcset=\"https:\/\/graphimarket.com\/wp-content\/uploads\/2020\/09\/4f84bcff-dad7-44f3-852b-fbc71fdc616e.jpg 1170w, https:\/\/graphimarket.com\/wp-content\/uploads\/2020\/09\/4f84bcff-dad7-44f3-852b-fbc71fdc616e-300x192.jpg 300w, https:\/\/graphimarket.com\/wp-content\/uploads\/2020\/09\/4f84bcff-dad7-44f3-852b-fbc71fdc616e-1024x656.jpg 1024w, https:\/\/graphimarket.com\/wp-content\/uploads\/2020\/09\/4f84bcff-dad7-44f3-852b-fbc71fdc616e-768x492.jpg 768w, https:\/\/graphimarket.com\/wp-content\/uploads\/2020\/09\/4f84bcff-dad7-44f3-852b-fbc71fdc616e-600x385.jpg 600w\" sizes=\"(max-width: 1170px) 100vw, 1170px\" \/><\/div>","protected":false},"excerpt":{"rendered":"<p>Blackwing | Custom Brush Lettering Script Font\u00a0with a calligraphy style, So beautiful on invitation like greeting cards, branding materials, business cards, quotes, posters, and more! The alternative characters were divided into several Open Type features such as Stylistic Sets, Stylistic Alternates, Contextual Alternate, SWASH and Ligature. The Open Type features can be accessed by using [&hellip;]<\/p>\n","protected":false},"featured_media":10694,"comment_status":"open","ping_status":"closed","template":"","meta":{"site-sidebar-layout":"default","site-content-layout":"default","ast-site-content-layout":"default","site-content-style":"default","site-sidebar-style":"default","ast-global-header-display":"","ast-banner-title-visibility":"","ast-main-header-display":"","ast-hfb-above-header-display":"","ast-hfb-below-header-display":"","ast-hfb-mobile-header-display":"","site-post-title":"","ast-breadcrumbs-content":"","ast-featured-img":"","footer-sml-layout":"","ast-disable-related-posts":"","theme-transparent-header-meta":"default","adv-header-id-meta":"","stick-header-meta":"","header-above-stick-meta":"","header-main-stick-meta":"","header-below-stick-meta":"","astra-migrate-meta-layouts":"default","ast-page-background-enabled":"default","ast-page-background-meta":{"desktop":{"background-color":"","background-image":"","background-repeat":"repeat","background-position":"center center","background-size":"auto","background-attachment":"scroll","background-type":"","background-media":"","overlay-type":"","overlay-color":"","overlay-opacity":"","overlay-gradient":""},"tablet":{"background-color":"","background-image":"","background-repeat":"repeat","background-position":"center center","background-size":"auto","background-attachment":"scroll","background-type":"","background-media":"","overlay-type":"","overlay-color":"","overlay-opacity":"","overlay-gradient":""},"mobile":{"background-color":"","background-image":"","background-repeat":"repeat","background-position":"center center","background-size":"auto","background-attachment":"scroll","background-type":"","background-media":"","overlay-type":"","overlay-color":"","overlay-opacity":"","overlay-gradient":""}},"ast-content-background-meta":{"desktop":{"background-color":"var(--ast-global-color-5)","background-image":"","background-repeat":"repeat","background-position":"center center","background-size":"auto","background-attachment":"scroll","background-type":"","background-media":"","overlay-type":"","overlay-color":"","overlay-opacity":"","overlay-gradient":""},"tablet":{"background-color":"var(--ast-global-color-5)","background-image":"","background-repeat":"repeat","background-position":"center center","background-size":"auto","background-attachment":"scroll","background-type":"","background-media":"","overlay-type":"","overlay-color":"","overlay-opacity":"","overlay-gradient":""},"mobile":{"background-color":"var(--ast-global-color-5)","background-image":"","background-repeat":"repeat","background-position":"center center","background-size":"auto","background-attachment":"scroll","background-type":"","background-media":"","overlay-type":"","overlay-color":"","overlay-opacity":"","overlay-gradient":""}}},"product_brand":[],"product_cat":[187],"product_tag":[1163,977,466,389,1076,848,1165,1164,1099,278,296,1073,294,1079,230],"class_list":{"0":"post-10688","1":"product","2":"type-product","3":"status-publish","4":"has-post-thumbnail","6":"product_cat-fonts","7":"product_tag-alphabet","8":"product_tag-banner","9":"product_tag-black","10":"product_tag-brush","11":"product_tag-calligraphy","12":"product_tag-custom","13":"product_tag-grafity","14":"product_tag-grapic","15":"product_tag-handwritten","16":"product_tag-illustration","17":"product_tag-lettering","18":"product_tag-script","19":"product_tag-text","20":"product_tag-typeface","21":"product_tag-vector","22":"desktop-align-left","23":"tablet-align-left","24":"mobile-align-left","26":"first","27":"instock","28":"downloadable","29":"virtual","30":"taxable","31":"purchasable","32":"product-type-simple"},"yoast_head":"<!-- This site is optimized with the Yoast SEO plugin v27.3 - https:\/\/yoast.com\/product\/yoast-seo-wordpress\/ -->\n<title>Blackwing | Custom Brush Lettering Script Font - Graphimarket<\/title>\n<meta name=\"description\" content=\"Blackwing | Custom Brush Lettering Script Font\u00a0with a calligraphy style, So beautiful on invitation like greeting cards, branding materials,\" \/>\n<meta name=\"robots\" content=\"index, follow, max-snippet:-1, max-image-preview:large, max-video-preview:-1\" \/>\n<link rel=\"canonical\" href=\"http:\/\/graphimarket.com\/fr\/product\/blackwing-custom-brush-lettering-script-font\/\" \/>\n<meta property=\"og:locale\" content=\"fr_FR\" \/>\n<meta property=\"og:type\" content=\"article\" \/>\n<meta property=\"og:title\" content=\"Blackwing | Custom Brush Lettering Script Font - Graphimarket\" \/>\n<meta property=\"og:description\" content=\"Blackwing | Custom Brush Lettering Script Font\u00a0with a calligraphy style, So beautiful on invitation like greeting cards, branding materials,\" \/>\n<meta property=\"og:url\" content=\"http:\/\/graphimarket.com\/fr\/product\/blackwing-custom-brush-lettering-script-font\/\" \/>\n<meta property=\"og:site_name\" content=\"Graphimarket\" \/>\n<meta property=\"article:modified_time\" content=\"2022-12-19T09:10:29+00:00\" \/>\n<meta property=\"og:image\" content=\"https:\/\/graphimarket.com\/wp-content\/uploads\/2020\/09\/4254f03a-7302-4a85-b5a1-9505fab179c3.jpg\" \/>\n\t<meta property=\"og:image:width\" content=\"1019\" \/>\n\t<meta property=\"og:image:height\" content=\"679\" \/>\n\t<meta property=\"og:image:type\" content=\"image\/jpeg\" \/>\n<meta name=\"twitter:card\" content=\"summary_large_image\" \/>\n<meta name=\"twitter:label1\" content=\"Est. reading time\" \/>\n\t<meta name=\"twitter:data1\" content=\"1 minute\" \/>\n<script type=\"application\/ld+json\" class=\"yoast-schema-graph\">{\"@context\":\"https:\\\/\\\/schema.org\",\"@graph\":[{\"@type\":\"WebPage\",\"@id\":\"http:\\\/\\\/graphimarket.com\\\/es\\\/product\\\/blackwing-custom-brush-lettering-script-font\\\/\",\"url\":\"http:\\\/\\\/graphimarket.com\\\/es\\\/product\\\/blackwing-custom-brush-lettering-script-font\\\/\",\"name\":\"Blackwing | Custom Brush Lettering Script Font - Graphimarket\",\"isPartOf\":{\"@id\":\"https:\\\/\\\/graphimarket.com\\\/fr\\\/#website\"},\"primaryImageOfPage\":{\"@id\":\"http:\\\/\\\/graphimarket.com\\\/es\\\/product\\\/blackwing-custom-brush-lettering-script-font\\\/#primaryimage\"},\"image\":{\"@id\":\"http:\\\/\\\/graphimarket.com\\\/es\\\/product\\\/blackwing-custom-brush-lettering-script-font\\\/#primaryimage\"},\"thumbnailUrl\":\"https:\\\/\\\/graphimarket.com\\\/wp-content\\\/uploads\\\/2020\\\/09\\\/4254f03a-7302-4a85-b5a1-9505fab179c3.jpg\",\"datePublished\":\"2020-09-19T09:19:06+00:00\",\"dateModified\":\"2022-12-19T09:10:29+00:00\",\"description\":\"Blackwing | Custom Brush Lettering Script Font\u00a0with a calligraphy style, So beautiful on invitation like greeting cards, branding materials,\",\"breadcrumb\":{\"@id\":\"http:\\\/\\\/graphimarket.com\\\/es\\\/product\\\/blackwing-custom-brush-lettering-script-font\\\/#breadcrumb\"},\"inLanguage\":\"fr-FR\",\"potentialAction\":[{\"@type\":\"ReadAction\",\"target\":[\"http:\\\/\\\/graphimarket.com\\\/es\\\/product\\\/blackwing-custom-brush-lettering-script-font\\\/\"]}]},{\"@type\":\"ImageObject\",\"inLanguage\":\"fr-FR\",\"@id\":\"http:\\\/\\\/graphimarket.com\\\/es\\\/product\\\/blackwing-custom-brush-lettering-script-font\\\/#primaryimage\",\"url\":\"https:\\\/\\\/graphimarket.com\\\/wp-content\\\/uploads\\\/2020\\\/09\\\/4254f03a-7302-4a85-b5a1-9505fab179c3.jpg\",\"contentUrl\":\"https:\\\/\\\/graphimarket.com\\\/wp-content\\\/uploads\\\/2020\\\/09\\\/4254f03a-7302-4a85-b5a1-9505fab179c3.jpg\",\"width\":1019,\"height\":679},{\"@type\":\"BreadcrumbList\",\"@id\":\"http:\\\/\\\/graphimarket.com\\\/es\\\/product\\\/blackwing-custom-brush-lettering-script-font\\\/#breadcrumb\",\"itemListElement\":[{\"@type\":\"ListItem\",\"position\":1,\"name\":\"Home\",\"item\":\"https:\\\/\\\/graphimarket.com\\\/es\\\/\"},{\"@type\":\"ListItem\",\"position\":2,\"name\":\"Store\",\"item\":\"https:\\\/\\\/graphimarket.com\\\/store\\\/\"},{\"@type\":\"ListItem\",\"position\":3,\"name\":\"Blackwing | Custom Brush Lettering Script Font\"}]},{\"@type\":\"WebSite\",\"@id\":\"https:\\\/\\\/graphimarket.com\\\/fr\\\/#website\",\"url\":\"https:\\\/\\\/graphimarket.com\\\/fr\\\/\",\"name\":\"Graphimarket\",\"description\":\"Find the perfect creative asset to bring your project to life\",\"publisher\":{\"@id\":\"https:\\\/\\\/graphimarket.com\\\/fr\\\/#organization\"},\"potentialAction\":[{\"@type\":\"SearchAction\",\"target\":{\"@type\":\"EntryPoint\",\"urlTemplate\":\"https:\\\/\\\/graphimarket.com\\\/fr\\\/?s={search_term_string}\"},\"query-input\":{\"@type\":\"PropertyValueSpecification\",\"valueRequired\":true,\"valueName\":\"search_term_string\"}}],\"inLanguage\":\"fr-FR\"},{\"@type\":\"Organization\",\"@id\":\"https:\\\/\\\/graphimarket.com\\\/fr\\\/#organization\",\"name\":\"Graphimarket\",\"url\":\"https:\\\/\\\/graphimarket.com\\\/fr\\\/\",\"logo\":{\"@type\":\"ImageObject\",\"inLanguage\":\"fr-FR\",\"@id\":\"https:\\\/\\\/graphimarket.com\\\/fr\\\/#\\\/schema\\\/logo\\\/image\\\/\",\"url\":\"https:\\\/\\\/graphimarket.com\\\/wp-content\\\/uploads\\\/2020\\\/08\\\/logo-48.png\",\"contentUrl\":\"https:\\\/\\\/graphimarket.com\\\/wp-content\\\/uploads\\\/2020\\\/08\\\/logo-48.png\",\"width\":132,\"height\":48,\"caption\":\"Graphimarket\"},\"image\":{\"@id\":\"https:\\\/\\\/graphimarket.com\\\/fr\\\/#\\\/schema\\\/logo\\\/image\\\/\"}}]}<\/script>\n<!-- \/ Yoast SEO plugin. -->","yoast_head_json":{"title":"Blackwing | Custom Brush Lettering Script Font - Graphimarket","description":"Blackwing | Custom Brush Lettering Script Font\u00a0with a calligraphy style, So beautiful on invitation like greeting cards, branding materials,","robots":{"index":"index","follow":"follow","max-snippet":"max-snippet:-1","max-image-preview":"max-image-preview:large","max-video-preview":"max-video-preview:-1"},"canonical":"http:\/\/graphimarket.com\/fr\/product\/blackwing-custom-brush-lettering-script-font\/","og_locale":"fr_FR","og_type":"article","og_title":"Blackwing | Custom Brush Lettering Script Font - Graphimarket","og_description":"Blackwing | Custom Brush Lettering Script Font\u00a0with a calligraphy style, So beautiful on invitation like greeting cards, branding materials,","og_url":"http:\/\/graphimarket.com\/fr\/product\/blackwing-custom-brush-lettering-script-font\/","og_site_name":"Graphimarket","article_modified_time":"2022-12-19T09:10:29+00:00","og_image":[{"width":1019,"height":679,"url":"https:\/\/graphimarket.com\/wp-content\/uploads\/2020\/09\/4254f03a-7302-4a85-b5a1-9505fab179c3.jpg","type":"image\/jpeg"}],"twitter_card":"summary_large_image","twitter_misc":{"Est. reading time":"1 minute"},"schema":{"@context":"https:\/\/schema.org","@graph":[{"@type":"WebPage","@id":"http:\/\/graphimarket.com\/es\/product\/blackwing-custom-brush-lettering-script-font\/","url":"http:\/\/graphimarket.com\/es\/product\/blackwing-custom-brush-lettering-script-font\/","name":"Blackwing | Custom Brush Lettering Script Font - Graphimarket","isPartOf":{"@id":"https:\/\/graphimarket.com\/fr\/#website"},"primaryImageOfPage":{"@id":"http:\/\/graphimarket.com\/es\/product\/blackwing-custom-brush-lettering-script-font\/#primaryimage"},"image":{"@id":"http:\/\/graphimarket.com\/es\/product\/blackwing-custom-brush-lettering-script-font\/#primaryimage"},"thumbnailUrl":"https:\/\/graphimarket.com\/wp-content\/uploads\/2020\/09\/4254f03a-7302-4a85-b5a1-9505fab179c3.jpg","datePublished":"2020-09-19T09:19:06+00:00","dateModified":"2022-12-19T09:10:29+00:00","description":"Blackwing | Custom Brush Lettering Script Font\u00a0with a calligraphy style, So beautiful on invitation like greeting cards, branding materials,","breadcrumb":{"@id":"http:\/\/graphimarket.com\/es\/product\/blackwing-custom-brush-lettering-script-font\/#breadcrumb"},"inLanguage":"fr-FR","potentialAction":[{"@type":"ReadAction","target":["http:\/\/graphimarket.com\/es\/product\/blackwing-custom-brush-lettering-script-font\/"]}]},{"@type":"ImageObject","inLanguage":"fr-FR","@id":"http:\/\/graphimarket.com\/es\/product\/blackwing-custom-brush-lettering-script-font\/#primaryimage","url":"https:\/\/graphimarket.com\/wp-content\/uploads\/2020\/09\/4254f03a-7302-4a85-b5a1-9505fab179c3.jpg","contentUrl":"https:\/\/graphimarket.com\/wp-content\/uploads\/2020\/09\/4254f03a-7302-4a85-b5a1-9505fab179c3.jpg","width":1019,"height":679},{"@type":"BreadcrumbList","@id":"http:\/\/graphimarket.com\/es\/product\/blackwing-custom-brush-lettering-script-font\/#breadcrumb","itemListElement":[{"@type":"ListItem","position":1,"name":"Home","item":"https:\/\/graphimarket.com\/es\/"},{"@type":"ListItem","position":2,"name":"Store","item":"https:\/\/graphimarket.com\/store\/"},{"@type":"ListItem","position":3,"name":"Blackwing | Custom Brush Lettering Script Font"}]},{"@type":"WebSite","@id":"https:\/\/graphimarket.com\/fr\/#website","url":"https:\/\/graphimarket.com\/fr\/","name":"Graphimarket","description":"Trouvez l&#039;atout cr\u00e9atif parfait pour donner vie \u00e0 votre projet","publisher":{"@id":"https:\/\/graphimarket.com\/fr\/#organization"},"potentialAction":[{"@type":"SearchAction","target":{"@type":"EntryPoint","urlTemplate":"https:\/\/graphimarket.com\/fr\/?s={search_term_string}"},"query-input":{"@type":"PropertyValueSpecification","valueRequired":true,"valueName":"search_term_string"}}],"inLanguage":"fr-FR"},{"@type":"Organization","@id":"https:\/\/graphimarket.com\/fr\/#organization","name":"Graphimarket","url":"https:\/\/graphimarket.com\/fr\/","logo":{"@type":"ImageObject","inLanguage":"fr-FR","@id":"https:\/\/graphimarket.com\/fr\/#\/schema\/logo\/image\/","url":"https:\/\/graphimarket.com\/wp-content\/uploads\/2020\/08\/logo-48.png","contentUrl":"https:\/\/graphimarket.com\/wp-content\/uploads\/2020\/08\/logo-48.png","width":132,"height":48,"caption":"Graphimarket"},"image":{"@id":"https:\/\/graphimarket.com\/fr\/#\/schema\/logo\/image\/"}}]}},"_links":{"self":[{"href":"https:\/\/graphimarket.com\/fr\/wp-json\/wp\/v2\/product\/10688","targetHints":{"allow":["GET"]}}],"collection":[{"href":"https:\/\/graphimarket.com\/fr\/wp-json\/wp\/v2\/product"}],"about":[{"href":"https:\/\/graphimarket.com\/fr\/wp-json\/wp\/v2\/types\/product"}],"replies":[{"embeddable":true,"href":"https:\/\/graphimarket.com\/fr\/wp-json\/wp\/v2\/comments?post=10688"}],"version-history":[{"count":0,"href":"https:\/\/graphimarket.com\/fr\/wp-json\/wp\/v2\/product\/10688\/revisions"}],"wp:featuredmedia":[{"embeddable":true,"href":"https:\/\/graphimarket.com\/fr\/wp-json\/wp\/v2\/media\/10694"}],"wp:attachment":[{"href":"https:\/\/graphimarket.com\/fr\/wp-json\/wp\/v2\/media?parent=10688"}],"wp:term":[{"taxonomy":"product_brand","embeddable":true,"href":"https:\/\/graphimarket.com\/fr\/wp-json\/wp\/v2\/product_brand?post=10688"},{"taxonomy":"product_cat","embeddable":true,"href":"https:\/\/graphimarket.com\/fr\/wp-json\/wp\/v2\/product_cat?post=10688"},{"taxonomy":"product_tag","embeddable":true,"href":"https:\/\/graphimarket.com\/fr\/wp-json\/wp\/v2\/product_tag?post=10688"}],"curies":[{"name":"wp","href":"https:\/\/api.w.org\/{rel}","templated":true}]}}