{"id":10761,"date":"2020-09-19T14:20:40","date_gmt":"2020-09-19T12:20:40","guid":{"rendered":"https:\/\/graphimarket.com\/?post_type=product&#038;p=10761"},"modified":"2022-12-19T10:10:07","modified_gmt":"2022-12-19T09:10:07","slug":"interior-lightroom-presets","status":"publish","type":"product","link":"https:\/\/graphimarket.com\/fr\/product\/interior-lightroom-presets\/","title":{"rendered":"Pr\u00e9r\u00e9glages int\u00e9rieurs de Lightroom"},"content":{"rendered":"<div class=\"_2Masz2rr\">\n<p><strong>20 pr\u00e9r\u00e9glages de la collection int\u00e9rieure pour Lightroom<\/strong><\/p>\n<ul>\n<li>Pr\u00e9r\u00e9glages pour diff\u00e9rentes situations, faible luminosit\u00e9, chambre d&#039;h\u00f4tel, int\u00e9rieur lumineux, etc.\u00a0<strong>Ce que vous recevrez:<\/strong><\/li>\n<li>Un fichier Zip contenant 20 fichiers pr\u00e9d\u00e9finis Lightroom (.lrtemplates)<\/li>\n<li>Aide txt et fichier jpg<\/li>\n<li>Format de fichier pris en charge: RAW \/ NEF \/ DNG, JPG, TIFF.<\/li>\n<\/ul>\n<p><strong>Pr\u00e9r\u00e9glages LR:<\/strong><\/p>\n<ul>\n<li>Int\u00e9rieur 1 (style mat)<\/li>\n<li>Int\u00e9rieur 2 (style loft)<\/li>\n<li>Int\u00e9rieur 3 (style loft 2)<\/li>\n<li>Int\u00e9rieur 4 (contraste lumineux)<\/li>\n<li>Int\u00e9rieur 5 (style \u00e9pur\u00e9)<\/li>\n<li>Int\u00e9rieur 6 (moderne)<\/li>\n<li>Int\u00e9rieur 7 (chambre d&#039;h\u00f4tel)<\/li>\n<li>Int\u00e9rieur 8 (couleur douce)<\/li>\n<li>Int\u00e9rieur 9 (vintage)<\/li>\n<li>Int\u00e9rieur 10 (luxe)<\/li>\n<li>Int\u00e9rieur 11 (HDR)<\/li>\n<li>Int\u00e9rieur 12 (dur)<\/li>\n<li>Int\u00e9rieur 13 (ancienne tonalit\u00e9)<\/li>\n<li>Int\u00e9rieur 14 (all\u00e9g\u00e9)<\/li>\n<li>Int\u00e9rieur 15 (blanc doux)<\/li>\n<li>Int\u00e9rieur 16 (BW)<\/li>\n<li>Int\u00e9rieur 17 (m\u00e9tallique)<\/li>\n<li>Int\u00e9rieur 18 (froid)<\/li>\n<li>Int\u00e9rieur 19 (ancienne vignette)<\/li>\n<li>Int\u00e9rieur 20 (barocco)<\/li>\n<\/ul>\n<p><img fetchpriority=\"high\" decoding=\"async\" class=\"aligncenter wp-image-10769 size-full\" src=\"https:\/\/graphimarket.com\/wp-content\/uploads\/2020\/09\/42883724-4429-47d6-a654-d31b1b63f362.jpg\" alt=\"\" width=\"900\" height=\"599\" srcset=\"https:\/\/graphimarket.com\/wp-content\/uploads\/2020\/09\/42883724-4429-47d6-a654-d31b1b63f362.jpg 900w, https:\/\/graphimarket.com\/wp-content\/uploads\/2020\/09\/42883724-4429-47d6-a654-d31b1b63f362-300x200.jpg 300w, https:\/\/graphimarket.com\/wp-content\/uploads\/2020\/09\/42883724-4429-47d6-a654-d31b1b63f362-768x511.jpg 768w, https:\/\/graphimarket.com\/wp-content\/uploads\/2020\/09\/42883724-4429-47d6-a654-d31b1b63f362-600x399.jpg 600w\" sizes=\"(max-width: 900px) 100vw, 900px\" \/> <img decoding=\"async\" class=\"aligncenter wp-image-10770 size-full\" src=\"https:\/\/graphimarket.com\/wp-content\/uploads\/2020\/09\/aef92376-a91e-4c9f-ae7e-df48d4ba777e.jpg\" alt=\"\" width=\"900\" height=\"599\" srcset=\"https:\/\/graphimarket.com\/wp-content\/uploads\/2020\/09\/aef92376-a91e-4c9f-ae7e-df48d4ba777e.jpg 900w, https:\/\/graphimarket.com\/wp-content\/uploads\/2020\/09\/aef92376-a91e-4c9f-ae7e-df48d4ba777e-300x200.jpg 300w, https:\/\/graphimarket.com\/wp-content\/uploads\/2020\/09\/aef92376-a91e-4c9f-ae7e-df48d4ba777e-768x511.jpg 768w, https:\/\/graphimarket.com\/wp-content\/uploads\/2020\/09\/aef92376-a91e-4c9f-ae7e-df48d4ba777e-600x399.jpg 600w\" sizes=\"(max-width: 900px) 100vw, 900px\" \/> <img decoding=\"async\" class=\"aligncenter wp-image-10771 size-full\" src=\"https:\/\/graphimarket.com\/wp-content\/uploads\/2020\/09\/afc150c6-2ead-4532-a2b4-3dcc1f6fcf14.jpg\" alt=\"\" width=\"900\" height=\"599\" srcset=\"https:\/\/graphimarket.com\/wp-content\/uploads\/2020\/09\/afc150c6-2ead-4532-a2b4-3dcc1f6fcf14.jpg 900w, https:\/\/graphimarket.com\/wp-content\/uploads\/2020\/09\/afc150c6-2ead-4532-a2b4-3dcc1f6fcf14-300x200.jpg 300w, https:\/\/graphimarket.com\/wp-content\/uploads\/2020\/09\/afc150c6-2ead-4532-a2b4-3dcc1f6fcf14-768x511.jpg 768w, https:\/\/graphimarket.com\/wp-content\/uploads\/2020\/09\/afc150c6-2ead-4532-a2b4-3dcc1f6fcf14-600x399.jpg 600w\" sizes=\"(max-width: 900px) 100vw, 900px\" \/> <img loading=\"lazy\" decoding=\"async\" class=\"aligncenter wp-image-10772 size-full\" src=\"https:\/\/graphimarket.com\/wp-content\/uploads\/2020\/09\/b094b618-f848-4cc4-89cc-dff5fbd6c17b.jpg\" alt=\"\" width=\"900\" height=\"599\" srcset=\"https:\/\/graphimarket.com\/wp-content\/uploads\/2020\/09\/b094b618-f848-4cc4-89cc-dff5fbd6c17b.jpg 900w, https:\/\/graphimarket.com\/wp-content\/uploads\/2020\/09\/b094b618-f848-4cc4-89cc-dff5fbd6c17b-300x200.jpg 300w, https:\/\/graphimarket.com\/wp-content\/uploads\/2020\/09\/b094b618-f848-4cc4-89cc-dff5fbd6c17b-768x511.jpg 768w, https:\/\/graphimarket.com\/wp-content\/uploads\/2020\/09\/b094b618-f848-4cc4-89cc-dff5fbd6c17b-600x399.jpg 600w\" sizes=\"(max-width: 900px) 100vw, 900px\" \/> <img loading=\"lazy\" decoding=\"async\" class=\"aligncenter wp-image-10773 size-full\" src=\"https:\/\/graphimarket.com\/wp-content\/uploads\/2020\/09\/c64e2d24-502e-45c6-998e-4d4930c9f658.jpg\" alt=\"\" width=\"900\" height=\"599\" srcset=\"https:\/\/graphimarket.com\/wp-content\/uploads\/2020\/09\/c64e2d24-502e-45c6-998e-4d4930c9f658.jpg 900w, https:\/\/graphimarket.com\/wp-content\/uploads\/2020\/09\/c64e2d24-502e-45c6-998e-4d4930c9f658-300x200.jpg 300w, https:\/\/graphimarket.com\/wp-content\/uploads\/2020\/09\/c64e2d24-502e-45c6-998e-4d4930c9f658-768x511.jpg 768w, https:\/\/graphimarket.com\/wp-content\/uploads\/2020\/09\/c64e2d24-502e-45c6-998e-4d4930c9f658-600x399.jpg 600w\" sizes=\"(max-width: 900px) 100vw, 900px\" \/> <img loading=\"lazy\" decoding=\"async\" class=\"aligncenter wp-image-10774 size-full\" src=\"https:\/\/graphimarket.com\/wp-content\/uploads\/2020\/09\/5b545b89-6b73-471f-942e-00a25dd9af04-1.jpg\" alt=\"\" width=\"866\" height=\"577\" srcset=\"https:\/\/graphimarket.com\/wp-content\/uploads\/2020\/09\/5b545b89-6b73-471f-942e-00a25dd9af04-1.jpg 866w, https:\/\/graphimarket.com\/wp-content\/uploads\/2020\/09\/5b545b89-6b73-471f-942e-00a25dd9af04-1-300x200.jpg 300w, https:\/\/graphimarket.com\/wp-content\/uploads\/2020\/09\/5b545b89-6b73-471f-942e-00a25dd9af04-1-768x512.jpg 768w, https:\/\/graphimarket.com\/wp-content\/uploads\/2020\/09\/5b545b89-6b73-471f-942e-00a25dd9af04-1-600x400.jpg 600w\" sizes=\"(max-width: 866px) 100vw, 866px\" \/> <img loading=\"lazy\" decoding=\"async\" class=\"aligncenter wp-image-10775 size-full\" src=\"https:\/\/graphimarket.com\/wp-content\/uploads\/2020\/09\/7e2942ce-9ec7-4f7f-88cb-695aacdd5c61.jpg\" alt=\"\" width=\"900\" height=\"599\" srcset=\"https:\/\/graphimarket.com\/wp-content\/uploads\/2020\/09\/7e2942ce-9ec7-4f7f-88cb-695aacdd5c61.jpg 900w, https:\/\/graphimarket.com\/wp-content\/uploads\/2020\/09\/7e2942ce-9ec7-4f7f-88cb-695aacdd5c61-300x200.jpg 300w, https:\/\/graphimarket.com\/wp-content\/uploads\/2020\/09\/7e2942ce-9ec7-4f7f-88cb-695aacdd5c61-768x511.jpg 768w, https:\/\/graphimarket.com\/wp-content\/uploads\/2020\/09\/7e2942ce-9ec7-4f7f-88cb-695aacdd5c61-600x399.jpg 600w\" sizes=\"(max-width: 900px) 100vw, 900px\" \/> <img loading=\"lazy\" decoding=\"async\" class=\"aligncenter wp-image-10776 size-full\" src=\"https:\/\/graphimarket.com\/wp-content\/uploads\/2020\/09\/235e64ea-8d2a-485d-97fb-f37763971b46.jpg\" alt=\"\" width=\"900\" height=\"599\" srcset=\"https:\/\/graphimarket.com\/wp-content\/uploads\/2020\/09\/235e64ea-8d2a-485d-97fb-f37763971b46.jpg 900w, https:\/\/graphimarket.com\/wp-content\/uploads\/2020\/09\/235e64ea-8d2a-485d-97fb-f37763971b46-300x200.jpg 300w, https:\/\/graphimarket.com\/wp-content\/uploads\/2020\/09\/235e64ea-8d2a-485d-97fb-f37763971b46-768x511.jpg 768w, https:\/\/graphimarket.com\/wp-content\/uploads\/2020\/09\/235e64ea-8d2a-485d-97fb-f37763971b46-600x399.jpg 600w\" sizes=\"(max-width: 900px) 100vw, 900px\" \/><\/p>\n<\/div>\n<div class=\"_3YqMOf9R\">\n<div class=\"_3KAa4-GZ frEFeDSS\"><\/div>\n<\/div>","protected":false},"excerpt":{"rendered":"<p>20 Interior Collection Presets for Lightroom Presets for different situations, low light, hotel room, bright interior and etc.\u00a0What you will Receive: A Zip File containing 20 Lightroom Preset files ( .lrtemplates ) Help txt and jpg file Supported File Format: RAW \/ NEF \/ DNG, JPG, TIFF. LR Presets: Interior 1 (matte style) Interior 2 [&hellip;]<\/p>\n","protected":false},"featured_media":10768,"comment_status":"open","ping_status":"closed","template":"","meta":{"site-sidebar-layout":"default","site-content-layout":"default","ast-site-content-layout":"default","site-content-style":"default","site-sidebar-style":"default","ast-global-header-display":"","ast-banner-title-visibility":"","ast-main-header-display":"","ast-hfb-above-header-display":"","ast-hfb-below-header-display":"","ast-hfb-mobile-header-display":"","site-post-title":"","ast-breadcrumbs-content":"","ast-featured-img":"","footer-sml-layout":"","ast-disable-related-posts":"","theme-transparent-header-meta":"default","adv-header-id-meta":"","stick-header-meta":"","header-above-stick-meta":"","header-main-stick-meta":"","header-below-stick-meta":"","astra-migrate-meta-layouts":"default","ast-page-background-enabled":"default","ast-page-background-meta":{"desktop":{"background-color":"","background-image":"","background-repeat":"repeat","background-position":"center center","background-size":"auto","background-attachment":"scroll","background-type":"","background-media":"","overlay-type":"","overlay-color":"","overlay-opacity":"","overlay-gradient":""},"tablet":{"background-color":"","background-image":"","background-repeat":"repeat","background-position":"center center","background-size":"auto","background-attachment":"scroll","background-type":"","background-media":"","overlay-type":"","overlay-color":"","overlay-opacity":"","overlay-gradient":""},"mobile":{"background-color":"","background-image":"","background-repeat":"repeat","background-position":"center center","background-size":"auto","background-attachment":"scroll","background-type":"","background-media":"","overlay-type":"","overlay-color":"","overlay-opacity":"","overlay-gradient":""}},"ast-content-background-meta":{"desktop":{"background-color":"var(--ast-global-color-5)","background-image":"","background-repeat":"repeat","background-position":"center center","background-size":"auto","background-attachment":"scroll","background-type":"","background-media":"","overlay-type":"","overlay-color":"","overlay-opacity":"","overlay-gradient":""},"tablet":{"background-color":"var(--ast-global-color-5)","background-image":"","background-repeat":"repeat","background-position":"center center","background-size":"auto","background-attachment":"scroll","background-type":"","background-media":"","overlay-type":"","overlay-color":"","overlay-opacity":"","overlay-gradient":""},"mobile":{"background-color":"var(--ast-global-color-5)","background-image":"","background-repeat":"repeat","background-position":"center center","background-size":"auto","background-attachment":"scroll","background-type":"","background-media":"","overlay-type":"","overlay-color":"","overlay-opacity":"","overlay-gradient":""}}},"product_brand":[],"product_cat":[187],"product_tag":[1181,345,966,408,1180,900,335,1182,1183,376,318,871,687,227,276],"class_list":{"0":"post-10761","1":"product","2":"type-product","3":"status-publish","4":"has-post-thumbnail","6":"product_cat-fonts","7":"product_tag-appartment","8":"product_tag-clean","9":"product_tag-hard","10":"product_tag-hdr","11":"product_tag-hotel","12":"product_tag-interior","13":"product_tag-lightroom","14":"product_tag-loft","15":"product_tag-luxury","16":"product_tag-matte","17":"product_tag-presets","18":"product_tag-room","19":"product_tag-soft","20":"product_tag-style","21":"product_tag-vintage","22":"desktop-align-left","23":"tablet-align-left","24":"mobile-align-left","26":"first","27":"instock","28":"downloadable","29":"virtual","30":"taxable","31":"purchasable","32":"product-type-simple"},"yoast_head":"<!-- This site is optimized with the Yoast SEO plugin v27.3 - https:\/\/yoast.com\/product\/yoast-seo-wordpress\/ -->\n<title>Interior Lightroom Presets - Graphimarket<\/title>\n<meta name=\"description\" content=\"20 Interior Collection Presets for LightroomPresets for different situations, low light, hotel room, bright interior and etc.\u00a0What you will..\" \/>\n<meta name=\"robots\" content=\"index, follow, max-snippet:-1, max-image-preview:large, max-video-preview:-1\" \/>\n<link rel=\"canonical\" href=\"https:\/\/graphimarket.com\/fr\/product\/interior-lightroom-presets\/\" \/>\n<meta property=\"og:locale\" content=\"fr_FR\" \/>\n<meta property=\"og:type\" content=\"article\" \/>\n<meta property=\"og:title\" content=\"Interior Lightroom Presets - Graphimarket\" \/>\n<meta property=\"og:description\" content=\"20 Interior Collection Presets for LightroomPresets for different situations, low light, hotel room, bright interior and etc.\u00a0What you will..\" \/>\n<meta property=\"og:url\" content=\"https:\/\/graphimarket.com\/fr\/product\/interior-lightroom-presets\/\" \/>\n<meta property=\"og:site_name\" content=\"Graphimarket\" \/>\n<meta property=\"article:modified_time\" content=\"2022-12-19T09:10:07+00:00\" \/>\n<meta property=\"og:image\" content=\"https:\/\/graphimarket.com\/wp-content\/uploads\/2020\/09\/5b545b89-6b73-471f-942e-00a25dd9af04.jpg\" \/>\n\t<meta property=\"og:image:width\" content=\"866\" \/>\n\t<meta property=\"og:image:height\" content=\"577\" \/>\n\t<meta property=\"og:image:type\" content=\"image\/jpeg\" \/>\n<meta name=\"twitter:card\" content=\"summary_large_image\" \/>\n<script type=\"application\/ld+json\" class=\"yoast-schema-graph\">{\"@context\":\"https:\\\/\\\/schema.org\",\"@graph\":[{\"@type\":\"WebPage\",\"@id\":\"https:\\\/\\\/graphimarket.com\\\/es\\\/product\\\/interior-lightroom-presets\\\/\",\"url\":\"https:\\\/\\\/graphimarket.com\\\/es\\\/product\\\/interior-lightroom-presets\\\/\",\"name\":\"Interior Lightroom Presets - Graphimarket\",\"isPartOf\":{\"@id\":\"https:\\\/\\\/graphimarket.com\\\/fr\\\/#website\"},\"primaryImageOfPage\":{\"@id\":\"https:\\\/\\\/graphimarket.com\\\/es\\\/product\\\/interior-lightroom-presets\\\/#primaryimage\"},\"image\":{\"@id\":\"https:\\\/\\\/graphimarket.com\\\/es\\\/product\\\/interior-lightroom-presets\\\/#primaryimage\"},\"thumbnailUrl\":\"https:\\\/\\\/graphimarket.com\\\/wp-content\\\/uploads\\\/2020\\\/09\\\/5b545b89-6b73-471f-942e-00a25dd9af04.jpg\",\"datePublished\":\"2020-09-19T12:20:40+00:00\",\"dateModified\":\"2022-12-19T09:10:07+00:00\",\"description\":\"20 Interior Collection Presets for LightroomPresets for different situations, low light, hotel room, bright interior and etc.\u00a0What you will..\",\"breadcrumb\":{\"@id\":\"https:\\\/\\\/graphimarket.com\\\/es\\\/product\\\/interior-lightroom-presets\\\/#breadcrumb\"},\"inLanguage\":\"fr-FR\",\"potentialAction\":[{\"@type\":\"ReadAction\",\"target\":[\"https:\\\/\\\/graphimarket.com\\\/es\\\/product\\\/interior-lightroom-presets\\\/\"]}]},{\"@type\":\"ImageObject\",\"inLanguage\":\"fr-FR\",\"@id\":\"https:\\\/\\\/graphimarket.com\\\/es\\\/product\\\/interior-lightroom-presets\\\/#primaryimage\",\"url\":\"https:\\\/\\\/graphimarket.com\\\/wp-content\\\/uploads\\\/2020\\\/09\\\/5b545b89-6b73-471f-942e-00a25dd9af04.jpg\",\"contentUrl\":\"https:\\\/\\\/graphimarket.com\\\/wp-content\\\/uploads\\\/2020\\\/09\\\/5b545b89-6b73-471f-942e-00a25dd9af04.jpg\",\"width\":866,\"height\":577},{\"@type\":\"BreadcrumbList\",\"@id\":\"https:\\\/\\\/graphimarket.com\\\/es\\\/product\\\/interior-lightroom-presets\\\/#breadcrumb\",\"itemListElement\":[{\"@type\":\"ListItem\",\"position\":1,\"name\":\"Home\",\"item\":\"https:\\\/\\\/graphimarket.com\\\/es\\\/\"},{\"@type\":\"ListItem\",\"position\":2,\"name\":\"Store\",\"item\":\"https:\\\/\\\/graphimarket.com\\\/store\\\/\"},{\"@type\":\"ListItem\",\"position\":3,\"name\":\"Interior Lightroom Presets\"}]},{\"@type\":\"WebSite\",\"@id\":\"https:\\\/\\\/graphimarket.com\\\/fr\\\/#website\",\"url\":\"https:\\\/\\\/graphimarket.com\\\/fr\\\/\",\"name\":\"Graphimarket\",\"description\":\"Find the perfect creative asset to bring your project to life\",\"publisher\":{\"@id\":\"https:\\\/\\\/graphimarket.com\\\/fr\\\/#organization\"},\"potentialAction\":[{\"@type\":\"SearchAction\",\"target\":{\"@type\":\"EntryPoint\",\"urlTemplate\":\"https:\\\/\\\/graphimarket.com\\\/fr\\\/?s={search_term_string}\"},\"query-input\":{\"@type\":\"PropertyValueSpecification\",\"valueRequired\":true,\"valueName\":\"search_term_string\"}}],\"inLanguage\":\"fr-FR\"},{\"@type\":\"Organization\",\"@id\":\"https:\\\/\\\/graphimarket.com\\\/fr\\\/#organization\",\"name\":\"Graphimarket\",\"url\":\"https:\\\/\\\/graphimarket.com\\\/fr\\\/\",\"logo\":{\"@type\":\"ImageObject\",\"inLanguage\":\"fr-FR\",\"@id\":\"https:\\\/\\\/graphimarket.com\\\/fr\\\/#\\\/schema\\\/logo\\\/image\\\/\",\"url\":\"https:\\\/\\\/graphimarket.com\\\/wp-content\\\/uploads\\\/2020\\\/08\\\/logo-48.png\",\"contentUrl\":\"https:\\\/\\\/graphimarket.com\\\/wp-content\\\/uploads\\\/2020\\\/08\\\/logo-48.png\",\"width\":132,\"height\":48,\"caption\":\"Graphimarket\"},\"image\":{\"@id\":\"https:\\\/\\\/graphimarket.com\\\/fr\\\/#\\\/schema\\\/logo\\\/image\\\/\"}}]}<\/script>\n<!-- \/ Yoast SEO plugin. -->","yoast_head_json":{"title":"Pr\u00e9r\u00e9glages int\u00e9rieurs de Lightroom - Graphimarket","description":"20 pr\u00e9r\u00e9glages de la collection int\u00e9rieure pour Lightroom Pr\u00e9r\u00e9glages pour diff\u00e9rentes situations, faible luminosit\u00e9, chambre d&#039;h\u00f4tel, int\u00e9rieur lumineux, etc.","robots":{"index":"index","follow":"follow","max-snippet":"max-snippet:-1","max-image-preview":"max-image-preview:large","max-video-preview":"max-video-preview:-1"},"canonical":"https:\/\/graphimarket.com\/fr\/product\/interior-lightroom-presets\/","og_locale":"fr_FR","og_type":"article","og_title":"Interior Lightroom Presets - Graphimarket","og_description":"20 Interior Collection Presets for LightroomPresets for different situations, low light, hotel room, bright interior and etc.\u00a0What you will..","og_url":"https:\/\/graphimarket.com\/fr\/product\/interior-lightroom-presets\/","og_site_name":"Graphimarket","article_modified_time":"2022-12-19T09:10:07+00:00","og_image":[{"width":866,"height":577,"url":"https:\/\/graphimarket.com\/wp-content\/uploads\/2020\/09\/5b545b89-6b73-471f-942e-00a25dd9af04.jpg","type":"image\/jpeg"}],"twitter_card":"summary_large_image","schema":{"@context":"https:\/\/schema.org","@graph":[{"@type":"WebPage","@id":"https:\/\/graphimarket.com\/es\/product\/interior-lightroom-presets\/","url":"https:\/\/graphimarket.com\/es\/product\/interior-lightroom-presets\/","name":"Pr\u00e9r\u00e9glages int\u00e9rieurs de Lightroom - Graphimarket","isPartOf":{"@id":"https:\/\/graphimarket.com\/fr\/#website"},"primaryImageOfPage":{"@id":"https:\/\/graphimarket.com\/es\/product\/interior-lightroom-presets\/#primaryimage"},"image":{"@id":"https:\/\/graphimarket.com\/es\/product\/interior-lightroom-presets\/#primaryimage"},"thumbnailUrl":"https:\/\/graphimarket.com\/wp-content\/uploads\/2020\/09\/5b545b89-6b73-471f-942e-00a25dd9af04.jpg","datePublished":"2020-09-19T12:20:40+00:00","dateModified":"2022-12-19T09:10:07+00:00","description":"20 pr\u00e9r\u00e9glages de la collection int\u00e9rieure pour Lightroom Pr\u00e9r\u00e9glages pour diff\u00e9rentes situations, faible luminosit\u00e9, chambre d&#039;h\u00f4tel, int\u00e9rieur lumineux, etc.","breadcrumb":{"@id":"https:\/\/graphimarket.com\/es\/product\/interior-lightroom-presets\/#breadcrumb"},"inLanguage":"fr-FR","potentialAction":[{"@type":"ReadAction","target":["https:\/\/graphimarket.com\/es\/product\/interior-lightroom-presets\/"]}]},{"@type":"ImageObject","inLanguage":"fr-FR","@id":"https:\/\/graphimarket.com\/es\/product\/interior-lightroom-presets\/#primaryimage","url":"https:\/\/graphimarket.com\/wp-content\/uploads\/2020\/09\/5b545b89-6b73-471f-942e-00a25dd9af04.jpg","contentUrl":"https:\/\/graphimarket.com\/wp-content\/uploads\/2020\/09\/5b545b89-6b73-471f-942e-00a25dd9af04.jpg","width":866,"height":577},{"@type":"BreadcrumbList","@id":"https:\/\/graphimarket.com\/es\/product\/interior-lightroom-presets\/#breadcrumb","itemListElement":[{"@type":"ListItem","position":1,"name":"Home","item":"https:\/\/graphimarket.com\/es\/"},{"@type":"ListItem","position":2,"name":"Store","item":"https:\/\/graphimarket.com\/store\/"},{"@type":"ListItem","position":3,"name":"Interior Lightroom Presets"}]},{"@type":"WebSite","@id":"https:\/\/graphimarket.com\/fr\/#website","url":"https:\/\/graphimarket.com\/fr\/","name":"Graphimarket","description":"Trouvez l&#039;atout cr\u00e9atif parfait pour donner vie \u00e0 votre projet","publisher":{"@id":"https:\/\/graphimarket.com\/fr\/#organization"},"potentialAction":[{"@type":"SearchAction","target":{"@type":"EntryPoint","urlTemplate":"https:\/\/graphimarket.com\/fr\/?s={search_term_string}"},"query-input":{"@type":"PropertyValueSpecification","valueRequired":true,"valueName":"search_term_string"}}],"inLanguage":"fr-FR"},{"@type":"Organization","@id":"https:\/\/graphimarket.com\/fr\/#organization","name":"Graphimarket","url":"https:\/\/graphimarket.com\/fr\/","logo":{"@type":"ImageObject","inLanguage":"fr-FR","@id":"https:\/\/graphimarket.com\/fr\/#\/schema\/logo\/image\/","url":"https:\/\/graphimarket.com\/wp-content\/uploads\/2020\/08\/logo-48.png","contentUrl":"https:\/\/graphimarket.com\/wp-content\/uploads\/2020\/08\/logo-48.png","width":132,"height":48,"caption":"Graphimarket"},"image":{"@id":"https:\/\/graphimarket.com\/fr\/#\/schema\/logo\/image\/"}}]}},"_links":{"self":[{"href":"https:\/\/graphimarket.com\/fr\/wp-json\/wp\/v2\/product\/10761","targetHints":{"allow":["GET"]}}],"collection":[{"href":"https:\/\/graphimarket.com\/fr\/wp-json\/wp\/v2\/product"}],"about":[{"href":"https:\/\/graphimarket.com\/fr\/wp-json\/wp\/v2\/types\/product"}],"replies":[{"embeddable":true,"href":"https:\/\/graphimarket.com\/fr\/wp-json\/wp\/v2\/comments?post=10761"}],"version-history":[{"count":0,"href":"https:\/\/graphimarket.com\/fr\/wp-json\/wp\/v2\/product\/10761\/revisions"}],"wp:featuredmedia":[{"embeddable":true,"href":"https:\/\/graphimarket.com\/fr\/wp-json\/wp\/v2\/media\/10768"}],"wp:attachment":[{"href":"https:\/\/graphimarket.com\/fr\/wp-json\/wp\/v2\/media?parent=10761"}],"wp:term":[{"taxonomy":"product_brand","embeddable":true,"href":"https:\/\/graphimarket.com\/fr\/wp-json\/wp\/v2\/product_brand?post=10761"},{"taxonomy":"product_cat","embeddable":true,"href":"https:\/\/graphimarket.com\/fr\/wp-json\/wp\/v2\/product_cat?post=10761"},{"taxonomy":"product_tag","embeddable":true,"href":"https:\/\/graphimarket.com\/fr\/wp-json\/wp\/v2\/product_tag?post=10761"}],"curies":[{"name":"wp","href":"https:\/\/api.w.org\/{rel}","templated":true}]}}