{"id":11049,"date":"2020-09-24T12:09:17","date_gmt":"2020-09-24T10:09:17","guid":{"rendered":"https:\/\/graphimarket.com\/?post_type=product&#038;p=11049"},"modified":"2022-12-19T10:02:59","modified_gmt":"2022-12-19T09:02:59","slug":"lansdowne","status":"publish","type":"product","link":"https:\/\/graphimarket.com\/fr\/product\/lansdowne\/","title":{"rendered":"Lansdowne"},"content":{"rendered":"<p>Pr\u00e9sentation\u00a0<strong>Lansdowne<\/strong>, typographie vintage en majuscules. M\u00e9lange parfait entre une typographie \u00e0 th\u00e8me propre et vintage, inspir\u00e9e des anciennes lettres de publicit\u00e9. Les plus de 470 glyphes de Lansdowne vous offrent des sensations fortes, nettes et propres sans sacrifier sa touche vintage \/ classique. Fabriqu\u00e9 \u00e0 la souris avec passion pour \u00e9tancher votre s\u00e9cheresse de caract\u00e8res classiques polyvalents.<\/p>\n<p><strong>CE QUE VOUS OBTENEZ:<\/strong><\/p>\n<ul>\n<li>Caract\u00e8res standard majuscules et minuscules,<\/li>\n<li>Chiffres et ponctuations (encodage OpenType Standard),<\/li>\n<li>Caract\u00e8res multilingues (danois, n\u00e9erlandais, anglais, philippin, finnois, fran\u00e7ais, galicien, allemand, islandais, indon\u00e9sien, irlandais, italien, norv\u00e9gien bokm\u00e5l, norv\u00e9gien nynorsk, portugais, romanche, espagnol, swahili, su\u00e9dois, suisse-allemand et bien d&#039;autres) ,<\/li>\n<li>Fonctionnalit\u00e9s OpenType telles que des caract\u00e8res alternatifs, des ensembles stylistiques, des titres et des formes terminales, de nombreux swashes, ligatures, etc.<\/li>\n<li>Caract\u00e8res cod\u00e9s PUA (Private Use Area) (vous pouvez acc\u00e9der aux fonctionnalit\u00e9s OpenType sans logiciel de conception suppl\u00e9mentaire),<\/li>\n<li>Deux styles: r\u00e9gulier et inclin\u00e9,<\/li>\n<li>Deux formats; .OTF et .TTF<\/li>\n<li>Beaucoup de plaisir et de joie!<\/li>\n<\/ul>\n<p><strong>PS:<\/strong>\u00a0Vous aurez besoin d&#039;un logiciel prenant en charge les fonctionnalit\u00e9s Opentype pour explorer toutes les fonctionnalit\u00e9s de cette police, telles que Adobe Photoshop, Adobe Illustrator, Corel Draw, Inkscape, etc. Pour les utilisateurs de Photoshop CC et Illustrator, vous pouvez acc\u00e9der \u00e0 cette fonctionnalit\u00e9 puissante via la fen\u00eatre du panneau Glyphs, bloquez simplement et double-cliquez sur les lettres que vous souhaitez utiliser et vous \u00eates pr\u00eat \u00e0 partir. Vous pouvez \u00e9galement acc\u00e9der \u00e0 ces \u00abcaract\u00e8res cach\u00e9s\u00bb via la carte des caract\u00e8res (Windows) et Fontbook (Mac), car cette police est d\u00e9j\u00e0 cod\u00e9e PUA.<\/p>\n<ul>\n<li>Les images \/ vecteurs utilis\u00e9s dans l&#039;aper\u00e7u ne sont pas inclus.<\/li>\n<li>N&#039;h\u00e9sitez pas \u00e0 m&#039;envoyer un message \/ mail si vous avez des questions concernant ce produit, les licences, la proc\u00e9dure, etc.<\/li>\n<\/ul>\n<p><img fetchpriority=\"high\" decoding=\"async\" class=\"aligncenter wp-image-11050 size-full\" src=\"https:\/\/graphimarket.com\/wp-content\/uploads\/2020\/09\/947a0985-2764-41f7-9649-da36a600eacd.jpg\" alt=\"\" width=\"900\" height=\"599\" srcset=\"https:\/\/graphimarket.com\/wp-content\/uploads\/2020\/09\/947a0985-2764-41f7-9649-da36a600eacd.jpg 900w, https:\/\/graphimarket.com\/wp-content\/uploads\/2020\/09\/947a0985-2764-41f7-9649-da36a600eacd-300x200.jpg 300w, https:\/\/graphimarket.com\/wp-content\/uploads\/2020\/09\/947a0985-2764-41f7-9649-da36a600eacd-768x511.jpg 768w, https:\/\/graphimarket.com\/wp-content\/uploads\/2020\/09\/947a0985-2764-41f7-9649-da36a600eacd-600x399.jpg 600w\" sizes=\"(max-width: 900px) 100vw, 900px\" \/> <img decoding=\"async\" class=\"aligncenter wp-image-11051 size-full\" src=\"https:\/\/graphimarket.com\/wp-content\/uploads\/2020\/09\/9730d01e-ae41-4536-ba71-429334f82ca1.jpg\" alt=\"\" width=\"900\" height=\"599\" srcset=\"https:\/\/graphimarket.com\/wp-content\/uploads\/2020\/09\/9730d01e-ae41-4536-ba71-429334f82ca1.jpg 900w, https:\/\/graphimarket.com\/wp-content\/uploads\/2020\/09\/9730d01e-ae41-4536-ba71-429334f82ca1-300x200.jpg 300w, https:\/\/graphimarket.com\/wp-content\/uploads\/2020\/09\/9730d01e-ae41-4536-ba71-429334f82ca1-768x511.jpg 768w, https:\/\/graphimarket.com\/wp-content\/uploads\/2020\/09\/9730d01e-ae41-4536-ba71-429334f82ca1-600x399.jpg 600w\" sizes=\"(max-width: 900px) 100vw, 900px\" \/> <img decoding=\"async\" class=\"aligncenter wp-image-11052 size-full\" src=\"https:\/\/graphimarket.com\/wp-content\/uploads\/2020\/09\/b963a22f-5d39-4cf7-9a84-4824d3c84ea7.jpg\" alt=\"\" width=\"900\" height=\"599\" srcset=\"https:\/\/graphimarket.com\/wp-content\/uploads\/2020\/09\/b963a22f-5d39-4cf7-9a84-4824d3c84ea7.jpg 900w, https:\/\/graphimarket.com\/wp-content\/uploads\/2020\/09\/b963a22f-5d39-4cf7-9a84-4824d3c84ea7-300x200.jpg 300w, https:\/\/graphimarket.com\/wp-content\/uploads\/2020\/09\/b963a22f-5d39-4cf7-9a84-4824d3c84ea7-768x511.jpg 768w, https:\/\/graphimarket.com\/wp-content\/uploads\/2020\/09\/b963a22f-5d39-4cf7-9a84-4824d3c84ea7-600x399.jpg 600w\" sizes=\"(max-width: 900px) 100vw, 900px\" \/> <img loading=\"lazy\" decoding=\"async\" class=\"aligncenter wp-image-11053 size-full\" src=\"https:\/\/graphimarket.com\/wp-content\/uploads\/2020\/09\/bf926da5-d6e1-48c3-93e0-d4371f4adf4c.jpg\" alt=\"\" width=\"900\" height=\"599\" srcset=\"https:\/\/graphimarket.com\/wp-content\/uploads\/2020\/09\/bf926da5-d6e1-48c3-93e0-d4371f4adf4c.jpg 900w, https:\/\/graphimarket.com\/wp-content\/uploads\/2020\/09\/bf926da5-d6e1-48c3-93e0-d4371f4adf4c-300x200.jpg 300w, https:\/\/graphimarket.com\/wp-content\/uploads\/2020\/09\/bf926da5-d6e1-48c3-93e0-d4371f4adf4c-768x511.jpg 768w, https:\/\/graphimarket.com\/wp-content\/uploads\/2020\/09\/bf926da5-d6e1-48c3-93e0-d4371f4adf4c-600x399.jpg 600w\" sizes=\"(max-width: 900px) 100vw, 900px\" \/> <img loading=\"lazy\" decoding=\"async\" class=\"aligncenter wp-image-11054 size-full\" src=\"https:\/\/graphimarket.com\/wp-content\/uploads\/2020\/09\/fded7838-5674-4e17-b094-350802f24f6a.jpg\" alt=\"\" width=\"900\" height=\"599\" srcset=\"https:\/\/graphimarket.com\/wp-content\/uploads\/2020\/09\/fded7838-5674-4e17-b094-350802f24f6a.jpg 900w, https:\/\/graphimarket.com\/wp-content\/uploads\/2020\/09\/fded7838-5674-4e17-b094-350802f24f6a-300x200.jpg 300w, https:\/\/graphimarket.com\/wp-content\/uploads\/2020\/09\/fded7838-5674-4e17-b094-350802f24f6a-768x511.jpg 768w, https:\/\/graphimarket.com\/wp-content\/uploads\/2020\/09\/fded7838-5674-4e17-b094-350802f24f6a-600x399.jpg 600w\" sizes=\"(max-width: 900px) 100vw, 900px\" \/> <img loading=\"lazy\" decoding=\"async\" class=\"aligncenter wp-image-11055 size-full\" src=\"https:\/\/graphimarket.com\/wp-content\/uploads\/2020\/09\/428f1036-075a-4d49-85b7-228103ae4b09.jpg\" alt=\"\" width=\"866\" height=\"577\" srcset=\"https:\/\/graphimarket.com\/wp-content\/uploads\/2020\/09\/428f1036-075a-4d49-85b7-228103ae4b09.jpg 866w, https:\/\/graphimarket.com\/wp-content\/uploads\/2020\/09\/428f1036-075a-4d49-85b7-228103ae4b09-300x200.jpg 300w, https:\/\/graphimarket.com\/wp-content\/uploads\/2020\/09\/428f1036-075a-4d49-85b7-228103ae4b09-768x512.jpg 768w, https:\/\/graphimarket.com\/wp-content\/uploads\/2020\/09\/428f1036-075a-4d49-85b7-228103ae4b09-600x400.jpg 600w\" sizes=\"(max-width: 866px) 100vw, 866px\" \/> <img loading=\"lazy\" decoding=\"async\" class=\"aligncenter wp-image-11056 size-full\" src=\"https:\/\/graphimarket.com\/wp-content\/uploads\/2020\/09\/1fde3064-e959-4c65-b01c-13745d090143.jpg\" alt=\"\" width=\"900\" height=\"599\" srcset=\"https:\/\/graphimarket.com\/wp-content\/uploads\/2020\/09\/1fde3064-e959-4c65-b01c-13745d090143.jpg 900w, https:\/\/graphimarket.com\/wp-content\/uploads\/2020\/09\/1fde3064-e959-4c65-b01c-13745d090143-300x200.jpg 300w, https:\/\/graphimarket.com\/wp-content\/uploads\/2020\/09\/1fde3064-e959-4c65-b01c-13745d090143-768x511.jpg 768w, https:\/\/graphimarket.com\/wp-content\/uploads\/2020\/09\/1fde3064-e959-4c65-b01c-13745d090143-600x399.jpg 600w\" sizes=\"(max-width: 900px) 100vw, 900px\" \/> <img loading=\"lazy\" decoding=\"async\" class=\"aligncenter wp-image-11057 size-full\" src=\"https:\/\/graphimarket.com\/wp-content\/uploads\/2020\/09\/57cdc0f6-d023-4daa-b7ef-ee917a92ae2c.jpg\" alt=\"\" width=\"900\" height=\"599\" srcset=\"https:\/\/graphimarket.com\/wp-content\/uploads\/2020\/09\/57cdc0f6-d023-4daa-b7ef-ee917a92ae2c.jpg 900w, https:\/\/graphimarket.com\/wp-content\/uploads\/2020\/09\/57cdc0f6-d023-4daa-b7ef-ee917a92ae2c-300x200.jpg 300w, https:\/\/graphimarket.com\/wp-content\/uploads\/2020\/09\/57cdc0f6-d023-4daa-b7ef-ee917a92ae2c-768x511.jpg 768w, https:\/\/graphimarket.com\/wp-content\/uploads\/2020\/09\/57cdc0f6-d023-4daa-b7ef-ee917a92ae2c-600x399.jpg 600w\" sizes=\"(max-width: 900px) 100vw, 900px\" \/><\/p>","protected":false},"excerpt":{"rendered":"<p>Introducing\u00a0Lansdowne, vintage all-caps typeface. Perfect blend between clean and vintage themed typework, inspired by the old advertisement letters. Lansdowne&#8217;s 470+ glyphs give you strong, sharp, yet clean feels without sacrificing its vintage\/classic touch. Mouse-crafted with passion to quench your drought of versatile classic typeface. WHAT YOU\u2019LL GET: Standard upper and lowercase characters, Numeral and punctuations [&hellip;]<\/p>\n","protected":false},"featured_media":11058,"comment_status":"open","ping_status":"closed","template":"","meta":{"site-sidebar-layout":"default","site-content-layout":"default","ast-site-content-layout":"default","site-content-style":"default","site-sidebar-style":"default","ast-global-header-display":"","ast-banner-title-visibility":"","ast-main-header-display":"","ast-hfb-above-header-display":"","ast-hfb-below-header-display":"","ast-hfb-mobile-header-display":"","site-post-title":"","ast-breadcrumbs-content":"","ast-featured-img":"","footer-sml-layout":"","ast-disable-related-posts":"","theme-transparent-header-meta":"default","adv-header-id-meta":"","stick-header-meta":"","header-above-stick-meta":"","header-main-stick-meta":"","header-below-stick-meta":"","astra-migrate-meta-layouts":"default","ast-page-background-enabled":"default","ast-page-background-meta":{"desktop":{"background-color":"","background-image":"","background-repeat":"repeat","background-position":"center center","background-size":"auto","background-attachment":"scroll","background-type":"","background-media":"","overlay-type":"","overlay-color":"","overlay-opacity":"","overlay-gradient":""},"tablet":{"background-color":"","background-image":"","background-repeat":"repeat","background-position":"center center","background-size":"auto","background-attachment":"scroll","background-type":"","background-media":"","overlay-type":"","overlay-color":"","overlay-opacity":"","overlay-gradient":""},"mobile":{"background-color":"","background-image":"","background-repeat":"repeat","background-position":"center center","background-size":"auto","background-attachment":"scroll","background-type":"","background-media":"","overlay-type":"","overlay-color":"","overlay-opacity":"","overlay-gradient":""}},"ast-content-background-meta":{"desktop":{"background-color":"var(--ast-global-color-5)","background-image":"","background-repeat":"repeat","background-position":"center center","background-size":"auto","background-attachment":"scroll","background-type":"","background-media":"","overlay-type":"","overlay-color":"","overlay-opacity":"","overlay-gradient":""},"tablet":{"background-color":"var(--ast-global-color-5)","background-image":"","background-repeat":"repeat","background-position":"center center","background-size":"auto","background-attachment":"scroll","background-type":"","background-media":"","overlay-type":"","overlay-color":"","overlay-opacity":"","overlay-gradient":""},"mobile":{"background-color":"var(--ast-global-color-5)","background-image":"","background-repeat":"repeat","background-position":"center center","background-size":"auto","background-attachment":"scroll","background-type":"","background-media":"","overlay-type":"","overlay-color":"","overlay-opacity":"","overlay-gradient":""}}},"product_brand":[],"product_cat":[187],"product_tag":[616,1206,1227,736,1224,297,1075,1223,1226,1108,1069,276,1225],"class_list":{"0":"post-11049","1":"product","2":"type-product","3":"status-publish","4":"has-post-thumbnail","6":"product_cat-fonts","7":"product_tag-classic","8":"product_tag-headline","9":"product_tag-invitations","10":"product_tag-letterhead","11":"product_tag-liqur","12":"product_tag-logo","13":"product_tag-logotype","14":"product_tag-oldschool","15":"product_tag-ornament","16":"product_tag-serif","17":"product_tag-swash","18":"product_tag-vintage","19":"product_tag-whiskey","20":"desktop-align-left","21":"tablet-align-left","22":"mobile-align-left","24":"first","25":"instock","26":"downloadable","27":"virtual","28":"taxable","29":"purchasable","30":"product-type-simple"},"yoast_head":"<!-- This site is optimized with the Yoast SEO plugin v27.3 - https:\/\/yoast.com\/product\/yoast-seo-wordpress\/ -->\n<title>Lansdowne - Graphimarket<\/title>\n<meta name=\"description\" content=\"Introducing\u00a0Lansdowne, vintage all-caps typeface. Perfect blend between clean and vintage themed typework, inspired by the old...\" \/>\n<meta name=\"robots\" content=\"index, follow, max-snippet:-1, max-image-preview:large, max-video-preview:-1\" \/>\n<link rel=\"canonical\" href=\"https:\/\/graphimarket.com\/fr\/product\/lansdowne\/\" \/>\n<meta property=\"og:locale\" content=\"fr_FR\" \/>\n<meta property=\"og:type\" content=\"article\" \/>\n<meta property=\"og:title\" content=\"Lansdowne - Graphimarket\" \/>\n<meta property=\"og:description\" content=\"Introducing\u00a0Lansdowne, vintage all-caps typeface. Perfect blend between clean and vintage themed typework, inspired by the old...\" \/>\n<meta property=\"og:url\" content=\"https:\/\/graphimarket.com\/fr\/product\/lansdowne\/\" \/>\n<meta property=\"og:site_name\" content=\"Graphimarket\" \/>\n<meta property=\"article:modified_time\" content=\"2022-12-19T09:02:59+00:00\" \/>\n<meta property=\"og:image\" content=\"https:\/\/graphimarket.com\/wp-content\/uploads\/2020\/09\/428f1036-075a-4d49-85b7-228103ae4b09-1.jpg\" \/>\n\t<meta property=\"og:image:width\" content=\"866\" \/>\n\t<meta property=\"og:image:height\" content=\"577\" \/>\n\t<meta property=\"og:image:type\" content=\"image\/jpeg\" \/>\n<meta name=\"twitter:card\" content=\"summary_large_image\" \/>\n<meta name=\"twitter:label1\" content=\"Est. reading time\" \/>\n\t<meta name=\"twitter:data1\" content=\"1 minute\" \/>\n<script type=\"application\/ld+json\" class=\"yoast-schema-graph\">{\"@context\":\"https:\\\/\\\/schema.org\",\"@graph\":[{\"@type\":\"WebPage\",\"@id\":\"https:\\\/\\\/graphimarket.com\\\/product\\\/lansdowne\\\/\",\"url\":\"https:\\\/\\\/graphimarket.com\\\/product\\\/lansdowne\\\/\",\"name\":\"Lansdowne - Graphimarket\",\"isPartOf\":{\"@id\":\"https:\\\/\\\/graphimarket.com\\\/fr\\\/#website\"},\"primaryImageOfPage\":{\"@id\":\"https:\\\/\\\/graphimarket.com\\\/product\\\/lansdowne\\\/#primaryimage\"},\"image\":{\"@id\":\"https:\\\/\\\/graphimarket.com\\\/product\\\/lansdowne\\\/#primaryimage\"},\"thumbnailUrl\":\"https:\\\/\\\/graphimarket.com\\\/wp-content\\\/uploads\\\/2020\\\/09\\\/428f1036-075a-4d49-85b7-228103ae4b09-1.jpg\",\"datePublished\":\"2020-09-24T10:09:17+00:00\",\"dateModified\":\"2022-12-19T09:02:59+00:00\",\"description\":\"Introducing\u00a0Lansdowne, vintage all-caps typeface. Perfect blend between clean and vintage themed typework, inspired by the old...\",\"breadcrumb\":{\"@id\":\"https:\\\/\\\/graphimarket.com\\\/product\\\/lansdowne\\\/#breadcrumb\"},\"inLanguage\":\"fr-FR\",\"potentialAction\":[{\"@type\":\"ReadAction\",\"target\":[\"https:\\\/\\\/graphimarket.com\\\/product\\\/lansdowne\\\/\"]}]},{\"@type\":\"ImageObject\",\"inLanguage\":\"fr-FR\",\"@id\":\"https:\\\/\\\/graphimarket.com\\\/product\\\/lansdowne\\\/#primaryimage\",\"url\":\"https:\\\/\\\/graphimarket.com\\\/wp-content\\\/uploads\\\/2020\\\/09\\\/428f1036-075a-4d49-85b7-228103ae4b09-1.jpg\",\"contentUrl\":\"https:\\\/\\\/graphimarket.com\\\/wp-content\\\/uploads\\\/2020\\\/09\\\/428f1036-075a-4d49-85b7-228103ae4b09-1.jpg\",\"width\":866,\"height\":577},{\"@type\":\"BreadcrumbList\",\"@id\":\"https:\\\/\\\/graphimarket.com\\\/product\\\/lansdowne\\\/#breadcrumb\",\"itemListElement\":[{\"@type\":\"ListItem\",\"position\":1,\"name\":\"Home\",\"item\":\"https:\\\/\\\/graphimarket.com\\\/es\\\/\"},{\"@type\":\"ListItem\",\"position\":2,\"name\":\"Store\",\"item\":\"https:\\\/\\\/graphimarket.com\\\/store\\\/\"},{\"@type\":\"ListItem\",\"position\":3,\"name\":\"Lansdowne\"}]},{\"@type\":\"WebSite\",\"@id\":\"https:\\\/\\\/graphimarket.com\\\/fr\\\/#website\",\"url\":\"https:\\\/\\\/graphimarket.com\\\/fr\\\/\",\"name\":\"Graphimarket\",\"description\":\"Find the perfect creative asset to bring your project to life\",\"publisher\":{\"@id\":\"https:\\\/\\\/graphimarket.com\\\/fr\\\/#organization\"},\"potentialAction\":[{\"@type\":\"SearchAction\",\"target\":{\"@type\":\"EntryPoint\",\"urlTemplate\":\"https:\\\/\\\/graphimarket.com\\\/fr\\\/?s={search_term_string}\"},\"query-input\":{\"@type\":\"PropertyValueSpecification\",\"valueRequired\":true,\"valueName\":\"search_term_string\"}}],\"inLanguage\":\"fr-FR\"},{\"@type\":\"Organization\",\"@id\":\"https:\\\/\\\/graphimarket.com\\\/fr\\\/#organization\",\"name\":\"Graphimarket\",\"url\":\"https:\\\/\\\/graphimarket.com\\\/fr\\\/\",\"logo\":{\"@type\":\"ImageObject\",\"inLanguage\":\"fr-FR\",\"@id\":\"https:\\\/\\\/graphimarket.com\\\/fr\\\/#\\\/schema\\\/logo\\\/image\\\/\",\"url\":\"https:\\\/\\\/graphimarket.com\\\/wp-content\\\/uploads\\\/2020\\\/08\\\/logo-48.png\",\"contentUrl\":\"https:\\\/\\\/graphimarket.com\\\/wp-content\\\/uploads\\\/2020\\\/08\\\/logo-48.png\",\"width\":132,\"height\":48,\"caption\":\"Graphimarket\"},\"image\":{\"@id\":\"https:\\\/\\\/graphimarket.com\\\/fr\\\/#\\\/schema\\\/logo\\\/image\\\/\"}}]}<\/script>\n<!-- \/ Yoast SEO plugin. -->","yoast_head_json":{"title":"Lansdowne - Graphimarket","description":"Pr\u00e9sentation de Lansdowne, une police de caract\u00e8res vintage en majuscules. M\u00e9lange parfait entre une typographie \u00e0 th\u00e8me propre et vintage, inspir\u00e9e de l&#039;ancien ...","robots":{"index":"index","follow":"follow","max-snippet":"max-snippet:-1","max-image-preview":"max-image-preview:large","max-video-preview":"max-video-preview:-1"},"canonical":"https:\/\/graphimarket.com\/fr\/product\/lansdowne\/","og_locale":"fr_FR","og_type":"article","og_title":"Lansdowne - Graphimarket","og_description":"Introducing\u00a0Lansdowne, vintage all-caps typeface. Perfect blend between clean and vintage themed typework, inspired by the old...","og_url":"https:\/\/graphimarket.com\/fr\/product\/lansdowne\/","og_site_name":"Graphimarket","article_modified_time":"2022-12-19T09:02:59+00:00","og_image":[{"width":866,"height":577,"url":"https:\/\/graphimarket.com\/wp-content\/uploads\/2020\/09\/428f1036-075a-4d49-85b7-228103ae4b09-1.jpg","type":"image\/jpeg"}],"twitter_card":"summary_large_image","twitter_misc":{"Est. reading time":"1 minute"},"schema":{"@context":"https:\/\/schema.org","@graph":[{"@type":"WebPage","@id":"https:\/\/graphimarket.com\/product\/lansdowne\/","url":"https:\/\/graphimarket.com\/product\/lansdowne\/","name":"Lansdowne - Graphimarket","isPartOf":{"@id":"https:\/\/graphimarket.com\/fr\/#website"},"primaryImageOfPage":{"@id":"https:\/\/graphimarket.com\/product\/lansdowne\/#primaryimage"},"image":{"@id":"https:\/\/graphimarket.com\/product\/lansdowne\/#primaryimage"},"thumbnailUrl":"https:\/\/graphimarket.com\/wp-content\/uploads\/2020\/09\/428f1036-075a-4d49-85b7-228103ae4b09-1.jpg","datePublished":"2020-09-24T10:09:17+00:00","dateModified":"2022-12-19T09:02:59+00:00","description":"Pr\u00e9sentation de Lansdowne, une police de caract\u00e8res vintage en majuscules. M\u00e9lange parfait entre une typographie \u00e0 th\u00e8me propre et vintage, inspir\u00e9e de l&#039;ancien ...","breadcrumb":{"@id":"https:\/\/graphimarket.com\/product\/lansdowne\/#breadcrumb"},"inLanguage":"fr-FR","potentialAction":[{"@type":"ReadAction","target":["https:\/\/graphimarket.com\/product\/lansdowne\/"]}]},{"@type":"ImageObject","inLanguage":"fr-FR","@id":"https:\/\/graphimarket.com\/product\/lansdowne\/#primaryimage","url":"https:\/\/graphimarket.com\/wp-content\/uploads\/2020\/09\/428f1036-075a-4d49-85b7-228103ae4b09-1.jpg","contentUrl":"https:\/\/graphimarket.com\/wp-content\/uploads\/2020\/09\/428f1036-075a-4d49-85b7-228103ae4b09-1.jpg","width":866,"height":577},{"@type":"BreadcrumbList","@id":"https:\/\/graphimarket.com\/product\/lansdowne\/#breadcrumb","itemListElement":[{"@type":"ListItem","position":1,"name":"Home","item":"https:\/\/graphimarket.com\/es\/"},{"@type":"ListItem","position":2,"name":"Store","item":"https:\/\/graphimarket.com\/store\/"},{"@type":"ListItem","position":3,"name":"Lansdowne"}]},{"@type":"WebSite","@id":"https:\/\/graphimarket.com\/fr\/#website","url":"https:\/\/graphimarket.com\/fr\/","name":"Graphimarket","description":"Trouvez l&#039;atout cr\u00e9atif parfait pour donner vie \u00e0 votre projet","publisher":{"@id":"https:\/\/graphimarket.com\/fr\/#organization"},"potentialAction":[{"@type":"SearchAction","target":{"@type":"EntryPoint","urlTemplate":"https:\/\/graphimarket.com\/fr\/?s={search_term_string}"},"query-input":{"@type":"PropertyValueSpecification","valueRequired":true,"valueName":"search_term_string"}}],"inLanguage":"fr-FR"},{"@type":"Organization","@id":"https:\/\/graphimarket.com\/fr\/#organization","name":"Graphimarket","url":"https:\/\/graphimarket.com\/fr\/","logo":{"@type":"ImageObject","inLanguage":"fr-FR","@id":"https:\/\/graphimarket.com\/fr\/#\/schema\/logo\/image\/","url":"https:\/\/graphimarket.com\/wp-content\/uploads\/2020\/08\/logo-48.png","contentUrl":"https:\/\/graphimarket.com\/wp-content\/uploads\/2020\/08\/logo-48.png","width":132,"height":48,"caption":"Graphimarket"},"image":{"@id":"https:\/\/graphimarket.com\/fr\/#\/schema\/logo\/image\/"}}]}},"_links":{"self":[{"href":"https:\/\/graphimarket.com\/fr\/wp-json\/wp\/v2\/product\/11049","targetHints":{"allow":["GET"]}}],"collection":[{"href":"https:\/\/graphimarket.com\/fr\/wp-json\/wp\/v2\/product"}],"about":[{"href":"https:\/\/graphimarket.com\/fr\/wp-json\/wp\/v2\/types\/product"}],"replies":[{"embeddable":true,"href":"https:\/\/graphimarket.com\/fr\/wp-json\/wp\/v2\/comments?post=11049"}],"version-history":[{"count":0,"href":"https:\/\/graphimarket.com\/fr\/wp-json\/wp\/v2\/product\/11049\/revisions"}],"wp:featuredmedia":[{"embeddable":true,"href":"https:\/\/graphimarket.com\/fr\/wp-json\/wp\/v2\/media\/11058"}],"wp:attachment":[{"href":"https:\/\/graphimarket.com\/fr\/wp-json\/wp\/v2\/media?parent=11049"}],"wp:term":[{"taxonomy":"product_brand","embeddable":true,"href":"https:\/\/graphimarket.com\/fr\/wp-json\/wp\/v2\/product_brand?post=11049"},{"taxonomy":"product_cat","embeddable":true,"href":"https:\/\/graphimarket.com\/fr\/wp-json\/wp\/v2\/product_cat?post=11049"},{"taxonomy":"product_tag","embeddable":true,"href":"https:\/\/graphimarket.com\/fr\/wp-json\/wp\/v2\/product_tag?post=11049"}],"curies":[{"name":"wp","href":"https:\/\/api.w.org\/{rel}","templated":true}]}}