{"id":11336,"date":"2020-09-25T16:45:20","date_gmt":"2020-09-25T14:45:20","guid":{"rendered":"https:\/\/graphimarket.com\/?post_type=product&#038;p=11336"},"modified":"2022-12-19T09:57:40","modified_gmt":"2022-12-19T08:57:40","slug":"midnight-rider","status":"publish","type":"product","link":"https:\/\/graphimarket.com\/fr\/product\/midnight-rider\/","title":{"rendered":"Midnight Rider"},"content":{"rendered":"<p><strong>Proudly introducing: Midnight Rider!<\/strong><\/p>\n<p>A script font written in a dry marker with a quick and personal style. Perfect for branding projects, art prints, posters or packaging design.<\/p>\n<p>Midnight Rider includes over\u00a0<strong>300 glyphs<\/strong>\u00a0with international characters like\u00a0<strong>\u00c5 \u00c4 \u00d6 \u00dc<\/strong>\u00a0and lots more. It has\u00a0<strong>stylistic alternates<\/strong>\u00a0for both\u00a0<strong>uppercase and lowercase<\/strong>\u00a0that you can access thru Photoshop, Illustrator or any other Open Type capable software.<\/p>\n<p>Midnight Rider also has a bunch of ligatures for those &#8220;rr&#8221;, &#8220;gg&#8221;, &#8220;ll&#8221;, &#8220;mm&#8221;, &#8220;ee&#8221; e t c combinations so the same letter won&#8217;t repeat itself.<\/p>\n<p><strong>ALSO INCLUDED:<\/strong>\u00a0Midnight Rider Swashes. A font with nice looking swashes to go with Midnight Rider for that extra finishing touch to your designs. Just access them thru A-Z<\/p>\n<p><strong>Life time support:<\/strong>\u00a0I&#8217;m always kerning, fixing awkward letterforms and updating my typefaces. Feel free to contact me with feedback or questions.\u00a0<strong>Feedback is a designers best tool<\/strong>. Updates and fixes to my fonts are always free for existing owners.<\/p>\n<p>&nbsp;<\/p>\n<p><img fetchpriority=\"high\" decoding=\"async\" class=\"aligncenter wp-image-11337 size-full\" src=\"https:\/\/graphimarket.com\/wp-content\/uploads\/2020\/09\/4675451d-7d91-4beb-83ae-d88ce5f55c19.jpg\" alt=\"\" width=\"1170\" height=\"750\" srcset=\"https:\/\/graphimarket.com\/wp-content\/uploads\/2020\/09\/4675451d-7d91-4beb-83ae-d88ce5f55c19.jpg 1170w, https:\/\/graphimarket.com\/wp-content\/uploads\/2020\/09\/4675451d-7d91-4beb-83ae-d88ce5f55c19-300x192.jpg 300w, https:\/\/graphimarket.com\/wp-content\/uploads\/2020\/09\/4675451d-7d91-4beb-83ae-d88ce5f55c19-1024x656.jpg 1024w, https:\/\/graphimarket.com\/wp-content\/uploads\/2020\/09\/4675451d-7d91-4beb-83ae-d88ce5f55c19-768x492.jpg 768w, https:\/\/graphimarket.com\/wp-content\/uploads\/2020\/09\/4675451d-7d91-4beb-83ae-d88ce5f55c19-600x385.jpg 600w\" sizes=\"(max-width: 1170px) 100vw, 1170px\" \/> <img decoding=\"async\" class=\"aligncenter wp-image-11338 size-full\" src=\"https:\/\/graphimarket.com\/wp-content\/uploads\/2020\/09\/c166ddec-b8a7-4078-87be-9edbc6439ccd.jpg\" alt=\"\" width=\"1170\" height=\"750\" srcset=\"https:\/\/graphimarket.com\/wp-content\/uploads\/2020\/09\/c166ddec-b8a7-4078-87be-9edbc6439ccd.jpg 1170w, https:\/\/graphimarket.com\/wp-content\/uploads\/2020\/09\/c166ddec-b8a7-4078-87be-9edbc6439ccd-300x192.jpg 300w, https:\/\/graphimarket.com\/wp-content\/uploads\/2020\/09\/c166ddec-b8a7-4078-87be-9edbc6439ccd-1024x656.jpg 1024w, https:\/\/graphimarket.com\/wp-content\/uploads\/2020\/09\/c166ddec-b8a7-4078-87be-9edbc6439ccd-768x492.jpg 768w, https:\/\/graphimarket.com\/wp-content\/uploads\/2020\/09\/c166ddec-b8a7-4078-87be-9edbc6439ccd-600x385.jpg 600w\" sizes=\"(max-width: 1170px) 100vw, 1170px\" \/> <img decoding=\"async\" class=\"aligncenter wp-image-11339 size-full\" src=\"https:\/\/graphimarket.com\/wp-content\/uploads\/2020\/09\/86250449-3202-4a50-a285-64b3ad8687dc.jpg\" alt=\"\" width=\"1170\" height=\"780\" srcset=\"https:\/\/graphimarket.com\/wp-content\/uploads\/2020\/09\/86250449-3202-4a50-a285-64b3ad8687dc.jpg 1170w, https:\/\/graphimarket.com\/wp-content\/uploads\/2020\/09\/86250449-3202-4a50-a285-64b3ad8687dc-300x200.jpg 300w, https:\/\/graphimarket.com\/wp-content\/uploads\/2020\/09\/86250449-3202-4a50-a285-64b3ad8687dc-1024x683.jpg 1024w, https:\/\/graphimarket.com\/wp-content\/uploads\/2020\/09\/86250449-3202-4a50-a285-64b3ad8687dc-768x512.jpg 768w, https:\/\/graphimarket.com\/wp-content\/uploads\/2020\/09\/86250449-3202-4a50-a285-64b3ad8687dc-600x400.jpg 600w\" sizes=\"(max-width: 1170px) 100vw, 1170px\" \/> <img loading=\"lazy\" decoding=\"async\" class=\"aligncenter wp-image-11340 size-full\" src=\"https:\/\/graphimarket.com\/wp-content\/uploads\/2020\/09\/1693480e-60b6-42e3-9350-947f0ccb63b0.jpg\" alt=\"\" width=\"1170\" height=\"750\" srcset=\"https:\/\/graphimarket.com\/wp-content\/uploads\/2020\/09\/1693480e-60b6-42e3-9350-947f0ccb63b0.jpg 1170w, https:\/\/graphimarket.com\/wp-content\/uploads\/2020\/09\/1693480e-60b6-42e3-9350-947f0ccb63b0-300x192.jpg 300w, https:\/\/graphimarket.com\/wp-content\/uploads\/2020\/09\/1693480e-60b6-42e3-9350-947f0ccb63b0-1024x656.jpg 1024w, https:\/\/graphimarket.com\/wp-content\/uploads\/2020\/09\/1693480e-60b6-42e3-9350-947f0ccb63b0-768x492.jpg 768w, https:\/\/graphimarket.com\/wp-content\/uploads\/2020\/09\/1693480e-60b6-42e3-9350-947f0ccb63b0-600x385.jpg 600w\" sizes=\"(max-width: 1170px) 100vw, 1170px\" \/> <img loading=\"lazy\" decoding=\"async\" class=\"aligncenter wp-image-11341 size-full\" src=\"https:\/\/graphimarket.com\/wp-content\/uploads\/2020\/09\/2979244f-140f-4b55-a29d-a4248f8c99b8.jpg\" alt=\"\" width=\"1170\" height=\"750\" srcset=\"https:\/\/graphimarket.com\/wp-content\/uploads\/2020\/09\/2979244f-140f-4b55-a29d-a4248f8c99b8.jpg 1170w, https:\/\/graphimarket.com\/wp-content\/uploads\/2020\/09\/2979244f-140f-4b55-a29d-a4248f8c99b8-300x192.jpg 300w, https:\/\/graphimarket.com\/wp-content\/uploads\/2020\/09\/2979244f-140f-4b55-a29d-a4248f8c99b8-1024x656.jpg 1024w, https:\/\/graphimarket.com\/wp-content\/uploads\/2020\/09\/2979244f-140f-4b55-a29d-a4248f8c99b8-768x492.jpg 768w, https:\/\/graphimarket.com\/wp-content\/uploads\/2020\/09\/2979244f-140f-4b55-a29d-a4248f8c99b8-600x385.jpg 600w\" sizes=\"(max-width: 1170px) 100vw, 1170px\" \/><\/p>","protected":false},"excerpt":{"rendered":"<p>Proudly introducing: Midnight Rider! A script font written in a dry marker with a quick and personal style. Perfect for branding projects, art prints, posters or packaging design. Midnight Rider includes over\u00a0300 glyphs\u00a0with international characters like\u00a0\u00c5 \u00c4 \u00d6 \u00dc\u00a0and lots more. It has\u00a0stylistic alternates\u00a0for both\u00a0uppercase and lowercase\u00a0that you can access thru Photoshop, Illustrator or any [&hellip;]<\/p>\n","protected":false},"featured_media":11339,"comment_status":"open","ping_status":"closed","template":"","meta":{"site-sidebar-layout":"default","site-content-layout":"default","ast-site-content-layout":"default","site-content-style":"default","site-sidebar-style":"default","ast-global-header-display":"","ast-banner-title-visibility":"","ast-main-header-display":"","ast-hfb-above-header-display":"","ast-hfb-below-header-display":"","ast-hfb-mobile-header-display":"","site-post-title":"","ast-breadcrumbs-content":"","ast-featured-img":"","footer-sml-layout":"","ast-disable-related-posts":"","theme-transparent-header-meta":"default","adv-header-id-meta":"","stick-header-meta":"","header-above-stick-meta":"","header-main-stick-meta":"","header-below-stick-meta":"","astra-migrate-meta-layouts":"default","ast-page-background-enabled":"default","ast-page-background-meta":{"desktop":{"background-color":"","background-image":"","background-repeat":"repeat","background-position":"center center","background-size":"auto","background-attachment":"scroll","background-type":"","background-media":"","overlay-type":"","overlay-color":"","overlay-opacity":"","overlay-gradient":""},"tablet":{"background-color":"","background-image":"","background-repeat":"repeat","background-position":"center center","background-size":"auto","background-attachment":"scroll","background-type":"","background-media":"","overlay-type":"","overlay-color":"","overlay-opacity":"","overlay-gradient":""},"mobile":{"background-color":"","background-image":"","background-repeat":"repeat","background-position":"center center","background-size":"auto","background-attachment":"scroll","background-type":"","background-media":"","overlay-type":"","overlay-color":"","overlay-opacity":"","overlay-gradient":""}},"ast-content-background-meta":{"desktop":{"background-color":"var(--ast-global-color-5)","background-image":"","background-repeat":"repeat","background-position":"center center","background-size":"auto","background-attachment":"scroll","background-type":"","background-media":"","overlay-type":"","overlay-color":"","overlay-opacity":"","overlay-gradient":""},"tablet":{"background-color":"var(--ast-global-color-5)","background-image":"","background-repeat":"repeat","background-position":"center center","background-size":"auto","background-attachment":"scroll","background-type":"","background-media":"","overlay-type":"","overlay-color":"","overlay-opacity":"","overlay-gradient":""},"mobile":{"background-color":"var(--ast-global-color-5)","background-image":"","background-repeat":"repeat","background-position":"center center","background-size":"auto","background-attachment":"scroll","background-type":"","background-media":"","overlay-type":"","overlay-color":"","overlay-opacity":"","overlay-gradient":""}}},"product_brand":[],"product_cat":[187],"product_tag":[702,389,1339,1337,437,1091,296,496,272,1338,1073,1101,1340,1200],"class_list":{"0":"post-11336","1":"product","2":"type-product","3":"status-publish","4":"has-post-thumbnail","6":"product_cat-fonts","7":"product_tag-branding","8":"product_tag-brush","9":"product_tag-dry","10":"product_tag-fast","11":"product_tag-handmade","12":"product_tag-handwriting","13":"product_tag-lettering","14":"product_tag-marker","15":"product_tag-pen","16":"product_tag-personal","17":"product_tag-script","18":"product_tag-signature","19":"product_tag-strokes","20":"product_tag-swashes","21":"desktop-align-left","22":"tablet-align-left","23":"mobile-align-left","25":"first","26":"instock","27":"downloadable","28":"virtual","29":"taxable","30":"purchasable","31":"product-type-simple"},"yoast_head":"<!-- This site is optimized with the Yoast SEO plugin v27.3 - https:\/\/yoast.com\/product\/yoast-seo-wordpress\/ -->\n<title>Midnight Rider - Graphimarket<\/title>\n<meta name=\"description\" content=\"Proudly introducing: Midnight Rider!A script font written in a dry marker with a quick and personal style. Perfect for branding...\" \/>\n<meta name=\"robots\" content=\"index, follow, max-snippet:-1, max-image-preview:large, max-video-preview:-1\" \/>\n<link rel=\"canonical\" href=\"https:\/\/graphimarket.com\/fr\/product\/midnight-rider\/\" \/>\n<meta property=\"og:locale\" content=\"fr_FR\" \/>\n<meta property=\"og:type\" content=\"article\" \/>\n<meta property=\"og:title\" content=\"Midnight Rider - Graphimarket\" \/>\n<meta property=\"og:description\" content=\"Proudly introducing: Midnight Rider!A script font written in a dry marker with a quick and personal style. Perfect for branding...\" \/>\n<meta property=\"og:url\" content=\"https:\/\/graphimarket.com\/fr\/product\/midnight-rider\/\" \/>\n<meta property=\"og:site_name\" content=\"Graphimarket\" \/>\n<meta property=\"article:modified_time\" content=\"2022-12-19T08:57:40+00:00\" \/>\n<meta property=\"og:image\" content=\"https:\/\/graphimarket.com\/wp-content\/uploads\/2020\/09\/86250449-3202-4a50-a285-64b3ad8687dc.jpg\" \/>\n\t<meta property=\"og:image:width\" content=\"1170\" \/>\n\t<meta property=\"og:image:height\" content=\"780\" \/>\n\t<meta property=\"og:image:type\" content=\"image\/jpeg\" \/>\n<meta name=\"twitter:card\" content=\"summary_large_image\" \/>\n<meta name=\"twitter:label1\" content=\"Est. reading time\" \/>\n\t<meta name=\"twitter:data1\" content=\"1 minute\" \/>\n<script type=\"application\/ld+json\" class=\"yoast-schema-graph\">{\"@context\":\"https:\\\/\\\/schema.org\",\"@graph\":[{\"@type\":\"WebPage\",\"@id\":\"https:\\\/\\\/graphimarket.com\\\/ja\\\/product\\\/midnight-rider\\\/\",\"url\":\"https:\\\/\\\/graphimarket.com\\\/ja\\\/product\\\/midnight-rider\\\/\",\"name\":\"Midnight Rider - Graphimarket\",\"isPartOf\":{\"@id\":\"https:\\\/\\\/graphimarket.com\\\/fr\\\/#website\"},\"primaryImageOfPage\":{\"@id\":\"https:\\\/\\\/graphimarket.com\\\/ja\\\/product\\\/midnight-rider\\\/#primaryimage\"},\"image\":{\"@id\":\"https:\\\/\\\/graphimarket.com\\\/ja\\\/product\\\/midnight-rider\\\/#primaryimage\"},\"thumbnailUrl\":\"https:\\\/\\\/graphimarket.com\\\/wp-content\\\/uploads\\\/2020\\\/09\\\/86250449-3202-4a50-a285-64b3ad8687dc.jpg\",\"datePublished\":\"2020-09-25T14:45:20+00:00\",\"dateModified\":\"2022-12-19T08:57:40+00:00\",\"description\":\"Proudly introducing: Midnight Rider!A script font written in a dry marker with a quick and personal style. Perfect for branding...\",\"breadcrumb\":{\"@id\":\"https:\\\/\\\/graphimarket.com\\\/ja\\\/product\\\/midnight-rider\\\/#breadcrumb\"},\"inLanguage\":\"fr-FR\",\"potentialAction\":[{\"@type\":\"ReadAction\",\"target\":[\"https:\\\/\\\/graphimarket.com\\\/ja\\\/product\\\/midnight-rider\\\/\"]}]},{\"@type\":\"ImageObject\",\"inLanguage\":\"fr-FR\",\"@id\":\"https:\\\/\\\/graphimarket.com\\\/ja\\\/product\\\/midnight-rider\\\/#primaryimage\",\"url\":\"https:\\\/\\\/graphimarket.com\\\/wp-content\\\/uploads\\\/2020\\\/09\\\/86250449-3202-4a50-a285-64b3ad8687dc.jpg\",\"contentUrl\":\"https:\\\/\\\/graphimarket.com\\\/wp-content\\\/uploads\\\/2020\\\/09\\\/86250449-3202-4a50-a285-64b3ad8687dc.jpg\",\"width\":1170,\"height\":780},{\"@type\":\"BreadcrumbList\",\"@id\":\"https:\\\/\\\/graphimarket.com\\\/ja\\\/product\\\/midnight-rider\\\/#breadcrumb\",\"itemListElement\":[{\"@type\":\"ListItem\",\"position\":1,\"name\":\"Home\",\"item\":\"https:\\\/\\\/graphimarket.com\\\/es\\\/\"},{\"@type\":\"ListItem\",\"position\":2,\"name\":\"Store\",\"item\":\"https:\\\/\\\/graphimarket.com\\\/store\\\/\"},{\"@type\":\"ListItem\",\"position\":3,\"name\":\"Midnight Rider\"}]},{\"@type\":\"WebSite\",\"@id\":\"https:\\\/\\\/graphimarket.com\\\/fr\\\/#website\",\"url\":\"https:\\\/\\\/graphimarket.com\\\/fr\\\/\",\"name\":\"Graphimarket\",\"description\":\"Find the perfect creative asset to bring your project to life\",\"publisher\":{\"@id\":\"https:\\\/\\\/graphimarket.com\\\/fr\\\/#organization\"},\"potentialAction\":[{\"@type\":\"SearchAction\",\"target\":{\"@type\":\"EntryPoint\",\"urlTemplate\":\"https:\\\/\\\/graphimarket.com\\\/fr\\\/?s={search_term_string}\"},\"query-input\":{\"@type\":\"PropertyValueSpecification\",\"valueRequired\":true,\"valueName\":\"search_term_string\"}}],\"inLanguage\":\"fr-FR\"},{\"@type\":\"Organization\",\"@id\":\"https:\\\/\\\/graphimarket.com\\\/fr\\\/#organization\",\"name\":\"Graphimarket\",\"url\":\"https:\\\/\\\/graphimarket.com\\\/fr\\\/\",\"logo\":{\"@type\":\"ImageObject\",\"inLanguage\":\"fr-FR\",\"@id\":\"https:\\\/\\\/graphimarket.com\\\/fr\\\/#\\\/schema\\\/logo\\\/image\\\/\",\"url\":\"https:\\\/\\\/graphimarket.com\\\/wp-content\\\/uploads\\\/2020\\\/08\\\/logo-48.png\",\"contentUrl\":\"https:\\\/\\\/graphimarket.com\\\/wp-content\\\/uploads\\\/2020\\\/08\\\/logo-48.png\",\"width\":132,\"height\":48,\"caption\":\"Graphimarket\"},\"image\":{\"@id\":\"https:\\\/\\\/graphimarket.com\\\/fr\\\/#\\\/schema\\\/logo\\\/image\\\/\"}}]}<\/script>\n<!-- \/ Yoast SEO plugin. -->","yoast_head_json":{"title":"Midnight Rider - Graphimarket","description":"Proudly introducing: Midnight Rider!A script font written in a dry marker with a quick and personal style. Perfect for branding...","robots":{"index":"index","follow":"follow","max-snippet":"max-snippet:-1","max-image-preview":"max-image-preview:large","max-video-preview":"max-video-preview:-1"},"canonical":"https:\/\/graphimarket.com\/fr\/product\/midnight-rider\/","og_locale":"fr_FR","og_type":"article","og_title":"Midnight Rider - Graphimarket","og_description":"Proudly introducing: Midnight Rider!A script font written in a dry marker with a quick and personal style. Perfect for branding...","og_url":"https:\/\/graphimarket.com\/fr\/product\/midnight-rider\/","og_site_name":"Graphimarket","article_modified_time":"2022-12-19T08:57:40+00:00","og_image":[{"width":1170,"height":780,"url":"https:\/\/graphimarket.com\/wp-content\/uploads\/2020\/09\/86250449-3202-4a50-a285-64b3ad8687dc.jpg","type":"image\/jpeg"}],"twitter_card":"summary_large_image","twitter_misc":{"Est. reading time":"1 minute"},"schema":{"@context":"https:\/\/schema.org","@graph":[{"@type":"WebPage","@id":"https:\/\/graphimarket.com\/ja\/product\/midnight-rider\/","url":"https:\/\/graphimarket.com\/ja\/product\/midnight-rider\/","name":"Midnight Rider - Graphimarket","isPartOf":{"@id":"https:\/\/graphimarket.com\/fr\/#website"},"primaryImageOfPage":{"@id":"https:\/\/graphimarket.com\/ja\/product\/midnight-rider\/#primaryimage"},"image":{"@id":"https:\/\/graphimarket.com\/ja\/product\/midnight-rider\/#primaryimage"},"thumbnailUrl":"https:\/\/graphimarket.com\/wp-content\/uploads\/2020\/09\/86250449-3202-4a50-a285-64b3ad8687dc.jpg","datePublished":"2020-09-25T14:45:20+00:00","dateModified":"2022-12-19T08:57:40+00:00","description":"Proudly introducing: Midnight Rider!A script font written in a dry marker with a quick and personal style. Perfect for branding...","breadcrumb":{"@id":"https:\/\/graphimarket.com\/ja\/product\/midnight-rider\/#breadcrumb"},"inLanguage":"fr-FR","potentialAction":[{"@type":"ReadAction","target":["https:\/\/graphimarket.com\/ja\/product\/midnight-rider\/"]}]},{"@type":"ImageObject","inLanguage":"fr-FR","@id":"https:\/\/graphimarket.com\/ja\/product\/midnight-rider\/#primaryimage","url":"https:\/\/graphimarket.com\/wp-content\/uploads\/2020\/09\/86250449-3202-4a50-a285-64b3ad8687dc.jpg","contentUrl":"https:\/\/graphimarket.com\/wp-content\/uploads\/2020\/09\/86250449-3202-4a50-a285-64b3ad8687dc.jpg","width":1170,"height":780},{"@type":"BreadcrumbList","@id":"https:\/\/graphimarket.com\/ja\/product\/midnight-rider\/#breadcrumb","itemListElement":[{"@type":"ListItem","position":1,"name":"Home","item":"https:\/\/graphimarket.com\/es\/"},{"@type":"ListItem","position":2,"name":"Store","item":"https:\/\/graphimarket.com\/store\/"},{"@type":"ListItem","position":3,"name":"Midnight Rider"}]},{"@type":"WebSite","@id":"https:\/\/graphimarket.com\/fr\/#website","url":"https:\/\/graphimarket.com\/fr\/","name":"Graphimarket","description":"Trouvez l&#039;atout cr\u00e9atif parfait pour donner vie \u00e0 votre projet","publisher":{"@id":"https:\/\/graphimarket.com\/fr\/#organization"},"potentialAction":[{"@type":"SearchAction","target":{"@type":"EntryPoint","urlTemplate":"https:\/\/graphimarket.com\/fr\/?s={search_term_string}"},"query-input":{"@type":"PropertyValueSpecification","valueRequired":true,"valueName":"search_term_string"}}],"inLanguage":"fr-FR"},{"@type":"Organization","@id":"https:\/\/graphimarket.com\/fr\/#organization","name":"Graphimarket","url":"https:\/\/graphimarket.com\/fr\/","logo":{"@type":"ImageObject","inLanguage":"fr-FR","@id":"https:\/\/graphimarket.com\/fr\/#\/schema\/logo\/image\/","url":"https:\/\/graphimarket.com\/wp-content\/uploads\/2020\/08\/logo-48.png","contentUrl":"https:\/\/graphimarket.com\/wp-content\/uploads\/2020\/08\/logo-48.png","width":132,"height":48,"caption":"Graphimarket"},"image":{"@id":"https:\/\/graphimarket.com\/fr\/#\/schema\/logo\/image\/"}}]}},"_links":{"self":[{"href":"https:\/\/graphimarket.com\/fr\/wp-json\/wp\/v2\/product\/11336","targetHints":{"allow":["GET"]}}],"collection":[{"href":"https:\/\/graphimarket.com\/fr\/wp-json\/wp\/v2\/product"}],"about":[{"href":"https:\/\/graphimarket.com\/fr\/wp-json\/wp\/v2\/types\/product"}],"replies":[{"embeddable":true,"href":"https:\/\/graphimarket.com\/fr\/wp-json\/wp\/v2\/comments?post=11336"}],"version-history":[{"count":0,"href":"https:\/\/graphimarket.com\/fr\/wp-json\/wp\/v2\/product\/11336\/revisions"}],"wp:featuredmedia":[{"embeddable":true,"href":"https:\/\/graphimarket.com\/fr\/wp-json\/wp\/v2\/media\/11339"}],"wp:attachment":[{"href":"https:\/\/graphimarket.com\/fr\/wp-json\/wp\/v2\/media?parent=11336"}],"wp:term":[{"taxonomy":"product_brand","embeddable":true,"href":"https:\/\/graphimarket.com\/fr\/wp-json\/wp\/v2\/product_brand?post=11336"},{"taxonomy":"product_cat","embeddable":true,"href":"https:\/\/graphimarket.com\/fr\/wp-json\/wp\/v2\/product_cat?post=11336"},{"taxonomy":"product_tag","embeddable":true,"href":"https:\/\/graphimarket.com\/fr\/wp-json\/wp\/v2\/product_tag?post=11336"}],"curies":[{"name":"wp","href":"https:\/\/api.w.org\/{rel}","templated":true}]}}