{"id":11371,"date":"2020-09-28T16:29:18","date_gmt":"2020-09-28T14:29:18","guid":{"rendered":"https:\/\/graphimarket.com\/?post_type=product&#038;p=11371"},"modified":"2022-12-19T09:57:16","modified_gmt":"2022-12-19T08:57:16","slug":"bright-airy-lightroom-preset","status":"publish","type":"product","link":"https:\/\/graphimarket.com\/fr\/product\/bright-airy-lightroom-preset\/","title":{"rendered":"Lumineux et a\u00e9r\u00e9 | Pr\u00e9r\u00e9glage Lightroom"},"content":{"rendered":"<div class=\"_2Masz2rr\">\n<p>Bright &amp; Airy Lightroom Desktop pr\u00e9d\u00e9fini pour une large gamme de styles de photographie - flux instagram \u00e9l\u00e9gant, mariages, style de vie, mode et voyages. Choix parfait pour ajouter des sensations lumineuses et a\u00e9r\u00e9es avec des lumi\u00e8res douces et une ambiance lumineuse l\u00e9g\u00e8rement minimaliste que vous adorerez voir sur vos photos!<\/p>\n<p>Amusez-vous \u00e0 \u00e9valuer les couleurs!<\/p>\n<p>Dans de nombreux cas, vous pourrez obtenir un excellent r\u00e9sultat en un instant. Cependant, vous pouvez toujours effectuer des ajustements, augmenter \/ diminuer l&#039;intensit\u00e9, r\u00e9gler le contraste, etc. en fonction des clips vid\u00e9o et des photos individuels.<\/p>\n<p>\u2605\u2605\u2605\u2605\u2605 CE QUE VOUS OBTIENDREZ AVEC L&#039;ACHAT: BRIGHT &amp; AIRY Lightroom Desktop Preset \/ .xmp file<\/p>\n<\/div>\n<p>&nbsp;<\/p>\n<p><img fetchpriority=\"high\" decoding=\"async\" class=\"aligncenter wp-image-11372 size-full\" src=\"https:\/\/graphimarket.com\/wp-content\/uploads\/2020\/09\/d672d63c-4280-48e0-ab3c-bcb04b0aef38.jpg\" alt=\"\" width=\"1370\" height=\"914\" srcset=\"https:\/\/graphimarket.com\/wp-content\/uploads\/2020\/09\/d672d63c-4280-48e0-ab3c-bcb04b0aef38.jpg 1370w, https:\/\/graphimarket.com\/wp-content\/uploads\/2020\/09\/d672d63c-4280-48e0-ab3c-bcb04b0aef38-300x200.jpg 300w, https:\/\/graphimarket.com\/wp-content\/uploads\/2020\/09\/d672d63c-4280-48e0-ab3c-bcb04b0aef38-1024x683.jpg 1024w, https:\/\/graphimarket.com\/wp-content\/uploads\/2020\/09\/d672d63c-4280-48e0-ab3c-bcb04b0aef38-768x512.jpg 768w, https:\/\/graphimarket.com\/wp-content\/uploads\/2020\/09\/d672d63c-4280-48e0-ab3c-bcb04b0aef38-1320x881.jpg 1320w, https:\/\/graphimarket.com\/wp-content\/uploads\/2020\/09\/d672d63c-4280-48e0-ab3c-bcb04b0aef38-600x400.jpg 600w\" sizes=\"(max-width: 1370px) 100vw, 1370px\" \/> <img decoding=\"async\" class=\"aligncenter wp-image-11373 size-full\" src=\"https:\/\/graphimarket.com\/wp-content\/uploads\/2020\/09\/4c1451bd-724a-4149-a1a3-ff2f29107ce8.jpg\" alt=\"\" width=\"1370\" height=\"913\" srcset=\"https:\/\/graphimarket.com\/wp-content\/uploads\/2020\/09\/4c1451bd-724a-4149-a1a3-ff2f29107ce8.jpg 1370w, https:\/\/graphimarket.com\/wp-content\/uploads\/2020\/09\/4c1451bd-724a-4149-a1a3-ff2f29107ce8-300x200.jpg 300w, https:\/\/graphimarket.com\/wp-content\/uploads\/2020\/09\/4c1451bd-724a-4149-a1a3-ff2f29107ce8-1024x682.jpg 1024w, https:\/\/graphimarket.com\/wp-content\/uploads\/2020\/09\/4c1451bd-724a-4149-a1a3-ff2f29107ce8-768x512.jpg 768w, https:\/\/graphimarket.com\/wp-content\/uploads\/2020\/09\/4c1451bd-724a-4149-a1a3-ff2f29107ce8-1320x880.jpg 1320w, https:\/\/graphimarket.com\/wp-content\/uploads\/2020\/09\/4c1451bd-724a-4149-a1a3-ff2f29107ce8-600x400.jpg 600w\" sizes=\"(max-width: 1370px) 100vw, 1370px\" \/> <img decoding=\"async\" class=\"aligncenter wp-image-11374 size-full\" src=\"https:\/\/graphimarket.com\/wp-content\/uploads\/2020\/09\/cb377793-c187-4db1-a30a-6c936e324a48.jpg\" alt=\"\" width=\"1370\" height=\"914\" srcset=\"https:\/\/graphimarket.com\/wp-content\/uploads\/2020\/09\/cb377793-c187-4db1-a30a-6c936e324a48.jpg 1370w, https:\/\/graphimarket.com\/wp-content\/uploads\/2020\/09\/cb377793-c187-4db1-a30a-6c936e324a48-300x200.jpg 300w, https:\/\/graphimarket.com\/wp-content\/uploads\/2020\/09\/cb377793-c187-4db1-a30a-6c936e324a48-1024x683.jpg 1024w, https:\/\/graphimarket.com\/wp-content\/uploads\/2020\/09\/cb377793-c187-4db1-a30a-6c936e324a48-768x512.jpg 768w, https:\/\/graphimarket.com\/wp-content\/uploads\/2020\/09\/cb377793-c187-4db1-a30a-6c936e324a48-1320x881.jpg 1320w, https:\/\/graphimarket.com\/wp-content\/uploads\/2020\/09\/cb377793-c187-4db1-a30a-6c936e324a48-600x400.jpg 600w\" sizes=\"(max-width: 1370px) 100vw, 1370px\" \/> <img loading=\"lazy\" decoding=\"async\" class=\"aligncenter wp-image-11375 size-full\" src=\"https:\/\/graphimarket.com\/wp-content\/uploads\/2020\/09\/cf059897-fdce-4c77-addb-cf4a9ea95c26.jpg\" alt=\"\" width=\"1370\" height=\"914\" srcset=\"https:\/\/graphimarket.com\/wp-content\/uploads\/2020\/09\/cf059897-fdce-4c77-addb-cf4a9ea95c26.jpg 1370w, https:\/\/graphimarket.com\/wp-content\/uploads\/2020\/09\/cf059897-fdce-4c77-addb-cf4a9ea95c26-300x200.jpg 300w, https:\/\/graphimarket.com\/wp-content\/uploads\/2020\/09\/cf059897-fdce-4c77-addb-cf4a9ea95c26-1024x683.jpg 1024w, https:\/\/graphimarket.com\/wp-content\/uploads\/2020\/09\/cf059897-fdce-4c77-addb-cf4a9ea95c26-768x512.jpg 768w, https:\/\/graphimarket.com\/wp-content\/uploads\/2020\/09\/cf059897-fdce-4c77-addb-cf4a9ea95c26-1320x881.jpg 1320w, https:\/\/graphimarket.com\/wp-content\/uploads\/2020\/09\/cf059897-fdce-4c77-addb-cf4a9ea95c26-600x400.jpg 600w\" sizes=\"(max-width: 1370px) 100vw, 1370px\" \/><\/p>\n<div class=\"_3YqMOf9R\">\n<div class=\"_3KAa4-GZ frEFeDSS\"><\/div>\n<\/div>","protected":false},"excerpt":{"rendered":"<p>Bright &amp; Airy Lightroom Desktop preset for wide range of photography styles &#8211; stylish instagram feed, weddings, lifestyle, fashion and travel. Perfect choice for adding bright and airy feels with smooth hightlights and a slightly minimalistic bright mood you will love to see on your pictures! Have fun color grading! In many instances you will [&hellip;]<\/p>\n","protected":false},"featured_media":11373,"comment_status":"open","ping_status":"closed","template":"","meta":{"site-sidebar-layout":"default","site-content-layout":"default","ast-site-content-layout":"default","site-content-style":"default","site-sidebar-style":"default","ast-global-header-display":"","ast-banner-title-visibility":"","ast-main-header-display":"","ast-hfb-above-header-display":"","ast-hfb-below-header-display":"","ast-hfb-mobile-header-display":"","site-post-title":"","ast-breadcrumbs-content":"","ast-featured-img":"","footer-sml-layout":"","ast-disable-related-posts":"","theme-transparent-header-meta":"default","adv-header-id-meta":"","stick-header-meta":"","header-above-stick-meta":"","header-main-stick-meta":"","header-below-stick-meta":"","astra-migrate-meta-layouts":"default","ast-page-background-enabled":"default","ast-page-background-meta":{"desktop":{"background-color":"","background-image":"","background-repeat":"repeat","background-position":"center center","background-size":"auto","background-attachment":"scroll","background-type":"","background-media":"","overlay-type":"","overlay-color":"","overlay-opacity":"","overlay-gradient":""},"tablet":{"background-color":"","background-image":"","background-repeat":"repeat","background-position":"center center","background-size":"auto","background-attachment":"scroll","background-type":"","background-media":"","overlay-type":"","overlay-color":"","overlay-opacity":"","overlay-gradient":""},"mobile":{"background-color":"","background-image":"","background-repeat":"repeat","background-position":"center center","background-size":"auto","background-attachment":"scroll","background-type":"","background-media":"","overlay-type":"","overlay-color":"","overlay-opacity":"","overlay-gradient":""}},"ast-content-background-meta":{"desktop":{"background-color":"var(--ast-global-color-5)","background-image":"","background-repeat":"repeat","background-position":"center center","background-size":"auto","background-attachment":"scroll","background-type":"","background-media":"","overlay-type":"","overlay-color":"","overlay-opacity":"","overlay-gradient":""},"tablet":{"background-color":"var(--ast-global-color-5)","background-image":"","background-repeat":"repeat","background-position":"center center","background-size":"auto","background-attachment":"scroll","background-type":"","background-media":"","overlay-type":"","overlay-color":"","overlay-opacity":"","overlay-gradient":""},"mobile":{"background-color":"var(--ast-global-color-5)","background-image":"","background-repeat":"repeat","background-position":"center center","background-size":"auto","background-attachment":"scroll","background-type":"","background-media":"","overlay-type":"","overlay-color":"","overlay-opacity":"","overlay-gradient":""}}},"product_brand":[],"product_cat":[131],"product_tag":[1357,1362,370,417,380,372,283,335,1363,412,1104,1351,1361,1364],"class_list":{"0":"post-11371","1":"product","2":"type-product","3":"status-publish","4":"has-post-thumbnail","6":"product_cat-lightroom-preset","7":"product_tag-airy","8":"product_tag-beach","9":"product_tag-blogger","10":"product_tag-bright","11":"product_tag-desktop","12":"product_tag-instagram","13":"product_tag-light","14":"product_tag-lightroom","15":"product_tag-lightroomcc","16":"product_tag-preset","17":"product_tag-summer","18":"product_tag-travel","19":"product_tag-tropical","20":"product_tag-vibe","21":"desktop-align-left","22":"tablet-align-left","23":"mobile-align-left","25":"first","26":"instock","27":"downloadable","28":"virtual","29":"taxable","30":"purchasable","31":"product-type-simple"},"yoast_head":"<!-- This site is optimized with the Yoast SEO plugin v27.3 - https:\/\/yoast.com\/product\/yoast-seo-wordpress\/ -->\n<title>Bright &amp; Airy | Lightroom Preset - Graphimarket<\/title>\n<meta name=\"description\" content=\"Bright &amp; Airy Lightroom Desktop preset for wide range of photography styles - stylish instagram feed, weddings, lifestyle...\" \/>\n<meta name=\"robots\" content=\"index, follow, max-snippet:-1, max-image-preview:large, max-video-preview:-1\" \/>\n<link rel=\"canonical\" href=\"https:\/\/graphimarket.com\/fr\/product\/bright-airy-lightroom-preset\/\" \/>\n<meta property=\"og:locale\" content=\"fr_FR\" \/>\n<meta property=\"og:type\" content=\"article\" \/>\n<meta property=\"og:title\" content=\"Bright &amp; Airy | Lightroom Preset - Graphimarket\" \/>\n<meta property=\"og:description\" content=\"Bright &amp; Airy Lightroom Desktop preset for wide range of photography styles - stylish instagram feed, weddings, lifestyle...\" \/>\n<meta property=\"og:url\" content=\"https:\/\/graphimarket.com\/fr\/product\/bright-airy-lightroom-preset\/\" \/>\n<meta property=\"og:site_name\" content=\"Graphimarket\" \/>\n<meta property=\"article:modified_time\" content=\"2022-12-19T08:57:16+00:00\" \/>\n<meta property=\"og:image\" content=\"https:\/\/graphimarket.com\/wp-content\/uploads\/2020\/09\/4c1451bd-724a-4149-a1a3-ff2f29107ce8.jpg\" \/>\n\t<meta property=\"og:image:width\" content=\"1370\" \/>\n\t<meta property=\"og:image:height\" content=\"913\" \/>\n\t<meta property=\"og:image:type\" content=\"image\/jpeg\" \/>\n<meta name=\"twitter:card\" content=\"summary_large_image\" \/>\n<meta name=\"twitter:label1\" content=\"Est. reading time\" \/>\n\t<meta name=\"twitter:data1\" content=\"1 minute\" \/>\n<script type=\"application\/ld+json\" class=\"yoast-schema-graph\">{\"@context\":\"https:\\\/\\\/schema.org\",\"@graph\":[{\"@type\":\"WebPage\",\"@id\":\"https:\\\/\\\/graphimarket.com\\\/product\\\/bright-airy-lightroom-preset\\\/\",\"url\":\"https:\\\/\\\/graphimarket.com\\\/product\\\/bright-airy-lightroom-preset\\\/\",\"name\":\"Bright & Airy | Lightroom Preset - Graphimarket\",\"isPartOf\":{\"@id\":\"https:\\\/\\\/graphimarket.com\\\/fr\\\/#website\"},\"primaryImageOfPage\":{\"@id\":\"https:\\\/\\\/graphimarket.com\\\/product\\\/bright-airy-lightroom-preset\\\/#primaryimage\"},\"image\":{\"@id\":\"https:\\\/\\\/graphimarket.com\\\/product\\\/bright-airy-lightroom-preset\\\/#primaryimage\"},\"thumbnailUrl\":\"https:\\\/\\\/graphimarket.com\\\/wp-content\\\/uploads\\\/2020\\\/09\\\/4c1451bd-724a-4149-a1a3-ff2f29107ce8.jpg\",\"datePublished\":\"2020-09-28T14:29:18+00:00\",\"dateModified\":\"2022-12-19T08:57:16+00:00\",\"description\":\"Bright & Airy Lightroom Desktop preset for wide range of photography styles - stylish instagram feed, weddings, lifestyle...\",\"breadcrumb\":{\"@id\":\"https:\\\/\\\/graphimarket.com\\\/product\\\/bright-airy-lightroom-preset\\\/#breadcrumb\"},\"inLanguage\":\"fr-FR\",\"potentialAction\":[{\"@type\":\"ReadAction\",\"target\":[\"https:\\\/\\\/graphimarket.com\\\/product\\\/bright-airy-lightroom-preset\\\/\"]}]},{\"@type\":\"ImageObject\",\"inLanguage\":\"fr-FR\",\"@id\":\"https:\\\/\\\/graphimarket.com\\\/product\\\/bright-airy-lightroom-preset\\\/#primaryimage\",\"url\":\"https:\\\/\\\/graphimarket.com\\\/wp-content\\\/uploads\\\/2020\\\/09\\\/4c1451bd-724a-4149-a1a3-ff2f29107ce8.jpg\",\"contentUrl\":\"https:\\\/\\\/graphimarket.com\\\/wp-content\\\/uploads\\\/2020\\\/09\\\/4c1451bd-724a-4149-a1a3-ff2f29107ce8.jpg\",\"width\":1370,\"height\":913},{\"@type\":\"BreadcrumbList\",\"@id\":\"https:\\\/\\\/graphimarket.com\\\/product\\\/bright-airy-lightroom-preset\\\/#breadcrumb\",\"itemListElement\":[{\"@type\":\"ListItem\",\"position\":1,\"name\":\"Home\",\"item\":\"https:\\\/\\\/graphimarket.com\\\/es\\\/\"},{\"@type\":\"ListItem\",\"position\":2,\"name\":\"Store\",\"item\":\"https:\\\/\\\/graphimarket.com\\\/store\\\/\"},{\"@type\":\"ListItem\",\"position\":3,\"name\":\"Bright &#038; Airy | Lightroom Preset\"}]},{\"@type\":\"WebSite\",\"@id\":\"https:\\\/\\\/graphimarket.com\\\/fr\\\/#website\",\"url\":\"https:\\\/\\\/graphimarket.com\\\/fr\\\/\",\"name\":\"Graphimarket\",\"description\":\"Find the perfect creative asset to bring your project to life\",\"publisher\":{\"@id\":\"https:\\\/\\\/graphimarket.com\\\/fr\\\/#organization\"},\"potentialAction\":[{\"@type\":\"SearchAction\",\"target\":{\"@type\":\"EntryPoint\",\"urlTemplate\":\"https:\\\/\\\/graphimarket.com\\\/fr\\\/?s={search_term_string}\"},\"query-input\":{\"@type\":\"PropertyValueSpecification\",\"valueRequired\":true,\"valueName\":\"search_term_string\"}}],\"inLanguage\":\"fr-FR\"},{\"@type\":\"Organization\",\"@id\":\"https:\\\/\\\/graphimarket.com\\\/fr\\\/#organization\",\"name\":\"Graphimarket\",\"url\":\"https:\\\/\\\/graphimarket.com\\\/fr\\\/\",\"logo\":{\"@type\":\"ImageObject\",\"inLanguage\":\"fr-FR\",\"@id\":\"https:\\\/\\\/graphimarket.com\\\/fr\\\/#\\\/schema\\\/logo\\\/image\\\/\",\"url\":\"https:\\\/\\\/graphimarket.com\\\/wp-content\\\/uploads\\\/2020\\\/08\\\/logo-48.png\",\"contentUrl\":\"https:\\\/\\\/graphimarket.com\\\/wp-content\\\/uploads\\\/2020\\\/08\\\/logo-48.png\",\"width\":132,\"height\":48,\"caption\":\"Graphimarket\"},\"image\":{\"@id\":\"https:\\\/\\\/graphimarket.com\\\/fr\\\/#\\\/schema\\\/logo\\\/image\\\/\"}}]}<\/script>\n<!-- \/ Yoast SEO plugin. -->","yoast_head_json":{"title":"Lumineux et a\u00e9r\u00e9 | Pr\u00e9r\u00e9glage Lightroom - Graphimarket","description":"Bright &amp; Airy Lightroom Desktop pr\u00e9d\u00e9fini pour une large gamme de styles de photographie - flux instagram \u00e9l\u00e9gant, mariages, style de vie ...","robots":{"index":"index","follow":"follow","max-snippet":"max-snippet:-1","max-image-preview":"max-image-preview:large","max-video-preview":"max-video-preview:-1"},"canonical":"https:\/\/graphimarket.com\/fr\/product\/bright-airy-lightroom-preset\/","og_locale":"fr_FR","og_type":"article","og_title":"Bright & Airy | Lightroom Preset - Graphimarket","og_description":"Bright & Airy Lightroom Desktop preset for wide range of photography styles - stylish instagram feed, weddings, lifestyle...","og_url":"https:\/\/graphimarket.com\/fr\/product\/bright-airy-lightroom-preset\/","og_site_name":"Graphimarket","article_modified_time":"2022-12-19T08:57:16+00:00","og_image":[{"width":1370,"height":913,"url":"https:\/\/graphimarket.com\/wp-content\/uploads\/2020\/09\/4c1451bd-724a-4149-a1a3-ff2f29107ce8.jpg","type":"image\/jpeg"}],"twitter_card":"summary_large_image","twitter_misc":{"Est. reading time":"1 minute"},"schema":{"@context":"https:\/\/schema.org","@graph":[{"@type":"WebPage","@id":"https:\/\/graphimarket.com\/product\/bright-airy-lightroom-preset\/","url":"https:\/\/graphimarket.com\/product\/bright-airy-lightroom-preset\/","name":"Lumineux et a\u00e9r\u00e9 | Pr\u00e9r\u00e9glage Lightroom - Graphimarket","isPartOf":{"@id":"https:\/\/graphimarket.com\/fr\/#website"},"primaryImageOfPage":{"@id":"https:\/\/graphimarket.com\/product\/bright-airy-lightroom-preset\/#primaryimage"},"image":{"@id":"https:\/\/graphimarket.com\/product\/bright-airy-lightroom-preset\/#primaryimage"},"thumbnailUrl":"https:\/\/graphimarket.com\/wp-content\/uploads\/2020\/09\/4c1451bd-724a-4149-a1a3-ff2f29107ce8.jpg","datePublished":"2020-09-28T14:29:18+00:00","dateModified":"2022-12-19T08:57:16+00:00","description":"Bright &amp; Airy Lightroom Desktop pr\u00e9d\u00e9fini pour une large gamme de styles de photographie - flux instagram \u00e9l\u00e9gant, mariages, style de vie ...","breadcrumb":{"@id":"https:\/\/graphimarket.com\/product\/bright-airy-lightroom-preset\/#breadcrumb"},"inLanguage":"fr-FR","potentialAction":[{"@type":"ReadAction","target":["https:\/\/graphimarket.com\/product\/bright-airy-lightroom-preset\/"]}]},{"@type":"ImageObject","inLanguage":"fr-FR","@id":"https:\/\/graphimarket.com\/product\/bright-airy-lightroom-preset\/#primaryimage","url":"https:\/\/graphimarket.com\/wp-content\/uploads\/2020\/09\/4c1451bd-724a-4149-a1a3-ff2f29107ce8.jpg","contentUrl":"https:\/\/graphimarket.com\/wp-content\/uploads\/2020\/09\/4c1451bd-724a-4149-a1a3-ff2f29107ce8.jpg","width":1370,"height":913},{"@type":"BreadcrumbList","@id":"https:\/\/graphimarket.com\/product\/bright-airy-lightroom-preset\/#breadcrumb","itemListElement":[{"@type":"ListItem","position":1,"name":"Home","item":"https:\/\/graphimarket.com\/es\/"},{"@type":"ListItem","position":2,"name":"Store","item":"https:\/\/graphimarket.com\/store\/"},{"@type":"ListItem","position":3,"name":"Bright &#038; Airy | Lightroom Preset"}]},{"@type":"WebSite","@id":"https:\/\/graphimarket.com\/fr\/#website","url":"https:\/\/graphimarket.com\/fr\/","name":"Graphimarket","description":"Trouvez l&#039;atout cr\u00e9atif parfait pour donner vie \u00e0 votre projet","publisher":{"@id":"https:\/\/graphimarket.com\/fr\/#organization"},"potentialAction":[{"@type":"SearchAction","target":{"@type":"EntryPoint","urlTemplate":"https:\/\/graphimarket.com\/fr\/?s={search_term_string}"},"query-input":{"@type":"PropertyValueSpecification","valueRequired":true,"valueName":"search_term_string"}}],"inLanguage":"fr-FR"},{"@type":"Organization","@id":"https:\/\/graphimarket.com\/fr\/#organization","name":"Graphimarket","url":"https:\/\/graphimarket.com\/fr\/","logo":{"@type":"ImageObject","inLanguage":"fr-FR","@id":"https:\/\/graphimarket.com\/fr\/#\/schema\/logo\/image\/","url":"https:\/\/graphimarket.com\/wp-content\/uploads\/2020\/08\/logo-48.png","contentUrl":"https:\/\/graphimarket.com\/wp-content\/uploads\/2020\/08\/logo-48.png","width":132,"height":48,"caption":"Graphimarket"},"image":{"@id":"https:\/\/graphimarket.com\/fr\/#\/schema\/logo\/image\/"}}]}},"_links":{"self":[{"href":"https:\/\/graphimarket.com\/fr\/wp-json\/wp\/v2\/product\/11371","targetHints":{"allow":["GET"]}}],"collection":[{"href":"https:\/\/graphimarket.com\/fr\/wp-json\/wp\/v2\/product"}],"about":[{"href":"https:\/\/graphimarket.com\/fr\/wp-json\/wp\/v2\/types\/product"}],"replies":[{"embeddable":true,"href":"https:\/\/graphimarket.com\/fr\/wp-json\/wp\/v2\/comments?post=11371"}],"version-history":[{"count":0,"href":"https:\/\/graphimarket.com\/fr\/wp-json\/wp\/v2\/product\/11371\/revisions"}],"wp:featuredmedia":[{"embeddable":true,"href":"https:\/\/graphimarket.com\/fr\/wp-json\/wp\/v2\/media\/11373"}],"wp:attachment":[{"href":"https:\/\/graphimarket.com\/fr\/wp-json\/wp\/v2\/media?parent=11371"}],"wp:term":[{"taxonomy":"product_brand","embeddable":true,"href":"https:\/\/graphimarket.com\/fr\/wp-json\/wp\/v2\/product_brand?post=11371"},{"taxonomy":"product_cat","embeddable":true,"href":"https:\/\/graphimarket.com\/fr\/wp-json\/wp\/v2\/product_cat?post=11371"},{"taxonomy":"product_tag","embeddable":true,"href":"https:\/\/graphimarket.com\/fr\/wp-json\/wp\/v2\/product_tag?post=11371"}],"curies":[{"name":"wp","href":"https:\/\/api.w.org\/{rel}","templated":true}]}}