{"id":11377,"date":"2020-09-28T16:35:16","date_gmt":"2020-09-28T14:35:16","guid":{"rendered":"https:\/\/graphimarket.com\/?post_type=product&#038;p=11377"},"modified":"2022-12-19T09:54:36","modified_gmt":"2022-12-19T08:54:36","slug":"ferrara-mobile-desktop-lightroom-preset","status":"publish","type":"product","link":"https:\/\/graphimarket.com\/fr\/product\/ferrara-mobile-desktop-lightroom-preset\/","title":{"rendered":"Pr\u00e9r\u00e9glage Ferrara Mobile &amp; Desktop Lightroom"},"content":{"rendered":"<div class=\"_2Masz2rr\">\n<p><strong>Ferrara Mobile &amp; Desktop Lightroom Presets<\/strong>\u00a0that will produces sharpness, bright colors, warm and reddish glow tones in your photographs within few clicks! These presets work in a non-destructive way to achieve a high quality look. Each preset is fully editable, so you can perfect your photo artwork just as you envision it. This collection is well-balanced and perfect for an array of settings for indoor and outdoor photography, wedding photography, urban, portraits, fashion, travel photography, engagement, landscapes, weddings, architecture, food photography, lifestyle, and everything in between.<\/p>\n<p><strong>Traits:<\/strong><\/p>\n<ul>\n<li>Takes only a single click.<\/li>\n<li>High-quality result.<\/li>\n<li>Easily editable effects.<\/li>\n<li>Non-destructive Workflow.<\/li>\n<li>Detailed help\/Instructions PDF file included.<\/li>\n<li>Completely experimented &amp; tested.<\/li>\n<\/ul>\n<p><strong>Included:<\/strong><\/p>\n<ul>\n<li>11 .LR Template Files<\/li>\n<li>1 CameraRaw Photoshop Action File<\/li>\n<li>11 DNG Files<\/li>\n<li>11 CameraRAW Xmp Files<\/li>\n<li>4 Readme Files<\/li>\n<\/ul>\n<p><strong>Compatibilit\u00e9:<\/strong><\/p>\n<ul>\n<li>Lightroom 4, 5, 6 and 7(CC)<\/li>\n<li>Adobe Photoshop Action<\/li>\n<li>Adobe Lightroom Mobile<\/li>\n<li>Compatible avec un Mac et un PC<\/li>\n<li>Work on RAW and JPEG images<\/li>\n<li>Peut \u00eatre facilement ajust\u00e9 pour s&#039;adapter \u00e0 votre image<\/li>\n<li>Les instructions d&#039;installation sont incluses<\/li>\n<\/ul>\n<\/div>\n<div class=\"_3KAa4-GZ frEFeDSS\"><\/div>\n<div><img fetchpriority=\"high\" decoding=\"async\" class=\"aligncenter wp-image-11378 size-full\" src=\"https:\/\/graphimarket.com\/wp-content\/uploads\/2020\/09\/e1bc5175-fb63-4f4f-9231-0ee6ec3d2c05.jpg\" alt=\"\" width=\"1170\" height=\"780\" srcset=\"https:\/\/graphimarket.com\/wp-content\/uploads\/2020\/09\/e1bc5175-fb63-4f4f-9231-0ee6ec3d2c05.jpg 1170w, https:\/\/graphimarket.com\/wp-content\/uploads\/2020\/09\/e1bc5175-fb63-4f4f-9231-0ee6ec3d2c05-300x200.jpg 300w, https:\/\/graphimarket.com\/wp-content\/uploads\/2020\/09\/e1bc5175-fb63-4f4f-9231-0ee6ec3d2c05-1024x683.jpg 1024w, https:\/\/graphimarket.com\/wp-content\/uploads\/2020\/09\/e1bc5175-fb63-4f4f-9231-0ee6ec3d2c05-768x512.jpg 768w, https:\/\/graphimarket.com\/wp-content\/uploads\/2020\/09\/e1bc5175-fb63-4f4f-9231-0ee6ec3d2c05-600x400.jpg 600w\" sizes=\"(max-width: 1170px) 100vw, 1170px\" \/> <img decoding=\"async\" class=\"aligncenter wp-image-11379 size-full\" src=\"https:\/\/graphimarket.com\/wp-content\/uploads\/2020\/09\/f6c44218-fcd2-43b4-b6f0-da2dd3dba958.jpg\" alt=\"\" width=\"1170\" height=\"780\" srcset=\"https:\/\/graphimarket.com\/wp-content\/uploads\/2020\/09\/f6c44218-fcd2-43b4-b6f0-da2dd3dba958.jpg 1170w, https:\/\/graphimarket.com\/wp-content\/uploads\/2020\/09\/f6c44218-fcd2-43b4-b6f0-da2dd3dba958-300x200.jpg 300w, https:\/\/graphimarket.com\/wp-content\/uploads\/2020\/09\/f6c44218-fcd2-43b4-b6f0-da2dd3dba958-1024x683.jpg 1024w, https:\/\/graphimarket.com\/wp-content\/uploads\/2020\/09\/f6c44218-fcd2-43b4-b6f0-da2dd3dba958-768x512.jpg 768w, https:\/\/graphimarket.com\/wp-content\/uploads\/2020\/09\/f6c44218-fcd2-43b4-b6f0-da2dd3dba958-600x400.jpg 600w\" sizes=\"(max-width: 1170px) 100vw, 1170px\" \/> <img decoding=\"async\" class=\"aligncenter wp-image-11380 size-full\" src=\"https:\/\/graphimarket.com\/wp-content\/uploads\/2020\/09\/280af3e6-26bb-4e94-ae22-003c939c0d2e.jpg\" alt=\"\" width=\"1170\" height=\"780\" srcset=\"https:\/\/graphimarket.com\/wp-content\/uploads\/2020\/09\/280af3e6-26bb-4e94-ae22-003c939c0d2e.jpg 1170w, https:\/\/graphimarket.com\/wp-content\/uploads\/2020\/09\/280af3e6-26bb-4e94-ae22-003c939c0d2e-300x200.jpg 300w, https:\/\/graphimarket.com\/wp-content\/uploads\/2020\/09\/280af3e6-26bb-4e94-ae22-003c939c0d2e-1024x683.jpg 1024w, https:\/\/graphimarket.com\/wp-content\/uploads\/2020\/09\/280af3e6-26bb-4e94-ae22-003c939c0d2e-768x512.jpg 768w, https:\/\/graphimarket.com\/wp-content\/uploads\/2020\/09\/280af3e6-26bb-4e94-ae22-003c939c0d2e-600x400.jpg 600w\" sizes=\"(max-width: 1170px) 100vw, 1170px\" \/> <img loading=\"lazy\" decoding=\"async\" class=\"aligncenter wp-image-11381 size-full\" src=\"https:\/\/graphimarket.com\/wp-content\/uploads\/2020\/09\/0ff91992-c842-411b-a589-cf91958ab3ac.jpg\" alt=\"\" width=\"1170\" height=\"780\" srcset=\"https:\/\/graphimarket.com\/wp-content\/uploads\/2020\/09\/0ff91992-c842-411b-a589-cf91958ab3ac.jpg 1170w, https:\/\/graphimarket.com\/wp-content\/uploads\/2020\/09\/0ff91992-c842-411b-a589-cf91958ab3ac-300x200.jpg 300w, https:\/\/graphimarket.com\/wp-content\/uploads\/2020\/09\/0ff91992-c842-411b-a589-cf91958ab3ac-1024x683.jpg 1024w, https:\/\/graphimarket.com\/wp-content\/uploads\/2020\/09\/0ff91992-c842-411b-a589-cf91958ab3ac-768x512.jpg 768w, https:\/\/graphimarket.com\/wp-content\/uploads\/2020\/09\/0ff91992-c842-411b-a589-cf91958ab3ac-600x400.jpg 600w\" sizes=\"(max-width: 1170px) 100vw, 1170px\" \/> <img loading=\"lazy\" decoding=\"async\" class=\"aligncenter wp-image-11382 size-full\" src=\"https:\/\/graphimarket.com\/wp-content\/uploads\/2020\/09\/4e04f31b-6551-47d7-a0da-aed04dc90e13.jpg\" alt=\"\" width=\"1170\" height=\"780\" srcset=\"https:\/\/graphimarket.com\/wp-content\/uploads\/2020\/09\/4e04f31b-6551-47d7-a0da-aed04dc90e13.jpg 1170w, https:\/\/graphimarket.com\/wp-content\/uploads\/2020\/09\/4e04f31b-6551-47d7-a0da-aed04dc90e13-300x200.jpg 300w, https:\/\/graphimarket.com\/wp-content\/uploads\/2020\/09\/4e04f31b-6551-47d7-a0da-aed04dc90e13-1024x683.jpg 1024w, https:\/\/graphimarket.com\/wp-content\/uploads\/2020\/09\/4e04f31b-6551-47d7-a0da-aed04dc90e13-768x512.jpg 768w, https:\/\/graphimarket.com\/wp-content\/uploads\/2020\/09\/4e04f31b-6551-47d7-a0da-aed04dc90e13-600x400.jpg 600w\" sizes=\"(max-width: 1170px) 100vw, 1170px\" \/> <img loading=\"lazy\" decoding=\"async\" class=\"aligncenter wp-image-11383 size-full\" src=\"https:\/\/graphimarket.com\/wp-content\/uploads\/2020\/09\/54a74b97-4257-4085-b4f0-4da372d956a2.jpg\" alt=\"\" width=\"1170\" height=\"780\" srcset=\"https:\/\/graphimarket.com\/wp-content\/uploads\/2020\/09\/54a74b97-4257-4085-b4f0-4da372d956a2.jpg 1170w, https:\/\/graphimarket.com\/wp-content\/uploads\/2020\/09\/54a74b97-4257-4085-b4f0-4da372d956a2-300x200.jpg 300w, https:\/\/graphimarket.com\/wp-content\/uploads\/2020\/09\/54a74b97-4257-4085-b4f0-4da372d956a2-1024x683.jpg 1024w, https:\/\/graphimarket.com\/wp-content\/uploads\/2020\/09\/54a74b97-4257-4085-b4f0-4da372d956a2-768x512.jpg 768w, https:\/\/graphimarket.com\/wp-content\/uploads\/2020\/09\/54a74b97-4257-4085-b4f0-4da372d956a2-600x400.jpg 600w\" sizes=\"(max-width: 1170px) 100vw, 1170px\" \/><\/div>","protected":false},"excerpt":{"rendered":"<p>Ferrara Mobile &amp; Desktop Lightroom Presets\u00a0that will produces sharpness, bright colors, warm and reddish glow tones in your photographs within few clicks! These presets work in a non-destructive way to achieve a high quality look. Each preset is fully editable, so you can perfect your photo artwork just as you envision it. This collection is [&hellip;]<\/p>\n","protected":false},"featured_media":11380,"comment_status":"open","ping_status":"closed","template":"","meta":{"site-sidebar-layout":"default","site-content-layout":"default","ast-site-content-layout":"default","site-content-style":"default","site-sidebar-style":"default","ast-global-header-display":"","ast-banner-title-visibility":"","ast-main-header-display":"","ast-hfb-above-header-display":"","ast-hfb-below-header-display":"","ast-hfb-mobile-header-display":"","site-post-title":"","ast-breadcrumbs-content":"","ast-featured-img":"","footer-sml-layout":"","ast-disable-related-posts":"","theme-transparent-header-meta":"default","adv-header-id-meta":"","stick-header-meta":"","header-above-stick-meta":"","header-main-stick-meta":"","header-below-stick-meta":"","astra-migrate-meta-layouts":"default","ast-page-background-enabled":"default","ast-page-background-meta":{"desktop":{"background-color":"","background-image":"","background-repeat":"repeat","background-position":"center center","background-size":"auto","background-attachment":"scroll","background-type":"","background-media":"","overlay-type":"","overlay-color":"","overlay-opacity":"","overlay-gradient":""},"tablet":{"background-color":"","background-image":"","background-repeat":"repeat","background-position":"center center","background-size":"auto","background-attachment":"scroll","background-type":"","background-media":"","overlay-type":"","overlay-color":"","overlay-opacity":"","overlay-gradient":""},"mobile":{"background-color":"","background-image":"","background-repeat":"repeat","background-position":"center center","background-size":"auto","background-attachment":"scroll","background-type":"","background-media":"","overlay-type":"","overlay-color":"","overlay-opacity":"","overlay-gradient":""}},"ast-content-background-meta":{"desktop":{"background-color":"var(--ast-global-color-5)","background-image":"","background-repeat":"repeat","background-position":"center center","background-size":"auto","background-attachment":"scroll","background-type":"","background-media":"","overlay-type":"","overlay-color":"","overlay-opacity":"","overlay-gradient":""},"tablet":{"background-color":"var(--ast-global-color-5)","background-image":"","background-repeat":"repeat","background-position":"center center","background-size":"auto","background-attachment":"scroll","background-type":"","background-media":"","overlay-type":"","overlay-color":"","overlay-opacity":"","overlay-gradient":""},"mobile":{"background-color":"var(--ast-global-color-5)","background-image":"","background-repeat":"repeat","background-position":"center center","background-size":"auto","background-attachment":"scroll","background-type":"","background-media":"","overlay-type":"","overlay-color":"","overlay-opacity":"","overlay-gradient":""}}},"product_brand":[],"product_cat":[131],"product_tag":[819,417,1366,290,335,1127,379,1369,321,318,383,1367,1365,1368,338],"class_list":{"0":"post-11377","1":"product","2":"type-product","3":"status-publish","4":"has-post-thumbnail","6":"product_cat-lightroom-preset","7":"product_tag-beautiful","8":"product_tag-bright","9":"product_tag-colors","10":"product_tag-glow","11":"product_tag-lightroom","12":"product_tag-lovely","13":"product_tag-mobile","14":"product_tag-photographs","15":"product_tag-portrait","16":"product_tag-presets","17":"product_tag-professional","18":"product_tag-reddish","19":"product_tag-sharpness","20":"product_tag-tones","21":"product_tag-warm","22":"desktop-align-left","23":"tablet-align-left","24":"mobile-align-left","26":"first","27":"instock","28":"downloadable","29":"virtual","30":"taxable","31":"purchasable","32":"product-type-simple"},"yoast_head":"<!-- This site is optimized with the Yoast SEO plugin v27.3 - https:\/\/yoast.com\/product\/yoast-seo-wordpress\/ -->\n<title>Ferrara Mobile &amp; Desktop Lightroom Preset - Graphimarket<\/title>\n<meta name=\"description\" content=\"Ferrara Mobile &amp; Desktop Lightroom Presets\u00a0that will produces sharpness, bright colors, warm and reddish glow tones in your photographs...\" \/>\n<meta name=\"robots\" content=\"index, follow, max-snippet:-1, max-image-preview:large, max-video-preview:-1\" \/>\n<link rel=\"canonical\" href=\"https:\/\/graphimarket.com\/fr\/product\/ferrara-mobile-desktop-lightroom-preset\/\" \/>\n<meta property=\"og:locale\" content=\"fr_FR\" \/>\n<meta property=\"og:type\" content=\"article\" \/>\n<meta property=\"og:title\" content=\"Ferrara Mobile &amp; Desktop Lightroom Preset - Graphimarket\" \/>\n<meta property=\"og:description\" content=\"Ferrara Mobile &amp; Desktop Lightroom Presets\u00a0that will produces sharpness, bright colors, warm and reddish glow tones in your photographs...\" \/>\n<meta property=\"og:url\" content=\"https:\/\/graphimarket.com\/fr\/product\/ferrara-mobile-desktop-lightroom-preset\/\" \/>\n<meta property=\"og:site_name\" content=\"Graphimarket\" \/>\n<meta property=\"article:modified_time\" content=\"2022-12-19T08:54:36+00:00\" \/>\n<meta property=\"og:image\" content=\"https:\/\/graphimarket.com\/wp-content\/uploads\/2020\/09\/280af3e6-26bb-4e94-ae22-003c939c0d2e.jpg\" \/>\n\t<meta property=\"og:image:width\" content=\"1170\" \/>\n\t<meta property=\"og:image:height\" content=\"780\" \/>\n\t<meta property=\"og:image:type\" content=\"image\/jpeg\" \/>\n<meta name=\"twitter:card\" content=\"summary_large_image\" \/>\n<meta name=\"twitter:label1\" content=\"Est. reading time\" \/>\n\t<meta name=\"twitter:data1\" content=\"1 minute\" \/>\n<script type=\"application\/ld+json\" class=\"yoast-schema-graph\">{\"@context\":\"https:\\\/\\\/schema.org\",\"@graph\":[{\"@type\":\"WebPage\",\"@id\":\"https:\\\/\\\/graphimarket.com\\\/product\\\/ferrara-mobile-desktop-lightroom-preset\\\/\",\"url\":\"https:\\\/\\\/graphimarket.com\\\/product\\\/ferrara-mobile-desktop-lightroom-preset\\\/\",\"name\":\"Ferrara Mobile & Desktop Lightroom Preset - Graphimarket\",\"isPartOf\":{\"@id\":\"https:\\\/\\\/graphimarket.com\\\/fr\\\/#website\"},\"primaryImageOfPage\":{\"@id\":\"https:\\\/\\\/graphimarket.com\\\/product\\\/ferrara-mobile-desktop-lightroom-preset\\\/#primaryimage\"},\"image\":{\"@id\":\"https:\\\/\\\/graphimarket.com\\\/product\\\/ferrara-mobile-desktop-lightroom-preset\\\/#primaryimage\"},\"thumbnailUrl\":\"https:\\\/\\\/graphimarket.com\\\/wp-content\\\/uploads\\\/2020\\\/09\\\/280af3e6-26bb-4e94-ae22-003c939c0d2e.jpg\",\"datePublished\":\"2020-09-28T14:35:16+00:00\",\"dateModified\":\"2022-12-19T08:54:36+00:00\",\"description\":\"Ferrara Mobile & Desktop Lightroom Presets\u00a0that will produces sharpness, bright colors, warm and reddish glow tones in your photographs...\",\"breadcrumb\":{\"@id\":\"https:\\\/\\\/graphimarket.com\\\/product\\\/ferrara-mobile-desktop-lightroom-preset\\\/#breadcrumb\"},\"inLanguage\":\"fr-FR\",\"potentialAction\":[{\"@type\":\"ReadAction\",\"target\":[\"https:\\\/\\\/graphimarket.com\\\/product\\\/ferrara-mobile-desktop-lightroom-preset\\\/\"]}]},{\"@type\":\"ImageObject\",\"inLanguage\":\"fr-FR\",\"@id\":\"https:\\\/\\\/graphimarket.com\\\/product\\\/ferrara-mobile-desktop-lightroom-preset\\\/#primaryimage\",\"url\":\"https:\\\/\\\/graphimarket.com\\\/wp-content\\\/uploads\\\/2020\\\/09\\\/280af3e6-26bb-4e94-ae22-003c939c0d2e.jpg\",\"contentUrl\":\"https:\\\/\\\/graphimarket.com\\\/wp-content\\\/uploads\\\/2020\\\/09\\\/280af3e6-26bb-4e94-ae22-003c939c0d2e.jpg\",\"width\":1170,\"height\":780},{\"@type\":\"BreadcrumbList\",\"@id\":\"https:\\\/\\\/graphimarket.com\\\/product\\\/ferrara-mobile-desktop-lightroom-preset\\\/#breadcrumb\",\"itemListElement\":[{\"@type\":\"ListItem\",\"position\":1,\"name\":\"Home\",\"item\":\"https:\\\/\\\/graphimarket.com\\\/es\\\/\"},{\"@type\":\"ListItem\",\"position\":2,\"name\":\"Store\",\"item\":\"https:\\\/\\\/graphimarket.com\\\/store\\\/\"},{\"@type\":\"ListItem\",\"position\":3,\"name\":\"Ferrara Mobile &#038; Desktop Lightroom Preset\"}]},{\"@type\":\"WebSite\",\"@id\":\"https:\\\/\\\/graphimarket.com\\\/fr\\\/#website\",\"url\":\"https:\\\/\\\/graphimarket.com\\\/fr\\\/\",\"name\":\"Graphimarket\",\"description\":\"Find the perfect creative asset to bring your project to life\",\"publisher\":{\"@id\":\"https:\\\/\\\/graphimarket.com\\\/fr\\\/#organization\"},\"potentialAction\":[{\"@type\":\"SearchAction\",\"target\":{\"@type\":\"EntryPoint\",\"urlTemplate\":\"https:\\\/\\\/graphimarket.com\\\/fr\\\/?s={search_term_string}\"},\"query-input\":{\"@type\":\"PropertyValueSpecification\",\"valueRequired\":true,\"valueName\":\"search_term_string\"}}],\"inLanguage\":\"fr-FR\"},{\"@type\":\"Organization\",\"@id\":\"https:\\\/\\\/graphimarket.com\\\/fr\\\/#organization\",\"name\":\"Graphimarket\",\"url\":\"https:\\\/\\\/graphimarket.com\\\/fr\\\/\",\"logo\":{\"@type\":\"ImageObject\",\"inLanguage\":\"fr-FR\",\"@id\":\"https:\\\/\\\/graphimarket.com\\\/fr\\\/#\\\/schema\\\/logo\\\/image\\\/\",\"url\":\"https:\\\/\\\/graphimarket.com\\\/wp-content\\\/uploads\\\/2020\\\/08\\\/logo-48.png\",\"contentUrl\":\"https:\\\/\\\/graphimarket.com\\\/wp-content\\\/uploads\\\/2020\\\/08\\\/logo-48.png\",\"width\":132,\"height\":48,\"caption\":\"Graphimarket\"},\"image\":{\"@id\":\"https:\\\/\\\/graphimarket.com\\\/fr\\\/#\\\/schema\\\/logo\\\/image\\\/\"}}]}<\/script>\n<!-- \/ Yoast SEO plugin. -->","yoast_head_json":{"title":"Ferrara Mobile & Desktop Lightroom Preset - Graphimarket","description":"Ferrara Mobile & Desktop Lightroom Presets\u00a0that will produces sharpness, bright colors, warm and reddish glow tones in your photographs...","robots":{"index":"index","follow":"follow","max-snippet":"max-snippet:-1","max-image-preview":"max-image-preview:large","max-video-preview":"max-video-preview:-1"},"canonical":"https:\/\/graphimarket.com\/fr\/product\/ferrara-mobile-desktop-lightroom-preset\/","og_locale":"fr_FR","og_type":"article","og_title":"Ferrara Mobile & Desktop Lightroom Preset - Graphimarket","og_description":"Ferrara Mobile & Desktop Lightroom Presets\u00a0that will produces sharpness, bright colors, warm and reddish glow tones in your photographs...","og_url":"https:\/\/graphimarket.com\/fr\/product\/ferrara-mobile-desktop-lightroom-preset\/","og_site_name":"Graphimarket","article_modified_time":"2022-12-19T08:54:36+00:00","og_image":[{"width":1170,"height":780,"url":"https:\/\/graphimarket.com\/wp-content\/uploads\/2020\/09\/280af3e6-26bb-4e94-ae22-003c939c0d2e.jpg","type":"image\/jpeg"}],"twitter_card":"summary_large_image","twitter_misc":{"Est. reading time":"1 minute"},"schema":{"@context":"https:\/\/schema.org","@graph":[{"@type":"WebPage","@id":"https:\/\/graphimarket.com\/product\/ferrara-mobile-desktop-lightroom-preset\/","url":"https:\/\/graphimarket.com\/product\/ferrara-mobile-desktop-lightroom-preset\/","name":"Ferrara Mobile & Desktop Lightroom Preset - Graphimarket","isPartOf":{"@id":"https:\/\/graphimarket.com\/fr\/#website"},"primaryImageOfPage":{"@id":"https:\/\/graphimarket.com\/product\/ferrara-mobile-desktop-lightroom-preset\/#primaryimage"},"image":{"@id":"https:\/\/graphimarket.com\/product\/ferrara-mobile-desktop-lightroom-preset\/#primaryimage"},"thumbnailUrl":"https:\/\/graphimarket.com\/wp-content\/uploads\/2020\/09\/280af3e6-26bb-4e94-ae22-003c939c0d2e.jpg","datePublished":"2020-09-28T14:35:16+00:00","dateModified":"2022-12-19T08:54:36+00:00","description":"Ferrara Mobile & Desktop Lightroom Presets\u00a0that will produces sharpness, bright colors, warm and reddish glow tones in your photographs...","breadcrumb":{"@id":"https:\/\/graphimarket.com\/product\/ferrara-mobile-desktop-lightroom-preset\/#breadcrumb"},"inLanguage":"fr-FR","potentialAction":[{"@type":"ReadAction","target":["https:\/\/graphimarket.com\/product\/ferrara-mobile-desktop-lightroom-preset\/"]}]},{"@type":"ImageObject","inLanguage":"fr-FR","@id":"https:\/\/graphimarket.com\/product\/ferrara-mobile-desktop-lightroom-preset\/#primaryimage","url":"https:\/\/graphimarket.com\/wp-content\/uploads\/2020\/09\/280af3e6-26bb-4e94-ae22-003c939c0d2e.jpg","contentUrl":"https:\/\/graphimarket.com\/wp-content\/uploads\/2020\/09\/280af3e6-26bb-4e94-ae22-003c939c0d2e.jpg","width":1170,"height":780},{"@type":"BreadcrumbList","@id":"https:\/\/graphimarket.com\/product\/ferrara-mobile-desktop-lightroom-preset\/#breadcrumb","itemListElement":[{"@type":"ListItem","position":1,"name":"Home","item":"https:\/\/graphimarket.com\/es\/"},{"@type":"ListItem","position":2,"name":"Store","item":"https:\/\/graphimarket.com\/store\/"},{"@type":"ListItem","position":3,"name":"Ferrara Mobile &#038; Desktop Lightroom Preset"}]},{"@type":"WebSite","@id":"https:\/\/graphimarket.com\/fr\/#website","url":"https:\/\/graphimarket.com\/fr\/","name":"Graphimarket","description":"Trouvez l&#039;atout cr\u00e9atif parfait pour donner vie \u00e0 votre projet","publisher":{"@id":"https:\/\/graphimarket.com\/fr\/#organization"},"potentialAction":[{"@type":"SearchAction","target":{"@type":"EntryPoint","urlTemplate":"https:\/\/graphimarket.com\/fr\/?s={search_term_string}"},"query-input":{"@type":"PropertyValueSpecification","valueRequired":true,"valueName":"search_term_string"}}],"inLanguage":"fr-FR"},{"@type":"Organization","@id":"https:\/\/graphimarket.com\/fr\/#organization","name":"Graphimarket","url":"https:\/\/graphimarket.com\/fr\/","logo":{"@type":"ImageObject","inLanguage":"fr-FR","@id":"https:\/\/graphimarket.com\/fr\/#\/schema\/logo\/image\/","url":"https:\/\/graphimarket.com\/wp-content\/uploads\/2020\/08\/logo-48.png","contentUrl":"https:\/\/graphimarket.com\/wp-content\/uploads\/2020\/08\/logo-48.png","width":132,"height":48,"caption":"Graphimarket"},"image":{"@id":"https:\/\/graphimarket.com\/fr\/#\/schema\/logo\/image\/"}}]}},"_links":{"self":[{"href":"https:\/\/graphimarket.com\/fr\/wp-json\/wp\/v2\/product\/11377","targetHints":{"allow":["GET"]}}],"collection":[{"href":"https:\/\/graphimarket.com\/fr\/wp-json\/wp\/v2\/product"}],"about":[{"href":"https:\/\/graphimarket.com\/fr\/wp-json\/wp\/v2\/types\/product"}],"replies":[{"embeddable":true,"href":"https:\/\/graphimarket.com\/fr\/wp-json\/wp\/v2\/comments?post=11377"}],"version-history":[{"count":0,"href":"https:\/\/graphimarket.com\/fr\/wp-json\/wp\/v2\/product\/11377\/revisions"}],"wp:featuredmedia":[{"embeddable":true,"href":"https:\/\/graphimarket.com\/fr\/wp-json\/wp\/v2\/media\/11380"}],"wp:attachment":[{"href":"https:\/\/graphimarket.com\/fr\/wp-json\/wp\/v2\/media?parent=11377"}],"wp:term":[{"taxonomy":"product_brand","embeddable":true,"href":"https:\/\/graphimarket.com\/fr\/wp-json\/wp\/v2\/product_brand?post=11377"},{"taxonomy":"product_cat","embeddable":true,"href":"https:\/\/graphimarket.com\/fr\/wp-json\/wp\/v2\/product_cat?post=11377"},{"taxonomy":"product_tag","embeddable":true,"href":"https:\/\/graphimarket.com\/fr\/wp-json\/wp\/v2\/product_tag?post=11377"}],"curies":[{"name":"wp","href":"https:\/\/api.w.org\/{rel}","templated":true}]}}