{"id":11822,"date":"2020-10-12T14:30:33","date_gmt":"2020-10-12T12:30:33","guid":{"rendered":"https:\/\/graphimarket.com\/?post_type=product&#038;p=11822"},"modified":"2022-12-19T09:48:51","modified_gmt":"2022-12-19T08:48:51","slug":"slider-bundle","status":"publish","type":"product","link":"https:\/\/graphimarket.com\/fr\/product\/slider-bundle\/","title":{"rendered":"Bundle de curseurs"},"content":{"rendered":"<div class=\"_2Masz2rr\">\n<p><strong>Bundle de curseurs<\/strong><\/p>\n<p><strong>CURSEURS POLYVALENTS<\/strong><\/p>\n<p><strong>BUNDLE 8 EN 1<\/strong><\/p>\n<ul>\n<li>10 curseurs d&#039;affaires<\/li>\n<li>10 curseurs d&#039;entreprise<\/li>\n<li>10 curseurs de mode<\/li>\n<li>10 curseurs de fitness<\/li>\n<li>10 curseurs alimentaires<\/li>\n<li>10 curseurs de photographie<\/li>\n<li>10 curseurs immobiliers<\/li>\n<li>10 curseurs de voyage<\/li>\n<\/ul>\n<p>Il s&#039;agit d&#039;un ensemble professionnel de curseurs \u00e0 promouvoir sur votre site Web ou votre blog. Le package comprend 80 conceptions Photoshop avec des mises en page cr\u00e9atives et uniques.<\/p>\n<p>Annoncez des ventes et des offres sp\u00e9ciales, lancez un nouveau produit ou faites la promotion de votre entreprise. Id\u00e9al pour \u00eatre utilis\u00e9 par les petites et moyennes entreprises, les entreprises, les bureaux, les sp\u00e9cialistes du marketing, les photographes, les cr\u00e9ateurs de mode, les gymnases, les centres de fitness ou les agences de voyage.<\/p>\n<p>Les fichiers PSD sont faciles \u00e0 adapter. Placez simplement votre image avec des objets intelligents et personnalisez-la avec le texte de votre choix.<\/p>\n<p><strong>FONCTIONNALIT\u00c9S<\/strong><\/p>\n<ul>\n<li>80 curseurs polyvalents.<\/li>\n<li>Design professionnel et cr\u00e9atif.<\/li>\n<li>Facile \u00e0 adapter et \u00e0 personnaliser (le texte est modifiable).<\/li>\n<li>Fichiers PSD enti\u00e8rement superpos\u00e9s et bien organis\u00e9s.<\/li>\n<li>Formes vectorielles (enti\u00e8rement \u00e9volutives).<\/li>\n<li>Objets intelligents.<\/li>\n<li>Utilisation polyvalente.<\/li>\n<li>Polices gratuites utilis\u00e9es incluses.<\/li>\n<\/ul>\n<p><strong>POLICES<\/strong><br \/>\nDes liens de polices gratuits sont fournis dans le fichier d&#039;informations.<\/p>\n<p><strong>REMARQUE<\/strong><br \/>\nLes images d&#039;aper\u00e7u ne sont pas incluses.<\/p>\n<\/div>\n<p>&nbsp;<\/p>\n<p><img fetchpriority=\"high\" decoding=\"async\" class=\"aligncenter wp-image-11826 size-full\" src=\"https:\/\/graphimarket.com\/wp-content\/uploads\/2020\/10\/25fa128c-2cf7-4846-a0aa-889cfc42a9ce.jpg\" alt=\"\" width=\"1170\" height=\"780\" srcset=\"https:\/\/graphimarket.com\/wp-content\/uploads\/2020\/10\/25fa128c-2cf7-4846-a0aa-889cfc42a9ce.jpg 1170w, https:\/\/graphimarket.com\/wp-content\/uploads\/2020\/10\/25fa128c-2cf7-4846-a0aa-889cfc42a9ce-300x200.jpg 300w, https:\/\/graphimarket.com\/wp-content\/uploads\/2020\/10\/25fa128c-2cf7-4846-a0aa-889cfc42a9ce-1024x683.jpg 1024w, https:\/\/graphimarket.com\/wp-content\/uploads\/2020\/10\/25fa128c-2cf7-4846-a0aa-889cfc42a9ce-768x512.jpg 768w, https:\/\/graphimarket.com\/wp-content\/uploads\/2020\/10\/25fa128c-2cf7-4846-a0aa-889cfc42a9ce-16x12.jpg 16w, https:\/\/graphimarket.com\/wp-content\/uploads\/2020\/10\/25fa128c-2cf7-4846-a0aa-889cfc42a9ce-600x400.jpg 600w\" sizes=\"(max-width: 1170px) 100vw, 1170px\" \/> <img decoding=\"async\" class=\"aligncenter wp-image-11828 size-full\" src=\"https:\/\/graphimarket.com\/wp-content\/uploads\/2020\/10\/6618ef03-e430-4cf2-86e2-e6343b5d2e99.jpg\" alt=\"\" width=\"1170\" height=\"780\" srcset=\"https:\/\/graphimarket.com\/wp-content\/uploads\/2020\/10\/6618ef03-e430-4cf2-86e2-e6343b5d2e99.jpg 1170w, https:\/\/graphimarket.com\/wp-content\/uploads\/2020\/10\/6618ef03-e430-4cf2-86e2-e6343b5d2e99-300x200.jpg 300w, https:\/\/graphimarket.com\/wp-content\/uploads\/2020\/10\/6618ef03-e430-4cf2-86e2-e6343b5d2e99-1024x683.jpg 1024w, https:\/\/graphimarket.com\/wp-content\/uploads\/2020\/10\/6618ef03-e430-4cf2-86e2-e6343b5d2e99-768x512.jpg 768w, https:\/\/graphimarket.com\/wp-content\/uploads\/2020\/10\/6618ef03-e430-4cf2-86e2-e6343b5d2e99-16x12.jpg 16w, https:\/\/graphimarket.com\/wp-content\/uploads\/2020\/10\/6618ef03-e430-4cf2-86e2-e6343b5d2e99-600x400.jpg 600w\" sizes=\"(max-width: 1170px) 100vw, 1170px\" \/> <img decoding=\"async\" class=\"aligncenter wp-image-11829 size-full\" src=\"https:\/\/graphimarket.com\/wp-content\/uploads\/2020\/10\/08244bd3-bf18-4a55-aa78-ec311aa3ddad.jpg\" alt=\"\" width=\"1170\" height=\"780\" srcset=\"https:\/\/graphimarket.com\/wp-content\/uploads\/2020\/10\/08244bd3-bf18-4a55-aa78-ec311aa3ddad.jpg 1170w, https:\/\/graphimarket.com\/wp-content\/uploads\/2020\/10\/08244bd3-bf18-4a55-aa78-ec311aa3ddad-300x200.jpg 300w, https:\/\/graphimarket.com\/wp-content\/uploads\/2020\/10\/08244bd3-bf18-4a55-aa78-ec311aa3ddad-1024x683.jpg 1024w, https:\/\/graphimarket.com\/wp-content\/uploads\/2020\/10\/08244bd3-bf18-4a55-aa78-ec311aa3ddad-768x512.jpg 768w, https:\/\/graphimarket.com\/wp-content\/uploads\/2020\/10\/08244bd3-bf18-4a55-aa78-ec311aa3ddad-16x12.jpg 16w, https:\/\/graphimarket.com\/wp-content\/uploads\/2020\/10\/08244bd3-bf18-4a55-aa78-ec311aa3ddad-600x400.jpg 600w\" sizes=\"(max-width: 1170px) 100vw, 1170px\" \/> <img loading=\"lazy\" decoding=\"async\" class=\"aligncenter wp-image-11830 size-full\" src=\"https:\/\/graphimarket.com\/wp-content\/uploads\/2020\/10\/c8b9a456-75a6-4bcb-84d5-6bdc314f1076-1.jpg\" alt=\"\" width=\"1370\" height=\"913\" srcset=\"https:\/\/graphimarket.com\/wp-content\/uploads\/2020\/10\/c8b9a456-75a6-4bcb-84d5-6bdc314f1076-1.jpg 1370w, https:\/\/graphimarket.com\/wp-content\/uploads\/2020\/10\/c8b9a456-75a6-4bcb-84d5-6bdc314f1076-1-300x200.jpg 300w, https:\/\/graphimarket.com\/wp-content\/uploads\/2020\/10\/c8b9a456-75a6-4bcb-84d5-6bdc314f1076-1-1024x682.jpg 1024w, https:\/\/graphimarket.com\/wp-content\/uploads\/2020\/10\/c8b9a456-75a6-4bcb-84d5-6bdc314f1076-1-768x512.jpg 768w, https:\/\/graphimarket.com\/wp-content\/uploads\/2020\/10\/c8b9a456-75a6-4bcb-84d5-6bdc314f1076-1-16x12.jpg 16w, https:\/\/graphimarket.com\/wp-content\/uploads\/2020\/10\/c8b9a456-75a6-4bcb-84d5-6bdc314f1076-1-1320x880.jpg 1320w, https:\/\/graphimarket.com\/wp-content\/uploads\/2020\/10\/c8b9a456-75a6-4bcb-84d5-6bdc314f1076-1-600x400.jpg 600w\" sizes=\"(max-width: 1370px) 100vw, 1370px\" \/> <img loading=\"lazy\" decoding=\"async\" class=\"aligncenter wp-image-11831 size-full\" src=\"https:\/\/graphimarket.com\/wp-content\/uploads\/2020\/10\/c70a1cac-f4fa-4050-b600-b8df19f77797.jpg\" alt=\"\" width=\"1170\" height=\"780\" srcset=\"https:\/\/graphimarket.com\/wp-content\/uploads\/2020\/10\/c70a1cac-f4fa-4050-b600-b8df19f77797.jpg 1170w, https:\/\/graphimarket.com\/wp-content\/uploads\/2020\/10\/c70a1cac-f4fa-4050-b600-b8df19f77797-300x200.jpg 300w, https:\/\/graphimarket.com\/wp-content\/uploads\/2020\/10\/c70a1cac-f4fa-4050-b600-b8df19f77797-1024x683.jpg 1024w, https:\/\/graphimarket.com\/wp-content\/uploads\/2020\/10\/c70a1cac-f4fa-4050-b600-b8df19f77797-768x512.jpg 768w, https:\/\/graphimarket.com\/wp-content\/uploads\/2020\/10\/c70a1cac-f4fa-4050-b600-b8df19f77797-16x12.jpg 16w, https:\/\/graphimarket.com\/wp-content\/uploads\/2020\/10\/c70a1cac-f4fa-4050-b600-b8df19f77797-600x400.jpg 600w\" sizes=\"(max-width: 1170px) 100vw, 1170px\" \/> <img loading=\"lazy\" decoding=\"async\" class=\"aligncenter wp-image-11832 size-full\" src=\"https:\/\/graphimarket.com\/wp-content\/uploads\/2020\/10\/c533da89-a99b-4780-88e5-70cccecaf0bc.jpg\" alt=\"\" width=\"1170\" height=\"780\" srcset=\"https:\/\/graphimarket.com\/wp-content\/uploads\/2020\/10\/c533da89-a99b-4780-88e5-70cccecaf0bc.jpg 1170w, https:\/\/graphimarket.com\/wp-content\/uploads\/2020\/10\/c533da89-a99b-4780-88e5-70cccecaf0bc-300x200.jpg 300w, https:\/\/graphimarket.com\/wp-content\/uploads\/2020\/10\/c533da89-a99b-4780-88e5-70cccecaf0bc-1024x683.jpg 1024w, https:\/\/graphimarket.com\/wp-content\/uploads\/2020\/10\/c533da89-a99b-4780-88e5-70cccecaf0bc-768x512.jpg 768w, https:\/\/graphimarket.com\/wp-content\/uploads\/2020\/10\/c533da89-a99b-4780-88e5-70cccecaf0bc-16x12.jpg 16w, https:\/\/graphimarket.com\/wp-content\/uploads\/2020\/10\/c533da89-a99b-4780-88e5-70cccecaf0bc-600x400.jpg 600w\" sizes=\"(max-width: 1170px) 100vw, 1170px\" \/> <img loading=\"lazy\" decoding=\"async\" class=\"aligncenter wp-image-11833 size-full\" src=\"https:\/\/graphimarket.com\/wp-content\/uploads\/2020\/10\/c2099826-273a-4bf7-bea0-552e7f6e4046.jpg\" alt=\"\" width=\"1170\" height=\"780\" srcset=\"https:\/\/graphimarket.com\/wp-content\/uploads\/2020\/10\/c2099826-273a-4bf7-bea0-552e7f6e4046.jpg 1170w, https:\/\/graphimarket.com\/wp-content\/uploads\/2020\/10\/c2099826-273a-4bf7-bea0-552e7f6e4046-300x200.jpg 300w, https:\/\/graphimarket.com\/wp-content\/uploads\/2020\/10\/c2099826-273a-4bf7-bea0-552e7f6e4046-1024x683.jpg 1024w, https:\/\/graphimarket.com\/wp-content\/uploads\/2020\/10\/c2099826-273a-4bf7-bea0-552e7f6e4046-768x512.jpg 768w, https:\/\/graphimarket.com\/wp-content\/uploads\/2020\/10\/c2099826-273a-4bf7-bea0-552e7f6e4046-16x12.jpg 16w, https:\/\/graphimarket.com\/wp-content\/uploads\/2020\/10\/c2099826-273a-4bf7-bea0-552e7f6e4046-600x400.jpg 600w\" sizes=\"(max-width: 1170px) 100vw, 1170px\" \/> <img loading=\"lazy\" decoding=\"async\" class=\"aligncenter wp-image-11834 size-full\" src=\"https:\/\/graphimarket.com\/wp-content\/uploads\/2020\/10\/e95fad7b-e514-4d1e-8d23-b1618c0834b3.jpg\" alt=\"\" width=\"1170\" height=\"780\" srcset=\"https:\/\/graphimarket.com\/wp-content\/uploads\/2020\/10\/e95fad7b-e514-4d1e-8d23-b1618c0834b3.jpg 1170w, https:\/\/graphimarket.com\/wp-content\/uploads\/2020\/10\/e95fad7b-e514-4d1e-8d23-b1618c0834b3-300x200.jpg 300w, https:\/\/graphimarket.com\/wp-content\/uploads\/2020\/10\/e95fad7b-e514-4d1e-8d23-b1618c0834b3-1024x683.jpg 1024w, https:\/\/graphimarket.com\/wp-content\/uploads\/2020\/10\/e95fad7b-e514-4d1e-8d23-b1618c0834b3-768x512.jpg 768w, https:\/\/graphimarket.com\/wp-content\/uploads\/2020\/10\/e95fad7b-e514-4d1e-8d23-b1618c0834b3-16x12.jpg 16w, https:\/\/graphimarket.com\/wp-content\/uploads\/2020\/10\/e95fad7b-e514-4d1e-8d23-b1618c0834b3-600x400.jpg 600w\" sizes=\"(max-width: 1170px) 100vw, 1170px\" \/> <img loading=\"lazy\" decoding=\"async\" class=\"aligncenter wp-image-11835 size-full\" src=\"https:\/\/graphimarket.com\/wp-content\/uploads\/2020\/10\/4d3aa1a0-aa5e-4dff-968e-a8f8801f85fe.jpg\" alt=\"\" width=\"1170\" height=\"780\" srcset=\"https:\/\/graphimarket.com\/wp-content\/uploads\/2020\/10\/4d3aa1a0-aa5e-4dff-968e-a8f8801f85fe.jpg 1170w, https:\/\/graphimarket.com\/wp-content\/uploads\/2020\/10\/4d3aa1a0-aa5e-4dff-968e-a8f8801f85fe-300x200.jpg 300w, https:\/\/graphimarket.com\/wp-content\/uploads\/2020\/10\/4d3aa1a0-aa5e-4dff-968e-a8f8801f85fe-1024x683.jpg 1024w, https:\/\/graphimarket.com\/wp-content\/uploads\/2020\/10\/4d3aa1a0-aa5e-4dff-968e-a8f8801f85fe-768x512.jpg 768w, https:\/\/graphimarket.com\/wp-content\/uploads\/2020\/10\/4d3aa1a0-aa5e-4dff-968e-a8f8801f85fe-16x12.jpg 16w, https:\/\/graphimarket.com\/wp-content\/uploads\/2020\/10\/4d3aa1a0-aa5e-4dff-968e-a8f8801f85fe-600x400.jpg 600w\" sizes=\"(max-width: 1170px) 100vw, 1170px\" \/> <img loading=\"lazy\" decoding=\"async\" class=\"aligncenter wp-image-11836 size-full\" src=\"https:\/\/graphimarket.com\/wp-content\/uploads\/2020\/10\/08c4d98d-cf79-4b70-b96c-baea66863712.jpg\" alt=\"\" width=\"1170\" height=\"780\" srcset=\"https:\/\/graphimarket.com\/wp-content\/uploads\/2020\/10\/08c4d98d-cf79-4b70-b96c-baea66863712.jpg 1170w, https:\/\/graphimarket.com\/wp-content\/uploads\/2020\/10\/08c4d98d-cf79-4b70-b96c-baea66863712-300x200.jpg 300w, https:\/\/graphimarket.com\/wp-content\/uploads\/2020\/10\/08c4d98d-cf79-4b70-b96c-baea66863712-1024x683.jpg 1024w, https:\/\/graphimarket.com\/wp-content\/uploads\/2020\/10\/08c4d98d-cf79-4b70-b96c-baea66863712-768x512.jpg 768w, https:\/\/graphimarket.com\/wp-content\/uploads\/2020\/10\/08c4d98d-cf79-4b70-b96c-baea66863712-16x12.jpg 16w, https:\/\/graphimarket.com\/wp-content\/uploads\/2020\/10\/08c4d98d-cf79-4b70-b96c-baea66863712-600x400.jpg 600w\" sizes=\"(max-width: 1170px) 100vw, 1170px\" \/> <img loading=\"lazy\" decoding=\"async\" class=\"aligncenter wp-image-11837 size-full\" src=\"https:\/\/graphimarket.com\/wp-content\/uploads\/2020\/10\/9ae9c297-5b28-4ae3-accb-2fc7a4dbfa4b.jpg\" alt=\"\" width=\"1170\" height=\"780\" srcset=\"https:\/\/graphimarket.com\/wp-content\/uploads\/2020\/10\/9ae9c297-5b28-4ae3-accb-2fc7a4dbfa4b.jpg 1170w, https:\/\/graphimarket.com\/wp-content\/uploads\/2020\/10\/9ae9c297-5b28-4ae3-accb-2fc7a4dbfa4b-300x200.jpg 300w, https:\/\/graphimarket.com\/wp-content\/uploads\/2020\/10\/9ae9c297-5b28-4ae3-accb-2fc7a4dbfa4b-1024x683.jpg 1024w, https:\/\/graphimarket.com\/wp-content\/uploads\/2020\/10\/9ae9c297-5b28-4ae3-accb-2fc7a4dbfa4b-768x512.jpg 768w, https:\/\/graphimarket.com\/wp-content\/uploads\/2020\/10\/9ae9c297-5b28-4ae3-accb-2fc7a4dbfa4b-16x12.jpg 16w, https:\/\/graphimarket.com\/wp-content\/uploads\/2020\/10\/9ae9c297-5b28-4ae3-accb-2fc7a4dbfa4b-600x400.jpg 600w\" sizes=\"(max-width: 1170px) 100vw, 1170px\" \/><\/p>\n<div class=\"_3KAa4-GZ frEFeDSS\"><\/div>","protected":false},"excerpt":{"rendered":"<p>Slider Bundle MULTIPURPOSE SLIDERS BUNDLE 8 IN 1 10 Business Sliders 10 Corporate Sliders 10 Fashion Sliders 10 Fitness Sliders 10 Food Sliders 10 Photography Sliders 10 Real Estate Sliders 10 Travel Sliders This is a professional set of sliders to promote on your website or blog. The package includes 80 Photoshop designs with creative [&hellip;]<\/p>\n","protected":false},"featured_media":11825,"comment_status":"open","ping_status":"closed","template":"","meta":{"site-sidebar-layout":"default","site-content-layout":"default","ast-site-content-layout":"default","site-content-style":"default","site-sidebar-style":"default","ast-global-header-display":"","ast-banner-title-visibility":"","ast-main-header-display":"","ast-hfb-above-header-display":"","ast-hfb-below-header-display":"","ast-hfb-mobile-header-display":"","site-post-title":"","ast-breadcrumbs-content":"","ast-featured-img":"","footer-sml-layout":"","ast-disable-related-posts":"","theme-transparent-header-meta":"default","adv-header-id-meta":"","stick-header-meta":"","header-above-stick-meta":"","header-main-stick-meta":"","header-below-stick-meta":"","astra-migrate-meta-layouts":"default","ast-page-background-enabled":"default","ast-page-background-meta":{"desktop":{"background-color":"","background-image":"","background-repeat":"repeat","background-position":"center center","background-size":"auto","background-attachment":"scroll","background-type":"","background-media":"","overlay-type":"","overlay-color":"","overlay-opacity":"","overlay-gradient":""},"tablet":{"background-color":"","background-image":"","background-repeat":"repeat","background-position":"center center","background-size":"auto","background-attachment":"scroll","background-type":"","background-media":"","overlay-type":"","overlay-color":"","overlay-opacity":"","overlay-gradient":""},"mobile":{"background-color":"","background-image":"","background-repeat":"repeat","background-position":"center center","background-size":"auto","background-attachment":"scroll","background-type":"","background-media":"","overlay-type":"","overlay-color":"","overlay-opacity":"","overlay-gradient":""}},"ast-content-background-meta":{"desktop":{"background-color":"var(--ast-global-color-5)","background-image":"","background-repeat":"repeat","background-position":"center center","background-size":"auto","background-attachment":"scroll","background-type":"","background-media":"","overlay-type":"","overlay-color":"","overlay-opacity":"","overlay-gradient":""},"tablet":{"background-color":"var(--ast-global-color-5)","background-image":"","background-repeat":"repeat","background-position":"center center","background-size":"auto","background-attachment":"scroll","background-type":"","background-media":"","overlay-type":"","overlay-color":"","overlay-opacity":"","overlay-gradient":""},"mobile":{"background-color":"var(--ast-global-color-5)","background-image":"","background-repeat":"repeat","background-position":"center center","background-size":"auto","background-attachment":"scroll","background-type":"","background-media":"","overlay-type":"","overlay-color":"","overlay-opacity":"","overlay-gradient":""}}},"product_brand":[],"product_cat":[46,168],"product_tag":[929,239,733,856,322,409,975,706,1436,991,1444,1445,999,1351,700],"class_list":{"0":"post-11822","1":"product","2":"type-product","3":"status-publish","4":"has-post-thumbnail","6":"product_cat-graphics","7":"product_cat-templates","8":"product_tag-blog","9":"product_tag-bundle","10":"product_tag-business","11":"product_tag-corporate","12":"product_tag-fashion","13":"product_tag-fitness","14":"product_tag-multipurpose","15":"product_tag-promotion","16":"product_tag-sale","17":"product_tag-slide","18":"product_tag-slider","19":"product_tag-sliders","20":"product_tag-slides","21":"product_tag-travel","22":"product_tag-website","23":"desktop-align-left","24":"tablet-align-left","25":"mobile-align-left","27":"first","28":"instock","29":"sale","30":"downloadable","31":"virtual","32":"taxable","33":"purchasable","34":"product-type-simple"},"yoast_head":"<!-- This site is optimized with the Yoast SEO plugin v27.3 - https:\/\/yoast.com\/product\/yoast-seo-wordpress\/ -->\n<title>Slider Bundle - Graphimarket<\/title>\n<meta name=\"description\" content=\"Slider Bundle MULTIPURPOSE SLIDERSBUNDLE 8 IN 110 Business Sliders10 Corporate Sliders10 Fashion Sliders10 Fitness Sliders\" \/>\n<meta name=\"robots\" content=\"index, follow, max-snippet:-1, max-image-preview:large, max-video-preview:-1\" \/>\n<link rel=\"canonical\" href=\"https:\/\/graphimarket.com\/fr\/product\/slider-bundle\/\" \/>\n<meta property=\"og:locale\" content=\"fr_FR\" \/>\n<meta property=\"og:type\" content=\"article\" \/>\n<meta property=\"og:title\" content=\"Slider Bundle - Graphimarket\" \/>\n<meta property=\"og:description\" content=\"Slider Bundle MULTIPURPOSE SLIDERSBUNDLE 8 IN 110 Business Sliders10 Corporate Sliders10 Fashion Sliders10 Fitness Sliders\" \/>\n<meta property=\"og:url\" content=\"https:\/\/graphimarket.com\/fr\/product\/slider-bundle\/\" \/>\n<meta property=\"og:site_name\" content=\"Graphimarket\" \/>\n<meta property=\"article:modified_time\" content=\"2022-12-19T08:48:51+00:00\" \/>\n<meta property=\"og:image\" content=\"https:\/\/graphimarket.com\/wp-content\/uploads\/2020\/10\/c8b9a456-75a6-4bcb-84d5-6bdc314f1076.jpg\" \/>\n\t<meta property=\"og:image:width\" content=\"1370\" \/>\n\t<meta property=\"og:image:height\" content=\"913\" \/>\n\t<meta property=\"og:image:type\" content=\"image\/jpeg\" \/>\n<meta name=\"twitter:card\" content=\"summary_large_image\" \/>\n<meta name=\"twitter:label1\" content=\"Est. reading time\" \/>\n\t<meta name=\"twitter:data1\" content=\"1 minute\" \/>\n<script type=\"application\/ld+json\" class=\"yoast-schema-graph\">{\"@context\":\"https:\\\/\\\/schema.org\",\"@graph\":[{\"@type\":\"WebPage\",\"@id\":\"https:\\\/\\\/graphimarket.com\\\/product\\\/slider-bundle\\\/\",\"url\":\"https:\\\/\\\/graphimarket.com\\\/product\\\/slider-bundle\\\/\",\"name\":\"Slider Bundle - Graphimarket\",\"isPartOf\":{\"@id\":\"https:\\\/\\\/graphimarket.com\\\/fr\\\/#website\"},\"primaryImageOfPage\":{\"@id\":\"https:\\\/\\\/graphimarket.com\\\/product\\\/slider-bundle\\\/#primaryimage\"},\"image\":{\"@id\":\"https:\\\/\\\/graphimarket.com\\\/product\\\/slider-bundle\\\/#primaryimage\"},\"thumbnailUrl\":\"https:\\\/\\\/graphimarket.com\\\/wp-content\\\/uploads\\\/2020\\\/10\\\/c8b9a456-75a6-4bcb-84d5-6bdc314f1076.jpg\",\"datePublished\":\"2020-10-12T12:30:33+00:00\",\"dateModified\":\"2022-12-19T08:48:51+00:00\",\"description\":\"Slider Bundle MULTIPURPOSE SLIDERSBUNDLE 8 IN 110 Business Sliders10 Corporate Sliders10 Fashion Sliders10 Fitness Sliders\",\"breadcrumb\":{\"@id\":\"https:\\\/\\\/graphimarket.com\\\/product\\\/slider-bundle\\\/#breadcrumb\"},\"inLanguage\":\"fr-FR\",\"potentialAction\":[{\"@type\":\"ReadAction\",\"target\":[\"https:\\\/\\\/graphimarket.com\\\/product\\\/slider-bundle\\\/\"]}]},{\"@type\":\"ImageObject\",\"inLanguage\":\"fr-FR\",\"@id\":\"https:\\\/\\\/graphimarket.com\\\/product\\\/slider-bundle\\\/#primaryimage\",\"url\":\"https:\\\/\\\/graphimarket.com\\\/wp-content\\\/uploads\\\/2020\\\/10\\\/c8b9a456-75a6-4bcb-84d5-6bdc314f1076.jpg\",\"contentUrl\":\"https:\\\/\\\/graphimarket.com\\\/wp-content\\\/uploads\\\/2020\\\/10\\\/c8b9a456-75a6-4bcb-84d5-6bdc314f1076.jpg\",\"width\":1370,\"height\":913},{\"@type\":\"BreadcrumbList\",\"@id\":\"https:\\\/\\\/graphimarket.com\\\/product\\\/slider-bundle\\\/#breadcrumb\",\"itemListElement\":[{\"@type\":\"ListItem\",\"position\":1,\"name\":\"Home\",\"item\":\"https:\\\/\\\/graphimarket.com\\\/es\\\/\"},{\"@type\":\"ListItem\",\"position\":2,\"name\":\"Store\",\"item\":\"https:\\\/\\\/graphimarket.com\\\/store\\\/\"},{\"@type\":\"ListItem\",\"position\":3,\"name\":\"Slider Bundle\"}]},{\"@type\":\"WebSite\",\"@id\":\"https:\\\/\\\/graphimarket.com\\\/fr\\\/#website\",\"url\":\"https:\\\/\\\/graphimarket.com\\\/fr\\\/\",\"name\":\"Graphimarket\",\"description\":\"Find the perfect creative asset to bring your project to life\",\"publisher\":{\"@id\":\"https:\\\/\\\/graphimarket.com\\\/fr\\\/#organization\"},\"potentialAction\":[{\"@type\":\"SearchAction\",\"target\":{\"@type\":\"EntryPoint\",\"urlTemplate\":\"https:\\\/\\\/graphimarket.com\\\/fr\\\/?s={search_term_string}\"},\"query-input\":{\"@type\":\"PropertyValueSpecification\",\"valueRequired\":true,\"valueName\":\"search_term_string\"}}],\"inLanguage\":\"fr-FR\"},{\"@type\":\"Organization\",\"@id\":\"https:\\\/\\\/graphimarket.com\\\/fr\\\/#organization\",\"name\":\"Graphimarket\",\"url\":\"https:\\\/\\\/graphimarket.com\\\/fr\\\/\",\"logo\":{\"@type\":\"ImageObject\",\"inLanguage\":\"fr-FR\",\"@id\":\"https:\\\/\\\/graphimarket.com\\\/fr\\\/#\\\/schema\\\/logo\\\/image\\\/\",\"url\":\"https:\\\/\\\/graphimarket.com\\\/wp-content\\\/uploads\\\/2020\\\/08\\\/logo-48.png\",\"contentUrl\":\"https:\\\/\\\/graphimarket.com\\\/wp-content\\\/uploads\\\/2020\\\/08\\\/logo-48.png\",\"width\":132,\"height\":48,\"caption\":\"Graphimarket\"},\"image\":{\"@id\":\"https:\\\/\\\/graphimarket.com\\\/fr\\\/#\\\/schema\\\/logo\\\/image\\\/\"}}]}<\/script>\n<!-- \/ Yoast SEO plugin. -->","yoast_head_json":{"title":"Pack de curseurs - Graphimarket","description":"Ensemble de curseurs SLIDERS POLYVALENTSBUNDLE 8 EN 110 curseurs d&#039;affaires10 curseurs d&#039;entreprise10 curseurs de mode10 curseurs de fitness","robots":{"index":"index","follow":"follow","max-snippet":"max-snippet:-1","max-image-preview":"max-image-preview:large","max-video-preview":"max-video-preview:-1"},"canonical":"https:\/\/graphimarket.com\/fr\/product\/slider-bundle\/","og_locale":"fr_FR","og_type":"article","og_title":"Slider Bundle - Graphimarket","og_description":"Slider Bundle MULTIPURPOSE SLIDERSBUNDLE 8 IN 110 Business Sliders10 Corporate Sliders10 Fashion Sliders10 Fitness Sliders","og_url":"https:\/\/graphimarket.com\/fr\/product\/slider-bundle\/","og_site_name":"Graphimarket","article_modified_time":"2022-12-19T08:48:51+00:00","og_image":[{"width":1370,"height":913,"url":"https:\/\/graphimarket.com\/wp-content\/uploads\/2020\/10\/c8b9a456-75a6-4bcb-84d5-6bdc314f1076.jpg","type":"image\/jpeg"}],"twitter_card":"summary_large_image","twitter_misc":{"Est. reading time":"1 minute"},"schema":{"@context":"https:\/\/schema.org","@graph":[{"@type":"WebPage","@id":"https:\/\/graphimarket.com\/product\/slider-bundle\/","url":"https:\/\/graphimarket.com\/product\/slider-bundle\/","name":"Pack de curseurs - Graphimarket","isPartOf":{"@id":"https:\/\/graphimarket.com\/fr\/#website"},"primaryImageOfPage":{"@id":"https:\/\/graphimarket.com\/product\/slider-bundle\/#primaryimage"},"image":{"@id":"https:\/\/graphimarket.com\/product\/slider-bundle\/#primaryimage"},"thumbnailUrl":"https:\/\/graphimarket.com\/wp-content\/uploads\/2020\/10\/c8b9a456-75a6-4bcb-84d5-6bdc314f1076.jpg","datePublished":"2020-10-12T12:30:33+00:00","dateModified":"2022-12-19T08:48:51+00:00","description":"Ensemble de curseurs SLIDERS POLYVALENTSBUNDLE 8 EN 110 curseurs d&#039;affaires10 curseurs d&#039;entreprise10 curseurs de mode10 curseurs de fitness","breadcrumb":{"@id":"https:\/\/graphimarket.com\/product\/slider-bundle\/#breadcrumb"},"inLanguage":"fr-FR","potentialAction":[{"@type":"ReadAction","target":["https:\/\/graphimarket.com\/product\/slider-bundle\/"]}]},{"@type":"ImageObject","inLanguage":"fr-FR","@id":"https:\/\/graphimarket.com\/product\/slider-bundle\/#primaryimage","url":"https:\/\/graphimarket.com\/wp-content\/uploads\/2020\/10\/c8b9a456-75a6-4bcb-84d5-6bdc314f1076.jpg","contentUrl":"https:\/\/graphimarket.com\/wp-content\/uploads\/2020\/10\/c8b9a456-75a6-4bcb-84d5-6bdc314f1076.jpg","width":1370,"height":913},{"@type":"BreadcrumbList","@id":"https:\/\/graphimarket.com\/product\/slider-bundle\/#breadcrumb","itemListElement":[{"@type":"ListItem","position":1,"name":"Home","item":"https:\/\/graphimarket.com\/es\/"},{"@type":"ListItem","position":2,"name":"Store","item":"https:\/\/graphimarket.com\/store\/"},{"@type":"ListItem","position":3,"name":"Slider Bundle"}]},{"@type":"WebSite","@id":"https:\/\/graphimarket.com\/fr\/#website","url":"https:\/\/graphimarket.com\/fr\/","name":"Graphimarket","description":"Trouvez l&#039;atout cr\u00e9atif parfait pour donner vie \u00e0 votre projet","publisher":{"@id":"https:\/\/graphimarket.com\/fr\/#organization"},"potentialAction":[{"@type":"SearchAction","target":{"@type":"EntryPoint","urlTemplate":"https:\/\/graphimarket.com\/fr\/?s={search_term_string}"},"query-input":{"@type":"PropertyValueSpecification","valueRequired":true,"valueName":"search_term_string"}}],"inLanguage":"fr-FR"},{"@type":"Organization","@id":"https:\/\/graphimarket.com\/fr\/#organization","name":"Graphimarket","url":"https:\/\/graphimarket.com\/fr\/","logo":{"@type":"ImageObject","inLanguage":"fr-FR","@id":"https:\/\/graphimarket.com\/fr\/#\/schema\/logo\/image\/","url":"https:\/\/graphimarket.com\/wp-content\/uploads\/2020\/08\/logo-48.png","contentUrl":"https:\/\/graphimarket.com\/wp-content\/uploads\/2020\/08\/logo-48.png","width":132,"height":48,"caption":"Graphimarket"},"image":{"@id":"https:\/\/graphimarket.com\/fr\/#\/schema\/logo\/image\/"}}]}},"_links":{"self":[{"href":"https:\/\/graphimarket.com\/fr\/wp-json\/wp\/v2\/product\/11822","targetHints":{"allow":["GET"]}}],"collection":[{"href":"https:\/\/graphimarket.com\/fr\/wp-json\/wp\/v2\/product"}],"about":[{"href":"https:\/\/graphimarket.com\/fr\/wp-json\/wp\/v2\/types\/product"}],"replies":[{"embeddable":true,"href":"https:\/\/graphimarket.com\/fr\/wp-json\/wp\/v2\/comments?post=11822"}],"version-history":[{"count":0,"href":"https:\/\/graphimarket.com\/fr\/wp-json\/wp\/v2\/product\/11822\/revisions"}],"wp:featuredmedia":[{"embeddable":true,"href":"https:\/\/graphimarket.com\/fr\/wp-json\/wp\/v2\/media\/11825"}],"wp:attachment":[{"href":"https:\/\/graphimarket.com\/fr\/wp-json\/wp\/v2\/media?parent=11822"}],"wp:term":[{"taxonomy":"product_brand","embeddable":true,"href":"https:\/\/graphimarket.com\/fr\/wp-json\/wp\/v2\/product_brand?post=11822"},{"taxonomy":"product_cat","embeddable":true,"href":"https:\/\/graphimarket.com\/fr\/wp-json\/wp\/v2\/product_cat?post=11822"},{"taxonomy":"product_tag","embeddable":true,"href":"https:\/\/graphimarket.com\/fr\/wp-json\/wp\/v2\/product_tag?post=11822"}],"curies":[{"name":"wp","href":"https:\/\/api.w.org\/{rel}","templated":true}]}}