{"id":11839,"date":"2020-10-12T14:40:31","date_gmt":"2020-10-12T12:40:31","guid":{"rendered":"https:\/\/graphimarket.com\/?post_type=product&#038;p=11839"},"modified":"2022-12-19T09:48:39","modified_gmt":"2022-12-19T08:48:39","slug":"single-page-menu-bundle","status":"publish","type":"product","link":"https:\/\/graphimarket.com\/fr\/product\/single-page-menu-bundle\/","title":{"rendered":"Ensemble de menus \u00e0 page unique"},"content":{"rendered":"<div class=\"_2Masz2rr\">\n<p>Ensemble de menus \u00e0 page unique<\/p>\n<p>Paquet de menu alimentaire. Ces conceptions conviennent parfaitement \u00e0 n&#039;importe quel restaurant. Facile \u00e0 modifier au format Adobe Photoshop.<\/p>\n<p>Food images are not included according to Envato Elements Rules.<\/p>\n<p><strong>Caract\u00e9ristiques A4 et US Letter Single Page<\/strong><\/p>\n<ul>\n<li>A4 and US Letter with bleed area and safety zone<\/li>\n<li>Calques hautement organis\u00e9s (\u00e9tiquet\u00e9s et group\u00e9s)<\/li>\n<li>Facile \u00e0 personnaliser et \u00e0 changer de photo via un objet intelligent<\/li>\n<li>300 DPI haute r\u00e9solution<\/li>\n<li>Mode couleur CMJN<\/li>\n<li>Format pr\u00eat \u00e0 imprimer<\/li>\n<li>Fichier PDF d&#039;aide<\/li>\n<\/ul>\n<p>Free font used &#8211; link is in Help PDF file.<\/p>\n<p>Thank you for your Time and Download.<\/p>\n<\/div>\n<p>&nbsp;<\/p>\n<p><img fetchpriority=\"high\" decoding=\"async\" class=\"aligncenter wp-image-11840 size-full\" src=\"https:\/\/graphimarket.com\/wp-content\/uploads\/2020\/10\/61786e29-7520-4a6e-86c9-048c4562ee74.jpg\" alt=\"\" width=\"1170\" height=\"780\" srcset=\"https:\/\/graphimarket.com\/wp-content\/uploads\/2020\/10\/61786e29-7520-4a6e-86c9-048c4562ee74.jpg 1170w, https:\/\/graphimarket.com\/wp-content\/uploads\/2020\/10\/61786e29-7520-4a6e-86c9-048c4562ee74-300x200.jpg 300w, https:\/\/graphimarket.com\/wp-content\/uploads\/2020\/10\/61786e29-7520-4a6e-86c9-048c4562ee74-1024x683.jpg 1024w, https:\/\/graphimarket.com\/wp-content\/uploads\/2020\/10\/61786e29-7520-4a6e-86c9-048c4562ee74-768x512.jpg 768w, https:\/\/graphimarket.com\/wp-content\/uploads\/2020\/10\/61786e29-7520-4a6e-86c9-048c4562ee74-16x12.jpg 16w, https:\/\/graphimarket.com\/wp-content\/uploads\/2020\/10\/61786e29-7520-4a6e-86c9-048c4562ee74-600x400.jpg 600w\" sizes=\"(max-width: 1170px) 100vw, 1170px\" \/> <img decoding=\"async\" class=\"aligncenter wp-image-11841 size-full\" src=\"https:\/\/graphimarket.com\/wp-content\/uploads\/2020\/10\/a909e9f0-9cbf-4538-89df-7c1318c5446c.jpg\" alt=\"\" width=\"1170\" height=\"780\" srcset=\"https:\/\/graphimarket.com\/wp-content\/uploads\/2020\/10\/a909e9f0-9cbf-4538-89df-7c1318c5446c.jpg 1170w, https:\/\/graphimarket.com\/wp-content\/uploads\/2020\/10\/a909e9f0-9cbf-4538-89df-7c1318c5446c-300x200.jpg 300w, https:\/\/graphimarket.com\/wp-content\/uploads\/2020\/10\/a909e9f0-9cbf-4538-89df-7c1318c5446c-1024x683.jpg 1024w, https:\/\/graphimarket.com\/wp-content\/uploads\/2020\/10\/a909e9f0-9cbf-4538-89df-7c1318c5446c-768x512.jpg 768w, https:\/\/graphimarket.com\/wp-content\/uploads\/2020\/10\/a909e9f0-9cbf-4538-89df-7c1318c5446c-16x12.jpg 16w, https:\/\/graphimarket.com\/wp-content\/uploads\/2020\/10\/a909e9f0-9cbf-4538-89df-7c1318c5446c-600x400.jpg 600w\" sizes=\"(max-width: 1170px) 100vw, 1170px\" \/> <img decoding=\"async\" class=\"aligncenter wp-image-11842 size-full\" src=\"https:\/\/graphimarket.com\/wp-content\/uploads\/2020\/10\/b261ef25-8fa2-4ec7-b879-7dc584bb1d81.jpg\" alt=\"\" width=\"1170\" height=\"780\" srcset=\"https:\/\/graphimarket.com\/wp-content\/uploads\/2020\/10\/b261ef25-8fa2-4ec7-b879-7dc584bb1d81.jpg 1170w, https:\/\/graphimarket.com\/wp-content\/uploads\/2020\/10\/b261ef25-8fa2-4ec7-b879-7dc584bb1d81-300x200.jpg 300w, https:\/\/graphimarket.com\/wp-content\/uploads\/2020\/10\/b261ef25-8fa2-4ec7-b879-7dc584bb1d81-1024x683.jpg 1024w, https:\/\/graphimarket.com\/wp-content\/uploads\/2020\/10\/b261ef25-8fa2-4ec7-b879-7dc584bb1d81-768x512.jpg 768w, https:\/\/graphimarket.com\/wp-content\/uploads\/2020\/10\/b261ef25-8fa2-4ec7-b879-7dc584bb1d81-16x12.jpg 16w, https:\/\/graphimarket.com\/wp-content\/uploads\/2020\/10\/b261ef25-8fa2-4ec7-b879-7dc584bb1d81-600x400.jpg 600w\" sizes=\"(max-width: 1170px) 100vw, 1170px\" \/> <img loading=\"lazy\" decoding=\"async\" class=\"aligncenter wp-image-11843 size-full\" src=\"https:\/\/graphimarket.com\/wp-content\/uploads\/2020\/10\/bcb6a3a1-8e0a-418f-97c8-98e973faf905.jpg\" alt=\"\" width=\"1370\" height=\"913\" srcset=\"https:\/\/graphimarket.com\/wp-content\/uploads\/2020\/10\/bcb6a3a1-8e0a-418f-97c8-98e973faf905.jpg 1370w, https:\/\/graphimarket.com\/wp-content\/uploads\/2020\/10\/bcb6a3a1-8e0a-418f-97c8-98e973faf905-300x200.jpg 300w, https:\/\/graphimarket.com\/wp-content\/uploads\/2020\/10\/bcb6a3a1-8e0a-418f-97c8-98e973faf905-1024x682.jpg 1024w, https:\/\/graphimarket.com\/wp-content\/uploads\/2020\/10\/bcb6a3a1-8e0a-418f-97c8-98e973faf905-768x512.jpg 768w, https:\/\/graphimarket.com\/wp-content\/uploads\/2020\/10\/bcb6a3a1-8e0a-418f-97c8-98e973faf905-16x12.jpg 16w, https:\/\/graphimarket.com\/wp-content\/uploads\/2020\/10\/bcb6a3a1-8e0a-418f-97c8-98e973faf905-1320x880.jpg 1320w, https:\/\/graphimarket.com\/wp-content\/uploads\/2020\/10\/bcb6a3a1-8e0a-418f-97c8-98e973faf905-600x400.jpg 600w\" sizes=\"(max-width: 1370px) 100vw, 1370px\" \/> <img loading=\"lazy\" decoding=\"async\" class=\"aligncenter wp-image-11844 size-full\" src=\"https:\/\/graphimarket.com\/wp-content\/uploads\/2020\/10\/de039c08-cc93-42ba-afeb-755e2747e296.jpg\" alt=\"\" width=\"1170\" height=\"780\" srcset=\"https:\/\/graphimarket.com\/wp-content\/uploads\/2020\/10\/de039c08-cc93-42ba-afeb-755e2747e296.jpg 1170w, https:\/\/graphimarket.com\/wp-content\/uploads\/2020\/10\/de039c08-cc93-42ba-afeb-755e2747e296-300x200.jpg 300w, https:\/\/graphimarket.com\/wp-content\/uploads\/2020\/10\/de039c08-cc93-42ba-afeb-755e2747e296-1024x683.jpg 1024w, https:\/\/graphimarket.com\/wp-content\/uploads\/2020\/10\/de039c08-cc93-42ba-afeb-755e2747e296-768x512.jpg 768w, https:\/\/graphimarket.com\/wp-content\/uploads\/2020\/10\/de039c08-cc93-42ba-afeb-755e2747e296-16x12.jpg 16w, https:\/\/graphimarket.com\/wp-content\/uploads\/2020\/10\/de039c08-cc93-42ba-afeb-755e2747e296-600x400.jpg 600w\" sizes=\"(max-width: 1170px) 100vw, 1170px\" \/> <img loading=\"lazy\" decoding=\"async\" class=\"aligncenter wp-image-11845 size-full\" src=\"https:\/\/graphimarket.com\/wp-content\/uploads\/2020\/10\/2defb56d-fe3d-4b89-87be-1a10fc971a6b.jpg\" alt=\"\" width=\"1170\" height=\"780\" srcset=\"https:\/\/graphimarket.com\/wp-content\/uploads\/2020\/10\/2defb56d-fe3d-4b89-87be-1a10fc971a6b.jpg 1170w, https:\/\/graphimarket.com\/wp-content\/uploads\/2020\/10\/2defb56d-fe3d-4b89-87be-1a10fc971a6b-300x200.jpg 300w, https:\/\/graphimarket.com\/wp-content\/uploads\/2020\/10\/2defb56d-fe3d-4b89-87be-1a10fc971a6b-1024x683.jpg 1024w, https:\/\/graphimarket.com\/wp-content\/uploads\/2020\/10\/2defb56d-fe3d-4b89-87be-1a10fc971a6b-768x512.jpg 768w, https:\/\/graphimarket.com\/wp-content\/uploads\/2020\/10\/2defb56d-fe3d-4b89-87be-1a10fc971a6b-16x12.jpg 16w, https:\/\/graphimarket.com\/wp-content\/uploads\/2020\/10\/2defb56d-fe3d-4b89-87be-1a10fc971a6b-600x400.jpg 600w\" sizes=\"(max-width: 1170px) 100vw, 1170px\" \/> <img loading=\"lazy\" decoding=\"async\" class=\"aligncenter wp-image-11846 size-full\" src=\"https:\/\/graphimarket.com\/wp-content\/uploads\/2020\/10\/85b7ab24-3105-4ca3-b05a-a05d933c4f15.jpg\" alt=\"\" width=\"1170\" height=\"780\" srcset=\"https:\/\/graphimarket.com\/wp-content\/uploads\/2020\/10\/85b7ab24-3105-4ca3-b05a-a05d933c4f15.jpg 1170w, https:\/\/graphimarket.com\/wp-content\/uploads\/2020\/10\/85b7ab24-3105-4ca3-b05a-a05d933c4f15-300x200.jpg 300w, https:\/\/graphimarket.com\/wp-content\/uploads\/2020\/10\/85b7ab24-3105-4ca3-b05a-a05d933c4f15-1024x683.jpg 1024w, https:\/\/graphimarket.com\/wp-content\/uploads\/2020\/10\/85b7ab24-3105-4ca3-b05a-a05d933c4f15-768x512.jpg 768w, https:\/\/graphimarket.com\/wp-content\/uploads\/2020\/10\/85b7ab24-3105-4ca3-b05a-a05d933c4f15-16x12.jpg 16w, https:\/\/graphimarket.com\/wp-content\/uploads\/2020\/10\/85b7ab24-3105-4ca3-b05a-a05d933c4f15-600x400.jpg 600w\" sizes=\"(max-width: 1170px) 100vw, 1170px\" \/><\/p>\n<p>&nbsp;<\/p>\n<p>&nbsp;<\/p>\n<div class=\"_3YqMOf9R\">\n<div class=\"_3KAa4-GZ frEFeDSS\"><\/div>\n<\/div>","protected":false},"excerpt":{"rendered":"<p>Single Page Menu Bundle Food Menu Bundle. This designs are perfectly Suitable for any Restaurant. Easy to edit fully adobe Photoshop format. Food images are not included according to Envato Elements Rules. Features A4 &amp; US Letter Single Page A4 and US Letter with bleed area and safety zone Highly Organized Layers (Labeled &amp; grouped) [&hellip;]<\/p>\n","protected":false},"featured_media":11843,"comment_status":"open","ping_status":"closed","template":"","meta":{"site-sidebar-layout":"default","site-content-layout":"default","ast-site-content-layout":"default","site-content-style":"default","site-sidebar-style":"default","ast-global-header-display":"","ast-banner-title-visibility":"","ast-main-header-display":"","ast-hfb-above-header-display":"","ast-hfb-below-header-display":"","ast-hfb-mobile-header-display":"","site-post-title":"","ast-breadcrumbs-content":"","ast-featured-img":"","footer-sml-layout":"","ast-disable-related-posts":"","theme-transparent-header-meta":"default","adv-header-id-meta":"","stick-header-meta":"","header-above-stick-meta":"","header-main-stick-meta":"","header-below-stick-meta":"","astra-migrate-meta-layouts":"default","ast-page-background-enabled":"default","ast-page-background-meta":{"desktop":{"background-color":"","background-image":"","background-repeat":"repeat","background-position":"center center","background-size":"auto","background-attachment":"scroll","background-type":"","background-media":"","overlay-type":"","overlay-color":"","overlay-opacity":"","overlay-gradient":""},"tablet":{"background-color":"","background-image":"","background-repeat":"repeat","background-position":"center center","background-size":"auto","background-attachment":"scroll","background-type":"","background-media":"","overlay-type":"","overlay-color":"","overlay-opacity":"","overlay-gradient":""},"mobile":{"background-color":"","background-image":"","background-repeat":"repeat","background-position":"center center","background-size":"auto","background-attachment":"scroll","background-type":"","background-media":"","overlay-type":"","overlay-color":"","overlay-opacity":"","overlay-gradient":""}},"ast-content-background-meta":{"desktop":{"background-color":"var(--ast-global-color-5)","background-image":"","background-repeat":"repeat","background-position":"center center","background-size":"auto","background-attachment":"scroll","background-type":"","background-media":"","overlay-type":"","overlay-color":"","overlay-opacity":"","overlay-gradient":""},"tablet":{"background-color":"var(--ast-global-color-5)","background-image":"","background-repeat":"repeat","background-position":"center center","background-size":"auto","background-attachment":"scroll","background-type":"","background-media":"","overlay-type":"","overlay-color":"","overlay-opacity":"","overlay-gradient":""},"mobile":{"background-color":"var(--ast-global-color-5)","background-image":"","background-repeat":"repeat","background-position":"center center","background-size":"auto","background-attachment":"scroll","background-type":"","background-media":"","overlay-type":"","overlay-color":"","overlay-opacity":"","overlay-gradient":""}}},"product_brand":[],"product_cat":[46,168],"product_tag":[795,1446,1447,277,1137,227,60,276],"class_list":{"0":"post-11839","1":"product","2":"type-product","3":"status-publish","4":"has-post-thumbnail","6":"product_cat-graphics","7":"product_cat-templates","8":"product_tag-food","9":"product_tag-menu","10":"product_tag-restaurant","11":"product_tag-retro","12":"product_tag-rustic","13":"product_tag-style","14":"product_tag-template","15":"product_tag-vintage","16":"desktop-align-left","17":"tablet-align-left","18":"mobile-align-left","20":"first","21":"instock","22":"sale","23":"downloadable","24":"virtual","25":"taxable","26":"purchasable","27":"product-type-simple"},"yoast_head":"<!-- This site is optimized with the Yoast SEO plugin v27.3 - https:\/\/yoast.com\/product\/yoast-seo-wordpress\/ -->\n<title>Single Page Menu Bundle - Graphimarket<\/title>\n<meta name=\"description\" content=\"Single Page Menu Bundle Food Menu Bundle. This designs are perfectly Suitable for any Restaurant. Easy to edit fully adobe Photoshop format.\" \/>\n<meta name=\"robots\" content=\"index, follow, max-snippet:-1, max-image-preview:large, max-video-preview:-1\" \/>\n<link rel=\"canonical\" href=\"https:\/\/graphimarket.com\/fr\/product\/single-page-menu-bundle\/\" \/>\n<meta property=\"og:locale\" content=\"fr_FR\" \/>\n<meta property=\"og:type\" content=\"article\" \/>\n<meta property=\"og:title\" content=\"Single Page Menu Bundle - Graphimarket\" \/>\n<meta property=\"og:description\" content=\"Single Page Menu Bundle Food Menu Bundle. This designs are perfectly Suitable for any Restaurant. Easy to edit fully adobe Photoshop format.\" \/>\n<meta property=\"og:url\" content=\"https:\/\/graphimarket.com\/fr\/product\/single-page-menu-bundle\/\" \/>\n<meta property=\"og:site_name\" content=\"Graphimarket\" \/>\n<meta property=\"article:modified_time\" content=\"2022-12-19T08:48:39+00:00\" \/>\n<meta property=\"og:image\" content=\"https:\/\/graphimarket.com\/wp-content\/uploads\/2020\/10\/bcb6a3a1-8e0a-418f-97c8-98e973faf905.jpg\" \/>\n\t<meta property=\"og:image:width\" content=\"1370\" \/>\n\t<meta property=\"og:image:height\" content=\"913\" \/>\n\t<meta property=\"og:image:type\" content=\"image\/jpeg\" \/>\n<meta name=\"twitter:card\" content=\"summary_large_image\" \/>\n<script type=\"application\/ld+json\" class=\"yoast-schema-graph\">{\"@context\":\"https:\\\/\\\/schema.org\",\"@graph\":[{\"@type\":\"WebPage\",\"@id\":\"https:\\\/\\\/graphimarket.com\\\/pt\\\/product\\\/single-page-menu-bundle\\\/\",\"url\":\"https:\\\/\\\/graphimarket.com\\\/pt\\\/product\\\/single-page-menu-bundle\\\/\",\"name\":\"Single Page Menu Bundle - Graphimarket\",\"isPartOf\":{\"@id\":\"https:\\\/\\\/graphimarket.com\\\/fr\\\/#website\"},\"primaryImageOfPage\":{\"@id\":\"https:\\\/\\\/graphimarket.com\\\/pt\\\/product\\\/single-page-menu-bundle\\\/#primaryimage\"},\"image\":{\"@id\":\"https:\\\/\\\/graphimarket.com\\\/pt\\\/product\\\/single-page-menu-bundle\\\/#primaryimage\"},\"thumbnailUrl\":\"https:\\\/\\\/graphimarket.com\\\/wp-content\\\/uploads\\\/2020\\\/10\\\/bcb6a3a1-8e0a-418f-97c8-98e973faf905.jpg\",\"datePublished\":\"2020-10-12T12:40:31+00:00\",\"dateModified\":\"2022-12-19T08:48:39+00:00\",\"description\":\"Single Page Menu Bundle Food Menu Bundle. This designs are perfectly Suitable for any Restaurant. Easy to edit fully adobe Photoshop format.\",\"breadcrumb\":{\"@id\":\"https:\\\/\\\/graphimarket.com\\\/pt\\\/product\\\/single-page-menu-bundle\\\/#breadcrumb\"},\"inLanguage\":\"fr-FR\",\"potentialAction\":[{\"@type\":\"ReadAction\",\"target\":[\"https:\\\/\\\/graphimarket.com\\\/pt\\\/product\\\/single-page-menu-bundle\\\/\"]}]},{\"@type\":\"ImageObject\",\"inLanguage\":\"fr-FR\",\"@id\":\"https:\\\/\\\/graphimarket.com\\\/pt\\\/product\\\/single-page-menu-bundle\\\/#primaryimage\",\"url\":\"https:\\\/\\\/graphimarket.com\\\/wp-content\\\/uploads\\\/2020\\\/10\\\/bcb6a3a1-8e0a-418f-97c8-98e973faf905.jpg\",\"contentUrl\":\"https:\\\/\\\/graphimarket.com\\\/wp-content\\\/uploads\\\/2020\\\/10\\\/bcb6a3a1-8e0a-418f-97c8-98e973faf905.jpg\",\"width\":1370,\"height\":913},{\"@type\":\"BreadcrumbList\",\"@id\":\"https:\\\/\\\/graphimarket.com\\\/pt\\\/product\\\/single-page-menu-bundle\\\/#breadcrumb\",\"itemListElement\":[{\"@type\":\"ListItem\",\"position\":1,\"name\":\"Home\",\"item\":\"https:\\\/\\\/graphimarket.com\\\/es\\\/\"},{\"@type\":\"ListItem\",\"position\":2,\"name\":\"Store\",\"item\":\"https:\\\/\\\/graphimarket.com\\\/store\\\/\"},{\"@type\":\"ListItem\",\"position\":3,\"name\":\"Single Page Menu Bundle\"}]},{\"@type\":\"WebSite\",\"@id\":\"https:\\\/\\\/graphimarket.com\\\/fr\\\/#website\",\"url\":\"https:\\\/\\\/graphimarket.com\\\/fr\\\/\",\"name\":\"Graphimarket\",\"description\":\"Find the perfect creative asset to bring your project to life\",\"publisher\":{\"@id\":\"https:\\\/\\\/graphimarket.com\\\/fr\\\/#organization\"},\"potentialAction\":[{\"@type\":\"SearchAction\",\"target\":{\"@type\":\"EntryPoint\",\"urlTemplate\":\"https:\\\/\\\/graphimarket.com\\\/fr\\\/?s={search_term_string}\"},\"query-input\":{\"@type\":\"PropertyValueSpecification\",\"valueRequired\":true,\"valueName\":\"search_term_string\"}}],\"inLanguage\":\"fr-FR\"},{\"@type\":\"Organization\",\"@id\":\"https:\\\/\\\/graphimarket.com\\\/fr\\\/#organization\",\"name\":\"Graphimarket\",\"url\":\"https:\\\/\\\/graphimarket.com\\\/fr\\\/\",\"logo\":{\"@type\":\"ImageObject\",\"inLanguage\":\"fr-FR\",\"@id\":\"https:\\\/\\\/graphimarket.com\\\/fr\\\/#\\\/schema\\\/logo\\\/image\\\/\",\"url\":\"https:\\\/\\\/graphimarket.com\\\/wp-content\\\/uploads\\\/2020\\\/08\\\/logo-48.png\",\"contentUrl\":\"https:\\\/\\\/graphimarket.com\\\/wp-content\\\/uploads\\\/2020\\\/08\\\/logo-48.png\",\"width\":132,\"height\":48,\"caption\":\"Graphimarket\"},\"image\":{\"@id\":\"https:\\\/\\\/graphimarket.com\\\/fr\\\/#\\\/schema\\\/logo\\\/image\\\/\"}}]}<\/script>\n<!-- \/ Yoast SEO plugin. -->","yoast_head_json":{"title":"Single Page Menu Bundle - Graphimarket","description":"Single Page Menu Bundle Food Menu Bundle. This designs are perfectly Suitable for any Restaurant. Easy to edit fully adobe Photoshop format.","robots":{"index":"index","follow":"follow","max-snippet":"max-snippet:-1","max-image-preview":"max-image-preview:large","max-video-preview":"max-video-preview:-1"},"canonical":"https:\/\/graphimarket.com\/fr\/product\/single-page-menu-bundle\/","og_locale":"fr_FR","og_type":"article","og_title":"Single Page Menu Bundle - Graphimarket","og_description":"Single Page Menu Bundle Food Menu Bundle. This designs are perfectly Suitable for any Restaurant. Easy to edit fully adobe Photoshop format.","og_url":"https:\/\/graphimarket.com\/fr\/product\/single-page-menu-bundle\/","og_site_name":"Graphimarket","article_modified_time":"2022-12-19T08:48:39+00:00","og_image":[{"width":1370,"height":913,"url":"https:\/\/graphimarket.com\/wp-content\/uploads\/2020\/10\/bcb6a3a1-8e0a-418f-97c8-98e973faf905.jpg","type":"image\/jpeg"}],"twitter_card":"summary_large_image","schema":{"@context":"https:\/\/schema.org","@graph":[{"@type":"WebPage","@id":"https:\/\/graphimarket.com\/pt\/product\/single-page-menu-bundle\/","url":"https:\/\/graphimarket.com\/pt\/product\/single-page-menu-bundle\/","name":"Single Page Menu Bundle - Graphimarket","isPartOf":{"@id":"https:\/\/graphimarket.com\/fr\/#website"},"primaryImageOfPage":{"@id":"https:\/\/graphimarket.com\/pt\/product\/single-page-menu-bundle\/#primaryimage"},"image":{"@id":"https:\/\/graphimarket.com\/pt\/product\/single-page-menu-bundle\/#primaryimage"},"thumbnailUrl":"https:\/\/graphimarket.com\/wp-content\/uploads\/2020\/10\/bcb6a3a1-8e0a-418f-97c8-98e973faf905.jpg","datePublished":"2020-10-12T12:40:31+00:00","dateModified":"2022-12-19T08:48:39+00:00","description":"Single Page Menu Bundle Food Menu Bundle. This designs are perfectly Suitable for any Restaurant. Easy to edit fully adobe Photoshop format.","breadcrumb":{"@id":"https:\/\/graphimarket.com\/pt\/product\/single-page-menu-bundle\/#breadcrumb"},"inLanguage":"fr-FR","potentialAction":[{"@type":"ReadAction","target":["https:\/\/graphimarket.com\/pt\/product\/single-page-menu-bundle\/"]}]},{"@type":"ImageObject","inLanguage":"fr-FR","@id":"https:\/\/graphimarket.com\/pt\/product\/single-page-menu-bundle\/#primaryimage","url":"https:\/\/graphimarket.com\/wp-content\/uploads\/2020\/10\/bcb6a3a1-8e0a-418f-97c8-98e973faf905.jpg","contentUrl":"https:\/\/graphimarket.com\/wp-content\/uploads\/2020\/10\/bcb6a3a1-8e0a-418f-97c8-98e973faf905.jpg","width":1370,"height":913},{"@type":"BreadcrumbList","@id":"https:\/\/graphimarket.com\/pt\/product\/single-page-menu-bundle\/#breadcrumb","itemListElement":[{"@type":"ListItem","position":1,"name":"Home","item":"https:\/\/graphimarket.com\/es\/"},{"@type":"ListItem","position":2,"name":"Store","item":"https:\/\/graphimarket.com\/store\/"},{"@type":"ListItem","position":3,"name":"Single Page Menu Bundle"}]},{"@type":"WebSite","@id":"https:\/\/graphimarket.com\/fr\/#website","url":"https:\/\/graphimarket.com\/fr\/","name":"Graphimarket","description":"Trouvez l&#039;atout cr\u00e9atif parfait pour donner vie \u00e0 votre projet","publisher":{"@id":"https:\/\/graphimarket.com\/fr\/#organization"},"potentialAction":[{"@type":"SearchAction","target":{"@type":"EntryPoint","urlTemplate":"https:\/\/graphimarket.com\/fr\/?s={search_term_string}"},"query-input":{"@type":"PropertyValueSpecification","valueRequired":true,"valueName":"search_term_string"}}],"inLanguage":"fr-FR"},{"@type":"Organization","@id":"https:\/\/graphimarket.com\/fr\/#organization","name":"Graphimarket","url":"https:\/\/graphimarket.com\/fr\/","logo":{"@type":"ImageObject","inLanguage":"fr-FR","@id":"https:\/\/graphimarket.com\/fr\/#\/schema\/logo\/image\/","url":"https:\/\/graphimarket.com\/wp-content\/uploads\/2020\/08\/logo-48.png","contentUrl":"https:\/\/graphimarket.com\/wp-content\/uploads\/2020\/08\/logo-48.png","width":132,"height":48,"caption":"Graphimarket"},"image":{"@id":"https:\/\/graphimarket.com\/fr\/#\/schema\/logo\/image\/"}}]}},"_links":{"self":[{"href":"https:\/\/graphimarket.com\/fr\/wp-json\/wp\/v2\/product\/11839","targetHints":{"allow":["GET"]}}],"collection":[{"href":"https:\/\/graphimarket.com\/fr\/wp-json\/wp\/v2\/product"}],"about":[{"href":"https:\/\/graphimarket.com\/fr\/wp-json\/wp\/v2\/types\/product"}],"replies":[{"embeddable":true,"href":"https:\/\/graphimarket.com\/fr\/wp-json\/wp\/v2\/comments?post=11839"}],"version-history":[{"count":0,"href":"https:\/\/graphimarket.com\/fr\/wp-json\/wp\/v2\/product\/11839\/revisions"}],"wp:featuredmedia":[{"embeddable":true,"href":"https:\/\/graphimarket.com\/fr\/wp-json\/wp\/v2\/media\/11843"}],"wp:attachment":[{"href":"https:\/\/graphimarket.com\/fr\/wp-json\/wp\/v2\/media?parent=11839"}],"wp:term":[{"taxonomy":"product_brand","embeddable":true,"href":"https:\/\/graphimarket.com\/fr\/wp-json\/wp\/v2\/product_brand?post=11839"},{"taxonomy":"product_cat","embeddable":true,"href":"https:\/\/graphimarket.com\/fr\/wp-json\/wp\/v2\/product_cat?post=11839"},{"taxonomy":"product_tag","embeddable":true,"href":"https:\/\/graphimarket.com\/fr\/wp-json\/wp\/v2\/product_tag?post=11839"}],"curies":[{"name":"wp","href":"https:\/\/api.w.org\/{rel}","templated":true}]}}