{"id":11969,"date":"2020-10-12T16:54:54","date_gmt":"2020-10-12T14:54:54","guid":{"rendered":"https:\/\/graphimarket.com\/?post_type=product&#038;p=11969"},"modified":"2022-12-19T09:44:55","modified_gmt":"2022-12-19T08:44:55","slug":"watercolor-christmas-bundle","status":"publish","type":"product","link":"https:\/\/graphimarket.com\/fr\/product\/watercolor-christmas-bundle\/","title":{"rendered":"Bundle de No\u00ebl aquarelle"},"content":{"rendered":"<div class=\"_2Masz2rr\">\n<p>Bundle de No\u00ebl Clipart aquarelle<\/p>\n<p>Ce lot de No\u00ebl est rempli de friandises de No\u00ebl.<\/p>\n<p>Ils sont parfaits pour faire des invitations \u00e0 des f\u00eates, des cartes de voeux de No\u00ebl, des invitations de mariage, des \u00e9tiquettes de cadeaux de No\u00ebl, des arts muraux de No\u00ebl et du papier d&#039;emballage de No\u00ebl. Avec autant d&#039;\u00e9l\u00e9ments, les possibilit\u00e9s sont infinies.<\/p>\n<p>Ce qui est inclus dans ce t\u00e9l\u00e9chargement:<\/p>\n<ul>\n<li>95 \u00e9l\u00e9ments graphiques individuels de 3 cerfs, chiens, oiseaux, arbres de No\u00ebl, baies de houx, gui, feuilles d&#039;automne et gousses de graines, bonhommes de neige, rubans et autres objets d\u00e9coratifs, taille typique 5 &quot;x5&quot;, png, 300 dpi.<\/li>\n<li>4 couronnes de No\u00ebl, typiquement 5 \u2033 x6 \u2033, png, 300 dpi<\/li>\n<li>1 bouquet de gui, environ 5 &quot;x5&quot;, png, 300 dpi<\/li>\n<li>7 cartes de No\u00ebl pr\u00eates \u00e0 l&#039;emploi, jpg, 5 &quot;x7&quot;, 300 dpi<\/li>\n<li>13 motifs et formes, png et jpg, 300 dpi<\/li>\n<\/ul>\n<\/div>\n<p><img fetchpriority=\"high\" decoding=\"async\" class=\"aligncenter wp-image-11970 size-full\" src=\"https:\/\/graphimarket.com\/wp-content\/uploads\/2020\/10\/716dda1f-de8f-4b51-b78c-26c1ecc562c5.jpg\" alt=\"\" width=\"1350\" height=\"900\" srcset=\"https:\/\/graphimarket.com\/wp-content\/uploads\/2020\/10\/716dda1f-de8f-4b51-b78c-26c1ecc562c5.jpg 1350w, https:\/\/graphimarket.com\/wp-content\/uploads\/2020\/10\/716dda1f-de8f-4b51-b78c-26c1ecc562c5-300x200.jpg 300w, https:\/\/graphimarket.com\/wp-content\/uploads\/2020\/10\/716dda1f-de8f-4b51-b78c-26c1ecc562c5-1024x683.jpg 1024w, https:\/\/graphimarket.com\/wp-content\/uploads\/2020\/10\/716dda1f-de8f-4b51-b78c-26c1ecc562c5-768x512.jpg 768w, https:\/\/graphimarket.com\/wp-content\/uploads\/2020\/10\/716dda1f-de8f-4b51-b78c-26c1ecc562c5-16x12.jpg 16w, https:\/\/graphimarket.com\/wp-content\/uploads\/2020\/10\/716dda1f-de8f-4b51-b78c-26c1ecc562c5-1320x880.jpg 1320w, https:\/\/graphimarket.com\/wp-content\/uploads\/2020\/10\/716dda1f-de8f-4b51-b78c-26c1ecc562c5-600x400.jpg 600w\" sizes=\"(max-width: 1350px) 100vw, 1350px\" \/> <img decoding=\"async\" class=\"aligncenter wp-image-11971 size-full\" src=\"https:\/\/graphimarket.com\/wp-content\/uploads\/2020\/10\/a26f6c58-4b03-4b06-8dde-6d3801243dc0.jpg\" alt=\"\" width=\"972\" height=\"648\" srcset=\"https:\/\/graphimarket.com\/wp-content\/uploads\/2020\/10\/a26f6c58-4b03-4b06-8dde-6d3801243dc0.jpg 972w, https:\/\/graphimarket.com\/wp-content\/uploads\/2020\/10\/a26f6c58-4b03-4b06-8dde-6d3801243dc0-300x200.jpg 300w, https:\/\/graphimarket.com\/wp-content\/uploads\/2020\/10\/a26f6c58-4b03-4b06-8dde-6d3801243dc0-768x512.jpg 768w, https:\/\/graphimarket.com\/wp-content\/uploads\/2020\/10\/a26f6c58-4b03-4b06-8dde-6d3801243dc0-16x12.jpg 16w, https:\/\/graphimarket.com\/wp-content\/uploads\/2020\/10\/a26f6c58-4b03-4b06-8dde-6d3801243dc0-600x400.jpg 600w\" sizes=\"(max-width: 972px) 100vw, 972px\" \/> <img decoding=\"async\" class=\"aligncenter wp-image-11972 size-full\" src=\"https:\/\/graphimarket.com\/wp-content\/uploads\/2020\/10\/de029187-28e7-429a-b82d-ad132b48b99b.jpg\" alt=\"\" width=\"864\" height=\"576\" srcset=\"https:\/\/graphimarket.com\/wp-content\/uploads\/2020\/10\/de029187-28e7-429a-b82d-ad132b48b99b.jpg 864w, https:\/\/graphimarket.com\/wp-content\/uploads\/2020\/10\/de029187-28e7-429a-b82d-ad132b48b99b-300x200.jpg 300w, https:\/\/graphimarket.com\/wp-content\/uploads\/2020\/10\/de029187-28e7-429a-b82d-ad132b48b99b-768x512.jpg 768w, https:\/\/graphimarket.com\/wp-content\/uploads\/2020\/10\/de029187-28e7-429a-b82d-ad132b48b99b-16x12.jpg 16w, https:\/\/graphimarket.com\/wp-content\/uploads\/2020\/10\/de029187-28e7-429a-b82d-ad132b48b99b-600x400.jpg 600w\" sizes=\"(max-width: 864px) 100vw, 864px\" \/> <img loading=\"lazy\" decoding=\"async\" class=\"aligncenter wp-image-11973 size-full\" src=\"https:\/\/graphimarket.com\/wp-content\/uploads\/2020\/10\/1cc8f236-f331-4b5e-b8f4-749289c7f50b.jpg\" alt=\"\" width=\"974\" height=\"651\" srcset=\"https:\/\/graphimarket.com\/wp-content\/uploads\/2020\/10\/1cc8f236-f331-4b5e-b8f4-749289c7f50b.jpg 974w, https:\/\/graphimarket.com\/wp-content\/uploads\/2020\/10\/1cc8f236-f331-4b5e-b8f4-749289c7f50b-300x201.jpg 300w, https:\/\/graphimarket.com\/wp-content\/uploads\/2020\/10\/1cc8f236-f331-4b5e-b8f4-749289c7f50b-768x513.jpg 768w, https:\/\/graphimarket.com\/wp-content\/uploads\/2020\/10\/1cc8f236-f331-4b5e-b8f4-749289c7f50b-16x12.jpg 16w, https:\/\/graphimarket.com\/wp-content\/uploads\/2020\/10\/1cc8f236-f331-4b5e-b8f4-749289c7f50b-600x401.jpg 600w\" sizes=\"(max-width: 974px) 100vw, 974px\" \/> <img loading=\"lazy\" decoding=\"async\" class=\"aligncenter wp-image-11974 size-full\" src=\"https:\/\/graphimarket.com\/wp-content\/uploads\/2020\/10\/2caca378-3c4d-4d03-9328-c3bddf0ca719.jpg\" alt=\"\" width=\"1350\" height=\"900\" srcset=\"https:\/\/graphimarket.com\/wp-content\/uploads\/2020\/10\/2caca378-3c4d-4d03-9328-c3bddf0ca719.jpg 1350w, https:\/\/graphimarket.com\/wp-content\/uploads\/2020\/10\/2caca378-3c4d-4d03-9328-c3bddf0ca719-300x200.jpg 300w, https:\/\/graphimarket.com\/wp-content\/uploads\/2020\/10\/2caca378-3c4d-4d03-9328-c3bddf0ca719-1024x683.jpg 1024w, https:\/\/graphimarket.com\/wp-content\/uploads\/2020\/10\/2caca378-3c4d-4d03-9328-c3bddf0ca719-768x512.jpg 768w, https:\/\/graphimarket.com\/wp-content\/uploads\/2020\/10\/2caca378-3c4d-4d03-9328-c3bddf0ca719-16x12.jpg 16w, https:\/\/graphimarket.com\/wp-content\/uploads\/2020\/10\/2caca378-3c4d-4d03-9328-c3bddf0ca719-1320x880.jpg 1320w, https:\/\/graphimarket.com\/wp-content\/uploads\/2020\/10\/2caca378-3c4d-4d03-9328-c3bddf0ca719-600x400.jpg 600w\" sizes=\"(max-width: 1350px) 100vw, 1350px\" \/> <img loading=\"lazy\" decoding=\"async\" class=\"aligncenter wp-image-11975 size-full\" src=\"https:\/\/graphimarket.com\/wp-content\/uploads\/2020\/10\/96ba8c1b-5fe2-4083-9303-6cf23eb2fa82.jpg\" alt=\"\" width=\"864\" height=\"576\" srcset=\"https:\/\/graphimarket.com\/wp-content\/uploads\/2020\/10\/96ba8c1b-5fe2-4083-9303-6cf23eb2fa82.jpg 864w, https:\/\/graphimarket.com\/wp-content\/uploads\/2020\/10\/96ba8c1b-5fe2-4083-9303-6cf23eb2fa82-300x200.jpg 300w, https:\/\/graphimarket.com\/wp-content\/uploads\/2020\/10\/96ba8c1b-5fe2-4083-9303-6cf23eb2fa82-768x512.jpg 768w, https:\/\/graphimarket.com\/wp-content\/uploads\/2020\/10\/96ba8c1b-5fe2-4083-9303-6cf23eb2fa82-16x12.jpg 16w, https:\/\/graphimarket.com\/wp-content\/uploads\/2020\/10\/96ba8c1b-5fe2-4083-9303-6cf23eb2fa82-600x400.jpg 600w\" sizes=\"(max-width: 864px) 100vw, 864px\" \/><\/p>\n<div class=\"_3YqMOf9R\">\n<div class=\"_3KAa4-GZ frEFeDSS\"><\/div>\n<\/div>","protected":false},"excerpt":{"rendered":"<p>Watercolor Clipart Christmas Bundle This Christmas bundle is jam packed with Christmas goodies. They are perfect for making party invitations, christmas greeting cards, wedding invitations, christmas gift tags, Christmas wall arts and Christmas wrapping paper. With so many elements, possibility is endless. What is included in this download: 95 individual graphic elements of 3 deer, [&hellip;]<\/p>\n","protected":false},"featured_media":11970,"comment_status":"open","ping_status":"closed","template":"","meta":{"site-sidebar-layout":"default","site-content-layout":"default","ast-site-content-layout":"default","site-content-style":"default","site-sidebar-style":"default","ast-global-header-display":"","ast-banner-title-visibility":"","ast-main-header-display":"","ast-hfb-above-header-display":"","ast-hfb-below-header-display":"","ast-hfb-mobile-header-display":"","site-post-title":"","ast-breadcrumbs-content":"","ast-featured-img":"","footer-sml-layout":"","ast-disable-related-posts":"","theme-transparent-header-meta":"default","adv-header-id-meta":"","stick-header-meta":"","header-above-stick-meta":"","header-main-stick-meta":"","header-below-stick-meta":"","astra-migrate-meta-layouts":"default","ast-page-background-enabled":"default","ast-page-background-meta":{"desktop":{"background-color":"","background-image":"","background-repeat":"repeat","background-position":"center center","background-size":"auto","background-attachment":"scroll","background-type":"","background-media":"","overlay-type":"","overlay-color":"","overlay-opacity":"","overlay-gradient":""},"tablet":{"background-color":"","background-image":"","background-repeat":"repeat","background-position":"center center","background-size":"auto","background-attachment":"scroll","background-type":"","background-media":"","overlay-type":"","overlay-color":"","overlay-opacity":"","overlay-gradient":""},"mobile":{"background-color":"","background-image":"","background-repeat":"repeat","background-position":"center center","background-size":"auto","background-attachment":"scroll","background-type":"","background-media":"","overlay-type":"","overlay-color":"","overlay-opacity":"","overlay-gradient":""}},"ast-content-background-meta":{"desktop":{"background-color":"var(--ast-global-color-5)","background-image":"","background-repeat":"repeat","background-position":"center center","background-size":"auto","background-attachment":"scroll","background-type":"","background-media":"","overlay-type":"","overlay-color":"","overlay-opacity":"","overlay-gradient":""},"tablet":{"background-color":"var(--ast-global-color-5)","background-image":"","background-repeat":"repeat","background-position":"center center","background-size":"auto","background-attachment":"scroll","background-type":"","background-media":"","overlay-type":"","overlay-color":"","overlay-opacity":"","overlay-gradient":""},"mobile":{"background-color":"var(--ast-global-color-5)","background-image":"","background-repeat":"repeat","background-position":"center center","background-size":"auto","background-attachment":"scroll","background-type":"","background-media":"","overlay-type":"","overlay-color":"","overlay-opacity":"","overlay-gradient":""}}},"product_brand":[],"product_cat":[1609,110,46,168],"product_tag":[1520,1517,239,734,681,456,1494,1516,989,444,1519,1521,495,1518,367],"class_list":{"0":"post-11969","1":"product","2":"type-product","3":"status-publish","4":"has-post-thumbnail","6":"product_cat-bundle","7":"product_cat-clipart","8":"product_cat-graphics","9":"product_cat-templates","10":"product_tag-berries","11":"product_tag-bird","12":"product_tag-bundle","13":"product_tag-card","14":"product_tag-christmas","15":"product_tag-clipart","16":"product_tag-deer","17":"product_tag-dog","18":"product_tag-graphics","19":"product_tag-hand","20":"product_tag-holly","21":"product_tag-mistletoes","22":"product_tag-painted","23":"product_tag-snowman","24":"product_tag-watercolor","25":"desktop-align-left","26":"tablet-align-left","27":"mobile-align-left","29":"first","30":"instock","31":"sale","32":"downloadable","33":"virtual","34":"taxable","35":"purchasable","36":"product-type-simple"},"yoast_head":"<!-- This site is optimized with the Yoast SEO plugin v27.3 - https:\/\/yoast.com\/product\/yoast-seo-wordpress\/ -->\n<title>Watercolor Christmas Bundle - Graphimarket<\/title>\n<meta name=\"description\" content=\"Watercolor Clipart Christmas Bundle This Christmas bundle is jam packed with Christmas goodies.They are perfect for making party invitations.\" \/>\n<meta name=\"robots\" content=\"index, follow, max-snippet:-1, max-image-preview:large, max-video-preview:-1\" \/>\n<link rel=\"canonical\" href=\"https:\/\/graphimarket.com\/fr\/product\/watercolor-christmas-bundle\/\" \/>\n<meta property=\"og:locale\" content=\"fr_FR\" \/>\n<meta property=\"og:type\" content=\"article\" \/>\n<meta property=\"og:title\" content=\"Watercolor Christmas Bundle - Graphimarket\" \/>\n<meta property=\"og:description\" content=\"Watercolor Clipart Christmas Bundle This Christmas bundle is jam packed with Christmas goodies.They are perfect for making party invitations.\" \/>\n<meta property=\"og:url\" content=\"https:\/\/graphimarket.com\/fr\/product\/watercolor-christmas-bundle\/\" \/>\n<meta property=\"og:site_name\" content=\"Graphimarket\" \/>\n<meta property=\"article:modified_time\" content=\"2022-12-19T08:44:55+00:00\" \/>\n<meta property=\"og:image\" content=\"https:\/\/graphimarket.com\/wp-content\/uploads\/2020\/10\/716dda1f-de8f-4b51-b78c-26c1ecc562c5.jpg\" \/>\n\t<meta property=\"og:image:width\" content=\"1350\" \/>\n\t<meta property=\"og:image:height\" content=\"900\" \/>\n\t<meta property=\"og:image:type\" content=\"image\/jpeg\" \/>\n<meta name=\"twitter:card\" content=\"summary_large_image\" \/>\n<meta name=\"twitter:label1\" content=\"Est. reading time\" \/>\n\t<meta name=\"twitter:data1\" content=\"1 minute\" \/>\n<script type=\"application\/ld+json\" class=\"yoast-schema-graph\">{\"@context\":\"https:\\\/\\\/schema.org\",\"@graph\":[{\"@type\":\"WebPage\",\"@id\":\"https:\\\/\\\/graphimarket.com\\\/product\\\/watercolor-christmas-bundle\\\/\",\"url\":\"https:\\\/\\\/graphimarket.com\\\/product\\\/watercolor-christmas-bundle\\\/\",\"name\":\"Watercolor Christmas Bundle - Graphimarket\",\"isPartOf\":{\"@id\":\"https:\\\/\\\/graphimarket.com\\\/fr\\\/#website\"},\"primaryImageOfPage\":{\"@id\":\"https:\\\/\\\/graphimarket.com\\\/product\\\/watercolor-christmas-bundle\\\/#primaryimage\"},\"image\":{\"@id\":\"https:\\\/\\\/graphimarket.com\\\/product\\\/watercolor-christmas-bundle\\\/#primaryimage\"},\"thumbnailUrl\":\"https:\\\/\\\/graphimarket.com\\\/wp-content\\\/uploads\\\/2020\\\/10\\\/716dda1f-de8f-4b51-b78c-26c1ecc562c5.jpg\",\"datePublished\":\"2020-10-12T14:54:54+00:00\",\"dateModified\":\"2022-12-19T08:44:55+00:00\",\"description\":\"Watercolor Clipart Christmas Bundle This Christmas bundle is jam packed with Christmas goodies.They are perfect for making party invitations.\",\"breadcrumb\":{\"@id\":\"https:\\\/\\\/graphimarket.com\\\/product\\\/watercolor-christmas-bundle\\\/#breadcrumb\"},\"inLanguage\":\"fr-FR\",\"potentialAction\":[{\"@type\":\"ReadAction\",\"target\":[\"https:\\\/\\\/graphimarket.com\\\/product\\\/watercolor-christmas-bundle\\\/\"]}]},{\"@type\":\"ImageObject\",\"inLanguage\":\"fr-FR\",\"@id\":\"https:\\\/\\\/graphimarket.com\\\/product\\\/watercolor-christmas-bundle\\\/#primaryimage\",\"url\":\"https:\\\/\\\/graphimarket.com\\\/wp-content\\\/uploads\\\/2020\\\/10\\\/716dda1f-de8f-4b51-b78c-26c1ecc562c5.jpg\",\"contentUrl\":\"https:\\\/\\\/graphimarket.com\\\/wp-content\\\/uploads\\\/2020\\\/10\\\/716dda1f-de8f-4b51-b78c-26c1ecc562c5.jpg\",\"width\":1350,\"height\":900},{\"@type\":\"BreadcrumbList\",\"@id\":\"https:\\\/\\\/graphimarket.com\\\/product\\\/watercolor-christmas-bundle\\\/#breadcrumb\",\"itemListElement\":[{\"@type\":\"ListItem\",\"position\":1,\"name\":\"Home\",\"item\":\"https:\\\/\\\/graphimarket.com\\\/es\\\/\"},{\"@type\":\"ListItem\",\"position\":2,\"name\":\"Store\",\"item\":\"https:\\\/\\\/graphimarket.com\\\/store\\\/\"},{\"@type\":\"ListItem\",\"position\":3,\"name\":\"Watercolor Christmas Bundle\"}]},{\"@type\":\"WebSite\",\"@id\":\"https:\\\/\\\/graphimarket.com\\\/fr\\\/#website\",\"url\":\"https:\\\/\\\/graphimarket.com\\\/fr\\\/\",\"name\":\"Graphimarket\",\"description\":\"Find the perfect creative asset to bring your project to life\",\"publisher\":{\"@id\":\"https:\\\/\\\/graphimarket.com\\\/fr\\\/#organization\"},\"potentialAction\":[{\"@type\":\"SearchAction\",\"target\":{\"@type\":\"EntryPoint\",\"urlTemplate\":\"https:\\\/\\\/graphimarket.com\\\/fr\\\/?s={search_term_string}\"},\"query-input\":{\"@type\":\"PropertyValueSpecification\",\"valueRequired\":true,\"valueName\":\"search_term_string\"}}],\"inLanguage\":\"fr-FR\"},{\"@type\":\"Organization\",\"@id\":\"https:\\\/\\\/graphimarket.com\\\/fr\\\/#organization\",\"name\":\"Graphimarket\",\"url\":\"https:\\\/\\\/graphimarket.com\\\/fr\\\/\",\"logo\":{\"@type\":\"ImageObject\",\"inLanguage\":\"fr-FR\",\"@id\":\"https:\\\/\\\/graphimarket.com\\\/fr\\\/#\\\/schema\\\/logo\\\/image\\\/\",\"url\":\"https:\\\/\\\/graphimarket.com\\\/wp-content\\\/uploads\\\/2020\\\/08\\\/logo-48.png\",\"contentUrl\":\"https:\\\/\\\/graphimarket.com\\\/wp-content\\\/uploads\\\/2020\\\/08\\\/logo-48.png\",\"width\":132,\"height\":48,\"caption\":\"Graphimarket\"},\"image\":{\"@id\":\"https:\\\/\\\/graphimarket.com\\\/fr\\\/#\\\/schema\\\/logo\\\/image\\\/\"}}]}<\/script>\n<!-- \/ Yoast SEO plugin. -->","yoast_head_json":{"title":"Bundle de No\u00ebl aquarelle - Graphimarket","description":"Ensemble de No\u00ebl Clipart aquarelle Ce lot de No\u00ebl est rempli de friandises de No\u00ebl, parfaits pour faire des invitations \u00e0 des f\u00eates.","robots":{"index":"index","follow":"follow","max-snippet":"max-snippet:-1","max-image-preview":"max-image-preview:large","max-video-preview":"max-video-preview:-1"},"canonical":"https:\/\/graphimarket.com\/fr\/product\/watercolor-christmas-bundle\/","og_locale":"fr_FR","og_type":"article","og_title":"Watercolor Christmas Bundle - Graphimarket","og_description":"Watercolor Clipart Christmas Bundle This Christmas bundle is jam packed with Christmas goodies.They are perfect for making party invitations.","og_url":"https:\/\/graphimarket.com\/fr\/product\/watercolor-christmas-bundle\/","og_site_name":"Graphimarket","article_modified_time":"2022-12-19T08:44:55+00:00","og_image":[{"width":1350,"height":900,"url":"https:\/\/graphimarket.com\/wp-content\/uploads\/2020\/10\/716dda1f-de8f-4b51-b78c-26c1ecc562c5.jpg","type":"image\/jpeg"}],"twitter_card":"summary_large_image","twitter_misc":{"Est. reading time":"1 minute"},"schema":{"@context":"https:\/\/schema.org","@graph":[{"@type":"WebPage","@id":"https:\/\/graphimarket.com\/product\/watercolor-christmas-bundle\/","url":"https:\/\/graphimarket.com\/product\/watercolor-christmas-bundle\/","name":"Bundle de No\u00ebl aquarelle - Graphimarket","isPartOf":{"@id":"https:\/\/graphimarket.com\/fr\/#website"},"primaryImageOfPage":{"@id":"https:\/\/graphimarket.com\/product\/watercolor-christmas-bundle\/#primaryimage"},"image":{"@id":"https:\/\/graphimarket.com\/product\/watercolor-christmas-bundle\/#primaryimage"},"thumbnailUrl":"https:\/\/graphimarket.com\/wp-content\/uploads\/2020\/10\/716dda1f-de8f-4b51-b78c-26c1ecc562c5.jpg","datePublished":"2020-10-12T14:54:54+00:00","dateModified":"2022-12-19T08:44:55+00:00","description":"Ensemble de No\u00ebl Clipart aquarelle Ce lot de No\u00ebl est rempli de friandises de No\u00ebl, parfaits pour faire des invitations \u00e0 des f\u00eates.","breadcrumb":{"@id":"https:\/\/graphimarket.com\/product\/watercolor-christmas-bundle\/#breadcrumb"},"inLanguage":"fr-FR","potentialAction":[{"@type":"ReadAction","target":["https:\/\/graphimarket.com\/product\/watercolor-christmas-bundle\/"]}]},{"@type":"ImageObject","inLanguage":"fr-FR","@id":"https:\/\/graphimarket.com\/product\/watercolor-christmas-bundle\/#primaryimage","url":"https:\/\/graphimarket.com\/wp-content\/uploads\/2020\/10\/716dda1f-de8f-4b51-b78c-26c1ecc562c5.jpg","contentUrl":"https:\/\/graphimarket.com\/wp-content\/uploads\/2020\/10\/716dda1f-de8f-4b51-b78c-26c1ecc562c5.jpg","width":1350,"height":900},{"@type":"BreadcrumbList","@id":"https:\/\/graphimarket.com\/product\/watercolor-christmas-bundle\/#breadcrumb","itemListElement":[{"@type":"ListItem","position":1,"name":"Home","item":"https:\/\/graphimarket.com\/es\/"},{"@type":"ListItem","position":2,"name":"Store","item":"https:\/\/graphimarket.com\/store\/"},{"@type":"ListItem","position":3,"name":"Watercolor Christmas Bundle"}]},{"@type":"WebSite","@id":"https:\/\/graphimarket.com\/fr\/#website","url":"https:\/\/graphimarket.com\/fr\/","name":"Graphimarket","description":"Trouvez l&#039;atout cr\u00e9atif parfait pour donner vie \u00e0 votre projet","publisher":{"@id":"https:\/\/graphimarket.com\/fr\/#organization"},"potentialAction":[{"@type":"SearchAction","target":{"@type":"EntryPoint","urlTemplate":"https:\/\/graphimarket.com\/fr\/?s={search_term_string}"},"query-input":{"@type":"PropertyValueSpecification","valueRequired":true,"valueName":"search_term_string"}}],"inLanguage":"fr-FR"},{"@type":"Organization","@id":"https:\/\/graphimarket.com\/fr\/#organization","name":"Graphimarket","url":"https:\/\/graphimarket.com\/fr\/","logo":{"@type":"ImageObject","inLanguage":"fr-FR","@id":"https:\/\/graphimarket.com\/fr\/#\/schema\/logo\/image\/","url":"https:\/\/graphimarket.com\/wp-content\/uploads\/2020\/08\/logo-48.png","contentUrl":"https:\/\/graphimarket.com\/wp-content\/uploads\/2020\/08\/logo-48.png","width":132,"height":48,"caption":"Graphimarket"},"image":{"@id":"https:\/\/graphimarket.com\/fr\/#\/schema\/logo\/image\/"}}]}},"_links":{"self":[{"href":"https:\/\/graphimarket.com\/fr\/wp-json\/wp\/v2\/product\/11969","targetHints":{"allow":["GET"]}}],"collection":[{"href":"https:\/\/graphimarket.com\/fr\/wp-json\/wp\/v2\/product"}],"about":[{"href":"https:\/\/graphimarket.com\/fr\/wp-json\/wp\/v2\/types\/product"}],"replies":[{"embeddable":true,"href":"https:\/\/graphimarket.com\/fr\/wp-json\/wp\/v2\/comments?post=11969"}],"version-history":[{"count":0,"href":"https:\/\/graphimarket.com\/fr\/wp-json\/wp\/v2\/product\/11969\/revisions"}],"wp:featuredmedia":[{"embeddable":true,"href":"https:\/\/graphimarket.com\/fr\/wp-json\/wp\/v2\/media\/11970"}],"wp:attachment":[{"href":"https:\/\/graphimarket.com\/fr\/wp-json\/wp\/v2\/media?parent=11969"}],"wp:term":[{"taxonomy":"product_brand","embeddable":true,"href":"https:\/\/graphimarket.com\/fr\/wp-json\/wp\/v2\/product_brand?post=11969"},{"taxonomy":"product_cat","embeddable":true,"href":"https:\/\/graphimarket.com\/fr\/wp-json\/wp\/v2\/product_cat?post=11969"},{"taxonomy":"product_tag","embeddable":true,"href":"https:\/\/graphimarket.com\/fr\/wp-json\/wp\/v2\/product_tag?post=11969"}],"curies":[{"name":"wp","href":"https:\/\/api.w.org\/{rel}","templated":true}]}}