{"id":12060,"date":"2020-10-13T10:56:04","date_gmt":"2020-10-13T08:56:04","guid":{"rendered":"https:\/\/graphimarket.com\/?post_type=product&#038;p=12060"},"modified":"2022-12-19T09:40:38","modified_gmt":"2022-12-19T08:40:38","slug":"japanese-food-menu-bundle","status":"publish","type":"product","link":"https:\/\/graphimarket.com\/fr\/product\/japanese-food-menu-bundle\/","title":{"rendered":"Offre group\u00e9e de plats japonais"},"content":{"rendered":"<div class=\"_2Masz2rr\">\n<p>Japanese food menu Bundle. This design&#8217;s perfectly Suitable for any Restaurant. Easy to edit fully adobe Photoshop format.<\/p>\n<p>Food images are not included according to Envato Elements Rules.<\/p>\n<p><strong>Features A4 &amp; US Letter Bifold \/ Trifold \/ Sngle Page<\/strong><\/p>\n<ul>\n<li>A4 and US Letter with bleed area and safety zone<\/li>\n<li>Calques hautement organis\u00e9s (\u00e9tiquet\u00e9s et group\u00e9s)<\/li>\n<li>Facile \u00e0 personnaliser et \u00e0 changer de photo via un objet intelligent<\/li>\n<li>300 DPI haute r\u00e9solution<\/li>\n<li>Mode couleur CMJN<\/li>\n<li>Format pr\u00eat \u00e0 imprimer<\/li>\n<li>Fichier PDF d&#039;aide<\/li>\n<\/ul>\n<p>Thank you for your Time and Download.<\/p>\n<\/div>\n<p>&nbsp;<\/p>\n<p><img fetchpriority=\"high\" decoding=\"async\" class=\"aligncenter wp-image-12061 size-full\" src=\"https:\/\/graphimarket.com\/wp-content\/uploads\/2020\/10\/8ff89c31-e90c-40ad-9aad-8d34e43f2321.jpg\" alt=\"\" width=\"900\" height=\"600\" srcset=\"https:\/\/graphimarket.com\/wp-content\/uploads\/2020\/10\/8ff89c31-e90c-40ad-9aad-8d34e43f2321.jpg 900w, https:\/\/graphimarket.com\/wp-content\/uploads\/2020\/10\/8ff89c31-e90c-40ad-9aad-8d34e43f2321-300x200.jpg 300w, https:\/\/graphimarket.com\/wp-content\/uploads\/2020\/10\/8ff89c31-e90c-40ad-9aad-8d34e43f2321-768x512.jpg 768w, https:\/\/graphimarket.com\/wp-content\/uploads\/2020\/10\/8ff89c31-e90c-40ad-9aad-8d34e43f2321-16x12.jpg 16w, https:\/\/graphimarket.com\/wp-content\/uploads\/2020\/10\/8ff89c31-e90c-40ad-9aad-8d34e43f2321-600x400.jpg 600w\" sizes=\"(max-width: 900px) 100vw, 900px\" \/> <img decoding=\"async\" class=\"aligncenter wp-image-12062 size-full\" src=\"https:\/\/graphimarket.com\/wp-content\/uploads\/2020\/10\/66efbfbc-323d-43d8-85f7-5f577b3e1f62.jpg\" alt=\"\" width=\"900\" height=\"600\" srcset=\"https:\/\/graphimarket.com\/wp-content\/uploads\/2020\/10\/66efbfbc-323d-43d8-85f7-5f577b3e1f62.jpg 900w, https:\/\/graphimarket.com\/wp-content\/uploads\/2020\/10\/66efbfbc-323d-43d8-85f7-5f577b3e1f62-300x200.jpg 300w, https:\/\/graphimarket.com\/wp-content\/uploads\/2020\/10\/66efbfbc-323d-43d8-85f7-5f577b3e1f62-768x512.jpg 768w, https:\/\/graphimarket.com\/wp-content\/uploads\/2020\/10\/66efbfbc-323d-43d8-85f7-5f577b3e1f62-16x12.jpg 16w, https:\/\/graphimarket.com\/wp-content\/uploads\/2020\/10\/66efbfbc-323d-43d8-85f7-5f577b3e1f62-600x400.jpg 600w\" sizes=\"(max-width: 900px) 100vw, 900px\" \/> <img decoding=\"async\" class=\"aligncenter wp-image-12063 size-full\" src=\"https:\/\/graphimarket.com\/wp-content\/uploads\/2020\/10\/71de5d61-37f8-42bc-9cca-9896cb5ba59d.jpg\" alt=\"\" width=\"900\" height=\"600\" srcset=\"https:\/\/graphimarket.com\/wp-content\/uploads\/2020\/10\/71de5d61-37f8-42bc-9cca-9896cb5ba59d.jpg 900w, https:\/\/graphimarket.com\/wp-content\/uploads\/2020\/10\/71de5d61-37f8-42bc-9cca-9896cb5ba59d-300x200.jpg 300w, https:\/\/graphimarket.com\/wp-content\/uploads\/2020\/10\/71de5d61-37f8-42bc-9cca-9896cb5ba59d-768x512.jpg 768w, https:\/\/graphimarket.com\/wp-content\/uploads\/2020\/10\/71de5d61-37f8-42bc-9cca-9896cb5ba59d-16x12.jpg 16w, https:\/\/graphimarket.com\/wp-content\/uploads\/2020\/10\/71de5d61-37f8-42bc-9cca-9896cb5ba59d-600x400.jpg 600w\" sizes=\"(max-width: 900px) 100vw, 900px\" \/> <img loading=\"lazy\" decoding=\"async\" class=\"aligncenter wp-image-12064 size-full\" src=\"https:\/\/graphimarket.com\/wp-content\/uploads\/2020\/10\/252eaaf2-8f93-4c80-823a-201753b7a7e0.jpg\" alt=\"\" width=\"900\" height=\"600\" srcset=\"https:\/\/graphimarket.com\/wp-content\/uploads\/2020\/10\/252eaaf2-8f93-4c80-823a-201753b7a7e0.jpg 900w, https:\/\/graphimarket.com\/wp-content\/uploads\/2020\/10\/252eaaf2-8f93-4c80-823a-201753b7a7e0-300x200.jpg 300w, https:\/\/graphimarket.com\/wp-content\/uploads\/2020\/10\/252eaaf2-8f93-4c80-823a-201753b7a7e0-768x512.jpg 768w, https:\/\/graphimarket.com\/wp-content\/uploads\/2020\/10\/252eaaf2-8f93-4c80-823a-201753b7a7e0-16x12.jpg 16w, https:\/\/graphimarket.com\/wp-content\/uploads\/2020\/10\/252eaaf2-8f93-4c80-823a-201753b7a7e0-600x400.jpg 600w\" sizes=\"(max-width: 900px) 100vw, 900px\" \/> <img loading=\"lazy\" decoding=\"async\" class=\"aligncenter wp-image-12065 size-full\" src=\"https:\/\/graphimarket.com\/wp-content\/uploads\/2020\/10\/20136f7b-942d-4ab2-93e4-2f1610b323d3.jpg\" alt=\"\" width=\"900\" height=\"600\" srcset=\"https:\/\/graphimarket.com\/wp-content\/uploads\/2020\/10\/20136f7b-942d-4ab2-93e4-2f1610b323d3.jpg 900w, https:\/\/graphimarket.com\/wp-content\/uploads\/2020\/10\/20136f7b-942d-4ab2-93e4-2f1610b323d3-300x200.jpg 300w, https:\/\/graphimarket.com\/wp-content\/uploads\/2020\/10\/20136f7b-942d-4ab2-93e4-2f1610b323d3-768x512.jpg 768w, https:\/\/graphimarket.com\/wp-content\/uploads\/2020\/10\/20136f7b-942d-4ab2-93e4-2f1610b323d3-16x12.jpg 16w, https:\/\/graphimarket.com\/wp-content\/uploads\/2020\/10\/20136f7b-942d-4ab2-93e4-2f1610b323d3-600x400.jpg 600w\" sizes=\"(max-width: 900px) 100vw, 900px\" \/> <img loading=\"lazy\" decoding=\"async\" class=\"aligncenter wp-image-12066 size-full\" src=\"https:\/\/graphimarket.com\/wp-content\/uploads\/2020\/10\/975875a9-9a79-4127-a0f1-6eaaa268417c.jpg\" alt=\"\" width=\"866\" height=\"577\" srcset=\"https:\/\/graphimarket.com\/wp-content\/uploads\/2020\/10\/975875a9-9a79-4127-a0f1-6eaaa268417c.jpg 866w, https:\/\/graphimarket.com\/wp-content\/uploads\/2020\/10\/975875a9-9a79-4127-a0f1-6eaaa268417c-300x200.jpg 300w, https:\/\/graphimarket.com\/wp-content\/uploads\/2020\/10\/975875a9-9a79-4127-a0f1-6eaaa268417c-768x512.jpg 768w, https:\/\/graphimarket.com\/wp-content\/uploads\/2020\/10\/975875a9-9a79-4127-a0f1-6eaaa268417c-16x12.jpg 16w, https:\/\/graphimarket.com\/wp-content\/uploads\/2020\/10\/975875a9-9a79-4127-a0f1-6eaaa268417c-600x400.jpg 600w\" sizes=\"(max-width: 866px) 100vw, 866px\" \/> <img loading=\"lazy\" decoding=\"async\" class=\"aligncenter wp-image-12067 size-full\" src=\"https:\/\/graphimarket.com\/wp-content\/uploads\/2020\/10\/1edaade8-8ef6-44ab-bf02-c594c0e6f38d.jpg\" alt=\"\" width=\"900\" height=\"600\" srcset=\"https:\/\/graphimarket.com\/wp-content\/uploads\/2020\/10\/1edaade8-8ef6-44ab-bf02-c594c0e6f38d.jpg 900w, https:\/\/graphimarket.com\/wp-content\/uploads\/2020\/10\/1edaade8-8ef6-44ab-bf02-c594c0e6f38d-300x200.jpg 300w, https:\/\/graphimarket.com\/wp-content\/uploads\/2020\/10\/1edaade8-8ef6-44ab-bf02-c594c0e6f38d-768x512.jpg 768w, https:\/\/graphimarket.com\/wp-content\/uploads\/2020\/10\/1edaade8-8ef6-44ab-bf02-c594c0e6f38d-16x12.jpg 16w, https:\/\/graphimarket.com\/wp-content\/uploads\/2020\/10\/1edaade8-8ef6-44ab-bf02-c594c0e6f38d-600x400.jpg 600w\" sizes=\"(max-width: 900px) 100vw, 900px\" \/> <img loading=\"lazy\" decoding=\"async\" class=\"aligncenter wp-image-12068 size-full\" src=\"https:\/\/graphimarket.com\/wp-content\/uploads\/2020\/10\/1faa7eb0-686c-4f9b-b422-a0a47f12ecae.jpg\" alt=\"\" width=\"900\" height=\"600\" srcset=\"https:\/\/graphimarket.com\/wp-content\/uploads\/2020\/10\/1faa7eb0-686c-4f9b-b422-a0a47f12ecae.jpg 900w, https:\/\/graphimarket.com\/wp-content\/uploads\/2020\/10\/1faa7eb0-686c-4f9b-b422-a0a47f12ecae-300x200.jpg 300w, https:\/\/graphimarket.com\/wp-content\/uploads\/2020\/10\/1faa7eb0-686c-4f9b-b422-a0a47f12ecae-768x512.jpg 768w, https:\/\/graphimarket.com\/wp-content\/uploads\/2020\/10\/1faa7eb0-686c-4f9b-b422-a0a47f12ecae-16x12.jpg 16w, https:\/\/graphimarket.com\/wp-content\/uploads\/2020\/10\/1faa7eb0-686c-4f9b-b422-a0a47f12ecae-600x400.jpg 600w\" sizes=\"(max-width: 900px) 100vw, 900px\" \/> <img loading=\"lazy\" decoding=\"async\" class=\"aligncenter wp-image-12069 size-full\" src=\"https:\/\/graphimarket.com\/wp-content\/uploads\/2020\/10\/6a7213d6-4d0b-4f8a-8e95-40c43ccce75e.jpg\" alt=\"\" width=\"900\" height=\"600\" srcset=\"https:\/\/graphimarket.com\/wp-content\/uploads\/2020\/10\/6a7213d6-4d0b-4f8a-8e95-40c43ccce75e.jpg 900w, https:\/\/graphimarket.com\/wp-content\/uploads\/2020\/10\/6a7213d6-4d0b-4f8a-8e95-40c43ccce75e-300x200.jpg 300w, https:\/\/graphimarket.com\/wp-content\/uploads\/2020\/10\/6a7213d6-4d0b-4f8a-8e95-40c43ccce75e-768x512.jpg 768w, https:\/\/graphimarket.com\/wp-content\/uploads\/2020\/10\/6a7213d6-4d0b-4f8a-8e95-40c43ccce75e-16x12.jpg 16w, https:\/\/graphimarket.com\/wp-content\/uploads\/2020\/10\/6a7213d6-4d0b-4f8a-8e95-40c43ccce75e-600x400.jpg 600w\" sizes=\"(max-width: 900px) 100vw, 900px\" \/> <img loading=\"lazy\" decoding=\"async\" class=\"aligncenter wp-image-12070 size-full\" src=\"https:\/\/graphimarket.com\/wp-content\/uploads\/2020\/10\/7f48cf80-fe53-452e-a084-6dd10836da74.jpg\" alt=\"\" width=\"900\" height=\"600\" srcset=\"https:\/\/graphimarket.com\/wp-content\/uploads\/2020\/10\/7f48cf80-fe53-452e-a084-6dd10836da74.jpg 900w, https:\/\/graphimarket.com\/wp-content\/uploads\/2020\/10\/7f48cf80-fe53-452e-a084-6dd10836da74-300x200.jpg 300w, https:\/\/graphimarket.com\/wp-content\/uploads\/2020\/10\/7f48cf80-fe53-452e-a084-6dd10836da74-768x512.jpg 768w, https:\/\/graphimarket.com\/wp-content\/uploads\/2020\/10\/7f48cf80-fe53-452e-a084-6dd10836da74-16x12.jpg 16w, https:\/\/graphimarket.com\/wp-content\/uploads\/2020\/10\/7f48cf80-fe53-452e-a084-6dd10836da74-600x400.jpg 600w\" sizes=\"(max-width: 900px) 100vw, 900px\" \/><\/p>\n<p>&nbsp;<\/p>\n<p>&nbsp;<\/p>\n<div class=\"_3YqMOf9R\">\n<div class=\"_3KAa4-GZ frEFeDSS\"><\/div>\n<\/div>","protected":false},"excerpt":{"rendered":"<p>Japanese food menu Bundle. This design&#8217;s perfectly Suitable for any Restaurant. Easy to edit fully adobe Photoshop format. Food images are not included according to Envato Elements Rules. Features A4 &amp; US Letter Bifold \/ Trifold \/ Sngle Page A4 and US Letter with bleed area and safety zone Highly Organized Layers (Labeled &amp; grouped) [&hellip;]<\/p>\n","protected":false},"featured_media":12066,"comment_status":"open","ping_status":"closed","template":"","meta":{"site-sidebar-layout":"default","site-content-layout":"default","ast-site-content-layout":"default","site-content-style":"default","site-sidebar-style":"default","ast-global-header-display":"","ast-banner-title-visibility":"","ast-main-header-display":"","ast-hfb-above-header-display":"","ast-hfb-below-header-display":"","ast-hfb-mobile-header-display":"","site-post-title":"","ast-breadcrumbs-content":"","ast-featured-img":"","footer-sml-layout":"","ast-disable-related-posts":"","theme-transparent-header-meta":"default","adv-header-id-meta":"","stick-header-meta":"","header-above-stick-meta":"","header-main-stick-meta":"","header-below-stick-meta":"","astra-migrate-meta-layouts":"default","ast-page-background-enabled":"default","ast-page-background-meta":{"desktop":{"background-color":"","background-image":"","background-repeat":"repeat","background-position":"center center","background-size":"auto","background-attachment":"scroll","background-type":"","background-media":"","overlay-type":"","overlay-color":"","overlay-opacity":"","overlay-gradient":""},"tablet":{"background-color":"","background-image":"","background-repeat":"repeat","background-position":"center center","background-size":"auto","background-attachment":"scroll","background-type":"","background-media":"","overlay-type":"","overlay-color":"","overlay-opacity":"","overlay-gradient":""},"mobile":{"background-color":"","background-image":"","background-repeat":"repeat","background-position":"center center","background-size":"auto","background-attachment":"scroll","background-type":"","background-media":"","overlay-type":"","overlay-color":"","overlay-opacity":"","overlay-gradient":""}},"ast-content-background-meta":{"desktop":{"background-color":"var(--ast-global-color-5)","background-image":"","background-repeat":"repeat","background-position":"center center","background-size":"auto","background-attachment":"scroll","background-type":"","background-media":"","overlay-type":"","overlay-color":"","overlay-opacity":"","overlay-gradient":""},"tablet":{"background-color":"var(--ast-global-color-5)","background-image":"","background-repeat":"repeat","background-position":"center center","background-size":"auto","background-attachment":"scroll","background-type":"","background-media":"","overlay-type":"","overlay-color":"","overlay-opacity":"","overlay-gradient":""},"mobile":{"background-color":"var(--ast-global-color-5)","background-image":"","background-repeat":"repeat","background-position":"center center","background-size":"auto","background-attachment":"scroll","background-type":"","background-media":"","overlay-type":"","overlay-color":"","overlay-opacity":"","overlay-gradient":""}}},"product_brand":[],"product_cat":[1002,1609,193,46,698,139,195,168],"product_tag":[1572,1575,795,1571,1446,1573,1447,277,1137,227,60,1574,276,604],"class_list":{"0":"post-12060","1":"product","2":"type-product","3":"status-publish","4":"has-post-thumbnail","6":"product_cat-accessories","7":"product_cat-bundle","8":"product_cat-graphic-design","9":"product_cat-graphics","10":"product_cat-mockup","11":"product_cat-others","12":"product_cat-photoshop","13":"product_cat-templates","14":"product_tag-asian","15":"product_tag-china","16":"product_tag-food","17":"product_tag-japan","18":"product_tag-menu","19":"product_tag-oriental","20":"product_tag-restaurant","21":"product_tag-retro","22":"product_tag-rustic","23":"product_tag-style","24":"product_tag-template","25":"product_tag-thailand","26":"product_tag-vintage","27":"product_tag-white","28":"desktop-align-left","29":"tablet-align-left","30":"mobile-align-left","32":"first","33":"instock","34":"sale","35":"downloadable","36":"virtual","37":"taxable","38":"purchasable","39":"product-type-simple"},"yoast_head":"<!-- This site is optimized with the Yoast SEO plugin v27.3 - https:\/\/yoast.com\/product\/yoast-seo-wordpress\/ -->\n<title>Japanese Food Menu Bundle - Graphimarket<\/title>\n<meta name=\"description\" content=\"Japanese food menu Bundle. This design&#039;s perfectly Suitable for any Restaurant. Easy to edit fully adobe Photoshop format.\" \/>\n<meta name=\"robots\" content=\"index, follow, max-snippet:-1, max-image-preview:large, max-video-preview:-1\" \/>\n<link rel=\"canonical\" href=\"http:\/\/graphimarket.com\/fr\/product\/japanese-food-menu-bundle\/\" \/>\n<meta property=\"og:locale\" content=\"fr_FR\" \/>\n<meta property=\"og:type\" content=\"article\" \/>\n<meta property=\"og:title\" content=\"Japanese Food Menu Bundle - Graphimarket\" \/>\n<meta property=\"og:description\" content=\"Japanese food menu Bundle. This design&#039;s perfectly Suitable for any Restaurant. Easy to edit fully adobe Photoshop format.\" \/>\n<meta property=\"og:url\" content=\"http:\/\/graphimarket.com\/fr\/product\/japanese-food-menu-bundle\/\" \/>\n<meta property=\"og:site_name\" content=\"Graphimarket\" \/>\n<meta property=\"article:modified_time\" content=\"2022-12-19T08:40:38+00:00\" \/>\n<meta property=\"og:image\" content=\"https:\/\/graphimarket.com\/wp-content\/uploads\/2020\/10\/975875a9-9a79-4127-a0f1-6eaaa268417c.jpg\" \/>\n\t<meta property=\"og:image:width\" content=\"866\" \/>\n\t<meta property=\"og:image:height\" content=\"577\" \/>\n\t<meta property=\"og:image:type\" content=\"image\/jpeg\" \/>\n<meta name=\"twitter:card\" content=\"summary_large_image\" \/>\n<script type=\"application\/ld+json\" class=\"yoast-schema-graph\">{\"@context\":\"https:\\\/\\\/schema.org\",\"@graph\":[{\"@type\":\"WebPage\",\"@id\":\"http:\\\/\\\/graphimarket.com\\\/ja\\\/product\\\/japanese-food-menu-bundle\\\/\",\"url\":\"http:\\\/\\\/graphimarket.com\\\/ja\\\/product\\\/japanese-food-menu-bundle\\\/\",\"name\":\"Japanese Food Menu Bundle - Graphimarket\",\"isPartOf\":{\"@id\":\"https:\\\/\\\/graphimarket.com\\\/fr\\\/#website\"},\"primaryImageOfPage\":{\"@id\":\"http:\\\/\\\/graphimarket.com\\\/ja\\\/product\\\/japanese-food-menu-bundle\\\/#primaryimage\"},\"image\":{\"@id\":\"http:\\\/\\\/graphimarket.com\\\/ja\\\/product\\\/japanese-food-menu-bundle\\\/#primaryimage\"},\"thumbnailUrl\":\"https:\\\/\\\/graphimarket.com\\\/wp-content\\\/uploads\\\/2020\\\/10\\\/975875a9-9a79-4127-a0f1-6eaaa268417c.jpg\",\"datePublished\":\"2020-10-13T08:56:04+00:00\",\"dateModified\":\"2022-12-19T08:40:38+00:00\",\"description\":\"Japanese food menu Bundle. This design's perfectly Suitable for any Restaurant. Easy to edit fully adobe Photoshop format.\",\"breadcrumb\":{\"@id\":\"http:\\\/\\\/graphimarket.com\\\/ja\\\/product\\\/japanese-food-menu-bundle\\\/#breadcrumb\"},\"inLanguage\":\"fr-FR\",\"potentialAction\":[{\"@type\":\"ReadAction\",\"target\":[\"http:\\\/\\\/graphimarket.com\\\/ja\\\/product\\\/japanese-food-menu-bundle\\\/\"]}]},{\"@type\":\"ImageObject\",\"inLanguage\":\"fr-FR\",\"@id\":\"http:\\\/\\\/graphimarket.com\\\/ja\\\/product\\\/japanese-food-menu-bundle\\\/#primaryimage\",\"url\":\"https:\\\/\\\/graphimarket.com\\\/wp-content\\\/uploads\\\/2020\\\/10\\\/975875a9-9a79-4127-a0f1-6eaaa268417c.jpg\",\"contentUrl\":\"https:\\\/\\\/graphimarket.com\\\/wp-content\\\/uploads\\\/2020\\\/10\\\/975875a9-9a79-4127-a0f1-6eaaa268417c.jpg\",\"width\":866,\"height\":577},{\"@type\":\"BreadcrumbList\",\"@id\":\"http:\\\/\\\/graphimarket.com\\\/ja\\\/product\\\/japanese-food-menu-bundle\\\/#breadcrumb\",\"itemListElement\":[{\"@type\":\"ListItem\",\"position\":1,\"name\":\"Home\",\"item\":\"https:\\\/\\\/graphimarket.com\\\/es\\\/\"},{\"@type\":\"ListItem\",\"position\":2,\"name\":\"Store\",\"item\":\"https:\\\/\\\/graphimarket.com\\\/store\\\/\"},{\"@type\":\"ListItem\",\"position\":3,\"name\":\"Japanese Food Menu Bundle\"}]},{\"@type\":\"WebSite\",\"@id\":\"https:\\\/\\\/graphimarket.com\\\/fr\\\/#website\",\"url\":\"https:\\\/\\\/graphimarket.com\\\/fr\\\/\",\"name\":\"Graphimarket\",\"description\":\"Find the perfect creative asset to bring your project to life\",\"publisher\":{\"@id\":\"https:\\\/\\\/graphimarket.com\\\/fr\\\/#organization\"},\"potentialAction\":[{\"@type\":\"SearchAction\",\"target\":{\"@type\":\"EntryPoint\",\"urlTemplate\":\"https:\\\/\\\/graphimarket.com\\\/fr\\\/?s={search_term_string}\"},\"query-input\":{\"@type\":\"PropertyValueSpecification\",\"valueRequired\":true,\"valueName\":\"search_term_string\"}}],\"inLanguage\":\"fr-FR\"},{\"@type\":\"Organization\",\"@id\":\"https:\\\/\\\/graphimarket.com\\\/fr\\\/#organization\",\"name\":\"Graphimarket\",\"url\":\"https:\\\/\\\/graphimarket.com\\\/fr\\\/\",\"logo\":{\"@type\":\"ImageObject\",\"inLanguage\":\"fr-FR\",\"@id\":\"https:\\\/\\\/graphimarket.com\\\/fr\\\/#\\\/schema\\\/logo\\\/image\\\/\",\"url\":\"https:\\\/\\\/graphimarket.com\\\/wp-content\\\/uploads\\\/2020\\\/08\\\/logo-48.png\",\"contentUrl\":\"https:\\\/\\\/graphimarket.com\\\/wp-content\\\/uploads\\\/2020\\\/08\\\/logo-48.png\",\"width\":132,\"height\":48,\"caption\":\"Graphimarket\"},\"image\":{\"@id\":\"https:\\\/\\\/graphimarket.com\\\/fr\\\/#\\\/schema\\\/logo\\\/image\\\/\"}}]}<\/script>\n<!-- \/ Yoast SEO plugin. -->","yoast_head_json":{"title":"Japanese Food Menu Bundle - Graphimarket","description":"Japanese food menu Bundle. This design's perfectly Suitable for any Restaurant. Easy to edit fully adobe Photoshop format.","robots":{"index":"index","follow":"follow","max-snippet":"max-snippet:-1","max-image-preview":"max-image-preview:large","max-video-preview":"max-video-preview:-1"},"canonical":"http:\/\/graphimarket.com\/fr\/product\/japanese-food-menu-bundle\/","og_locale":"fr_FR","og_type":"article","og_title":"Japanese Food Menu Bundle - Graphimarket","og_description":"Japanese food menu Bundle. This design's perfectly Suitable for any Restaurant. Easy to edit fully adobe Photoshop format.","og_url":"http:\/\/graphimarket.com\/fr\/product\/japanese-food-menu-bundle\/","og_site_name":"Graphimarket","article_modified_time":"2022-12-19T08:40:38+00:00","og_image":[{"width":866,"height":577,"url":"https:\/\/graphimarket.com\/wp-content\/uploads\/2020\/10\/975875a9-9a79-4127-a0f1-6eaaa268417c.jpg","type":"image\/jpeg"}],"twitter_card":"summary_large_image","schema":{"@context":"https:\/\/schema.org","@graph":[{"@type":"WebPage","@id":"http:\/\/graphimarket.com\/ja\/product\/japanese-food-menu-bundle\/","url":"http:\/\/graphimarket.com\/ja\/product\/japanese-food-menu-bundle\/","name":"Japanese Food Menu Bundle - Graphimarket","isPartOf":{"@id":"https:\/\/graphimarket.com\/fr\/#website"},"primaryImageOfPage":{"@id":"http:\/\/graphimarket.com\/ja\/product\/japanese-food-menu-bundle\/#primaryimage"},"image":{"@id":"http:\/\/graphimarket.com\/ja\/product\/japanese-food-menu-bundle\/#primaryimage"},"thumbnailUrl":"https:\/\/graphimarket.com\/wp-content\/uploads\/2020\/10\/975875a9-9a79-4127-a0f1-6eaaa268417c.jpg","datePublished":"2020-10-13T08:56:04+00:00","dateModified":"2022-12-19T08:40:38+00:00","description":"Japanese food menu Bundle. This design's perfectly Suitable for any Restaurant. Easy to edit fully adobe Photoshop format.","breadcrumb":{"@id":"http:\/\/graphimarket.com\/ja\/product\/japanese-food-menu-bundle\/#breadcrumb"},"inLanguage":"fr-FR","potentialAction":[{"@type":"ReadAction","target":["http:\/\/graphimarket.com\/ja\/product\/japanese-food-menu-bundle\/"]}]},{"@type":"ImageObject","inLanguage":"fr-FR","@id":"http:\/\/graphimarket.com\/ja\/product\/japanese-food-menu-bundle\/#primaryimage","url":"https:\/\/graphimarket.com\/wp-content\/uploads\/2020\/10\/975875a9-9a79-4127-a0f1-6eaaa268417c.jpg","contentUrl":"https:\/\/graphimarket.com\/wp-content\/uploads\/2020\/10\/975875a9-9a79-4127-a0f1-6eaaa268417c.jpg","width":866,"height":577},{"@type":"BreadcrumbList","@id":"http:\/\/graphimarket.com\/ja\/product\/japanese-food-menu-bundle\/#breadcrumb","itemListElement":[{"@type":"ListItem","position":1,"name":"Home","item":"https:\/\/graphimarket.com\/es\/"},{"@type":"ListItem","position":2,"name":"Store","item":"https:\/\/graphimarket.com\/store\/"},{"@type":"ListItem","position":3,"name":"Japanese Food Menu Bundle"}]},{"@type":"WebSite","@id":"https:\/\/graphimarket.com\/fr\/#website","url":"https:\/\/graphimarket.com\/fr\/","name":"Graphimarket","description":"Trouvez l&#039;atout cr\u00e9atif parfait pour donner vie \u00e0 votre projet","publisher":{"@id":"https:\/\/graphimarket.com\/fr\/#organization"},"potentialAction":[{"@type":"SearchAction","target":{"@type":"EntryPoint","urlTemplate":"https:\/\/graphimarket.com\/fr\/?s={search_term_string}"},"query-input":{"@type":"PropertyValueSpecification","valueRequired":true,"valueName":"search_term_string"}}],"inLanguage":"fr-FR"},{"@type":"Organization","@id":"https:\/\/graphimarket.com\/fr\/#organization","name":"Graphimarket","url":"https:\/\/graphimarket.com\/fr\/","logo":{"@type":"ImageObject","inLanguage":"fr-FR","@id":"https:\/\/graphimarket.com\/fr\/#\/schema\/logo\/image\/","url":"https:\/\/graphimarket.com\/wp-content\/uploads\/2020\/08\/logo-48.png","contentUrl":"https:\/\/graphimarket.com\/wp-content\/uploads\/2020\/08\/logo-48.png","width":132,"height":48,"caption":"Graphimarket"},"image":{"@id":"https:\/\/graphimarket.com\/fr\/#\/schema\/logo\/image\/"}}]}},"_links":{"self":[{"href":"https:\/\/graphimarket.com\/fr\/wp-json\/wp\/v2\/product\/12060","targetHints":{"allow":["GET"]}}],"collection":[{"href":"https:\/\/graphimarket.com\/fr\/wp-json\/wp\/v2\/product"}],"about":[{"href":"https:\/\/graphimarket.com\/fr\/wp-json\/wp\/v2\/types\/product"}],"replies":[{"embeddable":true,"href":"https:\/\/graphimarket.com\/fr\/wp-json\/wp\/v2\/comments?post=12060"}],"version-history":[{"count":0,"href":"https:\/\/graphimarket.com\/fr\/wp-json\/wp\/v2\/product\/12060\/revisions"}],"wp:featuredmedia":[{"embeddable":true,"href":"https:\/\/graphimarket.com\/fr\/wp-json\/wp\/v2\/media\/12066"}],"wp:attachment":[{"href":"https:\/\/graphimarket.com\/fr\/wp-json\/wp\/v2\/media?parent=12060"}],"wp:term":[{"taxonomy":"product_brand","embeddable":true,"href":"https:\/\/graphimarket.com\/fr\/wp-json\/wp\/v2\/product_brand?post=12060"},{"taxonomy":"product_cat","embeddable":true,"href":"https:\/\/graphimarket.com\/fr\/wp-json\/wp\/v2\/product_cat?post=12060"},{"taxonomy":"product_tag","embeddable":true,"href":"https:\/\/graphimarket.com\/fr\/wp-json\/wp\/v2\/product_tag?post=12060"}],"curies":[{"name":"wp","href":"https:\/\/api.w.org\/{rel}","templated":true}]}}