{"id":12115,"date":"2020-10-13T12:37:44","date_gmt":"2020-10-13T10:37:44","guid":{"rendered":"https:\/\/graphimarket.com\/?post_type=product&#038;p=12115"},"modified":"2022-12-19T09:39:50","modified_gmt":"2022-12-19T08:39:50","slug":"trifold-food-menu-bundle","status":"publish","type":"product","link":"https:\/\/graphimarket.com\/fr\/product\/trifold-food-menu-bundle\/","title":{"rendered":"Ensemble de menus \u00e0 trois volets"},"content":{"rendered":"<p>Ensemble de menus \u00e0 trois volets<\/p>\n<p>Paquet de menu alimentaire. Ces conceptions conviennent parfaitement \u00e0 n&#039;importe quel restaurant. Facile \u00e0 modifier au format Adobe Photoshop.<\/p>\n<p>Food images are not included according to Envato Elements Rules.<\/p>\n<p><strong>Features A4 &amp; US Letter Trifold<\/strong><\/p>\n<ul>\n<li>A4 and US Letter with bleed area and safety zone<\/li>\n<li>Calques hautement organis\u00e9s (\u00e9tiquet\u00e9s et group\u00e9s)<\/li>\n<li>Facile \u00e0 personnaliser et \u00e0 changer de photo via un objet intelligent<\/li>\n<li>300 DPI haute r\u00e9solution<\/li>\n<li>Mode couleur CMJN<\/li>\n<li>Format pr\u00eat \u00e0 imprimer<\/li>\n<li>Fichier PDF d&#039;aide<\/li>\n<\/ul>\n<p><img fetchpriority=\"high\" decoding=\"async\" class=\"aligncenter wp-image-12117 size-full\" src=\"https:\/\/graphimarket.com\/wp-content\/uploads\/2020\/10\/0867441f-1f7f-40e2-8321-a9d07e06bc70.jpg\" alt=\"\" width=\"900\" height=\"600\" srcset=\"https:\/\/graphimarket.com\/wp-content\/uploads\/2020\/10\/0867441f-1f7f-40e2-8321-a9d07e06bc70.jpg 900w, https:\/\/graphimarket.com\/wp-content\/uploads\/2020\/10\/0867441f-1f7f-40e2-8321-a9d07e06bc70-300x200.jpg 300w, https:\/\/graphimarket.com\/wp-content\/uploads\/2020\/10\/0867441f-1f7f-40e2-8321-a9d07e06bc70-768x512.jpg 768w, https:\/\/graphimarket.com\/wp-content\/uploads\/2020\/10\/0867441f-1f7f-40e2-8321-a9d07e06bc70-16x12.jpg 16w, https:\/\/graphimarket.com\/wp-content\/uploads\/2020\/10\/0867441f-1f7f-40e2-8321-a9d07e06bc70-600x400.jpg 600w\" sizes=\"(max-width: 900px) 100vw, 900px\" \/> <img decoding=\"async\" class=\"aligncenter wp-image-12118 size-full\" src=\"https:\/\/graphimarket.com\/wp-content\/uploads\/2020\/10\/b0468ca8-f4af-468c-bb9c-032c84c9026d.jpg\" alt=\"\" width=\"900\" height=\"600\" srcset=\"https:\/\/graphimarket.com\/wp-content\/uploads\/2020\/10\/b0468ca8-f4af-468c-bb9c-032c84c9026d.jpg 900w, https:\/\/graphimarket.com\/wp-content\/uploads\/2020\/10\/b0468ca8-f4af-468c-bb9c-032c84c9026d-300x200.jpg 300w, https:\/\/graphimarket.com\/wp-content\/uploads\/2020\/10\/b0468ca8-f4af-468c-bb9c-032c84c9026d-768x512.jpg 768w, https:\/\/graphimarket.com\/wp-content\/uploads\/2020\/10\/b0468ca8-f4af-468c-bb9c-032c84c9026d-16x12.jpg 16w, https:\/\/graphimarket.com\/wp-content\/uploads\/2020\/10\/b0468ca8-f4af-468c-bb9c-032c84c9026d-600x400.jpg 600w\" sizes=\"(max-width: 900px) 100vw, 900px\" \/> <img decoding=\"async\" class=\"aligncenter wp-image-12119 size-full\" src=\"https:\/\/graphimarket.com\/wp-content\/uploads\/2020\/10\/d51b324d-872e-465c-9cb3-249b8ff420ec.jpg\" alt=\"\" width=\"900\" height=\"600\" srcset=\"https:\/\/graphimarket.com\/wp-content\/uploads\/2020\/10\/d51b324d-872e-465c-9cb3-249b8ff420ec.jpg 900w, https:\/\/graphimarket.com\/wp-content\/uploads\/2020\/10\/d51b324d-872e-465c-9cb3-249b8ff420ec-300x200.jpg 300w, https:\/\/graphimarket.com\/wp-content\/uploads\/2020\/10\/d51b324d-872e-465c-9cb3-249b8ff420ec-768x512.jpg 768w, https:\/\/graphimarket.com\/wp-content\/uploads\/2020\/10\/d51b324d-872e-465c-9cb3-249b8ff420ec-16x12.jpg 16w, https:\/\/graphimarket.com\/wp-content\/uploads\/2020\/10\/d51b324d-872e-465c-9cb3-249b8ff420ec-600x400.jpg 600w\" sizes=\"(max-width: 900px) 100vw, 900px\" \/> <img loading=\"lazy\" decoding=\"async\" class=\"aligncenter wp-image-12120 size-full\" src=\"https:\/\/graphimarket.com\/wp-content\/uploads\/2020\/10\/e38e88a6-0813-4c72-9380-bc4330503016.jpg\" alt=\"\" width=\"866\" height=\"577\" srcset=\"https:\/\/graphimarket.com\/wp-content\/uploads\/2020\/10\/e38e88a6-0813-4c72-9380-bc4330503016.jpg 866w, https:\/\/graphimarket.com\/wp-content\/uploads\/2020\/10\/e38e88a6-0813-4c72-9380-bc4330503016-300x200.jpg 300w, https:\/\/graphimarket.com\/wp-content\/uploads\/2020\/10\/e38e88a6-0813-4c72-9380-bc4330503016-768x512.jpg 768w, https:\/\/graphimarket.com\/wp-content\/uploads\/2020\/10\/e38e88a6-0813-4c72-9380-bc4330503016-16x12.jpg 16w, https:\/\/graphimarket.com\/wp-content\/uploads\/2020\/10\/e38e88a6-0813-4c72-9380-bc4330503016-600x400.jpg 600w\" sizes=\"(max-width: 866px) 100vw, 866px\" \/> <img loading=\"lazy\" decoding=\"async\" class=\"aligncenter wp-image-12121 size-full\" src=\"https:\/\/graphimarket.com\/wp-content\/uploads\/2020\/10\/e082aea7-9eba-4ae2-91e3-59c9b891790f.jpg\" alt=\"\" width=\"900\" height=\"600\" srcset=\"https:\/\/graphimarket.com\/wp-content\/uploads\/2020\/10\/e082aea7-9eba-4ae2-91e3-59c9b891790f.jpg 900w, https:\/\/graphimarket.com\/wp-content\/uploads\/2020\/10\/e082aea7-9eba-4ae2-91e3-59c9b891790f-300x200.jpg 300w, https:\/\/graphimarket.com\/wp-content\/uploads\/2020\/10\/e082aea7-9eba-4ae2-91e3-59c9b891790f-768x512.jpg 768w, https:\/\/graphimarket.com\/wp-content\/uploads\/2020\/10\/e082aea7-9eba-4ae2-91e3-59c9b891790f-16x12.jpg 16w, https:\/\/graphimarket.com\/wp-content\/uploads\/2020\/10\/e082aea7-9eba-4ae2-91e3-59c9b891790f-600x400.jpg 600w\" sizes=\"(max-width: 900px) 100vw, 900px\" \/> <img loading=\"lazy\" decoding=\"async\" class=\"aligncenter wp-image-12122 size-full\" src=\"https:\/\/graphimarket.com\/wp-content\/uploads\/2020\/10\/1c5b9627-b3f2-4350-b6d7-7b4a945ae54b.jpg\" alt=\"\" width=\"900\" height=\"600\" srcset=\"https:\/\/graphimarket.com\/wp-content\/uploads\/2020\/10\/1c5b9627-b3f2-4350-b6d7-7b4a945ae54b.jpg 900w, https:\/\/graphimarket.com\/wp-content\/uploads\/2020\/10\/1c5b9627-b3f2-4350-b6d7-7b4a945ae54b-300x200.jpg 300w, https:\/\/graphimarket.com\/wp-content\/uploads\/2020\/10\/1c5b9627-b3f2-4350-b6d7-7b4a945ae54b-768x512.jpg 768w, https:\/\/graphimarket.com\/wp-content\/uploads\/2020\/10\/1c5b9627-b3f2-4350-b6d7-7b4a945ae54b-16x12.jpg 16w, https:\/\/graphimarket.com\/wp-content\/uploads\/2020\/10\/1c5b9627-b3f2-4350-b6d7-7b4a945ae54b-600x400.jpg 600w\" sizes=\"(max-width: 900px) 100vw, 900px\" \/> <img loading=\"lazy\" decoding=\"async\" class=\"aligncenter wp-image-12123 size-full\" src=\"https:\/\/graphimarket.com\/wp-content\/uploads\/2020\/10\/1cf9c4bc-9c38-4609-98ee-d4e5f1edce69.jpg\" alt=\"\" width=\"900\" height=\"600\" srcset=\"https:\/\/graphimarket.com\/wp-content\/uploads\/2020\/10\/1cf9c4bc-9c38-4609-98ee-d4e5f1edce69.jpg 900w, https:\/\/graphimarket.com\/wp-content\/uploads\/2020\/10\/1cf9c4bc-9c38-4609-98ee-d4e5f1edce69-300x200.jpg 300w, https:\/\/graphimarket.com\/wp-content\/uploads\/2020\/10\/1cf9c4bc-9c38-4609-98ee-d4e5f1edce69-768x512.jpg 768w, https:\/\/graphimarket.com\/wp-content\/uploads\/2020\/10\/1cf9c4bc-9c38-4609-98ee-d4e5f1edce69-16x12.jpg 16w, https:\/\/graphimarket.com\/wp-content\/uploads\/2020\/10\/1cf9c4bc-9c38-4609-98ee-d4e5f1edce69-600x400.jpg 600w\" sizes=\"(max-width: 900px) 100vw, 900px\" \/> <img loading=\"lazy\" decoding=\"async\" class=\"aligncenter wp-image-12124 size-full\" src=\"https:\/\/graphimarket.com\/wp-content\/uploads\/2020\/10\/3b919725-0cf2-4377-85c6-e15e2c75d6ec.jpg\" alt=\"\" width=\"900\" height=\"600\" srcset=\"https:\/\/graphimarket.com\/wp-content\/uploads\/2020\/10\/3b919725-0cf2-4377-85c6-e15e2c75d6ec.jpg 900w, https:\/\/graphimarket.com\/wp-content\/uploads\/2020\/10\/3b919725-0cf2-4377-85c6-e15e2c75d6ec-300x200.jpg 300w, https:\/\/graphimarket.com\/wp-content\/uploads\/2020\/10\/3b919725-0cf2-4377-85c6-e15e2c75d6ec-768x512.jpg 768w, https:\/\/graphimarket.com\/wp-content\/uploads\/2020\/10\/3b919725-0cf2-4377-85c6-e15e2c75d6ec-16x12.jpg 16w, https:\/\/graphimarket.com\/wp-content\/uploads\/2020\/10\/3b919725-0cf2-4377-85c6-e15e2c75d6ec-600x400.jpg 600w\" sizes=\"(max-width: 900px) 100vw, 900px\" \/> <img loading=\"lazy\" decoding=\"async\" class=\"aligncenter wp-image-12125 size-full\" src=\"https:\/\/graphimarket.com\/wp-content\/uploads\/2020\/10\/3fdb80c9-0822-42ed-9545-79ab2d97fb8d.jpg\" alt=\"\" width=\"900\" height=\"600\" srcset=\"https:\/\/graphimarket.com\/wp-content\/uploads\/2020\/10\/3fdb80c9-0822-42ed-9545-79ab2d97fb8d.jpg 900w, https:\/\/graphimarket.com\/wp-content\/uploads\/2020\/10\/3fdb80c9-0822-42ed-9545-79ab2d97fb8d-300x200.jpg 300w, https:\/\/graphimarket.com\/wp-content\/uploads\/2020\/10\/3fdb80c9-0822-42ed-9545-79ab2d97fb8d-768x512.jpg 768w, https:\/\/graphimarket.com\/wp-content\/uploads\/2020\/10\/3fdb80c9-0822-42ed-9545-79ab2d97fb8d-16x12.jpg 16w, https:\/\/graphimarket.com\/wp-content\/uploads\/2020\/10\/3fdb80c9-0822-42ed-9545-79ab2d97fb8d-600x400.jpg 600w\" sizes=\"(max-width: 900px) 100vw, 900px\" \/> <img loading=\"lazy\" decoding=\"async\" class=\"aligncenter wp-image-12126 size-full\" src=\"https:\/\/graphimarket.com\/wp-content\/uploads\/2020\/10\/15b2f2b1-5f04-4eb7-b4db-3d2a6be019f4.jpg\" alt=\"\" width=\"900\" height=\"600\" srcset=\"https:\/\/graphimarket.com\/wp-content\/uploads\/2020\/10\/15b2f2b1-5f04-4eb7-b4db-3d2a6be019f4.jpg 900w, https:\/\/graphimarket.com\/wp-content\/uploads\/2020\/10\/15b2f2b1-5f04-4eb7-b4db-3d2a6be019f4-300x200.jpg 300w, https:\/\/graphimarket.com\/wp-content\/uploads\/2020\/10\/15b2f2b1-5f04-4eb7-b4db-3d2a6be019f4-768x512.jpg 768w, https:\/\/graphimarket.com\/wp-content\/uploads\/2020\/10\/15b2f2b1-5f04-4eb7-b4db-3d2a6be019f4-16x12.jpg 16w, https:\/\/graphimarket.com\/wp-content\/uploads\/2020\/10\/15b2f2b1-5f04-4eb7-b4db-3d2a6be019f4-600x400.jpg 600w\" sizes=\"(max-width: 900px) 100vw, 900px\" \/> <img loading=\"lazy\" decoding=\"async\" class=\"aligncenter wp-image-12127 size-full\" src=\"https:\/\/graphimarket.com\/wp-content\/uploads\/2020\/10\/41d5d03a-a393-498c-a571-e93c643d43dd.jpg\" alt=\"\" width=\"900\" height=\"600\" srcset=\"https:\/\/graphimarket.com\/wp-content\/uploads\/2020\/10\/41d5d03a-a393-498c-a571-e93c643d43dd.jpg 900w, https:\/\/graphimarket.com\/wp-content\/uploads\/2020\/10\/41d5d03a-a393-498c-a571-e93c643d43dd-300x200.jpg 300w, https:\/\/graphimarket.com\/wp-content\/uploads\/2020\/10\/41d5d03a-a393-498c-a571-e93c643d43dd-768x512.jpg 768w, https:\/\/graphimarket.com\/wp-content\/uploads\/2020\/10\/41d5d03a-a393-498c-a571-e93c643d43dd-16x12.jpg 16w, https:\/\/graphimarket.com\/wp-content\/uploads\/2020\/10\/41d5d03a-a393-498c-a571-e93c643d43dd-600x400.jpg 600w\" sizes=\"(max-width: 900px) 100vw, 900px\" \/><\/p>","protected":false},"excerpt":{"rendered":"<p>Trifold Food Menu Bundle Food Menu Bundle. This designs are perfectly Suitable for any Restaurant. Easy to edit fully adobe Photoshop format. Food images are not included according to Envato Elements Rules. Features A4 &amp; US Letter Trifold A4 and US Letter with bleed area and safety zone Highly Organized Layers (Labeled &amp; grouped) Easy [&hellip;]<\/p>\n","protected":false},"featured_media":12120,"comment_status":"open","ping_status":"closed","template":"","meta":{"site-sidebar-layout":"default","site-content-layout":"default","ast-site-content-layout":"default","site-content-style":"default","site-sidebar-style":"default","ast-global-header-display":"","ast-banner-title-visibility":"","ast-main-header-display":"","ast-hfb-above-header-display":"","ast-hfb-below-header-display":"","ast-hfb-mobile-header-display":"","site-post-title":"","ast-breadcrumbs-content":"","ast-featured-img":"","footer-sml-layout":"","ast-disable-related-posts":"","theme-transparent-header-meta":"default","adv-header-id-meta":"","stick-header-meta":"","header-above-stick-meta":"","header-main-stick-meta":"","header-below-stick-meta":"","astra-migrate-meta-layouts":"default","ast-page-background-enabled":"default","ast-page-background-meta":{"desktop":{"background-color":"","background-image":"","background-repeat":"repeat","background-position":"center center","background-size":"auto","background-attachment":"scroll","background-type":"","background-media":"","overlay-type":"","overlay-color":"","overlay-opacity":"","overlay-gradient":""},"tablet":{"background-color":"","background-image":"","background-repeat":"repeat","background-position":"center center","background-size":"auto","background-attachment":"scroll","background-type":"","background-media":"","overlay-type":"","overlay-color":"","overlay-opacity":"","overlay-gradient":""},"mobile":{"background-color":"","background-image":"","background-repeat":"repeat","background-position":"center center","background-size":"auto","background-attachment":"scroll","background-type":"","background-media":"","overlay-type":"","overlay-color":"","overlay-opacity":"","overlay-gradient":""}},"ast-content-background-meta":{"desktop":{"background-color":"var(--ast-global-color-5)","background-image":"","background-repeat":"repeat","background-position":"center center","background-size":"auto","background-attachment":"scroll","background-type":"","background-media":"","overlay-type":"","overlay-color":"","overlay-opacity":"","overlay-gradient":""},"tablet":{"background-color":"var(--ast-global-color-5)","background-image":"","background-repeat":"repeat","background-position":"center center","background-size":"auto","background-attachment":"scroll","background-type":"","background-media":"","overlay-type":"","overlay-color":"","overlay-opacity":"","overlay-gradient":""},"mobile":{"background-color":"var(--ast-global-color-5)","background-image":"","background-repeat":"repeat","background-position":"center center","background-size":"auto","background-attachment":"scroll","background-type":"","background-media":"","overlay-type":"","overlay-color":"","overlay-opacity":"","overlay-gradient":""}}},"product_brand":[],"product_cat":[1002,1609,193,46,698,195,168],"product_tag":[733,835,616,629,59,232,795,1446,735],"class_list":{"0":"post-12115","1":"product","2":"type-product","3":"status-publish","4":"has-post-thumbnail","6":"product_cat-accessories","7":"product_cat-bundle","8":"product_cat-graphic-design","9":"product_cat-graphics","10":"product_cat-mockup","11":"product_cat-photoshop","12":"product_cat-templates","13":"product_tag-business","14":"product_tag-cafe","15":"product_tag-classic","16":"product_tag-creative","17":"product_tag-design","18":"product_tag-designer","19":"product_tag-food","20":"product_tag-menu","21":"product_tag-minimal","22":"desktop-align-left","23":"tablet-align-left","24":"mobile-align-left","26":"first","27":"instock","28":"sale","29":"downloadable","30":"virtual","31":"taxable","32":"purchasable","33":"product-type-simple"},"yoast_head":"<!-- This site is optimized with the Yoast SEO plugin v27.3 - https:\/\/yoast.com\/product\/yoast-seo-wordpress\/ -->\n<title>Trifold Food Menu Bundle - Graphimarket<\/title>\n<meta name=\"description\" content=\"Trifold Food Menu Bundle Food Menu Bundle. This designs are perfectly Suitable for any Restaurant...\" \/>\n<meta name=\"robots\" content=\"index, follow, max-snippet:-1, max-image-preview:large, max-video-preview:-1\" \/>\n<link rel=\"canonical\" href=\"https:\/\/graphimarket.com\/fr\/product\/trifold-food-menu-bundle\/\" \/>\n<meta property=\"og:locale\" content=\"fr_FR\" \/>\n<meta property=\"og:type\" content=\"article\" \/>\n<meta property=\"og:title\" content=\"Trifold Food Menu Bundle - Graphimarket\" \/>\n<meta property=\"og:description\" content=\"Trifold Food Menu Bundle Food Menu Bundle. This designs are perfectly Suitable for any Restaurant...\" \/>\n<meta property=\"og:url\" content=\"https:\/\/graphimarket.com\/fr\/product\/trifold-food-menu-bundle\/\" \/>\n<meta property=\"og:site_name\" content=\"Graphimarket\" \/>\n<meta property=\"article:modified_time\" content=\"2022-12-19T08:39:50+00:00\" \/>\n<meta property=\"og:image\" content=\"https:\/\/graphimarket.com\/wp-content\/uploads\/2020\/10\/e38e88a6-0813-4c72-9380-bc4330503016.jpg\" \/>\n\t<meta property=\"og:image:width\" content=\"866\" \/>\n\t<meta property=\"og:image:height\" content=\"577\" \/>\n\t<meta property=\"og:image:type\" content=\"image\/jpeg\" \/>\n<meta name=\"twitter:card\" content=\"summary_large_image\" \/>\n<script type=\"application\/ld+json\" class=\"yoast-schema-graph\">{\"@context\":\"https:\\\/\\\/schema.org\",\"@graph\":[{\"@type\":\"WebPage\",\"@id\":\"https:\\\/\\\/graphimarket.com\\\/product\\\/trifold-food-menu-bundle\\\/\",\"url\":\"https:\\\/\\\/graphimarket.com\\\/product\\\/trifold-food-menu-bundle\\\/\",\"name\":\"Trifold Food Menu Bundle - Graphimarket\",\"isPartOf\":{\"@id\":\"https:\\\/\\\/graphimarket.com\\\/fr\\\/#website\"},\"primaryImageOfPage\":{\"@id\":\"https:\\\/\\\/graphimarket.com\\\/product\\\/trifold-food-menu-bundle\\\/#primaryimage\"},\"image\":{\"@id\":\"https:\\\/\\\/graphimarket.com\\\/product\\\/trifold-food-menu-bundle\\\/#primaryimage\"},\"thumbnailUrl\":\"https:\\\/\\\/graphimarket.com\\\/wp-content\\\/uploads\\\/2020\\\/10\\\/e38e88a6-0813-4c72-9380-bc4330503016.jpg\",\"datePublished\":\"2020-10-13T10:37:44+00:00\",\"dateModified\":\"2022-12-19T08:39:50+00:00\",\"description\":\"Trifold Food Menu Bundle Food Menu Bundle. This designs are perfectly Suitable for any Restaurant...\",\"breadcrumb\":{\"@id\":\"https:\\\/\\\/graphimarket.com\\\/product\\\/trifold-food-menu-bundle\\\/#breadcrumb\"},\"inLanguage\":\"fr-FR\",\"potentialAction\":[{\"@type\":\"ReadAction\",\"target\":[\"https:\\\/\\\/graphimarket.com\\\/product\\\/trifold-food-menu-bundle\\\/\"]}]},{\"@type\":\"ImageObject\",\"inLanguage\":\"fr-FR\",\"@id\":\"https:\\\/\\\/graphimarket.com\\\/product\\\/trifold-food-menu-bundle\\\/#primaryimage\",\"url\":\"https:\\\/\\\/graphimarket.com\\\/wp-content\\\/uploads\\\/2020\\\/10\\\/e38e88a6-0813-4c72-9380-bc4330503016.jpg\",\"contentUrl\":\"https:\\\/\\\/graphimarket.com\\\/wp-content\\\/uploads\\\/2020\\\/10\\\/e38e88a6-0813-4c72-9380-bc4330503016.jpg\",\"width\":866,\"height\":577},{\"@type\":\"BreadcrumbList\",\"@id\":\"https:\\\/\\\/graphimarket.com\\\/product\\\/trifold-food-menu-bundle\\\/#breadcrumb\",\"itemListElement\":[{\"@type\":\"ListItem\",\"position\":1,\"name\":\"Home\",\"item\":\"https:\\\/\\\/graphimarket.com\\\/es\\\/\"},{\"@type\":\"ListItem\",\"position\":2,\"name\":\"Store\",\"item\":\"https:\\\/\\\/graphimarket.com\\\/store\\\/\"},{\"@type\":\"ListItem\",\"position\":3,\"name\":\"Trifold Food Menu Bundle\"}]},{\"@type\":\"WebSite\",\"@id\":\"https:\\\/\\\/graphimarket.com\\\/fr\\\/#website\",\"url\":\"https:\\\/\\\/graphimarket.com\\\/fr\\\/\",\"name\":\"Graphimarket\",\"description\":\"Find the perfect creative asset to bring your project to life\",\"publisher\":{\"@id\":\"https:\\\/\\\/graphimarket.com\\\/fr\\\/#organization\"},\"potentialAction\":[{\"@type\":\"SearchAction\",\"target\":{\"@type\":\"EntryPoint\",\"urlTemplate\":\"https:\\\/\\\/graphimarket.com\\\/fr\\\/?s={search_term_string}\"},\"query-input\":{\"@type\":\"PropertyValueSpecification\",\"valueRequired\":true,\"valueName\":\"search_term_string\"}}],\"inLanguage\":\"fr-FR\"},{\"@type\":\"Organization\",\"@id\":\"https:\\\/\\\/graphimarket.com\\\/fr\\\/#organization\",\"name\":\"Graphimarket\",\"url\":\"https:\\\/\\\/graphimarket.com\\\/fr\\\/\",\"logo\":{\"@type\":\"ImageObject\",\"inLanguage\":\"fr-FR\",\"@id\":\"https:\\\/\\\/graphimarket.com\\\/fr\\\/#\\\/schema\\\/logo\\\/image\\\/\",\"url\":\"https:\\\/\\\/graphimarket.com\\\/wp-content\\\/uploads\\\/2020\\\/08\\\/logo-48.png\",\"contentUrl\":\"https:\\\/\\\/graphimarket.com\\\/wp-content\\\/uploads\\\/2020\\\/08\\\/logo-48.png\",\"width\":132,\"height\":48,\"caption\":\"Graphimarket\"},\"image\":{\"@id\":\"https:\\\/\\\/graphimarket.com\\\/fr\\\/#\\\/schema\\\/logo\\\/image\\\/\"}}]}<\/script>\n<!-- \/ Yoast SEO plugin. -->","yoast_head_json":{"title":"Trifold Food Menu Bundle - Graphimarket","description":"Trifold Food Menu Bundle Food Menu Bundle. This designs are perfectly Suitable for any Restaurant...","robots":{"index":"index","follow":"follow","max-snippet":"max-snippet:-1","max-image-preview":"max-image-preview:large","max-video-preview":"max-video-preview:-1"},"canonical":"https:\/\/graphimarket.com\/fr\/product\/trifold-food-menu-bundle\/","og_locale":"fr_FR","og_type":"article","og_title":"Trifold Food Menu Bundle - Graphimarket","og_description":"Trifold Food Menu Bundle Food Menu Bundle. This designs are perfectly Suitable for any Restaurant...","og_url":"https:\/\/graphimarket.com\/fr\/product\/trifold-food-menu-bundle\/","og_site_name":"Graphimarket","article_modified_time":"2022-12-19T08:39:50+00:00","og_image":[{"width":866,"height":577,"url":"https:\/\/graphimarket.com\/wp-content\/uploads\/2020\/10\/e38e88a6-0813-4c72-9380-bc4330503016.jpg","type":"image\/jpeg"}],"twitter_card":"summary_large_image","schema":{"@context":"https:\/\/schema.org","@graph":[{"@type":"WebPage","@id":"https:\/\/graphimarket.com\/product\/trifold-food-menu-bundle\/","url":"https:\/\/graphimarket.com\/product\/trifold-food-menu-bundle\/","name":"Trifold Food Menu Bundle - Graphimarket","isPartOf":{"@id":"https:\/\/graphimarket.com\/fr\/#website"},"primaryImageOfPage":{"@id":"https:\/\/graphimarket.com\/product\/trifold-food-menu-bundle\/#primaryimage"},"image":{"@id":"https:\/\/graphimarket.com\/product\/trifold-food-menu-bundle\/#primaryimage"},"thumbnailUrl":"https:\/\/graphimarket.com\/wp-content\/uploads\/2020\/10\/e38e88a6-0813-4c72-9380-bc4330503016.jpg","datePublished":"2020-10-13T10:37:44+00:00","dateModified":"2022-12-19T08:39:50+00:00","description":"Trifold Food Menu Bundle Food Menu Bundle. This designs are perfectly Suitable for any Restaurant...","breadcrumb":{"@id":"https:\/\/graphimarket.com\/product\/trifold-food-menu-bundle\/#breadcrumb"},"inLanguage":"fr-FR","potentialAction":[{"@type":"ReadAction","target":["https:\/\/graphimarket.com\/product\/trifold-food-menu-bundle\/"]}]},{"@type":"ImageObject","inLanguage":"fr-FR","@id":"https:\/\/graphimarket.com\/product\/trifold-food-menu-bundle\/#primaryimage","url":"https:\/\/graphimarket.com\/wp-content\/uploads\/2020\/10\/e38e88a6-0813-4c72-9380-bc4330503016.jpg","contentUrl":"https:\/\/graphimarket.com\/wp-content\/uploads\/2020\/10\/e38e88a6-0813-4c72-9380-bc4330503016.jpg","width":866,"height":577},{"@type":"BreadcrumbList","@id":"https:\/\/graphimarket.com\/product\/trifold-food-menu-bundle\/#breadcrumb","itemListElement":[{"@type":"ListItem","position":1,"name":"Home","item":"https:\/\/graphimarket.com\/es\/"},{"@type":"ListItem","position":2,"name":"Store","item":"https:\/\/graphimarket.com\/store\/"},{"@type":"ListItem","position":3,"name":"Trifold Food Menu Bundle"}]},{"@type":"WebSite","@id":"https:\/\/graphimarket.com\/fr\/#website","url":"https:\/\/graphimarket.com\/fr\/","name":"Graphimarket","description":"Trouvez l&#039;atout cr\u00e9atif parfait pour donner vie \u00e0 votre projet","publisher":{"@id":"https:\/\/graphimarket.com\/fr\/#organization"},"potentialAction":[{"@type":"SearchAction","target":{"@type":"EntryPoint","urlTemplate":"https:\/\/graphimarket.com\/fr\/?s={search_term_string}"},"query-input":{"@type":"PropertyValueSpecification","valueRequired":true,"valueName":"search_term_string"}}],"inLanguage":"fr-FR"},{"@type":"Organization","@id":"https:\/\/graphimarket.com\/fr\/#organization","name":"Graphimarket","url":"https:\/\/graphimarket.com\/fr\/","logo":{"@type":"ImageObject","inLanguage":"fr-FR","@id":"https:\/\/graphimarket.com\/fr\/#\/schema\/logo\/image\/","url":"https:\/\/graphimarket.com\/wp-content\/uploads\/2020\/08\/logo-48.png","contentUrl":"https:\/\/graphimarket.com\/wp-content\/uploads\/2020\/08\/logo-48.png","width":132,"height":48,"caption":"Graphimarket"},"image":{"@id":"https:\/\/graphimarket.com\/fr\/#\/schema\/logo\/image\/"}}]}},"_links":{"self":[{"href":"https:\/\/graphimarket.com\/fr\/wp-json\/wp\/v2\/product\/12115","targetHints":{"allow":["GET"]}}],"collection":[{"href":"https:\/\/graphimarket.com\/fr\/wp-json\/wp\/v2\/product"}],"about":[{"href":"https:\/\/graphimarket.com\/fr\/wp-json\/wp\/v2\/types\/product"}],"replies":[{"embeddable":true,"href":"https:\/\/graphimarket.com\/fr\/wp-json\/wp\/v2\/comments?post=12115"}],"version-history":[{"count":0,"href":"https:\/\/graphimarket.com\/fr\/wp-json\/wp\/v2\/product\/12115\/revisions"}],"wp:featuredmedia":[{"embeddable":true,"href":"https:\/\/graphimarket.com\/fr\/wp-json\/wp\/v2\/media\/12120"}],"wp:attachment":[{"href":"https:\/\/graphimarket.com\/fr\/wp-json\/wp\/v2\/media?parent=12115"}],"wp:term":[{"taxonomy":"product_brand","embeddable":true,"href":"https:\/\/graphimarket.com\/fr\/wp-json\/wp\/v2\/product_brand?post=12115"},{"taxonomy":"product_cat","embeddable":true,"href":"https:\/\/graphimarket.com\/fr\/wp-json\/wp\/v2\/product_cat?post=12115"},{"taxonomy":"product_tag","embeddable":true,"href":"https:\/\/graphimarket.com\/fr\/wp-json\/wp\/v2\/product_tag?post=12115"}],"curies":[{"name":"wp","href":"https:\/\/api.w.org\/{rel}","templated":true}]}}