{"id":12129,"date":"2020-10-13T14:55:41","date_gmt":"2020-10-13T12:55:41","guid":{"rendered":"https:\/\/graphimarket.com\/?post_type=product&#038;p=12129"},"modified":"2022-12-19T09:39:36","modified_gmt":"2022-12-19T08:39:36","slug":"elegant-single-page-menu-bundle","status":"publish","type":"product","link":"https:\/\/graphimarket.com\/fr\/product\/elegant-single-page-menu-bundle\/","title":{"rendered":"Ensemble \u00e9l\u00e9gant de menus \u00e0 une seule page"},"content":{"rendered":"<p>Ensemble \u00e9l\u00e9gant de menus \u00e0 une seule page<\/p>\n<p>Paquet de menu alimentaire. Ces conceptions conviennent parfaitement \u00e0 n&#039;importe quel restaurant. Facile \u00e0 modifier au format Adobe Photoshop.<\/p>\n<p>Food images are not included according to Envato Elements Rules.<\/p>\n<p><strong>Caract\u00e9ristiques A4 et US Letter Single Page<\/strong><\/p>\n<ul>\n<li>A4 and US Letter with bleed area and safety zone<\/li>\n<li>Calques hautement organis\u00e9s (\u00e9tiquet\u00e9s et group\u00e9s)<\/li>\n<li>Facile \u00e0 personnaliser et \u00e0 changer de photo via un objet intelligent<\/li>\n<li>300 DPI haute r\u00e9solution<\/li>\n<li>Mode couleur CMJN<\/li>\n<li>Format pr\u00eat \u00e0 imprimer<\/li>\n<li>Fichier PDF d&#039;aide<\/li>\n<\/ul>\n<p><img fetchpriority=\"high\" decoding=\"async\" class=\"aligncenter wp-image-12137 size-full\" src=\"https:\/\/graphimarket.com\/wp-content\/uploads\/2020\/10\/a5905d3f-ff35-48f8-b78e-c4a05ae6b35a-1.jpg\" alt=\"\" width=\"900\" height=\"600\" srcset=\"https:\/\/graphimarket.com\/wp-content\/uploads\/2020\/10\/a5905d3f-ff35-48f8-b78e-c4a05ae6b35a-1.jpg 900w, https:\/\/graphimarket.com\/wp-content\/uploads\/2020\/10\/a5905d3f-ff35-48f8-b78e-c4a05ae6b35a-1-300x200.jpg 300w, https:\/\/graphimarket.com\/wp-content\/uploads\/2020\/10\/a5905d3f-ff35-48f8-b78e-c4a05ae6b35a-1-768x512.jpg 768w, https:\/\/graphimarket.com\/wp-content\/uploads\/2020\/10\/a5905d3f-ff35-48f8-b78e-c4a05ae6b35a-1-16x12.jpg 16w, https:\/\/graphimarket.com\/wp-content\/uploads\/2020\/10\/a5905d3f-ff35-48f8-b78e-c4a05ae6b35a-1-600x400.jpg 600w\" sizes=\"(max-width: 900px) 100vw, 900px\" \/> <img decoding=\"async\" class=\"aligncenter wp-image-12138 size-full\" src=\"https:\/\/graphimarket.com\/wp-content\/uploads\/2020\/10\/ab685ea1-1735-4567-bc4e-e11e9ea4ed4a-1.jpg\" alt=\"\" width=\"900\" height=\"600\" srcset=\"https:\/\/graphimarket.com\/wp-content\/uploads\/2020\/10\/ab685ea1-1735-4567-bc4e-e11e9ea4ed4a-1.jpg 900w, https:\/\/graphimarket.com\/wp-content\/uploads\/2020\/10\/ab685ea1-1735-4567-bc4e-e11e9ea4ed4a-1-300x200.jpg 300w, https:\/\/graphimarket.com\/wp-content\/uploads\/2020\/10\/ab685ea1-1735-4567-bc4e-e11e9ea4ed4a-1-768x512.jpg 768w, https:\/\/graphimarket.com\/wp-content\/uploads\/2020\/10\/ab685ea1-1735-4567-bc4e-e11e9ea4ed4a-1-16x12.jpg 16w, https:\/\/graphimarket.com\/wp-content\/uploads\/2020\/10\/ab685ea1-1735-4567-bc4e-e11e9ea4ed4a-1-600x400.jpg 600w\" sizes=\"(max-width: 900px) 100vw, 900px\" \/> <img decoding=\"async\" class=\"aligncenter wp-image-12139 size-full\" src=\"https:\/\/graphimarket.com\/wp-content\/uploads\/2020\/10\/d95d6827-09b8-43e8-ab1f-6e26b6f08fd5-1.jpg\" alt=\"\" width=\"900\" height=\"600\" srcset=\"https:\/\/graphimarket.com\/wp-content\/uploads\/2020\/10\/d95d6827-09b8-43e8-ab1f-6e26b6f08fd5-1.jpg 900w, https:\/\/graphimarket.com\/wp-content\/uploads\/2020\/10\/d95d6827-09b8-43e8-ab1f-6e26b6f08fd5-1-300x200.jpg 300w, https:\/\/graphimarket.com\/wp-content\/uploads\/2020\/10\/d95d6827-09b8-43e8-ab1f-6e26b6f08fd5-1-768x512.jpg 768w, https:\/\/graphimarket.com\/wp-content\/uploads\/2020\/10\/d95d6827-09b8-43e8-ab1f-6e26b6f08fd5-1-16x12.jpg 16w, https:\/\/graphimarket.com\/wp-content\/uploads\/2020\/10\/d95d6827-09b8-43e8-ab1f-6e26b6f08fd5-1-600x400.jpg 600w\" sizes=\"(max-width: 900px) 100vw, 900px\" \/> <img loading=\"lazy\" decoding=\"async\" class=\"aligncenter wp-image-12140 size-full\" src=\"https:\/\/graphimarket.com\/wp-content\/uploads\/2020\/10\/1b6fac0f-a688-4207-9263-d67fae7e3afe-1.jpg\" alt=\"\" width=\"900\" height=\"600\" srcset=\"https:\/\/graphimarket.com\/wp-content\/uploads\/2020\/10\/1b6fac0f-a688-4207-9263-d67fae7e3afe-1.jpg 900w, https:\/\/graphimarket.com\/wp-content\/uploads\/2020\/10\/1b6fac0f-a688-4207-9263-d67fae7e3afe-1-300x200.jpg 300w, https:\/\/graphimarket.com\/wp-content\/uploads\/2020\/10\/1b6fac0f-a688-4207-9263-d67fae7e3afe-1-768x512.jpg 768w, https:\/\/graphimarket.com\/wp-content\/uploads\/2020\/10\/1b6fac0f-a688-4207-9263-d67fae7e3afe-1-16x12.jpg 16w, https:\/\/graphimarket.com\/wp-content\/uploads\/2020\/10\/1b6fac0f-a688-4207-9263-d67fae7e3afe-1-600x400.jpg 600w\" sizes=\"(max-width: 900px) 100vw, 900px\" \/> <img loading=\"lazy\" decoding=\"async\" class=\"aligncenter wp-image-12141 size-full\" src=\"https:\/\/graphimarket.com\/wp-content\/uploads\/2020\/10\/06b0342e-96f3-43ec-a2c8-290bcd728426-1.jpg\" alt=\"\" width=\"900\" height=\"600\" srcset=\"https:\/\/graphimarket.com\/wp-content\/uploads\/2020\/10\/06b0342e-96f3-43ec-a2c8-290bcd728426-1.jpg 900w, https:\/\/graphimarket.com\/wp-content\/uploads\/2020\/10\/06b0342e-96f3-43ec-a2c8-290bcd728426-1-300x200.jpg 300w, https:\/\/graphimarket.com\/wp-content\/uploads\/2020\/10\/06b0342e-96f3-43ec-a2c8-290bcd728426-1-768x512.jpg 768w, https:\/\/graphimarket.com\/wp-content\/uploads\/2020\/10\/06b0342e-96f3-43ec-a2c8-290bcd728426-1-16x12.jpg 16w, https:\/\/graphimarket.com\/wp-content\/uploads\/2020\/10\/06b0342e-96f3-43ec-a2c8-290bcd728426-1-600x400.jpg 600w\" sizes=\"(max-width: 900px) 100vw, 900px\" \/> <img loading=\"lazy\" decoding=\"async\" class=\"aligncenter wp-image-12142 size-full\" src=\"https:\/\/graphimarket.com\/wp-content\/uploads\/2020\/10\/71a2682c-47e4-4980-8cca-2f9d14e56608-1.jpg\" alt=\"\" width=\"900\" height=\"600\" srcset=\"https:\/\/graphimarket.com\/wp-content\/uploads\/2020\/10\/71a2682c-47e4-4980-8cca-2f9d14e56608-1.jpg 900w, https:\/\/graphimarket.com\/wp-content\/uploads\/2020\/10\/71a2682c-47e4-4980-8cca-2f9d14e56608-1-300x200.jpg 300w, https:\/\/graphimarket.com\/wp-content\/uploads\/2020\/10\/71a2682c-47e4-4980-8cca-2f9d14e56608-1-768x512.jpg 768w, https:\/\/graphimarket.com\/wp-content\/uploads\/2020\/10\/71a2682c-47e4-4980-8cca-2f9d14e56608-1-16x12.jpg 16w, https:\/\/graphimarket.com\/wp-content\/uploads\/2020\/10\/71a2682c-47e4-4980-8cca-2f9d14e56608-1-600x400.jpg 600w\" sizes=\"(max-width: 900px) 100vw, 900px\" \/> <img loading=\"lazy\" decoding=\"async\" class=\"aligncenter wp-image-12143 size-full\" src=\"https:\/\/graphimarket.com\/wp-content\/uploads\/2020\/10\/4872c13e-4e45-4374-aebc-65ab735ae587-1.jpg\" alt=\"\" width=\"866\" height=\"577\" srcset=\"https:\/\/graphimarket.com\/wp-content\/uploads\/2020\/10\/4872c13e-4e45-4374-aebc-65ab735ae587-1.jpg 866w, https:\/\/graphimarket.com\/wp-content\/uploads\/2020\/10\/4872c13e-4e45-4374-aebc-65ab735ae587-1-300x200.jpg 300w, https:\/\/graphimarket.com\/wp-content\/uploads\/2020\/10\/4872c13e-4e45-4374-aebc-65ab735ae587-1-768x512.jpg 768w, https:\/\/graphimarket.com\/wp-content\/uploads\/2020\/10\/4872c13e-4e45-4374-aebc-65ab735ae587-1-16x12.jpg 16w, https:\/\/graphimarket.com\/wp-content\/uploads\/2020\/10\/4872c13e-4e45-4374-aebc-65ab735ae587-1-600x400.jpg 600w\" sizes=\"(max-width: 866px) 100vw, 866px\" \/><\/p>\n<p>&nbsp;<\/p>\n<p>&nbsp;<\/p>","protected":false},"excerpt":{"rendered":"<p>Elegant Single Page Menu Bundle Food Menu Bundle. This designs are perfectly Suitable for any Restaurant. Easy to edit fully adobe Photoshop format. Food images are not included according to Envato Elements Rules. Features A4 &amp; US Letter Single Page A4 and US Letter with bleed area and safety zone Highly Organized Layers (Labeled &amp; [&hellip;]<\/p>\n","protected":false},"featured_media":12143,"comment_status":"open","ping_status":"closed","template":"","meta":{"site-sidebar-layout":"default","site-content-layout":"default","ast-site-content-layout":"default","site-content-style":"default","site-sidebar-style":"default","ast-global-header-display":"","ast-banner-title-visibility":"","ast-main-header-display":"","ast-hfb-above-header-display":"","ast-hfb-below-header-display":"","ast-hfb-mobile-header-display":"","site-post-title":"","ast-breadcrumbs-content":"","ast-featured-img":"","footer-sml-layout":"","ast-disable-related-posts":"","theme-transparent-header-meta":"default","adv-header-id-meta":"","stick-header-meta":"","header-above-stick-meta":"","header-main-stick-meta":"","header-below-stick-meta":"","astra-migrate-meta-layouts":"default","ast-page-background-enabled":"default","ast-page-background-meta":{"desktop":{"background-color":"","background-image":"","background-repeat":"repeat","background-position":"center center","background-size":"auto","background-attachment":"scroll","background-type":"","background-media":"","overlay-type":"","overlay-color":"","overlay-opacity":"","overlay-gradient":""},"tablet":{"background-color":"","background-image":"","background-repeat":"repeat","background-position":"center center","background-size":"auto","background-attachment":"scroll","background-type":"","background-media":"","overlay-type":"","overlay-color":"","overlay-opacity":"","overlay-gradient":""},"mobile":{"background-color":"","background-image":"","background-repeat":"repeat","background-position":"center center","background-size":"auto","background-attachment":"scroll","background-type":"","background-media":"","overlay-type":"","overlay-color":"","overlay-opacity":"","overlay-gradient":""}},"ast-content-background-meta":{"desktop":{"background-color":"var(--ast-global-color-5)","background-image":"","background-repeat":"repeat","background-position":"center center","background-size":"auto","background-attachment":"scroll","background-type":"","background-media":"","overlay-type":"","overlay-color":"","overlay-opacity":"","overlay-gradient":""},"tablet":{"background-color":"var(--ast-global-color-5)","background-image":"","background-repeat":"repeat","background-position":"center center","background-size":"auto","background-attachment":"scroll","background-type":"","background-media":"","overlay-type":"","overlay-color":"","overlay-opacity":"","overlay-gradient":""},"mobile":{"background-color":"var(--ast-global-color-5)","background-image":"","background-repeat":"repeat","background-position":"center center","background-size":"auto","background-attachment":"scroll","background-type":"","background-media":"","overlay-type":"","overlay-color":"","overlay-opacity":"","overlay-gradient":""}}},"product_brand":[],"product_cat":[1002,1609,193,46,698,139,195,168],"product_tag":[733,835,616,629,232,795,1446,735],"class_list":{"0":"post-12129","1":"product","2":"type-product","3":"status-publish","4":"has-post-thumbnail","6":"product_cat-accessories","7":"product_cat-bundle","8":"product_cat-graphic-design","9":"product_cat-graphics","10":"product_cat-mockup","11":"product_cat-others","12":"product_cat-photoshop","13":"product_cat-templates","14":"product_tag-business","15":"product_tag-cafe","16":"product_tag-classic","17":"product_tag-creative","18":"product_tag-designer","19":"product_tag-food","20":"product_tag-menu","21":"product_tag-minimal","22":"desktop-align-left","23":"tablet-align-left","24":"mobile-align-left","26":"first","27":"instock","28":"sale","29":"downloadable","30":"virtual","31":"taxable","32":"purchasable","33":"product-type-simple"},"yoast_head":"<!-- This site is optimized with the Yoast SEO plugin v27.3 - https:\/\/yoast.com\/product\/yoast-seo-wordpress\/ -->\n<title>Elegant Single Page Menu Bundle - Graphimarket<\/title>\n<meta name=\"description\" content=\"Elegant Single Page Menu Bundle Food Menu Bundle. This designs are perfectly Suitable for any Restaurant. Easy to edit fully adobe...\" \/>\n<meta name=\"robots\" content=\"index, follow, max-snippet:-1, max-image-preview:large, max-video-preview:-1\" \/>\n<link rel=\"canonical\" href=\"https:\/\/graphimarket.com\/fr\/product\/elegant-single-page-menu-bundle\/\" \/>\n<meta property=\"og:locale\" content=\"fr_FR\" \/>\n<meta property=\"og:type\" content=\"article\" \/>\n<meta property=\"og:title\" content=\"Elegant Single Page Menu Bundle - Graphimarket\" \/>\n<meta property=\"og:description\" content=\"Elegant Single Page Menu Bundle Food Menu Bundle. This designs are perfectly Suitable for any Restaurant. Easy to edit fully adobe...\" \/>\n<meta property=\"og:url\" content=\"https:\/\/graphimarket.com\/fr\/product\/elegant-single-page-menu-bundle\/\" \/>\n<meta property=\"og:site_name\" content=\"Graphimarket\" \/>\n<meta property=\"article:modified_time\" content=\"2022-12-19T08:39:36+00:00\" \/>\n<meta property=\"og:image\" content=\"https:\/\/graphimarket.com\/wp-content\/uploads\/2020\/10\/4872c13e-4e45-4374-aebc-65ab735ae587-1.jpg\" \/>\n\t<meta property=\"og:image:width\" content=\"866\" \/>\n\t<meta property=\"og:image:height\" content=\"577\" \/>\n\t<meta property=\"og:image:type\" content=\"image\/jpeg\" \/>\n<meta name=\"twitter:card\" content=\"summary_large_image\" \/>\n<script type=\"application\/ld+json\" class=\"yoast-schema-graph\">{\"@context\":\"https:\\\/\\\/schema.org\",\"@graph\":[{\"@type\":\"WebPage\",\"@id\":\"https:\\\/\\\/graphimarket.com\\\/ja\\\/product\\\/elegant-single-page-menu-bundle\\\/\",\"url\":\"https:\\\/\\\/graphimarket.com\\\/ja\\\/product\\\/elegant-single-page-menu-bundle\\\/\",\"name\":\"Elegant Single Page Menu Bundle - Graphimarket\",\"isPartOf\":{\"@id\":\"https:\\\/\\\/graphimarket.com\\\/fr\\\/#website\"},\"primaryImageOfPage\":{\"@id\":\"https:\\\/\\\/graphimarket.com\\\/ja\\\/product\\\/elegant-single-page-menu-bundle\\\/#primaryimage\"},\"image\":{\"@id\":\"https:\\\/\\\/graphimarket.com\\\/ja\\\/product\\\/elegant-single-page-menu-bundle\\\/#primaryimage\"},\"thumbnailUrl\":\"https:\\\/\\\/graphimarket.com\\\/wp-content\\\/uploads\\\/2020\\\/10\\\/4872c13e-4e45-4374-aebc-65ab735ae587-1.jpg\",\"datePublished\":\"2020-10-13T12:55:41+00:00\",\"dateModified\":\"2022-12-19T08:39:36+00:00\",\"description\":\"Elegant Single Page Menu Bundle Food Menu Bundle. This designs are perfectly Suitable for any Restaurant. Easy to edit fully adobe...\",\"breadcrumb\":{\"@id\":\"https:\\\/\\\/graphimarket.com\\\/ja\\\/product\\\/elegant-single-page-menu-bundle\\\/#breadcrumb\"},\"inLanguage\":\"fr-FR\",\"potentialAction\":[{\"@type\":\"ReadAction\",\"target\":[\"https:\\\/\\\/graphimarket.com\\\/ja\\\/product\\\/elegant-single-page-menu-bundle\\\/\"]}]},{\"@type\":\"ImageObject\",\"inLanguage\":\"fr-FR\",\"@id\":\"https:\\\/\\\/graphimarket.com\\\/ja\\\/product\\\/elegant-single-page-menu-bundle\\\/#primaryimage\",\"url\":\"https:\\\/\\\/graphimarket.com\\\/wp-content\\\/uploads\\\/2020\\\/10\\\/4872c13e-4e45-4374-aebc-65ab735ae587-1.jpg\",\"contentUrl\":\"https:\\\/\\\/graphimarket.com\\\/wp-content\\\/uploads\\\/2020\\\/10\\\/4872c13e-4e45-4374-aebc-65ab735ae587-1.jpg\",\"width\":866,\"height\":577},{\"@type\":\"BreadcrumbList\",\"@id\":\"https:\\\/\\\/graphimarket.com\\\/ja\\\/product\\\/elegant-single-page-menu-bundle\\\/#breadcrumb\",\"itemListElement\":[{\"@type\":\"ListItem\",\"position\":1,\"name\":\"Home\",\"item\":\"https:\\\/\\\/graphimarket.com\\\/es\\\/\"},{\"@type\":\"ListItem\",\"position\":2,\"name\":\"Store\",\"item\":\"https:\\\/\\\/graphimarket.com\\\/store\\\/\"},{\"@type\":\"ListItem\",\"position\":3,\"name\":\"Elegant Single Page Menu Bundle\"}]},{\"@type\":\"WebSite\",\"@id\":\"https:\\\/\\\/graphimarket.com\\\/fr\\\/#website\",\"url\":\"https:\\\/\\\/graphimarket.com\\\/fr\\\/\",\"name\":\"Graphimarket\",\"description\":\"Find the perfect creative asset to bring your project to life\",\"publisher\":{\"@id\":\"https:\\\/\\\/graphimarket.com\\\/fr\\\/#organization\"},\"potentialAction\":[{\"@type\":\"SearchAction\",\"target\":{\"@type\":\"EntryPoint\",\"urlTemplate\":\"https:\\\/\\\/graphimarket.com\\\/fr\\\/?s={search_term_string}\"},\"query-input\":{\"@type\":\"PropertyValueSpecification\",\"valueRequired\":true,\"valueName\":\"search_term_string\"}}],\"inLanguage\":\"fr-FR\"},{\"@type\":\"Organization\",\"@id\":\"https:\\\/\\\/graphimarket.com\\\/fr\\\/#organization\",\"name\":\"Graphimarket\",\"url\":\"https:\\\/\\\/graphimarket.com\\\/fr\\\/\",\"logo\":{\"@type\":\"ImageObject\",\"inLanguage\":\"fr-FR\",\"@id\":\"https:\\\/\\\/graphimarket.com\\\/fr\\\/#\\\/schema\\\/logo\\\/image\\\/\",\"url\":\"https:\\\/\\\/graphimarket.com\\\/wp-content\\\/uploads\\\/2020\\\/08\\\/logo-48.png\",\"contentUrl\":\"https:\\\/\\\/graphimarket.com\\\/wp-content\\\/uploads\\\/2020\\\/08\\\/logo-48.png\",\"width\":132,\"height\":48,\"caption\":\"Graphimarket\"},\"image\":{\"@id\":\"https:\\\/\\\/graphimarket.com\\\/fr\\\/#\\\/schema\\\/logo\\\/image\\\/\"}}]}<\/script>\n<!-- \/ Yoast SEO plugin. -->","yoast_head_json":{"title":"Elegant Single Page Menu Bundle - Graphimarket","description":"Elegant Single Page Menu Bundle Food Menu Bundle. This designs are perfectly Suitable for any Restaurant. Easy to edit fully adobe...","robots":{"index":"index","follow":"follow","max-snippet":"max-snippet:-1","max-image-preview":"max-image-preview:large","max-video-preview":"max-video-preview:-1"},"canonical":"https:\/\/graphimarket.com\/fr\/product\/elegant-single-page-menu-bundle\/","og_locale":"fr_FR","og_type":"article","og_title":"Elegant Single Page Menu Bundle - Graphimarket","og_description":"Elegant Single Page Menu Bundle Food Menu Bundle. This designs are perfectly Suitable for any Restaurant. Easy to edit fully adobe...","og_url":"https:\/\/graphimarket.com\/fr\/product\/elegant-single-page-menu-bundle\/","og_site_name":"Graphimarket","article_modified_time":"2022-12-19T08:39:36+00:00","og_image":[{"width":866,"height":577,"url":"https:\/\/graphimarket.com\/wp-content\/uploads\/2020\/10\/4872c13e-4e45-4374-aebc-65ab735ae587-1.jpg","type":"image\/jpeg"}],"twitter_card":"summary_large_image","schema":{"@context":"https:\/\/schema.org","@graph":[{"@type":"WebPage","@id":"https:\/\/graphimarket.com\/ja\/product\/elegant-single-page-menu-bundle\/","url":"https:\/\/graphimarket.com\/ja\/product\/elegant-single-page-menu-bundle\/","name":"Elegant Single Page Menu Bundle - Graphimarket","isPartOf":{"@id":"https:\/\/graphimarket.com\/fr\/#website"},"primaryImageOfPage":{"@id":"https:\/\/graphimarket.com\/ja\/product\/elegant-single-page-menu-bundle\/#primaryimage"},"image":{"@id":"https:\/\/graphimarket.com\/ja\/product\/elegant-single-page-menu-bundle\/#primaryimage"},"thumbnailUrl":"https:\/\/graphimarket.com\/wp-content\/uploads\/2020\/10\/4872c13e-4e45-4374-aebc-65ab735ae587-1.jpg","datePublished":"2020-10-13T12:55:41+00:00","dateModified":"2022-12-19T08:39:36+00:00","description":"Elegant Single Page Menu Bundle Food Menu Bundle. This designs are perfectly Suitable for any Restaurant. Easy to edit fully adobe...","breadcrumb":{"@id":"https:\/\/graphimarket.com\/ja\/product\/elegant-single-page-menu-bundle\/#breadcrumb"},"inLanguage":"fr-FR","potentialAction":[{"@type":"ReadAction","target":["https:\/\/graphimarket.com\/ja\/product\/elegant-single-page-menu-bundle\/"]}]},{"@type":"ImageObject","inLanguage":"fr-FR","@id":"https:\/\/graphimarket.com\/ja\/product\/elegant-single-page-menu-bundle\/#primaryimage","url":"https:\/\/graphimarket.com\/wp-content\/uploads\/2020\/10\/4872c13e-4e45-4374-aebc-65ab735ae587-1.jpg","contentUrl":"https:\/\/graphimarket.com\/wp-content\/uploads\/2020\/10\/4872c13e-4e45-4374-aebc-65ab735ae587-1.jpg","width":866,"height":577},{"@type":"BreadcrumbList","@id":"https:\/\/graphimarket.com\/ja\/product\/elegant-single-page-menu-bundle\/#breadcrumb","itemListElement":[{"@type":"ListItem","position":1,"name":"Home","item":"https:\/\/graphimarket.com\/es\/"},{"@type":"ListItem","position":2,"name":"Store","item":"https:\/\/graphimarket.com\/store\/"},{"@type":"ListItem","position":3,"name":"Elegant Single Page Menu Bundle"}]},{"@type":"WebSite","@id":"https:\/\/graphimarket.com\/fr\/#website","url":"https:\/\/graphimarket.com\/fr\/","name":"Graphimarket","description":"Trouvez l&#039;atout cr\u00e9atif parfait pour donner vie \u00e0 votre projet","publisher":{"@id":"https:\/\/graphimarket.com\/fr\/#organization"},"potentialAction":[{"@type":"SearchAction","target":{"@type":"EntryPoint","urlTemplate":"https:\/\/graphimarket.com\/fr\/?s={search_term_string}"},"query-input":{"@type":"PropertyValueSpecification","valueRequired":true,"valueName":"search_term_string"}}],"inLanguage":"fr-FR"},{"@type":"Organization","@id":"https:\/\/graphimarket.com\/fr\/#organization","name":"Graphimarket","url":"https:\/\/graphimarket.com\/fr\/","logo":{"@type":"ImageObject","inLanguage":"fr-FR","@id":"https:\/\/graphimarket.com\/fr\/#\/schema\/logo\/image\/","url":"https:\/\/graphimarket.com\/wp-content\/uploads\/2020\/08\/logo-48.png","contentUrl":"https:\/\/graphimarket.com\/wp-content\/uploads\/2020\/08\/logo-48.png","width":132,"height":48,"caption":"Graphimarket"},"image":{"@id":"https:\/\/graphimarket.com\/fr\/#\/schema\/logo\/image\/"}}]}},"_links":{"self":[{"href":"https:\/\/graphimarket.com\/fr\/wp-json\/wp\/v2\/product\/12129","targetHints":{"allow":["GET"]}}],"collection":[{"href":"https:\/\/graphimarket.com\/fr\/wp-json\/wp\/v2\/product"}],"about":[{"href":"https:\/\/graphimarket.com\/fr\/wp-json\/wp\/v2\/types\/product"}],"replies":[{"embeddable":true,"href":"https:\/\/graphimarket.com\/fr\/wp-json\/wp\/v2\/comments?post=12129"}],"version-history":[{"count":0,"href":"https:\/\/graphimarket.com\/fr\/wp-json\/wp\/v2\/product\/12129\/revisions"}],"wp:featuredmedia":[{"embeddable":true,"href":"https:\/\/graphimarket.com\/fr\/wp-json\/wp\/v2\/media\/12143"}],"wp:attachment":[{"href":"https:\/\/graphimarket.com\/fr\/wp-json\/wp\/v2\/media?parent=12129"}],"wp:term":[{"taxonomy":"product_brand","embeddable":true,"href":"https:\/\/graphimarket.com\/fr\/wp-json\/wp\/v2\/product_brand?post=12129"},{"taxonomy":"product_cat","embeddable":true,"href":"https:\/\/graphimarket.com\/fr\/wp-json\/wp\/v2\/product_cat?post=12129"},{"taxonomy":"product_tag","embeddable":true,"href":"https:\/\/graphimarket.com\/fr\/wp-json\/wp\/v2\/product_tag?post=12129"}],"curies":[{"name":"wp","href":"https:\/\/api.w.org\/{rel}","templated":true}]}}