{"id":12186,"date":"2020-10-13T15:37:54","date_gmt":"2020-10-13T13:37:54","guid":{"rendered":"https:\/\/graphimarket.com\/?post_type=product&#038;p=12186"},"modified":"2022-12-19T09:38:53","modified_gmt":"2022-12-19T08:38:53","slug":"infernos-vintage-menu-bundle","status":"publish","type":"product","link":"https:\/\/graphimarket.com\/fr\/product\/infernos-vintage-menu-bundle\/","title":{"rendered":"Ensemble de menus vintage Infernos"},"content":{"rendered":"<p>Ensemble de menus vintage Infernos<\/p>\n<p>Food Menu Bundle. This design is perfectly Suitable for any Restaurant. Easy to edit font, text, color, fully adobe Photoshop format.<\/p>\n<p><strong>Soutien<\/strong>\u00a0<em>Easy to customize fully need any help don\u2019t hesitate to contact me through my profile.<\/em><\/p>\n<p><strong>Features A4 &amp; US Letter Bifold<\/strong><\/p>\n<ul>\n<li>A4 and US Letter with bleed area and safety zone<\/li>\n<li>Calques hautement organis\u00e9s (\u00e9tiquet\u00e9s et group\u00e9s)<\/li>\n<li>Facile \u00e0 personnaliser et \u00e0 changer de photo via un objet intelligent<\/li>\n<li>300 DPI haute r\u00e9solution<\/li>\n<li>Mode couleur CMJN<\/li>\n<li>Format pr\u00eat \u00e0 imprimer<\/li>\n<li>Fichier PDF d&#039;aide<\/li>\n<\/ul>\n<p><strong>Features A4 Trifold<\/strong><\/p>\n<ul>\n<li>A4 avec zone de purge et zone de s\u00e9curit\u00e9<\/li>\n<li>Calques hautement organis\u00e9s (\u00e9tiquet\u00e9s et group\u00e9s)<\/li>\n<li>Facile \u00e0 personnaliser et \u00e0 changer de photo via un objet intelligent<\/li>\n<li>300 DPI haute r\u00e9solution<\/li>\n<li>Mode couleur CMJN<\/li>\n<li>Format pr\u00eat \u00e0 imprimer<\/li>\n<li>Fichier PDF d&#039;aide<\/li>\n<\/ul>\n<p><strong>Caract\u00e9ristiques A4 et US Letter Single Page<\/strong><\/p>\n<ul>\n<li>A4 and US Letter with bleed area and safety zone<\/li>\n<li>Calques hautement organis\u00e9s (\u00e9tiquet\u00e9s et group\u00e9s)<\/li>\n<li>Facile \u00e0 personnaliser et \u00e0 changer de photo via un objet intelligent<\/li>\n<li>300 DPI haute r\u00e9solution<\/li>\n<li>Mode couleur CMJN<\/li>\n<li>Format pr\u00eat \u00e0 imprimer<\/li>\n<li>Fichier PDF d&#039;aide<\/li>\n<\/ul>\n<p><img fetchpriority=\"high\" decoding=\"async\" class=\"aligncenter wp-image-12187 size-full\" src=\"https:\/\/graphimarket.com\/wp-content\/uploads\/2020\/10\/2749965e-a029-481e-830c-869b3fb09ea8.jpg\" alt=\"\" width=\"1170\" height=\"780\" srcset=\"https:\/\/graphimarket.com\/wp-content\/uploads\/2020\/10\/2749965e-a029-481e-830c-869b3fb09ea8.jpg 1170w, https:\/\/graphimarket.com\/wp-content\/uploads\/2020\/10\/2749965e-a029-481e-830c-869b3fb09ea8-300x200.jpg 300w, https:\/\/graphimarket.com\/wp-content\/uploads\/2020\/10\/2749965e-a029-481e-830c-869b3fb09ea8-1024x683.jpg 1024w, https:\/\/graphimarket.com\/wp-content\/uploads\/2020\/10\/2749965e-a029-481e-830c-869b3fb09ea8-768x512.jpg 768w, https:\/\/graphimarket.com\/wp-content\/uploads\/2020\/10\/2749965e-a029-481e-830c-869b3fb09ea8-16x12.jpg 16w, https:\/\/graphimarket.com\/wp-content\/uploads\/2020\/10\/2749965e-a029-481e-830c-869b3fb09ea8-600x400.jpg 600w\" sizes=\"(max-width: 1170px) 100vw, 1170px\" \/> <img decoding=\"async\" class=\"aligncenter wp-image-12188 size-full\" src=\"https:\/\/graphimarket.com\/wp-content\/uploads\/2020\/10\/6328879f-2171-431a-8bc0-27a6fc26aaf4.jpg\" alt=\"\" width=\"1170\" height=\"780\" srcset=\"https:\/\/graphimarket.com\/wp-content\/uploads\/2020\/10\/6328879f-2171-431a-8bc0-27a6fc26aaf4.jpg 1170w, https:\/\/graphimarket.com\/wp-content\/uploads\/2020\/10\/6328879f-2171-431a-8bc0-27a6fc26aaf4-300x200.jpg 300w, https:\/\/graphimarket.com\/wp-content\/uploads\/2020\/10\/6328879f-2171-431a-8bc0-27a6fc26aaf4-1024x683.jpg 1024w, https:\/\/graphimarket.com\/wp-content\/uploads\/2020\/10\/6328879f-2171-431a-8bc0-27a6fc26aaf4-768x512.jpg 768w, https:\/\/graphimarket.com\/wp-content\/uploads\/2020\/10\/6328879f-2171-431a-8bc0-27a6fc26aaf4-16x12.jpg 16w, https:\/\/graphimarket.com\/wp-content\/uploads\/2020\/10\/6328879f-2171-431a-8bc0-27a6fc26aaf4-600x400.jpg 600w\" sizes=\"(max-width: 1170px) 100vw, 1170px\" \/> <img decoding=\"async\" class=\"aligncenter wp-image-12189 size-full\" src=\"https:\/\/graphimarket.com\/wp-content\/uploads\/2020\/10\/e39cc0aa-39dd-4bfb-ab9e-e7b79b80ae30.jpg\" alt=\"\" width=\"1170\" height=\"780\" srcset=\"https:\/\/graphimarket.com\/wp-content\/uploads\/2020\/10\/e39cc0aa-39dd-4bfb-ab9e-e7b79b80ae30.jpg 1170w, https:\/\/graphimarket.com\/wp-content\/uploads\/2020\/10\/e39cc0aa-39dd-4bfb-ab9e-e7b79b80ae30-300x200.jpg 300w, https:\/\/graphimarket.com\/wp-content\/uploads\/2020\/10\/e39cc0aa-39dd-4bfb-ab9e-e7b79b80ae30-1024x683.jpg 1024w, https:\/\/graphimarket.com\/wp-content\/uploads\/2020\/10\/e39cc0aa-39dd-4bfb-ab9e-e7b79b80ae30-768x512.jpg 768w, https:\/\/graphimarket.com\/wp-content\/uploads\/2020\/10\/e39cc0aa-39dd-4bfb-ab9e-e7b79b80ae30-16x12.jpg 16w, https:\/\/graphimarket.com\/wp-content\/uploads\/2020\/10\/e39cc0aa-39dd-4bfb-ab9e-e7b79b80ae30-600x400.jpg 600w\" sizes=\"(max-width: 1170px) 100vw, 1170px\" \/> <img loading=\"lazy\" decoding=\"async\" class=\"aligncenter wp-image-12190 size-full\" src=\"https:\/\/graphimarket.com\/wp-content\/uploads\/2020\/10\/ed963afc-5dff-489a-8cf9-0f34cf95bb64.jpg\" alt=\"\" width=\"1170\" height=\"780\" srcset=\"https:\/\/graphimarket.com\/wp-content\/uploads\/2020\/10\/ed963afc-5dff-489a-8cf9-0f34cf95bb64.jpg 1170w, https:\/\/graphimarket.com\/wp-content\/uploads\/2020\/10\/ed963afc-5dff-489a-8cf9-0f34cf95bb64-300x200.jpg 300w, https:\/\/graphimarket.com\/wp-content\/uploads\/2020\/10\/ed963afc-5dff-489a-8cf9-0f34cf95bb64-1024x683.jpg 1024w, https:\/\/graphimarket.com\/wp-content\/uploads\/2020\/10\/ed963afc-5dff-489a-8cf9-0f34cf95bb64-768x512.jpg 768w, https:\/\/graphimarket.com\/wp-content\/uploads\/2020\/10\/ed963afc-5dff-489a-8cf9-0f34cf95bb64-16x12.jpg 16w, https:\/\/graphimarket.com\/wp-content\/uploads\/2020\/10\/ed963afc-5dff-489a-8cf9-0f34cf95bb64-600x400.jpg 600w\" sizes=\"(max-width: 1170px) 100vw, 1170px\" \/> <img loading=\"lazy\" decoding=\"async\" class=\"aligncenter wp-image-12191 size-full\" src=\"https:\/\/graphimarket.com\/wp-content\/uploads\/2020\/10\/033c4c6d-bbe6-4f59-9821-57d2ee61b5eb.jpg\" alt=\"\" width=\"1170\" height=\"780\" srcset=\"https:\/\/graphimarket.com\/wp-content\/uploads\/2020\/10\/033c4c6d-bbe6-4f59-9821-57d2ee61b5eb.jpg 1170w, https:\/\/graphimarket.com\/wp-content\/uploads\/2020\/10\/033c4c6d-bbe6-4f59-9821-57d2ee61b5eb-300x200.jpg 300w, https:\/\/graphimarket.com\/wp-content\/uploads\/2020\/10\/033c4c6d-bbe6-4f59-9821-57d2ee61b5eb-1024x683.jpg 1024w, https:\/\/graphimarket.com\/wp-content\/uploads\/2020\/10\/033c4c6d-bbe6-4f59-9821-57d2ee61b5eb-768x512.jpg 768w, https:\/\/graphimarket.com\/wp-content\/uploads\/2020\/10\/033c4c6d-bbe6-4f59-9821-57d2ee61b5eb-16x12.jpg 16w, https:\/\/graphimarket.com\/wp-content\/uploads\/2020\/10\/033c4c6d-bbe6-4f59-9821-57d2ee61b5eb-600x400.jpg 600w\" sizes=\"(max-width: 1170px) 100vw, 1170px\" \/> <img loading=\"lazy\" decoding=\"async\" class=\"aligncenter wp-image-12192 size-full\" src=\"https:\/\/graphimarket.com\/wp-content\/uploads\/2020\/10\/4db871c8-6f89-44d5-b26b-e96badd55c37.jpg\" alt=\"\" width=\"1170\" height=\"780\" srcset=\"https:\/\/graphimarket.com\/wp-content\/uploads\/2020\/10\/4db871c8-6f89-44d5-b26b-e96badd55c37.jpg 1170w, https:\/\/graphimarket.com\/wp-content\/uploads\/2020\/10\/4db871c8-6f89-44d5-b26b-e96badd55c37-300x200.jpg 300w, https:\/\/graphimarket.com\/wp-content\/uploads\/2020\/10\/4db871c8-6f89-44d5-b26b-e96badd55c37-1024x683.jpg 1024w, https:\/\/graphimarket.com\/wp-content\/uploads\/2020\/10\/4db871c8-6f89-44d5-b26b-e96badd55c37-768x512.jpg 768w, https:\/\/graphimarket.com\/wp-content\/uploads\/2020\/10\/4db871c8-6f89-44d5-b26b-e96badd55c37-16x12.jpg 16w, https:\/\/graphimarket.com\/wp-content\/uploads\/2020\/10\/4db871c8-6f89-44d5-b26b-e96badd55c37-600x400.jpg 600w\" sizes=\"(max-width: 1170px) 100vw, 1170px\" \/> <img loading=\"lazy\" decoding=\"async\" class=\"aligncenter wp-image-12193 size-full\" src=\"https:\/\/graphimarket.com\/wp-content\/uploads\/2020\/10\/5a434127-7eb0-4bfa-b59b-387218fe8800-1.jpg\" alt=\"\" width=\"1170\" height=\"780\" srcset=\"https:\/\/graphimarket.com\/wp-content\/uploads\/2020\/10\/5a434127-7eb0-4bfa-b59b-387218fe8800-1.jpg 1170w, https:\/\/graphimarket.com\/wp-content\/uploads\/2020\/10\/5a434127-7eb0-4bfa-b59b-387218fe8800-1-300x200.jpg 300w, https:\/\/graphimarket.com\/wp-content\/uploads\/2020\/10\/5a434127-7eb0-4bfa-b59b-387218fe8800-1-1024x683.jpg 1024w, https:\/\/graphimarket.com\/wp-content\/uploads\/2020\/10\/5a434127-7eb0-4bfa-b59b-387218fe8800-1-768x512.jpg 768w, https:\/\/graphimarket.com\/wp-content\/uploads\/2020\/10\/5a434127-7eb0-4bfa-b59b-387218fe8800-1-16x12.jpg 16w, https:\/\/graphimarket.com\/wp-content\/uploads\/2020\/10\/5a434127-7eb0-4bfa-b59b-387218fe8800-1-600x400.jpg 600w\" sizes=\"(max-width: 1170px) 100vw, 1170px\" \/> <img loading=\"lazy\" decoding=\"async\" class=\"aligncenter wp-image-12194 size-full\" src=\"https:\/\/graphimarket.com\/wp-content\/uploads\/2020\/10\/5a434127-7eb0-4bfa-b59b-387218fe8800.jpg\" alt=\"\" width=\"1170\" height=\"780\" srcset=\"https:\/\/graphimarket.com\/wp-content\/uploads\/2020\/10\/5a434127-7eb0-4bfa-b59b-387218fe8800.jpg 1170w, https:\/\/graphimarket.com\/wp-content\/uploads\/2020\/10\/5a434127-7eb0-4bfa-b59b-387218fe8800-300x200.jpg 300w, https:\/\/graphimarket.com\/wp-content\/uploads\/2020\/10\/5a434127-7eb0-4bfa-b59b-387218fe8800-1024x683.jpg 1024w, https:\/\/graphimarket.com\/wp-content\/uploads\/2020\/10\/5a434127-7eb0-4bfa-b59b-387218fe8800-768x512.jpg 768w, https:\/\/graphimarket.com\/wp-content\/uploads\/2020\/10\/5a434127-7eb0-4bfa-b59b-387218fe8800-16x12.jpg 16w, https:\/\/graphimarket.com\/wp-content\/uploads\/2020\/10\/5a434127-7eb0-4bfa-b59b-387218fe8800-600x400.jpg 600w\" sizes=\"(max-width: 1170px) 100vw, 1170px\" \/> <img loading=\"lazy\" decoding=\"async\" class=\"aligncenter wp-image-12195 size-full\" src=\"https:\/\/graphimarket.com\/wp-content\/uploads\/2020\/10\/6a49aab0-0687-4767-a695-60257d71ee8b.jpg\" alt=\"\" width=\"1170\" height=\"780\" srcset=\"https:\/\/graphimarket.com\/wp-content\/uploads\/2020\/10\/6a49aab0-0687-4767-a695-60257d71ee8b.jpg 1170w, https:\/\/graphimarket.com\/wp-content\/uploads\/2020\/10\/6a49aab0-0687-4767-a695-60257d71ee8b-300x200.jpg 300w, https:\/\/graphimarket.com\/wp-content\/uploads\/2020\/10\/6a49aab0-0687-4767-a695-60257d71ee8b-1024x683.jpg 1024w, https:\/\/graphimarket.com\/wp-content\/uploads\/2020\/10\/6a49aab0-0687-4767-a695-60257d71ee8b-768x512.jpg 768w, https:\/\/graphimarket.com\/wp-content\/uploads\/2020\/10\/6a49aab0-0687-4767-a695-60257d71ee8b-16x12.jpg 16w, https:\/\/graphimarket.com\/wp-content\/uploads\/2020\/10\/6a49aab0-0687-4767-a695-60257d71ee8b-600x400.jpg 600w\" sizes=\"(max-width: 1170px) 100vw, 1170px\" \/> <img loading=\"lazy\" decoding=\"async\" class=\"aligncenter wp-image-12196 size-full\" src=\"https:\/\/graphimarket.com\/wp-content\/uploads\/2020\/10\/62ee9229-a4ae-4ad3-929b-1b3e144fa586.jpg\" alt=\"\" width=\"1170\" height=\"780\" srcset=\"https:\/\/graphimarket.com\/wp-content\/uploads\/2020\/10\/62ee9229-a4ae-4ad3-929b-1b3e144fa586.jpg 1170w, https:\/\/graphimarket.com\/wp-content\/uploads\/2020\/10\/62ee9229-a4ae-4ad3-929b-1b3e144fa586-300x200.jpg 300w, https:\/\/graphimarket.com\/wp-content\/uploads\/2020\/10\/62ee9229-a4ae-4ad3-929b-1b3e144fa586-1024x683.jpg 1024w, https:\/\/graphimarket.com\/wp-content\/uploads\/2020\/10\/62ee9229-a4ae-4ad3-929b-1b3e144fa586-768x512.jpg 768w, https:\/\/graphimarket.com\/wp-content\/uploads\/2020\/10\/62ee9229-a4ae-4ad3-929b-1b3e144fa586-16x12.jpg 16w, https:\/\/graphimarket.com\/wp-content\/uploads\/2020\/10\/62ee9229-a4ae-4ad3-929b-1b3e144fa586-600x400.jpg 600w\" sizes=\"(max-width: 1170px) 100vw, 1170px\" \/> <img loading=\"lazy\" decoding=\"async\" class=\"aligncenter wp-image-12197 size-full\" src=\"https:\/\/graphimarket.com\/wp-content\/uploads\/2020\/10\/416d6cb5-72f9-4e11-94da-0d8cfc67d3e7.jpg\" alt=\"\" width=\"1170\" height=\"780\" srcset=\"https:\/\/graphimarket.com\/wp-content\/uploads\/2020\/10\/416d6cb5-72f9-4e11-94da-0d8cfc67d3e7.jpg 1170w, https:\/\/graphimarket.com\/wp-content\/uploads\/2020\/10\/416d6cb5-72f9-4e11-94da-0d8cfc67d3e7-300x200.jpg 300w, https:\/\/graphimarket.com\/wp-content\/uploads\/2020\/10\/416d6cb5-72f9-4e11-94da-0d8cfc67d3e7-1024x683.jpg 1024w, https:\/\/graphimarket.com\/wp-content\/uploads\/2020\/10\/416d6cb5-72f9-4e11-94da-0d8cfc67d3e7-768x512.jpg 768w, https:\/\/graphimarket.com\/wp-content\/uploads\/2020\/10\/416d6cb5-72f9-4e11-94da-0d8cfc67d3e7-16x12.jpg 16w, https:\/\/graphimarket.com\/wp-content\/uploads\/2020\/10\/416d6cb5-72f9-4e11-94da-0d8cfc67d3e7-600x400.jpg 600w\" sizes=\"(max-width: 1170px) 100vw, 1170px\" \/><\/p>","protected":false},"excerpt":{"rendered":"<p>Infernos Vintage Menu Bundle Food Menu Bundle. This design is perfectly Suitable for any Restaurant. Easy to edit font, text, color, fully adobe Photoshop format. Support\u00a0Easy to customize fully need any help don\u2019t hesitate to contact me through my profile. Features A4 &amp; US Letter Bifold A4 and US Letter with bleed area and safety [&hellip;]<\/p>\n","protected":false},"featured_media":12196,"comment_status":"open","ping_status":"closed","template":"","meta":{"site-sidebar-layout":"default","site-content-layout":"default","ast-site-content-layout":"default","site-content-style":"default","site-sidebar-style":"default","ast-global-header-display":"","ast-banner-title-visibility":"","ast-main-header-display":"","ast-hfb-above-header-display":"","ast-hfb-below-header-display":"","ast-hfb-mobile-header-display":"","site-post-title":"","ast-breadcrumbs-content":"","ast-featured-img":"","footer-sml-layout":"","ast-disable-related-posts":"","theme-transparent-header-meta":"default","adv-header-id-meta":"","stick-header-meta":"","header-above-stick-meta":"","header-main-stick-meta":"","header-below-stick-meta":"","astra-migrate-meta-layouts":"default","ast-page-background-enabled":"default","ast-page-background-meta":{"desktop":{"background-color":"","background-image":"","background-repeat":"repeat","background-position":"center center","background-size":"auto","background-attachment":"scroll","background-type":"","background-media":"","overlay-type":"","overlay-color":"","overlay-opacity":"","overlay-gradient":""},"tablet":{"background-color":"","background-image":"","background-repeat":"repeat","background-position":"center center","background-size":"auto","background-attachment":"scroll","background-type":"","background-media":"","overlay-type":"","overlay-color":"","overlay-opacity":"","overlay-gradient":""},"mobile":{"background-color":"","background-image":"","background-repeat":"repeat","background-position":"center center","background-size":"auto","background-attachment":"scroll","background-type":"","background-media":"","overlay-type":"","overlay-color":"","overlay-opacity":"","overlay-gradient":""}},"ast-content-background-meta":{"desktop":{"background-color":"var(--ast-global-color-5)","background-image":"","background-repeat":"repeat","background-position":"center center","background-size":"auto","background-attachment":"scroll","background-type":"","background-media":"","overlay-type":"","overlay-color":"","overlay-opacity":"","overlay-gradient":""},"tablet":{"background-color":"var(--ast-global-color-5)","background-image":"","background-repeat":"repeat","background-position":"center center","background-size":"auto","background-attachment":"scroll","background-type":"","background-media":"","overlay-type":"","overlay-color":"","overlay-opacity":"","overlay-gradient":""},"mobile":{"background-color":"var(--ast-global-color-5)","background-image":"","background-repeat":"repeat","background-position":"center center","background-size":"auto","background-attachment":"scroll","background-type":"","background-media":"","overlay-type":"","overlay-color":"","overlay-opacity":"","overlay-gradient":""}}},"product_brand":[],"product_cat":[1609,193,46,698,139,195,168],"product_tag":[795,1446,1447,277,1582,1137,227,60,276,604],"class_list":{"0":"post-12186","1":"product","2":"type-product","3":"status-publish","4":"has-post-thumbnail","6":"product_cat-bundle","7":"product_cat-graphic-design","8":"product_cat-graphics","9":"product_cat-mockup","10":"product_cat-others","11":"product_cat-photoshop","12":"product_cat-templates","13":"product_tag-food","14":"product_tag-menu","15":"product_tag-restaurant","16":"product_tag-retro","17":"product_tag-rusic","18":"product_tag-rustic","19":"product_tag-style","20":"product_tag-template","21":"product_tag-vintage","22":"product_tag-white","23":"desktop-align-left","24":"tablet-align-left","25":"mobile-align-left","27":"first","28":"instock","29":"sale","30":"downloadable","31":"virtual","32":"taxable","33":"purchasable","34":"product-type-simple"},"yoast_head":"<!-- This site is optimized with the Yoast SEO plugin v27.3 - https:\/\/yoast.com\/product\/yoast-seo-wordpress\/ -->\n<title>Infernos Vintage Menu Bundle - Graphimarket<\/title>\n<meta name=\"description\" content=\"Infernos Vintage Menu Bundle Food Menu Bundle. This design is perfectly Suitable for any Restaurant. Easy to edit font, text, color...\" \/>\n<meta name=\"robots\" content=\"index, follow, max-snippet:-1, max-image-preview:large, max-video-preview:-1\" \/>\n<link rel=\"canonical\" href=\"https:\/\/graphimarket.com\/fr\/product\/infernos-vintage-menu-bundle\/\" \/>\n<meta property=\"og:locale\" content=\"fr_FR\" \/>\n<meta property=\"og:type\" content=\"article\" \/>\n<meta property=\"og:title\" content=\"Infernos Vintage Menu Bundle - Graphimarket\" \/>\n<meta property=\"og:description\" content=\"Infernos Vintage Menu Bundle Food Menu Bundle. This design is perfectly Suitable for any Restaurant. Easy to edit font, text, color...\" \/>\n<meta property=\"og:url\" content=\"https:\/\/graphimarket.com\/fr\/product\/infernos-vintage-menu-bundle\/\" \/>\n<meta property=\"og:site_name\" content=\"Graphimarket\" \/>\n<meta property=\"article:modified_time\" content=\"2022-12-19T08:38:53+00:00\" \/>\n<meta property=\"og:image\" content=\"https:\/\/graphimarket.com\/wp-content\/uploads\/2020\/10\/62ee9229-a4ae-4ad3-929b-1b3e144fa586.jpg\" \/>\n\t<meta property=\"og:image:width\" content=\"1170\" \/>\n\t<meta property=\"og:image:height\" content=\"780\" \/>\n\t<meta property=\"og:image:type\" content=\"image\/jpeg\" \/>\n<meta name=\"twitter:card\" content=\"summary_large_image\" \/>\n<meta name=\"twitter:label1\" content=\"Est. reading time\" \/>\n\t<meta name=\"twitter:data1\" content=\"1 minute\" \/>\n<script type=\"application\/ld+json\" class=\"yoast-schema-graph\">{\"@context\":\"https:\\\/\\\/schema.org\",\"@graph\":[{\"@type\":\"WebPage\",\"@id\":\"https:\\\/\\\/graphimarket.com\\\/product\\\/infernos-vintage-menu-bundle\\\/\",\"url\":\"https:\\\/\\\/graphimarket.com\\\/product\\\/infernos-vintage-menu-bundle\\\/\",\"name\":\"Infernos Vintage Menu Bundle - Graphimarket\",\"isPartOf\":{\"@id\":\"https:\\\/\\\/graphimarket.com\\\/fr\\\/#website\"},\"primaryImageOfPage\":{\"@id\":\"https:\\\/\\\/graphimarket.com\\\/product\\\/infernos-vintage-menu-bundle\\\/#primaryimage\"},\"image\":{\"@id\":\"https:\\\/\\\/graphimarket.com\\\/product\\\/infernos-vintage-menu-bundle\\\/#primaryimage\"},\"thumbnailUrl\":\"https:\\\/\\\/graphimarket.com\\\/wp-content\\\/uploads\\\/2020\\\/10\\\/62ee9229-a4ae-4ad3-929b-1b3e144fa586.jpg\",\"datePublished\":\"2020-10-13T13:37:54+00:00\",\"dateModified\":\"2022-12-19T08:38:53+00:00\",\"description\":\"Infernos Vintage Menu Bundle Food Menu Bundle. This design is perfectly Suitable for any Restaurant. Easy to edit font, text, color...\",\"breadcrumb\":{\"@id\":\"https:\\\/\\\/graphimarket.com\\\/product\\\/infernos-vintage-menu-bundle\\\/#breadcrumb\"},\"inLanguage\":\"fr-FR\",\"potentialAction\":[{\"@type\":\"ReadAction\",\"target\":[\"https:\\\/\\\/graphimarket.com\\\/product\\\/infernos-vintage-menu-bundle\\\/\"]}]},{\"@type\":\"ImageObject\",\"inLanguage\":\"fr-FR\",\"@id\":\"https:\\\/\\\/graphimarket.com\\\/product\\\/infernos-vintage-menu-bundle\\\/#primaryimage\",\"url\":\"https:\\\/\\\/graphimarket.com\\\/wp-content\\\/uploads\\\/2020\\\/10\\\/62ee9229-a4ae-4ad3-929b-1b3e144fa586.jpg\",\"contentUrl\":\"https:\\\/\\\/graphimarket.com\\\/wp-content\\\/uploads\\\/2020\\\/10\\\/62ee9229-a4ae-4ad3-929b-1b3e144fa586.jpg\",\"width\":1170,\"height\":780},{\"@type\":\"BreadcrumbList\",\"@id\":\"https:\\\/\\\/graphimarket.com\\\/product\\\/infernos-vintage-menu-bundle\\\/#breadcrumb\",\"itemListElement\":[{\"@type\":\"ListItem\",\"position\":1,\"name\":\"Home\",\"item\":\"https:\\\/\\\/graphimarket.com\\\/es\\\/\"},{\"@type\":\"ListItem\",\"position\":2,\"name\":\"Store\",\"item\":\"https:\\\/\\\/graphimarket.com\\\/store\\\/\"},{\"@type\":\"ListItem\",\"position\":3,\"name\":\"Infernos Vintage Menu Bundle\"}]},{\"@type\":\"WebSite\",\"@id\":\"https:\\\/\\\/graphimarket.com\\\/fr\\\/#website\",\"url\":\"https:\\\/\\\/graphimarket.com\\\/fr\\\/\",\"name\":\"Graphimarket\",\"description\":\"Find the perfect creative asset to bring your project to life\",\"publisher\":{\"@id\":\"https:\\\/\\\/graphimarket.com\\\/fr\\\/#organization\"},\"potentialAction\":[{\"@type\":\"SearchAction\",\"target\":{\"@type\":\"EntryPoint\",\"urlTemplate\":\"https:\\\/\\\/graphimarket.com\\\/fr\\\/?s={search_term_string}\"},\"query-input\":{\"@type\":\"PropertyValueSpecification\",\"valueRequired\":true,\"valueName\":\"search_term_string\"}}],\"inLanguage\":\"fr-FR\"},{\"@type\":\"Organization\",\"@id\":\"https:\\\/\\\/graphimarket.com\\\/fr\\\/#organization\",\"name\":\"Graphimarket\",\"url\":\"https:\\\/\\\/graphimarket.com\\\/fr\\\/\",\"logo\":{\"@type\":\"ImageObject\",\"inLanguage\":\"fr-FR\",\"@id\":\"https:\\\/\\\/graphimarket.com\\\/fr\\\/#\\\/schema\\\/logo\\\/image\\\/\",\"url\":\"https:\\\/\\\/graphimarket.com\\\/wp-content\\\/uploads\\\/2020\\\/08\\\/logo-48.png\",\"contentUrl\":\"https:\\\/\\\/graphimarket.com\\\/wp-content\\\/uploads\\\/2020\\\/08\\\/logo-48.png\",\"width\":132,\"height\":48,\"caption\":\"Graphimarket\"},\"image\":{\"@id\":\"https:\\\/\\\/graphimarket.com\\\/fr\\\/#\\\/schema\\\/logo\\\/image\\\/\"}}]}<\/script>\n<!-- \/ Yoast SEO plugin. -->","yoast_head_json":{"title":"Infernos Vintage Menu Bundle - Graphimarket","description":"Infernos Vintage Menu Bundle Food Menu Bundle. This design is perfectly Suitable for any Restaurant. Easy to edit font, text, color...","robots":{"index":"index","follow":"follow","max-snippet":"max-snippet:-1","max-image-preview":"max-image-preview:large","max-video-preview":"max-video-preview:-1"},"canonical":"https:\/\/graphimarket.com\/fr\/product\/infernos-vintage-menu-bundle\/","og_locale":"fr_FR","og_type":"article","og_title":"Infernos Vintage Menu Bundle - Graphimarket","og_description":"Infernos Vintage Menu Bundle Food Menu Bundle. This design is perfectly Suitable for any Restaurant. Easy to edit font, text, color...","og_url":"https:\/\/graphimarket.com\/fr\/product\/infernos-vintage-menu-bundle\/","og_site_name":"Graphimarket","article_modified_time":"2022-12-19T08:38:53+00:00","og_image":[{"width":1170,"height":780,"url":"https:\/\/graphimarket.com\/wp-content\/uploads\/2020\/10\/62ee9229-a4ae-4ad3-929b-1b3e144fa586.jpg","type":"image\/jpeg"}],"twitter_card":"summary_large_image","twitter_misc":{"Est. reading time":"1 minute"},"schema":{"@context":"https:\/\/schema.org","@graph":[{"@type":"WebPage","@id":"https:\/\/graphimarket.com\/product\/infernos-vintage-menu-bundle\/","url":"https:\/\/graphimarket.com\/product\/infernos-vintage-menu-bundle\/","name":"Infernos Vintage Menu Bundle - Graphimarket","isPartOf":{"@id":"https:\/\/graphimarket.com\/fr\/#website"},"primaryImageOfPage":{"@id":"https:\/\/graphimarket.com\/product\/infernos-vintage-menu-bundle\/#primaryimage"},"image":{"@id":"https:\/\/graphimarket.com\/product\/infernos-vintage-menu-bundle\/#primaryimage"},"thumbnailUrl":"https:\/\/graphimarket.com\/wp-content\/uploads\/2020\/10\/62ee9229-a4ae-4ad3-929b-1b3e144fa586.jpg","datePublished":"2020-10-13T13:37:54+00:00","dateModified":"2022-12-19T08:38:53+00:00","description":"Infernos Vintage Menu Bundle Food Menu Bundle. This design is perfectly Suitable for any Restaurant. Easy to edit font, text, color...","breadcrumb":{"@id":"https:\/\/graphimarket.com\/product\/infernos-vintage-menu-bundle\/#breadcrumb"},"inLanguage":"fr-FR","potentialAction":[{"@type":"ReadAction","target":["https:\/\/graphimarket.com\/product\/infernos-vintage-menu-bundle\/"]}]},{"@type":"ImageObject","inLanguage":"fr-FR","@id":"https:\/\/graphimarket.com\/product\/infernos-vintage-menu-bundle\/#primaryimage","url":"https:\/\/graphimarket.com\/wp-content\/uploads\/2020\/10\/62ee9229-a4ae-4ad3-929b-1b3e144fa586.jpg","contentUrl":"https:\/\/graphimarket.com\/wp-content\/uploads\/2020\/10\/62ee9229-a4ae-4ad3-929b-1b3e144fa586.jpg","width":1170,"height":780},{"@type":"BreadcrumbList","@id":"https:\/\/graphimarket.com\/product\/infernos-vintage-menu-bundle\/#breadcrumb","itemListElement":[{"@type":"ListItem","position":1,"name":"Home","item":"https:\/\/graphimarket.com\/es\/"},{"@type":"ListItem","position":2,"name":"Store","item":"https:\/\/graphimarket.com\/store\/"},{"@type":"ListItem","position":3,"name":"Infernos Vintage Menu Bundle"}]},{"@type":"WebSite","@id":"https:\/\/graphimarket.com\/fr\/#website","url":"https:\/\/graphimarket.com\/fr\/","name":"Graphimarket","description":"Trouvez l&#039;atout cr\u00e9atif parfait pour donner vie \u00e0 votre projet","publisher":{"@id":"https:\/\/graphimarket.com\/fr\/#organization"},"potentialAction":[{"@type":"SearchAction","target":{"@type":"EntryPoint","urlTemplate":"https:\/\/graphimarket.com\/fr\/?s={search_term_string}"},"query-input":{"@type":"PropertyValueSpecification","valueRequired":true,"valueName":"search_term_string"}}],"inLanguage":"fr-FR"},{"@type":"Organization","@id":"https:\/\/graphimarket.com\/fr\/#organization","name":"Graphimarket","url":"https:\/\/graphimarket.com\/fr\/","logo":{"@type":"ImageObject","inLanguage":"fr-FR","@id":"https:\/\/graphimarket.com\/fr\/#\/schema\/logo\/image\/","url":"https:\/\/graphimarket.com\/wp-content\/uploads\/2020\/08\/logo-48.png","contentUrl":"https:\/\/graphimarket.com\/wp-content\/uploads\/2020\/08\/logo-48.png","width":132,"height":48,"caption":"Graphimarket"},"image":{"@id":"https:\/\/graphimarket.com\/fr\/#\/schema\/logo\/image\/"}}]}},"_links":{"self":[{"href":"https:\/\/graphimarket.com\/fr\/wp-json\/wp\/v2\/product\/12186","targetHints":{"allow":["GET"]}}],"collection":[{"href":"https:\/\/graphimarket.com\/fr\/wp-json\/wp\/v2\/product"}],"about":[{"href":"https:\/\/graphimarket.com\/fr\/wp-json\/wp\/v2\/types\/product"}],"replies":[{"embeddable":true,"href":"https:\/\/graphimarket.com\/fr\/wp-json\/wp\/v2\/comments?post=12186"}],"version-history":[{"count":0,"href":"https:\/\/graphimarket.com\/fr\/wp-json\/wp\/v2\/product\/12186\/revisions"}],"wp:featuredmedia":[{"embeddable":true,"href":"https:\/\/graphimarket.com\/fr\/wp-json\/wp\/v2\/media\/12196"}],"wp:attachment":[{"href":"https:\/\/graphimarket.com\/fr\/wp-json\/wp\/v2\/media?parent=12186"}],"wp:term":[{"taxonomy":"product_brand","embeddable":true,"href":"https:\/\/graphimarket.com\/fr\/wp-json\/wp\/v2\/product_brand?post=12186"},{"taxonomy":"product_cat","embeddable":true,"href":"https:\/\/graphimarket.com\/fr\/wp-json\/wp\/v2\/product_cat?post=12186"},{"taxonomy":"product_tag","embeddable":true,"href":"https:\/\/graphimarket.com\/fr\/wp-json\/wp\/v2\/product_tag?post=12186"}],"curies":[{"name":"wp","href":"https:\/\/api.w.org\/{rel}","templated":true}]}}