{"id":12199,"date":"2020-10-13T15:47:23","date_gmt":"2020-10-13T13:47:23","guid":{"rendered":"https:\/\/graphimarket.com\/?post_type=product&#038;p=12199"},"modified":"2022-12-19T09:38:31","modified_gmt":"2022-12-19T08:38:31","slug":"retro-style-menu-bundle","status":"publish","type":"product","link":"https:\/\/graphimarket.com\/fr\/product\/retro-style-menu-bundle\/","title":{"rendered":"Ensemble de menus de style r\u00e9tro"},"content":{"rendered":"<p>Ensemble de menus de style r\u00e9tro<\/p>\n<p>Food Menu Bundle. This design is perfectly Suitable for Any Restaurant. Easy to edit font, text, color, fully adobe Photoshop format.<\/p>\n<p><strong>Soutien<\/strong>\u00a0<em>Easy to customize fully need any help don\u2019t hesitate to contact me through my profile.<\/em><\/p>\n<p><strong>Features A4 &amp; US Letter Bifold<\/strong><\/p>\n<ul>\n<li>A4 and US Letter with bleed area and safety zone<\/li>\n<li>Calques hautement organis\u00e9s (\u00e9tiquet\u00e9s et group\u00e9s)<\/li>\n<li>Facile \u00e0 personnaliser et \u00e0 changer de photo via un objet intelligent<\/li>\n<li>300 DPI haute r\u00e9solution<\/li>\n<li>Mode couleur CMJN<\/li>\n<li>Format pr\u00eat \u00e0 imprimer<\/li>\n<li>Fichier PDF d&#039;aide<\/li>\n<\/ul>\n<p><strong>Features A4 Trifold<\/strong><\/p>\n<ul>\n<li>A4 avec zone de purge et zone de s\u00e9curit\u00e9<\/li>\n<li>Calques hautement organis\u00e9s (\u00e9tiquet\u00e9s et group\u00e9s)<\/li>\n<li>Facile \u00e0 personnaliser et \u00e0 changer de photo via un objet intelligent<\/li>\n<li>300 DPI haute r\u00e9solution<\/li>\n<li>Mode couleur CMJN<\/li>\n<li>Format pr\u00eat \u00e0 imprimer<\/li>\n<li>Fichier PDF d&#039;aide<\/li>\n<\/ul>\n<p><strong>Caract\u00e9ristiques A4 et US Letter Single Page<\/strong><\/p>\n<ul>\n<li>A4 and US Letter with bleed area and safety zone<\/li>\n<li>Calques hautement organis\u00e9s (\u00e9tiquet\u00e9s et group\u00e9s)<\/li>\n<li>Facile \u00e0 personnaliser et \u00e0 changer de photo via un objet intelligent<\/li>\n<li>300 DPI haute r\u00e9solution<\/li>\n<li>Mode couleur CMJN<\/li>\n<li>Format pr\u00eat \u00e0 imprimer<\/li>\n<li>Fichier PDF d&#039;aide<\/li>\n<\/ul>\n<p><img fetchpriority=\"high\" decoding=\"async\" class=\"alignnone wp-image-12200 size-full\" src=\"https:\/\/graphimarket.com\/wp-content\/uploads\/2020\/10\/eb9c0189-dc2e-43cf-8d55-f4e2a5dc31a4.jpg\" alt=\"\" width=\"1170\" height=\"780\" srcset=\"https:\/\/graphimarket.com\/wp-content\/uploads\/2020\/10\/eb9c0189-dc2e-43cf-8d55-f4e2a5dc31a4.jpg 1170w, https:\/\/graphimarket.com\/wp-content\/uploads\/2020\/10\/eb9c0189-dc2e-43cf-8d55-f4e2a5dc31a4-300x200.jpg 300w, https:\/\/graphimarket.com\/wp-content\/uploads\/2020\/10\/eb9c0189-dc2e-43cf-8d55-f4e2a5dc31a4-1024x683.jpg 1024w, https:\/\/graphimarket.com\/wp-content\/uploads\/2020\/10\/eb9c0189-dc2e-43cf-8d55-f4e2a5dc31a4-768x512.jpg 768w, https:\/\/graphimarket.com\/wp-content\/uploads\/2020\/10\/eb9c0189-dc2e-43cf-8d55-f4e2a5dc31a4-16x12.jpg 16w, https:\/\/graphimarket.com\/wp-content\/uploads\/2020\/10\/eb9c0189-dc2e-43cf-8d55-f4e2a5dc31a4-600x400.jpg 600w\" sizes=\"(max-width: 1170px) 100vw, 1170px\" \/> <img decoding=\"async\" class=\"aligncenter wp-image-12201 size-full\" src=\"https:\/\/graphimarket.com\/wp-content\/uploads\/2020\/10\/19b67e83-8ca8-4bd9-995e-d8b0929e746c.jpg\" alt=\"\" width=\"1170\" height=\"780\" srcset=\"https:\/\/graphimarket.com\/wp-content\/uploads\/2020\/10\/19b67e83-8ca8-4bd9-995e-d8b0929e746c.jpg 1170w, https:\/\/graphimarket.com\/wp-content\/uploads\/2020\/10\/19b67e83-8ca8-4bd9-995e-d8b0929e746c-300x200.jpg 300w, https:\/\/graphimarket.com\/wp-content\/uploads\/2020\/10\/19b67e83-8ca8-4bd9-995e-d8b0929e746c-1024x683.jpg 1024w, https:\/\/graphimarket.com\/wp-content\/uploads\/2020\/10\/19b67e83-8ca8-4bd9-995e-d8b0929e746c-768x512.jpg 768w, https:\/\/graphimarket.com\/wp-content\/uploads\/2020\/10\/19b67e83-8ca8-4bd9-995e-d8b0929e746c-16x12.jpg 16w, https:\/\/graphimarket.com\/wp-content\/uploads\/2020\/10\/19b67e83-8ca8-4bd9-995e-d8b0929e746c-600x400.jpg 600w\" sizes=\"(max-width: 1170px) 100vw, 1170px\" \/> <img decoding=\"async\" class=\"aligncenter wp-image-12202 size-full\" src=\"https:\/\/graphimarket.com\/wp-content\/uploads\/2020\/10\/5afaa73f-f239-4c85-917d-6c05b462097c.jpg\" alt=\"\" width=\"1170\" height=\"780\" srcset=\"https:\/\/graphimarket.com\/wp-content\/uploads\/2020\/10\/5afaa73f-f239-4c85-917d-6c05b462097c.jpg 1170w, https:\/\/graphimarket.com\/wp-content\/uploads\/2020\/10\/5afaa73f-f239-4c85-917d-6c05b462097c-300x200.jpg 300w, https:\/\/graphimarket.com\/wp-content\/uploads\/2020\/10\/5afaa73f-f239-4c85-917d-6c05b462097c-1024x683.jpg 1024w, https:\/\/graphimarket.com\/wp-content\/uploads\/2020\/10\/5afaa73f-f239-4c85-917d-6c05b462097c-768x512.jpg 768w, https:\/\/graphimarket.com\/wp-content\/uploads\/2020\/10\/5afaa73f-f239-4c85-917d-6c05b462097c-16x12.jpg 16w, https:\/\/graphimarket.com\/wp-content\/uploads\/2020\/10\/5afaa73f-f239-4c85-917d-6c05b462097c-600x400.jpg 600w\" sizes=\"(max-width: 1170px) 100vw, 1170px\" \/> <img loading=\"lazy\" decoding=\"async\" class=\"aligncenter wp-image-12203 size-full\" src=\"https:\/\/graphimarket.com\/wp-content\/uploads\/2020\/10\/30d920a8-b486-4bb1-ae8a-5ec04c29ce72.jpg\" alt=\"\" width=\"1170\" height=\"780\" srcset=\"https:\/\/graphimarket.com\/wp-content\/uploads\/2020\/10\/30d920a8-b486-4bb1-ae8a-5ec04c29ce72.jpg 1170w, https:\/\/graphimarket.com\/wp-content\/uploads\/2020\/10\/30d920a8-b486-4bb1-ae8a-5ec04c29ce72-300x200.jpg 300w, https:\/\/graphimarket.com\/wp-content\/uploads\/2020\/10\/30d920a8-b486-4bb1-ae8a-5ec04c29ce72-1024x683.jpg 1024w, https:\/\/graphimarket.com\/wp-content\/uploads\/2020\/10\/30d920a8-b486-4bb1-ae8a-5ec04c29ce72-768x512.jpg 768w, https:\/\/graphimarket.com\/wp-content\/uploads\/2020\/10\/30d920a8-b486-4bb1-ae8a-5ec04c29ce72-16x12.jpg 16w, https:\/\/graphimarket.com\/wp-content\/uploads\/2020\/10\/30d920a8-b486-4bb1-ae8a-5ec04c29ce72-600x400.jpg 600w\" sizes=\"(max-width: 1170px) 100vw, 1170px\" \/> <img loading=\"lazy\" decoding=\"async\" class=\"aligncenter wp-image-12204 size-full\" src=\"https:\/\/graphimarket.com\/wp-content\/uploads\/2020\/10\/448b935a-8504-4afd-ae75-9c29ec55121a.jpg\" alt=\"\" width=\"1170\" height=\"780\" srcset=\"https:\/\/graphimarket.com\/wp-content\/uploads\/2020\/10\/448b935a-8504-4afd-ae75-9c29ec55121a.jpg 1170w, https:\/\/graphimarket.com\/wp-content\/uploads\/2020\/10\/448b935a-8504-4afd-ae75-9c29ec55121a-300x200.jpg 300w, https:\/\/graphimarket.com\/wp-content\/uploads\/2020\/10\/448b935a-8504-4afd-ae75-9c29ec55121a-1024x683.jpg 1024w, https:\/\/graphimarket.com\/wp-content\/uploads\/2020\/10\/448b935a-8504-4afd-ae75-9c29ec55121a-768x512.jpg 768w, https:\/\/graphimarket.com\/wp-content\/uploads\/2020\/10\/448b935a-8504-4afd-ae75-9c29ec55121a-16x12.jpg 16w, https:\/\/graphimarket.com\/wp-content\/uploads\/2020\/10\/448b935a-8504-4afd-ae75-9c29ec55121a-600x400.jpg 600w\" sizes=\"(max-width: 1170px) 100vw, 1170px\" \/> <img loading=\"lazy\" decoding=\"async\" class=\"aligncenter wp-image-12205 size-full\" src=\"https:\/\/graphimarket.com\/wp-content\/uploads\/2020\/10\/635b2e2c-048f-4abb-a4d6-996f90eec55d.jpg\" alt=\"\" width=\"1170\" height=\"780\" srcset=\"https:\/\/graphimarket.com\/wp-content\/uploads\/2020\/10\/635b2e2c-048f-4abb-a4d6-996f90eec55d.jpg 1170w, https:\/\/graphimarket.com\/wp-content\/uploads\/2020\/10\/635b2e2c-048f-4abb-a4d6-996f90eec55d-300x200.jpg 300w, https:\/\/graphimarket.com\/wp-content\/uploads\/2020\/10\/635b2e2c-048f-4abb-a4d6-996f90eec55d-1024x683.jpg 1024w, https:\/\/graphimarket.com\/wp-content\/uploads\/2020\/10\/635b2e2c-048f-4abb-a4d6-996f90eec55d-768x512.jpg 768w, https:\/\/graphimarket.com\/wp-content\/uploads\/2020\/10\/635b2e2c-048f-4abb-a4d6-996f90eec55d-16x12.jpg 16w, https:\/\/graphimarket.com\/wp-content\/uploads\/2020\/10\/635b2e2c-048f-4abb-a4d6-996f90eec55d-600x400.jpg 600w\" sizes=\"(max-width: 1170px) 100vw, 1170px\" \/> <img loading=\"lazy\" decoding=\"async\" class=\"aligncenter wp-image-12206 size-full\" src=\"https:\/\/graphimarket.com\/wp-content\/uploads\/2020\/10\/12415f6f-b67a-405c-a55a-393dde282e86.jpg\" alt=\"\" width=\"1170\" height=\"780\" srcset=\"https:\/\/graphimarket.com\/wp-content\/uploads\/2020\/10\/12415f6f-b67a-405c-a55a-393dde282e86.jpg 1170w, https:\/\/graphimarket.com\/wp-content\/uploads\/2020\/10\/12415f6f-b67a-405c-a55a-393dde282e86-300x200.jpg 300w, https:\/\/graphimarket.com\/wp-content\/uploads\/2020\/10\/12415f6f-b67a-405c-a55a-393dde282e86-1024x683.jpg 1024w, https:\/\/graphimarket.com\/wp-content\/uploads\/2020\/10\/12415f6f-b67a-405c-a55a-393dde282e86-768x512.jpg 768w, https:\/\/graphimarket.com\/wp-content\/uploads\/2020\/10\/12415f6f-b67a-405c-a55a-393dde282e86-16x12.jpg 16w, https:\/\/graphimarket.com\/wp-content\/uploads\/2020\/10\/12415f6f-b67a-405c-a55a-393dde282e86-600x400.jpg 600w\" sizes=\"(max-width: 1170px) 100vw, 1170px\" \/> <img loading=\"lazy\" decoding=\"async\" class=\"aligncenter wp-image-12207 size-full\" src=\"https:\/\/graphimarket.com\/wp-content\/uploads\/2020\/10\/981408fa-63e4-40c1-a728-9f185d3cc185.jpg\" alt=\"\" width=\"1170\" height=\"780\" srcset=\"https:\/\/graphimarket.com\/wp-content\/uploads\/2020\/10\/981408fa-63e4-40c1-a728-9f185d3cc185.jpg 1170w, https:\/\/graphimarket.com\/wp-content\/uploads\/2020\/10\/981408fa-63e4-40c1-a728-9f185d3cc185-300x200.jpg 300w, https:\/\/graphimarket.com\/wp-content\/uploads\/2020\/10\/981408fa-63e4-40c1-a728-9f185d3cc185-1024x683.jpg 1024w, https:\/\/graphimarket.com\/wp-content\/uploads\/2020\/10\/981408fa-63e4-40c1-a728-9f185d3cc185-768x512.jpg 768w, https:\/\/graphimarket.com\/wp-content\/uploads\/2020\/10\/981408fa-63e4-40c1-a728-9f185d3cc185-16x12.jpg 16w, https:\/\/graphimarket.com\/wp-content\/uploads\/2020\/10\/981408fa-63e4-40c1-a728-9f185d3cc185-600x400.jpg 600w\" sizes=\"(max-width: 1170px) 100vw, 1170px\" \/> <img loading=\"lazy\" decoding=\"async\" class=\"aligncenter wp-image-12208 size-full\" src=\"https:\/\/graphimarket.com\/wp-content\/uploads\/2020\/10\/bc351115-7d8a-45d5-bbde-8662a53e8213.jpg\" alt=\"\" width=\"1170\" height=\"780\" srcset=\"https:\/\/graphimarket.com\/wp-content\/uploads\/2020\/10\/bc351115-7d8a-45d5-bbde-8662a53e8213.jpg 1170w, https:\/\/graphimarket.com\/wp-content\/uploads\/2020\/10\/bc351115-7d8a-45d5-bbde-8662a53e8213-300x200.jpg 300w, https:\/\/graphimarket.com\/wp-content\/uploads\/2020\/10\/bc351115-7d8a-45d5-bbde-8662a53e8213-1024x683.jpg 1024w, https:\/\/graphimarket.com\/wp-content\/uploads\/2020\/10\/bc351115-7d8a-45d5-bbde-8662a53e8213-768x512.jpg 768w, https:\/\/graphimarket.com\/wp-content\/uploads\/2020\/10\/bc351115-7d8a-45d5-bbde-8662a53e8213-16x12.jpg 16w, https:\/\/graphimarket.com\/wp-content\/uploads\/2020\/10\/bc351115-7d8a-45d5-bbde-8662a53e8213-600x400.jpg 600w\" sizes=\"(max-width: 1170px) 100vw, 1170px\" \/><\/p>","protected":false},"excerpt":{"rendered":"<p>Retro Style Menu Bundle Food Menu Bundle. This design is perfectly Suitable for Any Restaurant. Easy to edit font, text, color, fully adobe Photoshop format. Support\u00a0Easy to customize fully need any help don\u2019t hesitate to contact me through my profile. Features A4 &amp; US Letter Bifold A4 and US Letter with bleed area and safety [&hellip;]<\/p>\n","protected":false},"featured_media":12201,"comment_status":"open","ping_status":"closed","template":"","meta":{"site-sidebar-layout":"default","site-content-layout":"default","ast-site-content-layout":"default","site-content-style":"default","site-sidebar-style":"default","ast-global-header-display":"","ast-banner-title-visibility":"","ast-main-header-display":"","ast-hfb-above-header-display":"","ast-hfb-below-header-display":"","ast-hfb-mobile-header-display":"","site-post-title":"","ast-breadcrumbs-content":"","ast-featured-img":"","footer-sml-layout":"","ast-disable-related-posts":"","theme-transparent-header-meta":"default","adv-header-id-meta":"","stick-header-meta":"","header-above-stick-meta":"","header-main-stick-meta":"","header-below-stick-meta":"","astra-migrate-meta-layouts":"default","ast-page-background-enabled":"default","ast-page-background-meta":{"desktop":{"background-color":"","background-image":"","background-repeat":"repeat","background-position":"center center","background-size":"auto","background-attachment":"scroll","background-type":"","background-media":"","overlay-type":"","overlay-color":"","overlay-opacity":"","overlay-gradient":""},"tablet":{"background-color":"","background-image":"","background-repeat":"repeat","background-position":"center center","background-size":"auto","background-attachment":"scroll","background-type":"","background-media":"","overlay-type":"","overlay-color":"","overlay-opacity":"","overlay-gradient":""},"mobile":{"background-color":"","background-image":"","background-repeat":"repeat","background-position":"center center","background-size":"auto","background-attachment":"scroll","background-type":"","background-media":"","overlay-type":"","overlay-color":"","overlay-opacity":"","overlay-gradient":""}},"ast-content-background-meta":{"desktop":{"background-color":"var(--ast-global-color-5)","background-image":"","background-repeat":"repeat","background-position":"center center","background-size":"auto","background-attachment":"scroll","background-type":"","background-media":"","overlay-type":"","overlay-color":"","overlay-opacity":"","overlay-gradient":""},"tablet":{"background-color":"var(--ast-global-color-5)","background-image":"","background-repeat":"repeat","background-position":"center center","background-size":"auto","background-attachment":"scroll","background-type":"","background-media":"","overlay-type":"","overlay-color":"","overlay-opacity":"","overlay-gradient":""},"mobile":{"background-color":"var(--ast-global-color-5)","background-image":"","background-repeat":"repeat","background-position":"center center","background-size":"auto","background-attachment":"scroll","background-type":"","background-media":"","overlay-type":"","overlay-color":"","overlay-opacity":"","overlay-gradient":""}}},"product_brand":[],"product_cat":[1002,1609,193,46,698,139,195,168],"product_tag":[795,1446,1447,277,1137,227,60,276,604],"class_list":{"0":"post-12199","1":"product","2":"type-product","3":"status-publish","4":"has-post-thumbnail","6":"product_cat-accessories","7":"product_cat-bundle","8":"product_cat-graphic-design","9":"product_cat-graphics","10":"product_cat-mockup","11":"product_cat-others","12":"product_cat-photoshop","13":"product_cat-templates","14":"product_tag-food","15":"product_tag-menu","16":"product_tag-restaurant","17":"product_tag-retro","18":"product_tag-rustic","19":"product_tag-style","20":"product_tag-template","21":"product_tag-vintage","22":"product_tag-white","23":"desktop-align-left","24":"tablet-align-left","25":"mobile-align-left","27":"first","28":"instock","29":"sale","30":"downloadable","31":"virtual","32":"taxable","33":"purchasable","34":"product-type-simple"},"yoast_head":"<!-- This site is optimized with the Yoast SEO plugin v27.3 - https:\/\/yoast.com\/product\/yoast-seo-wordpress\/ -->\n<title>Retro Style Menu Bundle - Graphimarket<\/title>\n<meta name=\"description\" content=\"Retro Style Menu Bundle Food Menu Bundle. This design is perfectly Suitable for Any Restaurant. Easy to edit font, text, color, fully adobe..\" \/>\n<meta name=\"robots\" content=\"index, follow, max-snippet:-1, max-image-preview:large, max-video-preview:-1\" \/>\n<link rel=\"canonical\" href=\"https:\/\/graphimarket.com\/fr\/product\/retro-style-menu-bundle\/\" \/>\n<meta property=\"og:locale\" content=\"fr_FR\" \/>\n<meta property=\"og:type\" content=\"article\" \/>\n<meta property=\"og:title\" content=\"Retro Style Menu Bundle - Graphimarket\" \/>\n<meta property=\"og:description\" content=\"Retro Style Menu Bundle Food Menu Bundle. This design is perfectly Suitable for Any Restaurant. Easy to edit font, text, color, fully adobe..\" \/>\n<meta property=\"og:url\" content=\"https:\/\/graphimarket.com\/fr\/product\/retro-style-menu-bundle\/\" \/>\n<meta property=\"og:site_name\" content=\"Graphimarket\" \/>\n<meta property=\"article:modified_time\" content=\"2022-12-19T08:38:31+00:00\" \/>\n<meta property=\"og:image\" content=\"https:\/\/graphimarket.com\/wp-content\/uploads\/2020\/10\/19b67e83-8ca8-4bd9-995e-d8b0929e746c.jpg\" \/>\n\t<meta property=\"og:image:width\" content=\"1170\" \/>\n\t<meta property=\"og:image:height\" content=\"780\" \/>\n\t<meta property=\"og:image:type\" content=\"image\/jpeg\" \/>\n<meta name=\"twitter:card\" content=\"summary_large_image\" \/>\n<meta name=\"twitter:label1\" content=\"Est. reading time\" \/>\n\t<meta name=\"twitter:data1\" content=\"1 minute\" \/>\n<script type=\"application\/ld+json\" class=\"yoast-schema-graph\">{\"@context\":\"https:\\\/\\\/schema.org\",\"@graph\":[{\"@type\":\"WebPage\",\"@id\":\"https:\\\/\\\/graphimarket.com\\\/product\\\/retro-style-menu-bundle\\\/\",\"url\":\"https:\\\/\\\/graphimarket.com\\\/product\\\/retro-style-menu-bundle\\\/\",\"name\":\"Retro Style Menu Bundle - Graphimarket\",\"isPartOf\":{\"@id\":\"https:\\\/\\\/graphimarket.com\\\/fr\\\/#website\"},\"primaryImageOfPage\":{\"@id\":\"https:\\\/\\\/graphimarket.com\\\/product\\\/retro-style-menu-bundle\\\/#primaryimage\"},\"image\":{\"@id\":\"https:\\\/\\\/graphimarket.com\\\/product\\\/retro-style-menu-bundle\\\/#primaryimage\"},\"thumbnailUrl\":\"https:\\\/\\\/graphimarket.com\\\/wp-content\\\/uploads\\\/2020\\\/10\\\/19b67e83-8ca8-4bd9-995e-d8b0929e746c.jpg\",\"datePublished\":\"2020-10-13T13:47:23+00:00\",\"dateModified\":\"2022-12-19T08:38:31+00:00\",\"description\":\"Retro Style Menu Bundle Food Menu Bundle. This design is perfectly Suitable for Any Restaurant. Easy to edit font, text, color, fully adobe..\",\"breadcrumb\":{\"@id\":\"https:\\\/\\\/graphimarket.com\\\/product\\\/retro-style-menu-bundle\\\/#breadcrumb\"},\"inLanguage\":\"fr-FR\",\"potentialAction\":[{\"@type\":\"ReadAction\",\"target\":[\"https:\\\/\\\/graphimarket.com\\\/product\\\/retro-style-menu-bundle\\\/\"]}]},{\"@type\":\"ImageObject\",\"inLanguage\":\"fr-FR\",\"@id\":\"https:\\\/\\\/graphimarket.com\\\/product\\\/retro-style-menu-bundle\\\/#primaryimage\",\"url\":\"https:\\\/\\\/graphimarket.com\\\/wp-content\\\/uploads\\\/2020\\\/10\\\/19b67e83-8ca8-4bd9-995e-d8b0929e746c.jpg\",\"contentUrl\":\"https:\\\/\\\/graphimarket.com\\\/wp-content\\\/uploads\\\/2020\\\/10\\\/19b67e83-8ca8-4bd9-995e-d8b0929e746c.jpg\",\"width\":1170,\"height\":780},{\"@type\":\"BreadcrumbList\",\"@id\":\"https:\\\/\\\/graphimarket.com\\\/product\\\/retro-style-menu-bundle\\\/#breadcrumb\",\"itemListElement\":[{\"@type\":\"ListItem\",\"position\":1,\"name\":\"Home\",\"item\":\"https:\\\/\\\/graphimarket.com\\\/es\\\/\"},{\"@type\":\"ListItem\",\"position\":2,\"name\":\"Store\",\"item\":\"https:\\\/\\\/graphimarket.com\\\/store\\\/\"},{\"@type\":\"ListItem\",\"position\":3,\"name\":\"Retro Style Menu Bundle\"}]},{\"@type\":\"WebSite\",\"@id\":\"https:\\\/\\\/graphimarket.com\\\/fr\\\/#website\",\"url\":\"https:\\\/\\\/graphimarket.com\\\/fr\\\/\",\"name\":\"Graphimarket\",\"description\":\"Find the perfect creative asset to bring your project to life\",\"publisher\":{\"@id\":\"https:\\\/\\\/graphimarket.com\\\/fr\\\/#organization\"},\"potentialAction\":[{\"@type\":\"SearchAction\",\"target\":{\"@type\":\"EntryPoint\",\"urlTemplate\":\"https:\\\/\\\/graphimarket.com\\\/fr\\\/?s={search_term_string}\"},\"query-input\":{\"@type\":\"PropertyValueSpecification\",\"valueRequired\":true,\"valueName\":\"search_term_string\"}}],\"inLanguage\":\"fr-FR\"},{\"@type\":\"Organization\",\"@id\":\"https:\\\/\\\/graphimarket.com\\\/fr\\\/#organization\",\"name\":\"Graphimarket\",\"url\":\"https:\\\/\\\/graphimarket.com\\\/fr\\\/\",\"logo\":{\"@type\":\"ImageObject\",\"inLanguage\":\"fr-FR\",\"@id\":\"https:\\\/\\\/graphimarket.com\\\/fr\\\/#\\\/schema\\\/logo\\\/image\\\/\",\"url\":\"https:\\\/\\\/graphimarket.com\\\/wp-content\\\/uploads\\\/2020\\\/08\\\/logo-48.png\",\"contentUrl\":\"https:\\\/\\\/graphimarket.com\\\/wp-content\\\/uploads\\\/2020\\\/08\\\/logo-48.png\",\"width\":132,\"height\":48,\"caption\":\"Graphimarket\"},\"image\":{\"@id\":\"https:\\\/\\\/graphimarket.com\\\/fr\\\/#\\\/schema\\\/logo\\\/image\\\/\"}}]}<\/script>\n<!-- \/ Yoast SEO plugin. -->","yoast_head_json":{"title":"Retro Style Menu Bundle - Graphimarket","description":"Retro Style Menu Bundle Food Menu Bundle. This design is perfectly Suitable for Any Restaurant. Easy to edit font, text, color, fully adobe..","robots":{"index":"index","follow":"follow","max-snippet":"max-snippet:-1","max-image-preview":"max-image-preview:large","max-video-preview":"max-video-preview:-1"},"canonical":"https:\/\/graphimarket.com\/fr\/product\/retro-style-menu-bundle\/","og_locale":"fr_FR","og_type":"article","og_title":"Retro Style Menu Bundle - Graphimarket","og_description":"Retro Style Menu Bundle Food Menu Bundle. This design is perfectly Suitable for Any Restaurant. Easy to edit font, text, color, fully adobe..","og_url":"https:\/\/graphimarket.com\/fr\/product\/retro-style-menu-bundle\/","og_site_name":"Graphimarket","article_modified_time":"2022-12-19T08:38:31+00:00","og_image":[{"width":1170,"height":780,"url":"https:\/\/graphimarket.com\/wp-content\/uploads\/2020\/10\/19b67e83-8ca8-4bd9-995e-d8b0929e746c.jpg","type":"image\/jpeg"}],"twitter_card":"summary_large_image","twitter_misc":{"Est. reading time":"1 minute"},"schema":{"@context":"https:\/\/schema.org","@graph":[{"@type":"WebPage","@id":"https:\/\/graphimarket.com\/product\/retro-style-menu-bundle\/","url":"https:\/\/graphimarket.com\/product\/retro-style-menu-bundle\/","name":"Retro Style Menu Bundle - Graphimarket","isPartOf":{"@id":"https:\/\/graphimarket.com\/fr\/#website"},"primaryImageOfPage":{"@id":"https:\/\/graphimarket.com\/product\/retro-style-menu-bundle\/#primaryimage"},"image":{"@id":"https:\/\/graphimarket.com\/product\/retro-style-menu-bundle\/#primaryimage"},"thumbnailUrl":"https:\/\/graphimarket.com\/wp-content\/uploads\/2020\/10\/19b67e83-8ca8-4bd9-995e-d8b0929e746c.jpg","datePublished":"2020-10-13T13:47:23+00:00","dateModified":"2022-12-19T08:38:31+00:00","description":"Retro Style Menu Bundle Food Menu Bundle. This design is perfectly Suitable for Any Restaurant. Easy to edit font, text, color, fully adobe..","breadcrumb":{"@id":"https:\/\/graphimarket.com\/product\/retro-style-menu-bundle\/#breadcrumb"},"inLanguage":"fr-FR","potentialAction":[{"@type":"ReadAction","target":["https:\/\/graphimarket.com\/product\/retro-style-menu-bundle\/"]}]},{"@type":"ImageObject","inLanguage":"fr-FR","@id":"https:\/\/graphimarket.com\/product\/retro-style-menu-bundle\/#primaryimage","url":"https:\/\/graphimarket.com\/wp-content\/uploads\/2020\/10\/19b67e83-8ca8-4bd9-995e-d8b0929e746c.jpg","contentUrl":"https:\/\/graphimarket.com\/wp-content\/uploads\/2020\/10\/19b67e83-8ca8-4bd9-995e-d8b0929e746c.jpg","width":1170,"height":780},{"@type":"BreadcrumbList","@id":"https:\/\/graphimarket.com\/product\/retro-style-menu-bundle\/#breadcrumb","itemListElement":[{"@type":"ListItem","position":1,"name":"Home","item":"https:\/\/graphimarket.com\/es\/"},{"@type":"ListItem","position":2,"name":"Store","item":"https:\/\/graphimarket.com\/store\/"},{"@type":"ListItem","position":3,"name":"Retro Style Menu Bundle"}]},{"@type":"WebSite","@id":"https:\/\/graphimarket.com\/fr\/#website","url":"https:\/\/graphimarket.com\/fr\/","name":"Graphimarket","description":"Trouvez l&#039;atout cr\u00e9atif parfait pour donner vie \u00e0 votre projet","publisher":{"@id":"https:\/\/graphimarket.com\/fr\/#organization"},"potentialAction":[{"@type":"SearchAction","target":{"@type":"EntryPoint","urlTemplate":"https:\/\/graphimarket.com\/fr\/?s={search_term_string}"},"query-input":{"@type":"PropertyValueSpecification","valueRequired":true,"valueName":"search_term_string"}}],"inLanguage":"fr-FR"},{"@type":"Organization","@id":"https:\/\/graphimarket.com\/fr\/#organization","name":"Graphimarket","url":"https:\/\/graphimarket.com\/fr\/","logo":{"@type":"ImageObject","inLanguage":"fr-FR","@id":"https:\/\/graphimarket.com\/fr\/#\/schema\/logo\/image\/","url":"https:\/\/graphimarket.com\/wp-content\/uploads\/2020\/08\/logo-48.png","contentUrl":"https:\/\/graphimarket.com\/wp-content\/uploads\/2020\/08\/logo-48.png","width":132,"height":48,"caption":"Graphimarket"},"image":{"@id":"https:\/\/graphimarket.com\/fr\/#\/schema\/logo\/image\/"}}]}},"_links":{"self":[{"href":"https:\/\/graphimarket.com\/fr\/wp-json\/wp\/v2\/product\/12199","targetHints":{"allow":["GET"]}}],"collection":[{"href":"https:\/\/graphimarket.com\/fr\/wp-json\/wp\/v2\/product"}],"about":[{"href":"https:\/\/graphimarket.com\/fr\/wp-json\/wp\/v2\/types\/product"}],"replies":[{"embeddable":true,"href":"https:\/\/graphimarket.com\/fr\/wp-json\/wp\/v2\/comments?post=12199"}],"version-history":[{"count":0,"href":"https:\/\/graphimarket.com\/fr\/wp-json\/wp\/v2\/product\/12199\/revisions"}],"wp:featuredmedia":[{"embeddable":true,"href":"https:\/\/graphimarket.com\/fr\/wp-json\/wp\/v2\/media\/12201"}],"wp:attachment":[{"href":"https:\/\/graphimarket.com\/fr\/wp-json\/wp\/v2\/media?parent=12199"}],"wp:term":[{"taxonomy":"product_brand","embeddable":true,"href":"https:\/\/graphimarket.com\/fr\/wp-json\/wp\/v2\/product_brand?post=12199"},{"taxonomy":"product_cat","embeddable":true,"href":"https:\/\/graphimarket.com\/fr\/wp-json\/wp\/v2\/product_cat?post=12199"},{"taxonomy":"product_tag","embeddable":true,"href":"https:\/\/graphimarket.com\/fr\/wp-json\/wp\/v2\/product_tag?post=12199"}],"curies":[{"name":"wp","href":"https:\/\/api.w.org\/{rel}","templated":true}]}}