{"id":12210,"date":"2020-10-13T16:00:37","date_gmt":"2020-10-13T14:00:37","guid":{"rendered":"https:\/\/graphimarket.com\/?post_type=product&#038;p=12210"},"modified":"2022-12-19T09:38:17","modified_gmt":"2022-12-19T08:38:17","slug":"british-food-menu-bundle","status":"publish","type":"product","link":"https:\/\/graphimarket.com\/fr\/product\/british-food-menu-bundle\/","title":{"rendered":"Offre group\u00e9e de plats britanniques"},"content":{"rendered":"<p>British Food Menu Bundle. This designs&#8217;re perfectly Suitable for any Restaurant. Easy to edit fully adobe Photoshop format.<\/p>\n<p>Food images are not included according to Envato Elements Rules.<\/p>\n<p><strong>Features Bifold (A4 &amp; US Letter) \/ Trifold (A4 &amp; US Letter) \/ Single Page (A4 &amp; US Letter)<\/strong><\/p>\n<ul>\n<li>A4 and US Letter with bleed area and safety zone<\/li>\n<li>Calques hautement organis\u00e9s (\u00e9tiquet\u00e9s et group\u00e9s)<\/li>\n<li>Facile \u00e0 personnaliser et \u00e0 changer de photo via un objet intelligent<\/li>\n<li>300 DPI haute r\u00e9solution<\/li>\n<li>Mode couleur CMJN<\/li>\n<li>Format pr\u00eat \u00e0 imprimer<\/li>\n<li>Fichier PDF d&#039;aide<\/li>\n<\/ul>\n<p><img fetchpriority=\"high\" decoding=\"async\" class=\"aligncenter wp-image-12211 size-full\" src=\"https:\/\/graphimarket.com\/wp-content\/uploads\/2020\/10\/93524a37-ebf8-4352-af70-7a3fc6512a01.jpg\" alt=\"\" width=\"1170\" height=\"780\" srcset=\"https:\/\/graphimarket.com\/wp-content\/uploads\/2020\/10\/93524a37-ebf8-4352-af70-7a3fc6512a01.jpg 1170w, https:\/\/graphimarket.com\/wp-content\/uploads\/2020\/10\/93524a37-ebf8-4352-af70-7a3fc6512a01-300x200.jpg 300w, https:\/\/graphimarket.com\/wp-content\/uploads\/2020\/10\/93524a37-ebf8-4352-af70-7a3fc6512a01-1024x683.jpg 1024w, https:\/\/graphimarket.com\/wp-content\/uploads\/2020\/10\/93524a37-ebf8-4352-af70-7a3fc6512a01-768x512.jpg 768w, https:\/\/graphimarket.com\/wp-content\/uploads\/2020\/10\/93524a37-ebf8-4352-af70-7a3fc6512a01-16x12.jpg 16w, https:\/\/graphimarket.com\/wp-content\/uploads\/2020\/10\/93524a37-ebf8-4352-af70-7a3fc6512a01-600x400.jpg 600w\" sizes=\"(max-width: 1170px) 100vw, 1170px\" \/> <img decoding=\"async\" class=\"aligncenter wp-image-12212 size-full\" src=\"https:\/\/graphimarket.com\/wp-content\/uploads\/2020\/10\/8750344d-9b77-4906-b439-51fef0cc15d7.jpg\" alt=\"\" width=\"1170\" height=\"780\" srcset=\"https:\/\/graphimarket.com\/wp-content\/uploads\/2020\/10\/8750344d-9b77-4906-b439-51fef0cc15d7.jpg 1170w, https:\/\/graphimarket.com\/wp-content\/uploads\/2020\/10\/8750344d-9b77-4906-b439-51fef0cc15d7-300x200.jpg 300w, https:\/\/graphimarket.com\/wp-content\/uploads\/2020\/10\/8750344d-9b77-4906-b439-51fef0cc15d7-1024x683.jpg 1024w, https:\/\/graphimarket.com\/wp-content\/uploads\/2020\/10\/8750344d-9b77-4906-b439-51fef0cc15d7-768x512.jpg 768w, https:\/\/graphimarket.com\/wp-content\/uploads\/2020\/10\/8750344d-9b77-4906-b439-51fef0cc15d7-16x12.jpg 16w, https:\/\/graphimarket.com\/wp-content\/uploads\/2020\/10\/8750344d-9b77-4906-b439-51fef0cc15d7-600x400.jpg 600w\" sizes=\"(max-width: 1170px) 100vw, 1170px\" \/> <img decoding=\"async\" class=\"aligncenter wp-image-12213 size-full\" src=\"https:\/\/graphimarket.com\/wp-content\/uploads\/2020\/10\/c0ab6c3d-5986-4bd0-99c0-710aad188ca2.jpg\" alt=\"\" width=\"1170\" height=\"780\" srcset=\"https:\/\/graphimarket.com\/wp-content\/uploads\/2020\/10\/c0ab6c3d-5986-4bd0-99c0-710aad188ca2.jpg 1170w, https:\/\/graphimarket.com\/wp-content\/uploads\/2020\/10\/c0ab6c3d-5986-4bd0-99c0-710aad188ca2-300x200.jpg 300w, https:\/\/graphimarket.com\/wp-content\/uploads\/2020\/10\/c0ab6c3d-5986-4bd0-99c0-710aad188ca2-1024x683.jpg 1024w, https:\/\/graphimarket.com\/wp-content\/uploads\/2020\/10\/c0ab6c3d-5986-4bd0-99c0-710aad188ca2-768x512.jpg 768w, https:\/\/graphimarket.com\/wp-content\/uploads\/2020\/10\/c0ab6c3d-5986-4bd0-99c0-710aad188ca2-16x12.jpg 16w, https:\/\/graphimarket.com\/wp-content\/uploads\/2020\/10\/c0ab6c3d-5986-4bd0-99c0-710aad188ca2-600x400.jpg 600w\" sizes=\"(max-width: 1170px) 100vw, 1170px\" \/> <img loading=\"lazy\" decoding=\"async\" class=\"aligncenter wp-image-12214 size-full\" src=\"https:\/\/graphimarket.com\/wp-content\/uploads\/2020\/10\/c19e5cf1-453f-4f3b-86b9-b45a043c27fb.jpg\" alt=\"\" width=\"1170\" height=\"780\" srcset=\"https:\/\/graphimarket.com\/wp-content\/uploads\/2020\/10\/c19e5cf1-453f-4f3b-86b9-b45a043c27fb.jpg 1170w, https:\/\/graphimarket.com\/wp-content\/uploads\/2020\/10\/c19e5cf1-453f-4f3b-86b9-b45a043c27fb-300x200.jpg 300w, https:\/\/graphimarket.com\/wp-content\/uploads\/2020\/10\/c19e5cf1-453f-4f3b-86b9-b45a043c27fb-1024x683.jpg 1024w, https:\/\/graphimarket.com\/wp-content\/uploads\/2020\/10\/c19e5cf1-453f-4f3b-86b9-b45a043c27fb-768x512.jpg 768w, https:\/\/graphimarket.com\/wp-content\/uploads\/2020\/10\/c19e5cf1-453f-4f3b-86b9-b45a043c27fb-16x12.jpg 16w, https:\/\/graphimarket.com\/wp-content\/uploads\/2020\/10\/c19e5cf1-453f-4f3b-86b9-b45a043c27fb-600x400.jpg 600w\" sizes=\"(max-width: 1170px) 100vw, 1170px\" \/> <img loading=\"lazy\" decoding=\"async\" class=\"aligncenter wp-image-12215 size-full\" src=\"https:\/\/graphimarket.com\/wp-content\/uploads\/2020\/10\/c362c97e-bd58-4953-81e4-cbf19baf3b33.jpg\" alt=\"\" width=\"1170\" height=\"780\" srcset=\"https:\/\/graphimarket.com\/wp-content\/uploads\/2020\/10\/c362c97e-bd58-4953-81e4-cbf19baf3b33.jpg 1170w, https:\/\/graphimarket.com\/wp-content\/uploads\/2020\/10\/c362c97e-bd58-4953-81e4-cbf19baf3b33-300x200.jpg 300w, https:\/\/graphimarket.com\/wp-content\/uploads\/2020\/10\/c362c97e-bd58-4953-81e4-cbf19baf3b33-1024x683.jpg 1024w, https:\/\/graphimarket.com\/wp-content\/uploads\/2020\/10\/c362c97e-bd58-4953-81e4-cbf19baf3b33-768x512.jpg 768w, https:\/\/graphimarket.com\/wp-content\/uploads\/2020\/10\/c362c97e-bd58-4953-81e4-cbf19baf3b33-16x12.jpg 16w, https:\/\/graphimarket.com\/wp-content\/uploads\/2020\/10\/c362c97e-bd58-4953-81e4-cbf19baf3b33-600x400.jpg 600w\" sizes=\"(max-width: 1170px) 100vw, 1170px\" \/> <img loading=\"lazy\" decoding=\"async\" class=\"aligncenter wp-image-12216 size-full\" src=\"https:\/\/graphimarket.com\/wp-content\/uploads\/2020\/10\/cbea3111-1f7a-4ede-bb3b-12fbe5853f39.jpg\" alt=\"\" width=\"1170\" height=\"780\" srcset=\"https:\/\/graphimarket.com\/wp-content\/uploads\/2020\/10\/cbea3111-1f7a-4ede-bb3b-12fbe5853f39.jpg 1170w, https:\/\/graphimarket.com\/wp-content\/uploads\/2020\/10\/cbea3111-1f7a-4ede-bb3b-12fbe5853f39-300x200.jpg 300w, https:\/\/graphimarket.com\/wp-content\/uploads\/2020\/10\/cbea3111-1f7a-4ede-bb3b-12fbe5853f39-1024x683.jpg 1024w, https:\/\/graphimarket.com\/wp-content\/uploads\/2020\/10\/cbea3111-1f7a-4ede-bb3b-12fbe5853f39-768x512.jpg 768w, https:\/\/graphimarket.com\/wp-content\/uploads\/2020\/10\/cbea3111-1f7a-4ede-bb3b-12fbe5853f39-16x12.jpg 16w, https:\/\/graphimarket.com\/wp-content\/uploads\/2020\/10\/cbea3111-1f7a-4ede-bb3b-12fbe5853f39-600x400.jpg 600w\" sizes=\"(max-width: 1170px) 100vw, 1170px\" \/> <img loading=\"lazy\" decoding=\"async\" class=\"aligncenter wp-image-12217 size-full\" src=\"https:\/\/graphimarket.com\/wp-content\/uploads\/2020\/10\/d7e5c8e0-d183-46c3-8648-1654189eb2a8.jpg\" alt=\"\" width=\"1170\" height=\"780\" srcset=\"https:\/\/graphimarket.com\/wp-content\/uploads\/2020\/10\/d7e5c8e0-d183-46c3-8648-1654189eb2a8.jpg 1170w, https:\/\/graphimarket.com\/wp-content\/uploads\/2020\/10\/d7e5c8e0-d183-46c3-8648-1654189eb2a8-300x200.jpg 300w, https:\/\/graphimarket.com\/wp-content\/uploads\/2020\/10\/d7e5c8e0-d183-46c3-8648-1654189eb2a8-1024x683.jpg 1024w, https:\/\/graphimarket.com\/wp-content\/uploads\/2020\/10\/d7e5c8e0-d183-46c3-8648-1654189eb2a8-768x512.jpg 768w, https:\/\/graphimarket.com\/wp-content\/uploads\/2020\/10\/d7e5c8e0-d183-46c3-8648-1654189eb2a8-16x12.jpg 16w, https:\/\/graphimarket.com\/wp-content\/uploads\/2020\/10\/d7e5c8e0-d183-46c3-8648-1654189eb2a8-600x400.jpg 600w\" sizes=\"(max-width: 1170px) 100vw, 1170px\" \/> <img loading=\"lazy\" decoding=\"async\" class=\"aligncenter wp-image-12218 size-full\" src=\"https:\/\/graphimarket.com\/wp-content\/uploads\/2020\/10\/1e54a4fe-366a-438b-ba9f-9d20aa845a16.jpg\" alt=\"\" width=\"1170\" height=\"780\" srcset=\"https:\/\/graphimarket.com\/wp-content\/uploads\/2020\/10\/1e54a4fe-366a-438b-ba9f-9d20aa845a16.jpg 1170w, https:\/\/graphimarket.com\/wp-content\/uploads\/2020\/10\/1e54a4fe-366a-438b-ba9f-9d20aa845a16-300x200.jpg 300w, https:\/\/graphimarket.com\/wp-content\/uploads\/2020\/10\/1e54a4fe-366a-438b-ba9f-9d20aa845a16-1024x683.jpg 1024w, https:\/\/graphimarket.com\/wp-content\/uploads\/2020\/10\/1e54a4fe-366a-438b-ba9f-9d20aa845a16-768x512.jpg 768w, https:\/\/graphimarket.com\/wp-content\/uploads\/2020\/10\/1e54a4fe-366a-438b-ba9f-9d20aa845a16-16x12.jpg 16w, https:\/\/graphimarket.com\/wp-content\/uploads\/2020\/10\/1e54a4fe-366a-438b-ba9f-9d20aa845a16-600x400.jpg 600w\" sizes=\"(max-width: 1170px) 100vw, 1170px\" \/> <img loading=\"lazy\" decoding=\"async\" class=\"aligncenter wp-image-12219 size-full\" src=\"https:\/\/graphimarket.com\/wp-content\/uploads\/2020\/10\/2c95b779-af3b-4871-a644-af5cf458dc01.jpg\" alt=\"\" width=\"1170\" height=\"780\" srcset=\"https:\/\/graphimarket.com\/wp-content\/uploads\/2020\/10\/2c95b779-af3b-4871-a644-af5cf458dc01.jpg 1170w, https:\/\/graphimarket.com\/wp-content\/uploads\/2020\/10\/2c95b779-af3b-4871-a644-af5cf458dc01-300x200.jpg 300w, https:\/\/graphimarket.com\/wp-content\/uploads\/2020\/10\/2c95b779-af3b-4871-a644-af5cf458dc01-1024x683.jpg 1024w, https:\/\/graphimarket.com\/wp-content\/uploads\/2020\/10\/2c95b779-af3b-4871-a644-af5cf458dc01-768x512.jpg 768w, https:\/\/graphimarket.com\/wp-content\/uploads\/2020\/10\/2c95b779-af3b-4871-a644-af5cf458dc01-16x12.jpg 16w, https:\/\/graphimarket.com\/wp-content\/uploads\/2020\/10\/2c95b779-af3b-4871-a644-af5cf458dc01-600x400.jpg 600w\" sizes=\"(max-width: 1170px) 100vw, 1170px\" \/> <img loading=\"lazy\" decoding=\"async\" class=\"aligncenter wp-image-12220 size-full\" src=\"https:\/\/graphimarket.com\/wp-content\/uploads\/2020\/10\/21aadfa5-a617-4ce4-9f93-977982d5ad66.jpg\" alt=\"\" width=\"1170\" height=\"780\" srcset=\"https:\/\/graphimarket.com\/wp-content\/uploads\/2020\/10\/21aadfa5-a617-4ce4-9f93-977982d5ad66.jpg 1170w, https:\/\/graphimarket.com\/wp-content\/uploads\/2020\/10\/21aadfa5-a617-4ce4-9f93-977982d5ad66-300x200.jpg 300w, https:\/\/graphimarket.com\/wp-content\/uploads\/2020\/10\/21aadfa5-a617-4ce4-9f93-977982d5ad66-1024x683.jpg 1024w, https:\/\/graphimarket.com\/wp-content\/uploads\/2020\/10\/21aadfa5-a617-4ce4-9f93-977982d5ad66-768x512.jpg 768w, https:\/\/graphimarket.com\/wp-content\/uploads\/2020\/10\/21aadfa5-a617-4ce4-9f93-977982d5ad66-16x12.jpg 16w, https:\/\/graphimarket.com\/wp-content\/uploads\/2020\/10\/21aadfa5-a617-4ce4-9f93-977982d5ad66-600x400.jpg 600w\" sizes=\"(max-width: 1170px) 100vw, 1170px\" \/> <img loading=\"lazy\" decoding=\"async\" class=\"aligncenter wp-image-12221 size-full\" src=\"https:\/\/graphimarket.com\/wp-content\/uploads\/2020\/10\/0157c30f-bf2c-49fd-8e1d-c2de56208636.jpg\" alt=\"\" width=\"1170\" height=\"780\" srcset=\"https:\/\/graphimarket.com\/wp-content\/uploads\/2020\/10\/0157c30f-bf2c-49fd-8e1d-c2de56208636.jpg 1170w, https:\/\/graphimarket.com\/wp-content\/uploads\/2020\/10\/0157c30f-bf2c-49fd-8e1d-c2de56208636-300x200.jpg 300w, https:\/\/graphimarket.com\/wp-content\/uploads\/2020\/10\/0157c30f-bf2c-49fd-8e1d-c2de56208636-1024x683.jpg 1024w, https:\/\/graphimarket.com\/wp-content\/uploads\/2020\/10\/0157c30f-bf2c-49fd-8e1d-c2de56208636-768x512.jpg 768w, https:\/\/graphimarket.com\/wp-content\/uploads\/2020\/10\/0157c30f-bf2c-49fd-8e1d-c2de56208636-16x12.jpg 16w, https:\/\/graphimarket.com\/wp-content\/uploads\/2020\/10\/0157c30f-bf2c-49fd-8e1d-c2de56208636-600x400.jpg 600w\" sizes=\"(max-width: 1170px) 100vw, 1170px\" \/> <img loading=\"lazy\" decoding=\"async\" class=\"aligncenter wp-image-12222 size-full\" src=\"https:\/\/graphimarket.com\/wp-content\/uploads\/2020\/10\/2359fe1c-1d4b-4b07-a348-d5bdbf36e1cc.jpg\" alt=\"\" width=\"1170\" height=\"780\" srcset=\"https:\/\/graphimarket.com\/wp-content\/uploads\/2020\/10\/2359fe1c-1d4b-4b07-a348-d5bdbf36e1cc.jpg 1170w, https:\/\/graphimarket.com\/wp-content\/uploads\/2020\/10\/2359fe1c-1d4b-4b07-a348-d5bdbf36e1cc-300x200.jpg 300w, https:\/\/graphimarket.com\/wp-content\/uploads\/2020\/10\/2359fe1c-1d4b-4b07-a348-d5bdbf36e1cc-1024x683.jpg 1024w, https:\/\/graphimarket.com\/wp-content\/uploads\/2020\/10\/2359fe1c-1d4b-4b07-a348-d5bdbf36e1cc-768x512.jpg 768w, https:\/\/graphimarket.com\/wp-content\/uploads\/2020\/10\/2359fe1c-1d4b-4b07-a348-d5bdbf36e1cc-16x12.jpg 16w, https:\/\/graphimarket.com\/wp-content\/uploads\/2020\/10\/2359fe1c-1d4b-4b07-a348-d5bdbf36e1cc-600x400.jpg 600w\" sizes=\"(max-width: 1170px) 100vw, 1170px\" \/><\/p>","protected":false},"excerpt":{"rendered":"<p>British Food Menu Bundle. This designs&#8217;re perfectly Suitable for any Restaurant. Easy to edit fully adobe Photoshop format. Food images are not included according to Envato Elements Rules. Features Bifold (A4 &amp; US Letter) \/ Trifold (A4 &amp; US Letter) \/ Single Page (A4 &amp; US Letter) A4 and US Letter with bleed area and [&hellip;]<\/p>\n","protected":false},"featured_media":12214,"comment_status":"open","ping_status":"closed","template":"","meta":{"site-sidebar-layout":"default","site-content-layout":"default","ast-site-content-layout":"default","site-content-style":"default","site-sidebar-style":"default","ast-global-header-display":"","ast-banner-title-visibility":"","ast-main-header-display":"","ast-hfb-above-header-display":"","ast-hfb-below-header-display":"","ast-hfb-mobile-header-display":"","site-post-title":"","ast-breadcrumbs-content":"","ast-featured-img":"","footer-sml-layout":"","ast-disable-related-posts":"","theme-transparent-header-meta":"default","adv-header-id-meta":"","stick-header-meta":"","header-above-stick-meta":"","header-main-stick-meta":"","header-below-stick-meta":"","astra-migrate-meta-layouts":"default","ast-page-background-enabled":"default","ast-page-background-meta":{"desktop":{"background-color":"","background-image":"","background-repeat":"repeat","background-position":"center center","background-size":"auto","background-attachment":"scroll","background-type":"","background-media":"","overlay-type":"","overlay-color":"","overlay-opacity":"","overlay-gradient":""},"tablet":{"background-color":"","background-image":"","background-repeat":"repeat","background-position":"center center","background-size":"auto","background-attachment":"scroll","background-type":"","background-media":"","overlay-type":"","overlay-color":"","overlay-opacity":"","overlay-gradient":""},"mobile":{"background-color":"","background-image":"","background-repeat":"repeat","background-position":"center center","background-size":"auto","background-attachment":"scroll","background-type":"","background-media":"","overlay-type":"","overlay-color":"","overlay-opacity":"","overlay-gradient":""}},"ast-content-background-meta":{"desktop":{"background-color":"var(--ast-global-color-5)","background-image":"","background-repeat":"repeat","background-position":"center center","background-size":"auto","background-attachment":"scroll","background-type":"","background-media":"","overlay-type":"","overlay-color":"","overlay-opacity":"","overlay-gradient":""},"tablet":{"background-color":"var(--ast-global-color-5)","background-image":"","background-repeat":"repeat","background-position":"center center","background-size":"auto","background-attachment":"scroll","background-type":"","background-media":"","overlay-type":"","overlay-color":"","overlay-opacity":"","overlay-gradient":""},"mobile":{"background-color":"var(--ast-global-color-5)","background-image":"","background-repeat":"repeat","background-position":"center center","background-size":"auto","background-attachment":"scroll","background-type":"","background-media":"","overlay-type":"","overlay-color":"","overlay-opacity":"","overlay-gradient":""}}},"product_brand":[],"product_cat":[1002,193,46,698,139,195],"product_tag":[1578,1585,1579,1583,1584,795,1576,1581,1446,1447,277,1137,1580,276],"class_list":{"0":"post-12210","1":"product","2":"type-product","3":"status-publish","4":"has-post-thumbnail","6":"product_cat-accessories","7":"product_cat-graphic-design","8":"product_cat-graphics","9":"product_cat-mockup","10":"product_cat-others","11":"product_cat-photoshop","12":"product_tag-chicken","13":"product_tag-chips","14":"product_tag-duck","15":"product_tag-england","16":"product_tag-fish","17":"product_tag-food","18":"product_tag-indonesia","19":"product_tag-kebab","20":"product_tag-menu","21":"product_tag-restaurant","22":"product_tag-retro","23":"product_tag-rustic","24":"product_tag-turkish","25":"product_tag-vintage","26":"desktop-align-left","27":"tablet-align-left","28":"mobile-align-left","30":"first","31":"instock","32":"sale","33":"downloadable","34":"virtual","35":"taxable","36":"purchasable","37":"product-type-simple"},"yoast_head":"<!-- This site is optimized with the Yoast SEO plugin v27.3 - https:\/\/yoast.com\/product\/yoast-seo-wordpress\/ -->\n<title>British Food Menu Bundle - Graphimarket<\/title>\n<meta name=\"description\" content=\"British Food Menu Bundle. This designs&#039;re perfectly Suitable for any Restaurant. Easy to edit fully adobe Photoshop format...\" \/>\n<meta name=\"robots\" content=\"index, follow, max-snippet:-1, max-image-preview:large, max-video-preview:-1\" \/>\n<link rel=\"canonical\" href=\"https:\/\/graphimarket.com\/fr\/product\/british-food-menu-bundle\/\" \/>\n<meta property=\"og:locale\" content=\"fr_FR\" \/>\n<meta property=\"og:type\" content=\"article\" \/>\n<meta property=\"og:title\" content=\"British Food Menu Bundle - Graphimarket\" \/>\n<meta property=\"og:description\" content=\"British Food Menu Bundle. This designs&#039;re perfectly Suitable for any Restaurant. Easy to edit fully adobe Photoshop format...\" \/>\n<meta property=\"og:url\" content=\"https:\/\/graphimarket.com\/fr\/product\/british-food-menu-bundle\/\" \/>\n<meta property=\"og:site_name\" content=\"Graphimarket\" \/>\n<meta property=\"article:modified_time\" content=\"2022-12-19T08:38:17+00:00\" \/>\n<meta property=\"og:image\" content=\"https:\/\/graphimarket.com\/wp-content\/uploads\/2020\/10\/c19e5cf1-453f-4f3b-86b9-b45a043c27fb.jpg\" \/>\n\t<meta property=\"og:image:width\" content=\"1170\" \/>\n\t<meta property=\"og:image:height\" content=\"780\" \/>\n\t<meta property=\"og:image:type\" content=\"image\/jpeg\" \/>\n<meta name=\"twitter:card\" content=\"summary_large_image\" \/>\n<script type=\"application\/ld+json\" class=\"yoast-schema-graph\">{\"@context\":\"https:\\\/\\\/schema.org\",\"@graph\":[{\"@type\":\"WebPage\",\"@id\":\"https:\\\/\\\/graphimarket.com\\\/product\\\/british-food-menu-bundle\\\/\",\"url\":\"https:\\\/\\\/graphimarket.com\\\/product\\\/british-food-menu-bundle\\\/\",\"name\":\"British Food Menu Bundle - Graphimarket\",\"isPartOf\":{\"@id\":\"https:\\\/\\\/graphimarket.com\\\/fr\\\/#website\"},\"primaryImageOfPage\":{\"@id\":\"https:\\\/\\\/graphimarket.com\\\/product\\\/british-food-menu-bundle\\\/#primaryimage\"},\"image\":{\"@id\":\"https:\\\/\\\/graphimarket.com\\\/product\\\/british-food-menu-bundle\\\/#primaryimage\"},\"thumbnailUrl\":\"https:\\\/\\\/graphimarket.com\\\/wp-content\\\/uploads\\\/2020\\\/10\\\/c19e5cf1-453f-4f3b-86b9-b45a043c27fb.jpg\",\"datePublished\":\"2020-10-13T14:00:37+00:00\",\"dateModified\":\"2022-12-19T08:38:17+00:00\",\"description\":\"British Food Menu Bundle. This designs're perfectly Suitable for any Restaurant. Easy to edit fully adobe Photoshop format...\",\"breadcrumb\":{\"@id\":\"https:\\\/\\\/graphimarket.com\\\/product\\\/british-food-menu-bundle\\\/#breadcrumb\"},\"inLanguage\":\"fr-FR\",\"potentialAction\":[{\"@type\":\"ReadAction\",\"target\":[\"https:\\\/\\\/graphimarket.com\\\/product\\\/british-food-menu-bundle\\\/\"]}]},{\"@type\":\"ImageObject\",\"inLanguage\":\"fr-FR\",\"@id\":\"https:\\\/\\\/graphimarket.com\\\/product\\\/british-food-menu-bundle\\\/#primaryimage\",\"url\":\"https:\\\/\\\/graphimarket.com\\\/wp-content\\\/uploads\\\/2020\\\/10\\\/c19e5cf1-453f-4f3b-86b9-b45a043c27fb.jpg\",\"contentUrl\":\"https:\\\/\\\/graphimarket.com\\\/wp-content\\\/uploads\\\/2020\\\/10\\\/c19e5cf1-453f-4f3b-86b9-b45a043c27fb.jpg\",\"width\":1170,\"height\":780},{\"@type\":\"BreadcrumbList\",\"@id\":\"https:\\\/\\\/graphimarket.com\\\/product\\\/british-food-menu-bundle\\\/#breadcrumb\",\"itemListElement\":[{\"@type\":\"ListItem\",\"position\":1,\"name\":\"Home\",\"item\":\"https:\\\/\\\/graphimarket.com\\\/es\\\/\"},{\"@type\":\"ListItem\",\"position\":2,\"name\":\"Store\",\"item\":\"https:\\\/\\\/graphimarket.com\\\/store\\\/\"},{\"@type\":\"ListItem\",\"position\":3,\"name\":\"British Food Menu Bundle\"}]},{\"@type\":\"WebSite\",\"@id\":\"https:\\\/\\\/graphimarket.com\\\/fr\\\/#website\",\"url\":\"https:\\\/\\\/graphimarket.com\\\/fr\\\/\",\"name\":\"Graphimarket\",\"description\":\"Find the perfect creative asset to bring your project to life\",\"publisher\":{\"@id\":\"https:\\\/\\\/graphimarket.com\\\/fr\\\/#organization\"},\"potentialAction\":[{\"@type\":\"SearchAction\",\"target\":{\"@type\":\"EntryPoint\",\"urlTemplate\":\"https:\\\/\\\/graphimarket.com\\\/fr\\\/?s={search_term_string}\"},\"query-input\":{\"@type\":\"PropertyValueSpecification\",\"valueRequired\":true,\"valueName\":\"search_term_string\"}}],\"inLanguage\":\"fr-FR\"},{\"@type\":\"Organization\",\"@id\":\"https:\\\/\\\/graphimarket.com\\\/fr\\\/#organization\",\"name\":\"Graphimarket\",\"url\":\"https:\\\/\\\/graphimarket.com\\\/fr\\\/\",\"logo\":{\"@type\":\"ImageObject\",\"inLanguage\":\"fr-FR\",\"@id\":\"https:\\\/\\\/graphimarket.com\\\/fr\\\/#\\\/schema\\\/logo\\\/image\\\/\",\"url\":\"https:\\\/\\\/graphimarket.com\\\/wp-content\\\/uploads\\\/2020\\\/08\\\/logo-48.png\",\"contentUrl\":\"https:\\\/\\\/graphimarket.com\\\/wp-content\\\/uploads\\\/2020\\\/08\\\/logo-48.png\",\"width\":132,\"height\":48,\"caption\":\"Graphimarket\"},\"image\":{\"@id\":\"https:\\\/\\\/graphimarket.com\\\/fr\\\/#\\\/schema\\\/logo\\\/image\\\/\"}}]}<\/script>\n<!-- \/ Yoast SEO plugin. -->","yoast_head_json":{"title":"British Food Menu Bundle - Graphimarket","description":"British Food Menu Bundle. This designs're perfectly Suitable for any Restaurant. Easy to edit fully adobe Photoshop format...","robots":{"index":"index","follow":"follow","max-snippet":"max-snippet:-1","max-image-preview":"max-image-preview:large","max-video-preview":"max-video-preview:-1"},"canonical":"https:\/\/graphimarket.com\/fr\/product\/british-food-menu-bundle\/","og_locale":"fr_FR","og_type":"article","og_title":"British Food Menu Bundle - Graphimarket","og_description":"British Food Menu Bundle. This designs're perfectly Suitable for any Restaurant. Easy to edit fully adobe Photoshop format...","og_url":"https:\/\/graphimarket.com\/fr\/product\/british-food-menu-bundle\/","og_site_name":"Graphimarket","article_modified_time":"2022-12-19T08:38:17+00:00","og_image":[{"width":1170,"height":780,"url":"https:\/\/graphimarket.com\/wp-content\/uploads\/2020\/10\/c19e5cf1-453f-4f3b-86b9-b45a043c27fb.jpg","type":"image\/jpeg"}],"twitter_card":"summary_large_image","schema":{"@context":"https:\/\/schema.org","@graph":[{"@type":"WebPage","@id":"https:\/\/graphimarket.com\/product\/british-food-menu-bundle\/","url":"https:\/\/graphimarket.com\/product\/british-food-menu-bundle\/","name":"British Food Menu Bundle - Graphimarket","isPartOf":{"@id":"https:\/\/graphimarket.com\/fr\/#website"},"primaryImageOfPage":{"@id":"https:\/\/graphimarket.com\/product\/british-food-menu-bundle\/#primaryimage"},"image":{"@id":"https:\/\/graphimarket.com\/product\/british-food-menu-bundle\/#primaryimage"},"thumbnailUrl":"https:\/\/graphimarket.com\/wp-content\/uploads\/2020\/10\/c19e5cf1-453f-4f3b-86b9-b45a043c27fb.jpg","datePublished":"2020-10-13T14:00:37+00:00","dateModified":"2022-12-19T08:38:17+00:00","description":"British Food Menu Bundle. This designs're perfectly Suitable for any Restaurant. Easy to edit fully adobe Photoshop format...","breadcrumb":{"@id":"https:\/\/graphimarket.com\/product\/british-food-menu-bundle\/#breadcrumb"},"inLanguage":"fr-FR","potentialAction":[{"@type":"ReadAction","target":["https:\/\/graphimarket.com\/product\/british-food-menu-bundle\/"]}]},{"@type":"ImageObject","inLanguage":"fr-FR","@id":"https:\/\/graphimarket.com\/product\/british-food-menu-bundle\/#primaryimage","url":"https:\/\/graphimarket.com\/wp-content\/uploads\/2020\/10\/c19e5cf1-453f-4f3b-86b9-b45a043c27fb.jpg","contentUrl":"https:\/\/graphimarket.com\/wp-content\/uploads\/2020\/10\/c19e5cf1-453f-4f3b-86b9-b45a043c27fb.jpg","width":1170,"height":780},{"@type":"BreadcrumbList","@id":"https:\/\/graphimarket.com\/product\/british-food-menu-bundle\/#breadcrumb","itemListElement":[{"@type":"ListItem","position":1,"name":"Home","item":"https:\/\/graphimarket.com\/es\/"},{"@type":"ListItem","position":2,"name":"Store","item":"https:\/\/graphimarket.com\/store\/"},{"@type":"ListItem","position":3,"name":"British Food Menu Bundle"}]},{"@type":"WebSite","@id":"https:\/\/graphimarket.com\/fr\/#website","url":"https:\/\/graphimarket.com\/fr\/","name":"Graphimarket","description":"Trouvez l&#039;atout cr\u00e9atif parfait pour donner vie \u00e0 votre projet","publisher":{"@id":"https:\/\/graphimarket.com\/fr\/#organization"},"potentialAction":[{"@type":"SearchAction","target":{"@type":"EntryPoint","urlTemplate":"https:\/\/graphimarket.com\/fr\/?s={search_term_string}"},"query-input":{"@type":"PropertyValueSpecification","valueRequired":true,"valueName":"search_term_string"}}],"inLanguage":"fr-FR"},{"@type":"Organization","@id":"https:\/\/graphimarket.com\/fr\/#organization","name":"Graphimarket","url":"https:\/\/graphimarket.com\/fr\/","logo":{"@type":"ImageObject","inLanguage":"fr-FR","@id":"https:\/\/graphimarket.com\/fr\/#\/schema\/logo\/image\/","url":"https:\/\/graphimarket.com\/wp-content\/uploads\/2020\/08\/logo-48.png","contentUrl":"https:\/\/graphimarket.com\/wp-content\/uploads\/2020\/08\/logo-48.png","width":132,"height":48,"caption":"Graphimarket"},"image":{"@id":"https:\/\/graphimarket.com\/fr\/#\/schema\/logo\/image\/"}}]}},"_links":{"self":[{"href":"https:\/\/graphimarket.com\/fr\/wp-json\/wp\/v2\/product\/12210","targetHints":{"allow":["GET"]}}],"collection":[{"href":"https:\/\/graphimarket.com\/fr\/wp-json\/wp\/v2\/product"}],"about":[{"href":"https:\/\/graphimarket.com\/fr\/wp-json\/wp\/v2\/types\/product"}],"replies":[{"embeddable":true,"href":"https:\/\/graphimarket.com\/fr\/wp-json\/wp\/v2\/comments?post=12210"}],"version-history":[{"count":0,"href":"https:\/\/graphimarket.com\/fr\/wp-json\/wp\/v2\/product\/12210\/revisions"}],"wp:featuredmedia":[{"embeddable":true,"href":"https:\/\/graphimarket.com\/fr\/wp-json\/wp\/v2\/media\/12214"}],"wp:attachment":[{"href":"https:\/\/graphimarket.com\/fr\/wp-json\/wp\/v2\/media?parent=12210"}],"wp:term":[{"taxonomy":"product_brand","embeddable":true,"href":"https:\/\/graphimarket.com\/fr\/wp-json\/wp\/v2\/product_brand?post=12210"},{"taxonomy":"product_cat","embeddable":true,"href":"https:\/\/graphimarket.com\/fr\/wp-json\/wp\/v2\/product_cat?post=12210"},{"taxonomy":"product_tag","embeddable":true,"href":"https:\/\/graphimarket.com\/fr\/wp-json\/wp\/v2\/product_tag?post=12210"}],"curies":[{"name":"wp","href":"https:\/\/api.w.org\/{rel}","templated":true}]}}