{"id":12642,"date":"2020-10-16T09:52:35","date_gmt":"2020-10-16T07:52:35","guid":{"rendered":"https:\/\/graphimarket.com\/?post_type=product&#038;p=12642"},"modified":"2022-12-19T09:29:34","modified_gmt":"2022-12-19T08:29:34","slug":"airy-bright-luts-bundle","status":"publish","type":"product","link":"https:\/\/graphimarket.com\/fr\/product\/airy-bright-luts-bundle\/","title":{"rendered":"Bundle LUTs lumineux et a\u00e9r\u00e9"},"content":{"rendered":"<div class=\"_2Masz2rr\">\n<p>Bundle LUTs lumineux et a\u00e9r\u00e9<\/p>\n<p>Les tables de correspondance Airy Bright (LUT) sont parfaites pour tout type de vid\u00e9o et de photos sur les r\u00e9seaux sociaux, ainsi que pour la vid\u00e9ographie et les images de mariage. Ces LUT donneront \u00e0 vos vid\u00e9os et \u00e0 vos images fixes un aspect l\u00e9ger, lumineux et a\u00e9r\u00e9 avec une palette de couleurs l\u00e9g\u00e8rement att\u00e9nu\u00e9e et minimaliste. Amusez-vous \u00e0 \u00e9valuer les couleurs!<\/p>\n<p>Dans de nombreux cas, vous pourrez obtenir un excellent r\u00e9sultat en un instant. Cependant, vous pouvez toujours effectuer des ajustements, augmenter \/ diminuer l&#039;intensit\u00e9, r\u00e9gler le contraste, etc. en fonction des clips vid\u00e9o et des photos individuels.<\/p>\n<p>\u2605\u2605\u2605 \u2605\u2605<\/p>\n<p>Si vous aimez ce pack LUT, veuillez prendre un moment pour recommander ou laisser vos commentaires! Nous appr\u00e9cions grandement votre soutien et votre opinion.<\/p>\n<p>\u2605\u2605\u2605\u2605\u2605<\/p>\n<p>\u27ad Vous recevrez 6 fichiers .cube (LUT) et un fichier texte d&#039;instructions<\/p>\n<p>Les LUT sont au format .cube et fonctionnent avec la plupart des programmes de montage vid\u00e9o et photo tels que Final Cut, Premiere Pro, Photoshop, After Effects, DaVinci Resolve, Sony Vegas, Luminar.<\/p>\n<\/div>\n<div class=\"_3YqMOf9R\">\n<div class=\"_3KAa4-GZ frEFeDSS\"><img fetchpriority=\"high\" decoding=\"async\" class=\"aligncenter wp-image-12643 size-full\" src=\"https:\/\/graphimarket.com\/wp-content\/uploads\/2020\/10\/da1ef844-532b-429f-ae0f-1d4e0f37170b.jpg\" alt=\"\" width=\"900\" height=\"600\" srcset=\"https:\/\/graphimarket.com\/wp-content\/uploads\/2020\/10\/da1ef844-532b-429f-ae0f-1d4e0f37170b.jpg 900w, https:\/\/graphimarket.com\/wp-content\/uploads\/2020\/10\/da1ef844-532b-429f-ae0f-1d4e0f37170b-300x200.jpg 300w, https:\/\/graphimarket.com\/wp-content\/uploads\/2020\/10\/da1ef844-532b-429f-ae0f-1d4e0f37170b-768x512.jpg 768w, https:\/\/graphimarket.com\/wp-content\/uploads\/2020\/10\/da1ef844-532b-429f-ae0f-1d4e0f37170b-16x12.jpg 16w, https:\/\/graphimarket.com\/wp-content\/uploads\/2020\/10\/da1ef844-532b-429f-ae0f-1d4e0f37170b-600x400.jpg 600w\" sizes=\"(max-width: 900px) 100vw, 900px\" \/> <img decoding=\"async\" class=\"aligncenter wp-image-12644 size-full\" src=\"https:\/\/graphimarket.com\/wp-content\/uploads\/2020\/10\/dae1c6b4-a960-4e7b-a489-e3e055067414.jpg\" alt=\"\" width=\"900\" height=\"600\" srcset=\"https:\/\/graphimarket.com\/wp-content\/uploads\/2020\/10\/dae1c6b4-a960-4e7b-a489-e3e055067414.jpg 900w, https:\/\/graphimarket.com\/wp-content\/uploads\/2020\/10\/dae1c6b4-a960-4e7b-a489-e3e055067414-300x200.jpg 300w, https:\/\/graphimarket.com\/wp-content\/uploads\/2020\/10\/dae1c6b4-a960-4e7b-a489-e3e055067414-768x512.jpg 768w, https:\/\/graphimarket.com\/wp-content\/uploads\/2020\/10\/dae1c6b4-a960-4e7b-a489-e3e055067414-16x12.jpg 16w, https:\/\/graphimarket.com\/wp-content\/uploads\/2020\/10\/dae1c6b4-a960-4e7b-a489-e3e055067414-600x400.jpg 600w\" sizes=\"(max-width: 900px) 100vw, 900px\" \/> <img decoding=\"async\" class=\"aligncenter wp-image-12645 size-full\" src=\"https:\/\/graphimarket.com\/wp-content\/uploads\/2020\/10\/e62e0824-73b2-4d91-8271-f457316d1a31.jpg\" alt=\"\" width=\"900\" height=\"600\" srcset=\"https:\/\/graphimarket.com\/wp-content\/uploads\/2020\/10\/e62e0824-73b2-4d91-8271-f457316d1a31.jpg 900w, https:\/\/graphimarket.com\/wp-content\/uploads\/2020\/10\/e62e0824-73b2-4d91-8271-f457316d1a31-300x200.jpg 300w, https:\/\/graphimarket.com\/wp-content\/uploads\/2020\/10\/e62e0824-73b2-4d91-8271-f457316d1a31-768x512.jpg 768w, https:\/\/graphimarket.com\/wp-content\/uploads\/2020\/10\/e62e0824-73b2-4d91-8271-f457316d1a31-16x12.jpg 16w, https:\/\/graphimarket.com\/wp-content\/uploads\/2020\/10\/e62e0824-73b2-4d91-8271-f457316d1a31-600x400.jpg 600w\" sizes=\"(max-width: 900px) 100vw, 900px\" \/> <img loading=\"lazy\" decoding=\"async\" class=\"aligncenter wp-image-12646 size-full\" src=\"https:\/\/graphimarket.com\/wp-content\/uploads\/2020\/10\/e78d0027-a712-4ab6-a219-6285033ff761.jpg\" alt=\"\" width=\"900\" height=\"600\" srcset=\"https:\/\/graphimarket.com\/wp-content\/uploads\/2020\/10\/e78d0027-a712-4ab6-a219-6285033ff761.jpg 900w, https:\/\/graphimarket.com\/wp-content\/uploads\/2020\/10\/e78d0027-a712-4ab6-a219-6285033ff761-300x200.jpg 300w, https:\/\/graphimarket.com\/wp-content\/uploads\/2020\/10\/e78d0027-a712-4ab6-a219-6285033ff761-768x512.jpg 768w, https:\/\/graphimarket.com\/wp-content\/uploads\/2020\/10\/e78d0027-a712-4ab6-a219-6285033ff761-16x12.jpg 16w, https:\/\/graphimarket.com\/wp-content\/uploads\/2020\/10\/e78d0027-a712-4ab6-a219-6285033ff761-600x400.jpg 600w\" sizes=\"(max-width: 900px) 100vw, 900px\" \/> <img loading=\"lazy\" decoding=\"async\" class=\"aligncenter wp-image-12647 size-full\" src=\"https:\/\/graphimarket.com\/wp-content\/uploads\/2020\/10\/59d43663-e736-4ba4-b87c-8b9aca68b730.jpg\" alt=\"\" width=\"900\" height=\"600\" srcset=\"https:\/\/graphimarket.com\/wp-content\/uploads\/2020\/10\/59d43663-e736-4ba4-b87c-8b9aca68b730.jpg 900w, https:\/\/graphimarket.com\/wp-content\/uploads\/2020\/10\/59d43663-e736-4ba4-b87c-8b9aca68b730-300x200.jpg 300w, https:\/\/graphimarket.com\/wp-content\/uploads\/2020\/10\/59d43663-e736-4ba4-b87c-8b9aca68b730-768x512.jpg 768w, https:\/\/graphimarket.com\/wp-content\/uploads\/2020\/10\/59d43663-e736-4ba4-b87c-8b9aca68b730-16x12.jpg 16w, https:\/\/graphimarket.com\/wp-content\/uploads\/2020\/10\/59d43663-e736-4ba4-b87c-8b9aca68b730-600x400.jpg 600w\" sizes=\"(max-width: 900px) 100vw, 900px\" \/> <img loading=\"lazy\" decoding=\"async\" class=\"aligncenter wp-image-12648 size-full\" src=\"https:\/\/graphimarket.com\/wp-content\/uploads\/2020\/10\/2ebe051b-16f1-4cd3-8447-b066d67c2bf6.jpg\" alt=\"\" width=\"866\" height=\"577\" srcset=\"https:\/\/graphimarket.com\/wp-content\/uploads\/2020\/10\/2ebe051b-16f1-4cd3-8447-b066d67c2bf6.jpg 866w, https:\/\/graphimarket.com\/wp-content\/uploads\/2020\/10\/2ebe051b-16f1-4cd3-8447-b066d67c2bf6-300x200.jpg 300w, https:\/\/graphimarket.com\/wp-content\/uploads\/2020\/10\/2ebe051b-16f1-4cd3-8447-b066d67c2bf6-768x512.jpg 768w, https:\/\/graphimarket.com\/wp-content\/uploads\/2020\/10\/2ebe051b-16f1-4cd3-8447-b066d67c2bf6-16x12.jpg 16w, https:\/\/graphimarket.com\/wp-content\/uploads\/2020\/10\/2ebe051b-16f1-4cd3-8447-b066d67c2bf6-600x400.jpg 600w\" sizes=\"(max-width: 866px) 100vw, 866px\" \/> <img loading=\"lazy\" decoding=\"async\" class=\"aligncenter wp-image-12649 size-full\" src=\"https:\/\/graphimarket.com\/wp-content\/uploads\/2020\/10\/6a82588b-ee84-40ea-bc33-a6e7817993b1.jpg\" alt=\"\" width=\"900\" height=\"600\" srcset=\"https:\/\/graphimarket.com\/wp-content\/uploads\/2020\/10\/6a82588b-ee84-40ea-bc33-a6e7817993b1.jpg 900w, https:\/\/graphimarket.com\/wp-content\/uploads\/2020\/10\/6a82588b-ee84-40ea-bc33-a6e7817993b1-300x200.jpg 300w, https:\/\/graphimarket.com\/wp-content\/uploads\/2020\/10\/6a82588b-ee84-40ea-bc33-a6e7817993b1-768x512.jpg 768w, https:\/\/graphimarket.com\/wp-content\/uploads\/2020\/10\/6a82588b-ee84-40ea-bc33-a6e7817993b1-16x12.jpg 16w, https:\/\/graphimarket.com\/wp-content\/uploads\/2020\/10\/6a82588b-ee84-40ea-bc33-a6e7817993b1-600x400.jpg 600w\" sizes=\"(max-width: 900px) 100vw, 900px\" \/> <img loading=\"lazy\" decoding=\"async\" class=\"aligncenter wp-image-12650 size-full\" src=\"https:\/\/graphimarket.com\/wp-content\/uploads\/2020\/10\/18c5c7cc-a2c3-472b-9688-37de39cfcc46.jpg\" alt=\"\" width=\"900\" height=\"600\" srcset=\"https:\/\/graphimarket.com\/wp-content\/uploads\/2020\/10\/18c5c7cc-a2c3-472b-9688-37de39cfcc46.jpg 900w, https:\/\/graphimarket.com\/wp-content\/uploads\/2020\/10\/18c5c7cc-a2c3-472b-9688-37de39cfcc46-300x200.jpg 300w, https:\/\/graphimarket.com\/wp-content\/uploads\/2020\/10\/18c5c7cc-a2c3-472b-9688-37de39cfcc46-768x512.jpg 768w, https:\/\/graphimarket.com\/wp-content\/uploads\/2020\/10\/18c5c7cc-a2c3-472b-9688-37de39cfcc46-16x12.jpg 16w, https:\/\/graphimarket.com\/wp-content\/uploads\/2020\/10\/18c5c7cc-a2c3-472b-9688-37de39cfcc46-600x400.jpg 600w\" sizes=\"(max-width: 900px) 100vw, 900px\" \/> <img loading=\"lazy\" decoding=\"async\" class=\"aligncenter wp-image-12651 size-full\" src=\"https:\/\/graphimarket.com\/wp-content\/uploads\/2020\/10\/230145a0-e8b5-4453-bcce-0ff8523191f6.jpg\" alt=\"\" width=\"900\" height=\"600\" srcset=\"https:\/\/graphimarket.com\/wp-content\/uploads\/2020\/10\/230145a0-e8b5-4453-bcce-0ff8523191f6.jpg 900w, https:\/\/graphimarket.com\/wp-content\/uploads\/2020\/10\/230145a0-e8b5-4453-bcce-0ff8523191f6-300x200.jpg 300w, https:\/\/graphimarket.com\/wp-content\/uploads\/2020\/10\/230145a0-e8b5-4453-bcce-0ff8523191f6-768x512.jpg 768w, https:\/\/graphimarket.com\/wp-content\/uploads\/2020\/10\/230145a0-e8b5-4453-bcce-0ff8523191f6-16x12.jpg 16w, https:\/\/graphimarket.com\/wp-content\/uploads\/2020\/10\/230145a0-e8b5-4453-bcce-0ff8523191f6-600x400.jpg 600w\" sizes=\"(max-width: 900px) 100vw, 900px\" \/> <img loading=\"lazy\" decoding=\"async\" class=\"aligncenter wp-image-12652 size-full\" src=\"https:\/\/graphimarket.com\/wp-content\/uploads\/2020\/10\/7723973b-3b69-4e77-b5de-ec931d24816f.jpg\" alt=\"\" width=\"900\" height=\"600\" srcset=\"https:\/\/graphimarket.com\/wp-content\/uploads\/2020\/10\/7723973b-3b69-4e77-b5de-ec931d24816f.jpg 900w, https:\/\/graphimarket.com\/wp-content\/uploads\/2020\/10\/7723973b-3b69-4e77-b5de-ec931d24816f-300x200.jpg 300w, https:\/\/graphimarket.com\/wp-content\/uploads\/2020\/10\/7723973b-3b69-4e77-b5de-ec931d24816f-768x512.jpg 768w, https:\/\/graphimarket.com\/wp-content\/uploads\/2020\/10\/7723973b-3b69-4e77-b5de-ec931d24816f-16x12.jpg 16w, https:\/\/graphimarket.com\/wp-content\/uploads\/2020\/10\/7723973b-3b69-4e77-b5de-ec931d24816f-600x400.jpg 600w\" sizes=\"(max-width: 900px) 100vw, 900px\" \/><\/div>\n<\/div>","protected":false},"excerpt":{"rendered":"<p>Airy Bright LUTs Bundle Airy Bright look-up-tables (LUTs) are perfect for any kind of social media video and photos as well as wedding videography and images. These LUTs will give your videos and stills a light, bright and airy look with slightly muted, minimalistic color palette. Have fun color grading! In many instances, you will [&hellip;]<\/p>\n","protected":false},"featured_media":12648,"comment_status":"open","ping_status":"closed","template":"","meta":{"site-sidebar-layout":"default","site-content-layout":"default","ast-site-content-layout":"default","site-content-style":"default","site-sidebar-style":"default","ast-global-header-display":"","ast-banner-title-visibility":"","ast-main-header-display":"","ast-hfb-above-header-display":"","ast-hfb-below-header-display":"","ast-hfb-mobile-header-display":"","site-post-title":"","ast-breadcrumbs-content":"","ast-featured-img":"","footer-sml-layout":"","ast-disable-related-posts":"","theme-transparent-header-meta":"default","adv-header-id-meta":"","stick-header-meta":"","header-above-stick-meta":"","header-main-stick-meta":"","header-below-stick-meta":"","astra-migrate-meta-layouts":"default","ast-page-background-enabled":"default","ast-page-background-meta":{"desktop":{"background-color":"","background-image":"","background-repeat":"repeat","background-position":"center center","background-size":"auto","background-attachment":"scroll","background-type":"","background-media":"","overlay-type":"","overlay-color":"","overlay-opacity":"","overlay-gradient":""},"tablet":{"background-color":"","background-image":"","background-repeat":"repeat","background-position":"center center","background-size":"auto","background-attachment":"scroll","background-type":"","background-media":"","overlay-type":"","overlay-color":"","overlay-opacity":"","overlay-gradient":""},"mobile":{"background-color":"","background-image":"","background-repeat":"repeat","background-position":"center center","background-size":"auto","background-attachment":"scroll","background-type":"","background-media":"","overlay-type":"","overlay-color":"","overlay-opacity":"","overlay-gradient":""}},"ast-content-background-meta":{"desktop":{"background-color":"var(--ast-global-color-5)","background-image":"","background-repeat":"repeat","background-position":"center center","background-size":"auto","background-attachment":"scroll","background-type":"","background-media":"","overlay-type":"","overlay-color":"","overlay-opacity":"","overlay-gradient":""},"tablet":{"background-color":"var(--ast-global-color-5)","background-image":"","background-repeat":"repeat","background-position":"center center","background-size":"auto","background-attachment":"scroll","background-type":"","background-media":"","overlay-type":"","overlay-color":"","overlay-opacity":"","overlay-gradient":""},"mobile":{"background-color":"var(--ast-global-color-5)","background-image":"","background-repeat":"repeat","background-position":"center center","background-size":"auto","background-attachment":"scroll","background-type":"","background-media":"","overlay-type":"","overlay-color":"","overlay-opacity":"","overlay-gradient":""}}},"product_brand":[],"product_cat":[1609,195],"product_tag":[1357,417,346,1704,372,1706,373,62,1703,412,1705,1702,326,604],"class_list":{"0":"post-12642","1":"product","2":"type-product","3":"status-publish","4":"has-post-thumbnail","6":"product_cat-bundle","7":"product_cat-photoshop","8":"product_tag-airy","9":"product_tag-bright","10":"product_tag-color","11":"product_tag-finalcut","12":"product_tag-instagram","13":"product_tag-lookuptable","14":"product_tag-lut","15":"product_tag-photoshop","16":"product_tag-premiere","17":"product_tag-preset","18":"product_tag-sonyvegas","19":"product_tag-video","20":"product_tag-wedding","21":"product_tag-white","22":"desktop-align-left","23":"tablet-align-left","24":"mobile-align-left","26":"first","27":"instock","28":"sale","29":"downloadable","30":"virtual","31":"taxable","32":"purchasable","33":"product-type-simple"},"yoast_head":"<!-- This site is optimized with the Yoast SEO plugin v27.3 - https:\/\/yoast.com\/product\/yoast-seo-wordpress\/ -->\n<title>Airy Bright LUTs Bundle - Graphimarket<\/title>\n<meta name=\"description\" content=\"Airy Bright LUTs Bundle Airy Bright look-up-tables (LUTs) are perfect for any kind of social media video and photos...\" \/>\n<meta name=\"robots\" content=\"index, follow, max-snippet:-1, max-image-preview:large, max-video-preview:-1\" \/>\n<link rel=\"canonical\" href=\"https:\/\/graphimarket.com\/fr\/product\/airy-bright-luts-bundle\/\" \/>\n<meta property=\"og:locale\" content=\"fr_FR\" \/>\n<meta property=\"og:type\" content=\"article\" \/>\n<meta property=\"og:title\" content=\"Airy Bright LUTs Bundle - Graphimarket\" \/>\n<meta property=\"og:description\" content=\"Airy Bright LUTs Bundle Airy Bright look-up-tables (LUTs) are perfect for any kind of social media video and photos...\" \/>\n<meta property=\"og:url\" content=\"https:\/\/graphimarket.com\/fr\/product\/airy-bright-luts-bundle\/\" \/>\n<meta property=\"og:site_name\" content=\"Graphimarket\" \/>\n<meta property=\"article:modified_time\" content=\"2022-12-19T08:29:34+00:00\" \/>\n<meta property=\"og:image\" content=\"https:\/\/graphimarket.com\/wp-content\/uploads\/2020\/10\/2ebe051b-16f1-4cd3-8447-b066d67c2bf6.jpg\" \/>\n\t<meta property=\"og:image:width\" content=\"866\" \/>\n\t<meta property=\"og:image:height\" content=\"577\" \/>\n\t<meta property=\"og:image:type\" content=\"image\/jpeg\" \/>\n<meta name=\"twitter:card\" content=\"summary_large_image\" \/>\n<meta name=\"twitter:label1\" content=\"Est. reading time\" \/>\n\t<meta name=\"twitter:data1\" content=\"1 minute\" \/>\n<script type=\"application\/ld+json\" class=\"yoast-schema-graph\">{\"@context\":\"https:\\\/\\\/schema.org\",\"@graph\":[{\"@type\":\"WebPage\",\"@id\":\"https:\\\/\\\/graphimarket.com\\\/product\\\/airy-bright-luts-bundle\\\/\",\"url\":\"https:\\\/\\\/graphimarket.com\\\/product\\\/airy-bright-luts-bundle\\\/\",\"name\":\"Airy Bright LUTs Bundle - Graphimarket\",\"isPartOf\":{\"@id\":\"https:\\\/\\\/graphimarket.com\\\/fr\\\/#website\"},\"primaryImageOfPage\":{\"@id\":\"https:\\\/\\\/graphimarket.com\\\/product\\\/airy-bright-luts-bundle\\\/#primaryimage\"},\"image\":{\"@id\":\"https:\\\/\\\/graphimarket.com\\\/product\\\/airy-bright-luts-bundle\\\/#primaryimage\"},\"thumbnailUrl\":\"https:\\\/\\\/graphimarket.com\\\/wp-content\\\/uploads\\\/2020\\\/10\\\/2ebe051b-16f1-4cd3-8447-b066d67c2bf6.jpg\",\"datePublished\":\"2020-10-16T07:52:35+00:00\",\"dateModified\":\"2022-12-19T08:29:34+00:00\",\"description\":\"Airy Bright LUTs Bundle Airy Bright look-up-tables (LUTs) are perfect for any kind of social media video and photos...\",\"breadcrumb\":{\"@id\":\"https:\\\/\\\/graphimarket.com\\\/product\\\/airy-bright-luts-bundle\\\/#breadcrumb\"},\"inLanguage\":\"fr-FR\",\"potentialAction\":[{\"@type\":\"ReadAction\",\"target\":[\"https:\\\/\\\/graphimarket.com\\\/product\\\/airy-bright-luts-bundle\\\/\"]}]},{\"@type\":\"ImageObject\",\"inLanguage\":\"fr-FR\",\"@id\":\"https:\\\/\\\/graphimarket.com\\\/product\\\/airy-bright-luts-bundle\\\/#primaryimage\",\"url\":\"https:\\\/\\\/graphimarket.com\\\/wp-content\\\/uploads\\\/2020\\\/10\\\/2ebe051b-16f1-4cd3-8447-b066d67c2bf6.jpg\",\"contentUrl\":\"https:\\\/\\\/graphimarket.com\\\/wp-content\\\/uploads\\\/2020\\\/10\\\/2ebe051b-16f1-4cd3-8447-b066d67c2bf6.jpg\",\"width\":866,\"height\":577},{\"@type\":\"BreadcrumbList\",\"@id\":\"https:\\\/\\\/graphimarket.com\\\/product\\\/airy-bright-luts-bundle\\\/#breadcrumb\",\"itemListElement\":[{\"@type\":\"ListItem\",\"position\":1,\"name\":\"Home\",\"item\":\"https:\\\/\\\/graphimarket.com\\\/es\\\/\"},{\"@type\":\"ListItem\",\"position\":2,\"name\":\"Store\",\"item\":\"https:\\\/\\\/graphimarket.com\\\/store\\\/\"},{\"@type\":\"ListItem\",\"position\":3,\"name\":\"Airy Bright LUTs Bundle\"}]},{\"@type\":\"WebSite\",\"@id\":\"https:\\\/\\\/graphimarket.com\\\/fr\\\/#website\",\"url\":\"https:\\\/\\\/graphimarket.com\\\/fr\\\/\",\"name\":\"Graphimarket\",\"description\":\"Find the perfect creative asset to bring your project to life\",\"publisher\":{\"@id\":\"https:\\\/\\\/graphimarket.com\\\/fr\\\/#organization\"},\"potentialAction\":[{\"@type\":\"SearchAction\",\"target\":{\"@type\":\"EntryPoint\",\"urlTemplate\":\"https:\\\/\\\/graphimarket.com\\\/fr\\\/?s={search_term_string}\"},\"query-input\":{\"@type\":\"PropertyValueSpecification\",\"valueRequired\":true,\"valueName\":\"search_term_string\"}}],\"inLanguage\":\"fr-FR\"},{\"@type\":\"Organization\",\"@id\":\"https:\\\/\\\/graphimarket.com\\\/fr\\\/#organization\",\"name\":\"Graphimarket\",\"url\":\"https:\\\/\\\/graphimarket.com\\\/fr\\\/\",\"logo\":{\"@type\":\"ImageObject\",\"inLanguage\":\"fr-FR\",\"@id\":\"https:\\\/\\\/graphimarket.com\\\/fr\\\/#\\\/schema\\\/logo\\\/image\\\/\",\"url\":\"https:\\\/\\\/graphimarket.com\\\/wp-content\\\/uploads\\\/2020\\\/08\\\/logo-48.png\",\"contentUrl\":\"https:\\\/\\\/graphimarket.com\\\/wp-content\\\/uploads\\\/2020\\\/08\\\/logo-48.png\",\"width\":132,\"height\":48,\"caption\":\"Graphimarket\"},\"image\":{\"@id\":\"https:\\\/\\\/graphimarket.com\\\/fr\\\/#\\\/schema\\\/logo\\\/image\\\/\"}}]}<\/script>\n<!-- \/ Yoast SEO plugin. -->","yoast_head_json":{"title":"Bundle Airy Bright LUTs - Graphimarket","description":"Airy Bright LUTs Bundle Les tables de correspondance Airy Bright (LUT) sont parfaites pour tout type de vid\u00e9o et de photos sur les r\u00e9seaux sociaux ...","robots":{"index":"index","follow":"follow","max-snippet":"max-snippet:-1","max-image-preview":"max-image-preview:large","max-video-preview":"max-video-preview:-1"},"canonical":"https:\/\/graphimarket.com\/fr\/product\/airy-bright-luts-bundle\/","og_locale":"fr_FR","og_type":"article","og_title":"Airy Bright LUTs Bundle - Graphimarket","og_description":"Airy Bright LUTs Bundle Airy Bright look-up-tables (LUTs) are perfect for any kind of social media video and photos...","og_url":"https:\/\/graphimarket.com\/fr\/product\/airy-bright-luts-bundle\/","og_site_name":"Graphimarket","article_modified_time":"2022-12-19T08:29:34+00:00","og_image":[{"width":866,"height":577,"url":"https:\/\/graphimarket.com\/wp-content\/uploads\/2020\/10\/2ebe051b-16f1-4cd3-8447-b066d67c2bf6.jpg","type":"image\/jpeg"}],"twitter_card":"summary_large_image","twitter_misc":{"Est. reading time":"1 minute"},"schema":{"@context":"https:\/\/schema.org","@graph":[{"@type":"WebPage","@id":"https:\/\/graphimarket.com\/product\/airy-bright-luts-bundle\/","url":"https:\/\/graphimarket.com\/product\/airy-bright-luts-bundle\/","name":"Bundle Airy Bright LUTs - Graphimarket","isPartOf":{"@id":"https:\/\/graphimarket.com\/fr\/#website"},"primaryImageOfPage":{"@id":"https:\/\/graphimarket.com\/product\/airy-bright-luts-bundle\/#primaryimage"},"image":{"@id":"https:\/\/graphimarket.com\/product\/airy-bright-luts-bundle\/#primaryimage"},"thumbnailUrl":"https:\/\/graphimarket.com\/wp-content\/uploads\/2020\/10\/2ebe051b-16f1-4cd3-8447-b066d67c2bf6.jpg","datePublished":"2020-10-16T07:52:35+00:00","dateModified":"2022-12-19T08:29:34+00:00","description":"Airy Bright LUTs Bundle Les tables de correspondance Airy Bright (LUT) sont parfaites pour tout type de vid\u00e9o et de photos sur les r\u00e9seaux sociaux ...","breadcrumb":{"@id":"https:\/\/graphimarket.com\/product\/airy-bright-luts-bundle\/#breadcrumb"},"inLanguage":"fr-FR","potentialAction":[{"@type":"ReadAction","target":["https:\/\/graphimarket.com\/product\/airy-bright-luts-bundle\/"]}]},{"@type":"ImageObject","inLanguage":"fr-FR","@id":"https:\/\/graphimarket.com\/product\/airy-bright-luts-bundle\/#primaryimage","url":"https:\/\/graphimarket.com\/wp-content\/uploads\/2020\/10\/2ebe051b-16f1-4cd3-8447-b066d67c2bf6.jpg","contentUrl":"https:\/\/graphimarket.com\/wp-content\/uploads\/2020\/10\/2ebe051b-16f1-4cd3-8447-b066d67c2bf6.jpg","width":866,"height":577},{"@type":"BreadcrumbList","@id":"https:\/\/graphimarket.com\/product\/airy-bright-luts-bundle\/#breadcrumb","itemListElement":[{"@type":"ListItem","position":1,"name":"Home","item":"https:\/\/graphimarket.com\/es\/"},{"@type":"ListItem","position":2,"name":"Store","item":"https:\/\/graphimarket.com\/store\/"},{"@type":"ListItem","position":3,"name":"Airy Bright LUTs Bundle"}]},{"@type":"WebSite","@id":"https:\/\/graphimarket.com\/fr\/#website","url":"https:\/\/graphimarket.com\/fr\/","name":"Graphimarket","description":"Trouvez l&#039;atout cr\u00e9atif parfait pour donner vie \u00e0 votre projet","publisher":{"@id":"https:\/\/graphimarket.com\/fr\/#organization"},"potentialAction":[{"@type":"SearchAction","target":{"@type":"EntryPoint","urlTemplate":"https:\/\/graphimarket.com\/fr\/?s={search_term_string}"},"query-input":{"@type":"PropertyValueSpecification","valueRequired":true,"valueName":"search_term_string"}}],"inLanguage":"fr-FR"},{"@type":"Organization","@id":"https:\/\/graphimarket.com\/fr\/#organization","name":"Graphimarket","url":"https:\/\/graphimarket.com\/fr\/","logo":{"@type":"ImageObject","inLanguage":"fr-FR","@id":"https:\/\/graphimarket.com\/fr\/#\/schema\/logo\/image\/","url":"https:\/\/graphimarket.com\/wp-content\/uploads\/2020\/08\/logo-48.png","contentUrl":"https:\/\/graphimarket.com\/wp-content\/uploads\/2020\/08\/logo-48.png","width":132,"height":48,"caption":"Graphimarket"},"image":{"@id":"https:\/\/graphimarket.com\/fr\/#\/schema\/logo\/image\/"}}]}},"_links":{"self":[{"href":"https:\/\/graphimarket.com\/fr\/wp-json\/wp\/v2\/product\/12642","targetHints":{"allow":["GET"]}}],"collection":[{"href":"https:\/\/graphimarket.com\/fr\/wp-json\/wp\/v2\/product"}],"about":[{"href":"https:\/\/graphimarket.com\/fr\/wp-json\/wp\/v2\/types\/product"}],"replies":[{"embeddable":true,"href":"https:\/\/graphimarket.com\/fr\/wp-json\/wp\/v2\/comments?post=12642"}],"version-history":[{"count":0,"href":"https:\/\/graphimarket.com\/fr\/wp-json\/wp\/v2\/product\/12642\/revisions"}],"wp:featuredmedia":[{"embeddable":true,"href":"https:\/\/graphimarket.com\/fr\/wp-json\/wp\/v2\/media\/12648"}],"wp:attachment":[{"href":"https:\/\/graphimarket.com\/fr\/wp-json\/wp\/v2\/media?parent=12642"}],"wp:term":[{"taxonomy":"product_brand","embeddable":true,"href":"https:\/\/graphimarket.com\/fr\/wp-json\/wp\/v2\/product_brand?post=12642"},{"taxonomy":"product_cat","embeddable":true,"href":"https:\/\/graphimarket.com\/fr\/wp-json\/wp\/v2\/product_cat?post=12642"},{"taxonomy":"product_tag","embeddable":true,"href":"https:\/\/graphimarket.com\/fr\/wp-json\/wp\/v2\/product_tag?post=12642"}],"curies":[{"name":"wp","href":"https:\/\/api.w.org\/{rel}","templated":true}]}}