{"id":13142,"date":"2020-11-17T15:35:31","date_gmt":"2020-11-17T14:35:31","guid":{"rendered":"https:\/\/graphimarket.com\/?post_type=product&#038;p=13142"},"modified":"2024-02-09T19:23:13","modified_gmt":"2024-02-09T18:23:13","slug":"the-ultimate-skin-retouch-panel-for-photoshop","status":"publish","type":"product","link":"https:\/\/graphimarket.com\/fr\/product\/the-ultimate-skin-retouch-panel-for-photoshop\/","title":{"rendered":"Le panneau de retouche ultime de la peau pour Photoshop"},"content":{"rendered":"<h3 class=\"LC20lb\">L&#039;outil ultime de retouche de la peau pour adoucir et lisser la peau!<\/h3>\n<p>Retoucher la peau n\u00e9cessite une attention aux d\u00e9tails et \u00e0 la pr\u00e9cision, mais toutes les techniques ne doivent pas n\u00e9cessairement \u00eatre trop compliqu\u00e9es ou prendre du temps. J&#039;aimerais qu&#039;il y ait un outil de retouche de peau ultime pour faire tout le travail acharn\u00e9.<\/p>\n<p>Graphimarket pr\u00e9sente le <strong>panneau de retouche de peau ultime<\/strong>. Cet outil vous permet de retoucher des photos rapidement, sans effort et vous fait gagner du temps pour la prise de vue que les photographes aiment tant.<\/p>\n<p>Le panneau de retouche ultime a \u00e9t\u00e9 d\u00e9velopp\u00e9 sur une p\u00e9riode de 3 ans de travail acharn\u00e9. Pour le moment, il y a plus<strong>\u00a0de 200 fonctions utiles<\/strong>\u00a0de ce panneau. Il peut devenir un \u00e9l\u00e9ment essentiel de votre flux de travail et vous \u00e9vitera les param\u00e8tres techniques ennuyeux de Photoshop.<\/p>\n<p>Quoi de plus? Cette offre est accompagn\u00e9e d&#039;un\u00a0<strong>licence commerciale \u00e9tendue<\/strong>\u00a0afin que vous puissiez utiliser cet outil pour des projets personnels et commerciaux illimit\u00e9s!<\/p>\n<h3>Points forts de cet outil ultime de retouche de la peau:<\/h3>\n<ul>\n<li>200 fonctions dans un panneau<\/li>\n<li>7 blocs uniques pour la retouche<\/li>\n<li>20 boutons personnalis\u00e9s pour vos actions personnelles<\/li>\n<li>S\u00e9paration de fr\u00e9quence 8 et 16 bits<\/li>\n<li>Changement de texture visuelle imm\u00e9diate<\/li>\n<li>Retouche rapide via 4 m\u00e9thodes<\/li>\n<li>Bloc de correction des couleurs avec 65 pr\u00e9r\u00e9glages<\/li>\n<li>4 m\u00e9thodes d&#039;esquive et de br\u00fblure<\/li>\n<li>3 couches d&#039;aide pour capturer les d\u00e9fauts et les irr\u00e9gularit\u00e9s<\/li>\n<li>Double vision pour une gestion facile de Dodge &amp; Burn<\/li>\n<li>Travailler avec des canaux et des masques RVB<\/li>\n<li>Nettet\u00e9 passe-haut locale et globale<\/li>\n<li>Opacit\u00e9 et vignette dynamiques<\/li>\n<li>Effet multi-teinte<\/li>\n<\/ul>\n<p><strong>Correction des couleurs:<\/strong><\/p>\n<ul>\n<li>Mode<\/li>\n<li>Ancien<\/li>\n<li>Bonbons<\/li>\n<li>Mat<\/li>\n<li>HDR<\/li>\n<li>Noir et blanc<\/li>\n<li>Une possibilit\u00e9 de m\u00e9langer les styles<\/li>\n<\/ul>\n<p><strong>30 outils pour la retouche locale:<\/strong><\/p>\n<ul>\n<li>Kit HDR pour simuler un effet HDR<\/li>\n<li>Restauration des reflets et des ombres<\/li>\n<li>Le volume<\/li>\n<li>Volume HRLA<\/li>\n<li>Manuel HRLA<\/li>\n<li>bronzage de la peau<\/li>\n<li>Supprimer les pores<\/li>\n<li>Carte de d\u00e9grad\u00e9 Skintone<\/li>\n<li>Pigment cutan\u00e9<\/li>\n<li>Texture de bruit<\/li>\n<li>Texture de bruit manuelle<\/li>\n<li>dents blanches<\/li>\n<li>Outil multifonctionnel 10 en 1 pour les yeux<\/li>\n<li>Outil multifonction 5 en 1 pour le visage<\/li>\n<\/ul>\n<p><strong>3 types de vignettes:<\/strong><\/p>\n<ul>\n<li>Noir<\/li>\n<li>blanc<\/li>\n<li>Color\u00e9<\/li>\n<\/ul>\n<p><strong>5 types de nettet\u00e9:<\/strong><\/p>\n<ul>\n<li>Masque flou<\/li>\n<li>Nettet\u00e9 passe-haut<\/li>\n<li>Nettet\u00e9 passe-haut locale<\/li>\n<li>Multi nettet\u00e9<\/li>\n<li>Une m\u00e9thode unique pour aff\u00fbter les bords de la peau sans toucher la peau elle-m\u00eame<\/li>\n<\/ul>\n<p><strong>Configuration logicielle requise pour cet outil ultime de retouche de la peau<\/strong>:<\/p>\n<ul>\n<li>Panneau disponible pour photoshop CC2020, CC2019, CC2018, CC2017, CC2015, CC2014, CC, CS6<\/li>\n<li>Prise en charge de toutes les langues<\/li>\n<li>Prise en charge Mac et Windows<\/li>\n<\/ul>\n<p>&nbsp;<\/p>\n<h3>Voici un aper\u00e7u de cet outil de retouche de peau ultime<\/h3>\n<p>&nbsp;<\/p>\n<p><img decoding=\"async\" class=\"alignnone\" src=\"http:\/\/graphimarket.com\/wp-content\/uploads\/the-ultimate-retouching-panel\/2-min.jpg\" \/><img decoding=\"async\" class=\"alignnone\" style=\"font-style: inherit; font-weight: inherit;\" src=\"http:\/\/graphimarket.com\/wp-content\/uploads\/the-ultimate-retouching-panel\/3-min.jpg\" \/><img decoding=\"async\" src=\"http:\/\/graphimarket.com\/wp-content\/uploads\/the-ultimate-retouching-panel\/4-min.jpg\" \/><img decoding=\"async\" src=\"http:\/\/graphimarket.com\/wp-content\/uploads\/the-ultimate-retouching-panel\/5-min.jpg\" \/><img decoding=\"async\" src=\"http:\/\/graphimarket.com\/wp-content\/uploads\/the-ultimate-retouching-panel\/6-min.jpg\" \/><\/p>\n<h3><strong>Prenez cet outil de retouche de peau ultime pour seulement\u00a0<del>$299<\/del> $49 aujourd&#039;hui!<\/strong><\/h3>\n<h3>Conditions de l&#039;accord:<\/h3>\n<ul>\n<li>Cet ensemble est disponible en t\u00e9l\u00e9chargement instantan\u00e9, une fois votre achat termin\u00e9.<\/li>\n<li>Le Bundle peut \u00eatre utilis\u00e9 \u00e0 des fins personnelles et commerciales avec un nombre illimit\u00e9 de projets.<\/li>\n<li>Les produits finis ne doivent pas \u00eatre utilis\u00e9s ou vendus d&#039;une mani\u00e8re qui soit directement en concurrence avec l&#039;article d&#039;origine que vous avez achet\u00e9.<\/li>\n<li>Il ne peut pas \u00eatre sous-licenci\u00e9, revendu, partag\u00e9, transf\u00e9r\u00e9 ou redistribu\u00e9 par lui-m\u00eame. Vous ne pouvez pas partager ces ressources avec d&#039;autres.<\/li>\n<li>Vous obtiendrez un acc\u00e8s \u00e0 vie \u00e0 l&#039;ensemble.<\/li>\n<\/ul>","protected":false},"excerpt":{"rendered":"<p>The Ultimate Skin Retouching Tool to Soften &amp; Smoothen Skin! Retouching skin requires attention to detail and accuracy, but not every technique has to be overly complicated or time-consuming. Wish there could be an ultimate skin retouching tool to do all the hard work. Graphimarket present the ultimate skin retouch panel. This tool lets you [&hellip;]<\/p>\n","protected":false},"featured_media":13143,"comment_status":"open","ping_status":"closed","template":"","meta":{"site-sidebar-layout":"default","site-content-layout":"default","ast-site-content-layout":"default","site-content-style":"default","site-sidebar-style":"default","ast-global-header-display":"","ast-banner-title-visibility":"","ast-main-header-display":"","ast-hfb-above-header-display":"","ast-hfb-below-header-display":"","ast-hfb-mobile-header-display":"","site-post-title":"","ast-breadcrumbs-content":"","ast-featured-img":"","footer-sml-layout":"","ast-disable-related-posts":"","theme-transparent-header-meta":"default","adv-header-id-meta":"","stick-header-meta":"","header-above-stick-meta":"","header-main-stick-meta":"","header-below-stick-meta":"","astra-migrate-meta-layouts":"default","ast-page-background-enabled":"default","ast-page-background-meta":{"desktop":{"background-color":"","background-image":"","background-repeat":"repeat","background-position":"center center","background-size":"auto","background-attachment":"scroll","background-type":"","background-media":"","overlay-type":"","overlay-color":"","overlay-opacity":"","overlay-gradient":""},"tablet":{"background-color":"","background-image":"","background-repeat":"repeat","background-position":"center center","background-size":"auto","background-attachment":"scroll","background-type":"","background-media":"","overlay-type":"","overlay-color":"","overlay-opacity":"","overlay-gradient":""},"mobile":{"background-color":"","background-image":"","background-repeat":"repeat","background-position":"center center","background-size":"auto","background-attachment":"scroll","background-type":"","background-media":"","overlay-type":"","overlay-color":"","overlay-opacity":"","overlay-gradient":""}},"ast-content-background-meta":{"desktop":{"background-color":"var(--ast-global-color-5)","background-image":"","background-repeat":"repeat","background-position":"center center","background-size":"auto","background-attachment":"scroll","background-type":"","background-media":"","overlay-type":"","overlay-color":"","overlay-opacity":"","overlay-gradient":""},"tablet":{"background-color":"var(--ast-global-color-5)","background-image":"","background-repeat":"repeat","background-position":"center center","background-size":"auto","background-attachment":"scroll","background-type":"","background-media":"","overlay-type":"","overlay-color":"","overlay-opacity":"","overlay-gradient":""},"mobile":{"background-color":"var(--ast-global-color-5)","background-image":"","background-repeat":"repeat","background-position":"center center","background-size":"auto","background-attachment":"scroll","background-type":"","background-media":"","overlay-type":"","overlay-color":"","overlay-opacity":"","overlay-gradient":""}}},"product_brand":[],"product_cat":[102,103,193,144,145,195,146,148],"product_tag":[],"class_list":{"0":"post-13142","1":"product","2":"type-product","3":"status-publish","4":"has-post-thumbnail","6":"product_cat-beauty-retouch-tool","7":"product_cat-best-deals","8":"product_cat-graphic-design","9":"product_cat-photo-editor","10":"product_cat-photography","11":"product_cat-photoshop","12":"product_cat-photoshop-action","13":"product_cat-plugins","14":"desktop-align-left","15":"tablet-align-left","16":"mobile-align-left","18":"first","19":"instock","20":"sale","21":"downloadable","22":"virtual","23":"taxable","24":"purchasable","25":"product-type-simple"},"yoast_head":"<!-- This site is optimized with the Yoast SEO plugin v27.3 - https:\/\/yoast.com\/product\/yoast-seo-wordpress\/ -->\n<title>The Ultimate Skin Retouch Panel For Photoshop - Graphimarket<\/title>\n<meta name=\"description\" content=\"Retouching skin requires attention to detail and accuracy, but not every technique has to be overly complicated or time-consuming.\" \/>\n<meta name=\"robots\" content=\"index, follow, max-snippet:-1, max-image-preview:large, max-video-preview:-1\" \/>\n<link rel=\"canonical\" href=\"https:\/\/graphimarket.com\/fr\/product\/the-ultimate-skin-retouch-panel-for-photoshop\/\" \/>\n<meta property=\"og:locale\" content=\"fr_FR\" \/>\n<meta property=\"og:type\" content=\"article\" \/>\n<meta property=\"og:title\" content=\"The Ultimate Skin Retouch Panel For Photoshop - Graphimarket\" \/>\n<meta property=\"og:description\" content=\"Retouching skin requires attention to detail and accuracy, but not every technique has to be overly complicated or time-consuming.\" \/>\n<meta property=\"og:url\" content=\"https:\/\/graphimarket.com\/fr\/product\/the-ultimate-skin-retouch-panel-for-photoshop\/\" \/>\n<meta property=\"og:site_name\" content=\"Graphimarket\" \/>\n<meta property=\"article:modified_time\" content=\"2024-02-09T18:23:13+00:00\" \/>\n<meta property=\"og:image\" content=\"https:\/\/graphimarket.com\/wp-content\/uploads\/2020\/11\/The-Ultimate-Skin-Retouch-Panel-For-PS-Download.jpg\" \/>\n\t<meta property=\"og:image:width\" content=\"800\" \/>\n\t<meta property=\"og:image:height\" content=\"500\" \/>\n\t<meta property=\"og:image:type\" content=\"image\/jpeg\" \/>\n<meta name=\"twitter:card\" content=\"summary_large_image\" \/>\n<meta name=\"twitter:label1\" content=\"Est. reading time\" \/>\n\t<meta name=\"twitter:data1\" content=\"2 minutes\" \/>\n<script type=\"application\/ld+json\" class=\"yoast-schema-graph\">{\"@context\":\"https:\\\/\\\/schema.org\",\"@graph\":[{\"@type\":\"WebPage\",\"@id\":\"https:\\\/\\\/graphimarket.com\\\/product\\\/the-ultimate-skin-retouch-panel-for-photoshop\\\/\",\"url\":\"https:\\\/\\\/graphimarket.com\\\/product\\\/the-ultimate-skin-retouch-panel-for-photoshop\\\/\",\"name\":\"The Ultimate Skin Retouch Panel For Photoshop - Graphimarket\",\"isPartOf\":{\"@id\":\"https:\\\/\\\/graphimarket.com\\\/fr\\\/#website\"},\"primaryImageOfPage\":{\"@id\":\"https:\\\/\\\/graphimarket.com\\\/product\\\/the-ultimate-skin-retouch-panel-for-photoshop\\\/#primaryimage\"},\"image\":{\"@id\":\"https:\\\/\\\/graphimarket.com\\\/product\\\/the-ultimate-skin-retouch-panel-for-photoshop\\\/#primaryimage\"},\"thumbnailUrl\":\"https:\\\/\\\/graphimarket.com\\\/wp-content\\\/uploads\\\/2020\\\/11\\\/The-Ultimate-Skin-Retouch-Panel-For-PS-Download.jpg\",\"datePublished\":\"2020-11-17T14:35:31+00:00\",\"dateModified\":\"2024-02-09T18:23:13+00:00\",\"description\":\"Retouching skin requires attention to detail and accuracy, but not every technique has to be overly complicated or time-consuming.\",\"breadcrumb\":{\"@id\":\"https:\\\/\\\/graphimarket.com\\\/product\\\/the-ultimate-skin-retouch-panel-for-photoshop\\\/#breadcrumb\"},\"inLanguage\":\"fr-FR\",\"potentialAction\":[{\"@type\":\"ReadAction\",\"target\":[\"https:\\\/\\\/graphimarket.com\\\/product\\\/the-ultimate-skin-retouch-panel-for-photoshop\\\/\"]}]},{\"@type\":\"ImageObject\",\"inLanguage\":\"fr-FR\",\"@id\":\"https:\\\/\\\/graphimarket.com\\\/product\\\/the-ultimate-skin-retouch-panel-for-photoshop\\\/#primaryimage\",\"url\":\"https:\\\/\\\/graphimarket.com\\\/wp-content\\\/uploads\\\/2020\\\/11\\\/The-Ultimate-Skin-Retouch-Panel-For-PS-Download.jpg\",\"contentUrl\":\"https:\\\/\\\/graphimarket.com\\\/wp-content\\\/uploads\\\/2020\\\/11\\\/The-Ultimate-Skin-Retouch-Panel-For-PS-Download.jpg\",\"width\":800,\"height\":500},{\"@type\":\"BreadcrumbList\",\"@id\":\"https:\\\/\\\/graphimarket.com\\\/product\\\/the-ultimate-skin-retouch-panel-for-photoshop\\\/#breadcrumb\",\"itemListElement\":[{\"@type\":\"ListItem\",\"position\":1,\"name\":\"Home\",\"item\":\"https:\\\/\\\/graphimarket.com\\\/es\\\/\"},{\"@type\":\"ListItem\",\"position\":2,\"name\":\"Store\",\"item\":\"https:\\\/\\\/graphimarket.com\\\/store\\\/\"},{\"@type\":\"ListItem\",\"position\":3,\"name\":\"The Ultimate Skin Retouch Panel For Photoshop\"}]},{\"@type\":\"WebSite\",\"@id\":\"https:\\\/\\\/graphimarket.com\\\/fr\\\/#website\",\"url\":\"https:\\\/\\\/graphimarket.com\\\/fr\\\/\",\"name\":\"Graphimarket\",\"description\":\"Find the perfect creative asset to bring your project to life\",\"publisher\":{\"@id\":\"https:\\\/\\\/graphimarket.com\\\/fr\\\/#organization\"},\"potentialAction\":[{\"@type\":\"SearchAction\",\"target\":{\"@type\":\"EntryPoint\",\"urlTemplate\":\"https:\\\/\\\/graphimarket.com\\\/fr\\\/?s={search_term_string}\"},\"query-input\":{\"@type\":\"PropertyValueSpecification\",\"valueRequired\":true,\"valueName\":\"search_term_string\"}}],\"inLanguage\":\"fr-FR\"},{\"@type\":\"Organization\",\"@id\":\"https:\\\/\\\/graphimarket.com\\\/fr\\\/#organization\",\"name\":\"Graphimarket\",\"url\":\"https:\\\/\\\/graphimarket.com\\\/fr\\\/\",\"logo\":{\"@type\":\"ImageObject\",\"inLanguage\":\"fr-FR\",\"@id\":\"https:\\\/\\\/graphimarket.com\\\/fr\\\/#\\\/schema\\\/logo\\\/image\\\/\",\"url\":\"https:\\\/\\\/graphimarket.com\\\/wp-content\\\/uploads\\\/2020\\\/08\\\/logo-48.png\",\"contentUrl\":\"https:\\\/\\\/graphimarket.com\\\/wp-content\\\/uploads\\\/2020\\\/08\\\/logo-48.png\",\"width\":132,\"height\":48,\"caption\":\"Graphimarket\"},\"image\":{\"@id\":\"https:\\\/\\\/graphimarket.com\\\/fr\\\/#\\\/schema\\\/logo\\\/image\\\/\"}}]}<\/script>\n<!-- \/ Yoast SEO plugin. -->","yoast_head_json":{"title":"Le panneau de retouche ultime de la peau pour Photoshop - Graphimarket","description":"Retoucher la peau n\u00e9cessite une attention aux d\u00e9tails et \u00e0 la pr\u00e9cision, mais toutes les techniques ne doivent pas n\u00e9cessairement \u00eatre trop compliqu\u00e9es ou prendre du temps.","robots":{"index":"index","follow":"follow","max-snippet":"max-snippet:-1","max-image-preview":"max-image-preview:large","max-video-preview":"max-video-preview:-1"},"canonical":"https:\/\/graphimarket.com\/fr\/product\/the-ultimate-skin-retouch-panel-for-photoshop\/","og_locale":"fr_FR","og_type":"article","og_title":"The Ultimate Skin Retouch Panel For Photoshop - Graphimarket","og_description":"Retouching skin requires attention to detail and accuracy, but not every technique has to be overly complicated or time-consuming.","og_url":"https:\/\/graphimarket.com\/fr\/product\/the-ultimate-skin-retouch-panel-for-photoshop\/","og_site_name":"Graphimarket","article_modified_time":"2024-02-09T18:23:13+00:00","og_image":[{"width":800,"height":500,"url":"https:\/\/graphimarket.com\/wp-content\/uploads\/2020\/11\/The-Ultimate-Skin-Retouch-Panel-For-PS-Download.jpg","type":"image\/jpeg"}],"twitter_card":"summary_large_image","twitter_misc":{"Est. reading time":"2 minutes"},"schema":{"@context":"https:\/\/schema.org","@graph":[{"@type":"WebPage","@id":"https:\/\/graphimarket.com\/product\/the-ultimate-skin-retouch-panel-for-photoshop\/","url":"https:\/\/graphimarket.com\/product\/the-ultimate-skin-retouch-panel-for-photoshop\/","name":"Le panneau de retouche ultime de la peau pour Photoshop - Graphimarket","isPartOf":{"@id":"https:\/\/graphimarket.com\/fr\/#website"},"primaryImageOfPage":{"@id":"https:\/\/graphimarket.com\/product\/the-ultimate-skin-retouch-panel-for-photoshop\/#primaryimage"},"image":{"@id":"https:\/\/graphimarket.com\/product\/the-ultimate-skin-retouch-panel-for-photoshop\/#primaryimage"},"thumbnailUrl":"https:\/\/graphimarket.com\/wp-content\/uploads\/2020\/11\/The-Ultimate-Skin-Retouch-Panel-For-PS-Download.jpg","datePublished":"2020-11-17T14:35:31+00:00","dateModified":"2024-02-09T18:23:13+00:00","description":"Retoucher la peau n\u00e9cessite une attention aux d\u00e9tails et \u00e0 la pr\u00e9cision, mais toutes les techniques ne doivent pas n\u00e9cessairement \u00eatre trop compliqu\u00e9es ou prendre du temps.","breadcrumb":{"@id":"https:\/\/graphimarket.com\/product\/the-ultimate-skin-retouch-panel-for-photoshop\/#breadcrumb"},"inLanguage":"fr-FR","potentialAction":[{"@type":"ReadAction","target":["https:\/\/graphimarket.com\/product\/the-ultimate-skin-retouch-panel-for-photoshop\/"]}]},{"@type":"ImageObject","inLanguage":"fr-FR","@id":"https:\/\/graphimarket.com\/product\/the-ultimate-skin-retouch-panel-for-photoshop\/#primaryimage","url":"https:\/\/graphimarket.com\/wp-content\/uploads\/2020\/11\/The-Ultimate-Skin-Retouch-Panel-For-PS-Download.jpg","contentUrl":"https:\/\/graphimarket.com\/wp-content\/uploads\/2020\/11\/The-Ultimate-Skin-Retouch-Panel-For-PS-Download.jpg","width":800,"height":500},{"@type":"BreadcrumbList","@id":"https:\/\/graphimarket.com\/product\/the-ultimate-skin-retouch-panel-for-photoshop\/#breadcrumb","itemListElement":[{"@type":"ListItem","position":1,"name":"Home","item":"https:\/\/graphimarket.com\/es\/"},{"@type":"ListItem","position":2,"name":"Store","item":"https:\/\/graphimarket.com\/store\/"},{"@type":"ListItem","position":3,"name":"The Ultimate Skin Retouch Panel For Photoshop"}]},{"@type":"WebSite","@id":"https:\/\/graphimarket.com\/fr\/#website","url":"https:\/\/graphimarket.com\/fr\/","name":"Graphimarket","description":"Trouvez l&#039;atout cr\u00e9atif parfait pour donner vie \u00e0 votre projet","publisher":{"@id":"https:\/\/graphimarket.com\/fr\/#organization"},"potentialAction":[{"@type":"SearchAction","target":{"@type":"EntryPoint","urlTemplate":"https:\/\/graphimarket.com\/fr\/?s={search_term_string}"},"query-input":{"@type":"PropertyValueSpecification","valueRequired":true,"valueName":"search_term_string"}}],"inLanguage":"fr-FR"},{"@type":"Organization","@id":"https:\/\/graphimarket.com\/fr\/#organization","name":"Graphimarket","url":"https:\/\/graphimarket.com\/fr\/","logo":{"@type":"ImageObject","inLanguage":"fr-FR","@id":"https:\/\/graphimarket.com\/fr\/#\/schema\/logo\/image\/","url":"https:\/\/graphimarket.com\/wp-content\/uploads\/2020\/08\/logo-48.png","contentUrl":"https:\/\/graphimarket.com\/wp-content\/uploads\/2020\/08\/logo-48.png","width":132,"height":48,"caption":"Graphimarket"},"image":{"@id":"https:\/\/graphimarket.com\/fr\/#\/schema\/logo\/image\/"}}]}},"_links":{"self":[{"href":"https:\/\/graphimarket.com\/fr\/wp-json\/wp\/v2\/product\/13142","targetHints":{"allow":["GET"]}}],"collection":[{"href":"https:\/\/graphimarket.com\/fr\/wp-json\/wp\/v2\/product"}],"about":[{"href":"https:\/\/graphimarket.com\/fr\/wp-json\/wp\/v2\/types\/product"}],"replies":[{"embeddable":true,"href":"https:\/\/graphimarket.com\/fr\/wp-json\/wp\/v2\/comments?post=13142"}],"version-history":[{"count":0,"href":"https:\/\/graphimarket.com\/fr\/wp-json\/wp\/v2\/product\/13142\/revisions"}],"wp:featuredmedia":[{"embeddable":true,"href":"https:\/\/graphimarket.com\/fr\/wp-json\/wp\/v2\/media\/13143"}],"wp:attachment":[{"href":"https:\/\/graphimarket.com\/fr\/wp-json\/wp\/v2\/media?parent=13142"}],"wp:term":[{"taxonomy":"product_brand","embeddable":true,"href":"https:\/\/graphimarket.com\/fr\/wp-json\/wp\/v2\/product_brand?post=13142"},{"taxonomy":"product_cat","embeddable":true,"href":"https:\/\/graphimarket.com\/fr\/wp-json\/wp\/v2\/product_cat?post=13142"},{"taxonomy":"product_tag","embeddable":true,"href":"https:\/\/graphimarket.com\/fr\/wp-json\/wp\/v2\/product_tag?post=13142"}],"curies":[{"name":"wp","href":"https:\/\/api.w.org\/{rel}","templated":true}]}}