{"id":13849,"date":"2020-12-09T16:05:08","date_gmt":"2020-12-09T15:05:08","guid":{"rendered":"https:\/\/graphimarket.com\/?post_type=product&#038;p=13849"},"modified":"2022-12-19T09:26:00","modified_gmt":"2022-12-19T08:26:00","slug":"3d-parallax-animated-photoshop-actions","status":"publish","type":"product","link":"https:\/\/graphimarket.com\/fr\/product\/3d-parallax-animated-photoshop-actions\/","title":{"rendered":"Actions Photoshop anim\u00e9es par parallaxe 3D"},"content":{"rendered":"<p>&nbsp;<\/p>\n<p><img fetchpriority=\"high\" decoding=\"async\" class=\"alignnone size-full wp-image-13861\" src=\"https:\/\/graphimarket.com\/wp-content\/uploads\/2020\/12\/Preview.jpg\" alt=\"\" width=\"590\" height=\"1098\" srcset=\"https:\/\/graphimarket.com\/wp-content\/uploads\/2020\/12\/Preview.jpg 590w, https:\/\/graphimarket.com\/wp-content\/uploads\/2020\/12\/Preview-161x300.jpg 161w, https:\/\/graphimarket.com\/wp-content\/uploads\/2020\/12\/Preview-550x1024.jpg 550w, https:\/\/graphimarket.com\/wp-content\/uploads\/2020\/12\/Preview-6x12.jpg 6w\" sizes=\"(max-width: 590px) 100vw, 590px\" \/><img decoding=\"async\" class=\"alignnone size-full wp-image-13851\" src=\"https:\/\/graphimarket.com\/wp-content\/uploads\/2020\/12\/68747470733a2f2f692e706f7374696d672e63632f6e7a35736d6256782f3132612e6a7067.jpg\" alt=\"\" width=\"616\" height=\"375\" srcset=\"https:\/\/graphimarket.com\/wp-content\/uploads\/2020\/12\/68747470733a2f2f692e706f7374696d672e63632f6e7a35736d6256782f3132612e6a7067.jpg 616w, https:\/\/graphimarket.com\/wp-content\/uploads\/2020\/12\/68747470733a2f2f692e706f7374696d672e63632f6e7a35736d6256782f3132612e6a7067-300x183.jpg 300w, https:\/\/graphimarket.com\/wp-content\/uploads\/2020\/12\/68747470733a2f2f692e706f7374696d672e63632f6e7a35736d6256782f3132612e6a7067-16x10.jpg 16w, https:\/\/graphimarket.com\/wp-content\/uploads\/2020\/12\/68747470733a2f2f692e706f7374696d672e63632f6e7a35736d6256782f3132612e6a7067-600x365.jpg 600w\" sizes=\"(max-width: 616px) 100vw, 616px\" \/><\/p>\n<p><img decoding=\"async\" class=\"alignnone size-full wp-image-13850\" src=\"https:\/\/graphimarket.com\/wp-content\/uploads\/2020\/12\/68747470733a2f2f692e706f7374696d672e63632f6e7276634d3638382f31322e676966.gif\" alt=\"\" width=\"616\" height=\"800\" \/><\/p>\n<p><img loading=\"lazy\" decoding=\"async\" class=\"alignnone size-full wp-image-13853\" src=\"https:\/\/graphimarket.com\/wp-content\/uploads\/2020\/12\/68747470733a2f2f692e706f7374696d672e63632f504a38336a6a56462f38612e6a7067.jpg\" alt=\"\" width=\"616\" height=\"167\" srcset=\"https:\/\/graphimarket.com\/wp-content\/uploads\/2020\/12\/68747470733a2f2f692e706f7374696d672e63632f504a38336a6a56462f38612e6a7067.jpg 616w, https:\/\/graphimarket.com\/wp-content\/uploads\/2020\/12\/68747470733a2f2f692e706f7374696d672e63632f504a38336a6a56462f38612e6a7067-300x81.jpg 300w, https:\/\/graphimarket.com\/wp-content\/uploads\/2020\/12\/68747470733a2f2f692e706f7374696d672e63632f504a38336a6a56462f38612e6a7067-16x4.jpg 16w, https:\/\/graphimarket.com\/wp-content\/uploads\/2020\/12\/68747470733a2f2f692e706f7374696d672e63632f504a38336a6a56462f38612e6a7067-600x163.jpg 600w\" sizes=\"(max-width: 616px) 100vw, 616px\" \/><\/p>\n<p><img loading=\"lazy\" decoding=\"async\" class=\"alignnone size-full wp-image-13854\" src=\"https:\/\/graphimarket.com\/wp-content\/uploads\/2020\/12\/68747470733a2f2f692e706f7374696d672e63632f7a58776d624370322f382e676966.gif\" alt=\"\" width=\"616\" height=\"411\" \/><img loading=\"lazy\" decoding=\"async\" class=\"alignnone size-full wp-image-13855\" src=\"https:\/\/graphimarket.com\/wp-content\/uploads\/2020\/12\/68747470733a2f2f692e706f7374696d672e63632f3532476d664776682f39612e6a7067.jpg\" alt=\"\" width=\"616\" height=\"375\" srcset=\"https:\/\/graphimarket.com\/wp-content\/uploads\/2020\/12\/68747470733a2f2f692e706f7374696d672e63632f3532476d664776682f39612e6a7067.jpg 616w, https:\/\/graphimarket.com\/wp-content\/uploads\/2020\/12\/68747470733a2f2f692e706f7374696d672e63632f3532476d664776682f39612e6a7067-300x183.jpg 300w, https:\/\/graphimarket.com\/wp-content\/uploads\/2020\/12\/68747470733a2f2f692e706f7374696d672e63632f3532476d664776682f39612e6a7067-16x10.jpg 16w, https:\/\/graphimarket.com\/wp-content\/uploads\/2020\/12\/68747470733a2f2f692e706f7374696d672e63632f3532476d664776682f39612e6a7067-600x365.jpg 600w\" sizes=\"(max-width: 616px) 100vw, 616px\" \/><img loading=\"lazy\" decoding=\"async\" class=\"alignnone size-full wp-image-13856\" src=\"https:\/\/graphimarket.com\/wp-content\/uploads\/2020\/12\/68747470733a2f2f692e706f7374696d672e63632f58716d76727738592f392e676966.gif\" alt=\"\" width=\"616\" height=\"800\" \/><img loading=\"lazy\" decoding=\"async\" class=\"alignnone size-full wp-image-13857\" src=\"https:\/\/graphimarket.com\/wp-content\/uploads\/2020\/12\/68747470733a2f2f692e706f7374696d672e63632f72733552536e59502f34612e6a7067.jpg\" alt=\"\" width=\"616\" height=\"250\" srcset=\"https:\/\/graphimarket.com\/wp-content\/uploads\/2020\/12\/68747470733a2f2f692e706f7374696d672e63632f72733552536e59502f34612e6a7067.jpg 616w, https:\/\/graphimarket.com\/wp-content\/uploads\/2020\/12\/68747470733a2f2f692e706f7374696d672e63632f72733552536e59502f34612e6a7067-300x122.jpg 300w, https:\/\/graphimarket.com\/wp-content\/uploads\/2020\/12\/68747470733a2f2f692e706f7374696d672e63632f72733552536e59502f34612e6a7067-16x6.jpg 16w, https:\/\/graphimarket.com\/wp-content\/uploads\/2020\/12\/68747470733a2f2f692e706f7374696d672e63632f72733552536e59502f34612e6a7067-600x244.jpg 600w\" sizes=\"(max-width: 616px) 100vw, 616px\" \/><img loading=\"lazy\" decoding=\"async\" class=\"alignnone size-full wp-image-13858\" src=\"https:\/\/graphimarket.com\/wp-content\/uploads\/2020\/12\/68747470733a2f2f692e706f7374696d672e63632f70646679376253392f342e676966.gif\" alt=\"\" width=\"616\" height=\"616\" \/><img loading=\"lazy\" decoding=\"async\" class=\"alignnone size-full wp-image-13859\" src=\"https:\/\/graphimarket.com\/wp-content\/uploads\/2020\/12\/68747470733a2f2f692e706f7374696d672e63632f6343626e516843642f372e676966.gif\" alt=\"\" width=\"616\" height=\"347\" \/> <img loading=\"lazy\" decoding=\"async\" class=\"alignnone size-full wp-image-13860\" src=\"https:\/\/graphimarket.com\/wp-content\/uploads\/2020\/12\/68747470733a2f2f692e706f7374696d672e63632f6a357174527258462f342e676966.gif\" alt=\"\" width=\"616\" height=\"347\" \/><\/p>\n<p><img loading=\"lazy\" decoding=\"async\" class=\"alignnone size-full wp-image-13864\" src=\"https:\/\/graphimarket.com\/wp-content\/uploads\/2020\/12\/68747470733a2f2f692e706f7374696d672e63632f727350397a5933522f3131612e6a7067.jpg\" alt=\"\" width=\"616\" height=\"167\" srcset=\"https:\/\/graphimarket.com\/wp-content\/uploads\/2020\/12\/68747470733a2f2f692e706f7374696d672e63632f727350397a5933522f3131612e6a7067.jpg 616w, https:\/\/graphimarket.com\/wp-content\/uploads\/2020\/12\/68747470733a2f2f692e706f7374696d672e63632f727350397a5933522f3131612e6a7067-300x81.jpg 300w, https:\/\/graphimarket.com\/wp-content\/uploads\/2020\/12\/68747470733a2f2f692e706f7374696d672e63632f727350397a5933522f3131612e6a7067-16x4.jpg 16w, https:\/\/graphimarket.com\/wp-content\/uploads\/2020\/12\/68747470733a2f2f692e706f7374696d672e63632f727350397a5933522f3131612e6a7067-600x163.jpg 600w\" sizes=\"(max-width: 616px) 100vw, 616px\" \/><img loading=\"lazy\" decoding=\"async\" class=\"alignnone size-full wp-image-13865\" src=\"https:\/\/graphimarket.com\/wp-content\/uploads\/2020\/12\/68747470733a2f2f692e706f7374696d672e63632f7776424a4a5168582f31312e676966.gif\" alt=\"\" width=\"616\" height=\"411\" \/><img loading=\"lazy\" decoding=\"async\" class=\"alignnone size-full wp-image-13866\" src=\"https:\/\/graphimarket.com\/wp-content\/uploads\/2020\/12\/68747470733a2f2f692e706f7374696d672e63632f46486451576d68622f37612e6a7067.jpg\" alt=\"\" width=\"616\" height=\"167\" srcset=\"https:\/\/graphimarket.com\/wp-content\/uploads\/2020\/12\/68747470733a2f2f692e706f7374696d672e63632f46486451576d68622f37612e6a7067.jpg 616w, https:\/\/graphimarket.com\/wp-content\/uploads\/2020\/12\/68747470733a2f2f692e706f7374696d672e63632f46486451576d68622f37612e6a7067-300x81.jpg 300w, https:\/\/graphimarket.com\/wp-content\/uploads\/2020\/12\/68747470733a2f2f692e706f7374696d672e63632f46486451576d68622f37612e6a7067-16x4.jpg 16w, https:\/\/graphimarket.com\/wp-content\/uploads\/2020\/12\/68747470733a2f2f692e706f7374696d672e63632f46486451576d68622f37612e6a7067-600x163.jpg 600w\" sizes=\"(max-width: 616px) 100vw, 616px\" \/><img loading=\"lazy\" decoding=\"async\" class=\"alignnone size-full wp-image-13867\" src=\"https:\/\/graphimarket.com\/wp-content\/uploads\/2020\/12\/68747470733a2f2f692e706f7374696d672e63632f793871715766465a2f372e676966.gif\" alt=\"\" width=\"616\" height=\"410\" \/><\/p>\n<p>&nbsp;<\/p>\n<p>&nbsp;<\/p>\n<h2 id=\"item-description__3d-parallax-animated-photoshop-actions\">Actions Photoshop anim\u00e9es par parallaxe 3D<\/h2>\n<p>Faire votre\u00a0<strong>les photos prennent vie<\/strong>\u00a0avec \u00e7a\u00a0<strong>facile \u00e0 utiliser<\/strong>\u00a0ensemble de\u00a0<strong>Actions Photoshop de parallaxe 3D<\/strong>. Ouvrez votre photo, remplissez votre sujet avec une couleur et jouez simplement l&#039;action de votre choix ! Cr\u00e9ation de cette avanc\u00e9e\u00a0<strong>effet de parallaxe<\/strong>\u00a0les animations\/vid\u00e9os \u00e0 partir de photos statiques n&#039;ont jamais \u00e9t\u00e9 aussi\u00a0<strong>facile et amusant<\/strong>.<\/p>\n<p>Il y a\u00a0<strong>Plus de 95 actions incluses<\/strong>\u00a0que vous pouvez combiner et cr\u00e9er\u00a0<strong>Plus de 5500 effets de parallaxe uniques<\/strong>\u00a0combinaisons\u00a0! Vous choisissez la direction dans laquelle le sujet\/l&#039;arri\u00e8re-plan se d\u00e9placera ou se transformera, et vous choisissez la distance et la taille\u00a0!<\/p>\n<p>Apr\u00e8s avoir cr\u00e9\u00e9 le parfait\u00a0<strong>effet de parallaxe<\/strong>, vous pouvez ex\u00e9cuter le\u00a0<strong>actions d&#039;ajustement<\/strong>\u00a0qui sont inclus pour renforcer davantage l&#039;effet. Il y a\u00a0<strong>25 actions de couleurs incluses<\/strong>\u00a0ainsi que d&#039;autres actions d&#039;ajustement.<\/p>\n<p>Une fois que vous \u00eates satisfait de l&#039;effet, vous pouvez facilement\u00a0<strong>exporter une animation ou une vid\u00e9o<\/strong>\u00a0en utilisant les actions incluses.<\/p>\n<p>&nbsp;<\/p>\n<h4 id=\"item-description__features\">FONCTIONNALIT\u00c9S:<\/h4>\n<ul>\n<li>Transforme la photo statique en animation\/vid\u00e9o.<\/li>\n<li>Simple, facile et amusant \u00e0 utiliser - m\u00eame pour les d\u00e9butants.<\/li>\n<li>\u00c9conomise des heures et des jours de travail.<\/li>\n<li>Plus de 95 actions incluses.<\/li>\n<li>5500+ combinaisons totales.<\/li>\n<li>R\u00e9sultats enti\u00e8rement stratifi\u00e9s et personnalisables - chaque \u00e9l\u00e9ment est une seule couche.<\/li>\n<li>Beaucoup d&#039;options pour personnaliser les r\u00e9sultats.<\/li>\n<li>Actions d&#039;ajustement incluses.<\/li>\n<li>25 couleurs d&#039;action incluses.<\/li>\n<li>Actions de changement de vitesse d&#039;animation incluses. - NOUVEAU<\/li>\n<li>Action cin\u00e9matographique incluse. - NOUVEAU<\/li>\n<li>Actions d&#039;exportation incluses.<\/li>\n<li>Tutoriel vid\u00e9o inclus.<\/li>\n<\/ul>\n<h4 id=\"item-description__compatibility\">COMPATIBILIT\u00c9:<\/h4>\n<p>L&#039;action est test\u00e9e et fonctionne dans Photoshop (versions anglaises) CS6, CC, CC 2015.5, CC 2017, CC 2018, CC 2019, CC 2020+ (avec l&#039;option &#039;Timeline&#039; disponible).<\/p>\n<h4 id=\"item-description__video-tutorial\">DIDACTICIEL VID\u00c9O:<\/h4>\n<p>L&#039;action est accompagn\u00e9e d&#039;un didacticiel vid\u00e9o montrant comment utiliser l&#039;action et comment personnaliser les r\u00e9sultats pour tirer le meilleur parti de l&#039;effet.<\/p>\n<div class=\"ast-oembed-container\" style=\"height: 100%;\"><iframe title=\"Effet Photoshop 3D Parallaxe | Tutoriel Adobe Photoshop\" width=\"500\" height=\"281\" src=\"https:\/\/www.youtube.com\/embed\/mRQ7_zYnJF8?feature=oembed\" frameborder=\"0\" allow=\"accelerometer; autoplay; clipboard-write; encrypted-media; gyroscope; picture-in-picture; web-share\" referrerpolicy=\"strict-origin-when-cross-origin\" allowfullscreen><\/iframe><\/div>","protected":false},"excerpt":{"rendered":"<p>&nbsp; &nbsp; &nbsp; 3D Parallax Animated Photoshop Actions Make your\u00a0photos come to life\u00a0with this\u00a0easy to use\u00a0set of\u00a03D parallax Photoshop actions. Open your photo, fill in your subject with a color and just play the action of your choice! Creating this advanced\u00a0parallax effect\u00a0animations\/videos from a static photos has never been this\u00a0easy and fun. There are\u00a095+ actions [&hellip;]<\/p>\n","protected":false},"featured_media":13867,"comment_status":"open","ping_status":"closed","template":"","meta":{"site-sidebar-layout":"default","site-content-layout":"default","ast-site-content-layout":"default","site-content-style":"default","site-sidebar-style":"default","ast-global-header-display":"","ast-banner-title-visibility":"","ast-main-header-display":"","ast-hfb-above-header-display":"","ast-hfb-below-header-display":"","ast-hfb-mobile-header-display":"","site-post-title":"","ast-breadcrumbs-content":"","ast-featured-img":"","footer-sml-layout":"","ast-disable-related-posts":"","theme-transparent-header-meta":"default","adv-header-id-meta":"","stick-header-meta":"","header-above-stick-meta":"","header-main-stick-meta":"","header-below-stick-meta":"","astra-migrate-meta-layouts":"default","ast-page-background-enabled":"default","ast-page-background-meta":{"desktop":{"background-color":"","background-image":"","background-repeat":"repeat","background-position":"center center","background-size":"auto","background-attachment":"scroll","background-type":"","background-media":"","overlay-type":"","overlay-color":"","overlay-opacity":"","overlay-gradient":""},"tablet":{"background-color":"","background-image":"","background-repeat":"repeat","background-position":"center center","background-size":"auto","background-attachment":"scroll","background-type":"","background-media":"","overlay-type":"","overlay-color":"","overlay-opacity":"","overlay-gradient":""},"mobile":{"background-color":"","background-image":"","background-repeat":"repeat","background-position":"center center","background-size":"auto","background-attachment":"scroll","background-type":"","background-media":"","overlay-type":"","overlay-color":"","overlay-opacity":"","overlay-gradient":""}},"ast-content-background-meta":{"desktop":{"background-color":"var(--ast-global-color-5)","background-image":"","background-repeat":"repeat","background-position":"center center","background-size":"auto","background-attachment":"scroll","background-type":"","background-media":"","overlay-type":"","overlay-color":"","overlay-opacity":"","overlay-gradient":""},"tablet":{"background-color":"var(--ast-global-color-5)","background-image":"","background-repeat":"repeat","background-position":"center center","background-size":"auto","background-attachment":"scroll","background-type":"","background-media":"","overlay-type":"","overlay-color":"","overlay-opacity":"","overlay-gradient":""},"mobile":{"background-color":"var(--ast-global-color-5)","background-image":"","background-repeat":"repeat","background-position":"center center","background-size":"auto","background-attachment":"scroll","background-type":"","background-media":"","overlay-type":"","overlay-color":"","overlay-opacity":"","overlay-gradient":""}}},"product_brand":[],"product_cat":[1828,195,146],"product_tag":[291,292,1802,62,1799],"class_list":{"0":"post-13849","1":"product","2":"type-product","3":"status-publish","4":"has-post-thumbnail","6":"product_cat-gif","7":"product_cat-photoshop","8":"product_cat-photoshop-action","9":"product_tag-3d","10":"product_tag-action","11":"product_tag-parallax","12":"product_tag-photoshop","13":"product_tag-photoshop-action","14":"desktop-align-left","15":"tablet-align-left","16":"mobile-align-left","18":"first","19":"instock","20":"sale","21":"downloadable","22":"virtual","23":"taxable","24":"purchasable","25":"product-type-simple"},"yoast_head":"<!-- This site is optimized with the Yoast SEO plugin v27.3 - https:\/\/yoast.com\/product\/yoast-seo-wordpress\/ -->\n<title>3D Parallax Animated Photoshop Actions - Graphimarket<\/title>\n<meta name=\"description\" content=\"Make your\u00a0photos come to life\u00a0with this\u00a0easy to use\u00a0set of\u00a03D parallax Photoshop actions. Open your photo, fill in your subject with a colo...\" \/>\n<meta name=\"robots\" content=\"index, follow, max-snippet:-1, max-image-preview:large, max-video-preview:-1\" \/>\n<link rel=\"canonical\" href=\"https:\/\/graphimarket.com\/fr\/product\/3d-parallax-animated-photoshop-actions\/\" \/>\n<meta property=\"og:locale\" content=\"fr_FR\" \/>\n<meta property=\"og:type\" content=\"article\" \/>\n<meta property=\"og:title\" content=\"3D Parallax Animated Photoshop Actions - Graphimarket\" \/>\n<meta property=\"og:description\" content=\"Make your\u00a0photos come to life\u00a0with this\u00a0easy to use\u00a0set of\u00a03D parallax Photoshop actions. Open your photo, fill in your subject with a colo...\" \/>\n<meta property=\"og:url\" content=\"https:\/\/graphimarket.com\/fr\/product\/3d-parallax-animated-photoshop-actions\/\" \/>\n<meta property=\"og:site_name\" content=\"Graphimarket\" \/>\n<meta property=\"article:modified_time\" content=\"2022-12-19T08:26:00+00:00\" \/>\n<meta property=\"og:image\" content=\"https:\/\/graphimarket.com\/wp-content\/uploads\/2020\/12\/68747470733a2f2f692e706f7374696d672e63632f793871715766465a2f372e676966.gif\" \/>\n\t<meta property=\"og:image:width\" content=\"616\" \/>\n\t<meta property=\"og:image:height\" content=\"410\" \/>\n\t<meta property=\"og:image:type\" content=\"image\/gif\" \/>\n<meta name=\"twitter:card\" content=\"summary_large_image\" \/>\n<meta name=\"twitter:label1\" content=\"Est. reading time\" \/>\n\t<meta name=\"twitter:data1\" content=\"1 minute\" \/>\n<script type=\"application\/ld+json\" class=\"yoast-schema-graph\">{\"@context\":\"https:\\\/\\\/schema.org\",\"@graph\":[{\"@type\":\"WebPage\",\"@id\":\"https:\\\/\\\/graphimarket.com\\\/es\\\/product\\\/3d-parallax-animated-photoshop-actions\\\/\",\"url\":\"https:\\\/\\\/graphimarket.com\\\/es\\\/product\\\/3d-parallax-animated-photoshop-actions\\\/\",\"name\":\"3D Parallax Animated Photoshop Actions - Graphimarket\",\"isPartOf\":{\"@id\":\"https:\\\/\\\/graphimarket.com\\\/fr\\\/#website\"},\"primaryImageOfPage\":{\"@id\":\"https:\\\/\\\/graphimarket.com\\\/es\\\/product\\\/3d-parallax-animated-photoshop-actions\\\/#primaryimage\"},\"image\":{\"@id\":\"https:\\\/\\\/graphimarket.com\\\/es\\\/product\\\/3d-parallax-animated-photoshop-actions\\\/#primaryimage\"},\"thumbnailUrl\":\"https:\\\/\\\/graphimarket.com\\\/wp-content\\\/uploads\\\/2020\\\/12\\\/68747470733a2f2f692e706f7374696d672e63632f793871715766465a2f372e676966.gif\",\"datePublished\":\"2020-12-09T15:05:08+00:00\",\"dateModified\":\"2022-12-19T08:26:00+00:00\",\"description\":\"Make your\u00a0photos come to life\u00a0with this\u00a0easy to use\u00a0set of\u00a03D parallax Photoshop actions. Open your photo, fill in your subject with a colo...\",\"breadcrumb\":{\"@id\":\"https:\\\/\\\/graphimarket.com\\\/es\\\/product\\\/3d-parallax-animated-photoshop-actions\\\/#breadcrumb\"},\"inLanguage\":\"fr-FR\",\"potentialAction\":[{\"@type\":\"ReadAction\",\"target\":[\"https:\\\/\\\/graphimarket.com\\\/es\\\/product\\\/3d-parallax-animated-photoshop-actions\\\/\"]}]},{\"@type\":\"ImageObject\",\"inLanguage\":\"fr-FR\",\"@id\":\"https:\\\/\\\/graphimarket.com\\\/es\\\/product\\\/3d-parallax-animated-photoshop-actions\\\/#primaryimage\",\"url\":\"https:\\\/\\\/graphimarket.com\\\/wp-content\\\/uploads\\\/2020\\\/12\\\/68747470733a2f2f692e706f7374696d672e63632f793871715766465a2f372e676966.gif\",\"contentUrl\":\"https:\\\/\\\/graphimarket.com\\\/wp-content\\\/uploads\\\/2020\\\/12\\\/68747470733a2f2f692e706f7374696d672e63632f793871715766465a2f372e676966.gif\",\"width\":616,\"height\":410},{\"@type\":\"BreadcrumbList\",\"@id\":\"https:\\\/\\\/graphimarket.com\\\/es\\\/product\\\/3d-parallax-animated-photoshop-actions\\\/#breadcrumb\",\"itemListElement\":[{\"@type\":\"ListItem\",\"position\":1,\"name\":\"Home\",\"item\":\"https:\\\/\\\/graphimarket.com\\\/es\\\/\"},{\"@type\":\"ListItem\",\"position\":2,\"name\":\"Store\",\"item\":\"https:\\\/\\\/graphimarket.com\\\/store\\\/\"},{\"@type\":\"ListItem\",\"position\":3,\"name\":\"3D Parallax Animated Photoshop Actions\"}]},{\"@type\":\"WebSite\",\"@id\":\"https:\\\/\\\/graphimarket.com\\\/fr\\\/#website\",\"url\":\"https:\\\/\\\/graphimarket.com\\\/fr\\\/\",\"name\":\"Graphimarket\",\"description\":\"Find the perfect creative asset to bring your project to life\",\"publisher\":{\"@id\":\"https:\\\/\\\/graphimarket.com\\\/fr\\\/#organization\"},\"potentialAction\":[{\"@type\":\"SearchAction\",\"target\":{\"@type\":\"EntryPoint\",\"urlTemplate\":\"https:\\\/\\\/graphimarket.com\\\/fr\\\/?s={search_term_string}\"},\"query-input\":{\"@type\":\"PropertyValueSpecification\",\"valueRequired\":true,\"valueName\":\"search_term_string\"}}],\"inLanguage\":\"fr-FR\"},{\"@type\":\"Organization\",\"@id\":\"https:\\\/\\\/graphimarket.com\\\/fr\\\/#organization\",\"name\":\"Graphimarket\",\"url\":\"https:\\\/\\\/graphimarket.com\\\/fr\\\/\",\"logo\":{\"@type\":\"ImageObject\",\"inLanguage\":\"fr-FR\",\"@id\":\"https:\\\/\\\/graphimarket.com\\\/fr\\\/#\\\/schema\\\/logo\\\/image\\\/\",\"url\":\"https:\\\/\\\/graphimarket.com\\\/wp-content\\\/uploads\\\/2020\\\/08\\\/logo-48.png\",\"contentUrl\":\"https:\\\/\\\/graphimarket.com\\\/wp-content\\\/uploads\\\/2020\\\/08\\\/logo-48.png\",\"width\":132,\"height\":48,\"caption\":\"Graphimarket\"},\"image\":{\"@id\":\"https:\\\/\\\/graphimarket.com\\\/fr\\\/#\\\/schema\\\/logo\\\/image\\\/\"}}]}<\/script>\n<!-- \/ Yoast SEO plugin. -->","yoast_head_json":{"title":"3D Parallax Animated Photoshop Actions - Graphimarket","description":"Make your\u00a0photos come to life\u00a0with this\u00a0easy to use\u00a0set of\u00a03D parallax Photoshop actions. Open your photo, fill in your subject with a colo...","robots":{"index":"index","follow":"follow","max-snippet":"max-snippet:-1","max-image-preview":"max-image-preview:large","max-video-preview":"max-video-preview:-1"},"canonical":"https:\/\/graphimarket.com\/fr\/product\/3d-parallax-animated-photoshop-actions\/","og_locale":"fr_FR","og_type":"article","og_title":"3D Parallax Animated Photoshop Actions - Graphimarket","og_description":"Make your\u00a0photos come to life\u00a0with this\u00a0easy to use\u00a0set of\u00a03D parallax Photoshop actions. Open your photo, fill in your subject with a colo...","og_url":"https:\/\/graphimarket.com\/fr\/product\/3d-parallax-animated-photoshop-actions\/","og_site_name":"Graphimarket","article_modified_time":"2022-12-19T08:26:00+00:00","og_image":[{"url":"https:\/\/graphimarket.com\/wp-content\/uploads\/2020\/12\/68747470733a2f2f692e706f7374696d672e63632f793871715766465a2f372e676966.gif","width":616,"height":410,"type":"image\/gif"}],"twitter_card":"summary_large_image","twitter_misc":{"Est. reading time":"1 minute"},"schema":{"@context":"https:\/\/schema.org","@graph":[{"@type":"WebPage","@id":"https:\/\/graphimarket.com\/es\/product\/3d-parallax-animated-photoshop-actions\/","url":"https:\/\/graphimarket.com\/es\/product\/3d-parallax-animated-photoshop-actions\/","name":"3D Parallax Animated Photoshop Actions - Graphimarket","isPartOf":{"@id":"https:\/\/graphimarket.com\/fr\/#website"},"primaryImageOfPage":{"@id":"https:\/\/graphimarket.com\/es\/product\/3d-parallax-animated-photoshop-actions\/#primaryimage"},"image":{"@id":"https:\/\/graphimarket.com\/es\/product\/3d-parallax-animated-photoshop-actions\/#primaryimage"},"thumbnailUrl":"https:\/\/graphimarket.com\/wp-content\/uploads\/2020\/12\/68747470733a2f2f692e706f7374696d672e63632f793871715766465a2f372e676966.gif","datePublished":"2020-12-09T15:05:08+00:00","dateModified":"2022-12-19T08:26:00+00:00","description":"Make your\u00a0photos come to life\u00a0with this\u00a0easy to use\u00a0set of\u00a03D parallax Photoshop actions. Open your photo, fill in your subject with a colo...","breadcrumb":{"@id":"https:\/\/graphimarket.com\/es\/product\/3d-parallax-animated-photoshop-actions\/#breadcrumb"},"inLanguage":"fr-FR","potentialAction":[{"@type":"ReadAction","target":["https:\/\/graphimarket.com\/es\/product\/3d-parallax-animated-photoshop-actions\/"]}]},{"@type":"ImageObject","inLanguage":"fr-FR","@id":"https:\/\/graphimarket.com\/es\/product\/3d-parallax-animated-photoshop-actions\/#primaryimage","url":"https:\/\/graphimarket.com\/wp-content\/uploads\/2020\/12\/68747470733a2f2f692e706f7374696d672e63632f793871715766465a2f372e676966.gif","contentUrl":"https:\/\/graphimarket.com\/wp-content\/uploads\/2020\/12\/68747470733a2f2f692e706f7374696d672e63632f793871715766465a2f372e676966.gif","width":616,"height":410},{"@type":"BreadcrumbList","@id":"https:\/\/graphimarket.com\/es\/product\/3d-parallax-animated-photoshop-actions\/#breadcrumb","itemListElement":[{"@type":"ListItem","position":1,"name":"Home","item":"https:\/\/graphimarket.com\/es\/"},{"@type":"ListItem","position":2,"name":"Store","item":"https:\/\/graphimarket.com\/store\/"},{"@type":"ListItem","position":3,"name":"3D Parallax Animated Photoshop Actions"}]},{"@type":"WebSite","@id":"https:\/\/graphimarket.com\/fr\/#website","url":"https:\/\/graphimarket.com\/fr\/","name":"Graphimarket","description":"Trouvez l&#039;atout cr\u00e9atif parfait pour donner vie \u00e0 votre projet","publisher":{"@id":"https:\/\/graphimarket.com\/fr\/#organization"},"potentialAction":[{"@type":"SearchAction","target":{"@type":"EntryPoint","urlTemplate":"https:\/\/graphimarket.com\/fr\/?s={search_term_string}"},"query-input":{"@type":"PropertyValueSpecification","valueRequired":true,"valueName":"search_term_string"}}],"inLanguage":"fr-FR"},{"@type":"Organization","@id":"https:\/\/graphimarket.com\/fr\/#organization","name":"Graphimarket","url":"https:\/\/graphimarket.com\/fr\/","logo":{"@type":"ImageObject","inLanguage":"fr-FR","@id":"https:\/\/graphimarket.com\/fr\/#\/schema\/logo\/image\/","url":"https:\/\/graphimarket.com\/wp-content\/uploads\/2020\/08\/logo-48.png","contentUrl":"https:\/\/graphimarket.com\/wp-content\/uploads\/2020\/08\/logo-48.png","width":132,"height":48,"caption":"Graphimarket"},"image":{"@id":"https:\/\/graphimarket.com\/fr\/#\/schema\/logo\/image\/"}}]}},"_links":{"self":[{"href":"https:\/\/graphimarket.com\/fr\/wp-json\/wp\/v2\/product\/13849","targetHints":{"allow":["GET"]}}],"collection":[{"href":"https:\/\/graphimarket.com\/fr\/wp-json\/wp\/v2\/product"}],"about":[{"href":"https:\/\/graphimarket.com\/fr\/wp-json\/wp\/v2\/types\/product"}],"replies":[{"embeddable":true,"href":"https:\/\/graphimarket.com\/fr\/wp-json\/wp\/v2\/comments?post=13849"}],"version-history":[{"count":0,"href":"https:\/\/graphimarket.com\/fr\/wp-json\/wp\/v2\/product\/13849\/revisions"}],"wp:featuredmedia":[{"embeddable":true,"href":"https:\/\/graphimarket.com\/fr\/wp-json\/wp\/v2\/media\/13867"}],"wp:attachment":[{"href":"https:\/\/graphimarket.com\/fr\/wp-json\/wp\/v2\/media?parent=13849"}],"wp:term":[{"taxonomy":"product_brand","embeddable":true,"href":"https:\/\/graphimarket.com\/fr\/wp-json\/wp\/v2\/product_brand?post=13849"},{"taxonomy":"product_cat","embeddable":true,"href":"https:\/\/graphimarket.com\/fr\/wp-json\/wp\/v2\/product_cat?post=13849"},{"taxonomy":"product_tag","embeddable":true,"href":"https:\/\/graphimarket.com\/fr\/wp-json\/wp\/v2\/product_tag?post=13849"}],"curies":[{"name":"wp","href":"https:\/\/api.w.org\/{rel}","templated":true}]}}