{"id":14917,"date":"2021-01-08T15:52:24","date_gmt":"2021-01-08T14:52:24","guid":{"rendered":"https:\/\/graphimarket.com\/?post_type=product&#038;p=14917"},"modified":"2022-12-19T09:21:40","modified_gmt":"2022-12-19T08:21:40","slug":"modernart-photoshop-action","status":"publish","type":"product","link":"https:\/\/graphimarket.com\/fr\/product\/modernart-photoshop-action\/","title":{"rendered":"Action Photoshop ModernArt"},"content":{"rendered":"<h2 id=\"item-description__modernart-photoshop-action\">Action Photoshop ModernArt<\/h2>\n<p><strong>Donnez \u00e0 vos photos un nouveau look artistique professionnel avec cette action. En r\u00e8gle g\u00e9n\u00e9rale, un effet similaire \u00e0 celui-ci peut prendre des heures, mais il peut d\u00e9sormais \u00eatre r\u00e9alis\u00e9 en moins d&#039;une minute.<\/strong><\/p>\n<p>Vous appliquez simplement sur votre photo o\u00f9 vous voulez que l&#039;effet apparaisse, puis cliquez sur jouer sur l&#039;action!<\/p>\n<p>L&#039;action a \u00e9t\u00e9 test\u00e9e et fonctionne sur les versions Photoshop (anglais) CS3, CS4, CS5, CS6, CC`` CC 2015.5, CC 2017, CC 2018, CC 2019+<\/p>\n<p>&nbsp;<\/p>\n<p><strong>Important \u00e0 savoir<\/strong><\/p>\n<ul>\n<li>Assurez-vous que vous utilisez le\u00a0<a href=\"https:\/\/helpx.adobe.com\/au\/creative-cloud\/help\/change-install-language.html\" rel=\"nofollow\">Version anglaise de Photoshop<\/a>\u00a0pour ex\u00e9cuter l&#039;action sur. Toutes les actions Sevenstyles ne fonctionneront que dans la version anglaise de Photoshop.<\/li>\n<\/ul>\n<ul>\n<li>V\u00e9rifiez que vous utilisez une version de Photoshop prise en charge par l&#039;action.<\/li>\n<\/ul>\n<ul>\n<li>Regardez le didacticiel vid\u00e9o pour vous assurer que la configuration de votre fichier Photoshop est correcte. Un lien vers le tutoriel est \u00e9galement inclus dans le fichier \u00abReadme.txt\u00bb du t\u00e9l\u00e9chargement. Vous pouvez voir tous mes tutoriels d&#039;action\u00a0<a href=\"https:\/\/www.youtube.com\/channel\/UCKEi03PoXGSHAzP8u-c4dwQ\" rel=\"nofollow\">ici<\/a>.<\/li>\n<\/ul>\n<ul>\n<li>Utilisez des photos haute r\u00e9solution avec l&#039;action pour obtenir les meilleurs r\u00e9sultats et \u00e9viter les erreurs. Une r\u00e9solution photo optimale se situe entre 2000px et 4500px.<\/li>\n<\/ul>\n<ul>\n<li>Avec Adobe Creative Cloud, vous pouvez installer\u00a0<a href=\"https:\/\/helpx.adobe.com\/download-install\/using\/install-previous-version.html\" rel=\"nofollow\">plusieurs versions de Photoshop<\/a>. Si vous aimez cette action mais n&#039;est pas prise en charge par votre version de Photoshop, vous pouvez toujours installer une version suppl\u00e9mentaire de Photoshop sur laquelle ex\u00e9cuter l&#039;action. Une fois qu&#039;une action a \u00e9t\u00e9 test\u00e9e et travaille sur une version de Photoshop, elle fonctionnera pour toujours.<\/li>\n<\/ul>\n<ul>\n<li>Utilisez des images Jpeg pour ex\u00e9cuter l&#039;action. D&#039;autres types de fichiers tels que TIFF, BMP, PNG, PSD peuvent causer des probl\u00e8mes avec les actions, car Photoshop d\u00e9sactive diverses fonctionnalit\u00e9s pour diff\u00e9rents types de fichiers.<\/li>\n<\/ul>\n<ul>\n<li>Si une action Sevenstyles inclut un fichier de pinceau (.abr), de motif (.pat) ou de formes (.csh) dans le t\u00e9l\u00e9chargement, elle doit \u00eatre charg\u00e9e dans Photoshop avant de lancer l&#039;action.<\/li>\n<\/ul>\n<ul>\n<li>\u00c9vitez d&#039;utiliser l&#039;action sur des logos ou des images de style clipart car le manque de d\u00e9tails et le contraste des couleurs peuvent entra\u00eener des erreurs.<\/li>\n<\/ul>\n<div class=\"ast-oembed-container\" style=\"height: 100%;\"><iframe title=\"ModernArt Photoshop Effect Tutorial | Automatically convert your photos into digital art\" width=\"500\" height=\"281\" src=\"https:\/\/www.youtube.com\/embed\/9xWBqv4DPg4?feature=oembed\" frameborder=\"0\" allow=\"accelerometer; autoplay; clipboard-write; encrypted-media; gyroscope; picture-in-picture; web-share\" referrerpolicy=\"strict-origin-when-cross-origin\" allowfullscreen><\/iframe><\/div>\n<p>&nbsp;<\/p>\n<p>&nbsp;<\/p>\n<p><img fetchpriority=\"high\" decoding=\"async\" class=\"alignnone size-full wp-image-14919\" src=\"https:\/\/graphimarket.com\/wp-content\/uploads\/2021\/01\/20.jpg\" alt=\"\" width=\"1153\" height=\"1730\" srcset=\"https:\/\/graphimarket.com\/wp-content\/uploads\/2021\/01\/20.jpg 1153w, https:\/\/graphimarket.com\/wp-content\/uploads\/2021\/01\/20-200x300.jpg 200w, https:\/\/graphimarket.com\/wp-content\/uploads\/2021\/01\/20-682x1024.jpg 682w, https:\/\/graphimarket.com\/wp-content\/uploads\/2021\/01\/20-768x1152.jpg 768w, https:\/\/graphimarket.com\/wp-content\/uploads\/2021\/01\/20-1024x1536.jpg 1024w, https:\/\/graphimarket.com\/wp-content\/uploads\/2021\/01\/20-8x12.jpg 8w, https:\/\/graphimarket.com\/wp-content\/uploads\/2021\/01\/20-600x900.jpg 600w\" sizes=\"(max-width: 1153px) 100vw, 1153px\" \/> <img decoding=\"async\" class=\"alignnone size-full wp-image-14920\" src=\"https:\/\/graphimarket.com\/wp-content\/uploads\/2021\/01\/27.jpg\" alt=\"\" width=\"772\" height=\"1157\" srcset=\"https:\/\/graphimarket.com\/wp-content\/uploads\/2021\/01\/27.jpg 772w, https:\/\/graphimarket.com\/wp-content\/uploads\/2021\/01\/27-200x300.jpg 200w, https:\/\/graphimarket.com\/wp-content\/uploads\/2021\/01\/27-683x1024.jpg 683w, https:\/\/graphimarket.com\/wp-content\/uploads\/2021\/01\/27-768x1151.jpg 768w, https:\/\/graphimarket.com\/wp-content\/uploads\/2021\/01\/27-8x12.jpg 8w, https:\/\/graphimarket.com\/wp-content\/uploads\/2021\/01\/27-600x899.jpg 600w\" sizes=\"(max-width: 772px) 100vw, 772px\" \/> <img decoding=\"async\" class=\"alignnone size-full wp-image-14921\" src=\"https:\/\/graphimarket.com\/wp-content\/uploads\/2021\/01\/31a.jpg\" alt=\"\" width=\"1153\" height=\"1730\" srcset=\"https:\/\/graphimarket.com\/wp-content\/uploads\/2021\/01\/31a.jpg 1153w, https:\/\/graphimarket.com\/wp-content\/uploads\/2021\/01\/31a-200x300.jpg 200w, https:\/\/graphimarket.com\/wp-content\/uploads\/2021\/01\/31a-682x1024.jpg 682w, https:\/\/graphimarket.com\/wp-content\/uploads\/2021\/01\/31a-768x1152.jpg 768w, https:\/\/graphimarket.com\/wp-content\/uploads\/2021\/01\/31a-1024x1536.jpg 1024w, https:\/\/graphimarket.com\/wp-content\/uploads\/2021\/01\/31a-8x12.jpg 8w, https:\/\/graphimarket.com\/wp-content\/uploads\/2021\/01\/31a-600x900.jpg 600w\" sizes=\"(max-width: 1153px) 100vw, 1153px\" \/> <img loading=\"lazy\" decoding=\"async\" class=\"alignnone size-full wp-image-14922\" src=\"https:\/\/graphimarket.com\/wp-content\/uploads\/2021\/01\/33.jpg\" alt=\"\" width=\"796\" height=\"1195\" srcset=\"https:\/\/graphimarket.com\/wp-content\/uploads\/2021\/01\/33.jpg 796w, https:\/\/graphimarket.com\/wp-content\/uploads\/2021\/01\/33-200x300.jpg 200w, https:\/\/graphimarket.com\/wp-content\/uploads\/2021\/01\/33-682x1024.jpg 682w, https:\/\/graphimarket.com\/wp-content\/uploads\/2021\/01\/33-768x1153.jpg 768w, https:\/\/graphimarket.com\/wp-content\/uploads\/2021\/01\/33-8x12.jpg 8w, https:\/\/graphimarket.com\/wp-content\/uploads\/2021\/01\/33-600x901.jpg 600w\" sizes=\"(max-width: 796px) 100vw, 796px\" \/> <img loading=\"lazy\" decoding=\"async\" class=\"alignnone size-full wp-image-14923\" src=\"https:\/\/graphimarket.com\/wp-content\/uploads\/2021\/01\/40.jpg\" alt=\"\" width=\"930\" height=\"1023\" srcset=\"https:\/\/graphimarket.com\/wp-content\/uploads\/2021\/01\/40.jpg 930w, https:\/\/graphimarket.com\/wp-content\/uploads\/2021\/01\/40-273x300.jpg 273w, https:\/\/graphimarket.com\/wp-content\/uploads\/2021\/01\/40-768x845.jpg 768w, https:\/\/graphimarket.com\/wp-content\/uploads\/2021\/01\/40-11x12.jpg 11w, https:\/\/graphimarket.com\/wp-content\/uploads\/2021\/01\/40-600x660.jpg 600w\" sizes=\"(max-width: 930px) 100vw, 930px\" \/> <img loading=\"lazy\" decoding=\"async\" class=\"alignnone size-full wp-image-14924\" src=\"https:\/\/graphimarket.com\/wp-content\/uploads\/2021\/01\/2e.jpg\" alt=\"\" width=\"1153\" height=\"1730\" srcset=\"https:\/\/graphimarket.com\/wp-content\/uploads\/2021\/01\/2e.jpg 1153w, https:\/\/graphimarket.com\/wp-content\/uploads\/2021\/01\/2e-200x300.jpg 200w, https:\/\/graphimarket.com\/wp-content\/uploads\/2021\/01\/2e-682x1024.jpg 682w, https:\/\/graphimarket.com\/wp-content\/uploads\/2021\/01\/2e-768x1152.jpg 768w, https:\/\/graphimarket.com\/wp-content\/uploads\/2021\/01\/2e-1024x1536.jpg 1024w, https:\/\/graphimarket.com\/wp-content\/uploads\/2021\/01\/2e-8x12.jpg 8w, https:\/\/graphimarket.com\/wp-content\/uploads\/2021\/01\/2e-600x900.jpg 600w\" sizes=\"(max-width: 1153px) 100vw, 1153px\" \/> <img loading=\"lazy\" decoding=\"async\" class=\"alignnone size-full wp-image-14925\" src=\"https:\/\/graphimarket.com\/wp-content\/uploads\/2021\/01\/3.jpg\" alt=\"\" width=\"914\" height=\"1035\" srcset=\"https:\/\/graphimarket.com\/wp-content\/uploads\/2021\/01\/3.jpg 914w, https:\/\/graphimarket.com\/wp-content\/uploads\/2021\/01\/3-265x300.jpg 265w, https:\/\/graphimarket.com\/wp-content\/uploads\/2021\/01\/3-904x1024.jpg 904w, https:\/\/graphimarket.com\/wp-content\/uploads\/2021\/01\/3-768x870.jpg 768w, https:\/\/graphimarket.com\/wp-content\/uploads\/2021\/01\/3-11x12.jpg 11w, https:\/\/graphimarket.com\/wp-content\/uploads\/2021\/01\/3-600x679.jpg 600w\" sizes=\"(max-width: 914px) 100vw, 914px\" \/> <img loading=\"lazy\" decoding=\"async\" class=\"alignnone size-full wp-image-14926\" src=\"https:\/\/graphimarket.com\/wp-content\/uploads\/2021\/01\/8.jpg\" alt=\"\" width=\"772\" height=\"1157\" srcset=\"https:\/\/graphimarket.com\/wp-content\/uploads\/2021\/01\/8.jpg 772w, https:\/\/graphimarket.com\/wp-content\/uploads\/2021\/01\/8-200x300.jpg 200w, https:\/\/graphimarket.com\/wp-content\/uploads\/2021\/01\/8-683x1024.jpg 683w, https:\/\/graphimarket.com\/wp-content\/uploads\/2021\/01\/8-768x1151.jpg 768w, https:\/\/graphimarket.com\/wp-content\/uploads\/2021\/01\/8-8x12.jpg 8w, https:\/\/graphimarket.com\/wp-content\/uploads\/2021\/01\/8-600x899.jpg 600w\" sizes=\"(max-width: 772px) 100vw, 772px\" \/> <img loading=\"lazy\" decoding=\"async\" class=\"alignnone size-full wp-image-14927\" src=\"https:\/\/graphimarket.com\/wp-content\/uploads\/2021\/01\/10a.jpg\" alt=\"\" width=\"1689\" height=\"1689\" srcset=\"https:\/\/graphimarket.com\/wp-content\/uploads\/2021\/01\/10a.jpg 1689w, https:\/\/graphimarket.com\/wp-content\/uploads\/2021\/01\/10a-300x300.jpg 300w, https:\/\/graphimarket.com\/wp-content\/uploads\/2021\/01\/10a-1024x1024.jpg 1024w, https:\/\/graphimarket.com\/wp-content\/uploads\/2021\/01\/10a-150x150.jpg 150w, https:\/\/graphimarket.com\/wp-content\/uploads\/2021\/01\/10a-768x768.jpg 768w, https:\/\/graphimarket.com\/wp-content\/uploads\/2021\/01\/10a-1536x1536.jpg 1536w, https:\/\/graphimarket.com\/wp-content\/uploads\/2021\/01\/10a-12x12.jpg 12w, https:\/\/graphimarket.com\/wp-content\/uploads\/2021\/01\/10a-1320x1320.jpg 1320w, https:\/\/graphimarket.com\/wp-content\/uploads\/2021\/01\/10a-600x600.jpg 600w, https:\/\/graphimarket.com\/wp-content\/uploads\/2021\/01\/10a-100x100.jpg 100w\" sizes=\"(max-width: 1689px) 100vw, 1689px\" \/><\/p>","protected":false},"excerpt":{"rendered":"<p>ModernArt Photoshop Action Give your photos a professional new artistic look with this action. Typically an effect similar to this could take you hours, but now it can be done in under 1 minute. You simply brush onto your photo where you want the effect to appear, then click play on the action! The action [&hellip;]<\/p>\n","protected":false},"featured_media":14922,"comment_status":"open","ping_status":"closed","template":"","meta":{"site-sidebar-layout":"default","site-content-layout":"default","ast-site-content-layout":"default","site-content-style":"default","site-sidebar-style":"default","ast-global-header-display":"","ast-banner-title-visibility":"","ast-main-header-display":"","ast-hfb-above-header-display":"","ast-hfb-below-header-display":"","ast-hfb-mobile-header-display":"","site-post-title":"","ast-breadcrumbs-content":"","ast-featured-img":"","footer-sml-layout":"","ast-disable-related-posts":"","theme-transparent-header-meta":"default","adv-header-id-meta":"","stick-header-meta":"","header-above-stick-meta":"","header-main-stick-meta":"","header-below-stick-meta":"","astra-migrate-meta-layouts":"default","ast-page-background-enabled":"default","ast-page-background-meta":{"desktop":{"background-color":"","background-image":"","background-repeat":"repeat","background-position":"center center","background-size":"auto","background-attachment":"scroll","background-type":"","background-media":"","overlay-type":"","overlay-color":"","overlay-opacity":"","overlay-gradient":""},"tablet":{"background-color":"","background-image":"","background-repeat":"repeat","background-position":"center center","background-size":"auto","background-attachment":"scroll","background-type":"","background-media":"","overlay-type":"","overlay-color":"","overlay-opacity":"","overlay-gradient":""},"mobile":{"background-color":"","background-image":"","background-repeat":"repeat","background-position":"center center","background-size":"auto","background-attachment":"scroll","background-type":"","background-media":"","overlay-type":"","overlay-color":"","overlay-opacity":"","overlay-gradient":""}},"ast-content-background-meta":{"desktop":{"background-color":"var(--ast-global-color-5)","background-image":"","background-repeat":"repeat","background-position":"center center","background-size":"auto","background-attachment":"scroll","background-type":"","background-media":"","overlay-type":"","overlay-color":"","overlay-opacity":"","overlay-gradient":""},"tablet":{"background-color":"var(--ast-global-color-5)","background-image":"","background-repeat":"repeat","background-position":"center center","background-size":"auto","background-attachment":"scroll","background-type":"","background-media":"","overlay-type":"","overlay-color":"","overlay-opacity":"","overlay-gradient":""},"mobile":{"background-color":"var(--ast-global-color-5)","background-image":"","background-repeat":"repeat","background-position":"center center","background-size":"auto","background-attachment":"scroll","background-type":"","background-media":"","overlay-type":"","overlay-color":"","overlay-opacity":"","overlay-gradient":""}}},"product_brand":[],"product_cat":[195,146],"product_tag":[254,262,1799],"class_list":{"0":"post-14917","1":"product","2":"type-product","3":"status-publish","4":"has-post-thumbnail","6":"product_cat-photoshop","7":"product_cat-photoshop-action","8":"product_tag-art","9":"product_tag-modern","10":"product_tag-photoshop-action","11":"desktop-align-left","12":"tablet-align-left","13":"mobile-align-left","15":"first","16":"instock","17":"sale","18":"downloadable","19":"virtual","20":"taxable","21":"purchasable","22":"product-type-simple"},"yoast_head":"<!-- This site is optimized with the Yoast SEO plugin v27.3 - https:\/\/yoast.com\/product\/yoast-seo-wordpress\/ -->\n<title>ModernArt Photoshop Action - Graphimarket<\/title>\n<meta name=\"description\" content=\"Give your photos a professional new artistic look with this action. Typically an effect similar to this could take you hours, but now it can..\" \/>\n<meta name=\"robots\" content=\"index, follow, max-snippet:-1, max-image-preview:large, max-video-preview:-1\" \/>\n<link rel=\"canonical\" href=\"http:\/\/graphimarket.com\/fr\/product\/modernart-photoshop-action\/\" \/>\n<meta property=\"og:locale\" content=\"fr_FR\" \/>\n<meta property=\"og:type\" content=\"article\" \/>\n<meta property=\"og:title\" content=\"ModernArt Photoshop Action - Graphimarket\" \/>\n<meta property=\"og:description\" content=\"Give your photos a professional new artistic look with this action. Typically an effect similar to this could take you hours, but now it can..\" \/>\n<meta property=\"og:url\" content=\"http:\/\/graphimarket.com\/fr\/product\/modernart-photoshop-action\/\" \/>\n<meta property=\"og:site_name\" content=\"Graphimarket\" \/>\n<meta property=\"article:modified_time\" content=\"2022-12-19T08:21:40+00:00\" \/>\n<meta property=\"og:image\" content=\"https:\/\/graphimarket.com\/wp-content\/uploads\/2021\/01\/33.jpg\" \/>\n\t<meta property=\"og:image:width\" content=\"796\" \/>\n\t<meta property=\"og:image:height\" content=\"1195\" \/>\n\t<meta property=\"og:image:type\" content=\"image\/jpeg\" \/>\n<meta name=\"twitter:card\" content=\"summary_large_image\" \/>\n<meta name=\"twitter:label1\" content=\"Est. reading time\" \/>\n\t<meta name=\"twitter:data1\" content=\"2 minutes\" \/>\n<script type=\"application\/ld+json\" class=\"yoast-schema-graph\">{\"@context\":\"https:\\\/\\\/schema.org\",\"@graph\":[{\"@type\":\"WebPage\",\"@id\":\"http:\\\/\\\/graphimarket.com\\\/ja\\\/product\\\/modernart-photoshop-action\\\/\",\"url\":\"http:\\\/\\\/graphimarket.com\\\/ja\\\/product\\\/modernart-photoshop-action\\\/\",\"name\":\"ModernArt Photoshop Action - Graphimarket\",\"isPartOf\":{\"@id\":\"https:\\\/\\\/graphimarket.com\\\/fr\\\/#website\"},\"primaryImageOfPage\":{\"@id\":\"http:\\\/\\\/graphimarket.com\\\/ja\\\/product\\\/modernart-photoshop-action\\\/#primaryimage\"},\"image\":{\"@id\":\"http:\\\/\\\/graphimarket.com\\\/ja\\\/product\\\/modernart-photoshop-action\\\/#primaryimage\"},\"thumbnailUrl\":\"https:\\\/\\\/graphimarket.com\\\/wp-content\\\/uploads\\\/2021\\\/01\\\/33.jpg\",\"datePublished\":\"2021-01-08T14:52:24+00:00\",\"dateModified\":\"2022-12-19T08:21:40+00:00\",\"description\":\"Give your photos a professional new artistic look with this action. Typically an effect similar to this could take you hours, but now it can..\",\"breadcrumb\":{\"@id\":\"http:\\\/\\\/graphimarket.com\\\/ja\\\/product\\\/modernart-photoshop-action\\\/#breadcrumb\"},\"inLanguage\":\"fr-FR\",\"potentialAction\":[{\"@type\":\"ReadAction\",\"target\":[\"http:\\\/\\\/graphimarket.com\\\/ja\\\/product\\\/modernart-photoshop-action\\\/\"]}]},{\"@type\":\"ImageObject\",\"inLanguage\":\"fr-FR\",\"@id\":\"http:\\\/\\\/graphimarket.com\\\/ja\\\/product\\\/modernart-photoshop-action\\\/#primaryimage\",\"url\":\"https:\\\/\\\/graphimarket.com\\\/wp-content\\\/uploads\\\/2021\\\/01\\\/33.jpg\",\"contentUrl\":\"https:\\\/\\\/graphimarket.com\\\/wp-content\\\/uploads\\\/2021\\\/01\\\/33.jpg\",\"width\":796,\"height\":1195},{\"@type\":\"BreadcrumbList\",\"@id\":\"http:\\\/\\\/graphimarket.com\\\/ja\\\/product\\\/modernart-photoshop-action\\\/#breadcrumb\",\"itemListElement\":[{\"@type\":\"ListItem\",\"position\":1,\"name\":\"Home\",\"item\":\"https:\\\/\\\/graphimarket.com\\\/es\\\/\"},{\"@type\":\"ListItem\",\"position\":2,\"name\":\"Store\",\"item\":\"https:\\\/\\\/graphimarket.com\\\/store\\\/\"},{\"@type\":\"ListItem\",\"position\":3,\"name\":\"ModernArt Photoshop Action\"}]},{\"@type\":\"WebSite\",\"@id\":\"https:\\\/\\\/graphimarket.com\\\/fr\\\/#website\",\"url\":\"https:\\\/\\\/graphimarket.com\\\/fr\\\/\",\"name\":\"Graphimarket\",\"description\":\"Find the perfect creative asset to bring your project to life\",\"publisher\":{\"@id\":\"https:\\\/\\\/graphimarket.com\\\/fr\\\/#organization\"},\"potentialAction\":[{\"@type\":\"SearchAction\",\"target\":{\"@type\":\"EntryPoint\",\"urlTemplate\":\"https:\\\/\\\/graphimarket.com\\\/fr\\\/?s={search_term_string}\"},\"query-input\":{\"@type\":\"PropertyValueSpecification\",\"valueRequired\":true,\"valueName\":\"search_term_string\"}}],\"inLanguage\":\"fr-FR\"},{\"@type\":\"Organization\",\"@id\":\"https:\\\/\\\/graphimarket.com\\\/fr\\\/#organization\",\"name\":\"Graphimarket\",\"url\":\"https:\\\/\\\/graphimarket.com\\\/fr\\\/\",\"logo\":{\"@type\":\"ImageObject\",\"inLanguage\":\"fr-FR\",\"@id\":\"https:\\\/\\\/graphimarket.com\\\/fr\\\/#\\\/schema\\\/logo\\\/image\\\/\",\"url\":\"https:\\\/\\\/graphimarket.com\\\/wp-content\\\/uploads\\\/2020\\\/08\\\/logo-48.png\",\"contentUrl\":\"https:\\\/\\\/graphimarket.com\\\/wp-content\\\/uploads\\\/2020\\\/08\\\/logo-48.png\",\"width\":132,\"height\":48,\"caption\":\"Graphimarket\"},\"image\":{\"@id\":\"https:\\\/\\\/graphimarket.com\\\/fr\\\/#\\\/schema\\\/logo\\\/image\\\/\"}}]}<\/script>\n<!-- \/ Yoast SEO plugin. -->","yoast_head_json":{"title":"ModernArt Photoshop Action - Graphimarket","description":"Donnez \u00e0 vos photos un nouveau look artistique professionnel avec cette action. En r\u00e8gle g\u00e9n\u00e9rale, un effet similaire \u00e0 celui-ci peut vous prendre des heures, mais il le peut d\u00e9sormais.","robots":{"index":"index","follow":"follow","max-snippet":"max-snippet:-1","max-image-preview":"max-image-preview:large","max-video-preview":"max-video-preview:-1"},"canonical":"http:\/\/graphimarket.com\/fr\/product\/modernart-photoshop-action\/","og_locale":"fr_FR","og_type":"article","og_title":"ModernArt Photoshop Action - Graphimarket","og_description":"Give your photos a professional new artistic look with this action. Typically an effect similar to this could take you hours, but now it can..","og_url":"http:\/\/graphimarket.com\/fr\/product\/modernart-photoshop-action\/","og_site_name":"Graphimarket","article_modified_time":"2022-12-19T08:21:40+00:00","og_image":[{"width":796,"height":1195,"url":"https:\/\/graphimarket.com\/wp-content\/uploads\/2021\/01\/33.jpg","type":"image\/jpeg"}],"twitter_card":"summary_large_image","twitter_misc":{"Est. reading time":"2 minutes"},"schema":{"@context":"https:\/\/schema.org","@graph":[{"@type":"WebPage","@id":"http:\/\/graphimarket.com\/ja\/product\/modernart-photoshop-action\/","url":"http:\/\/graphimarket.com\/ja\/product\/modernart-photoshop-action\/","name":"ModernArt Photoshop Action - Graphimarket","isPartOf":{"@id":"https:\/\/graphimarket.com\/fr\/#website"},"primaryImageOfPage":{"@id":"http:\/\/graphimarket.com\/ja\/product\/modernart-photoshop-action\/#primaryimage"},"image":{"@id":"http:\/\/graphimarket.com\/ja\/product\/modernart-photoshop-action\/#primaryimage"},"thumbnailUrl":"https:\/\/graphimarket.com\/wp-content\/uploads\/2021\/01\/33.jpg","datePublished":"2021-01-08T14:52:24+00:00","dateModified":"2022-12-19T08:21:40+00:00","description":"Donnez \u00e0 vos photos un nouveau look artistique professionnel avec cette action. En r\u00e8gle g\u00e9n\u00e9rale, un effet similaire \u00e0 celui-ci peut vous prendre des heures, mais il le peut d\u00e9sormais.","breadcrumb":{"@id":"http:\/\/graphimarket.com\/ja\/product\/modernart-photoshop-action\/#breadcrumb"},"inLanguage":"fr-FR","potentialAction":[{"@type":"ReadAction","target":["http:\/\/graphimarket.com\/ja\/product\/modernart-photoshop-action\/"]}]},{"@type":"ImageObject","inLanguage":"fr-FR","@id":"http:\/\/graphimarket.com\/ja\/product\/modernart-photoshop-action\/#primaryimage","url":"https:\/\/graphimarket.com\/wp-content\/uploads\/2021\/01\/33.jpg","contentUrl":"https:\/\/graphimarket.com\/wp-content\/uploads\/2021\/01\/33.jpg","width":796,"height":1195},{"@type":"BreadcrumbList","@id":"http:\/\/graphimarket.com\/ja\/product\/modernart-photoshop-action\/#breadcrumb","itemListElement":[{"@type":"ListItem","position":1,"name":"Home","item":"https:\/\/graphimarket.com\/es\/"},{"@type":"ListItem","position":2,"name":"Store","item":"https:\/\/graphimarket.com\/store\/"},{"@type":"ListItem","position":3,"name":"ModernArt Photoshop Action"}]},{"@type":"WebSite","@id":"https:\/\/graphimarket.com\/fr\/#website","url":"https:\/\/graphimarket.com\/fr\/","name":"Graphimarket","description":"Trouvez l&#039;atout cr\u00e9atif parfait pour donner vie \u00e0 votre projet","publisher":{"@id":"https:\/\/graphimarket.com\/fr\/#organization"},"potentialAction":[{"@type":"SearchAction","target":{"@type":"EntryPoint","urlTemplate":"https:\/\/graphimarket.com\/fr\/?s={search_term_string}"},"query-input":{"@type":"PropertyValueSpecification","valueRequired":true,"valueName":"search_term_string"}}],"inLanguage":"fr-FR"},{"@type":"Organization","@id":"https:\/\/graphimarket.com\/fr\/#organization","name":"Graphimarket","url":"https:\/\/graphimarket.com\/fr\/","logo":{"@type":"ImageObject","inLanguage":"fr-FR","@id":"https:\/\/graphimarket.com\/fr\/#\/schema\/logo\/image\/","url":"https:\/\/graphimarket.com\/wp-content\/uploads\/2020\/08\/logo-48.png","contentUrl":"https:\/\/graphimarket.com\/wp-content\/uploads\/2020\/08\/logo-48.png","width":132,"height":48,"caption":"Graphimarket"},"image":{"@id":"https:\/\/graphimarket.com\/fr\/#\/schema\/logo\/image\/"}}]}},"_links":{"self":[{"href":"https:\/\/graphimarket.com\/fr\/wp-json\/wp\/v2\/product\/14917","targetHints":{"allow":["GET"]}}],"collection":[{"href":"https:\/\/graphimarket.com\/fr\/wp-json\/wp\/v2\/product"}],"about":[{"href":"https:\/\/graphimarket.com\/fr\/wp-json\/wp\/v2\/types\/product"}],"replies":[{"embeddable":true,"href":"https:\/\/graphimarket.com\/fr\/wp-json\/wp\/v2\/comments?post=14917"}],"version-history":[{"count":0,"href":"https:\/\/graphimarket.com\/fr\/wp-json\/wp\/v2\/product\/14917\/revisions"}],"wp:featuredmedia":[{"embeddable":true,"href":"https:\/\/graphimarket.com\/fr\/wp-json\/wp\/v2\/media\/14922"}],"wp:attachment":[{"href":"https:\/\/graphimarket.com\/fr\/wp-json\/wp\/v2\/media?parent=14917"}],"wp:term":[{"taxonomy":"product_brand","embeddable":true,"href":"https:\/\/graphimarket.com\/fr\/wp-json\/wp\/v2\/product_brand?post=14917"},{"taxonomy":"product_cat","embeddable":true,"href":"https:\/\/graphimarket.com\/fr\/wp-json\/wp\/v2\/product_cat?post=14917"},{"taxonomy":"product_tag","embeddable":true,"href":"https:\/\/graphimarket.com\/fr\/wp-json\/wp\/v2\/product_tag?post=14917"}],"curies":[{"name":"wp","href":"https:\/\/api.w.org\/{rel}","templated":true}]}}