{"id":15201,"date":"2021-01-14T16:48:16","date_gmt":"2021-01-14T15:48:16","guid":{"rendered":"https:\/\/graphimarket.com\/?post_type=product&#038;p=15201"},"modified":"2022-12-19T09:06:14","modified_gmt":"2022-12-19T08:06:14","slug":"pastel-photoshop-action","status":"publish","type":"product","link":"https:\/\/graphimarket.com\/fr\/product\/pastel-photoshop-action\/","title":{"rendered":"Action Photoshop au pastel"},"content":{"rendered":"<h2 id=\"item-description__pastel-photoshop-action\">Action Photoshop au pastel<\/h2>\n<p>Cr\u00e9er\u00a0<strong>effet de croquis pastel<\/strong>\u00a0\u00e0 partir de vos photos en quelques clics! Ouvrez votre photo, effleurez simplement votre sujet et jouez simplement l&#039;action. C&#039;est vraiment aussi simple que cela! Cr\u00e9ation de cette avanc\u00e9e\u00a0<strong>Effet de dessin au pastel Photoshop<\/strong>\u00a0\u00e7a n&#039;a jamais \u00e9t\u00e9 \u00e7a\u00a0<strong>facile et amusant<\/strong>.<\/p>\n<p>L&#039;action fera tout le travail pour vous, vous laissant\u00a0<strong>enti\u00e8rement en couches<\/strong>\u00a0et\u00a0<strong>r\u00e9sultats personnalisables<\/strong>\u00a0que vous pouvez modifier davantage. Chaque \u00e9l\u00e9ment est une seule couche. L&#039;action cr\u00e9era \u00e9galement\u00a0<strong>35 couleurs<\/strong>\u00a0que vous pouvez choisir.<\/p>\n<p><a href=\"https:\/\/www.youtube.com\/watch?v=C1u9yYGFU5k\" target=\"_blank\" rel=\"noopener\">Didacticiel<\/a><\/p>\n<p>L&#039;action est \u00e9galement faite pour que\u00a0<strong>\u00e0 chaque fois que vous ex\u00e9cutez l&#039;action - vous obtiendrez un r\u00e9sultat unique<\/strong>, m\u00eame si vous utilisez la m\u00eame zone bross\u00e9e. L&#039;action cr\u00e9era toujours une variation de textures pastel unique. Vous pouvez cr\u00e9er\u00a0<strong>nombre illimit\u00e9 de r\u00e9sultats!<\/strong><\/p>\n<h4 id=\"item-description__features\">FONCTIONNALIT\u00c9S:<\/h4>\n<ul>\n<li>Simple, facile et amusant \u00e0 utiliser - m\u00eame pour les d\u00e9butants.<\/li>\n<li>\u00c9conomise des heures et des jours de travail.<\/li>\n<li>R\u00e9sultats illimit\u00e9s \/ al\u00e9atoires - vous obtenez toujours un r\u00e9sultat unique.<\/li>\n<li>R\u00e9sultats enti\u00e8rement stratifi\u00e9s et personnalisables - chaque \u00e9l\u00e9ment est une seule couche.<\/li>\n<li>Beaucoup d&#039;options pour personnaliser les r\u00e9sultats.<\/li>\n<li>35 couleurs pr\u00e9d\u00e9finies incluses.<\/li>\n<li>Tutoriel vid\u00e9o inclus.<\/li>\n<\/ul>\n<h4 id=\"item-description__compatibility\">COMPATIBILIT\u00c9:<\/h4>\n<p>L&#039;action est test\u00e9e et fonctionne dans Photoshop (versions anglaises) CS3, CS4, CS5, CS6, CC, CC 2015.5, CC 2017, CC 2018, CC 2019, CC 2020+.<\/p>\n<p><img fetchpriority=\"high\" decoding=\"async\" class=\"wp-image-15202 aligncenter\" src=\"https:\/\/graphimarket.com\/wp-content\/uploads\/2021\/01\/Preview-1-scaled.jpg\" alt=\"\" width=\"275\" height=\"4501\" \/><\/p>","protected":false},"excerpt":{"rendered":"<p>Pastel Photoshop Action Create\u00a0pastel sketch effect\u00a0from your photos with just a few clicks! Open your photo, simply brush over your subject and just play the action. It\u2019s really that simple! Creating this advanced\u00a0Photoshop pastel drawing effect\u00a0has never been this\u00a0easy and fun. The action will do all the work for you, leaving you\u00a0fully layered\u00a0and\u00a0customizable results\u00a0that you [&hellip;]<\/p>\n","protected":false},"featured_media":15210,"comment_status":"open","ping_status":"closed","template":"","meta":{"site-sidebar-layout":"default","site-content-layout":"default","ast-site-content-layout":"default","site-content-style":"default","site-sidebar-style":"default","ast-global-header-display":"","ast-banner-title-visibility":"","ast-main-header-display":"","ast-hfb-above-header-display":"","ast-hfb-below-header-display":"","ast-hfb-mobile-header-display":"","site-post-title":"","ast-breadcrumbs-content":"","ast-featured-img":"","footer-sml-layout":"","ast-disable-related-posts":"","theme-transparent-header-meta":"default","adv-header-id-meta":"","stick-header-meta":"","header-above-stick-meta":"","header-main-stick-meta":"","header-below-stick-meta":"","astra-migrate-meta-layouts":"default","ast-page-background-enabled":"default","ast-page-background-meta":{"desktop":{"background-color":"","background-image":"","background-repeat":"repeat","background-position":"center center","background-size":"auto","background-attachment":"scroll","background-type":"","background-media":"","overlay-type":"","overlay-color":"","overlay-opacity":"","overlay-gradient":""},"tablet":{"background-color":"","background-image":"","background-repeat":"repeat","background-position":"center center","background-size":"auto","background-attachment":"scroll","background-type":"","background-media":"","overlay-type":"","overlay-color":"","overlay-opacity":"","overlay-gradient":""},"mobile":{"background-color":"","background-image":"","background-repeat":"repeat","background-position":"center center","background-size":"auto","background-attachment":"scroll","background-type":"","background-media":"","overlay-type":"","overlay-color":"","overlay-opacity":"","overlay-gradient":""}},"ast-content-background-meta":{"desktop":{"background-color":"var(--ast-global-color-5)","background-image":"","background-repeat":"repeat","background-position":"center center","background-size":"auto","background-attachment":"scroll","background-type":"","background-media":"","overlay-type":"","overlay-color":"","overlay-opacity":"","overlay-gradient":""},"tablet":{"background-color":"var(--ast-global-color-5)","background-image":"","background-repeat":"repeat","background-position":"center center","background-size":"auto","background-attachment":"scroll","background-type":"","background-media":"","overlay-type":"","overlay-color":"","overlay-opacity":"","overlay-gradient":""},"mobile":{"background-color":"var(--ast-global-color-5)","background-image":"","background-repeat":"repeat","background-position":"center center","background-size":"auto","background-attachment":"scroll","background-type":"","background-media":"","overlay-type":"","overlay-color":"","overlay-opacity":"","overlay-gradient":""}}},"product_brand":[],"product_cat":[195,146],"product_tag":[292,445,62],"class_list":{"0":"post-15201","1":"product","2":"type-product","3":"status-publish","4":"has-post-thumbnail","6":"product_cat-photoshop","7":"product_cat-photoshop-action","8":"product_tag-action","9":"product_tag-pastel","10":"product_tag-photoshop","11":"desktop-align-left","12":"tablet-align-left","13":"mobile-align-left","15":"first","16":"instock","17":"sale","18":"downloadable","19":"virtual","20":"taxable","21":"purchasable","22":"product-type-simple"},"yoast_head":"<!-- This site is optimized with the Yoast SEO plugin v27.3 - https:\/\/yoast.com\/product\/yoast-seo-wordpress\/ -->\n<title>Pastel Photoshop Action - Graphimarket<\/title>\n<meta name=\"description\" content=\"Create\u00a0pastel sketch effect\u00a0from your photos with just a few clicks! Open your photo, simply brush over your subject and just...\" \/>\n<meta name=\"robots\" content=\"index, follow, max-snippet:-1, max-image-preview:large, max-video-preview:-1\" \/>\n<link rel=\"canonical\" href=\"https:\/\/graphimarket.com\/fr\/product\/pastel-photoshop-action\/\" \/>\n<meta property=\"og:locale\" content=\"fr_FR\" \/>\n<meta property=\"og:type\" content=\"article\" \/>\n<meta property=\"og:title\" content=\"Pastel Photoshop Action - Graphimarket\" \/>\n<meta property=\"og:description\" content=\"Create\u00a0pastel sketch effect\u00a0from your photos with just a few clicks! Open your photo, simply brush over your subject and just...\" \/>\n<meta property=\"og:url\" content=\"https:\/\/graphimarket.com\/fr\/product\/pastel-photoshop-action\/\" \/>\n<meta property=\"og:site_name\" content=\"Graphimarket\" \/>\n<meta property=\"article:modified_time\" content=\"2022-12-19T08:06:14+00:00\" \/>\n<meta property=\"og:image\" content=\"https:\/\/graphimarket.com\/wp-content\/uploads\/2021\/01\/6f3d61ac626ef177e4fa659c247fc79b.jpg\" \/>\n\t<meta property=\"og:image:width\" content=\"850\" \/>\n\t<meta property=\"og:image:height\" content=\"1106\" \/>\n\t<meta property=\"og:image:type\" content=\"image\/jpeg\" \/>\n<meta name=\"twitter:card\" content=\"summary_large_image\" \/>\n<meta name=\"twitter:label1\" content=\"Est. reading time\" \/>\n\t<meta name=\"twitter:data1\" content=\"1 minute\" \/>\n<script type=\"application\/ld+json\" class=\"yoast-schema-graph\">{\"@context\":\"https:\\\/\\\/schema.org\",\"@graph\":[{\"@type\":\"WebPage\",\"@id\":\"https:\\\/\\\/graphimarket.com\\\/product\\\/pastel-photoshop-action\\\/\",\"url\":\"https:\\\/\\\/graphimarket.com\\\/product\\\/pastel-photoshop-action\\\/\",\"name\":\"Pastel Photoshop Action - Graphimarket\",\"isPartOf\":{\"@id\":\"https:\\\/\\\/graphimarket.com\\\/fr\\\/#website\"},\"primaryImageOfPage\":{\"@id\":\"https:\\\/\\\/graphimarket.com\\\/product\\\/pastel-photoshop-action\\\/#primaryimage\"},\"image\":{\"@id\":\"https:\\\/\\\/graphimarket.com\\\/product\\\/pastel-photoshop-action\\\/#primaryimage\"},\"thumbnailUrl\":\"https:\\\/\\\/graphimarket.com\\\/wp-content\\\/uploads\\\/2021\\\/01\\\/6f3d61ac626ef177e4fa659c247fc79b.jpg\",\"datePublished\":\"2021-01-14T15:48:16+00:00\",\"dateModified\":\"2022-12-19T08:06:14+00:00\",\"description\":\"Create\u00a0pastel sketch effect\u00a0from your photos with just a few clicks! Open your photo, simply brush over your subject and just...\",\"breadcrumb\":{\"@id\":\"https:\\\/\\\/graphimarket.com\\\/product\\\/pastel-photoshop-action\\\/#breadcrumb\"},\"inLanguage\":\"fr-FR\",\"potentialAction\":[{\"@type\":\"ReadAction\",\"target\":[\"https:\\\/\\\/graphimarket.com\\\/product\\\/pastel-photoshop-action\\\/\"]}]},{\"@type\":\"ImageObject\",\"inLanguage\":\"fr-FR\",\"@id\":\"https:\\\/\\\/graphimarket.com\\\/product\\\/pastel-photoshop-action\\\/#primaryimage\",\"url\":\"https:\\\/\\\/graphimarket.com\\\/wp-content\\\/uploads\\\/2021\\\/01\\\/6f3d61ac626ef177e4fa659c247fc79b.jpg\",\"contentUrl\":\"https:\\\/\\\/graphimarket.com\\\/wp-content\\\/uploads\\\/2021\\\/01\\\/6f3d61ac626ef177e4fa659c247fc79b.jpg\",\"width\":850,\"height\":1106},{\"@type\":\"BreadcrumbList\",\"@id\":\"https:\\\/\\\/graphimarket.com\\\/product\\\/pastel-photoshop-action\\\/#breadcrumb\",\"itemListElement\":[{\"@type\":\"ListItem\",\"position\":1,\"name\":\"Home\",\"item\":\"https:\\\/\\\/graphimarket.com\\\/es\\\/\"},{\"@type\":\"ListItem\",\"position\":2,\"name\":\"Store\",\"item\":\"https:\\\/\\\/graphimarket.com\\\/store\\\/\"},{\"@type\":\"ListItem\",\"position\":3,\"name\":\"Pastel Photoshop Action\"}]},{\"@type\":\"WebSite\",\"@id\":\"https:\\\/\\\/graphimarket.com\\\/fr\\\/#website\",\"url\":\"https:\\\/\\\/graphimarket.com\\\/fr\\\/\",\"name\":\"Graphimarket\",\"description\":\"Find the perfect creative asset to bring your project to life\",\"publisher\":{\"@id\":\"https:\\\/\\\/graphimarket.com\\\/fr\\\/#organization\"},\"potentialAction\":[{\"@type\":\"SearchAction\",\"target\":{\"@type\":\"EntryPoint\",\"urlTemplate\":\"https:\\\/\\\/graphimarket.com\\\/fr\\\/?s={search_term_string}\"},\"query-input\":{\"@type\":\"PropertyValueSpecification\",\"valueRequired\":true,\"valueName\":\"search_term_string\"}}],\"inLanguage\":\"fr-FR\"},{\"@type\":\"Organization\",\"@id\":\"https:\\\/\\\/graphimarket.com\\\/fr\\\/#organization\",\"name\":\"Graphimarket\",\"url\":\"https:\\\/\\\/graphimarket.com\\\/fr\\\/\",\"logo\":{\"@type\":\"ImageObject\",\"inLanguage\":\"fr-FR\",\"@id\":\"https:\\\/\\\/graphimarket.com\\\/fr\\\/#\\\/schema\\\/logo\\\/image\\\/\",\"url\":\"https:\\\/\\\/graphimarket.com\\\/wp-content\\\/uploads\\\/2020\\\/08\\\/logo-48.png\",\"contentUrl\":\"https:\\\/\\\/graphimarket.com\\\/wp-content\\\/uploads\\\/2020\\\/08\\\/logo-48.png\",\"width\":132,\"height\":48,\"caption\":\"Graphimarket\"},\"image\":{\"@id\":\"https:\\\/\\\/graphimarket.com\\\/fr\\\/#\\\/schema\\\/logo\\\/image\\\/\"}}]}<\/script>\n<!-- \/ Yoast SEO plugin. -->","yoast_head_json":{"title":"Action Photoshop Pastel - Graphimarket","description":"Cr\u00e9ez un effet de croquis pastel \u00e0 partir de vos photos en quelques clics! Ouvrez votre photo, passez simplement sur votre sujet et juste ...","robots":{"index":"index","follow":"follow","max-snippet":"max-snippet:-1","max-image-preview":"max-image-preview:large","max-video-preview":"max-video-preview:-1"},"canonical":"https:\/\/graphimarket.com\/fr\/product\/pastel-photoshop-action\/","og_locale":"fr_FR","og_type":"article","og_title":"Pastel Photoshop Action - Graphimarket","og_description":"Create\u00a0pastel sketch effect\u00a0from your photos with just a few clicks! Open your photo, simply brush over your subject and just...","og_url":"https:\/\/graphimarket.com\/fr\/product\/pastel-photoshop-action\/","og_site_name":"Graphimarket","article_modified_time":"2022-12-19T08:06:14+00:00","og_image":[{"width":850,"height":1106,"url":"https:\/\/graphimarket.com\/wp-content\/uploads\/2021\/01\/6f3d61ac626ef177e4fa659c247fc79b.jpg","type":"image\/jpeg"}],"twitter_card":"summary_large_image","twitter_misc":{"Est. reading time":"1 minute"},"schema":{"@context":"https:\/\/schema.org","@graph":[{"@type":"WebPage","@id":"https:\/\/graphimarket.com\/product\/pastel-photoshop-action\/","url":"https:\/\/graphimarket.com\/product\/pastel-photoshop-action\/","name":"Action Photoshop Pastel - Graphimarket","isPartOf":{"@id":"https:\/\/graphimarket.com\/fr\/#website"},"primaryImageOfPage":{"@id":"https:\/\/graphimarket.com\/product\/pastel-photoshop-action\/#primaryimage"},"image":{"@id":"https:\/\/graphimarket.com\/product\/pastel-photoshop-action\/#primaryimage"},"thumbnailUrl":"https:\/\/graphimarket.com\/wp-content\/uploads\/2021\/01\/6f3d61ac626ef177e4fa659c247fc79b.jpg","datePublished":"2021-01-14T15:48:16+00:00","dateModified":"2022-12-19T08:06:14+00:00","description":"Cr\u00e9ez un effet de croquis pastel \u00e0 partir de vos photos en quelques clics! Ouvrez votre photo, passez simplement sur votre sujet et juste ...","breadcrumb":{"@id":"https:\/\/graphimarket.com\/product\/pastel-photoshop-action\/#breadcrumb"},"inLanguage":"fr-FR","potentialAction":[{"@type":"ReadAction","target":["https:\/\/graphimarket.com\/product\/pastel-photoshop-action\/"]}]},{"@type":"ImageObject","inLanguage":"fr-FR","@id":"https:\/\/graphimarket.com\/product\/pastel-photoshop-action\/#primaryimage","url":"https:\/\/graphimarket.com\/wp-content\/uploads\/2021\/01\/6f3d61ac626ef177e4fa659c247fc79b.jpg","contentUrl":"https:\/\/graphimarket.com\/wp-content\/uploads\/2021\/01\/6f3d61ac626ef177e4fa659c247fc79b.jpg","width":850,"height":1106},{"@type":"BreadcrumbList","@id":"https:\/\/graphimarket.com\/product\/pastel-photoshop-action\/#breadcrumb","itemListElement":[{"@type":"ListItem","position":1,"name":"Home","item":"https:\/\/graphimarket.com\/es\/"},{"@type":"ListItem","position":2,"name":"Store","item":"https:\/\/graphimarket.com\/store\/"},{"@type":"ListItem","position":3,"name":"Pastel Photoshop Action"}]},{"@type":"WebSite","@id":"https:\/\/graphimarket.com\/fr\/#website","url":"https:\/\/graphimarket.com\/fr\/","name":"Graphimarket","description":"Trouvez l&#039;atout cr\u00e9atif parfait pour donner vie \u00e0 votre projet","publisher":{"@id":"https:\/\/graphimarket.com\/fr\/#organization"},"potentialAction":[{"@type":"SearchAction","target":{"@type":"EntryPoint","urlTemplate":"https:\/\/graphimarket.com\/fr\/?s={search_term_string}"},"query-input":{"@type":"PropertyValueSpecification","valueRequired":true,"valueName":"search_term_string"}}],"inLanguage":"fr-FR"},{"@type":"Organization","@id":"https:\/\/graphimarket.com\/fr\/#organization","name":"Graphimarket","url":"https:\/\/graphimarket.com\/fr\/","logo":{"@type":"ImageObject","inLanguage":"fr-FR","@id":"https:\/\/graphimarket.com\/fr\/#\/schema\/logo\/image\/","url":"https:\/\/graphimarket.com\/wp-content\/uploads\/2020\/08\/logo-48.png","contentUrl":"https:\/\/graphimarket.com\/wp-content\/uploads\/2020\/08\/logo-48.png","width":132,"height":48,"caption":"Graphimarket"},"image":{"@id":"https:\/\/graphimarket.com\/fr\/#\/schema\/logo\/image\/"}}]}},"_links":{"self":[{"href":"https:\/\/graphimarket.com\/fr\/wp-json\/wp\/v2\/product\/15201","targetHints":{"allow":["GET"]}}],"collection":[{"href":"https:\/\/graphimarket.com\/fr\/wp-json\/wp\/v2\/product"}],"about":[{"href":"https:\/\/graphimarket.com\/fr\/wp-json\/wp\/v2\/types\/product"}],"replies":[{"embeddable":true,"href":"https:\/\/graphimarket.com\/fr\/wp-json\/wp\/v2\/comments?post=15201"}],"version-history":[{"count":0,"href":"https:\/\/graphimarket.com\/fr\/wp-json\/wp\/v2\/product\/15201\/revisions"}],"wp:featuredmedia":[{"embeddable":true,"href":"https:\/\/graphimarket.com\/fr\/wp-json\/wp\/v2\/media\/15210"}],"wp:attachment":[{"href":"https:\/\/graphimarket.com\/fr\/wp-json\/wp\/v2\/media?parent=15201"}],"wp:term":[{"taxonomy":"product_brand","embeddable":true,"href":"https:\/\/graphimarket.com\/fr\/wp-json\/wp\/v2\/product_brand?post=15201"},{"taxonomy":"product_cat","embeddable":true,"href":"https:\/\/graphimarket.com\/fr\/wp-json\/wp\/v2\/product_cat?post=15201"},{"taxonomy":"product_tag","embeddable":true,"href":"https:\/\/graphimarket.com\/fr\/wp-json\/wp\/v2\/product_tag?post=15201"}],"curies":[{"name":"wp","href":"https:\/\/api.w.org\/{rel}","templated":true}]}}