{"id":15288,"date":"2021-01-15T17:15:11","date_gmt":"2021-01-15T16:15:11","guid":{"rendered":"https:\/\/graphimarket.com\/?post_type=product&#038;p=15288"},"modified":"2022-12-19T09:04:36","modified_gmt":"2022-12-19T08:04:36","slug":"marker-sketch-photoshop-action","status":"publish","type":"product","link":"https:\/\/graphimarket.com\/fr\/product\/marker-sketch-photoshop-action\/","title":{"rendered":"Marqueur Sketch Photoshop Action"},"content":{"rendered":"<p><img fetchpriority=\"high\" decoding=\"async\" class=\"alignnone size-full wp-image-15291\" src=\"https:\/\/graphimarket.com\/wp-content\/uploads\/2021\/01\/05.jpg\" alt=\"\" width=\"1200\" height=\"900\" srcset=\"https:\/\/graphimarket.com\/wp-content\/uploads\/2021\/01\/05.jpg 1200w, https:\/\/graphimarket.com\/wp-content\/uploads\/2021\/01\/05-300x225.jpg 300w, https:\/\/graphimarket.com\/wp-content\/uploads\/2021\/01\/05-1024x768.jpg 1024w, https:\/\/graphimarket.com\/wp-content\/uploads\/2021\/01\/05-768x576.jpg 768w, https:\/\/graphimarket.com\/wp-content\/uploads\/2021\/01\/05-16x12.jpg 16w, https:\/\/graphimarket.com\/wp-content\/uploads\/2021\/01\/05-600x450.jpg 600w\" sizes=\"(max-width: 1200px) 100vw, 1200px\" \/> <img decoding=\"async\" class=\"alignnone size-full wp-image-15292\" src=\"https:\/\/graphimarket.com\/wp-content\/uploads\/2021\/01\/06.jpg\" alt=\"\" width=\"1200\" height=\"800\" srcset=\"https:\/\/graphimarket.com\/wp-content\/uploads\/2021\/01\/06.jpg 1200w, https:\/\/graphimarket.com\/wp-content\/uploads\/2021\/01\/06-300x200.jpg 300w, https:\/\/graphimarket.com\/wp-content\/uploads\/2021\/01\/06-1024x683.jpg 1024w, https:\/\/graphimarket.com\/wp-content\/uploads\/2021\/01\/06-768x512.jpg 768w, https:\/\/graphimarket.com\/wp-content\/uploads\/2021\/01\/06-16x12.jpg 16w, https:\/\/graphimarket.com\/wp-content\/uploads\/2021\/01\/06-600x400.jpg 600w\" sizes=\"(max-width: 1200px) 100vw, 1200px\" \/> <img decoding=\"async\" class=\"alignnone size-full wp-image-15293\" src=\"https:\/\/graphimarket.com\/wp-content\/uploads\/2021\/01\/07.jpg\" alt=\"\" width=\"1200\" height=\"775\" srcset=\"https:\/\/graphimarket.com\/wp-content\/uploads\/2021\/01\/07.jpg 1200w, https:\/\/graphimarket.com\/wp-content\/uploads\/2021\/01\/07-300x194.jpg 300w, https:\/\/graphimarket.com\/wp-content\/uploads\/2021\/01\/07-1024x661.jpg 1024w, https:\/\/graphimarket.com\/wp-content\/uploads\/2021\/01\/07-768x496.jpg 768w, https:\/\/graphimarket.com\/wp-content\/uploads\/2021\/01\/07-16x10.jpg 16w, https:\/\/graphimarket.com\/wp-content\/uploads\/2021\/01\/07-600x388.jpg 600w\" sizes=\"(max-width: 1200px) 100vw, 1200px\" \/> <img loading=\"lazy\" decoding=\"async\" class=\"alignnone size-full wp-image-15294\" src=\"https:\/\/graphimarket.com\/wp-content\/uploads\/2021\/01\/08.jpg\" alt=\"\" width=\"1200\" height=\"618\" srcset=\"https:\/\/graphimarket.com\/wp-content\/uploads\/2021\/01\/08.jpg 1200w, https:\/\/graphimarket.com\/wp-content\/uploads\/2021\/01\/08-300x155.jpg 300w, https:\/\/graphimarket.com\/wp-content\/uploads\/2021\/01\/08-1024x527.jpg 1024w, https:\/\/graphimarket.com\/wp-content\/uploads\/2021\/01\/08-768x396.jpg 768w, https:\/\/graphimarket.com\/wp-content\/uploads\/2021\/01\/08-16x8.jpg 16w, https:\/\/graphimarket.com\/wp-content\/uploads\/2021\/01\/08-600x309.jpg 600w\" sizes=\"(max-width: 1200px) 100vw, 1200px\" \/> <img loading=\"lazy\" decoding=\"async\" class=\"alignnone size-full wp-image-15295\" src=\"https:\/\/graphimarket.com\/wp-content\/uploads\/2021\/01\/09.jpg\" alt=\"\" width=\"1200\" height=\"704\" srcset=\"https:\/\/graphimarket.com\/wp-content\/uploads\/2021\/01\/09.jpg 1200w, https:\/\/graphimarket.com\/wp-content\/uploads\/2021\/01\/09-300x176.jpg 300w, https:\/\/graphimarket.com\/wp-content\/uploads\/2021\/01\/09-1024x601.jpg 1024w, https:\/\/graphimarket.com\/wp-content\/uploads\/2021\/01\/09-768x451.jpg 768w, https:\/\/graphimarket.com\/wp-content\/uploads\/2021\/01\/09-16x9.jpg 16w, https:\/\/graphimarket.com\/wp-content\/uploads\/2021\/01\/09-600x352.jpg 600w\" sizes=\"(max-width: 1200px) 100vw, 1200px\" \/> <img loading=\"lazy\" decoding=\"async\" class=\"alignnone size-full wp-image-15296\" src=\"https:\/\/graphimarket.com\/wp-content\/uploads\/2021\/01\/10-7.jpg\" alt=\"\" width=\"1200\" height=\"800\" srcset=\"https:\/\/graphimarket.com\/wp-content\/uploads\/2021\/01\/10-7.jpg 1200w, https:\/\/graphimarket.com\/wp-content\/uploads\/2021\/01\/10-7-300x200.jpg 300w, https:\/\/graphimarket.com\/wp-content\/uploads\/2021\/01\/10-7-1024x683.jpg 1024w, https:\/\/graphimarket.com\/wp-content\/uploads\/2021\/01\/10-7-768x512.jpg 768w, https:\/\/graphimarket.com\/wp-content\/uploads\/2021\/01\/10-7-16x12.jpg 16w, https:\/\/graphimarket.com\/wp-content\/uploads\/2021\/01\/10-7-600x400.jpg 600w\" sizes=\"(max-width: 1200px) 100vw, 1200px\" \/> <img loading=\"lazy\" decoding=\"async\" class=\"alignnone size-full wp-image-15297\" src=\"https:\/\/graphimarket.com\/wp-content\/uploads\/2021\/01\/11-6.jpg\" alt=\"\" width=\"1200\" height=\"675\" srcset=\"https:\/\/graphimarket.com\/wp-content\/uploads\/2021\/01\/11-6.jpg 1200w, https:\/\/graphimarket.com\/wp-content\/uploads\/2021\/01\/11-6-300x169.jpg 300w, https:\/\/graphimarket.com\/wp-content\/uploads\/2021\/01\/11-6-1024x576.jpg 1024w, https:\/\/graphimarket.com\/wp-content\/uploads\/2021\/01\/11-6-768x432.jpg 768w, https:\/\/graphimarket.com\/wp-content\/uploads\/2021\/01\/11-6-16x9.jpg 16w, https:\/\/graphimarket.com\/wp-content\/uploads\/2021\/01\/11-6-600x338.jpg 600w\" sizes=\"(max-width: 1200px) 100vw, 1200px\" \/> <img loading=\"lazy\" decoding=\"async\" class=\"alignnone size-full wp-image-15298\" src=\"https:\/\/graphimarket.com\/wp-content\/uploads\/2021\/01\/12-5.jpg\" alt=\"\" width=\"1200\" height=\"853\" srcset=\"https:\/\/graphimarket.com\/wp-content\/uploads\/2021\/01\/12-5.jpg 1200w, https:\/\/graphimarket.com\/wp-content\/uploads\/2021\/01\/12-5-300x213.jpg 300w, https:\/\/graphimarket.com\/wp-content\/uploads\/2021\/01\/12-5-1024x728.jpg 1024w, https:\/\/graphimarket.com\/wp-content\/uploads\/2021\/01\/12-5-768x546.jpg 768w, https:\/\/graphimarket.com\/wp-content\/uploads\/2021\/01\/12-5-16x12.jpg 16w, https:\/\/graphimarket.com\/wp-content\/uploads\/2021\/01\/12-5-600x427.jpg 600w\" sizes=\"(max-width: 1200px) 100vw, 1200px\" \/> <img loading=\"lazy\" decoding=\"async\" class=\"alignnone size-full wp-image-15299\" src=\"https:\/\/graphimarket.com\/wp-content\/uploads\/2021\/01\/01.jpg\" alt=\"\" width=\"1103\" height=\"697\" srcset=\"https:\/\/graphimarket.com\/wp-content\/uploads\/2021\/01\/01.jpg 1103w, https:\/\/graphimarket.com\/wp-content\/uploads\/2021\/01\/01-300x190.jpg 300w, https:\/\/graphimarket.com\/wp-content\/uploads\/2021\/01\/01-1024x647.jpg 1024w, https:\/\/graphimarket.com\/wp-content\/uploads\/2021\/01\/01-768x485.jpg 768w, https:\/\/graphimarket.com\/wp-content\/uploads\/2021\/01\/01-16x10.jpg 16w, https:\/\/graphimarket.com\/wp-content\/uploads\/2021\/01\/01-600x379.jpg 600w\" sizes=\"(max-width: 1103px) 100vw, 1103px\" \/> <img loading=\"lazy\" decoding=\"async\" class=\"alignnone size-full wp-image-15300\" src=\"https:\/\/graphimarket.com\/wp-content\/uploads\/2021\/01\/02.jpg\" alt=\"\" width=\"1200\" height=\"698\" srcset=\"https:\/\/graphimarket.com\/wp-content\/uploads\/2021\/01\/02.jpg 1200w, https:\/\/graphimarket.com\/wp-content\/uploads\/2021\/01\/02-300x175.jpg 300w, https:\/\/graphimarket.com\/wp-content\/uploads\/2021\/01\/02-1024x596.jpg 1024w, https:\/\/graphimarket.com\/wp-content\/uploads\/2021\/01\/02-768x447.jpg 768w, https:\/\/graphimarket.com\/wp-content\/uploads\/2021\/01\/02-16x9.jpg 16w, https:\/\/graphimarket.com\/wp-content\/uploads\/2021\/01\/02-600x349.jpg 600w\" sizes=\"(max-width: 1200px) 100vw, 1200px\" \/> <img loading=\"lazy\" decoding=\"async\" class=\"alignnone size-full wp-image-15301\" src=\"https:\/\/graphimarket.com\/wp-content\/uploads\/2021\/01\/03.jpg\" alt=\"\" width=\"1200\" height=\"698\" srcset=\"https:\/\/graphimarket.com\/wp-content\/uploads\/2021\/01\/03.jpg 1200w, https:\/\/graphimarket.com\/wp-content\/uploads\/2021\/01\/03-300x175.jpg 300w, https:\/\/graphimarket.com\/wp-content\/uploads\/2021\/01\/03-1024x596.jpg 1024w, https:\/\/graphimarket.com\/wp-content\/uploads\/2021\/01\/03-768x447.jpg 768w, https:\/\/graphimarket.com\/wp-content\/uploads\/2021\/01\/03-16x9.jpg 16w, https:\/\/graphimarket.com\/wp-content\/uploads\/2021\/01\/03-600x349.jpg 600w\" sizes=\"(max-width: 1200px) 100vw, 1200px\" \/> <img loading=\"lazy\" decoding=\"async\" class=\"alignnone size-full wp-image-15302\" src=\"https:\/\/graphimarket.com\/wp-content\/uploads\/2021\/01\/04.jpg\" alt=\"\" width=\"1200\" height=\"800\" srcset=\"https:\/\/graphimarket.com\/wp-content\/uploads\/2021\/01\/04.jpg 1200w, https:\/\/graphimarket.com\/wp-content\/uploads\/2021\/01\/04-300x200.jpg 300w, https:\/\/graphimarket.com\/wp-content\/uploads\/2021\/01\/04-1024x683.jpg 1024w, https:\/\/graphimarket.com\/wp-content\/uploads\/2021\/01\/04-768x512.jpg 768w, https:\/\/graphimarket.com\/wp-content\/uploads\/2021\/01\/04-16x12.jpg 16w, https:\/\/graphimarket.com\/wp-content\/uploads\/2021\/01\/04-600x400.jpg 600w\" sizes=\"(max-width: 1200px) 100vw, 1200px\" \/><\/p>\n<h1>Marqueur Sketch Photoshop Action<\/h1>\n<p>L&#039;action cr\u00e9e des solutions toutes faites, choisissez simplement des calques avec des formes de marqueur que vous aimez et essayez diff\u00e9rentes combinaisons. Mais si vous avez besoin d&#039;un travail manuel plus pr\u00e9cis, tout le plaisir commence ici. Nous avons pr\u00e9par\u00e9 de nombreux pinceaux exclusifs pr\u00eats \u00e0 l&#039;emploi avec diff\u00e9rentes formes et param\u00e8tres de comportement pour un travail simple et amusant. S\u00e9lectionnez simplement l&#039;un des calques sign\u00e9s, s\u00e9lectionnez l&#039;un de nos pinceaux exclusifs et peignez o\u00f9 vous voulez et comme vous le souhaitez! Comment le faire dans le didacticiel vid\u00e9o ci-dessous.<\/p>\n<p>Choisissez, dessinez, combinez, sentez-vous libre et amusez-vous! Une structure bien organis\u00e9e vous facilitera la vie. Quelques minutes et vos pr\u00e9cieuses heures de travail seront \u00e9conomis\u00e9es!<\/p>\n<p><strong>L&#039;action fonctionnera UNIQUEMENT DANS LA VERSION ANGLAISE DE PHOTOSHOP.<\/strong><\/p>\n<blockquote class=\"wp-embedded-content\" data-secret=\"P82KGnLinP\"><p><a href=\"https:\/\/graphimarket.com\/fr\/2021\/01\/12\/how-to-install-previous-versions-of-your-creative-cloud-apps\/\">Comment installer les versions pr\u00e9c\u00e9dentes de vos applications Creative Cloud<\/a><\/p><\/blockquote>\n<p><iframe class=\"wp-embedded-content\" sandbox=\"allow-scripts\" security=\"restricted\" style=\"position: absolute; clip: rect(1px, 1px, 1px, 1px);\" title=\"&quot;Comment installer les versions pr\u00e9c\u00e9dentes de vos applications Creative Cloud&quot; - Graphimarket\" src=\"https:\/\/graphimarket.com\/en\/2021\/01\/12\/how-to-install-previous-versions-of-your-creative-cloud-apps\/embed\/#?secret=gvr0C4BeIk#?secret=P82KGnLinP\" data-secret=\"P82KGnLinP\" width=\"500\" height=\"282\" frameborder=\"0\" marginwidth=\"0\" marginheight=\"0\" scrolling=\"no\"><\/iframe><\/p>\n<blockquote class=\"wp-embedded-content\" data-secret=\"fB0robhJW5\"><p><a href=\"https:\/\/graphimarket.com\/fr\/2021\/01\/12\/change-the-language-of-your-creative-cloud-apps\/\">Changer la langue de vos applications Creative Cloud<\/a><\/p><\/blockquote>\n<p><iframe class=\"wp-embedded-content\" sandbox=\"allow-scripts\" security=\"restricted\" style=\"position: absolute; clip: rect(1px, 1px, 1px, 1px);\" title=\"&quot;Changer la langue de vos applications Creative Cloud&quot; - Graphimarket\" src=\"https:\/\/graphimarket.com\/en\/2021\/01\/12\/change-the-language-of-your-creative-cloud-apps\/embed\/#?secret=TuACd8EIxT#?secret=fB0robhJW5\" data-secret=\"fB0robhJW5\" width=\"500\" height=\"282\" frameborder=\"0\" marginwidth=\"0\" marginheight=\"0\" scrolling=\"no\"><\/iframe><\/p>\n<p><a href=\"https:\/\/www.youtube.com\/watch?v=_6dyBIK9C2A\" target=\"_blank\" rel=\"noopener\">Didacticiel<\/a><\/p>\n<p>&nbsp;<\/p>","protected":false},"excerpt":{"rendered":"<p>Marker Sketch Photoshop Action The action creates ready-made solutions, just choose layers with marker shapes that you like and try different combinations. But if you need more precise manual work, all the fun begins here. We prepared a lot of ready-to-go exclusive brushes with different shapes and behavior settings for fun and simple work. Just [&hellip;]<\/p>\n","protected":false},"featured_media":15291,"comment_status":"open","ping_status":"closed","template":"","meta":{"site-sidebar-layout":"default","site-content-layout":"default","ast-site-content-layout":"default","site-content-style":"default","site-sidebar-style":"default","ast-global-header-display":"","ast-banner-title-visibility":"","ast-main-header-display":"","ast-hfb-above-header-display":"","ast-hfb-below-header-display":"","ast-hfb-mobile-header-display":"","site-post-title":"","ast-breadcrumbs-content":"","ast-featured-img":"","footer-sml-layout":"","ast-disable-related-posts":"","theme-transparent-header-meta":"default","adv-header-id-meta":"","stick-header-meta":"","header-above-stick-meta":"","header-main-stick-meta":"","header-below-stick-meta":"","astra-migrate-meta-layouts":"default","ast-page-background-enabled":"default","ast-page-background-meta":{"desktop":{"background-color":"","background-image":"","background-repeat":"repeat","background-position":"center center","background-size":"auto","background-attachment":"scroll","background-type":"","background-media":"","overlay-type":"","overlay-color":"","overlay-opacity":"","overlay-gradient":""},"tablet":{"background-color":"","background-image":"","background-repeat":"repeat","background-position":"center center","background-size":"auto","background-attachment":"scroll","background-type":"","background-media":"","overlay-type":"","overlay-color":"","overlay-opacity":"","overlay-gradient":""},"mobile":{"background-color":"","background-image":"","background-repeat":"repeat","background-position":"center center","background-size":"auto","background-attachment":"scroll","background-type":"","background-media":"","overlay-type":"","overlay-color":"","overlay-opacity":"","overlay-gradient":""}},"ast-content-background-meta":{"desktop":{"background-color":"var(--ast-global-color-5)","background-image":"","background-repeat":"repeat","background-position":"center center","background-size":"auto","background-attachment":"scroll","background-type":"","background-media":"","overlay-type":"","overlay-color":"","overlay-opacity":"","overlay-gradient":""},"tablet":{"background-color":"var(--ast-global-color-5)","background-image":"","background-repeat":"repeat","background-position":"center center","background-size":"auto","background-attachment":"scroll","background-type":"","background-media":"","overlay-type":"","overlay-color":"","overlay-opacity":"","overlay-gradient":""},"mobile":{"background-color":"var(--ast-global-color-5)","background-image":"","background-repeat":"repeat","background-position":"center center","background-size":"auto","background-attachment":"scroll","background-type":"","background-media":"","overlay-type":"","overlay-color":"","overlay-opacity":"","overlay-gradient":""}}},"product_brand":[],"product_cat":[195,146],"product_tag":[292,496,62,267],"class_list":{"0":"post-15288","1":"product","2":"type-product","3":"status-publish","4":"has-post-thumbnail","6":"product_cat-photoshop","7":"product_cat-photoshop-action","8":"product_tag-action","9":"product_tag-marker","10":"product_tag-photoshop","11":"product_tag-sketch","12":"desktop-align-left","13":"tablet-align-left","14":"mobile-align-left","16":"first","17":"instock","18":"sale","19":"downloadable","20":"virtual","21":"taxable","22":"purchasable","23":"product-type-simple"},"yoast_head":"<!-- This site is optimized with the Yoast SEO plugin v27.3 - https:\/\/yoast.com\/product\/yoast-seo-wordpress\/ -->\n<title>Marker Sketch Photoshop Action - Graphimarket<\/title>\n<meta name=\"description\" content=\"Wherever you are, the love of sketches is always near, and you often have to draw with what you have. And markers are a great...\" \/>\n<meta name=\"robots\" content=\"index, follow, max-snippet:-1, max-image-preview:large, max-video-preview:-1\" \/>\n<link rel=\"canonical\" href=\"https:\/\/graphimarket.com\/fr\/product\/marker-sketch-photoshop-action\/\" \/>\n<meta property=\"og:locale\" content=\"fr_FR\" \/>\n<meta property=\"og:type\" content=\"article\" \/>\n<meta property=\"og:title\" content=\"Marker Sketch Photoshop Action - Graphimarket\" \/>\n<meta property=\"og:description\" content=\"Wherever you are, the love of sketches is always near, and you often have to draw with what you have. And markers are a great...\" \/>\n<meta property=\"og:url\" content=\"https:\/\/graphimarket.com\/fr\/product\/marker-sketch-photoshop-action\/\" \/>\n<meta property=\"og:site_name\" content=\"Graphimarket\" \/>\n<meta property=\"article:modified_time\" content=\"2022-12-19T08:04:36+00:00\" \/>\n<meta property=\"og:image\" content=\"https:\/\/graphimarket.com\/wp-content\/uploads\/2021\/01\/05.jpg\" \/>\n\t<meta property=\"og:image:width\" content=\"1200\" \/>\n\t<meta property=\"og:image:height\" content=\"900\" \/>\n\t<meta property=\"og:image:type\" content=\"image\/jpeg\" \/>\n<meta name=\"twitter:card\" content=\"summary_large_image\" \/>\n<meta name=\"twitter:label1\" content=\"Est. reading time\" \/>\n\t<meta name=\"twitter:data1\" content=\"1 minute\" \/>\n<script type=\"application\/ld+json\" class=\"yoast-schema-graph\">{\"@context\":\"https:\\\/\\\/schema.org\",\"@graph\":[{\"@type\":\"WebPage\",\"@id\":\"https:\\\/\\\/graphimarket.com\\\/ja\\\/product\\\/marker-sketch-photoshop-action\\\/\",\"url\":\"https:\\\/\\\/graphimarket.com\\\/ja\\\/product\\\/marker-sketch-photoshop-action\\\/\",\"name\":\"Marker Sketch Photoshop Action - Graphimarket\",\"isPartOf\":{\"@id\":\"https:\\\/\\\/graphimarket.com\\\/fr\\\/#website\"},\"primaryImageOfPage\":{\"@id\":\"https:\\\/\\\/graphimarket.com\\\/ja\\\/product\\\/marker-sketch-photoshop-action\\\/#primaryimage\"},\"image\":{\"@id\":\"https:\\\/\\\/graphimarket.com\\\/ja\\\/product\\\/marker-sketch-photoshop-action\\\/#primaryimage\"},\"thumbnailUrl\":\"https:\\\/\\\/graphimarket.com\\\/wp-content\\\/uploads\\\/2021\\\/01\\\/05.jpg\",\"datePublished\":\"2021-01-15T16:15:11+00:00\",\"dateModified\":\"2022-12-19T08:04:36+00:00\",\"description\":\"Wherever you are, the love of sketches is always near, and you often have to draw with what you have. And markers are a great...\",\"breadcrumb\":{\"@id\":\"https:\\\/\\\/graphimarket.com\\\/ja\\\/product\\\/marker-sketch-photoshop-action\\\/#breadcrumb\"},\"inLanguage\":\"fr-FR\",\"potentialAction\":[{\"@type\":\"ReadAction\",\"target\":[\"https:\\\/\\\/graphimarket.com\\\/ja\\\/product\\\/marker-sketch-photoshop-action\\\/\"]}]},{\"@type\":\"ImageObject\",\"inLanguage\":\"fr-FR\",\"@id\":\"https:\\\/\\\/graphimarket.com\\\/ja\\\/product\\\/marker-sketch-photoshop-action\\\/#primaryimage\",\"url\":\"https:\\\/\\\/graphimarket.com\\\/wp-content\\\/uploads\\\/2021\\\/01\\\/05.jpg\",\"contentUrl\":\"https:\\\/\\\/graphimarket.com\\\/wp-content\\\/uploads\\\/2021\\\/01\\\/05.jpg\",\"width\":1200,\"height\":900},{\"@type\":\"BreadcrumbList\",\"@id\":\"https:\\\/\\\/graphimarket.com\\\/ja\\\/product\\\/marker-sketch-photoshop-action\\\/#breadcrumb\",\"itemListElement\":[{\"@type\":\"ListItem\",\"position\":1,\"name\":\"Home\",\"item\":\"https:\\\/\\\/graphimarket.com\\\/es\\\/\"},{\"@type\":\"ListItem\",\"position\":2,\"name\":\"Store\",\"item\":\"https:\\\/\\\/graphimarket.com\\\/store\\\/\"},{\"@type\":\"ListItem\",\"position\":3,\"name\":\"Marker Sketch Photoshop Action\"}]},{\"@type\":\"WebSite\",\"@id\":\"https:\\\/\\\/graphimarket.com\\\/fr\\\/#website\",\"url\":\"https:\\\/\\\/graphimarket.com\\\/fr\\\/\",\"name\":\"Graphimarket\",\"description\":\"Find the perfect creative asset to bring your project to life\",\"publisher\":{\"@id\":\"https:\\\/\\\/graphimarket.com\\\/fr\\\/#organization\"},\"potentialAction\":[{\"@type\":\"SearchAction\",\"target\":{\"@type\":\"EntryPoint\",\"urlTemplate\":\"https:\\\/\\\/graphimarket.com\\\/fr\\\/?s={search_term_string}\"},\"query-input\":{\"@type\":\"PropertyValueSpecification\",\"valueRequired\":true,\"valueName\":\"search_term_string\"}}],\"inLanguage\":\"fr-FR\"},{\"@type\":\"Organization\",\"@id\":\"https:\\\/\\\/graphimarket.com\\\/fr\\\/#organization\",\"name\":\"Graphimarket\",\"url\":\"https:\\\/\\\/graphimarket.com\\\/fr\\\/\",\"logo\":{\"@type\":\"ImageObject\",\"inLanguage\":\"fr-FR\",\"@id\":\"https:\\\/\\\/graphimarket.com\\\/fr\\\/#\\\/schema\\\/logo\\\/image\\\/\",\"url\":\"https:\\\/\\\/graphimarket.com\\\/wp-content\\\/uploads\\\/2020\\\/08\\\/logo-48.png\",\"contentUrl\":\"https:\\\/\\\/graphimarket.com\\\/wp-content\\\/uploads\\\/2020\\\/08\\\/logo-48.png\",\"width\":132,\"height\":48,\"caption\":\"Graphimarket\"},\"image\":{\"@id\":\"https:\\\/\\\/graphimarket.com\\\/fr\\\/#\\\/schema\\\/logo\\\/image\\\/\"}}]}<\/script>\n<!-- \/ Yoast SEO plugin. -->","yoast_head_json":{"title":"Marker Sketch Photoshop Action - Graphimarket","description":"O\u00f9 que vous soyez, l&#039;amour des croquis est toujours proche et vous devez souvent dessiner avec ce que vous avez. Et les marqueurs sont un excellent ...","robots":{"index":"index","follow":"follow","max-snippet":"max-snippet:-1","max-image-preview":"max-image-preview:large","max-video-preview":"max-video-preview:-1"},"canonical":"https:\/\/graphimarket.com\/fr\/product\/marker-sketch-photoshop-action\/","og_locale":"fr_FR","og_type":"article","og_title":"Marker Sketch Photoshop Action - Graphimarket","og_description":"Wherever you are, the love of sketches is always near, and you often have to draw with what you have. And markers are a great...","og_url":"https:\/\/graphimarket.com\/fr\/product\/marker-sketch-photoshop-action\/","og_site_name":"Graphimarket","article_modified_time":"2022-12-19T08:04:36+00:00","og_image":[{"width":1200,"height":900,"url":"https:\/\/graphimarket.com\/wp-content\/uploads\/2021\/01\/05.jpg","type":"image\/jpeg"}],"twitter_card":"summary_large_image","twitter_misc":{"Est. reading time":"1 minute"},"schema":{"@context":"https:\/\/schema.org","@graph":[{"@type":"WebPage","@id":"https:\/\/graphimarket.com\/ja\/product\/marker-sketch-photoshop-action\/","url":"https:\/\/graphimarket.com\/ja\/product\/marker-sketch-photoshop-action\/","name":"Marker Sketch Photoshop Action - Graphimarket","isPartOf":{"@id":"https:\/\/graphimarket.com\/fr\/#website"},"primaryImageOfPage":{"@id":"https:\/\/graphimarket.com\/ja\/product\/marker-sketch-photoshop-action\/#primaryimage"},"image":{"@id":"https:\/\/graphimarket.com\/ja\/product\/marker-sketch-photoshop-action\/#primaryimage"},"thumbnailUrl":"https:\/\/graphimarket.com\/wp-content\/uploads\/2021\/01\/05.jpg","datePublished":"2021-01-15T16:15:11+00:00","dateModified":"2022-12-19T08:04:36+00:00","description":"O\u00f9 que vous soyez, l&#039;amour des croquis est toujours proche et vous devez souvent dessiner avec ce que vous avez. Et les marqueurs sont un excellent ...","breadcrumb":{"@id":"https:\/\/graphimarket.com\/ja\/product\/marker-sketch-photoshop-action\/#breadcrumb"},"inLanguage":"fr-FR","potentialAction":[{"@type":"ReadAction","target":["https:\/\/graphimarket.com\/ja\/product\/marker-sketch-photoshop-action\/"]}]},{"@type":"ImageObject","inLanguage":"fr-FR","@id":"https:\/\/graphimarket.com\/ja\/product\/marker-sketch-photoshop-action\/#primaryimage","url":"https:\/\/graphimarket.com\/wp-content\/uploads\/2021\/01\/05.jpg","contentUrl":"https:\/\/graphimarket.com\/wp-content\/uploads\/2021\/01\/05.jpg","width":1200,"height":900},{"@type":"BreadcrumbList","@id":"https:\/\/graphimarket.com\/ja\/product\/marker-sketch-photoshop-action\/#breadcrumb","itemListElement":[{"@type":"ListItem","position":1,"name":"Home","item":"https:\/\/graphimarket.com\/es\/"},{"@type":"ListItem","position":2,"name":"Store","item":"https:\/\/graphimarket.com\/store\/"},{"@type":"ListItem","position":3,"name":"Marker Sketch Photoshop Action"}]},{"@type":"WebSite","@id":"https:\/\/graphimarket.com\/fr\/#website","url":"https:\/\/graphimarket.com\/fr\/","name":"Graphimarket","description":"Trouvez l&#039;atout cr\u00e9atif parfait pour donner vie \u00e0 votre projet","publisher":{"@id":"https:\/\/graphimarket.com\/fr\/#organization"},"potentialAction":[{"@type":"SearchAction","target":{"@type":"EntryPoint","urlTemplate":"https:\/\/graphimarket.com\/fr\/?s={search_term_string}"},"query-input":{"@type":"PropertyValueSpecification","valueRequired":true,"valueName":"search_term_string"}}],"inLanguage":"fr-FR"},{"@type":"Organization","@id":"https:\/\/graphimarket.com\/fr\/#organization","name":"Graphimarket","url":"https:\/\/graphimarket.com\/fr\/","logo":{"@type":"ImageObject","inLanguage":"fr-FR","@id":"https:\/\/graphimarket.com\/fr\/#\/schema\/logo\/image\/","url":"https:\/\/graphimarket.com\/wp-content\/uploads\/2020\/08\/logo-48.png","contentUrl":"https:\/\/graphimarket.com\/wp-content\/uploads\/2020\/08\/logo-48.png","width":132,"height":48,"caption":"Graphimarket"},"image":{"@id":"https:\/\/graphimarket.com\/fr\/#\/schema\/logo\/image\/"}}]}},"_links":{"self":[{"href":"https:\/\/graphimarket.com\/fr\/wp-json\/wp\/v2\/product\/15288","targetHints":{"allow":["GET"]}}],"collection":[{"href":"https:\/\/graphimarket.com\/fr\/wp-json\/wp\/v2\/product"}],"about":[{"href":"https:\/\/graphimarket.com\/fr\/wp-json\/wp\/v2\/types\/product"}],"replies":[{"embeddable":true,"href":"https:\/\/graphimarket.com\/fr\/wp-json\/wp\/v2\/comments?post=15288"}],"version-history":[{"count":0,"href":"https:\/\/graphimarket.com\/fr\/wp-json\/wp\/v2\/product\/15288\/revisions"}],"wp:featuredmedia":[{"embeddable":true,"href":"https:\/\/graphimarket.com\/fr\/wp-json\/wp\/v2\/media\/15291"}],"wp:attachment":[{"href":"https:\/\/graphimarket.com\/fr\/wp-json\/wp\/v2\/media?parent=15288"}],"wp:term":[{"taxonomy":"product_brand","embeddable":true,"href":"https:\/\/graphimarket.com\/fr\/wp-json\/wp\/v2\/product_brand?post=15288"},{"taxonomy":"product_cat","embeddable":true,"href":"https:\/\/graphimarket.com\/fr\/wp-json\/wp\/v2\/product_cat?post=15288"},{"taxonomy":"product_tag","embeddable":true,"href":"https:\/\/graphimarket.com\/fr\/wp-json\/wp\/v2\/product_tag?post=15288"}],"curies":[{"name":"wp","href":"https:\/\/api.w.org\/{rel}","templated":true}]}}