{"id":15444,"date":"2021-01-19T16:58:38","date_gmt":"2021-01-19T15:58:38","guid":{"rendered":"https:\/\/graphimarket.com\/?post_type=product&#038;p=15444"},"modified":"2021-01-21T15:35:39","modified_gmt":"2021-01-21T14:35:39","slug":"zombie-photoshop-action","status":"publish","type":"product","link":"https:\/\/graphimarket.com\/fr\/product\/zombie-photoshop-action\/","title":{"rendered":"Action Photoshop Zombie"},"content":{"rendered":"<p><strong>Action de zombie<\/strong> - Il s&#039;agit d&#039;un effet zombie tr\u00e8s effrayant et de haute qualit\u00e9 qui cr\u00e9era sur votre visage des taches de sang, des veines avec du sang noir, des blessures, une peau morte et plus encore. Vous pouvez changer la couleur des yeux et la couleur de la peau. Cet effet effraie et surprend un photor\u00e9alisme incroyable.<\/p>\n<h2><a href=\"https:\/\/www.youtube.com\/watch?v=KxzpGWwJ0OI\" target=\"_blank\" rel=\"noopener\">Didacticiel<\/a><\/h2>\n<p>Cette action a \u00e9t\u00e9 cr\u00e9\u00e9e et optimis\u00e9e pour une utilisation sur Photoshop CS3, CS4, CS5, CS6, CC et UNIQUEMENT POUR LA VERSION ANGLAISE DE PHOTOSHOP.<\/p>\n<blockquote class=\"wp-embedded-content\" data-secret=\"L4LWU8aqCA\"><p><a href=\"http:\/\/graphimarket.com\/fr\/2021\/01\/12\/guide-how-to-change-language-on-adobe-cc-to-english\/\">Guide comment changer la langue d&#039;Adobe CC en anglais<\/a><\/p><\/blockquote>\n<p><iframe class=\"wp-embedded-content\" sandbox=\"allow-scripts\" security=\"restricted\" style=\"position: absolute; clip: rect(1px, 1px, 1px, 1px);\" title=\"&quot;Guide de conversion de la langue d&#039;Adobe CC en anglais&quot; - Graphimarket\" src=\"http:\/\/graphimarket.com\/en\/2021\/01\/12\/guide-how-to-change-language-on-adobe-cc-to-english\/embed\/#?secret=9ouB2aqlOq#?secret=L4LWU8aqCA\" data-secret=\"L4LWU8aqCA\" width=\"500\" height=\"282\" frameborder=\"0\" marginwidth=\"0\" marginheight=\"0\" scrolling=\"no\"><\/iframe><\/p>\n<h2><\/h2>\n<h2><\/h2>\n<h2 id=\"item-description__how-to-configure-photoshop-to-work-with-actions\">Comment configurer Photoshop pour qu&#039;il fonctionne avec des actions.<\/h2>\n<p><strong>1. Assurez-vous que vous utilisez la version anglaise de Photoshop.<\/strong> Chaque action a \u00e9t\u00e9 cr\u00e9\u00e9e et optimis\u00e9e pour fonctionner uniquement avec la version anglaise de Photoshop, veuillez donc vous assurer que vous utilisez cette version.<\/p>\n<p><strong>2. Utilisez le mode RVB et la couleur 8 bits.<\/strong>\u00a0Pour v\u00e9rifier ces param\u00e8tres, allez dans Image-&gt; Mode et v\u00e9rifiez la \u00abCouleur RVB\u00bb et \u00ab8 Bits \/ Canal\u00bb.<\/p>\n<p><strong>3. Assurez-vous que l&#039;option \u00abAjouter une\u00ab copie \u00bbaux calques et groupes copi\u00e9s\u00bb est activ\u00e9e.<\/strong>\u00a0Cette option s&#039;applique uniquement \u00e0 CS5 et aux versions ult\u00e9rieures de Photoshop. Dans le panneau \u00abCALQUES\u00bb, cliquez sur l&#039;ic\u00f4ne de menu, allez dans \u00abOptions du panneau\u2026\u00bb et v\u00e9rifiez que l&#039;option \u00abAjouter une\u00ab copie \u00bbaux couches et groupes copi\u00e9s\u00bb est activ\u00e9e.<\/p>\n<p><strong>4. Utilisez une photo de 72 dpi ou plus.<\/strong>\u00a0Si vous utilisez une photo avec moins de 72 dpi, l&#039;action ne fonctionnera pas correctement. Pour r\u00e9soudre ce probl\u00e8me, allez dans Image-&gt; Taille de l&#039;image et augmentez la valeur de r\u00e9solution.<\/p>\n<p><strong>5. D\u00e9finissez l&#039;opacit\u00e9 du pinceau sur 100%.<\/strong>\u00a0D\u00e9finissez l&#039;opacit\u00e9 du pinceau sur 100%. S\u00e9lectionnez l &#039;\u00abOutil Pinceau\u00bb et d\u00e9placez le curseur d&#039;opacit\u00e9 sur 100%.<\/p>\n<p><img fetchpriority=\"high\" decoding=\"async\" class=\"alignnone size-full wp-image-15449\" style=\"font-weight: inherit;\" src=\"https:\/\/graphimarket.com\/wp-content\/uploads\/2021\/01\/surrreal-photoshop-action-9.jpg\" alt=\"\" width=\"590\" height=\"621\" srcset=\"https:\/\/graphimarket.com\/wp-content\/uploads\/2021\/01\/surrreal-photoshop-action-9.jpg 590w, https:\/\/graphimarket.com\/wp-content\/uploads\/2021\/01\/surrreal-photoshop-action-9-285x300.jpg 285w, https:\/\/graphimarket.com\/wp-content\/uploads\/2021\/01\/surrreal-photoshop-action-9-11x12.jpg 11w\" sizes=\"(max-width: 590px) 100vw, 590px\" \/><\/p>\n<p><img decoding=\"async\" class=\"alignnone size-full wp-image-15448\" src=\"https:\/\/graphimarket.com\/wp-content\/uploads\/2021\/01\/Halloween-Zombie-Photoshop-Action.jpg\" alt=\"\" width=\"800\" height=\"500\" srcset=\"https:\/\/graphimarket.com\/wp-content\/uploads\/2021\/01\/Halloween-Zombie-Photoshop-Action.jpg 800w, https:\/\/graphimarket.com\/wp-content\/uploads\/2021\/01\/Halloween-Zombie-Photoshop-Action-300x188.jpg 300w, https:\/\/graphimarket.com\/wp-content\/uploads\/2021\/01\/Halloween-Zombie-Photoshop-Action-768x480.jpg 768w, https:\/\/graphimarket.com\/wp-content\/uploads\/2021\/01\/Halloween-Zombie-Photoshop-Action-16x10.jpg 16w, https:\/\/graphimarket.com\/wp-content\/uploads\/2021\/01\/Halloween-Zombie-Photoshop-Action-600x375.jpg 600w\" sizes=\"(max-width: 800px) 100vw, 800px\" \/><span style=\"font-size: 16px;\">\u00a0<\/span><\/p>","protected":false},"excerpt":{"rendered":"<p>Zombie Action \u2013 This is a very scare and high-quality zombie effect which will created on your face bloodstains, veins with black blood, wounds, dead skin and more. You can change the color of the eyes and skin color. This effect scare and surprise you incredible photorealism. Tutorial This action has been created and optimized [&hellip;]<\/p>\n","protected":false},"featured_media":15448,"comment_status":"open","ping_status":"closed","template":"","meta":{"site-sidebar-layout":"default","site-content-layout":"default","ast-site-content-layout":"default","site-content-style":"default","site-sidebar-style":"default","ast-global-header-display":"","ast-banner-title-visibility":"","ast-main-header-display":"","ast-hfb-above-header-display":"","ast-hfb-below-header-display":"","ast-hfb-mobile-header-display":"","site-post-title":"","ast-breadcrumbs-content":"","ast-featured-img":"","footer-sml-layout":"","ast-disable-related-posts":"","theme-transparent-header-meta":"default","adv-header-id-meta":"","stick-header-meta":"","header-above-stick-meta":"","header-main-stick-meta":"","header-below-stick-meta":"","astra-migrate-meta-layouts":"default","ast-page-background-enabled":"default","ast-page-background-meta":{"desktop":{"background-color":"","background-image":"","background-repeat":"repeat","background-position":"center center","background-size":"auto","background-attachment":"scroll","background-type":"","background-media":"","overlay-type":"","overlay-color":"","overlay-opacity":"","overlay-gradient":""},"tablet":{"background-color":"","background-image":"","background-repeat":"repeat","background-position":"center center","background-size":"auto","background-attachment":"scroll","background-type":"","background-media":"","overlay-type":"","overlay-color":"","overlay-opacity":"","overlay-gradient":""},"mobile":{"background-color":"","background-image":"","background-repeat":"repeat","background-position":"center center","background-size":"auto","background-attachment":"scroll","background-type":"","background-media":"","overlay-type":"","overlay-color":"","overlay-opacity":"","overlay-gradient":""}},"ast-content-background-meta":{"desktop":{"background-color":"var(--ast-global-color-5)","background-image":"","background-repeat":"repeat","background-position":"center center","background-size":"auto","background-attachment":"scroll","background-type":"","background-media":"","overlay-type":"","overlay-color":"","overlay-opacity":"","overlay-gradient":""},"tablet":{"background-color":"var(--ast-global-color-5)","background-image":"","background-repeat":"repeat","background-position":"center center","background-size":"auto","background-attachment":"scroll","background-type":"","background-media":"","overlay-type":"","overlay-color":"","overlay-opacity":"","overlay-gradient":""},"mobile":{"background-color":"var(--ast-global-color-5)","background-image":"","background-repeat":"repeat","background-position":"center center","background-size":"auto","background-attachment":"scroll","background-type":"","background-media":"","overlay-type":"","overlay-color":"","overlay-opacity":"","overlay-gradient":""}}},"product_brand":[],"product_cat":[195,146],"product_tag":[292,1386,62,1855],"class_list":{"0":"post-15444","1":"product","2":"type-product","3":"status-publish","4":"has-post-thumbnail","6":"product_cat-photoshop","7":"product_cat-photoshop-action","8":"product_tag-action","9":"product_tag-adobe","10":"product_tag-photoshop","11":"product_tag-zombie","12":"desktop-align-left","13":"tablet-align-left","14":"mobile-align-left","16":"first","17":"instock","18":"sale","19":"taxable","20":"shipping-taxable","21":"purchasable","22":"product-type-simple"},"yoast_head":"<!-- This site is optimized with the Yoast SEO plugin v27.3 - https:\/\/yoast.com\/product\/yoast-seo-wordpress\/ -->\n<title>Zombie Photoshop Action - Graphimarket<\/title>\n<meta name=\"description\" content=\"Action\u00a0\u2013 This is a very scare and high-quality zombie effect which will created on your face blood stains, veins with black blood, wound....\" \/>\n<meta name=\"robots\" content=\"index, follow, max-snippet:-1, max-image-preview:large, max-video-preview:-1\" \/>\n<link rel=\"canonical\" href=\"https:\/\/graphimarket.com\/fr\/product\/zombie-photoshop-action\/\" \/>\n<meta property=\"og:locale\" content=\"fr_FR\" \/>\n<meta property=\"og:type\" content=\"article\" \/>\n<meta property=\"og:title\" content=\"Zombie Photoshop Action - Graphimarket\" \/>\n<meta property=\"og:description\" content=\"Action\u00a0\u2013 This is a very scare and high-quality zombie effect which will created on your face blood stains, veins with black blood, wound....\" \/>\n<meta property=\"og:url\" content=\"https:\/\/graphimarket.com\/fr\/product\/zombie-photoshop-action\/\" \/>\n<meta property=\"og:site_name\" content=\"Graphimarket\" \/>\n<meta property=\"article:modified_time\" content=\"2021-01-21T14:35:39+00:00\" \/>\n<meta property=\"og:image\" content=\"https:\/\/graphimarket.com\/wp-content\/uploads\/2021\/01\/Halloween-Zombie-Photoshop-Action.jpg\" \/>\n\t<meta property=\"og:image:width\" content=\"800\" \/>\n\t<meta property=\"og:image:height\" content=\"500\" \/>\n\t<meta property=\"og:image:type\" content=\"image\/jpeg\" \/>\n<meta name=\"twitter:card\" content=\"summary_large_image\" \/>\n<meta name=\"twitter:label1\" content=\"Est. reading time\" \/>\n\t<meta name=\"twitter:data1\" content=\"1 minute\" \/>\n<script type=\"application\/ld+json\" class=\"yoast-schema-graph\">{\"@context\":\"https:\\\/\\\/schema.org\",\"@graph\":[{\"@type\":\"WebPage\",\"@id\":\"https:\\\/\\\/graphimarket.com\\\/ja\\\/product\\\/zombie-photoshop-action\\\/\",\"url\":\"https:\\\/\\\/graphimarket.com\\\/ja\\\/product\\\/zombie-photoshop-action\\\/\",\"name\":\"Zombie Photoshop Action - Graphimarket\",\"isPartOf\":{\"@id\":\"https:\\\/\\\/graphimarket.com\\\/fr\\\/#website\"},\"primaryImageOfPage\":{\"@id\":\"https:\\\/\\\/graphimarket.com\\\/ja\\\/product\\\/zombie-photoshop-action\\\/#primaryimage\"},\"image\":{\"@id\":\"https:\\\/\\\/graphimarket.com\\\/ja\\\/product\\\/zombie-photoshop-action\\\/#primaryimage\"},\"thumbnailUrl\":\"https:\\\/\\\/graphimarket.com\\\/wp-content\\\/uploads\\\/2021\\\/01\\\/Halloween-Zombie-Photoshop-Action.jpg\",\"datePublished\":\"2021-01-19T15:58:38+00:00\",\"dateModified\":\"2021-01-21T14:35:39+00:00\",\"description\":\"Action\u00a0\u2013 This is a very scare and high-quality zombie effect which will created on your face blood stains, veins with black blood, wound....\",\"breadcrumb\":{\"@id\":\"https:\\\/\\\/graphimarket.com\\\/ja\\\/product\\\/zombie-photoshop-action\\\/#breadcrumb\"},\"inLanguage\":\"fr-FR\",\"potentialAction\":[{\"@type\":\"ReadAction\",\"target\":[\"https:\\\/\\\/graphimarket.com\\\/ja\\\/product\\\/zombie-photoshop-action\\\/\"]}]},{\"@type\":\"ImageObject\",\"inLanguage\":\"fr-FR\",\"@id\":\"https:\\\/\\\/graphimarket.com\\\/ja\\\/product\\\/zombie-photoshop-action\\\/#primaryimage\",\"url\":\"https:\\\/\\\/graphimarket.com\\\/wp-content\\\/uploads\\\/2021\\\/01\\\/Halloween-Zombie-Photoshop-Action.jpg\",\"contentUrl\":\"https:\\\/\\\/graphimarket.com\\\/wp-content\\\/uploads\\\/2021\\\/01\\\/Halloween-Zombie-Photoshop-Action.jpg\",\"width\":800,\"height\":500},{\"@type\":\"BreadcrumbList\",\"@id\":\"https:\\\/\\\/graphimarket.com\\\/ja\\\/product\\\/zombie-photoshop-action\\\/#breadcrumb\",\"itemListElement\":[{\"@type\":\"ListItem\",\"position\":1,\"name\":\"Home\",\"item\":\"https:\\\/\\\/graphimarket.com\\\/es\\\/\"},{\"@type\":\"ListItem\",\"position\":2,\"name\":\"Store\",\"item\":\"https:\\\/\\\/graphimarket.com\\\/store\\\/\"},{\"@type\":\"ListItem\",\"position\":3,\"name\":\"Zombie Photoshop Action\"}]},{\"@type\":\"WebSite\",\"@id\":\"https:\\\/\\\/graphimarket.com\\\/fr\\\/#website\",\"url\":\"https:\\\/\\\/graphimarket.com\\\/fr\\\/\",\"name\":\"Graphimarket\",\"description\":\"Find the perfect creative asset to bring your project to life\",\"publisher\":{\"@id\":\"https:\\\/\\\/graphimarket.com\\\/fr\\\/#organization\"},\"potentialAction\":[{\"@type\":\"SearchAction\",\"target\":{\"@type\":\"EntryPoint\",\"urlTemplate\":\"https:\\\/\\\/graphimarket.com\\\/fr\\\/?s={search_term_string}\"},\"query-input\":{\"@type\":\"PropertyValueSpecification\",\"valueRequired\":true,\"valueName\":\"search_term_string\"}}],\"inLanguage\":\"fr-FR\"},{\"@type\":\"Organization\",\"@id\":\"https:\\\/\\\/graphimarket.com\\\/fr\\\/#organization\",\"name\":\"Graphimarket\",\"url\":\"https:\\\/\\\/graphimarket.com\\\/fr\\\/\",\"logo\":{\"@type\":\"ImageObject\",\"inLanguage\":\"fr-FR\",\"@id\":\"https:\\\/\\\/graphimarket.com\\\/fr\\\/#\\\/schema\\\/logo\\\/image\\\/\",\"url\":\"https:\\\/\\\/graphimarket.com\\\/wp-content\\\/uploads\\\/2020\\\/08\\\/logo-48.png\",\"contentUrl\":\"https:\\\/\\\/graphimarket.com\\\/wp-content\\\/uploads\\\/2020\\\/08\\\/logo-48.png\",\"width\":132,\"height\":48,\"caption\":\"Graphimarket\"},\"image\":{\"@id\":\"https:\\\/\\\/graphimarket.com\\\/fr\\\/#\\\/schema\\\/logo\\\/image\\\/\"}}]}<\/script>\n<!-- \/ Yoast SEO plugin. -->","yoast_head_json":{"title":"Action Photoshop Zombie - Graphimarket","description":"Action - C&#039;est un effet zombie tr\u00e8s effrayant et de haute qualit\u00e9 qui cr\u00e9era sur votre visage des taches de sang, des veines avec du sang noir, une blessure ...","robots":{"index":"index","follow":"follow","max-snippet":"max-snippet:-1","max-image-preview":"max-image-preview:large","max-video-preview":"max-video-preview:-1"},"canonical":"https:\/\/graphimarket.com\/fr\/product\/zombie-photoshop-action\/","og_locale":"fr_FR","og_type":"article","og_title":"Zombie Photoshop Action - Graphimarket","og_description":"Action\u00a0\u2013 This is a very scare and high-quality zombie effect which will created on your face blood stains, veins with black blood, wound....","og_url":"https:\/\/graphimarket.com\/fr\/product\/zombie-photoshop-action\/","og_site_name":"Graphimarket","article_modified_time":"2021-01-21T14:35:39+00:00","og_image":[{"width":800,"height":500,"url":"https:\/\/graphimarket.com\/wp-content\/uploads\/2021\/01\/Halloween-Zombie-Photoshop-Action.jpg","type":"image\/jpeg"}],"twitter_card":"summary_large_image","twitter_misc":{"Est. reading time":"1 minute"},"schema":{"@context":"https:\/\/schema.org","@graph":[{"@type":"WebPage","@id":"https:\/\/graphimarket.com\/ja\/product\/zombie-photoshop-action\/","url":"https:\/\/graphimarket.com\/ja\/product\/zombie-photoshop-action\/","name":"Action Photoshop Zombie - Graphimarket","isPartOf":{"@id":"https:\/\/graphimarket.com\/fr\/#website"},"primaryImageOfPage":{"@id":"https:\/\/graphimarket.com\/ja\/product\/zombie-photoshop-action\/#primaryimage"},"image":{"@id":"https:\/\/graphimarket.com\/ja\/product\/zombie-photoshop-action\/#primaryimage"},"thumbnailUrl":"https:\/\/graphimarket.com\/wp-content\/uploads\/2021\/01\/Halloween-Zombie-Photoshop-Action.jpg","datePublished":"2021-01-19T15:58:38+00:00","dateModified":"2021-01-21T14:35:39+00:00","description":"Action - C&#039;est un effet zombie tr\u00e8s effrayant et de haute qualit\u00e9 qui cr\u00e9era sur votre visage des taches de sang, des veines avec du sang noir, une blessure ...","breadcrumb":{"@id":"https:\/\/graphimarket.com\/ja\/product\/zombie-photoshop-action\/#breadcrumb"},"inLanguage":"fr-FR","potentialAction":[{"@type":"ReadAction","target":["https:\/\/graphimarket.com\/ja\/product\/zombie-photoshop-action\/"]}]},{"@type":"ImageObject","inLanguage":"fr-FR","@id":"https:\/\/graphimarket.com\/ja\/product\/zombie-photoshop-action\/#primaryimage","url":"https:\/\/graphimarket.com\/wp-content\/uploads\/2021\/01\/Halloween-Zombie-Photoshop-Action.jpg","contentUrl":"https:\/\/graphimarket.com\/wp-content\/uploads\/2021\/01\/Halloween-Zombie-Photoshop-Action.jpg","width":800,"height":500},{"@type":"BreadcrumbList","@id":"https:\/\/graphimarket.com\/ja\/product\/zombie-photoshop-action\/#breadcrumb","itemListElement":[{"@type":"ListItem","position":1,"name":"Home","item":"https:\/\/graphimarket.com\/es\/"},{"@type":"ListItem","position":2,"name":"Store","item":"https:\/\/graphimarket.com\/store\/"},{"@type":"ListItem","position":3,"name":"Zombie Photoshop Action"}]},{"@type":"WebSite","@id":"https:\/\/graphimarket.com\/fr\/#website","url":"https:\/\/graphimarket.com\/fr\/","name":"Graphimarket","description":"Trouvez l&#039;atout cr\u00e9atif parfait pour donner vie \u00e0 votre projet","publisher":{"@id":"https:\/\/graphimarket.com\/fr\/#organization"},"potentialAction":[{"@type":"SearchAction","target":{"@type":"EntryPoint","urlTemplate":"https:\/\/graphimarket.com\/fr\/?s={search_term_string}"},"query-input":{"@type":"PropertyValueSpecification","valueRequired":true,"valueName":"search_term_string"}}],"inLanguage":"fr-FR"},{"@type":"Organization","@id":"https:\/\/graphimarket.com\/fr\/#organization","name":"Graphimarket","url":"https:\/\/graphimarket.com\/fr\/","logo":{"@type":"ImageObject","inLanguage":"fr-FR","@id":"https:\/\/graphimarket.com\/fr\/#\/schema\/logo\/image\/","url":"https:\/\/graphimarket.com\/wp-content\/uploads\/2020\/08\/logo-48.png","contentUrl":"https:\/\/graphimarket.com\/wp-content\/uploads\/2020\/08\/logo-48.png","width":132,"height":48,"caption":"Graphimarket"},"image":{"@id":"https:\/\/graphimarket.com\/fr\/#\/schema\/logo\/image\/"}}]}},"_links":{"self":[{"href":"https:\/\/graphimarket.com\/fr\/wp-json\/wp\/v2\/product\/15444","targetHints":{"allow":["GET"]}}],"collection":[{"href":"https:\/\/graphimarket.com\/fr\/wp-json\/wp\/v2\/product"}],"about":[{"href":"https:\/\/graphimarket.com\/fr\/wp-json\/wp\/v2\/types\/product"}],"replies":[{"embeddable":true,"href":"https:\/\/graphimarket.com\/fr\/wp-json\/wp\/v2\/comments?post=15444"}],"version-history":[{"count":0,"href":"https:\/\/graphimarket.com\/fr\/wp-json\/wp\/v2\/product\/15444\/revisions"}],"wp:featuredmedia":[{"embeddable":true,"href":"https:\/\/graphimarket.com\/fr\/wp-json\/wp\/v2\/media\/15448"}],"wp:attachment":[{"href":"https:\/\/graphimarket.com\/fr\/wp-json\/wp\/v2\/media?parent=15444"}],"wp:term":[{"taxonomy":"product_brand","embeddable":true,"href":"https:\/\/graphimarket.com\/fr\/wp-json\/wp\/v2\/product_brand?post=15444"},{"taxonomy":"product_cat","embeddable":true,"href":"https:\/\/graphimarket.com\/fr\/wp-json\/wp\/v2\/product_cat?post=15444"},{"taxonomy":"product_tag","embeddable":true,"href":"https:\/\/graphimarket.com\/fr\/wp-json\/wp\/v2\/product_tag?post=15444"}],"curies":[{"name":"wp","href":"https:\/\/api.w.org\/{rel}","templated":true}]}}