{"id":15722,"date":"2021-02-02T15:13:30","date_gmt":"2021-02-02T14:13:30","guid":{"rendered":"https:\/\/graphimarket.com\/?post_type=product&#038;p=15722"},"modified":"2021-02-02T15:25:03","modified_gmt":"2021-02-02T14:25:03","slug":"15722","status":"publish","type":"product","link":"https:\/\/graphimarket.com\/fr\/product\/15722\/","title":{"rendered":"Films fan\u00e9s - 75 films et effets r\u00e9tro"},"content":{"rendered":"<p>&nbsp;<\/p>\n<p>Les seules actions de film fan\u00e9es dont vous avez besoin: 75 effets, y compris des versions fan\u00e9es d&#039;Instagram et de SparkleStock Prestalgia. Ces actions transforment vos photos avec de magnifiques effets d\u00e9lav\u00e9s en un seul clic.<\/p>\n<h2 id=\"item-description__product-features\">caract\u00e9ristiques du produit<\/h2>\n<p><strong>Pr\u00e9rending instantan\u00e9<\/strong><br \/>\nJouez une action et tous les effets seront g\u00e9n\u00e9r\u00e9s pour vous! Gr\u00e2ce \u00e0 la fonction d&#039;instantan\u00e9s de Photoshop, vous pouvez basculer instantan\u00e9ment entre les effets sans ex\u00e9cuter une autre action.<\/p>\n<p><strong>Rapide comme l&#039;\u00e9clair<\/strong><br \/>\nEn minimisant les couches et en s&#039;en tenant aux couches non destructives, ces actions s&#039;ex\u00e9cutent RAPIDEMENT. Il n&#039;y a pas de fusion de calques, d&#039;ajustements raster, de filtres, etc. La plupart des effets ne sont que 1-2 calques!<\/p>\n<p><strong>R\u00e9sultats professionnels<\/strong><br \/>\n\u00c9tant donn\u00e9 que ces actions utilisent des courbes RVB pour modifier la couleur et le contraste, elles vous offrent une qualit\u00e9 d&#039;image, une plage dynamique et des r\u00e9sultats coh\u00e9rents avec n&#039;importe quelle photo. Tous les effets sont cr\u00e9\u00e9s \u00e0 l&#039;aide de couches non destructives - pas de couches raster!<\/p>\n<h2 id=\"item-description__photoshop-actions\">Actions Photoshop<\/h2>\n<p><strong>31 effets de films:<\/strong><\/p>\n<ul>\n<li>Fuji 160C<\/li>\n<li>Fuji 400H<\/li>\n<li>Fuji 800Z<\/li>\n<li>Ilford HP5<\/li>\n<li>Kodak Portra 160<\/li>\n<li>Kodak Portra 400<\/li>\n<li>Kodak Portra 800<\/li>\n<li>Kodak T-MAX 3200<\/li>\n<li>Kodak TRI-X 400<\/li>\n<li>Fuji Neopan 1600<\/li>\n<li>Fuji Superia 100<\/li>\n<li>Fuji Superia 400<\/li>\n<li>Fuji Superia 800<\/li>\n<li>Fuji Superia 1600<\/li>\n<li>Ilford Delta 3200<\/li>\n<li>Kodak Portra 160 NC<\/li>\n<li>Kodak Portra 160 VC<\/li>\n<li>Kodak Portra 400 NC<\/li>\n<li>Kodak Portra 400 UC<\/li>\n<li>Kodak Portra 400 VC<\/li>\n<li>PX-70<\/li>\n<li>Refroidisseur PX-70<\/li>\n<li>R\u00e9chauffeur PX-70<\/li>\n<li>Refroidisseur PX-100UV +<\/li>\n<li>R\u00e9chauffeur PX-100UV +<\/li>\n<li>PX-680<\/li>\n<li>Refroidisseur PX-680<\/li>\n<li>Refroidisseur PX-680 2<\/li>\n<li>R\u00e9chauffeur PX-680<\/li>\n<li>Polaroid temps z\u00e9ro<\/li>\n<li>Glaci\u00e8re Polaroid Time-Zero<\/li>\n<\/ul>\n<p><strong>19 effets d\u00e9color\u00e9s sur Instagram<\/strong>\u00a0Amaro<\/p>\n<ul>\n<li>D\u00e9lav\u00e9<\/li>\n<li>Mayfair s&#039;est \u00e9vanoui<\/li>\n<li>Rise Faded<\/li>\n<li>Hudson s&#039;est \u00e9vanoui<\/li>\n<li>Valence fan\u00e9e<\/li>\n<li>X-Pro II fan\u00e9<\/li>\n<li>Sierra fan\u00e9e<\/li>\n<li>Willow fan\u00e9<\/li>\n<li>Lo-Fi fan\u00e9<\/li>\n<li>Earlybird fan\u00e9<\/li>\n<li>Sutro s&#039;est \u00e9vanoui<\/li>\n<li>Grille-pain fan\u00e9<\/li>\n<li>Brannan s&#039;est \u00e9vanoui<\/li>\n<li>Encrier fan\u00e9<\/li>\n<li>Walden Faded<\/li>\n<li>Hefe s&#039;est \u00e9vanoui<\/li>\n<li>Nashville s&#039;est \u00e9vanouie<\/li>\n<li>1977 fan\u00e9<\/li>\n<li>Kelvin s&#039;est \u00e9vanoui<\/li>\n<\/ul>\n<p><strong>25 effets d\u00e9grad\u00e9s de SparkleStock Prestalgia:<\/strong><\/p>\n<ul>\n<li>Velours fan\u00e9<\/li>\n<li>Leningrad s&#039;est \u00e9vanouie<\/li>\n<li>Brise fan\u00e9e<\/li>\n<li>\u00c9corce de citron fan\u00e9e<\/li>\n<li>Fixie fan\u00e9<\/li>\n<li>Page d&#039;accueil estomp\u00e9e<\/li>\n<li>Qouzi fan\u00e9<\/li>\n<li>R\u00e9frig\u00e9rateur fan\u00e9<\/li>\n<li>Hibiscus fan\u00e9<\/li>\n<li>Deutan s&#039;est \u00e9vanoui<\/li>\n<li>Bouton de manchette fan\u00e9<\/li>\n<li>\u00c9carlate fan\u00e9<\/li>\n<li>Caramel fan\u00e9<\/li>\n<li>\u00c9dition fan\u00e9e<\/li>\n<li>Elba\u00efte fan\u00e9<\/li>\n<li>Fresno fan\u00e9<\/li>\n<li>Iris fan\u00e9<\/li>\n<li>Lanikai fan\u00e9<\/li>\n<li>Verdial fan\u00e9<\/li>\n<li>Bonsa\u00ef fan\u00e9<\/li>\n<li>Raleigh s&#039;est \u00e9vanoui<\/li>\n<li>Feu de joie fan\u00e9<\/li>\n<li>Vintage fan\u00e9<\/li>\n<li>Goldie Faded<\/li>\n<li>Stylo \u00e0 bille fan\u00e9<\/li>\n<\/ul>\n<p>&nbsp;<\/p>\n<p>&nbsp;<\/p>\n<p>&nbsp;<\/p>\n<p><img fetchpriority=\"high\" decoding=\"async\" class=\"size-full wp-image-15728 aligncenter\" src=\"https:\/\/graphimarket.com\/wp-content\/uploads\/2021\/02\/Preview-1.jpg\" alt=\"\" width=\"590\" height=\"1965\" srcset=\"https:\/\/graphimarket.com\/wp-content\/uploads\/2021\/02\/Preview-1.jpg 590w, https:\/\/graphimarket.com\/wp-content\/uploads\/2021\/02\/Preview-1-90x300.jpg 90w, https:\/\/graphimarket.com\/wp-content\/uploads\/2021\/02\/Preview-1-461x1536.jpg 461w, https:\/\/graphimarket.com\/wp-content\/uploads\/2021\/02\/Preview-1-4x12.jpg 4w\" sizes=\"(max-width: 590px) 100vw, 590px\" \/><\/p>\n<p>&nbsp;<\/p>\n<p>&nbsp;<\/p>\n<p>&nbsp;<\/p>","protected":false},"excerpt":{"rendered":"<p>&nbsp; The only faded film actions you need: 75 effects including faded versions of Instagram, and SparkleStock Prestalgia. These actions transforms your photos with beautiful faded effects in just one click. Product Features Snapshot Prerendering Play one action and all the effects will be generated for you! Using Photoshop\u2019s snapshots feature, you can switch between [&hellip;]<\/p>\n","protected":false},"featured_media":15726,"comment_status":"open","ping_status":"closed","template":"","meta":{"site-sidebar-layout":"default","site-content-layout":"default","ast-site-content-layout":"default","site-content-style":"default","site-sidebar-style":"default","ast-global-header-display":"","ast-banner-title-visibility":"","ast-main-header-display":"","ast-hfb-above-header-display":"","ast-hfb-below-header-display":"","ast-hfb-mobile-header-display":"","site-post-title":"","ast-breadcrumbs-content":"","ast-featured-img":"","footer-sml-layout":"","ast-disable-related-posts":"","theme-transparent-header-meta":"default","adv-header-id-meta":"","stick-header-meta":"","header-above-stick-meta":"","header-main-stick-meta":"","header-below-stick-meta":"","astra-migrate-meta-layouts":"default","ast-page-background-enabled":"default","ast-page-background-meta":{"desktop":{"background-color":"","background-image":"","background-repeat":"repeat","background-position":"center center","background-size":"auto","background-attachment":"scroll","background-type":"","background-media":"","overlay-type":"","overlay-color":"","overlay-opacity":"","overlay-gradient":""},"tablet":{"background-color":"","background-image":"","background-repeat":"repeat","background-position":"center center","background-size":"auto","background-attachment":"scroll","background-type":"","background-media":"","overlay-type":"","overlay-color":"","overlay-opacity":"","overlay-gradient":""},"mobile":{"background-color":"","background-image":"","background-repeat":"repeat","background-position":"center center","background-size":"auto","background-attachment":"scroll","background-type":"","background-media":"","overlay-type":"","overlay-color":"","overlay-opacity":"","overlay-gradient":""}},"ast-content-background-meta":{"desktop":{"background-color":"var(--ast-global-color-5)","background-image":"","background-repeat":"repeat","background-position":"center center","background-size":"auto","background-attachment":"scroll","background-type":"","background-media":"","overlay-type":"","overlay-color":"","overlay-opacity":"","overlay-gradient":""},"tablet":{"background-color":"var(--ast-global-color-5)","background-image":"","background-repeat":"repeat","background-position":"center center","background-size":"auto","background-attachment":"scroll","background-type":"","background-media":"","overlay-type":"","overlay-color":"","overlay-opacity":"","overlay-gradient":""},"mobile":{"background-color":"var(--ast-global-color-5)","background-image":"","background-repeat":"repeat","background-position":"center center","background-size":"auto","background-attachment":"scroll","background-type":"","background-media":"","overlay-type":"","overlay-color":"","overlay-opacity":"","overlay-gradient":""}}},"product_brand":[],"product_cat":[1864,195,146],"product_tag":[1865,292,320,62,277],"class_list":{"0":"post-15722","1":"product","2":"type-product","3":"status-publish","4":"has-post-thumbnail","6":"product_cat-effect","7":"product_cat-photoshop","8":"product_cat-photoshop-action","9":"product_tag-1865","10":"product_tag-action","11":"product_tag-film","12":"product_tag-photoshop","13":"product_tag-retro","14":"desktop-align-left","15":"tablet-align-left","16":"mobile-align-left","18":"first","19":"instock","20":"sale","21":"downloadable","22":"virtual","23":"taxable","24":"purchasable","25":"product-type-simple"},"yoast_head":"<!-- This site is optimized with the Yoast SEO plugin v27.3 - https:\/\/yoast.com\/product\/yoast-seo-wordpress\/ -->\n<title>Faded Films \u2013 75 Film &amp; Retro Effects - Graphimarket<\/title>\n<meta name=\"description\" content=\"The only faded film actions you need: 75 effects including faded versions of Instagram, and SparkleStock Prestalgia...\" \/>\n<meta name=\"robots\" content=\"index, follow, max-snippet:-1, max-image-preview:large, max-video-preview:-1\" \/>\n<link rel=\"canonical\" href=\"https:\/\/graphimarket.com\/fr\/product\/15722\/\" \/>\n<meta property=\"og:locale\" content=\"fr_FR\" \/>\n<meta property=\"og:type\" content=\"article\" \/>\n<meta property=\"og:title\" content=\"Faded Films \u2013 75 Film &amp; Retro Effects - Graphimarket\" \/>\n<meta property=\"og:description\" content=\"The only faded film actions you need: 75 effects including faded versions of Instagram, and SparkleStock Prestalgia...\" \/>\n<meta property=\"og:url\" content=\"https:\/\/graphimarket.com\/fr\/product\/15722\/\" \/>\n<meta property=\"og:site_name\" content=\"Graphimarket\" \/>\n<meta property=\"article:modified_time\" content=\"2021-02-02T14:25:03+00:00\" \/>\n<meta property=\"og:image\" content=\"https:\/\/graphimarket.com\/wp-content\/uploads\/2021\/02\/Title1.jpg\" \/>\n\t<meta property=\"og:image:width\" content=\"700\" \/>\n\t<meta property=\"og:image:height\" content=\"466\" \/>\n\t<meta property=\"og:image:type\" content=\"image\/jpeg\" \/>\n<meta name=\"twitter:card\" content=\"summary_large_image\" \/>\n<meta name=\"twitter:label1\" content=\"Est. reading time\" \/>\n\t<meta name=\"twitter:data1\" content=\"2 minutes\" \/>\n<script type=\"application\/ld+json\" class=\"yoast-schema-graph\">{\"@context\":\"https:\\\/\\\/schema.org\",\"@graph\":[{\"@type\":\"WebPage\",\"@id\":\"https:\\\/\\\/graphimarket.com\\\/product\\\/15722\\\/\",\"url\":\"https:\\\/\\\/graphimarket.com\\\/product\\\/15722\\\/\",\"name\":\"Faded Films \u2013 75 Film & Retro Effects - Graphimarket\",\"isPartOf\":{\"@id\":\"https:\\\/\\\/graphimarket.com\\\/fr\\\/#website\"},\"primaryImageOfPage\":{\"@id\":\"https:\\\/\\\/graphimarket.com\\\/product\\\/15722\\\/#primaryimage\"},\"image\":{\"@id\":\"https:\\\/\\\/graphimarket.com\\\/product\\\/15722\\\/#primaryimage\"},\"thumbnailUrl\":\"https:\\\/\\\/graphimarket.com\\\/wp-content\\\/uploads\\\/2021\\\/02\\\/Title1.jpg\",\"datePublished\":\"2021-02-02T14:13:30+00:00\",\"dateModified\":\"2021-02-02T14:25:03+00:00\",\"description\":\"The only faded film actions you need: 75 effects including faded versions of Instagram, and SparkleStock Prestalgia...\",\"breadcrumb\":{\"@id\":\"https:\\\/\\\/graphimarket.com\\\/product\\\/15722\\\/#breadcrumb\"},\"inLanguage\":\"fr-FR\",\"potentialAction\":[{\"@type\":\"ReadAction\",\"target\":[\"https:\\\/\\\/graphimarket.com\\\/product\\\/15722\\\/\"]}]},{\"@type\":\"ImageObject\",\"inLanguage\":\"fr-FR\",\"@id\":\"https:\\\/\\\/graphimarket.com\\\/product\\\/15722\\\/#primaryimage\",\"url\":\"https:\\\/\\\/graphimarket.com\\\/wp-content\\\/uploads\\\/2021\\\/02\\\/Title1.jpg\",\"contentUrl\":\"https:\\\/\\\/graphimarket.com\\\/wp-content\\\/uploads\\\/2021\\\/02\\\/Title1.jpg\",\"width\":700,\"height\":466},{\"@type\":\"BreadcrumbList\",\"@id\":\"https:\\\/\\\/graphimarket.com\\\/product\\\/15722\\\/#breadcrumb\",\"itemListElement\":[{\"@type\":\"ListItem\",\"position\":1,\"name\":\"Home\",\"item\":\"https:\\\/\\\/graphimarket.com\\\/es\\\/\"},{\"@type\":\"ListItem\",\"position\":2,\"name\":\"Store\",\"item\":\"https:\\\/\\\/graphimarket.com\\\/store\\\/\"},{\"@type\":\"ListItem\",\"position\":3,\"name\":\"Faded Films \u2013 75 Film &#038; Retro Effects\"}]},{\"@type\":\"WebSite\",\"@id\":\"https:\\\/\\\/graphimarket.com\\\/fr\\\/#website\",\"url\":\"https:\\\/\\\/graphimarket.com\\\/fr\\\/\",\"name\":\"Graphimarket\",\"description\":\"Find the perfect creative asset to bring your project to life\",\"publisher\":{\"@id\":\"https:\\\/\\\/graphimarket.com\\\/fr\\\/#organization\"},\"potentialAction\":[{\"@type\":\"SearchAction\",\"target\":{\"@type\":\"EntryPoint\",\"urlTemplate\":\"https:\\\/\\\/graphimarket.com\\\/fr\\\/?s={search_term_string}\"},\"query-input\":{\"@type\":\"PropertyValueSpecification\",\"valueRequired\":true,\"valueName\":\"search_term_string\"}}],\"inLanguage\":\"fr-FR\"},{\"@type\":\"Organization\",\"@id\":\"https:\\\/\\\/graphimarket.com\\\/fr\\\/#organization\",\"name\":\"Graphimarket\",\"url\":\"https:\\\/\\\/graphimarket.com\\\/fr\\\/\",\"logo\":{\"@type\":\"ImageObject\",\"inLanguage\":\"fr-FR\",\"@id\":\"https:\\\/\\\/graphimarket.com\\\/fr\\\/#\\\/schema\\\/logo\\\/image\\\/\",\"url\":\"https:\\\/\\\/graphimarket.com\\\/wp-content\\\/uploads\\\/2020\\\/08\\\/logo-48.png\",\"contentUrl\":\"https:\\\/\\\/graphimarket.com\\\/wp-content\\\/uploads\\\/2020\\\/08\\\/logo-48.png\",\"width\":132,\"height\":48,\"caption\":\"Graphimarket\"},\"image\":{\"@id\":\"https:\\\/\\\/graphimarket.com\\\/fr\\\/#\\\/schema\\\/logo\\\/image\\\/\"}}]}<\/script>\n<!-- \/ Yoast SEO plugin. -->","yoast_head_json":{"title":"Films d\u00e9lav\u00e9s - 75 films et effets r\u00e9tro - Graphimarket","description":"Les seules actions de film fan\u00e9es dont vous avez besoin: 75 effets dont des versions fan\u00e9es d&#039;Instagram et SparkleStock Prestalgia ...","robots":{"index":"index","follow":"follow","max-snippet":"max-snippet:-1","max-image-preview":"max-image-preview:large","max-video-preview":"max-video-preview:-1"},"canonical":"https:\/\/graphimarket.com\/fr\/product\/15722\/","og_locale":"fr_FR","og_type":"article","og_title":"Faded Films \u2013 75 Film & Retro Effects - Graphimarket","og_description":"The only faded film actions you need: 75 effects including faded versions of Instagram, and SparkleStock Prestalgia...","og_url":"https:\/\/graphimarket.com\/fr\/product\/15722\/","og_site_name":"Graphimarket","article_modified_time":"2021-02-02T14:25:03+00:00","og_image":[{"width":700,"height":466,"url":"https:\/\/graphimarket.com\/wp-content\/uploads\/2021\/02\/Title1.jpg","type":"image\/jpeg"}],"twitter_card":"summary_large_image","twitter_misc":{"Est. reading time":"2 minutes"},"schema":{"@context":"https:\/\/schema.org","@graph":[{"@type":"WebPage","@id":"https:\/\/graphimarket.com\/product\/15722\/","url":"https:\/\/graphimarket.com\/product\/15722\/","name":"Films d\u00e9lav\u00e9s - 75 films et effets r\u00e9tro - Graphimarket","isPartOf":{"@id":"https:\/\/graphimarket.com\/fr\/#website"},"primaryImageOfPage":{"@id":"https:\/\/graphimarket.com\/product\/15722\/#primaryimage"},"image":{"@id":"https:\/\/graphimarket.com\/product\/15722\/#primaryimage"},"thumbnailUrl":"https:\/\/graphimarket.com\/wp-content\/uploads\/2021\/02\/Title1.jpg","datePublished":"2021-02-02T14:13:30+00:00","dateModified":"2021-02-02T14:25:03+00:00","description":"Les seules actions de film fan\u00e9es dont vous avez besoin: 75 effets dont des versions fan\u00e9es d&#039;Instagram et SparkleStock Prestalgia ...","breadcrumb":{"@id":"https:\/\/graphimarket.com\/product\/15722\/#breadcrumb"},"inLanguage":"fr-FR","potentialAction":[{"@type":"ReadAction","target":["https:\/\/graphimarket.com\/product\/15722\/"]}]},{"@type":"ImageObject","inLanguage":"fr-FR","@id":"https:\/\/graphimarket.com\/product\/15722\/#primaryimage","url":"https:\/\/graphimarket.com\/wp-content\/uploads\/2021\/02\/Title1.jpg","contentUrl":"https:\/\/graphimarket.com\/wp-content\/uploads\/2021\/02\/Title1.jpg","width":700,"height":466},{"@type":"BreadcrumbList","@id":"https:\/\/graphimarket.com\/product\/15722\/#breadcrumb","itemListElement":[{"@type":"ListItem","position":1,"name":"Home","item":"https:\/\/graphimarket.com\/es\/"},{"@type":"ListItem","position":2,"name":"Store","item":"https:\/\/graphimarket.com\/store\/"},{"@type":"ListItem","position":3,"name":"Faded Films \u2013 75 Film &#038; Retro Effects"}]},{"@type":"WebSite","@id":"https:\/\/graphimarket.com\/fr\/#website","url":"https:\/\/graphimarket.com\/fr\/","name":"Graphimarket","description":"Trouvez l&#039;atout cr\u00e9atif parfait pour donner vie \u00e0 votre projet","publisher":{"@id":"https:\/\/graphimarket.com\/fr\/#organization"},"potentialAction":[{"@type":"SearchAction","target":{"@type":"EntryPoint","urlTemplate":"https:\/\/graphimarket.com\/fr\/?s={search_term_string}"},"query-input":{"@type":"PropertyValueSpecification","valueRequired":true,"valueName":"search_term_string"}}],"inLanguage":"fr-FR"},{"@type":"Organization","@id":"https:\/\/graphimarket.com\/fr\/#organization","name":"Graphimarket","url":"https:\/\/graphimarket.com\/fr\/","logo":{"@type":"ImageObject","inLanguage":"fr-FR","@id":"https:\/\/graphimarket.com\/fr\/#\/schema\/logo\/image\/","url":"https:\/\/graphimarket.com\/wp-content\/uploads\/2020\/08\/logo-48.png","contentUrl":"https:\/\/graphimarket.com\/wp-content\/uploads\/2020\/08\/logo-48.png","width":132,"height":48,"caption":"Graphimarket"},"image":{"@id":"https:\/\/graphimarket.com\/fr\/#\/schema\/logo\/image\/"}}]}},"_links":{"self":[{"href":"https:\/\/graphimarket.com\/fr\/wp-json\/wp\/v2\/product\/15722","targetHints":{"allow":["GET"]}}],"collection":[{"href":"https:\/\/graphimarket.com\/fr\/wp-json\/wp\/v2\/product"}],"about":[{"href":"https:\/\/graphimarket.com\/fr\/wp-json\/wp\/v2\/types\/product"}],"replies":[{"embeddable":true,"href":"https:\/\/graphimarket.com\/fr\/wp-json\/wp\/v2\/comments?post=15722"}],"version-history":[{"count":0,"href":"https:\/\/graphimarket.com\/fr\/wp-json\/wp\/v2\/product\/15722\/revisions"}],"wp:featuredmedia":[{"embeddable":true,"href":"https:\/\/graphimarket.com\/fr\/wp-json\/wp\/v2\/media\/15726"}],"wp:attachment":[{"href":"https:\/\/graphimarket.com\/fr\/wp-json\/wp\/v2\/media?parent=15722"}],"wp:term":[{"taxonomy":"product_brand","embeddable":true,"href":"https:\/\/graphimarket.com\/fr\/wp-json\/wp\/v2\/product_brand?post=15722"},{"taxonomy":"product_cat","embeddable":true,"href":"https:\/\/graphimarket.com\/fr\/wp-json\/wp\/v2\/product_cat?post=15722"},{"taxonomy":"product_tag","embeddable":true,"href":"https:\/\/graphimarket.com\/fr\/wp-json\/wp\/v2\/product_tag?post=15722"}],"curies":[{"name":"wp","href":"https:\/\/api.w.org\/{rel}","templated":true}]}}