{"id":15834,"date":"2021-02-05T15:54:38","date_gmt":"2021-02-05T14:54:38","guid":{"rendered":"https:\/\/graphimarket.com\/?post_type=product&#038;p=15834"},"modified":"2022-12-19T08:59:18","modified_gmt":"2022-12-19T07:59:18","slug":"instagram-filter-photoshop-action","status":"publish","type":"product","link":"https:\/\/graphimarket.com\/fr\/product\/instagram-filter-photoshop-action\/","title":{"rendered":"Filtre Instagram - Action Photoshop"},"content":{"rendered":"<p><strong>Filtre Instagram - Actions Photoshop<\/strong><br \/>\nCette action est con\u00e7ue pour transformer votre photo en un filtre instagram.<\/p>\n<p><strong>Traits:<\/strong><\/p>\n<ul>\n<li>45 actions de filtrage Instagram<\/li>\n<li>37 Actions de workflow d&#039;ajustement<\/li>\n<li>Actions faciles \u00e0 modifier et \u00e0 personnaliser<\/li>\n<li>Instructions d&#039;installation d\u00e9taill\u00e9es incluses<\/li>\n<li>Compatible avec Photoshop CS5 \u00e0 CC +<\/li>\n<li>Enti\u00e8rement compatible avec PC et Mac<\/li>\n<li>Test\u00e9 uniquement dans les versions anglaises de Photoshop<\/li>\n<\/ul>\n<p><img fetchpriority=\"high\" decoding=\"async\" class=\"wp-image-15837 aligncenter\" src=\"https:\/\/graphimarket.com\/wp-content\/uploads\/2021\/02\/Instagram-Filter-Photoshop-Actions_Preview2-1-scaled.jpg\" alt=\"\" width=\"275\" height=\"3724\" \/><\/p>","protected":false},"excerpt":{"rendered":"<p>Filtre Instagram - Actions Photoshop Cette action est con\u00e7ue pour transformer votre photo en un filtre instagram. Fonctionnalit\u00e9s: 45 Actions de filtre Instagram 37 Actions de flux de travail de r\u00e9glage Actions Facilement modifi\u00e9es et personnalis\u00e9es Instructions d&#039;installation d\u00e9taill\u00e9es incluses Compatible avec Photoshop CS5 \u00e0 CC + Enti\u00e8rement compatible avec PC et Mac uniquement Test\u00e9 dans les versions anglaises de Photoshop<\/p>","protected":false},"featured_media":15836,"comment_status":"open","ping_status":"closed","template":"","meta":{"site-sidebar-layout":"default","site-content-layout":"default","ast-site-content-layout":"default","site-content-style":"default","site-sidebar-style":"default","ast-global-header-display":"","ast-banner-title-visibility":"","ast-main-header-display":"","ast-hfb-above-header-display":"","ast-hfb-below-header-display":"","ast-hfb-mobile-header-display":"","site-post-title":"","ast-breadcrumbs-content":"","ast-featured-img":"","footer-sml-layout":"","ast-disable-related-posts":"","theme-transparent-header-meta":"default","adv-header-id-meta":"","stick-header-meta":"","header-above-stick-meta":"","header-main-stick-meta":"","header-below-stick-meta":"","astra-migrate-meta-layouts":"default","ast-page-background-enabled":"default","ast-page-background-meta":{"desktop":{"background-color":"","background-image":"","background-repeat":"repeat","background-position":"center center","background-size":"auto","background-attachment":"scroll","background-type":"","background-media":"","overlay-type":"","overlay-color":"","overlay-opacity":"","overlay-gradient":""},"tablet":{"background-color":"","background-image":"","background-repeat":"repeat","background-position":"center center","background-size":"auto","background-attachment":"scroll","background-type":"","background-media":"","overlay-type":"","overlay-color":"","overlay-opacity":"","overlay-gradient":""},"mobile":{"background-color":"","background-image":"","background-repeat":"repeat","background-position":"center center","background-size":"auto","background-attachment":"scroll","background-type":"","background-media":"","overlay-type":"","overlay-color":"","overlay-opacity":"","overlay-gradient":""}},"ast-content-background-meta":{"desktop":{"background-color":"var(--ast-global-color-5)","background-image":"","background-repeat":"repeat","background-position":"center center","background-size":"auto","background-attachment":"scroll","background-type":"","background-media":"","overlay-type":"","overlay-color":"","overlay-opacity":"","overlay-gradient":""},"tablet":{"background-color":"var(--ast-global-color-5)","background-image":"","background-repeat":"repeat","background-position":"center center","background-size":"auto","background-attachment":"scroll","background-type":"","background-media":"","overlay-type":"","overlay-color":"","overlay-opacity":"","overlay-gradient":""},"mobile":{"background-color":"var(--ast-global-color-5)","background-image":"","background-repeat":"repeat","background-position":"center center","background-size":"auto","background-attachment":"scroll","background-type":"","background-media":"","overlay-type":"","overlay-color":"","overlay-opacity":"","overlay-gradient":""}}},"product_brand":[],"product_cat":[1878],"product_tag":[238,1879,339,372,261,62,741],"class_list":{"0":"post-15834","1":"product","2":"type-product","3":"status-publish","4":"has-post-thumbnail","6":"product_cat-social","7":"product_tag-actions","8":"product_tag-designed","9":"product_tag-filter","10":"product_tag-instagram","11":"product_tag-look","12":"product_tag-photoshop","13":"product_tag-social","14":"desktop-align-left","15":"tablet-align-left","16":"mobile-align-left","18":"first","19":"instock","20":"sale","21":"downloadable","22":"virtual","23":"taxable","24":"purchasable","25":"product-type-simple"},"yoast_head":"<!-- This site is optimized with the Yoast SEO plugin v27.3 - https:\/\/yoast.com\/product\/yoast-seo-wordpress\/ -->\n<title>Instagram Filter - Photoshop Action - Graphimarket<\/title>\n<meta name=\"description\" content=\"Instagram Filter \u2013 Photoshop ActionsThis action is designed to transform your photo\u2019s into instagram filter look.Features...\" \/>\n<meta name=\"robots\" content=\"index, follow, max-snippet:-1, max-image-preview:large, max-video-preview:-1\" \/>\n<link rel=\"canonical\" href=\"https:\/\/graphimarket.com\/fr\/product\/instagram-filter-photoshop-action\/\" \/>\n<meta property=\"og:locale\" content=\"fr_FR\" \/>\n<meta property=\"og:type\" content=\"article\" \/>\n<meta property=\"og:title\" content=\"Instagram Filter - Photoshop Action - Graphimarket\" \/>\n<meta property=\"og:description\" content=\"Instagram Filter \u2013 Photoshop ActionsThis action is designed to transform your photo\u2019s into instagram filter look.Features...\" \/>\n<meta property=\"og:url\" content=\"https:\/\/graphimarket.com\/fr\/product\/instagram-filter-photoshop-action\/\" \/>\n<meta property=\"og:site_name\" content=\"Graphimarket\" \/>\n<meta property=\"article:modified_time\" content=\"2022-12-19T07:59:18+00:00\" \/>\n<meta property=\"og:image\" content=\"https:\/\/graphimarket.com\/wp-content\/uploads\/2021\/02\/instagr1.jpg\" \/>\n\t<meta property=\"og:image:width\" content=\"850\" \/>\n\t<meta property=\"og:image:height\" content=\"735\" \/>\n\t<meta property=\"og:image:type\" content=\"image\/jpeg\" \/>\n<meta name=\"twitter:card\" content=\"summary_large_image\" \/>\n<script type=\"application\/ld+json\" class=\"yoast-schema-graph\">{\"@context\":\"https:\\\/\\\/schema.org\",\"@graph\":[{\"@type\":\"WebPage\",\"@id\":\"https:\\\/\\\/graphimarket.com\\\/product\\\/instagram-filter-photoshop-action\\\/\",\"url\":\"https:\\\/\\\/graphimarket.com\\\/product\\\/instagram-filter-photoshop-action\\\/\",\"name\":\"Instagram Filter - Photoshop Action - Graphimarket\",\"isPartOf\":{\"@id\":\"https:\\\/\\\/graphimarket.com\\\/fr\\\/#website\"},\"primaryImageOfPage\":{\"@id\":\"https:\\\/\\\/graphimarket.com\\\/product\\\/instagram-filter-photoshop-action\\\/#primaryimage\"},\"image\":{\"@id\":\"https:\\\/\\\/graphimarket.com\\\/product\\\/instagram-filter-photoshop-action\\\/#primaryimage\"},\"thumbnailUrl\":\"https:\\\/\\\/graphimarket.com\\\/wp-content\\\/uploads\\\/2021\\\/02\\\/instagr1.jpg\",\"datePublished\":\"2021-02-05T14:54:38+00:00\",\"dateModified\":\"2022-12-19T07:59:18+00:00\",\"description\":\"Instagram Filter \u2013 Photoshop ActionsThis action is designed to transform your photo\u2019s into instagram filter look.Features...\",\"breadcrumb\":{\"@id\":\"https:\\\/\\\/graphimarket.com\\\/product\\\/instagram-filter-photoshop-action\\\/#breadcrumb\"},\"inLanguage\":\"fr-FR\",\"potentialAction\":[{\"@type\":\"ReadAction\",\"target\":[\"https:\\\/\\\/graphimarket.com\\\/product\\\/instagram-filter-photoshop-action\\\/\"]}]},{\"@type\":\"ImageObject\",\"inLanguage\":\"fr-FR\",\"@id\":\"https:\\\/\\\/graphimarket.com\\\/product\\\/instagram-filter-photoshop-action\\\/#primaryimage\",\"url\":\"https:\\\/\\\/graphimarket.com\\\/wp-content\\\/uploads\\\/2021\\\/02\\\/instagr1.jpg\",\"contentUrl\":\"https:\\\/\\\/graphimarket.com\\\/wp-content\\\/uploads\\\/2021\\\/02\\\/instagr1.jpg\",\"width\":850,\"height\":735},{\"@type\":\"BreadcrumbList\",\"@id\":\"https:\\\/\\\/graphimarket.com\\\/product\\\/instagram-filter-photoshop-action\\\/#breadcrumb\",\"itemListElement\":[{\"@type\":\"ListItem\",\"position\":1,\"name\":\"Home\",\"item\":\"https:\\\/\\\/graphimarket.com\\\/es\\\/\"},{\"@type\":\"ListItem\",\"position\":2,\"name\":\"Store\",\"item\":\"https:\\\/\\\/graphimarket.com\\\/store\\\/\"},{\"@type\":\"ListItem\",\"position\":3,\"name\":\"Instagram Filter &#8211; Photoshop Action\"}]},{\"@type\":\"WebSite\",\"@id\":\"https:\\\/\\\/graphimarket.com\\\/fr\\\/#website\",\"url\":\"https:\\\/\\\/graphimarket.com\\\/fr\\\/\",\"name\":\"Graphimarket\",\"description\":\"Find the perfect creative asset to bring your project to life\",\"publisher\":{\"@id\":\"https:\\\/\\\/graphimarket.com\\\/fr\\\/#organization\"},\"potentialAction\":[{\"@type\":\"SearchAction\",\"target\":{\"@type\":\"EntryPoint\",\"urlTemplate\":\"https:\\\/\\\/graphimarket.com\\\/fr\\\/?s={search_term_string}\"},\"query-input\":{\"@type\":\"PropertyValueSpecification\",\"valueRequired\":true,\"valueName\":\"search_term_string\"}}],\"inLanguage\":\"fr-FR\"},{\"@type\":\"Organization\",\"@id\":\"https:\\\/\\\/graphimarket.com\\\/fr\\\/#organization\",\"name\":\"Graphimarket\",\"url\":\"https:\\\/\\\/graphimarket.com\\\/fr\\\/\",\"logo\":{\"@type\":\"ImageObject\",\"inLanguage\":\"fr-FR\",\"@id\":\"https:\\\/\\\/graphimarket.com\\\/fr\\\/#\\\/schema\\\/logo\\\/image\\\/\",\"url\":\"https:\\\/\\\/graphimarket.com\\\/wp-content\\\/uploads\\\/2020\\\/08\\\/logo-48.png\",\"contentUrl\":\"https:\\\/\\\/graphimarket.com\\\/wp-content\\\/uploads\\\/2020\\\/08\\\/logo-48.png\",\"width\":132,\"height\":48,\"caption\":\"Graphimarket\"},\"image\":{\"@id\":\"https:\\\/\\\/graphimarket.com\\\/fr\\\/#\\\/schema\\\/logo\\\/image\\\/\"}}]}<\/script>\n<!-- \/ Yoast SEO plugin. -->","yoast_head_json":{"title":"Filtre Instagram - Action Photoshop - Graphimarket","description":"Filtre Instagram - Actions PhotoshopCette action est con\u00e7ue pour transformer votre photo en look de filtre instagram.Caract\u00e9ristiques ...","robots":{"index":"index","follow":"follow","max-snippet":"max-snippet:-1","max-image-preview":"max-image-preview:large","max-video-preview":"max-video-preview:-1"},"canonical":"https:\/\/graphimarket.com\/fr\/product\/instagram-filter-photoshop-action\/","og_locale":"fr_FR","og_type":"article","og_title":"Instagram Filter - Photoshop Action - Graphimarket","og_description":"Instagram Filter \u2013 Photoshop ActionsThis action is designed to transform your photo\u2019s into instagram filter look.Features...","og_url":"https:\/\/graphimarket.com\/fr\/product\/instagram-filter-photoshop-action\/","og_site_name":"Graphimarket","article_modified_time":"2022-12-19T07:59:18+00:00","og_image":[{"width":850,"height":735,"url":"https:\/\/graphimarket.com\/wp-content\/uploads\/2021\/02\/instagr1.jpg","type":"image\/jpeg"}],"twitter_card":"summary_large_image","schema":{"@context":"https:\/\/schema.org","@graph":[{"@type":"WebPage","@id":"https:\/\/graphimarket.com\/product\/instagram-filter-photoshop-action\/","url":"https:\/\/graphimarket.com\/product\/instagram-filter-photoshop-action\/","name":"Filtre Instagram - Action Photoshop - Graphimarket","isPartOf":{"@id":"https:\/\/graphimarket.com\/fr\/#website"},"primaryImageOfPage":{"@id":"https:\/\/graphimarket.com\/product\/instagram-filter-photoshop-action\/#primaryimage"},"image":{"@id":"https:\/\/graphimarket.com\/product\/instagram-filter-photoshop-action\/#primaryimage"},"thumbnailUrl":"https:\/\/graphimarket.com\/wp-content\/uploads\/2021\/02\/instagr1.jpg","datePublished":"2021-02-05T14:54:38+00:00","dateModified":"2022-12-19T07:59:18+00:00","description":"Filtre Instagram - Actions PhotoshopCette action est con\u00e7ue pour transformer votre photo en look de filtre instagram.Caract\u00e9ristiques ...","breadcrumb":{"@id":"https:\/\/graphimarket.com\/product\/instagram-filter-photoshop-action\/#breadcrumb"},"inLanguage":"fr-FR","potentialAction":[{"@type":"ReadAction","target":["https:\/\/graphimarket.com\/product\/instagram-filter-photoshop-action\/"]}]},{"@type":"ImageObject","inLanguage":"fr-FR","@id":"https:\/\/graphimarket.com\/product\/instagram-filter-photoshop-action\/#primaryimage","url":"https:\/\/graphimarket.com\/wp-content\/uploads\/2021\/02\/instagr1.jpg","contentUrl":"https:\/\/graphimarket.com\/wp-content\/uploads\/2021\/02\/instagr1.jpg","width":850,"height":735},{"@type":"BreadcrumbList","@id":"https:\/\/graphimarket.com\/product\/instagram-filter-photoshop-action\/#breadcrumb","itemListElement":[{"@type":"ListItem","position":1,"name":"Home","item":"https:\/\/graphimarket.com\/es\/"},{"@type":"ListItem","position":2,"name":"Store","item":"https:\/\/graphimarket.com\/store\/"},{"@type":"ListItem","position":3,"name":"Instagram Filter &#8211; Photoshop Action"}]},{"@type":"WebSite","@id":"https:\/\/graphimarket.com\/fr\/#website","url":"https:\/\/graphimarket.com\/fr\/","name":"Graphimarket","description":"Trouvez l&#039;atout cr\u00e9atif parfait pour donner vie \u00e0 votre projet","publisher":{"@id":"https:\/\/graphimarket.com\/fr\/#organization"},"potentialAction":[{"@type":"SearchAction","target":{"@type":"EntryPoint","urlTemplate":"https:\/\/graphimarket.com\/fr\/?s={search_term_string}"},"query-input":{"@type":"PropertyValueSpecification","valueRequired":true,"valueName":"search_term_string"}}],"inLanguage":"fr-FR"},{"@type":"Organization","@id":"https:\/\/graphimarket.com\/fr\/#organization","name":"Graphimarket","url":"https:\/\/graphimarket.com\/fr\/","logo":{"@type":"ImageObject","inLanguage":"fr-FR","@id":"https:\/\/graphimarket.com\/fr\/#\/schema\/logo\/image\/","url":"https:\/\/graphimarket.com\/wp-content\/uploads\/2020\/08\/logo-48.png","contentUrl":"https:\/\/graphimarket.com\/wp-content\/uploads\/2020\/08\/logo-48.png","width":132,"height":48,"caption":"Graphimarket"},"image":{"@id":"https:\/\/graphimarket.com\/fr\/#\/schema\/logo\/image\/"}}]}},"_links":{"self":[{"href":"https:\/\/graphimarket.com\/fr\/wp-json\/wp\/v2\/product\/15834","targetHints":{"allow":["GET"]}}],"collection":[{"href":"https:\/\/graphimarket.com\/fr\/wp-json\/wp\/v2\/product"}],"about":[{"href":"https:\/\/graphimarket.com\/fr\/wp-json\/wp\/v2\/types\/product"}],"replies":[{"embeddable":true,"href":"https:\/\/graphimarket.com\/fr\/wp-json\/wp\/v2\/comments?post=15834"}],"version-history":[{"count":0,"href":"https:\/\/graphimarket.com\/fr\/wp-json\/wp\/v2\/product\/15834\/revisions"}],"wp:featuredmedia":[{"embeddable":true,"href":"https:\/\/graphimarket.com\/fr\/wp-json\/wp\/v2\/media\/15836"}],"wp:attachment":[{"href":"https:\/\/graphimarket.com\/fr\/wp-json\/wp\/v2\/media?parent=15834"}],"wp:term":[{"taxonomy":"product_brand","embeddable":true,"href":"https:\/\/graphimarket.com\/fr\/wp-json\/wp\/v2\/product_brand?post=15834"},{"taxonomy":"product_cat","embeddable":true,"href":"https:\/\/graphimarket.com\/fr\/wp-json\/wp\/v2\/product_cat?post=15834"},{"taxonomy":"product_tag","embeddable":true,"href":"https:\/\/graphimarket.com\/fr\/wp-json\/wp\/v2\/product_tag?post=15834"}],"curies":[{"name":"wp","href":"https:\/\/api.w.org\/{rel}","templated":true}]}}