{"id":16464,"date":"2021-03-16T15:11:21","date_gmt":"2021-03-16T14:11:21","guid":{"rendered":"https:\/\/graphimarket.com\/?post_type=product&#038;p=16464"},"modified":"2022-12-11T13:23:51","modified_gmt":"2022-12-11T12:23:51","slug":"watercolor-4in1-photoshop-actions-bundle","status":"publish","type":"product","link":"https:\/\/graphimarket.com\/fr\/product\/watercolor-4in1-photoshop-actions-bundle\/","title":{"rendered":"Ensemble d&#039;actions Photoshop Aquarelle 4 en 1"},"content":{"rendered":"<p class=\"t-heading -color-inherit -size-l h-m0 is-hidden-phone\"><strong>Ensemble d&#039;actions Photoshop Aquarelle 4 en 1<\/strong><\/p>\n<p>Cr\u00e9ez des\u00a0<strong>effets Photoshop aquarelle<\/strong>\u00a0en un rien de temps en utilisant ceci\u00a0<strong>effet aquarelle actions Photoshop<\/strong>! Chaque action fonctionne donc vous ouvrez votre photo, passez simplement votre doigt sur votre sujet et jouez simplement l&#039;action! C&#039;est vraiment aussi simple que cela!<\/p>\n<p>Les actions feront tout le travail pour vous, vous laissant\u00a0<strong>enti\u00e8rement en couches<\/strong>\u00a0et\u00a0<strong>r\u00e9sultats personnalisables<\/strong>\u00a0que vous pouvez modifier davantage. Chaque \u00e9l\u00e9ment est une seule couche.<\/p>\n<h4 id=\"item-description__features\">FONCTIONNALIT\u00c9S:<\/h4>\n<ul>\n<li>4 actions Photoshop aquarelle incluses au prix 50% OFF<\/li>\n<li>Actions simples, faciles et amusantes \u00e0 utiliser - m\u00eame pour les d\u00e9butants.<\/li>\n<li>\u00c9conomise des heures et des jours de travail.<\/li>\n<li>R\u00e9sultats enti\u00e8rement stratifi\u00e9s et personnalisables - chaque \u00e9l\u00e9ment est une seule couche.<\/li>\n<li>Beaucoup d&#039;options pour personnaliser les r\u00e9sultats.<\/li>\n<\/ul>\n<h4 id=\"item-description__compatibility\">COMPATIBILIT\u00c9:<\/h4>\n<p>L&#039;action est test\u00e9e et fonctionne dans Photoshop (versions anglaises) CS4, CS5, CS6, CC, CC 2015.5, CC 2017, CC 2018, CC 2019, CC 2020+.<\/p>\n<p><img decoding=\"async\" src=\"https:\/\/graphimarket.com\/wp-content\/uploads\/2021\/03\/01_MixedArt_Photoshop_Action-1.jpg\" \/><\/p>\n<p><img decoding=\"async\" src=\"https:\/\/graphimarket.com\/wp-content\/uploads\/2021\/03\/02_Watercolor_Photoshop_Action-1.jpg\" \/><\/p>\n<p><img decoding=\"async\" src=\"https:\/\/graphimarket.com\/wp-content\/uploads\/2021\/03\/03_Aquarelle_Photoshop_Action-1.jpg\" \/><\/p>\n<p><img decoding=\"async\" src=\"https:\/\/graphimarket.com\/wp-content\/uploads\/2021\/03\/04_Aquarelle_2_Photoshop_Action-1.jpg\" \/><\/p>","protected":false},"excerpt":{"rendered":"<p>Watercolor 4in1 Photoshop Actions Bundle Create amazing\u00a0watercolor Photoshop effects\u00a0in no time using this\u00a0watercolor effect Photoshop actions! Each action works so you open your photo, simply brush over your subject and just play the action! It\u2019s really that simple! The actions will do all the work for you, leaving you\u00a0fully layered\u00a0and\u00a0customizable results\u00a0that you can further modify. [&hellip;]<\/p>\n","protected":false},"featured_media":16475,"comment_status":"open","ping_status":"closed","template":"","meta":{"site-sidebar-layout":"default","site-content-layout":"default","ast-site-content-layout":"default","site-content-style":"default","site-sidebar-style":"default","ast-global-header-display":"","ast-banner-title-visibility":"","ast-main-header-display":"","ast-hfb-above-header-display":"","ast-hfb-below-header-display":"","ast-hfb-mobile-header-display":"","site-post-title":"","ast-breadcrumbs-content":"","ast-featured-img":"","footer-sml-layout":"","ast-disable-related-posts":"","theme-transparent-header-meta":"default","adv-header-id-meta":"","stick-header-meta":"","header-above-stick-meta":"","header-main-stick-meta":"","header-below-stick-meta":"","astra-migrate-meta-layouts":"default","ast-page-background-enabled":"default","ast-page-background-meta":{"desktop":{"background-color":"","background-image":"","background-repeat":"repeat","background-position":"center center","background-size":"auto","background-attachment":"scroll","background-type":"","background-media":"","overlay-type":"","overlay-color":"","overlay-opacity":"","overlay-gradient":""},"tablet":{"background-color":"","background-image":"","background-repeat":"repeat","background-position":"center center","background-size":"auto","background-attachment":"scroll","background-type":"","background-media":"","overlay-type":"","overlay-color":"","overlay-opacity":"","overlay-gradient":""},"mobile":{"background-color":"","background-image":"","background-repeat":"repeat","background-position":"center center","background-size":"auto","background-attachment":"scroll","background-type":"","background-media":"","overlay-type":"","overlay-color":"","overlay-opacity":"","overlay-gradient":""}},"ast-content-background-meta":{"desktop":{"background-color":"var(--ast-global-color-5)","background-image":"","background-repeat":"repeat","background-position":"center center","background-size":"auto","background-attachment":"scroll","background-type":"","background-media":"","overlay-type":"","overlay-color":"","overlay-opacity":"","overlay-gradient":""},"tablet":{"background-color":"var(--ast-global-color-5)","background-image":"","background-repeat":"repeat","background-position":"center center","background-size":"auto","background-attachment":"scroll","background-type":"","background-media":"","overlay-type":"","overlay-color":"","overlay-opacity":"","overlay-gradient":""},"mobile":{"background-color":"var(--ast-global-color-5)","background-image":"","background-repeat":"repeat","background-position":"center center","background-size":"auto","background-attachment":"scroll","background-type":"","background-media":"","overlay-type":"","overlay-color":"","overlay-opacity":"","overlay-gradient":""}}},"product_brand":[],"product_cat":[196,15,144,145,195,146],"product_tag":[1939,1386,531,1936,1897,1890,285,62,1938,784],"class_list":{"0":"post-16464","1":"product","2":"type-product","3":"status-publish","4":"has-post-thumbnail","6":"product_cat-actions","7":"product_cat-photo","8":"product_cat-photo-editor","9":"product_cat-photography","10":"product_cat-photoshop","11":"product_cat-photoshop-action","12":"product_tag-4in1","13":"product_tag-adobe","14":"product_tag-cc","15":"product_tag-cs","16":"product_tag-editor","17":"product_tag-mac","18":"product_tag-photo","19":"product_tag-photoshop","20":"product_tag-waterxcolor","21":"product_tag-windows","22":"desktop-align-left","23":"tablet-align-left","24":"mobile-align-left","26":"first","27":"instock","28":"sale","29":"downloadable","30":"virtual","31":"taxable","32":"purchasable","33":"product-type-simple"},"yoast_head":"<!-- This site is optimized with the Yoast SEO plugin v27.3 - https:\/\/yoast.com\/product\/yoast-seo-wordpress\/ -->\n<title>Watercolor 4in1 Photoshop Actions Bundle - Graphimarket<\/title>\n<meta name=\"description\" content=\"Watercolor 4in1 Photoshop Actions BundleCreate amazing\u00a0watercolor Photoshop effects\u00a0in no time using this\u00a0watercolor effect....\" \/>\n<meta name=\"robots\" content=\"index, follow, max-snippet:-1, max-image-preview:large, max-video-preview:-1\" \/>\n<link rel=\"canonical\" href=\"https:\/\/graphimarket.com\/fr\/product\/watercolor-4in1-photoshop-actions-bundle\/\" \/>\n<meta property=\"og:locale\" content=\"fr_FR\" \/>\n<meta property=\"og:type\" content=\"article\" \/>\n<meta property=\"og:title\" content=\"Watercolor 4in1 Photoshop Actions Bundle - Graphimarket\" \/>\n<meta property=\"og:description\" content=\"Watercolor 4in1 Photoshop Actions BundleCreate amazing\u00a0watercolor Photoshop effects\u00a0in no time using this\u00a0watercolor effect....\" \/>\n<meta property=\"og:url\" content=\"https:\/\/graphimarket.com\/fr\/product\/watercolor-4in1-photoshop-actions-bundle\/\" \/>\n<meta property=\"og:site_name\" content=\"Graphimarket\" \/>\n<meta property=\"article:modified_time\" content=\"2022-12-11T12:23:51+00:00\" \/>\n<meta property=\"og:image\" content=\"https:\/\/graphimarket.com\/wp-content\/uploads\/2021\/03\/thumbnil.jpg\" \/>\n\t<meta property=\"og:image:width\" content=\"370\" \/>\n\t<meta property=\"og:image:height\" content=\"270\" \/>\n\t<meta property=\"og:image:type\" content=\"image\/jpeg\" \/>\n<meta name=\"twitter:card\" content=\"summary_large_image\" \/>\n<meta name=\"twitter:label1\" content=\"Est. reading time\" \/>\n\t<meta name=\"twitter:data1\" content=\"1 minute\" \/>\n<script type=\"application\/ld+json\" class=\"yoast-schema-graph\">{\"@context\":\"https:\\\/\\\/schema.org\",\"@graph\":[{\"@type\":\"WebPage\",\"@id\":\"https:\\\/\\\/graphimarket.com\\\/product\\\/watercolor-4in1-photoshop-actions-bundle\\\/\",\"url\":\"https:\\\/\\\/graphimarket.com\\\/product\\\/watercolor-4in1-photoshop-actions-bundle\\\/\",\"name\":\"Watercolor 4in1 Photoshop Actions Bundle - Graphimarket\",\"isPartOf\":{\"@id\":\"https:\\\/\\\/graphimarket.com\\\/fr\\\/#website\"},\"primaryImageOfPage\":{\"@id\":\"https:\\\/\\\/graphimarket.com\\\/product\\\/watercolor-4in1-photoshop-actions-bundle\\\/#primaryimage\"},\"image\":{\"@id\":\"https:\\\/\\\/graphimarket.com\\\/product\\\/watercolor-4in1-photoshop-actions-bundle\\\/#primaryimage\"},\"thumbnailUrl\":\"https:\\\/\\\/graphimarket.com\\\/wp-content\\\/uploads\\\/2021\\\/03\\\/thumbnil.jpg\",\"datePublished\":\"2021-03-16T14:11:21+00:00\",\"dateModified\":\"2022-12-11T12:23:51+00:00\",\"description\":\"Watercolor 4in1 Photoshop Actions BundleCreate amazing\u00a0watercolor Photoshop effects\u00a0in no time using this\u00a0watercolor effect....\",\"breadcrumb\":{\"@id\":\"https:\\\/\\\/graphimarket.com\\\/product\\\/watercolor-4in1-photoshop-actions-bundle\\\/#breadcrumb\"},\"inLanguage\":\"fr-FR\",\"potentialAction\":[{\"@type\":\"ReadAction\",\"target\":[\"https:\\\/\\\/graphimarket.com\\\/product\\\/watercolor-4in1-photoshop-actions-bundle\\\/\"]}]},{\"@type\":\"ImageObject\",\"inLanguage\":\"fr-FR\",\"@id\":\"https:\\\/\\\/graphimarket.com\\\/product\\\/watercolor-4in1-photoshop-actions-bundle\\\/#primaryimage\",\"url\":\"https:\\\/\\\/graphimarket.com\\\/wp-content\\\/uploads\\\/2021\\\/03\\\/thumbnil.jpg\",\"contentUrl\":\"https:\\\/\\\/graphimarket.com\\\/wp-content\\\/uploads\\\/2021\\\/03\\\/thumbnil.jpg\",\"width\":370,\"height\":270},{\"@type\":\"BreadcrumbList\",\"@id\":\"https:\\\/\\\/graphimarket.com\\\/product\\\/watercolor-4in1-photoshop-actions-bundle\\\/#breadcrumb\",\"itemListElement\":[{\"@type\":\"ListItem\",\"position\":1,\"name\":\"Home\",\"item\":\"https:\\\/\\\/graphimarket.com\\\/es\\\/\"},{\"@type\":\"ListItem\",\"position\":2,\"name\":\"Store\",\"item\":\"https:\\\/\\\/graphimarket.com\\\/store\\\/\"},{\"@type\":\"ListItem\",\"position\":3,\"name\":\"Watercolor 4in1 Photoshop Actions Bundle\"}]},{\"@type\":\"WebSite\",\"@id\":\"https:\\\/\\\/graphimarket.com\\\/fr\\\/#website\",\"url\":\"https:\\\/\\\/graphimarket.com\\\/fr\\\/\",\"name\":\"Graphimarket\",\"description\":\"Find the perfect creative asset to bring your project to life\",\"publisher\":{\"@id\":\"https:\\\/\\\/graphimarket.com\\\/fr\\\/#organization\"},\"potentialAction\":[{\"@type\":\"SearchAction\",\"target\":{\"@type\":\"EntryPoint\",\"urlTemplate\":\"https:\\\/\\\/graphimarket.com\\\/fr\\\/?s={search_term_string}\"},\"query-input\":{\"@type\":\"PropertyValueSpecification\",\"valueRequired\":true,\"valueName\":\"search_term_string\"}}],\"inLanguage\":\"fr-FR\"},{\"@type\":\"Organization\",\"@id\":\"https:\\\/\\\/graphimarket.com\\\/fr\\\/#organization\",\"name\":\"Graphimarket\",\"url\":\"https:\\\/\\\/graphimarket.com\\\/fr\\\/\",\"logo\":{\"@type\":\"ImageObject\",\"inLanguage\":\"fr-FR\",\"@id\":\"https:\\\/\\\/graphimarket.com\\\/fr\\\/#\\\/schema\\\/logo\\\/image\\\/\",\"url\":\"https:\\\/\\\/graphimarket.com\\\/wp-content\\\/uploads\\\/2020\\\/08\\\/logo-48.png\",\"contentUrl\":\"https:\\\/\\\/graphimarket.com\\\/wp-content\\\/uploads\\\/2020\\\/08\\\/logo-48.png\",\"width\":132,\"height\":48,\"caption\":\"Graphimarket\"},\"image\":{\"@id\":\"https:\\\/\\\/graphimarket.com\\\/fr\\\/#\\\/schema\\\/logo\\\/image\\\/\"}}]}<\/script>\n<!-- \/ Yoast SEO plugin. -->","yoast_head_json":{"title":"Ensemble d&#039;actions Photoshop Aquarelle 4 en 1 - Graphimarket","description":"Ensemble d&#039;actions Photoshop 4 en 1 aquarelleCr\u00e9ez des effets Photoshop \u00e9tonnants en un rien de temps en utilisant cet effet aquarelle ....","robots":{"index":"index","follow":"follow","max-snippet":"max-snippet:-1","max-image-preview":"max-image-preview:large","max-video-preview":"max-video-preview:-1"},"canonical":"https:\/\/graphimarket.com\/fr\/product\/watercolor-4in1-photoshop-actions-bundle\/","og_locale":"fr_FR","og_type":"article","og_title":"Watercolor 4in1 Photoshop Actions Bundle - Graphimarket","og_description":"Watercolor 4in1 Photoshop Actions BundleCreate amazing\u00a0watercolor Photoshop effects\u00a0in no time using this\u00a0watercolor effect....","og_url":"https:\/\/graphimarket.com\/fr\/product\/watercolor-4in1-photoshop-actions-bundle\/","og_site_name":"Graphimarket","article_modified_time":"2022-12-11T12:23:51+00:00","og_image":[{"width":370,"height":270,"url":"https:\/\/graphimarket.com\/wp-content\/uploads\/2021\/03\/thumbnil.jpg","type":"image\/jpeg"}],"twitter_card":"summary_large_image","twitter_misc":{"Est. reading time":"1 minute"},"schema":{"@context":"https:\/\/schema.org","@graph":[{"@type":"WebPage","@id":"https:\/\/graphimarket.com\/product\/watercolor-4in1-photoshop-actions-bundle\/","url":"https:\/\/graphimarket.com\/product\/watercolor-4in1-photoshop-actions-bundle\/","name":"Ensemble d&#039;actions Photoshop Aquarelle 4 en 1 - Graphimarket","isPartOf":{"@id":"https:\/\/graphimarket.com\/fr\/#website"},"primaryImageOfPage":{"@id":"https:\/\/graphimarket.com\/product\/watercolor-4in1-photoshop-actions-bundle\/#primaryimage"},"image":{"@id":"https:\/\/graphimarket.com\/product\/watercolor-4in1-photoshop-actions-bundle\/#primaryimage"},"thumbnailUrl":"https:\/\/graphimarket.com\/wp-content\/uploads\/2021\/03\/thumbnil.jpg","datePublished":"2021-03-16T14:11:21+00:00","dateModified":"2022-12-11T12:23:51+00:00","description":"Ensemble d&#039;actions Photoshop 4 en 1 aquarelleCr\u00e9ez des effets Photoshop \u00e9tonnants en un rien de temps en utilisant cet effet aquarelle ....","breadcrumb":{"@id":"https:\/\/graphimarket.com\/product\/watercolor-4in1-photoshop-actions-bundle\/#breadcrumb"},"inLanguage":"fr-FR","potentialAction":[{"@type":"ReadAction","target":["https:\/\/graphimarket.com\/product\/watercolor-4in1-photoshop-actions-bundle\/"]}]},{"@type":"ImageObject","inLanguage":"fr-FR","@id":"https:\/\/graphimarket.com\/product\/watercolor-4in1-photoshop-actions-bundle\/#primaryimage","url":"https:\/\/graphimarket.com\/wp-content\/uploads\/2021\/03\/thumbnil.jpg","contentUrl":"https:\/\/graphimarket.com\/wp-content\/uploads\/2021\/03\/thumbnil.jpg","width":370,"height":270},{"@type":"BreadcrumbList","@id":"https:\/\/graphimarket.com\/product\/watercolor-4in1-photoshop-actions-bundle\/#breadcrumb","itemListElement":[{"@type":"ListItem","position":1,"name":"Home","item":"https:\/\/graphimarket.com\/es\/"},{"@type":"ListItem","position":2,"name":"Store","item":"https:\/\/graphimarket.com\/store\/"},{"@type":"ListItem","position":3,"name":"Watercolor 4in1 Photoshop Actions Bundle"}]},{"@type":"WebSite","@id":"https:\/\/graphimarket.com\/fr\/#website","url":"https:\/\/graphimarket.com\/fr\/","name":"Graphimarket","description":"Trouvez l&#039;atout cr\u00e9atif parfait pour donner vie \u00e0 votre projet","publisher":{"@id":"https:\/\/graphimarket.com\/fr\/#organization"},"potentialAction":[{"@type":"SearchAction","target":{"@type":"EntryPoint","urlTemplate":"https:\/\/graphimarket.com\/fr\/?s={search_term_string}"},"query-input":{"@type":"PropertyValueSpecification","valueRequired":true,"valueName":"search_term_string"}}],"inLanguage":"fr-FR"},{"@type":"Organization","@id":"https:\/\/graphimarket.com\/fr\/#organization","name":"Graphimarket","url":"https:\/\/graphimarket.com\/fr\/","logo":{"@type":"ImageObject","inLanguage":"fr-FR","@id":"https:\/\/graphimarket.com\/fr\/#\/schema\/logo\/image\/","url":"https:\/\/graphimarket.com\/wp-content\/uploads\/2020\/08\/logo-48.png","contentUrl":"https:\/\/graphimarket.com\/wp-content\/uploads\/2020\/08\/logo-48.png","width":132,"height":48,"caption":"Graphimarket"},"image":{"@id":"https:\/\/graphimarket.com\/fr\/#\/schema\/logo\/image\/"}}]}},"_links":{"self":[{"href":"https:\/\/graphimarket.com\/fr\/wp-json\/wp\/v2\/product\/16464","targetHints":{"allow":["GET"]}}],"collection":[{"href":"https:\/\/graphimarket.com\/fr\/wp-json\/wp\/v2\/product"}],"about":[{"href":"https:\/\/graphimarket.com\/fr\/wp-json\/wp\/v2\/types\/product"}],"replies":[{"embeddable":true,"href":"https:\/\/graphimarket.com\/fr\/wp-json\/wp\/v2\/comments?post=16464"}],"version-history":[{"count":0,"href":"https:\/\/graphimarket.com\/fr\/wp-json\/wp\/v2\/product\/16464\/revisions"}],"wp:featuredmedia":[{"embeddable":true,"href":"https:\/\/graphimarket.com\/fr\/wp-json\/wp\/v2\/media\/16475"}],"wp:attachment":[{"href":"https:\/\/graphimarket.com\/fr\/wp-json\/wp\/v2\/media?parent=16464"}],"wp:term":[{"taxonomy":"product_brand","embeddable":true,"href":"https:\/\/graphimarket.com\/fr\/wp-json\/wp\/v2\/product_brand?post=16464"},{"taxonomy":"product_cat","embeddable":true,"href":"https:\/\/graphimarket.com\/fr\/wp-json\/wp\/v2\/product_cat?post=16464"},{"taxonomy":"product_tag","embeddable":true,"href":"https:\/\/graphimarket.com\/fr\/wp-json\/wp\/v2\/product_tag?post=16464"}],"curies":[{"name":"wp","href":"https:\/\/api.w.org\/{rel}","templated":true}]}}