{"id":16550,"date":"2021-03-18T17:15:27","date_gmt":"2021-03-18T16:15:27","guid":{"rendered":"https:\/\/graphimarket.com\/?post_type=product&#038;p=16550"},"modified":"2022-12-11T13:22:48","modified_gmt":"2022-12-11T12:22:48","slug":"sanddust-photoshop-action","status":"publish","type":"product","link":"https:\/\/graphimarket.com\/fr\/product\/sanddust-photoshop-action\/","title":{"rendered":"Action Photoshop SandDust"},"content":{"rendered":"<p><strong>Action de la poussi\u00e8re de sable<\/strong>\u00a0- c&#039;est un effet avec des particules de sable et des rayons de lumi\u00e8re. Vous pouvez activer le beau ciel comme image d&#039;arri\u00e8re-plan ou ne laisser que des particules de sable sur vos photos pour cr\u00e9er une impressionnante temp\u00eate de sable photor\u00e9aliste sur votre paysage.<\/p>\n<p>Cette action a \u00e9t\u00e9 cr\u00e9\u00e9e et optimis\u00e9e pour une utilisation sur Photoshop CS3, CS4, CS5, CS6, CC et UNIQUEMENT POUR LA VERSION ANGLAISE DE PHOTOSHOP. Besoin de changer la langue de votre version?\u00a0<a href=\"https:\/\/graphimarket.com\/fr\/2021\/01\/12\/guide-how-to-change-language-on-adobe-cc-to-english\/\" target=\"_blank\" rel=\"noopener\">REGARDER ICI<\/a><\/p>\n<h2 id=\"item-description__how-to-configure-photoshop-to-work-with-actions\">Comment configurer Photoshop pour qu&#039;il fonctionne avec des actions.<\/h2>\n<p><strong>1. Assurez-vous que vous utilisez la version anglaise de Photoshop.<\/strong> Chaque action a \u00e9t\u00e9 cr\u00e9\u00e9e et optimis\u00e9e pour fonctionner uniquement avec la version anglaise de Photoshop, veuillez donc vous assurer que vous utilisez cette version. Sinon, ne vous inqui\u00e9tez pas: vous pouvez changer la langue de votre version de Photoshop en anglais (et revenir en arri\u00e8re) en utilisant\u00a0<a href=\"https:\/\/graphimarket.com\/fr\/2021\/01\/12\/guide-how-to-change-language-on-adobe-cc-to-english\/\" target=\"_blank\" rel=\"noopener\">cette\u00a0<span style=\"font-size: 16px; font-style: normal; font-weight: 400;\">m\u00e9thode<\/span><\/a><span style=\"font-size: 16px;\">\u00a0<\/span><\/p>\n<p><strong>2. Utilisez le mode RVB et la couleur 8 bits.<\/strong>\u00a0Pour v\u00e9rifier ces param\u00e8tres, allez dans Image-&gt; Mode et v\u00e9rifiez la \u00abCouleur RVB\u00bb et \u00ab8 Bits \/ Canal\u00bb.<\/p>\n<p><strong>3. Assurez-vous que l&#039;option \u00abAjouter une\u00ab copie \u00bbaux calques et groupes copi\u00e9s\u00bb est activ\u00e9e.<\/strong>\u00a0Cette option s&#039;applique uniquement \u00e0 CS5 et aux versions ult\u00e9rieures de Photoshop. Dans le panneau \u00abCALQUES\u00bb, cliquez sur l&#039;ic\u00f4ne de menu, allez dans \u00abOptions du panneau\u2026\u00bb et v\u00e9rifiez que l&#039;option \u00abAjouter une\u00ab copie \u00bbaux couches et groupes copi\u00e9s\u00bb est activ\u00e9e.<\/p>\n<p><strong>4. Utilisez une photo de 72 dpi ou plus.<\/strong>\u00a0Si vous utilisez une photo avec moins de 72 dpi, l&#039;action ne fonctionnera pas correctement. Pour r\u00e9soudre ce probl\u00e8me, allez dans Image-&gt; Taille de l&#039;image et augmentez la valeur de r\u00e9solution.<\/p>\n<p><strong>5. D\u00e9finissez l&#039;opacit\u00e9 du pinceau sur 100%.<\/strong>\u00a0D\u00e9finissez l&#039;opacit\u00e9 du pinceau sur 100%. S\u00e9lectionnez l &#039;\u00abOutil Pinceau\u00bb et d\u00e9placez le curseur d&#039;opacit\u00e9 sur 100%.<\/p>\n<p><img decoding=\"async\" class=\"aligncenter\" src=\"https:\/\/graphimarket.com\/wp-content\/uploads\/2021\/03\/Image-Preview3.jpg\" \/><\/p>","protected":false},"excerpt":{"rendered":"<p>SandDust Action\u00a0\u2013 it\u2019s effect with sand particles and rays of light. You can turn on beautiful sky as the background image, or leave only sand particles on your photos to create an awesome photorealistic sand storm on your landscape. This action has been created and optimized for use on Photoshop CS3, CS4, CS5, CS6, CC [&hellip;]<\/p>\n","protected":false},"featured_media":16552,"comment_status":"open","ping_status":"closed","template":"","meta":{"site-sidebar-layout":"default","site-content-layout":"default","ast-site-content-layout":"default","site-content-style":"default","site-sidebar-style":"default","ast-global-header-display":"","ast-banner-title-visibility":"","ast-main-header-display":"","ast-hfb-above-header-display":"","ast-hfb-below-header-display":"","ast-hfb-mobile-header-display":"","site-post-title":"","ast-breadcrumbs-content":"","ast-featured-img":"","footer-sml-layout":"","ast-disable-related-posts":"","theme-transparent-header-meta":"default","adv-header-id-meta":"","stick-header-meta":"","header-above-stick-meta":"","header-main-stick-meta":"","header-below-stick-meta":"","astra-migrate-meta-layouts":"default","ast-page-background-enabled":"default","ast-page-background-meta":{"desktop":{"background-color":"","background-image":"","background-repeat":"repeat","background-position":"center center","background-size":"auto","background-attachment":"scroll","background-type":"","background-media":"","overlay-type":"","overlay-color":"","overlay-opacity":"","overlay-gradient":""},"tablet":{"background-color":"","background-image":"","background-repeat":"repeat","background-position":"center center","background-size":"auto","background-attachment":"scroll","background-type":"","background-media":"","overlay-type":"","overlay-color":"","overlay-opacity":"","overlay-gradient":""},"mobile":{"background-color":"","background-image":"","background-repeat":"repeat","background-position":"center center","background-size":"auto","background-attachment":"scroll","background-type":"","background-media":"","overlay-type":"","overlay-color":"","overlay-opacity":"","overlay-gradient":""}},"ast-content-background-meta":{"desktop":{"background-color":"var(--ast-global-color-5)","background-image":"","background-repeat":"repeat","background-position":"center center","background-size":"auto","background-attachment":"scroll","background-type":"","background-media":"","overlay-type":"","overlay-color":"","overlay-opacity":"","overlay-gradient":""},"tablet":{"background-color":"var(--ast-global-color-5)","background-image":"","background-repeat":"repeat","background-position":"center center","background-size":"auto","background-attachment":"scroll","background-type":"","background-media":"","overlay-type":"","overlay-color":"","overlay-opacity":"","overlay-gradient":""},"mobile":{"background-color":"var(--ast-global-color-5)","background-image":"","background-repeat":"repeat","background-position":"center center","background-size":"auto","background-attachment":"scroll","background-type":"","background-media":"","overlay-type":"","overlay-color":"","overlay-opacity":"","overlay-gradient":""}}},"product_brand":[],"product_cat":[196,15,144,145,195,146],"product_tag":[292,1386,531,1936,314,62,315],"class_list":{"0":"post-16550","1":"product","2":"type-product","3":"status-publish","4":"has-post-thumbnail","6":"product_cat-actions","7":"product_cat-photo","8":"product_cat-photo-editor","9":"product_cat-photography","10":"product_cat-photoshop","11":"product_cat-photoshop-action","12":"product_tag-action","13":"product_tag-adobe","14":"product_tag-cc","15":"product_tag-cs","16":"product_tag-dust","17":"product_tag-photoshop","18":"product_tag-sand","19":"desktop-align-left","20":"tablet-align-left","21":"mobile-align-left","23":"first","24":"instock","25":"sale","26":"downloadable","27":"virtual","28":"taxable","29":"purchasable","30":"product-type-simple"},"yoast_head":"<!-- This site is optimized with the Yoast SEO plugin v27.3 - https:\/\/yoast.com\/product\/yoast-seo-wordpress\/ -->\n<title>SandDust Photoshop Action - Graphimarket<\/title>\n<meta name=\"description\" content=\"SandDust Action\u00a0\u2013 it\u2019s effect with sand particles and rays of light. You can turn on beautiful sky as the background image....\" \/>\n<meta name=\"robots\" content=\"index, follow, max-snippet:-1, max-image-preview:large, max-video-preview:-1\" \/>\n<link rel=\"canonical\" href=\"https:\/\/graphimarket.com\/fr\/product\/sanddust-photoshop-action\/\" \/>\n<meta property=\"og:locale\" content=\"fr_FR\" \/>\n<meta property=\"og:type\" content=\"article\" \/>\n<meta property=\"og:title\" content=\"SandDust Photoshop Action - Graphimarket\" \/>\n<meta property=\"og:description\" content=\"SandDust Action\u00a0\u2013 it\u2019s effect with sand particles and rays of light. You can turn on beautiful sky as the background image....\" \/>\n<meta property=\"og:url\" content=\"https:\/\/graphimarket.com\/fr\/product\/sanddust-photoshop-action\/\" \/>\n<meta property=\"og:site_name\" content=\"Graphimarket\" \/>\n<meta property=\"article:modified_time\" content=\"2022-12-11T12:22:48+00:00\" \/>\n<meta property=\"og:image\" content=\"https:\/\/graphimarket.com\/wp-content\/uploads\/2021\/03\/ICON-1.jpg\" \/>\n\t<meta property=\"og:image:width\" content=\"590\" \/>\n\t<meta property=\"og:image:height\" content=\"818\" \/>\n\t<meta property=\"og:image:type\" content=\"image\/jpeg\" \/>\n<meta name=\"twitter:card\" content=\"summary_large_image\" \/>\n<meta name=\"twitter:label1\" content=\"Est. reading time\" \/>\n\t<meta name=\"twitter:data1\" content=\"1 minute\" \/>\n<script type=\"application\/ld+json\" class=\"yoast-schema-graph\">{\"@context\":\"https:\\\/\\\/schema.org\",\"@graph\":[{\"@type\":\"WebPage\",\"@id\":\"https:\\\/\\\/graphimarket.com\\\/product\\\/sanddust-photoshop-action\\\/\",\"url\":\"https:\\\/\\\/graphimarket.com\\\/product\\\/sanddust-photoshop-action\\\/\",\"name\":\"SandDust Photoshop Action - Graphimarket\",\"isPartOf\":{\"@id\":\"https:\\\/\\\/graphimarket.com\\\/fr\\\/#website\"},\"primaryImageOfPage\":{\"@id\":\"https:\\\/\\\/graphimarket.com\\\/product\\\/sanddust-photoshop-action\\\/#primaryimage\"},\"image\":{\"@id\":\"https:\\\/\\\/graphimarket.com\\\/product\\\/sanddust-photoshop-action\\\/#primaryimage\"},\"thumbnailUrl\":\"https:\\\/\\\/graphimarket.com\\\/wp-content\\\/uploads\\\/2021\\\/03\\\/ICON-1.jpg\",\"datePublished\":\"2021-03-18T16:15:27+00:00\",\"dateModified\":\"2022-12-11T12:22:48+00:00\",\"description\":\"SandDust Action\u00a0\u2013 it\u2019s effect with sand particles and rays of light. You can turn on beautiful sky as the background image....\",\"breadcrumb\":{\"@id\":\"https:\\\/\\\/graphimarket.com\\\/product\\\/sanddust-photoshop-action\\\/#breadcrumb\"},\"inLanguage\":\"fr-FR\",\"potentialAction\":[{\"@type\":\"ReadAction\",\"target\":[\"https:\\\/\\\/graphimarket.com\\\/product\\\/sanddust-photoshop-action\\\/\"]}]},{\"@type\":\"ImageObject\",\"inLanguage\":\"fr-FR\",\"@id\":\"https:\\\/\\\/graphimarket.com\\\/product\\\/sanddust-photoshop-action\\\/#primaryimage\",\"url\":\"https:\\\/\\\/graphimarket.com\\\/wp-content\\\/uploads\\\/2021\\\/03\\\/ICON-1.jpg\",\"contentUrl\":\"https:\\\/\\\/graphimarket.com\\\/wp-content\\\/uploads\\\/2021\\\/03\\\/ICON-1.jpg\",\"width\":590,\"height\":818},{\"@type\":\"BreadcrumbList\",\"@id\":\"https:\\\/\\\/graphimarket.com\\\/product\\\/sanddust-photoshop-action\\\/#breadcrumb\",\"itemListElement\":[{\"@type\":\"ListItem\",\"position\":1,\"name\":\"Home\",\"item\":\"https:\\\/\\\/graphimarket.com\\\/es\\\/\"},{\"@type\":\"ListItem\",\"position\":2,\"name\":\"Store\",\"item\":\"https:\\\/\\\/graphimarket.com\\\/store\\\/\"},{\"@type\":\"ListItem\",\"position\":3,\"name\":\"SandDust Photoshop Action\"}]},{\"@type\":\"WebSite\",\"@id\":\"https:\\\/\\\/graphimarket.com\\\/fr\\\/#website\",\"url\":\"https:\\\/\\\/graphimarket.com\\\/fr\\\/\",\"name\":\"Graphimarket\",\"description\":\"Find the perfect creative asset to bring your project to life\",\"publisher\":{\"@id\":\"https:\\\/\\\/graphimarket.com\\\/fr\\\/#organization\"},\"potentialAction\":[{\"@type\":\"SearchAction\",\"target\":{\"@type\":\"EntryPoint\",\"urlTemplate\":\"https:\\\/\\\/graphimarket.com\\\/fr\\\/?s={search_term_string}\"},\"query-input\":{\"@type\":\"PropertyValueSpecification\",\"valueRequired\":true,\"valueName\":\"search_term_string\"}}],\"inLanguage\":\"fr-FR\"},{\"@type\":\"Organization\",\"@id\":\"https:\\\/\\\/graphimarket.com\\\/fr\\\/#organization\",\"name\":\"Graphimarket\",\"url\":\"https:\\\/\\\/graphimarket.com\\\/fr\\\/\",\"logo\":{\"@type\":\"ImageObject\",\"inLanguage\":\"fr-FR\",\"@id\":\"https:\\\/\\\/graphimarket.com\\\/fr\\\/#\\\/schema\\\/logo\\\/image\\\/\",\"url\":\"https:\\\/\\\/graphimarket.com\\\/wp-content\\\/uploads\\\/2020\\\/08\\\/logo-48.png\",\"contentUrl\":\"https:\\\/\\\/graphimarket.com\\\/wp-content\\\/uploads\\\/2020\\\/08\\\/logo-48.png\",\"width\":132,\"height\":48,\"caption\":\"Graphimarket\"},\"image\":{\"@id\":\"https:\\\/\\\/graphimarket.com\\\/fr\\\/#\\\/schema\\\/logo\\\/image\\\/\"}}]}<\/script>\n<!-- \/ Yoast SEO plugin. -->","yoast_head_json":{"title":"Action Photoshop SandDust - Graphimarket","description":"Action de la poussi\u00e8re de sable - c&#039;est un effet avec des particules de sable et des rayons de lumi\u00e8re. Vous pouvez activer le beau ciel comme image d&#039;arri\u00e8re-plan ....","robots":{"index":"index","follow":"follow","max-snippet":"max-snippet:-1","max-image-preview":"max-image-preview:large","max-video-preview":"max-video-preview:-1"},"canonical":"https:\/\/graphimarket.com\/fr\/product\/sanddust-photoshop-action\/","og_locale":"fr_FR","og_type":"article","og_title":"SandDust Photoshop Action - Graphimarket","og_description":"SandDust Action\u00a0\u2013 it\u2019s effect with sand particles and rays of light. You can turn on beautiful sky as the background image....","og_url":"https:\/\/graphimarket.com\/fr\/product\/sanddust-photoshop-action\/","og_site_name":"Graphimarket","article_modified_time":"2022-12-11T12:22:48+00:00","og_image":[{"width":590,"height":818,"url":"https:\/\/graphimarket.com\/wp-content\/uploads\/2021\/03\/ICON-1.jpg","type":"image\/jpeg"}],"twitter_card":"summary_large_image","twitter_misc":{"Est. reading time":"1 minute"},"schema":{"@context":"https:\/\/schema.org","@graph":[{"@type":"WebPage","@id":"https:\/\/graphimarket.com\/product\/sanddust-photoshop-action\/","url":"https:\/\/graphimarket.com\/product\/sanddust-photoshop-action\/","name":"Action Photoshop SandDust - Graphimarket","isPartOf":{"@id":"https:\/\/graphimarket.com\/fr\/#website"},"primaryImageOfPage":{"@id":"https:\/\/graphimarket.com\/product\/sanddust-photoshop-action\/#primaryimage"},"image":{"@id":"https:\/\/graphimarket.com\/product\/sanddust-photoshop-action\/#primaryimage"},"thumbnailUrl":"https:\/\/graphimarket.com\/wp-content\/uploads\/2021\/03\/ICON-1.jpg","datePublished":"2021-03-18T16:15:27+00:00","dateModified":"2022-12-11T12:22:48+00:00","description":"Action de la poussi\u00e8re de sable - c&#039;est un effet avec des particules de sable et des rayons de lumi\u00e8re. Vous pouvez activer le beau ciel comme image d&#039;arri\u00e8re-plan ....","breadcrumb":{"@id":"https:\/\/graphimarket.com\/product\/sanddust-photoshop-action\/#breadcrumb"},"inLanguage":"fr-FR","potentialAction":[{"@type":"ReadAction","target":["https:\/\/graphimarket.com\/product\/sanddust-photoshop-action\/"]}]},{"@type":"ImageObject","inLanguage":"fr-FR","@id":"https:\/\/graphimarket.com\/product\/sanddust-photoshop-action\/#primaryimage","url":"https:\/\/graphimarket.com\/wp-content\/uploads\/2021\/03\/ICON-1.jpg","contentUrl":"https:\/\/graphimarket.com\/wp-content\/uploads\/2021\/03\/ICON-1.jpg","width":590,"height":818},{"@type":"BreadcrumbList","@id":"https:\/\/graphimarket.com\/product\/sanddust-photoshop-action\/#breadcrumb","itemListElement":[{"@type":"ListItem","position":1,"name":"Home","item":"https:\/\/graphimarket.com\/es\/"},{"@type":"ListItem","position":2,"name":"Store","item":"https:\/\/graphimarket.com\/store\/"},{"@type":"ListItem","position":3,"name":"SandDust Photoshop Action"}]},{"@type":"WebSite","@id":"https:\/\/graphimarket.com\/fr\/#website","url":"https:\/\/graphimarket.com\/fr\/","name":"Graphimarket","description":"Trouvez l&#039;atout cr\u00e9atif parfait pour donner vie \u00e0 votre projet","publisher":{"@id":"https:\/\/graphimarket.com\/fr\/#organization"},"potentialAction":[{"@type":"SearchAction","target":{"@type":"EntryPoint","urlTemplate":"https:\/\/graphimarket.com\/fr\/?s={search_term_string}"},"query-input":{"@type":"PropertyValueSpecification","valueRequired":true,"valueName":"search_term_string"}}],"inLanguage":"fr-FR"},{"@type":"Organization","@id":"https:\/\/graphimarket.com\/fr\/#organization","name":"Graphimarket","url":"https:\/\/graphimarket.com\/fr\/","logo":{"@type":"ImageObject","inLanguage":"fr-FR","@id":"https:\/\/graphimarket.com\/fr\/#\/schema\/logo\/image\/","url":"https:\/\/graphimarket.com\/wp-content\/uploads\/2020\/08\/logo-48.png","contentUrl":"https:\/\/graphimarket.com\/wp-content\/uploads\/2020\/08\/logo-48.png","width":132,"height":48,"caption":"Graphimarket"},"image":{"@id":"https:\/\/graphimarket.com\/fr\/#\/schema\/logo\/image\/"}}]}},"_links":{"self":[{"href":"https:\/\/graphimarket.com\/fr\/wp-json\/wp\/v2\/product\/16550","targetHints":{"allow":["GET"]}}],"collection":[{"href":"https:\/\/graphimarket.com\/fr\/wp-json\/wp\/v2\/product"}],"about":[{"href":"https:\/\/graphimarket.com\/fr\/wp-json\/wp\/v2\/types\/product"}],"replies":[{"embeddable":true,"href":"https:\/\/graphimarket.com\/fr\/wp-json\/wp\/v2\/comments?post=16550"}],"version-history":[{"count":0,"href":"https:\/\/graphimarket.com\/fr\/wp-json\/wp\/v2\/product\/16550\/revisions"}],"wp:featuredmedia":[{"embeddable":true,"href":"https:\/\/graphimarket.com\/fr\/wp-json\/wp\/v2\/media\/16552"}],"wp:attachment":[{"href":"https:\/\/graphimarket.com\/fr\/wp-json\/wp\/v2\/media?parent=16550"}],"wp:term":[{"taxonomy":"product_brand","embeddable":true,"href":"https:\/\/graphimarket.com\/fr\/wp-json\/wp\/v2\/product_brand?post=16550"},{"taxonomy":"product_cat","embeddable":true,"href":"https:\/\/graphimarket.com\/fr\/wp-json\/wp\/v2\/product_cat?post=16550"},{"taxonomy":"product_tag","embeddable":true,"href":"https:\/\/graphimarket.com\/fr\/wp-json\/wp\/v2\/product_tag?post=16550"}],"curies":[{"name":"wp","href":"https:\/\/api.w.org\/{rel}","templated":true}]}}