{"id":16765,"date":"2021-03-31T15:06:10","date_gmt":"2021-03-31T13:06:10","guid":{"rendered":"https:\/\/graphimarket.com\/?post_type=product&#038;p=16765"},"modified":"2026-04-08T23:12:40","modified_gmt":"2026-04-08T21:12:40","slug":"animated-snow-photoshop-action","status":"publish","type":"product","link":"https:\/\/graphimarket.com\/fr\/product\/animated-snow-photoshop-action\/","title":{"rendered":"Action Photoshop anim\u00e9e sur la neige"},"content":{"rendered":"<p><strong>Action Photoshop anim\u00e9e sur la neige<\/strong> est un pack contenant 20 effets de neige anim\u00e9s et une action Photoshop pour les placer sur vos images. Les effets de neige anim\u00e9s sont parfaitement boucl\u00e9s (dur\u00e9e 1 seconde) et vont de la neige calme au blizzard. Ils viennent en taille 1920 \u00d7 1080 px.<\/p>\n<p>En utilisant l&#039;action PS int\u00e9gr\u00e9e, vous pouvez placer n&#039;importe quel nombre d&#039;\u00e9l\u00e9ments anim\u00e9s tr\u00e8s facilement sur vos photos et cr\u00e9er des animations en boucle d&#039;une seconde qui peuvent \u00eatre export\u00e9es sous forme de GIF anim\u00e9 ou de vid\u00e9o.<\/p>\n<p>Veuillez vous assurer que le panneau Chronologie\/Animation est disponible.<\/p>\n<h2 id=\"item-description__features\">Fonctionnalit\u00e9s<\/h2>\n<ul>\n<li>20 effets de neige r\u00e9alistes<\/li>\n<li>1 seconde boucle anim\u00e9e - r\u00e9p\u00e9ter de fa\u00e7on transparente<\/li>\n<li>Livr\u00e9 avec l&#039;action Photoshop - placez facilement plusieurs effets dans une sc\u00e8ne<\/li>\n<li>Rendu en 3D<\/li>\n<li>Taille Full HD<\/li>\n<li>Enregistrer en tant que GIF anim\u00e9 en boucle ou rendre en vid\u00e9o<\/li>\n<\/ul>\n<p><img fetchpriority=\"high\" decoding=\"async\" class=\"alignnone size-full wp-image-16766\" src=\"https:\/\/graphimarket.com\/wp-content\/uploads\/2021\/03\/68747470733a2f2f73322e67696679752e636f6d2f696d616765732f616e696d617465645f736e6f775f6566666563745f70686f746f73686f705f342e676966.gif\" alt=\"\" width=\"590\" height=\"404\" \/> <img decoding=\"async\" class=\"alignnone size-full wp-image-16767\" src=\"https:\/\/graphimarket.com\/wp-content\/uploads\/2021\/03\/68747470733a2f2f73322e67696679752e636f6d2f696d616765732f616e696d617465645f736e6f775f6566666563745f70686f746f73686f705f352e676966.gif\" alt=\"\" width=\"590\" height=\"332\" \/> <img decoding=\"async\" class=\"alignnone size-full wp-image-16768\" src=\"https:\/\/graphimarket.com\/wp-content\/uploads\/2021\/03\/68747470733a2f2f73322e67696679752e636f6d2f696d616765732f616e696d617465645f736e6f775f6566666563745f70686f746f73686f705f362e676966.gif\" alt=\"\" width=\"590\" height=\"391\" \/> <img loading=\"lazy\" decoding=\"async\" class=\"alignnone size-full wp-image-16769\" src=\"https:\/\/graphimarket.com\/wp-content\/uploads\/2021\/03\/68747470733a2f2f73322e67696679752e636f6d2f696d616765732f616e696d617465645f736e6f775f6566666563745f70686f746f73686f705f372e676966.gif\" alt=\"\" width=\"590\" height=\"410\" \/> <img loading=\"lazy\" decoding=\"async\" class=\"alignnone size-full wp-image-16770\" src=\"https:\/\/graphimarket.com\/wp-content\/uploads\/2021\/03\/68747470733a2f2f73322e67696679752e636f6d2f696d616765732f616e696d617465645f736e6f775f6566666563745f70686f746f73686f705f382e676966.gif\" alt=\"\" width=\"590\" height=\"332\" \/> <img loading=\"lazy\" decoding=\"async\" class=\"alignnone size-full wp-image-16771\" src=\"https:\/\/graphimarket.com\/wp-content\/uploads\/2021\/03\/68747470733a2f2f73322e67696679752e636f6d2f696d616765732f616e696d617465645f736e6f775f6566666563745f70686f746f73686f705f392e676966.gif\" alt=\"\" width=\"590\" height=\"332\" \/> <img loading=\"lazy\" decoding=\"async\" class=\"alignnone size-full wp-image-16772\" src=\"https:\/\/graphimarket.com\/wp-content\/uploads\/2021\/03\/68747470733a2f2f73322e67696679752e636f6d2f696d616765732f616e696d617465645f736e6f775f6566666563745f70686f746f73686f705f31302e676966.gif\" alt=\"\" width=\"590\" height=\"458\" \/> <img loading=\"lazy\" decoding=\"async\" class=\"alignnone size-full wp-image-16773\" src=\"https:\/\/graphimarket.com\/wp-content\/uploads\/2021\/03\/68747470733a2f2f73322e67696679752e636f6d2f696d616765732f616e696d617465645f736e6f775f6566666563745f70686f746f73686f705f31312e676966.gif\" alt=\"\" width=\"590\" height=\"332\" \/> <img loading=\"lazy\" decoding=\"async\" class=\"alignnone size-full wp-image-16774\" src=\"https:\/\/graphimarket.com\/wp-content\/uploads\/2021\/03\/68747470733a2f2f73322e67696679752e636f6d2f696d616765732f616e696d617465645f736e6f775f6566666563745f70686f746f73686f705f312e676966.gif\" alt=\"\" width=\"590\" height=\"332\" \/> <img loading=\"lazy\" decoding=\"async\" class=\"alignnone size-full wp-image-16775\" src=\"https:\/\/graphimarket.com\/wp-content\/uploads\/2021\/03\/68747470733a2f2f73322e67696679752e636f6d2f696d616765732f616e696d617465645f736e6f775f6566666563745f70686f746f73686f705f322e676966.gif\" alt=\"\" width=\"590\" height=\"435\" \/> <img loading=\"lazy\" decoding=\"async\" class=\"alignnone size-full wp-image-16776\" src=\"https:\/\/graphimarket.com\/wp-content\/uploads\/2021\/03\/68747470733a2f2f73322e67696679752e636f6d2f696d616765732f616e696d617465645f736e6f775f6566666563745f70686f746f73686f705f335f312e676966.gif\" alt=\"\" width=\"590\" height=\"798\" \/><\/p>\n<div class=\"ast-oembed-container\" style=\"height: 100%;\"><iframe title=\"Vitrine anim\u00e9e d&#039;action de Photoshop de neige\" width=\"500\" height=\"281\" src=\"https:\/\/www.youtube.com\/embed\/Gp4f5wXK0hY?feature=oembed\" frameborder=\"0\" allow=\"accelerometer; autoplay; clipboard-write; encrypted-media; gyroscope; picture-in-picture; web-share\" referrerpolicy=\"strict-origin-when-cross-origin\" allowfullscreen><\/iframe><\/div>\n<p>&nbsp;<\/p>","protected":false},"excerpt":{"rendered":"<p>Animated Snow Photoshop Action is a pack containing 20 animated snow effects and a Photoshop action to place them over your images. The animated snow effects are perfectly looping (1 second duration) and range from calm snow to blizzard. They come in 1920\u00d71080 px size. Using the built-in PS action you can place any number [&hellip;]<\/p>\n","protected":false},"featured_media":16768,"comment_status":"open","ping_status":"closed","template":"","meta":{"site-sidebar-layout":"default","site-content-layout":"default","ast-site-content-layout":"default","site-content-style":"default","site-sidebar-style":"default","ast-global-header-display":"","ast-banner-title-visibility":"","ast-main-header-display":"","ast-hfb-above-header-display":"","ast-hfb-below-header-display":"","ast-hfb-mobile-header-display":"","site-post-title":"","ast-breadcrumbs-content":"","ast-featured-img":"","footer-sml-layout":"","ast-disable-related-posts":"","theme-transparent-header-meta":"default","adv-header-id-meta":"","stick-header-meta":"","header-above-stick-meta":"","header-main-stick-meta":"","header-below-stick-meta":"","astra-migrate-meta-layouts":"default","ast-page-background-enabled":"default","ast-page-background-meta":{"desktop":{"background-color":"","background-image":"","background-repeat":"repeat","background-position":"center center","background-size":"auto","background-attachment":"scroll","background-type":"","background-media":"","overlay-type":"","overlay-color":"","overlay-opacity":"","overlay-gradient":""},"tablet":{"background-color":"","background-image":"","background-repeat":"repeat","background-position":"center center","background-size":"auto","background-attachment":"scroll","background-type":"","background-media":"","overlay-type":"","overlay-color":"","overlay-opacity":"","overlay-gradient":""},"mobile":{"background-color":"","background-image":"","background-repeat":"repeat","background-position":"center center","background-size":"auto","background-attachment":"scroll","background-type":"","background-media":"","overlay-type":"","overlay-color":"","overlay-opacity":"","overlay-gradient":""}},"ast-content-background-meta":{"desktop":{"background-color":"var(--ast-global-color-5)","background-image":"","background-repeat":"repeat","background-position":"center center","background-size":"auto","background-attachment":"scroll","background-type":"","background-media":"","overlay-type":"","overlay-color":"","overlay-opacity":"","overlay-gradient":""},"tablet":{"background-color":"var(--ast-global-color-5)","background-image":"","background-repeat":"repeat","background-position":"center center","background-size":"auto","background-attachment":"scroll","background-type":"","background-media":"","overlay-type":"","overlay-color":"","overlay-opacity":"","overlay-gradient":""},"mobile":{"background-color":"var(--ast-global-color-5)","background-image":"","background-repeat":"repeat","background-position":"center center","background-size":"auto","background-attachment":"scroll","background-type":"","background-media":"","overlay-type":"","overlay-color":"","overlay-opacity":"","overlay-gradient":""}}},"product_brand":[],"product_cat":[196,15,144,145,195,146],"product_tag":[292,1386,280,531,1936,284,62,1799,489,362],"class_list":{"0":"post-16765","1":"product","2":"type-product","3":"status-publish","4":"has-post-thumbnail","6":"product_cat-actions","7":"product_cat-photo","8":"product_cat-photo-editor","9":"product_cat-photography","10":"product_cat-photoshop","11":"product_cat-photoshop-action","12":"product_tag-action","13":"product_tag-adobe","14":"product_tag-animated","15":"product_tag-cc","16":"product_tag-cs","17":"product_tag-gif","18":"product_tag-photoshop","19":"product_tag-photoshop-action","20":"product_tag-realistic","21":"product_tag-snow","22":"desktop-align-left","23":"tablet-align-left","24":"mobile-align-left","26":"first","27":"instock","28":"sale","29":"downloadable","30":"virtual","31":"taxable","32":"purchasable","33":"product-type-simple"},"yoast_head":"<!-- This site is optimized with the Yoast SEO plugin v27.3 - https:\/\/yoast.com\/product\/yoast-seo-wordpress\/ -->\n<title>Animated Snow Photoshop Action - Graphimarket<\/title>\n<meta name=\"description\" content=\"Animated Snow Photoshop Action is a pack containing 20 animated snow effects and a Photoshop action to place them over your images...\" \/>\n<meta name=\"robots\" content=\"index, follow, max-snippet:-1, max-image-preview:large, max-video-preview:-1\" \/>\n<link rel=\"canonical\" href=\"https:\/\/graphimarket.com\/fr\/product\/animated-snow-photoshop-action\/\" \/>\n<meta property=\"og:locale\" content=\"fr_FR\" \/>\n<meta property=\"og:type\" content=\"article\" \/>\n<meta property=\"og:title\" content=\"Animated Snow Photoshop Action - Graphimarket\" \/>\n<meta property=\"og:description\" content=\"Animated Snow Photoshop Action is a pack containing 20 animated snow effects and a Photoshop action to place them over your images...\" \/>\n<meta property=\"og:url\" content=\"https:\/\/graphimarket.com\/fr\/product\/animated-snow-photoshop-action\/\" \/>\n<meta property=\"og:site_name\" content=\"Graphimarket\" \/>\n<meta property=\"article:modified_time\" content=\"2026-04-08T21:12:40+00:00\" \/>\n<meta property=\"og:image\" content=\"https:\/\/graphimarket.com\/wp-content\/uploads\/2021\/03\/68747470733a2f2f73322e67696679752e636f6d2f696d616765732f616e696d617465645f736e6f775f6566666563745f70686f746f73686f705f362e676966.gif\" \/>\n\t<meta property=\"og:image:width\" content=\"590\" \/>\n\t<meta property=\"og:image:height\" content=\"391\" \/>\n\t<meta property=\"og:image:type\" content=\"image\/gif\" \/>\n<meta name=\"twitter:card\" content=\"summary_large_image\" \/>\n<meta name=\"twitter:label1\" content=\"Est. reading time\" \/>\n\t<meta name=\"twitter:data1\" content=\"1 minute\" \/>\n<script type=\"application\/ld+json\" class=\"yoast-schema-graph\">{\"@context\":\"https:\\\/\\\/schema.org\",\"@graph\":[{\"@type\":\"WebPage\",\"@id\":\"https:\\\/\\\/graphimarket.com\\\/product\\\/animated-snow-photoshop-action\\\/\",\"url\":\"https:\\\/\\\/graphimarket.com\\\/product\\\/animated-snow-photoshop-action\\\/\",\"name\":\"Animated Snow Photoshop Action - Graphimarket\",\"isPartOf\":{\"@id\":\"https:\\\/\\\/graphimarket.com\\\/fr\\\/#website\"},\"primaryImageOfPage\":{\"@id\":\"https:\\\/\\\/graphimarket.com\\\/product\\\/animated-snow-photoshop-action\\\/#primaryimage\"},\"image\":{\"@id\":\"https:\\\/\\\/graphimarket.com\\\/product\\\/animated-snow-photoshop-action\\\/#primaryimage\"},\"thumbnailUrl\":\"https:\\\/\\\/graphimarket.com\\\/wp-content\\\/uploads\\\/2021\\\/03\\\/68747470733a2f2f73322e67696679752e636f6d2f696d616765732f616e696d617465645f736e6f775f6566666563745f70686f746f73686f705f362e676966.gif\",\"datePublished\":\"2021-03-31T13:06:10+00:00\",\"dateModified\":\"2026-04-08T21:12:40+00:00\",\"description\":\"Animated Snow Photoshop Action is a pack containing 20 animated snow effects and a Photoshop action to place them over your images...\",\"breadcrumb\":{\"@id\":\"https:\\\/\\\/graphimarket.com\\\/product\\\/animated-snow-photoshop-action\\\/#breadcrumb\"},\"inLanguage\":\"fr-FR\",\"potentialAction\":[{\"@type\":\"ReadAction\",\"target\":[\"https:\\\/\\\/graphimarket.com\\\/product\\\/animated-snow-photoshop-action\\\/\"]}]},{\"@type\":\"ImageObject\",\"inLanguage\":\"fr-FR\",\"@id\":\"https:\\\/\\\/graphimarket.com\\\/product\\\/animated-snow-photoshop-action\\\/#primaryimage\",\"url\":\"https:\\\/\\\/graphimarket.com\\\/wp-content\\\/uploads\\\/2021\\\/03\\\/68747470733a2f2f73322e67696679752e636f6d2f696d616765732f616e696d617465645f736e6f775f6566666563745f70686f746f73686f705f362e676966.gif\",\"contentUrl\":\"https:\\\/\\\/graphimarket.com\\\/wp-content\\\/uploads\\\/2021\\\/03\\\/68747470733a2f2f73322e67696679752e636f6d2f696d616765732f616e696d617465645f736e6f775f6566666563745f70686f746f73686f705f362e676966.gif\",\"width\":590,\"height\":391},{\"@type\":\"BreadcrumbList\",\"@id\":\"https:\\\/\\\/graphimarket.com\\\/product\\\/animated-snow-photoshop-action\\\/#breadcrumb\",\"itemListElement\":[{\"@type\":\"ListItem\",\"position\":1,\"name\":\"Home\",\"item\":\"https:\\\/\\\/graphimarket.com\\\/es\\\/\"},{\"@type\":\"ListItem\",\"position\":2,\"name\":\"Store\",\"item\":\"https:\\\/\\\/graphimarket.com\\\/store\\\/\"},{\"@type\":\"ListItem\",\"position\":3,\"name\":\"Animated Snow Photoshop Action\"}]},{\"@type\":\"WebSite\",\"@id\":\"https:\\\/\\\/graphimarket.com\\\/fr\\\/#website\",\"url\":\"https:\\\/\\\/graphimarket.com\\\/fr\\\/\",\"name\":\"Graphimarket\",\"description\":\"Find the perfect creative asset to bring your project to life\",\"publisher\":{\"@id\":\"https:\\\/\\\/graphimarket.com\\\/fr\\\/#organization\"},\"potentialAction\":[{\"@type\":\"SearchAction\",\"target\":{\"@type\":\"EntryPoint\",\"urlTemplate\":\"https:\\\/\\\/graphimarket.com\\\/fr\\\/?s={search_term_string}\"},\"query-input\":{\"@type\":\"PropertyValueSpecification\",\"valueRequired\":true,\"valueName\":\"search_term_string\"}}],\"inLanguage\":\"fr-FR\"},{\"@type\":\"Organization\",\"@id\":\"https:\\\/\\\/graphimarket.com\\\/fr\\\/#organization\",\"name\":\"Graphimarket\",\"url\":\"https:\\\/\\\/graphimarket.com\\\/fr\\\/\",\"logo\":{\"@type\":\"ImageObject\",\"inLanguage\":\"fr-FR\",\"@id\":\"https:\\\/\\\/graphimarket.com\\\/fr\\\/#\\\/schema\\\/logo\\\/image\\\/\",\"url\":\"https:\\\/\\\/graphimarket.com\\\/wp-content\\\/uploads\\\/2020\\\/08\\\/logo-48.png\",\"contentUrl\":\"https:\\\/\\\/graphimarket.com\\\/wp-content\\\/uploads\\\/2020\\\/08\\\/logo-48.png\",\"width\":132,\"height\":48,\"caption\":\"Graphimarket\"},\"image\":{\"@id\":\"https:\\\/\\\/graphimarket.com\\\/fr\\\/#\\\/schema\\\/logo\\\/image\\\/\"}}]}<\/script>\n<!-- \/ Yoast SEO plugin. -->","yoast_head_json":{"title":"Action Photoshop Neige Anim\u00e9e - Graphimarket","description":"Animated Snow Photoshop Action est un pack contenant 20 effets de neige anim\u00e9s et une action Photoshop pour les placer sur vos images...","robots":{"index":"index","follow":"follow","max-snippet":"max-snippet:-1","max-image-preview":"max-image-preview:large","max-video-preview":"max-video-preview:-1"},"canonical":"https:\/\/graphimarket.com\/fr\/product\/animated-snow-photoshop-action\/","og_locale":"fr_FR","og_type":"article","og_title":"Animated Snow Photoshop Action - Graphimarket","og_description":"Animated Snow Photoshop Action is a pack containing 20 animated snow effects and a Photoshop action to place them over your images...","og_url":"https:\/\/graphimarket.com\/fr\/product\/animated-snow-photoshop-action\/","og_site_name":"Graphimarket","article_modified_time":"2026-04-08T21:12:40+00:00","og_image":[{"width":590,"height":391,"url":"https:\/\/graphimarket.com\/wp-content\/uploads\/2021\/03\/68747470733a2f2f73322e67696679752e636f6d2f696d616765732f616e696d617465645f736e6f775f6566666563745f70686f746f73686f705f362e676966.gif","type":"image\/gif"}],"twitter_card":"summary_large_image","twitter_misc":{"Est. reading time":"1 minute"},"schema":{"@context":"https:\/\/schema.org","@graph":[{"@type":"WebPage","@id":"https:\/\/graphimarket.com\/product\/animated-snow-photoshop-action\/","url":"https:\/\/graphimarket.com\/product\/animated-snow-photoshop-action\/","name":"Action Photoshop Neige Anim\u00e9e - Graphimarket","isPartOf":{"@id":"https:\/\/graphimarket.com\/fr\/#website"},"primaryImageOfPage":{"@id":"https:\/\/graphimarket.com\/product\/animated-snow-photoshop-action\/#primaryimage"},"image":{"@id":"https:\/\/graphimarket.com\/product\/animated-snow-photoshop-action\/#primaryimage"},"thumbnailUrl":"https:\/\/graphimarket.com\/wp-content\/uploads\/2021\/03\/68747470733a2f2f73322e67696679752e636f6d2f696d616765732f616e696d617465645f736e6f775f6566666563745f70686f746f73686f705f362e676966.gif","datePublished":"2021-03-31T13:06:10+00:00","dateModified":"2026-04-08T21:12:40+00:00","description":"Animated Snow Photoshop Action est un pack contenant 20 effets de neige anim\u00e9s et une action Photoshop pour les placer sur vos images...","breadcrumb":{"@id":"https:\/\/graphimarket.com\/product\/animated-snow-photoshop-action\/#breadcrumb"},"inLanguage":"fr-FR","potentialAction":[{"@type":"ReadAction","target":["https:\/\/graphimarket.com\/product\/animated-snow-photoshop-action\/"]}]},{"@type":"ImageObject","inLanguage":"fr-FR","@id":"https:\/\/graphimarket.com\/product\/animated-snow-photoshop-action\/#primaryimage","url":"https:\/\/graphimarket.com\/wp-content\/uploads\/2021\/03\/68747470733a2f2f73322e67696679752e636f6d2f696d616765732f616e696d617465645f736e6f775f6566666563745f70686f746f73686f705f362e676966.gif","contentUrl":"https:\/\/graphimarket.com\/wp-content\/uploads\/2021\/03\/68747470733a2f2f73322e67696679752e636f6d2f696d616765732f616e696d617465645f736e6f775f6566666563745f70686f746f73686f705f362e676966.gif","width":590,"height":391},{"@type":"BreadcrumbList","@id":"https:\/\/graphimarket.com\/product\/animated-snow-photoshop-action\/#breadcrumb","itemListElement":[{"@type":"ListItem","position":1,"name":"Home","item":"https:\/\/graphimarket.com\/es\/"},{"@type":"ListItem","position":2,"name":"Store","item":"https:\/\/graphimarket.com\/store\/"},{"@type":"ListItem","position":3,"name":"Animated Snow Photoshop Action"}]},{"@type":"WebSite","@id":"https:\/\/graphimarket.com\/fr\/#website","url":"https:\/\/graphimarket.com\/fr\/","name":"Graphimarket","description":"Trouvez l&#039;atout cr\u00e9atif parfait pour donner vie \u00e0 votre projet","publisher":{"@id":"https:\/\/graphimarket.com\/fr\/#organization"},"potentialAction":[{"@type":"SearchAction","target":{"@type":"EntryPoint","urlTemplate":"https:\/\/graphimarket.com\/fr\/?s={search_term_string}"},"query-input":{"@type":"PropertyValueSpecification","valueRequired":true,"valueName":"search_term_string"}}],"inLanguage":"fr-FR"},{"@type":"Organization","@id":"https:\/\/graphimarket.com\/fr\/#organization","name":"Graphimarket","url":"https:\/\/graphimarket.com\/fr\/","logo":{"@type":"ImageObject","inLanguage":"fr-FR","@id":"https:\/\/graphimarket.com\/fr\/#\/schema\/logo\/image\/","url":"https:\/\/graphimarket.com\/wp-content\/uploads\/2020\/08\/logo-48.png","contentUrl":"https:\/\/graphimarket.com\/wp-content\/uploads\/2020\/08\/logo-48.png","width":132,"height":48,"caption":"Graphimarket"},"image":{"@id":"https:\/\/graphimarket.com\/fr\/#\/schema\/logo\/image\/"}}]}},"_links":{"self":[{"href":"https:\/\/graphimarket.com\/fr\/wp-json\/wp\/v2\/product\/16765","targetHints":{"allow":["GET"]}}],"collection":[{"href":"https:\/\/graphimarket.com\/fr\/wp-json\/wp\/v2\/product"}],"about":[{"href":"https:\/\/graphimarket.com\/fr\/wp-json\/wp\/v2\/types\/product"}],"replies":[{"embeddable":true,"href":"https:\/\/graphimarket.com\/fr\/wp-json\/wp\/v2\/comments?post=16765"}],"version-history":[{"count":0,"href":"https:\/\/graphimarket.com\/fr\/wp-json\/wp\/v2\/product\/16765\/revisions"}],"wp:featuredmedia":[{"embeddable":true,"href":"https:\/\/graphimarket.com\/fr\/wp-json\/wp\/v2\/media\/16768"}],"wp:attachment":[{"href":"https:\/\/graphimarket.com\/fr\/wp-json\/wp\/v2\/media?parent=16765"}],"wp:term":[{"taxonomy":"product_brand","embeddable":true,"href":"https:\/\/graphimarket.com\/fr\/wp-json\/wp\/v2\/product_brand?post=16765"},{"taxonomy":"product_cat","embeddable":true,"href":"https:\/\/graphimarket.com\/fr\/wp-json\/wp\/v2\/product_cat?post=16765"},{"taxonomy":"product_tag","embeddable":true,"href":"https:\/\/graphimarket.com\/fr\/wp-json\/wp\/v2\/product_tag?post=16765"}],"curies":[{"name":"wp","href":"https:\/\/api.w.org\/{rel}","templated":true}]}}