{"id":16867,"date":"2021-03-31T17:22:51","date_gmt":"2021-03-31T15:22:51","guid":{"rendered":"https:\/\/graphimarket.com\/?post_type=product&#038;p=16867"},"modified":"2021-03-31T17:22:51","modified_gmt":"2021-03-31T15:22:51","slug":"photomosaic-generator-photoshop-extension","status":"publish","type":"product","link":"https:\/\/graphimarket.com\/fr\/product\/photomosaic-generator-photoshop-extension\/","title":{"rendered":"G\u00e9n\u00e9rateur PhotoMosaic - Extension Photoshop"},"content":{"rendered":"<h1>G\u00e9n\u00e9rateur PhotoMosaic - Extension Photoshop<\/h1>\n<p><strong>PhotoMosaic Generator<\/strong>\u00a0is a Photoshop extension which creates real photographic mosaics \u2013 many pictures (textures) are arranged and resized so they resemble another picture. It is a form of photo collage.<\/p>\n<p>What is a real photographic mosaic? It is a mosaic where the main image is constructed only out of smaller images (textures). Fake mosaics have the main image blended over a grid of textures.<\/p>\n<p>Creating a real photographic mosaic manually is an extremely laborious task even for the professionals: the scene must be deconstructed into a matrix of areas (squares or \u201ccells\u201d) with higher and lower detail \u2013 areas of higher detail will need to display many more images(textures) but smaller, than areas of lower detail.<\/p>\n<p>Each cell of the matrix (could be thousands or tens of thousands) must be filled with the most similar texture (out of a collection of textures). If the best suited texture available is not a perfect match in terms of colors\/brightness, it must be adjusted.<\/p>\n<p>PhotoMosaic Generator does all these automatically.<\/p>\n<p>This extension requires Photoshop CC 2015.5 and Oil Paint Filter available (present by default).<\/p>\n<p><img decoding=\"async\" src=\"https:\/\/graphimarket.com\/wp-content\/uploads\/2021\/03\/photomosaic-generator-preview-photoshop-extensionplugin.jpg\" \/><\/p>","protected":false},"excerpt":{"rendered":"<p>PhotoMosaic Generator &#8211; Photoshop Extension PhotoMosaic Generator\u00a0is a Photoshop extension which creates real photographic mosaics \u2013 many pictures (textures) are arranged and resized so they resemble another picture. It is a form of photo collage. What is a real photographic mosaic? It is a mosaic where the main image is constructed only out of smaller [&hellip;]<\/p>\n","protected":false},"featured_media":16869,"comment_status":"open","ping_status":"closed","template":"","meta":{"site-sidebar-layout":"default","site-content-layout":"default","ast-site-content-layout":"default","site-content-style":"default","site-sidebar-style":"default","ast-global-header-display":"","ast-banner-title-visibility":"","ast-main-header-display":"","ast-hfb-above-header-display":"","ast-hfb-below-header-display":"","ast-hfb-mobile-header-display":"","site-post-title":"","ast-breadcrumbs-content":"","ast-featured-img":"","footer-sml-layout":"","ast-disable-related-posts":"","theme-transparent-header-meta":"default","adv-header-id-meta":"","stick-header-meta":"","header-above-stick-meta":"","header-main-stick-meta":"","header-below-stick-meta":"","astra-migrate-meta-layouts":"default","ast-page-background-enabled":"default","ast-page-background-meta":{"desktop":{"background-color":"","background-image":"","background-repeat":"repeat","background-position":"center center","background-size":"auto","background-attachment":"scroll","background-type":"","background-media":"","overlay-type":"","overlay-color":"","overlay-opacity":"","overlay-gradient":""},"tablet":{"background-color":"","background-image":"","background-repeat":"repeat","background-position":"center center","background-size":"auto","background-attachment":"scroll","background-type":"","background-media":"","overlay-type":"","overlay-color":"","overlay-opacity":"","overlay-gradient":""},"mobile":{"background-color":"","background-image":"","background-repeat":"repeat","background-position":"center center","background-size":"auto","background-attachment":"scroll","background-type":"","background-media":"","overlay-type":"","overlay-color":"","overlay-opacity":"","overlay-gradient":""}},"ast-content-background-meta":{"desktop":{"background-color":"var(--ast-global-color-5)","background-image":"","background-repeat":"repeat","background-position":"center center","background-size":"auto","background-attachment":"scroll","background-type":"","background-media":"","overlay-type":"","overlay-color":"","overlay-opacity":"","overlay-gradient":""},"tablet":{"background-color":"var(--ast-global-color-5)","background-image":"","background-repeat":"repeat","background-position":"center center","background-size":"auto","background-attachment":"scroll","background-type":"","background-media":"","overlay-type":"","overlay-color":"","overlay-opacity":"","overlay-gradient":""},"mobile":{"background-color":"var(--ast-global-color-5)","background-image":"","background-repeat":"repeat","background-position":"center center","background-size":"auto","background-attachment":"scroll","background-type":"","background-media":"","overlay-type":"","overlay-color":"","overlay-opacity":"","overlay-gradient":""}}},"product_brand":[],"product_cat":[196,15,144,145,195,146],"product_tag":[1386,531,1936,1958,303,1957,62],"class_list":{"0":"post-16867","1":"product","2":"type-product","3":"status-publish","4":"has-post-thumbnail","6":"product_cat-actions","7":"product_cat-photo","8":"product_cat-photo-editor","9":"product_cat-photography","10":"product_cat-photoshop","11":"product_cat-photoshop-action","12":"product_tag-adobe","13":"product_tag-cc","14":"product_tag-cs","15":"product_tag-extension","16":"product_tag-generator","17":"product_tag-photomosaic","18":"product_tag-photoshop","19":"desktop-align-left","20":"tablet-align-left","21":"mobile-align-left","23":"first","24":"instock","25":"sale","26":"downloadable","27":"virtual","28":"taxable","29":"purchasable","30":"product-type-simple"},"yoast_head":"<!-- This site is optimized with the Yoast SEO plugin v27.3 - https:\/\/yoast.com\/product\/yoast-seo-wordpress\/ -->\n<title>PhotoMosaic Generator - Photoshop Extension - Graphimarket<\/title>\n<meta name=\"description\" content=\"PhotoMosaic Generator\u00a0is a Photoshop extension which creates real photographic mosaics \u2013 many pictures (textures)...\" \/>\n<meta name=\"robots\" content=\"index, follow, max-snippet:-1, max-image-preview:large, max-video-preview:-1\" \/>\n<link rel=\"canonical\" href=\"http:\/\/graphimarket.com\/fr\/product\/photomosaic-generator-photoshop-extension\/\" \/>\n<meta property=\"og:locale\" content=\"fr_FR\" \/>\n<meta property=\"og:type\" content=\"article\" \/>\n<meta property=\"og:title\" content=\"PhotoMosaic Generator - Photoshop Extension - Graphimarket\" \/>\n<meta property=\"og:description\" content=\"PhotoMosaic Generator\u00a0is a Photoshop extension which creates real photographic mosaics \u2013 many pictures (textures)...\" \/>\n<meta property=\"og:url\" content=\"http:\/\/graphimarket.com\/fr\/product\/photomosaic-generator-photoshop-extension\/\" \/>\n<meta property=\"og:site_name\" content=\"Graphimarket\" \/>\n<meta property=\"og:image\" content=\"https:\/\/graphimarket.com\/wp-content\/uploads\/2021\/03\/icon-9.jpg\" \/>\n\t<meta property=\"og:image:width\" content=\"590\" \/>\n\t<meta property=\"og:image:height\" content=\"664\" \/>\n\t<meta property=\"og:image:type\" content=\"image\/jpeg\" \/>\n<meta name=\"twitter:card\" content=\"summary_large_image\" \/>\n<meta name=\"twitter:label1\" content=\"Est. reading time\" \/>\n\t<meta name=\"twitter:data1\" content=\"1 minute\" \/>\n<script type=\"application\/ld+json\" class=\"yoast-schema-graph\">{\"@context\":\"https:\\\/\\\/schema.org\",\"@graph\":[{\"@type\":\"WebPage\",\"@id\":\"http:\\\/\\\/graphimarket.com\\\/ja\\\/product\\\/photomosaic-generator-photoshop-extension\\\/\",\"url\":\"http:\\\/\\\/graphimarket.com\\\/ja\\\/product\\\/photomosaic-generator-photoshop-extension\\\/\",\"name\":\"PhotoMosaic Generator - Photoshop Extension - Graphimarket\",\"isPartOf\":{\"@id\":\"https:\\\/\\\/graphimarket.com\\\/fr\\\/#website\"},\"primaryImageOfPage\":{\"@id\":\"http:\\\/\\\/graphimarket.com\\\/ja\\\/product\\\/photomosaic-generator-photoshop-extension\\\/#primaryimage\"},\"image\":{\"@id\":\"http:\\\/\\\/graphimarket.com\\\/ja\\\/product\\\/photomosaic-generator-photoshop-extension\\\/#primaryimage\"},\"thumbnailUrl\":\"https:\\\/\\\/graphimarket.com\\\/wp-content\\\/uploads\\\/2021\\\/03\\\/icon-9.jpg\",\"datePublished\":\"2021-03-31T15:22:51+00:00\",\"description\":\"PhotoMosaic Generator\u00a0is a Photoshop extension which creates real photographic mosaics \u2013 many pictures (textures)...\",\"breadcrumb\":{\"@id\":\"http:\\\/\\\/graphimarket.com\\\/ja\\\/product\\\/photomosaic-generator-photoshop-extension\\\/#breadcrumb\"},\"inLanguage\":\"fr-FR\",\"potentialAction\":[{\"@type\":\"ReadAction\",\"target\":[\"http:\\\/\\\/graphimarket.com\\\/ja\\\/product\\\/photomosaic-generator-photoshop-extension\\\/\"]}]},{\"@type\":\"ImageObject\",\"inLanguage\":\"fr-FR\",\"@id\":\"http:\\\/\\\/graphimarket.com\\\/ja\\\/product\\\/photomosaic-generator-photoshop-extension\\\/#primaryimage\",\"url\":\"https:\\\/\\\/graphimarket.com\\\/wp-content\\\/uploads\\\/2021\\\/03\\\/icon-9.jpg\",\"contentUrl\":\"https:\\\/\\\/graphimarket.com\\\/wp-content\\\/uploads\\\/2021\\\/03\\\/icon-9.jpg\",\"width\":590,\"height\":664},{\"@type\":\"BreadcrumbList\",\"@id\":\"http:\\\/\\\/graphimarket.com\\\/ja\\\/product\\\/photomosaic-generator-photoshop-extension\\\/#breadcrumb\",\"itemListElement\":[{\"@type\":\"ListItem\",\"position\":1,\"name\":\"Home\",\"item\":\"https:\\\/\\\/graphimarket.com\\\/es\\\/\"},{\"@type\":\"ListItem\",\"position\":2,\"name\":\"Store\",\"item\":\"https:\\\/\\\/graphimarket.com\\\/store\\\/\"},{\"@type\":\"ListItem\",\"position\":3,\"name\":\"PhotoMosaic Generator &#8211; Photoshop Extension\"}]},{\"@type\":\"WebSite\",\"@id\":\"https:\\\/\\\/graphimarket.com\\\/fr\\\/#website\",\"url\":\"https:\\\/\\\/graphimarket.com\\\/fr\\\/\",\"name\":\"Graphimarket\",\"description\":\"Find the perfect creative asset to bring your project to life\",\"publisher\":{\"@id\":\"https:\\\/\\\/graphimarket.com\\\/fr\\\/#organization\"},\"potentialAction\":[{\"@type\":\"SearchAction\",\"target\":{\"@type\":\"EntryPoint\",\"urlTemplate\":\"https:\\\/\\\/graphimarket.com\\\/fr\\\/?s={search_term_string}\"},\"query-input\":{\"@type\":\"PropertyValueSpecification\",\"valueRequired\":true,\"valueName\":\"search_term_string\"}}],\"inLanguage\":\"fr-FR\"},{\"@type\":\"Organization\",\"@id\":\"https:\\\/\\\/graphimarket.com\\\/fr\\\/#organization\",\"name\":\"Graphimarket\",\"url\":\"https:\\\/\\\/graphimarket.com\\\/fr\\\/\",\"logo\":{\"@type\":\"ImageObject\",\"inLanguage\":\"fr-FR\",\"@id\":\"https:\\\/\\\/graphimarket.com\\\/fr\\\/#\\\/schema\\\/logo\\\/image\\\/\",\"url\":\"https:\\\/\\\/graphimarket.com\\\/wp-content\\\/uploads\\\/2020\\\/08\\\/logo-48.png\",\"contentUrl\":\"https:\\\/\\\/graphimarket.com\\\/wp-content\\\/uploads\\\/2020\\\/08\\\/logo-48.png\",\"width\":132,\"height\":48,\"caption\":\"Graphimarket\"},\"image\":{\"@id\":\"https:\\\/\\\/graphimarket.com\\\/fr\\\/#\\\/schema\\\/logo\\\/image\\\/\"}}]}<\/script>\n<!-- \/ Yoast SEO plugin. -->","yoast_head_json":{"title":"PhotoMosaic Generator - Photoshop Extension - Graphimarket","description":"PhotoMosaic Generator\u00a0is a Photoshop extension which creates real photographic mosaics \u2013 many pictures (textures)...","robots":{"index":"index","follow":"follow","max-snippet":"max-snippet:-1","max-image-preview":"max-image-preview:large","max-video-preview":"max-video-preview:-1"},"canonical":"http:\/\/graphimarket.com\/fr\/product\/photomosaic-generator-photoshop-extension\/","og_locale":"fr_FR","og_type":"article","og_title":"PhotoMosaic Generator - Photoshop Extension - Graphimarket","og_description":"PhotoMosaic Generator\u00a0is a Photoshop extension which creates real photographic mosaics \u2013 many pictures (textures)...","og_url":"http:\/\/graphimarket.com\/fr\/product\/photomosaic-generator-photoshop-extension\/","og_site_name":"Graphimarket","og_image":[{"width":590,"height":664,"url":"https:\/\/graphimarket.com\/wp-content\/uploads\/2021\/03\/icon-9.jpg","type":"image\/jpeg"}],"twitter_card":"summary_large_image","twitter_misc":{"Est. reading time":"1 minute"},"schema":{"@context":"https:\/\/schema.org","@graph":[{"@type":"WebPage","@id":"http:\/\/graphimarket.com\/ja\/product\/photomosaic-generator-photoshop-extension\/","url":"http:\/\/graphimarket.com\/ja\/product\/photomosaic-generator-photoshop-extension\/","name":"PhotoMosaic Generator - Photoshop Extension - Graphimarket","isPartOf":{"@id":"https:\/\/graphimarket.com\/fr\/#website"},"primaryImageOfPage":{"@id":"http:\/\/graphimarket.com\/ja\/product\/photomosaic-generator-photoshop-extension\/#primaryimage"},"image":{"@id":"http:\/\/graphimarket.com\/ja\/product\/photomosaic-generator-photoshop-extension\/#primaryimage"},"thumbnailUrl":"https:\/\/graphimarket.com\/wp-content\/uploads\/2021\/03\/icon-9.jpg","datePublished":"2021-03-31T15:22:51+00:00","description":"PhotoMosaic Generator\u00a0is a Photoshop extension which creates real photographic mosaics \u2013 many pictures (textures)...","breadcrumb":{"@id":"http:\/\/graphimarket.com\/ja\/product\/photomosaic-generator-photoshop-extension\/#breadcrumb"},"inLanguage":"fr-FR","potentialAction":[{"@type":"ReadAction","target":["http:\/\/graphimarket.com\/ja\/product\/photomosaic-generator-photoshop-extension\/"]}]},{"@type":"ImageObject","inLanguage":"fr-FR","@id":"http:\/\/graphimarket.com\/ja\/product\/photomosaic-generator-photoshop-extension\/#primaryimage","url":"https:\/\/graphimarket.com\/wp-content\/uploads\/2021\/03\/icon-9.jpg","contentUrl":"https:\/\/graphimarket.com\/wp-content\/uploads\/2021\/03\/icon-9.jpg","width":590,"height":664},{"@type":"BreadcrumbList","@id":"http:\/\/graphimarket.com\/ja\/product\/photomosaic-generator-photoshop-extension\/#breadcrumb","itemListElement":[{"@type":"ListItem","position":1,"name":"Home","item":"https:\/\/graphimarket.com\/es\/"},{"@type":"ListItem","position":2,"name":"Store","item":"https:\/\/graphimarket.com\/store\/"},{"@type":"ListItem","position":3,"name":"PhotoMosaic Generator &#8211; Photoshop Extension"}]},{"@type":"WebSite","@id":"https:\/\/graphimarket.com\/fr\/#website","url":"https:\/\/graphimarket.com\/fr\/","name":"Graphimarket","description":"Trouvez l&#039;atout cr\u00e9atif parfait pour donner vie \u00e0 votre projet","publisher":{"@id":"https:\/\/graphimarket.com\/fr\/#organization"},"potentialAction":[{"@type":"SearchAction","target":{"@type":"EntryPoint","urlTemplate":"https:\/\/graphimarket.com\/fr\/?s={search_term_string}"},"query-input":{"@type":"PropertyValueSpecification","valueRequired":true,"valueName":"search_term_string"}}],"inLanguage":"fr-FR"},{"@type":"Organization","@id":"https:\/\/graphimarket.com\/fr\/#organization","name":"Graphimarket","url":"https:\/\/graphimarket.com\/fr\/","logo":{"@type":"ImageObject","inLanguage":"fr-FR","@id":"https:\/\/graphimarket.com\/fr\/#\/schema\/logo\/image\/","url":"https:\/\/graphimarket.com\/wp-content\/uploads\/2020\/08\/logo-48.png","contentUrl":"https:\/\/graphimarket.com\/wp-content\/uploads\/2020\/08\/logo-48.png","width":132,"height":48,"caption":"Graphimarket"},"image":{"@id":"https:\/\/graphimarket.com\/fr\/#\/schema\/logo\/image\/"}}]}},"_links":{"self":[{"href":"https:\/\/graphimarket.com\/fr\/wp-json\/wp\/v2\/product\/16867","targetHints":{"allow":["GET"]}}],"collection":[{"href":"https:\/\/graphimarket.com\/fr\/wp-json\/wp\/v2\/product"}],"about":[{"href":"https:\/\/graphimarket.com\/fr\/wp-json\/wp\/v2\/types\/product"}],"replies":[{"embeddable":true,"href":"https:\/\/graphimarket.com\/fr\/wp-json\/wp\/v2\/comments?post=16867"}],"version-history":[{"count":0,"href":"https:\/\/graphimarket.com\/fr\/wp-json\/wp\/v2\/product\/16867\/revisions"}],"wp:featuredmedia":[{"embeddable":true,"href":"https:\/\/graphimarket.com\/fr\/wp-json\/wp\/v2\/media\/16869"}],"wp:attachment":[{"href":"https:\/\/graphimarket.com\/fr\/wp-json\/wp\/v2\/media?parent=16867"}],"wp:term":[{"taxonomy":"product_brand","embeddable":true,"href":"https:\/\/graphimarket.com\/fr\/wp-json\/wp\/v2\/product_brand?post=16867"},{"taxonomy":"product_cat","embeddable":true,"href":"https:\/\/graphimarket.com\/fr\/wp-json\/wp\/v2\/product_cat?post=16867"},{"taxonomy":"product_tag","embeddable":true,"href":"https:\/\/graphimarket.com\/fr\/wp-json\/wp\/v2\/product_tag?post=16867"}],"curies":[{"name":"wp","href":"https:\/\/api.w.org\/{rel}","templated":true}]}}