{"id":16919,"date":"2021-04-01T15:33:53","date_gmt":"2021-04-01T13:33:53","guid":{"rendered":"https:\/\/graphimarket.com\/?post_type=product&#038;p=16919"},"modified":"2022-12-11T13:14:48","modified_gmt":"2022-12-11T12:14:48","slug":"paint-splatter-photoshop-action","status":"publish","type":"product","link":"https:\/\/graphimarket.com\/fr\/product\/paint-splatter-photoshop-action\/","title":{"rendered":"Paint Splatter - Action Photoshop"},"content":{"rendered":"<p id=\"item-description__paint-splatter-photoshop-action\">Paint Splatter - Action Photoshop<\/p>\n<p>Cr\u00e9ez de superbes \u0153uvres d&#039;art contemporain \u00e0 partir de vos photos et images en quelques clics\u00a0! \u00c9conomisez des heures de travail avec cette action, c&#039;est facile \u00e0 utiliser, il suffit de choisir une image, de brosser la zone int\u00e9ress\u00e9e et de cliquer sur jouer\u00a0! L&#039;action g\u00e9n\u00e9rera automatiquement de nombreux \u00e9l\u00e9ments graphiques avec lesquels travailler, les combiner et les modifier pour cr\u00e9er de nombreuses variations et donner votre touche personnelle\u00a0!<\/p>\n<p><strong>Traits:<\/strong><\/p>\n<ul>\n<li>Facile \u00e0 utiliser<\/li>\n<li>Non destructif<\/li>\n<li>Chaque lecture donne un r\u00e9sultat diff\u00e9rent<\/li>\n<li>Structure de couches tr\u00e8s bien organis\u00e9e, cod\u00e9e par couleur et regroup\u00e9e<\/li>\n<li>Enti\u00e8rement modifiable<\/li>\n<li>Guide textuel et vid\u00e9o d\u00e9taill\u00e9e<\/li>\n<\/ul>\n<p>Test\u00e9 et fonctionnant sur Photoshop CS4, CS5, CS6, CC+. Version anglaise UNIQUEMENT. Si vous utilisez Photoshop dans une autre langue\u00a0<a href=\"https:\/\/www.youtube.com\/watch?v=GJAiu5W2gLE\" rel=\"nofollow\">Cette vid\u00e9o<\/a>\u00a0montre comment le modifier temporairement.<\/p>\n<p><img fetchpriority=\"high\" decoding=\"async\" class=\"alignnone size-full wp-image-16921\" src=\"https:\/\/graphimarket.com\/wp-content\/uploads\/2021\/04\/06_Paint-Splatter-Photoshop-Actions-Preview.jpg\" alt=\"\" width=\"760\" height=\"600\" srcset=\"https:\/\/graphimarket.com\/wp-content\/uploads\/2021\/04\/06_Paint-Splatter-Photoshop-Actions-Preview.jpg 760w, https:\/\/graphimarket.com\/wp-content\/uploads\/2021\/04\/06_Paint-Splatter-Photoshop-Actions-Preview-300x237.jpg 300w, https:\/\/graphimarket.com\/wp-content\/uploads\/2021\/04\/06_Paint-Splatter-Photoshop-Actions-Preview-16x12.jpg 16w, https:\/\/graphimarket.com\/wp-content\/uploads\/2021\/04\/06_Paint-Splatter-Photoshop-Actions-Preview-600x474.jpg 600w\" sizes=\"(max-width: 760px) 100vw, 760px\" \/> <img decoding=\"async\" class=\"alignnone size-full wp-image-16922\" src=\"https:\/\/graphimarket.com\/wp-content\/uploads\/2021\/04\/07_Paint-Splatter-Photoshop-Actions-Preview.jpg\" alt=\"\" width=\"760\" height=\"600\" srcset=\"https:\/\/graphimarket.com\/wp-content\/uploads\/2021\/04\/07_Paint-Splatter-Photoshop-Actions-Preview.jpg 760w, https:\/\/graphimarket.com\/wp-content\/uploads\/2021\/04\/07_Paint-Splatter-Photoshop-Actions-Preview-300x237.jpg 300w, https:\/\/graphimarket.com\/wp-content\/uploads\/2021\/04\/07_Paint-Splatter-Photoshop-Actions-Preview-16x12.jpg 16w, https:\/\/graphimarket.com\/wp-content\/uploads\/2021\/04\/07_Paint-Splatter-Photoshop-Actions-Preview-600x474.jpg 600w\" sizes=\"(max-width: 760px) 100vw, 760px\" \/> <img decoding=\"async\" class=\"alignnone size-full wp-image-16923\" src=\"https:\/\/graphimarket.com\/wp-content\/uploads\/2021\/04\/08_Paint-Splatter-Photoshop-Actions-Preview.jpg\" alt=\"\" width=\"760\" height=\"600\" srcset=\"https:\/\/graphimarket.com\/wp-content\/uploads\/2021\/04\/08_Paint-Splatter-Photoshop-Actions-Preview.jpg 760w, https:\/\/graphimarket.com\/wp-content\/uploads\/2021\/04\/08_Paint-Splatter-Photoshop-Actions-Preview-300x237.jpg 300w, https:\/\/graphimarket.com\/wp-content\/uploads\/2021\/04\/08_Paint-Splatter-Photoshop-Actions-Preview-16x12.jpg 16w, https:\/\/graphimarket.com\/wp-content\/uploads\/2021\/04\/08_Paint-Splatter-Photoshop-Actions-Preview-600x474.jpg 600w\" sizes=\"(max-width: 760px) 100vw, 760px\" \/> <img loading=\"lazy\" decoding=\"async\" class=\"alignnone size-full wp-image-16924\" src=\"https:\/\/graphimarket.com\/wp-content\/uploads\/2021\/04\/09_Paint-Splatter-Photoshop-Actions-Preview.jpg\" alt=\"\" width=\"760\" height=\"600\" srcset=\"https:\/\/graphimarket.com\/wp-content\/uploads\/2021\/04\/09_Paint-Splatter-Photoshop-Actions-Preview.jpg 760w, https:\/\/graphimarket.com\/wp-content\/uploads\/2021\/04\/09_Paint-Splatter-Photoshop-Actions-Preview-300x237.jpg 300w, https:\/\/graphimarket.com\/wp-content\/uploads\/2021\/04\/09_Paint-Splatter-Photoshop-Actions-Preview-16x12.jpg 16w, https:\/\/graphimarket.com\/wp-content\/uploads\/2021\/04\/09_Paint-Splatter-Photoshop-Actions-Preview-600x474.jpg 600w\" sizes=\"(max-width: 760px) 100vw, 760px\" \/> <img loading=\"lazy\" decoding=\"async\" class=\"alignnone size-full wp-image-16925\" src=\"https:\/\/graphimarket.com\/wp-content\/uploads\/2021\/04\/10_Paint-Splatter-Photoshop-Actions-Preview.jpg\" alt=\"\" width=\"760\" height=\"600\" srcset=\"https:\/\/graphimarket.com\/wp-content\/uploads\/2021\/04\/10_Paint-Splatter-Photoshop-Actions-Preview.jpg 760w, https:\/\/graphimarket.com\/wp-content\/uploads\/2021\/04\/10_Paint-Splatter-Photoshop-Actions-Preview-300x237.jpg 300w, https:\/\/graphimarket.com\/wp-content\/uploads\/2021\/04\/10_Paint-Splatter-Photoshop-Actions-Preview-16x12.jpg 16w, https:\/\/graphimarket.com\/wp-content\/uploads\/2021\/04\/10_Paint-Splatter-Photoshop-Actions-Preview-600x474.jpg 600w\" sizes=\"(max-width: 760px) 100vw, 760px\" \/> <img loading=\"lazy\" decoding=\"async\" class=\"alignnone size-full wp-image-16926\" src=\"https:\/\/graphimarket.com\/wp-content\/uploads\/2021\/04\/11_Paint-Splatter-Photoshop-Actions-Preview.jpg\" alt=\"\" width=\"760\" height=\"600\" srcset=\"https:\/\/graphimarket.com\/wp-content\/uploads\/2021\/04\/11_Paint-Splatter-Photoshop-Actions-Preview.jpg 760w, https:\/\/graphimarket.com\/wp-content\/uploads\/2021\/04\/11_Paint-Splatter-Photoshop-Actions-Preview-300x237.jpg 300w, https:\/\/graphimarket.com\/wp-content\/uploads\/2021\/04\/11_Paint-Splatter-Photoshop-Actions-Preview-16x12.jpg 16w, https:\/\/graphimarket.com\/wp-content\/uploads\/2021\/04\/11_Paint-Splatter-Photoshop-Actions-Preview-600x474.jpg 600w\" sizes=\"(max-width: 760px) 100vw, 760px\" \/> <img loading=\"lazy\" decoding=\"async\" class=\"alignnone size-full wp-image-16927\" src=\"https:\/\/graphimarket.com\/wp-content\/uploads\/2021\/04\/12_Paint-Splatter-Photoshop-Actions-Preview.jpg\" alt=\"\" width=\"760\" height=\"600\" srcset=\"https:\/\/graphimarket.com\/wp-content\/uploads\/2021\/04\/12_Paint-Splatter-Photoshop-Actions-Preview.jpg 760w, https:\/\/graphimarket.com\/wp-content\/uploads\/2021\/04\/12_Paint-Splatter-Photoshop-Actions-Preview-300x237.jpg 300w, https:\/\/graphimarket.com\/wp-content\/uploads\/2021\/04\/12_Paint-Splatter-Photoshop-Actions-Preview-16x12.jpg 16w, https:\/\/graphimarket.com\/wp-content\/uploads\/2021\/04\/12_Paint-Splatter-Photoshop-Actions-Preview-600x474.jpg 600w\" sizes=\"(max-width: 760px) 100vw, 760px\" \/> <img loading=\"lazy\" decoding=\"async\" class=\"alignnone size-full wp-image-16928\" src=\"https:\/\/graphimarket.com\/wp-content\/uploads\/2021\/04\/01_Paint-Splatter-Photoshop-Actions-Preview.jpg\" alt=\"\" width=\"760\" height=\"600\" srcset=\"https:\/\/graphimarket.com\/wp-content\/uploads\/2021\/04\/01_Paint-Splatter-Photoshop-Actions-Preview.jpg 760w, https:\/\/graphimarket.com\/wp-content\/uploads\/2021\/04\/01_Paint-Splatter-Photoshop-Actions-Preview-300x237.jpg 300w, https:\/\/graphimarket.com\/wp-content\/uploads\/2021\/04\/01_Paint-Splatter-Photoshop-Actions-Preview-16x12.jpg 16w, https:\/\/graphimarket.com\/wp-content\/uploads\/2021\/04\/01_Paint-Splatter-Photoshop-Actions-Preview-600x474.jpg 600w\" sizes=\"(max-width: 760px) 100vw, 760px\" \/> <img loading=\"lazy\" decoding=\"async\" class=\"alignnone size-full wp-image-16929\" src=\"https:\/\/graphimarket.com\/wp-content\/uploads\/2021\/04\/02_Paint-Splatter-Photoshop-Actions-Preview.jpg\" alt=\"\" width=\"760\" height=\"600\" srcset=\"https:\/\/graphimarket.com\/wp-content\/uploads\/2021\/04\/02_Paint-Splatter-Photoshop-Actions-Preview.jpg 760w, https:\/\/graphimarket.com\/wp-content\/uploads\/2021\/04\/02_Paint-Splatter-Photoshop-Actions-Preview-300x237.jpg 300w, https:\/\/graphimarket.com\/wp-content\/uploads\/2021\/04\/02_Paint-Splatter-Photoshop-Actions-Preview-16x12.jpg 16w, https:\/\/graphimarket.com\/wp-content\/uploads\/2021\/04\/02_Paint-Splatter-Photoshop-Actions-Preview-600x474.jpg 600w\" sizes=\"(max-width: 760px) 100vw, 760px\" \/> <img loading=\"lazy\" decoding=\"async\" class=\"alignnone size-full wp-image-16930\" src=\"https:\/\/graphimarket.com\/wp-content\/uploads\/2021\/04\/03_Paint-Splatter-Photoshop-Actions-Preview.jpg\" alt=\"\" width=\"760\" height=\"600\" srcset=\"https:\/\/graphimarket.com\/wp-content\/uploads\/2021\/04\/03_Paint-Splatter-Photoshop-Actions-Preview.jpg 760w, https:\/\/graphimarket.com\/wp-content\/uploads\/2021\/04\/03_Paint-Splatter-Photoshop-Actions-Preview-300x237.jpg 300w, https:\/\/graphimarket.com\/wp-content\/uploads\/2021\/04\/03_Paint-Splatter-Photoshop-Actions-Preview-16x12.jpg 16w, https:\/\/graphimarket.com\/wp-content\/uploads\/2021\/04\/03_Paint-Splatter-Photoshop-Actions-Preview-600x474.jpg 600w\" sizes=\"(max-width: 760px) 100vw, 760px\" \/> <img loading=\"lazy\" decoding=\"async\" class=\"alignnone size-full wp-image-16931\" src=\"https:\/\/graphimarket.com\/wp-content\/uploads\/2021\/04\/04_Paint-Splatter-Photoshop-Actions-Preview.jpg\" alt=\"\" width=\"760\" height=\"600\" srcset=\"https:\/\/graphimarket.com\/wp-content\/uploads\/2021\/04\/04_Paint-Splatter-Photoshop-Actions-Preview.jpg 760w, https:\/\/graphimarket.com\/wp-content\/uploads\/2021\/04\/04_Paint-Splatter-Photoshop-Actions-Preview-300x237.jpg 300w, https:\/\/graphimarket.com\/wp-content\/uploads\/2021\/04\/04_Paint-Splatter-Photoshop-Actions-Preview-16x12.jpg 16w, https:\/\/graphimarket.com\/wp-content\/uploads\/2021\/04\/04_Paint-Splatter-Photoshop-Actions-Preview-600x474.jpg 600w\" sizes=\"(max-width: 760px) 100vw, 760px\" \/> <img loading=\"lazy\" decoding=\"async\" class=\"alignnone size-full wp-image-16932\" src=\"https:\/\/graphimarket.com\/wp-content\/uploads\/2021\/04\/05_Paint-Splatter-Photoshop-Actions-Preview.jpg\" alt=\"\" width=\"760\" height=\"600\" srcset=\"https:\/\/graphimarket.com\/wp-content\/uploads\/2021\/04\/05_Paint-Splatter-Photoshop-Actions-Preview.jpg 760w, https:\/\/graphimarket.com\/wp-content\/uploads\/2021\/04\/05_Paint-Splatter-Photoshop-Actions-Preview-300x237.jpg 300w, https:\/\/graphimarket.com\/wp-content\/uploads\/2021\/04\/05_Paint-Splatter-Photoshop-Actions-Preview-16x12.jpg 16w, https:\/\/graphimarket.com\/wp-content\/uploads\/2021\/04\/05_Paint-Splatter-Photoshop-Actions-Preview-600x474.jpg 600w\" sizes=\"(max-width: 760px) 100vw, 760px\" \/><\/p>","protected":false},"excerpt":{"rendered":"<p>Paint Splatter \u2013 Photoshop Action Create awesome pieces of contemporary art from your photos and images in few clicks! Save hours of work with this action, it\u2019s easy to use, just pick an image, brush the interested area and click play! The action will automaticcaly generate many graphics elements to work with, combine and tweak [&hellip;]<\/p>\n","protected":false},"featured_media":16926,"comment_status":"open","ping_status":"closed","template":"","meta":{"site-sidebar-layout":"default","site-content-layout":"default","ast-site-content-layout":"default","site-content-style":"default","site-sidebar-style":"default","ast-global-header-display":"","ast-banner-title-visibility":"","ast-main-header-display":"","ast-hfb-above-header-display":"","ast-hfb-below-header-display":"","ast-hfb-mobile-header-display":"","site-post-title":"","ast-breadcrumbs-content":"","ast-featured-img":"","footer-sml-layout":"","ast-disable-related-posts":"","theme-transparent-header-meta":"default","adv-header-id-meta":"","stick-header-meta":"","header-above-stick-meta":"","header-main-stick-meta":"","header-below-stick-meta":"","astra-migrate-meta-layouts":"default","ast-page-background-enabled":"default","ast-page-background-meta":{"desktop":{"background-color":"","background-image":"","background-repeat":"repeat","background-position":"center center","background-size":"auto","background-attachment":"scroll","background-type":"","background-media":"","overlay-type":"","overlay-color":"","overlay-opacity":"","overlay-gradient":""},"tablet":{"background-color":"","background-image":"","background-repeat":"repeat","background-position":"center center","background-size":"auto","background-attachment":"scroll","background-type":"","background-media":"","overlay-type":"","overlay-color":"","overlay-opacity":"","overlay-gradient":""},"mobile":{"background-color":"","background-image":"","background-repeat":"repeat","background-position":"center center","background-size":"auto","background-attachment":"scroll","background-type":"","background-media":"","overlay-type":"","overlay-color":"","overlay-opacity":"","overlay-gradient":""}},"ast-content-background-meta":{"desktop":{"background-color":"var(--ast-global-color-5)","background-image":"","background-repeat":"repeat","background-position":"center center","background-size":"auto","background-attachment":"scroll","background-type":"","background-media":"","overlay-type":"","overlay-color":"","overlay-opacity":"","overlay-gradient":""},"tablet":{"background-color":"var(--ast-global-color-5)","background-image":"","background-repeat":"repeat","background-position":"center center","background-size":"auto","background-attachment":"scroll","background-type":"","background-media":"","overlay-type":"","overlay-color":"","overlay-opacity":"","overlay-gradient":""},"mobile":{"background-color":"var(--ast-global-color-5)","background-image":"","background-repeat":"repeat","background-position":"center center","background-size":"auto","background-attachment":"scroll","background-type":"","background-media":"","overlay-type":"","overlay-color":"","overlay-opacity":"","overlay-gradient":""}}},"product_brand":[],"product_cat":[196,15,144,145,195,146],"product_tag":[292,391,62,534],"class_list":{"0":"post-16919","1":"product","2":"type-product","3":"status-publish","4":"has-post-thumbnail","6":"product_cat-actions","7":"product_cat-photo","8":"product_cat-photo-editor","9":"product_cat-photography","10":"product_cat-photoshop","11":"product_cat-photoshop-action","12":"product_tag-action","13":"product_tag-paint","14":"product_tag-photoshop","15":"product_tag-splatter","16":"desktop-align-left","17":"tablet-align-left","18":"mobile-align-left","20":"first","21":"instock","22":"sale","23":"downloadable","24":"virtual","25":"taxable","26":"purchasable","27":"product-type-simple"},"yoast_head":"<!-- This site is optimized with the Yoast SEO plugin v27.3 - https:\/\/yoast.com\/product\/yoast-seo-wordpress\/ -->\n<title>Paint Splatter \u2013 Photoshop Action - Graphimarket<\/title>\n<meta name=\"description\" content=\"Paint Splatter \u2013 Photoshop ActionCreate awesome pieces of contemporary art from your photos and images in few clicks!...\" \/>\n<meta name=\"robots\" content=\"index, follow, max-snippet:-1, max-image-preview:large, max-video-preview:-1\" \/>\n<link rel=\"canonical\" href=\"https:\/\/graphimarket.com\/fr\/product\/paint-splatter-photoshop-action\/\" \/>\n<meta property=\"og:locale\" content=\"fr_FR\" \/>\n<meta property=\"og:type\" content=\"article\" \/>\n<meta property=\"og:title\" content=\"Paint Splatter \u2013 Photoshop Action - Graphimarket\" \/>\n<meta property=\"og:description\" content=\"Paint Splatter \u2013 Photoshop ActionCreate awesome pieces of contemporary art from your photos and images in few clicks!...\" \/>\n<meta property=\"og:url\" content=\"https:\/\/graphimarket.com\/fr\/product\/paint-splatter-photoshop-action\/\" \/>\n<meta property=\"og:site_name\" content=\"Graphimarket\" \/>\n<meta property=\"article:modified_time\" content=\"2022-12-11T12:14:48+00:00\" \/>\n<meta property=\"og:image\" content=\"https:\/\/graphimarket.com\/wp-content\/uploads\/2021\/04\/11_Paint-Splatter-Photoshop-Actions-Preview.jpg\" \/>\n\t<meta property=\"og:image:width\" content=\"760\" \/>\n\t<meta property=\"og:image:height\" content=\"600\" \/>\n\t<meta property=\"og:image:type\" content=\"image\/jpeg\" \/>\n<meta name=\"twitter:card\" content=\"summary_large_image\" \/>\n<meta name=\"twitter:label1\" content=\"Est. reading time\" \/>\n\t<meta name=\"twitter:data1\" content=\"1 minute\" \/>\n<script type=\"application\/ld+json\" class=\"yoast-schema-graph\">{\"@context\":\"https:\\\/\\\/schema.org\",\"@graph\":[{\"@type\":\"WebPage\",\"@id\":\"https:\\\/\\\/graphimarket.com\\\/product\\\/paint-splatter-photoshop-action\\\/\",\"url\":\"https:\\\/\\\/graphimarket.com\\\/product\\\/paint-splatter-photoshop-action\\\/\",\"name\":\"Paint Splatter \u2013 Photoshop Action - Graphimarket\",\"isPartOf\":{\"@id\":\"https:\\\/\\\/graphimarket.com\\\/fr\\\/#website\"},\"primaryImageOfPage\":{\"@id\":\"https:\\\/\\\/graphimarket.com\\\/product\\\/paint-splatter-photoshop-action\\\/#primaryimage\"},\"image\":{\"@id\":\"https:\\\/\\\/graphimarket.com\\\/product\\\/paint-splatter-photoshop-action\\\/#primaryimage\"},\"thumbnailUrl\":\"https:\\\/\\\/graphimarket.com\\\/wp-content\\\/uploads\\\/2021\\\/04\\\/11_Paint-Splatter-Photoshop-Actions-Preview.jpg\",\"datePublished\":\"2021-04-01T13:33:53+00:00\",\"dateModified\":\"2022-12-11T12:14:48+00:00\",\"description\":\"Paint Splatter \u2013 Photoshop ActionCreate awesome pieces of contemporary art from your photos and images in few clicks!...\",\"breadcrumb\":{\"@id\":\"https:\\\/\\\/graphimarket.com\\\/product\\\/paint-splatter-photoshop-action\\\/#breadcrumb\"},\"inLanguage\":\"fr-FR\",\"potentialAction\":[{\"@type\":\"ReadAction\",\"target\":[\"https:\\\/\\\/graphimarket.com\\\/product\\\/paint-splatter-photoshop-action\\\/\"]}]},{\"@type\":\"ImageObject\",\"inLanguage\":\"fr-FR\",\"@id\":\"https:\\\/\\\/graphimarket.com\\\/product\\\/paint-splatter-photoshop-action\\\/#primaryimage\",\"url\":\"https:\\\/\\\/graphimarket.com\\\/wp-content\\\/uploads\\\/2021\\\/04\\\/11_Paint-Splatter-Photoshop-Actions-Preview.jpg\",\"contentUrl\":\"https:\\\/\\\/graphimarket.com\\\/wp-content\\\/uploads\\\/2021\\\/04\\\/11_Paint-Splatter-Photoshop-Actions-Preview.jpg\",\"width\":760,\"height\":600},{\"@type\":\"BreadcrumbList\",\"@id\":\"https:\\\/\\\/graphimarket.com\\\/product\\\/paint-splatter-photoshop-action\\\/#breadcrumb\",\"itemListElement\":[{\"@type\":\"ListItem\",\"position\":1,\"name\":\"Home\",\"item\":\"https:\\\/\\\/graphimarket.com\\\/es\\\/\"},{\"@type\":\"ListItem\",\"position\":2,\"name\":\"Store\",\"item\":\"https:\\\/\\\/graphimarket.com\\\/store\\\/\"},{\"@type\":\"ListItem\",\"position\":3,\"name\":\"Paint Splatter \u2013 Photoshop Action\"}]},{\"@type\":\"WebSite\",\"@id\":\"https:\\\/\\\/graphimarket.com\\\/fr\\\/#website\",\"url\":\"https:\\\/\\\/graphimarket.com\\\/fr\\\/\",\"name\":\"Graphimarket\",\"description\":\"Find the perfect creative asset to bring your project to life\",\"publisher\":{\"@id\":\"https:\\\/\\\/graphimarket.com\\\/fr\\\/#organization\"},\"potentialAction\":[{\"@type\":\"SearchAction\",\"target\":{\"@type\":\"EntryPoint\",\"urlTemplate\":\"https:\\\/\\\/graphimarket.com\\\/fr\\\/?s={search_term_string}\"},\"query-input\":{\"@type\":\"PropertyValueSpecification\",\"valueRequired\":true,\"valueName\":\"search_term_string\"}}],\"inLanguage\":\"fr-FR\"},{\"@type\":\"Organization\",\"@id\":\"https:\\\/\\\/graphimarket.com\\\/fr\\\/#organization\",\"name\":\"Graphimarket\",\"url\":\"https:\\\/\\\/graphimarket.com\\\/fr\\\/\",\"logo\":{\"@type\":\"ImageObject\",\"inLanguage\":\"fr-FR\",\"@id\":\"https:\\\/\\\/graphimarket.com\\\/fr\\\/#\\\/schema\\\/logo\\\/image\\\/\",\"url\":\"https:\\\/\\\/graphimarket.com\\\/wp-content\\\/uploads\\\/2020\\\/08\\\/logo-48.png\",\"contentUrl\":\"https:\\\/\\\/graphimarket.com\\\/wp-content\\\/uploads\\\/2020\\\/08\\\/logo-48.png\",\"width\":132,\"height\":48,\"caption\":\"Graphimarket\"},\"image\":{\"@id\":\"https:\\\/\\\/graphimarket.com\\\/fr\\\/#\\\/schema\\\/logo\\\/image\\\/\"}}]}<\/script>\n<!-- \/ Yoast SEO plugin. -->","yoast_head_json":{"title":"\u00c9claboussures de peinture \u2013 Photoshop Action - Graphimarket","description":"Paint Splatter - Photoshop ActionCr\u00e9ez de superbes \u0153uvres d&#039;art contemporain \u00e0 partir de vos photos et images en quelques clics !...","robots":{"index":"index","follow":"follow","max-snippet":"max-snippet:-1","max-image-preview":"max-image-preview:large","max-video-preview":"max-video-preview:-1"},"canonical":"https:\/\/graphimarket.com\/fr\/product\/paint-splatter-photoshop-action\/","og_locale":"fr_FR","og_type":"article","og_title":"Paint Splatter \u2013 Photoshop Action - Graphimarket","og_description":"Paint Splatter \u2013 Photoshop ActionCreate awesome pieces of contemporary art from your photos and images in few clicks!...","og_url":"https:\/\/graphimarket.com\/fr\/product\/paint-splatter-photoshop-action\/","og_site_name":"Graphimarket","article_modified_time":"2022-12-11T12:14:48+00:00","og_image":[{"width":760,"height":600,"url":"https:\/\/graphimarket.com\/wp-content\/uploads\/2021\/04\/11_Paint-Splatter-Photoshop-Actions-Preview.jpg","type":"image\/jpeg"}],"twitter_card":"summary_large_image","twitter_misc":{"Est. reading time":"1 minute"},"schema":{"@context":"https:\/\/schema.org","@graph":[{"@type":"WebPage","@id":"https:\/\/graphimarket.com\/product\/paint-splatter-photoshop-action\/","url":"https:\/\/graphimarket.com\/product\/paint-splatter-photoshop-action\/","name":"\u00c9claboussures de peinture \u2013 Photoshop Action - Graphimarket","isPartOf":{"@id":"https:\/\/graphimarket.com\/fr\/#website"},"primaryImageOfPage":{"@id":"https:\/\/graphimarket.com\/product\/paint-splatter-photoshop-action\/#primaryimage"},"image":{"@id":"https:\/\/graphimarket.com\/product\/paint-splatter-photoshop-action\/#primaryimage"},"thumbnailUrl":"https:\/\/graphimarket.com\/wp-content\/uploads\/2021\/04\/11_Paint-Splatter-Photoshop-Actions-Preview.jpg","datePublished":"2021-04-01T13:33:53+00:00","dateModified":"2022-12-11T12:14:48+00:00","description":"Paint Splatter - Photoshop ActionCr\u00e9ez de superbes \u0153uvres d&#039;art contemporain \u00e0 partir de vos photos et images en quelques clics !...","breadcrumb":{"@id":"https:\/\/graphimarket.com\/product\/paint-splatter-photoshop-action\/#breadcrumb"},"inLanguage":"fr-FR","potentialAction":[{"@type":"ReadAction","target":["https:\/\/graphimarket.com\/product\/paint-splatter-photoshop-action\/"]}]},{"@type":"ImageObject","inLanguage":"fr-FR","@id":"https:\/\/graphimarket.com\/product\/paint-splatter-photoshop-action\/#primaryimage","url":"https:\/\/graphimarket.com\/wp-content\/uploads\/2021\/04\/11_Paint-Splatter-Photoshop-Actions-Preview.jpg","contentUrl":"https:\/\/graphimarket.com\/wp-content\/uploads\/2021\/04\/11_Paint-Splatter-Photoshop-Actions-Preview.jpg","width":760,"height":600},{"@type":"BreadcrumbList","@id":"https:\/\/graphimarket.com\/product\/paint-splatter-photoshop-action\/#breadcrumb","itemListElement":[{"@type":"ListItem","position":1,"name":"Home","item":"https:\/\/graphimarket.com\/es\/"},{"@type":"ListItem","position":2,"name":"Store","item":"https:\/\/graphimarket.com\/store\/"},{"@type":"ListItem","position":3,"name":"Paint Splatter \u2013 Photoshop Action"}]},{"@type":"WebSite","@id":"https:\/\/graphimarket.com\/fr\/#website","url":"https:\/\/graphimarket.com\/fr\/","name":"Graphimarket","description":"Trouvez l&#039;atout cr\u00e9atif parfait pour donner vie \u00e0 votre projet","publisher":{"@id":"https:\/\/graphimarket.com\/fr\/#organization"},"potentialAction":[{"@type":"SearchAction","target":{"@type":"EntryPoint","urlTemplate":"https:\/\/graphimarket.com\/fr\/?s={search_term_string}"},"query-input":{"@type":"PropertyValueSpecification","valueRequired":true,"valueName":"search_term_string"}}],"inLanguage":"fr-FR"},{"@type":"Organization","@id":"https:\/\/graphimarket.com\/fr\/#organization","name":"Graphimarket","url":"https:\/\/graphimarket.com\/fr\/","logo":{"@type":"ImageObject","inLanguage":"fr-FR","@id":"https:\/\/graphimarket.com\/fr\/#\/schema\/logo\/image\/","url":"https:\/\/graphimarket.com\/wp-content\/uploads\/2020\/08\/logo-48.png","contentUrl":"https:\/\/graphimarket.com\/wp-content\/uploads\/2020\/08\/logo-48.png","width":132,"height":48,"caption":"Graphimarket"},"image":{"@id":"https:\/\/graphimarket.com\/fr\/#\/schema\/logo\/image\/"}}]}},"_links":{"self":[{"href":"https:\/\/graphimarket.com\/fr\/wp-json\/wp\/v2\/product\/16919","targetHints":{"allow":["GET"]}}],"collection":[{"href":"https:\/\/graphimarket.com\/fr\/wp-json\/wp\/v2\/product"}],"about":[{"href":"https:\/\/graphimarket.com\/fr\/wp-json\/wp\/v2\/types\/product"}],"replies":[{"embeddable":true,"href":"https:\/\/graphimarket.com\/fr\/wp-json\/wp\/v2\/comments?post=16919"}],"version-history":[{"count":0,"href":"https:\/\/graphimarket.com\/fr\/wp-json\/wp\/v2\/product\/16919\/revisions"}],"wp:featuredmedia":[{"embeddable":true,"href":"https:\/\/graphimarket.com\/fr\/wp-json\/wp\/v2\/media\/16926"}],"wp:attachment":[{"href":"https:\/\/graphimarket.com\/fr\/wp-json\/wp\/v2\/media?parent=16919"}],"wp:term":[{"taxonomy":"product_brand","embeddable":true,"href":"https:\/\/graphimarket.com\/fr\/wp-json\/wp\/v2\/product_brand?post=16919"},{"taxonomy":"product_cat","embeddable":true,"href":"https:\/\/graphimarket.com\/fr\/wp-json\/wp\/v2\/product_cat?post=16919"},{"taxonomy":"product_tag","embeddable":true,"href":"https:\/\/graphimarket.com\/fr\/wp-json\/wp\/v2\/product_tag?post=16919"}],"curies":[{"name":"wp","href":"https:\/\/api.w.org\/{rel}","templated":true}]}}