{"id":16962,"date":"2021-04-01T17:08:21","date_gmt":"2021-04-01T15:08:21","guid":{"rendered":"https:\/\/graphimarket.com\/?post_type=product&#038;p=16962"},"modified":"2022-12-11T13:14:39","modified_gmt":"2022-12-11T12:14:39","slug":"ultimatum-photoshop-action","status":"publish","type":"product","link":"https:\/\/graphimarket.com\/fr\/product\/ultimatum-photoshop-action\/","title":{"rendered":"Action Photoshop Ultimatum"},"content":{"rendered":"<p id=\"item-description__ultimatum-photoshop-action\"><strong>Action Photoshop Ultimatum<\/strong><\/p>\n<p>Unique multifunctional\u00a0<strong>artistic<\/strong>\u00a0Photoshop action transform your photos into\u00a0<strong>digital art<\/strong>\u00a0avec\u00a0<strong>modern<\/strong>\u00a0style in the easiest possible way. Highly detailed result, a lot of possibilities to easy customise and improve. One click action. Video tutorial included.<\/p>\n<p>This action created on Photoshop CS5, tested and working on Photoshop CS3, CS4, CS5, CS6, CC, CC2014, CC2015, CC2017, CC2018+ (only English versions). If you are not using the English version, you can switch your Photoshop in English, play the action and return to your language back. How to do it, you can\u00a0<a href=\"https:\/\/www.youtube.com\/watch?v=GJAiu5W2gLE\" rel=\"nofollow\">watch in this video<\/a>.<\/p>\n<p><strong>Pr\u00e9sentation des fonctionnalit\u00e9s\u00a0:<\/strong><\/p>\n<ol>\n<li>Action principale (.atn)<\/li>\n<li>Pinceaux d&#039;action (.abr)<\/li>\n<li>Mod\u00e8les d&#039;action (.pat)<\/li>\n<li>Guide de l&#039;utilisateur avec recommandations (.txt)<\/li>\n<li>Tutoriel vid\u00e9o avec instructions<\/li>\n<li>20 pr\u00e9r\u00e9glages et options de couleurs<\/li>\n<li>\u00c9l\u00e9ments graphiques enti\u00e8rement modifiables<\/li>\n<li>Couches et dossiers bien organis\u00e9s<\/li>\n<\/ol>\n<p><strong>R\u00e8gles et recommandations\u00a0:<\/strong><\/p>\n<ol>\n<li>Image size must be between 3000\u20133500px (max 3500px)<\/li>\n<li>La r\u00e9solution de l&#039;image doit \u00eatre comprise entre 240 et 300\u00a0dpi (300\u00a0pdi recommand\u00e9s)<\/li>\n<li>Le mode couleur de l&#039;image doit \u00eatre RVB et 8 bits\/canal<\/li>\n<\/ol>\n<p><img fetchpriority=\"high\" decoding=\"async\" class=\"alignnone size-full wp-image-16972\" src=\"https:\/\/graphimarket.com\/wp-content\/uploads\/2021\/04\/68747470733a2f2f64726976652e676f6f676c652e636f6d2f7468756d626e61696c3f69643d3042786970556b442d44496c3951573959644556784d30707164564526737a3d7330.gif\" alt=\"\" width=\"616\" height=\"616\" \/><\/p>\n<p>&nbsp;<\/p>\n<p>&nbsp;<\/p>\n<p><img decoding=\"async\" class=\"alignnone size-full wp-image-16963\" src=\"https:\/\/graphimarket.com\/wp-content\/uploads\/2021\/04\/img004.jpg\" alt=\"\" width=\"1200\" height=\"800\" srcset=\"https:\/\/graphimarket.com\/wp-content\/uploads\/2021\/04\/img004.jpg 1200w, https:\/\/graphimarket.com\/wp-content\/uploads\/2021\/04\/img004-300x200.jpg 300w, https:\/\/graphimarket.com\/wp-content\/uploads\/2021\/04\/img004-1024x683.jpg 1024w, https:\/\/graphimarket.com\/wp-content\/uploads\/2021\/04\/img004-768x512.jpg 768w, https:\/\/graphimarket.com\/wp-content\/uploads\/2021\/04\/img004-16x12.jpg 16w, https:\/\/graphimarket.com\/wp-content\/uploads\/2021\/04\/img004-600x400.jpg 600w\" sizes=\"(max-width: 1200px) 100vw, 1200px\" \/> <img decoding=\"async\" class=\"alignnone size-full wp-image-16964\" src=\"https:\/\/graphimarket.com\/wp-content\/uploads\/2021\/04\/img005.jpg\" alt=\"\" width=\"800\" height=\"1200\" srcset=\"https:\/\/graphimarket.com\/wp-content\/uploads\/2021\/04\/img005.jpg 800w, https:\/\/graphimarket.com\/wp-content\/uploads\/2021\/04\/img005-200x300.jpg 200w, https:\/\/graphimarket.com\/wp-content\/uploads\/2021\/04\/img005-683x1024.jpg 683w, https:\/\/graphimarket.com\/wp-content\/uploads\/2021\/04\/img005-768x1152.jpg 768w, https:\/\/graphimarket.com\/wp-content\/uploads\/2021\/04\/img005-8x12.jpg 8w, https:\/\/graphimarket.com\/wp-content\/uploads\/2021\/04\/img005-600x900.jpg 600w\" sizes=\"(max-width: 800px) 100vw, 800px\" \/> <img loading=\"lazy\" decoding=\"async\" class=\"alignnone size-full wp-image-16965\" src=\"https:\/\/graphimarket.com\/wp-content\/uploads\/2021\/04\/img006.jpg\" alt=\"\" width=\"800\" height=\"1200\" srcset=\"https:\/\/graphimarket.com\/wp-content\/uploads\/2021\/04\/img006.jpg 800w, https:\/\/graphimarket.com\/wp-content\/uploads\/2021\/04\/img006-200x300.jpg 200w, https:\/\/graphimarket.com\/wp-content\/uploads\/2021\/04\/img006-683x1024.jpg 683w, https:\/\/graphimarket.com\/wp-content\/uploads\/2021\/04\/img006-768x1152.jpg 768w, https:\/\/graphimarket.com\/wp-content\/uploads\/2021\/04\/img006-8x12.jpg 8w, https:\/\/graphimarket.com\/wp-content\/uploads\/2021\/04\/img006-600x900.jpg 600w\" sizes=\"(max-width: 800px) 100vw, 800px\" \/> <img loading=\"lazy\" decoding=\"async\" class=\"alignnone size-full wp-image-16966\" src=\"https:\/\/graphimarket.com\/wp-content\/uploads\/2021\/04\/img007.jpg\" alt=\"\" width=\"800\" height=\"1200\" srcset=\"https:\/\/graphimarket.com\/wp-content\/uploads\/2021\/04\/img007.jpg 800w, https:\/\/graphimarket.com\/wp-content\/uploads\/2021\/04\/img007-200x300.jpg 200w, https:\/\/graphimarket.com\/wp-content\/uploads\/2021\/04\/img007-683x1024.jpg 683w, https:\/\/graphimarket.com\/wp-content\/uploads\/2021\/04\/img007-768x1152.jpg 768w, https:\/\/graphimarket.com\/wp-content\/uploads\/2021\/04\/img007-8x12.jpg 8w, https:\/\/graphimarket.com\/wp-content\/uploads\/2021\/04\/img007-600x900.jpg 600w\" sizes=\"(max-width: 800px) 100vw, 800px\" \/> <img loading=\"lazy\" decoding=\"async\" class=\"alignnone size-full wp-image-16967\" src=\"https:\/\/graphimarket.com\/wp-content\/uploads\/2021\/04\/img008.jpg\" alt=\"\" width=\"1200\" height=\"1200\" srcset=\"https:\/\/graphimarket.com\/wp-content\/uploads\/2021\/04\/img008.jpg 1200w, https:\/\/graphimarket.com\/wp-content\/uploads\/2021\/04\/img008-300x300.jpg 300w, https:\/\/graphimarket.com\/wp-content\/uploads\/2021\/04\/img008-1024x1024.jpg 1024w, https:\/\/graphimarket.com\/wp-content\/uploads\/2021\/04\/img008-150x150.jpg 150w, https:\/\/graphimarket.com\/wp-content\/uploads\/2021\/04\/img008-768x768.jpg 768w, https:\/\/graphimarket.com\/wp-content\/uploads\/2021\/04\/img008-12x12.jpg 12w, https:\/\/graphimarket.com\/wp-content\/uploads\/2021\/04\/img008-600x600.jpg 600w, https:\/\/graphimarket.com\/wp-content\/uploads\/2021\/04\/img008-100x100.jpg 100w\" sizes=\"(max-width: 1200px) 100vw, 1200px\" \/> <img loading=\"lazy\" decoding=\"async\" class=\"alignnone size-full wp-image-16968\" src=\"https:\/\/graphimarket.com\/wp-content\/uploads\/2021\/04\/img009.jpg\" alt=\"\" width=\"1200\" height=\"1200\" srcset=\"https:\/\/graphimarket.com\/wp-content\/uploads\/2021\/04\/img009.jpg 1200w, https:\/\/graphimarket.com\/wp-content\/uploads\/2021\/04\/img009-300x300.jpg 300w, https:\/\/graphimarket.com\/wp-content\/uploads\/2021\/04\/img009-1024x1024.jpg 1024w, https:\/\/graphimarket.com\/wp-content\/uploads\/2021\/04\/img009-150x150.jpg 150w, https:\/\/graphimarket.com\/wp-content\/uploads\/2021\/04\/img009-768x768.jpg 768w, https:\/\/graphimarket.com\/wp-content\/uploads\/2021\/04\/img009-12x12.jpg 12w, https:\/\/graphimarket.com\/wp-content\/uploads\/2021\/04\/img009-600x600.jpg 600w, https:\/\/graphimarket.com\/wp-content\/uploads\/2021\/04\/img009-100x100.jpg 100w\" sizes=\"(max-width: 1200px) 100vw, 1200px\" \/> <img loading=\"lazy\" decoding=\"async\" class=\"alignnone size-full wp-image-16969\" src=\"https:\/\/graphimarket.com\/wp-content\/uploads\/2021\/04\/img001.jpg\" alt=\"\" width=\"1200\" height=\"1200\" srcset=\"https:\/\/graphimarket.com\/wp-content\/uploads\/2021\/04\/img001.jpg 1200w, https:\/\/graphimarket.com\/wp-content\/uploads\/2021\/04\/img001-300x300.jpg 300w, https:\/\/graphimarket.com\/wp-content\/uploads\/2021\/04\/img001-1024x1024.jpg 1024w, https:\/\/graphimarket.com\/wp-content\/uploads\/2021\/04\/img001-150x150.jpg 150w, https:\/\/graphimarket.com\/wp-content\/uploads\/2021\/04\/img001-768x768.jpg 768w, https:\/\/graphimarket.com\/wp-content\/uploads\/2021\/04\/img001-12x12.jpg 12w, https:\/\/graphimarket.com\/wp-content\/uploads\/2021\/04\/img001-600x600.jpg 600w, https:\/\/graphimarket.com\/wp-content\/uploads\/2021\/04\/img001-100x100.jpg 100w\" sizes=\"(max-width: 1200px) 100vw, 1200px\" \/> <img loading=\"lazy\" decoding=\"async\" class=\"alignnone size-full wp-image-16970\" src=\"https:\/\/graphimarket.com\/wp-content\/uploads\/2021\/04\/img002.jpg\" alt=\"\" width=\"1200\" height=\"1200\" srcset=\"https:\/\/graphimarket.com\/wp-content\/uploads\/2021\/04\/img002.jpg 1200w, https:\/\/graphimarket.com\/wp-content\/uploads\/2021\/04\/img002-300x300.jpg 300w, https:\/\/graphimarket.com\/wp-content\/uploads\/2021\/04\/img002-1024x1024.jpg 1024w, https:\/\/graphimarket.com\/wp-content\/uploads\/2021\/04\/img002-150x150.jpg 150w, https:\/\/graphimarket.com\/wp-content\/uploads\/2021\/04\/img002-768x768.jpg 768w, https:\/\/graphimarket.com\/wp-content\/uploads\/2021\/04\/img002-12x12.jpg 12w, https:\/\/graphimarket.com\/wp-content\/uploads\/2021\/04\/img002-600x600.jpg 600w, https:\/\/graphimarket.com\/wp-content\/uploads\/2021\/04\/img002-100x100.jpg 100w\" sizes=\"(max-width: 1200px) 100vw, 1200px\" \/> <img loading=\"lazy\" decoding=\"async\" class=\"alignnone size-full wp-image-16971\" src=\"https:\/\/graphimarket.com\/wp-content\/uploads\/2021\/04\/img003.jpg\" alt=\"\" width=\"1200\" height=\"800\" srcset=\"https:\/\/graphimarket.com\/wp-content\/uploads\/2021\/04\/img003.jpg 1200w, https:\/\/graphimarket.com\/wp-content\/uploads\/2021\/04\/img003-300x200.jpg 300w, https:\/\/graphimarket.com\/wp-content\/uploads\/2021\/04\/img003-1024x683.jpg 1024w, https:\/\/graphimarket.com\/wp-content\/uploads\/2021\/04\/img003-768x512.jpg 768w, https:\/\/graphimarket.com\/wp-content\/uploads\/2021\/04\/img003-16x12.jpg 16w, https:\/\/graphimarket.com\/wp-content\/uploads\/2021\/04\/img003-600x400.jpg 600w\" sizes=\"(max-width: 1200px) 100vw, 1200px\" \/><\/p>","protected":false},"excerpt":{"rendered":"<p>Ultimatum Photoshop Action Unique multifunctional\u00a0artistic\u00a0Photoshop action transform your photos into\u00a0digital art\u00a0with\u00a0modern\u00a0style in the easiest possible way. Highly detailed result, a lot of possibilities to easy customise and improve. One click action. Video tutorial included. This action created on Photoshop CS5, tested and working on Photoshop CS3, CS4, CS5, CS6, CC, CC2014, CC2015, CC2017, CC2018+ (only [&hellip;]<\/p>\n","protected":false},"featured_media":16972,"comment_status":"open","ping_status":"closed","template":"","meta":{"site-sidebar-layout":"default","site-content-layout":"default","ast-site-content-layout":"default","site-content-style":"default","site-sidebar-style":"default","ast-global-header-display":"","ast-banner-title-visibility":"","ast-main-header-display":"","ast-hfb-above-header-display":"","ast-hfb-below-header-display":"","ast-hfb-mobile-header-display":"","site-post-title":"","ast-breadcrumbs-content":"","ast-featured-img":"","footer-sml-layout":"","ast-disable-related-posts":"","theme-transparent-header-meta":"default","adv-header-id-meta":"","stick-header-meta":"","header-above-stick-meta":"","header-main-stick-meta":"","header-below-stick-meta":"","astra-migrate-meta-layouts":"default","ast-page-background-enabled":"default","ast-page-background-meta":{"desktop":{"background-color":"","background-image":"","background-repeat":"repeat","background-position":"center center","background-size":"auto","background-attachment":"scroll","background-type":"","background-media":"","overlay-type":"","overlay-color":"","overlay-opacity":"","overlay-gradient":""},"tablet":{"background-color":"","background-image":"","background-repeat":"repeat","background-position":"center center","background-size":"auto","background-attachment":"scroll","background-type":"","background-media":"","overlay-type":"","overlay-color":"","overlay-opacity":"","overlay-gradient":""},"mobile":{"background-color":"","background-image":"","background-repeat":"repeat","background-position":"center center","background-size":"auto","background-attachment":"scroll","background-type":"","background-media":"","overlay-type":"","overlay-color":"","overlay-opacity":"","overlay-gradient":""}},"ast-content-background-meta":{"desktop":{"background-color":"var(--ast-global-color-5)","background-image":"","background-repeat":"repeat","background-position":"center center","background-size":"auto","background-attachment":"scroll","background-type":"","background-media":"","overlay-type":"","overlay-color":"","overlay-opacity":"","overlay-gradient":""},"tablet":{"background-color":"var(--ast-global-color-5)","background-image":"","background-repeat":"repeat","background-position":"center center","background-size":"auto","background-attachment":"scroll","background-type":"","background-media":"","overlay-type":"","overlay-color":"","overlay-opacity":"","overlay-gradient":""},"mobile":{"background-color":"var(--ast-global-color-5)","background-image":"","background-repeat":"repeat","background-position":"center center","background-size":"auto","background-attachment":"scroll","background-type":"","background-media":"","overlay-type":"","overlay-color":"","overlay-opacity":"","overlay-gradient":""}}},"product_brand":[],"product_cat":[196,15,144,145,195,146],"product_tag":[292,255,62,1970],"class_list":{"0":"post-16962","1":"product","2":"type-product","3":"status-publish","4":"has-post-thumbnail","6":"product_cat-actions","7":"product_cat-photo","8":"product_cat-photo-editor","9":"product_cat-photography","10":"product_cat-photoshop","11":"product_cat-photoshop-action","12":"product_tag-action","13":"product_tag-artistic","14":"product_tag-photoshop","15":"product_tag-ultimatum","16":"desktop-align-left","17":"tablet-align-left","18":"mobile-align-left","20":"first","21":"instock","22":"sale","23":"downloadable","24":"virtual","25":"taxable","26":"purchasable","27":"product-type-simple"},"yoast_head":"<!-- This site is optimized with the Yoast SEO plugin v27.3 - https:\/\/yoast.com\/product\/yoast-seo-wordpress\/ -->\n<title>Ultimatum Photoshop Action - Graphimarket<\/title>\n<meta name=\"description\" content=\"Ultimatum Photoshop Action. Unique multifunctional\u00a0artistic\u00a0Photoshop action transform your photos into\u00a0digital art\u00a0with...\" \/>\n<meta name=\"robots\" content=\"index, follow, max-snippet:-1, max-image-preview:large, max-video-preview:-1\" \/>\n<link rel=\"canonical\" href=\"https:\/\/graphimarket.com\/fr\/product\/ultimatum-photoshop-action\/\" \/>\n<meta property=\"og:locale\" content=\"fr_FR\" \/>\n<meta property=\"og:type\" content=\"article\" \/>\n<meta property=\"og:title\" content=\"Ultimatum Photoshop Action - Graphimarket\" \/>\n<meta property=\"og:description\" content=\"Ultimatum Photoshop Action. Unique multifunctional\u00a0artistic\u00a0Photoshop action transform your photos into\u00a0digital art\u00a0with...\" \/>\n<meta property=\"og:url\" content=\"https:\/\/graphimarket.com\/fr\/product\/ultimatum-photoshop-action\/\" \/>\n<meta property=\"og:site_name\" content=\"Graphimarket\" \/>\n<meta property=\"article:modified_time\" content=\"2022-12-11T12:14:39+00:00\" \/>\n<meta property=\"og:image\" content=\"https:\/\/graphimarket.com\/wp-content\/uploads\/2021\/04\/68747470733a2f2f64726976652e676f6f676c652e636f6d2f7468756d626e61696c3f69643d3042786970556b442d44496c3951573959644556784d30707164564526737a3d7330.gif\" \/>\n\t<meta property=\"og:image:width\" content=\"616\" \/>\n\t<meta property=\"og:image:height\" content=\"616\" \/>\n\t<meta property=\"og:image:type\" content=\"image\/gif\" \/>\n<meta name=\"twitter:card\" content=\"summary_large_image\" \/>\n<meta name=\"twitter:label1\" content=\"Est. reading time\" \/>\n\t<meta name=\"twitter:data1\" content=\"1 minute\" \/>\n<script type=\"application\/ld+json\" class=\"yoast-schema-graph\">{\"@context\":\"https:\\\/\\\/schema.org\",\"@graph\":[{\"@type\":\"WebPage\",\"@id\":\"https:\\\/\\\/graphimarket.com\\\/product\\\/ultimatum-photoshop-action\\\/\",\"url\":\"https:\\\/\\\/graphimarket.com\\\/product\\\/ultimatum-photoshop-action\\\/\",\"name\":\"Ultimatum Photoshop Action - Graphimarket\",\"isPartOf\":{\"@id\":\"https:\\\/\\\/graphimarket.com\\\/fr\\\/#website\"},\"primaryImageOfPage\":{\"@id\":\"https:\\\/\\\/graphimarket.com\\\/product\\\/ultimatum-photoshop-action\\\/#primaryimage\"},\"image\":{\"@id\":\"https:\\\/\\\/graphimarket.com\\\/product\\\/ultimatum-photoshop-action\\\/#primaryimage\"},\"thumbnailUrl\":\"https:\\\/\\\/graphimarket.com\\\/wp-content\\\/uploads\\\/2021\\\/04\\\/68747470733a2f2f64726976652e676f6f676c652e636f6d2f7468756d626e61696c3f69643d3042786970556b442d44496c3951573959644556784d30707164564526737a3d7330.gif\",\"datePublished\":\"2021-04-01T15:08:21+00:00\",\"dateModified\":\"2022-12-11T12:14:39+00:00\",\"description\":\"Ultimatum Photoshop Action. Unique multifunctional\u00a0artistic\u00a0Photoshop action transform your photos into\u00a0digital art\u00a0with...\",\"breadcrumb\":{\"@id\":\"https:\\\/\\\/graphimarket.com\\\/product\\\/ultimatum-photoshop-action\\\/#breadcrumb\"},\"inLanguage\":\"fr-FR\",\"potentialAction\":[{\"@type\":\"ReadAction\",\"target\":[\"https:\\\/\\\/graphimarket.com\\\/product\\\/ultimatum-photoshop-action\\\/\"]}]},{\"@type\":\"ImageObject\",\"inLanguage\":\"fr-FR\",\"@id\":\"https:\\\/\\\/graphimarket.com\\\/product\\\/ultimatum-photoshop-action\\\/#primaryimage\",\"url\":\"https:\\\/\\\/graphimarket.com\\\/wp-content\\\/uploads\\\/2021\\\/04\\\/68747470733a2f2f64726976652e676f6f676c652e636f6d2f7468756d626e61696c3f69643d3042786970556b442d44496c3951573959644556784d30707164564526737a3d7330.gif\",\"contentUrl\":\"https:\\\/\\\/graphimarket.com\\\/wp-content\\\/uploads\\\/2021\\\/04\\\/68747470733a2f2f64726976652e676f6f676c652e636f6d2f7468756d626e61696c3f69643d3042786970556b442d44496c3951573959644556784d30707164564526737a3d7330.gif\",\"width\":616,\"height\":616},{\"@type\":\"BreadcrumbList\",\"@id\":\"https:\\\/\\\/graphimarket.com\\\/product\\\/ultimatum-photoshop-action\\\/#breadcrumb\",\"itemListElement\":[{\"@type\":\"ListItem\",\"position\":1,\"name\":\"Home\",\"item\":\"https:\\\/\\\/graphimarket.com\\\/es\\\/\"},{\"@type\":\"ListItem\",\"position\":2,\"name\":\"Store\",\"item\":\"https:\\\/\\\/graphimarket.com\\\/store\\\/\"},{\"@type\":\"ListItem\",\"position\":3,\"name\":\"Ultimatum Photoshop Action\"}]},{\"@type\":\"WebSite\",\"@id\":\"https:\\\/\\\/graphimarket.com\\\/fr\\\/#website\",\"url\":\"https:\\\/\\\/graphimarket.com\\\/fr\\\/\",\"name\":\"Graphimarket\",\"description\":\"Find the perfect creative asset to bring your project to life\",\"publisher\":{\"@id\":\"https:\\\/\\\/graphimarket.com\\\/fr\\\/#organization\"},\"potentialAction\":[{\"@type\":\"SearchAction\",\"target\":{\"@type\":\"EntryPoint\",\"urlTemplate\":\"https:\\\/\\\/graphimarket.com\\\/fr\\\/?s={search_term_string}\"},\"query-input\":{\"@type\":\"PropertyValueSpecification\",\"valueRequired\":true,\"valueName\":\"search_term_string\"}}],\"inLanguage\":\"fr-FR\"},{\"@type\":\"Organization\",\"@id\":\"https:\\\/\\\/graphimarket.com\\\/fr\\\/#organization\",\"name\":\"Graphimarket\",\"url\":\"https:\\\/\\\/graphimarket.com\\\/fr\\\/\",\"logo\":{\"@type\":\"ImageObject\",\"inLanguage\":\"fr-FR\",\"@id\":\"https:\\\/\\\/graphimarket.com\\\/fr\\\/#\\\/schema\\\/logo\\\/image\\\/\",\"url\":\"https:\\\/\\\/graphimarket.com\\\/wp-content\\\/uploads\\\/2020\\\/08\\\/logo-48.png\",\"contentUrl\":\"https:\\\/\\\/graphimarket.com\\\/wp-content\\\/uploads\\\/2020\\\/08\\\/logo-48.png\",\"width\":132,\"height\":48,\"caption\":\"Graphimarket\"},\"image\":{\"@id\":\"https:\\\/\\\/graphimarket.com\\\/fr\\\/#\\\/schema\\\/logo\\\/image\\\/\"}}]}<\/script>\n<!-- \/ Yoast SEO plugin. -->","yoast_head_json":{"title":"Ultimatum Photoshop Action - Graphimarket","description":"Ultimatum Photoshop Action. Unique multifunctional\u00a0artistic\u00a0Photoshop action transform your photos into\u00a0digital art\u00a0with...","robots":{"index":"index","follow":"follow","max-snippet":"max-snippet:-1","max-image-preview":"max-image-preview:large","max-video-preview":"max-video-preview:-1"},"canonical":"https:\/\/graphimarket.com\/fr\/product\/ultimatum-photoshop-action\/","og_locale":"fr_FR","og_type":"article","og_title":"Ultimatum Photoshop Action - Graphimarket","og_description":"Ultimatum Photoshop Action. Unique multifunctional\u00a0artistic\u00a0Photoshop action transform your photos into\u00a0digital art\u00a0with...","og_url":"https:\/\/graphimarket.com\/fr\/product\/ultimatum-photoshop-action\/","og_site_name":"Graphimarket","article_modified_time":"2022-12-11T12:14:39+00:00","og_image":[{"url":"https:\/\/graphimarket.com\/wp-content\/uploads\/2021\/04\/68747470733a2f2f64726976652e676f6f676c652e636f6d2f7468756d626e61696c3f69643d3042786970556b442d44496c3951573959644556784d30707164564526737a3d7330.gif","width":616,"height":616,"type":"image\/gif"}],"twitter_card":"summary_large_image","twitter_misc":{"Est. reading time":"1 minute"},"schema":{"@context":"https:\/\/schema.org","@graph":[{"@type":"WebPage","@id":"https:\/\/graphimarket.com\/product\/ultimatum-photoshop-action\/","url":"https:\/\/graphimarket.com\/product\/ultimatum-photoshop-action\/","name":"Ultimatum Photoshop Action - Graphimarket","isPartOf":{"@id":"https:\/\/graphimarket.com\/fr\/#website"},"primaryImageOfPage":{"@id":"https:\/\/graphimarket.com\/product\/ultimatum-photoshop-action\/#primaryimage"},"image":{"@id":"https:\/\/graphimarket.com\/product\/ultimatum-photoshop-action\/#primaryimage"},"thumbnailUrl":"https:\/\/graphimarket.com\/wp-content\/uploads\/2021\/04\/68747470733a2f2f64726976652e676f6f676c652e636f6d2f7468756d626e61696c3f69643d3042786970556b442d44496c3951573959644556784d30707164564526737a3d7330.gif","datePublished":"2021-04-01T15:08:21+00:00","dateModified":"2022-12-11T12:14:39+00:00","description":"Ultimatum Photoshop Action. Unique multifunctional\u00a0artistic\u00a0Photoshop action transform your photos into\u00a0digital art\u00a0with...","breadcrumb":{"@id":"https:\/\/graphimarket.com\/product\/ultimatum-photoshop-action\/#breadcrumb"},"inLanguage":"fr-FR","potentialAction":[{"@type":"ReadAction","target":["https:\/\/graphimarket.com\/product\/ultimatum-photoshop-action\/"]}]},{"@type":"ImageObject","inLanguage":"fr-FR","@id":"https:\/\/graphimarket.com\/product\/ultimatum-photoshop-action\/#primaryimage","url":"https:\/\/graphimarket.com\/wp-content\/uploads\/2021\/04\/68747470733a2f2f64726976652e676f6f676c652e636f6d2f7468756d626e61696c3f69643d3042786970556b442d44496c3951573959644556784d30707164564526737a3d7330.gif","contentUrl":"https:\/\/graphimarket.com\/wp-content\/uploads\/2021\/04\/68747470733a2f2f64726976652e676f6f676c652e636f6d2f7468756d626e61696c3f69643d3042786970556b442d44496c3951573959644556784d30707164564526737a3d7330.gif","width":616,"height":616},{"@type":"BreadcrumbList","@id":"https:\/\/graphimarket.com\/product\/ultimatum-photoshop-action\/#breadcrumb","itemListElement":[{"@type":"ListItem","position":1,"name":"Home","item":"https:\/\/graphimarket.com\/es\/"},{"@type":"ListItem","position":2,"name":"Store","item":"https:\/\/graphimarket.com\/store\/"},{"@type":"ListItem","position":3,"name":"Ultimatum Photoshop Action"}]},{"@type":"WebSite","@id":"https:\/\/graphimarket.com\/fr\/#website","url":"https:\/\/graphimarket.com\/fr\/","name":"Graphimarket","description":"Trouvez l&#039;atout cr\u00e9atif parfait pour donner vie \u00e0 votre projet","publisher":{"@id":"https:\/\/graphimarket.com\/fr\/#organization"},"potentialAction":[{"@type":"SearchAction","target":{"@type":"EntryPoint","urlTemplate":"https:\/\/graphimarket.com\/fr\/?s={search_term_string}"},"query-input":{"@type":"PropertyValueSpecification","valueRequired":true,"valueName":"search_term_string"}}],"inLanguage":"fr-FR"},{"@type":"Organization","@id":"https:\/\/graphimarket.com\/fr\/#organization","name":"Graphimarket","url":"https:\/\/graphimarket.com\/fr\/","logo":{"@type":"ImageObject","inLanguage":"fr-FR","@id":"https:\/\/graphimarket.com\/fr\/#\/schema\/logo\/image\/","url":"https:\/\/graphimarket.com\/wp-content\/uploads\/2020\/08\/logo-48.png","contentUrl":"https:\/\/graphimarket.com\/wp-content\/uploads\/2020\/08\/logo-48.png","width":132,"height":48,"caption":"Graphimarket"},"image":{"@id":"https:\/\/graphimarket.com\/fr\/#\/schema\/logo\/image\/"}}]}},"_links":{"self":[{"href":"https:\/\/graphimarket.com\/fr\/wp-json\/wp\/v2\/product\/16962","targetHints":{"allow":["GET"]}}],"collection":[{"href":"https:\/\/graphimarket.com\/fr\/wp-json\/wp\/v2\/product"}],"about":[{"href":"https:\/\/graphimarket.com\/fr\/wp-json\/wp\/v2\/types\/product"}],"replies":[{"embeddable":true,"href":"https:\/\/graphimarket.com\/fr\/wp-json\/wp\/v2\/comments?post=16962"}],"version-history":[{"count":0,"href":"https:\/\/graphimarket.com\/fr\/wp-json\/wp\/v2\/product\/16962\/revisions"}],"wp:featuredmedia":[{"embeddable":true,"href":"https:\/\/graphimarket.com\/fr\/wp-json\/wp\/v2\/media\/16972"}],"wp:attachment":[{"href":"https:\/\/graphimarket.com\/fr\/wp-json\/wp\/v2\/media?parent=16962"}],"wp:term":[{"taxonomy":"product_brand","embeddable":true,"href":"https:\/\/graphimarket.com\/fr\/wp-json\/wp\/v2\/product_brand?post=16962"},{"taxonomy":"product_cat","embeddable":true,"href":"https:\/\/graphimarket.com\/fr\/wp-json\/wp\/v2\/product_cat?post=16962"},{"taxonomy":"product_tag","embeddable":true,"href":"https:\/\/graphimarket.com\/fr\/wp-json\/wp\/v2\/product_tag?post=16962"}],"curies":[{"name":"wp","href":"https:\/\/api.w.org\/{rel}","templated":true}]}}