{"id":17169,"date":"2021-04-08T17:34:39","date_gmt":"2021-04-08T15:34:39","guid":{"rendered":"https:\/\/graphimarket.com\/?post_type=product&#038;p=17169"},"modified":"2022-12-11T13:14:11","modified_gmt":"2022-12-11T12:14:11","slug":"dark-fantasy-photoshop-action","status":"publish","type":"product","link":"https:\/\/graphimarket.com\/fr\/product\/dark-fantasy-photoshop-action\/","title":{"rendered":"Action Photoshop Dark Fantasy"},"content":{"rendered":"<p><strong>Action Photoshop Dark Fantasy<\/strong><\/p>\n<p>Create this\u00a0<strong>professional, fantasy light effect<\/strong>\u00a0from your photos with no work at all! Just brush over your photo and play the action. It\u2019s really that simple! Creating this advanced\u00a0<strong>glow<\/strong>\u00a0et\u00a0<strong>Photoshop lighting effects<\/strong>\u00a0\u00e7a n&#039;a jamais \u00e9t\u00e9 \u00e7a\u00a0<strong>facile et amusant<\/strong>.<\/p>\n<p>L&#039;action fera tout le travail pour vous, vous laissant\u00a0<strong>enti\u00e8rement en couches<\/strong>\u00a0et\u00a0<strong>r\u00e9sultats personnalisables<\/strong>\u00a0that you can further modify. Every element is a single layer. You can\u00a0<strong>change light direction, density, width, or add more light sources!<\/strong>\u00a0The action will also create\u00a0<strong>25 color looks<\/strong>\u00a0que vous pouvez choisir.<\/p>\n<h4 id=\"item-description__features\">FONCTIONNALIT\u00c9S:<\/h4>\n<ul>\n<li>Simple, facile et amusant \u00e0 utiliser - m\u00eame pour les d\u00e9butants.<\/li>\n<li>\u00c9conomise des heures et des jours de travail.<\/li>\n<li>R\u00e9sultats enti\u00e8rement stratifi\u00e9s et personnalisables - chaque \u00e9l\u00e9ment est une seule couche.<\/li>\n<li>Beaucoup d&#039;options pour personnaliser les r\u00e9sultats.<\/li>\n<li>Easy to adjust the lighting.<\/li>\n<li>25 preset color looks included.<\/li>\n<li>Tutoriel vid\u00e9o inclus.<\/li>\n<\/ul>\n<h4 id=\"item-description__compatibility\">COMPATIBILIT\u00c9:<\/h4>\n<p>The action is tested and working in Photoshop (English versions) CS4, CS5, CS6, CC, CC 2015.5, CC 2017, CC 2018, CC 2019, CC 2020+<\/p>\n<p>&nbsp;<\/p>\n<p><img decoding=\"async\" src=\"https:\/\/graphimarket.com\/wp-content\/uploads\/2021\/04\/Preview-2-3.jpg\" \/><\/p>\n<div class=\"code-block code-block-6\"><\/div>","protected":false},"excerpt":{"rendered":"<p>Dark Fantasy Photoshop Action Create this\u00a0professional, fantasy light effect\u00a0from your photos with no work at all! Just brush over your photo and play the action. It\u2019s really that simple! Creating this advanced\u00a0glow\u00a0and\u00a0Photoshop lighting effects\u00a0has never been this\u00a0easy and fun. The action will do all the work for you, leaving you\u00a0fully layered\u00a0and\u00a0customizable results\u00a0that you can further [&hellip;]<\/p>\n","protected":false},"featured_media":17171,"comment_status":"open","ping_status":"closed","template":"","meta":{"site-sidebar-layout":"default","site-content-layout":"default","ast-site-content-layout":"default","site-content-style":"default","site-sidebar-style":"default","ast-global-header-display":"","ast-banner-title-visibility":"","ast-main-header-display":"","ast-hfb-above-header-display":"","ast-hfb-below-header-display":"","ast-hfb-mobile-header-display":"","site-post-title":"","ast-breadcrumbs-content":"","ast-featured-img":"","footer-sml-layout":"","ast-disable-related-posts":"","theme-transparent-header-meta":"default","adv-header-id-meta":"","stick-header-meta":"","header-above-stick-meta":"","header-main-stick-meta":"","header-below-stick-meta":"","astra-migrate-meta-layouts":"default","ast-page-background-enabled":"default","ast-page-background-meta":{"desktop":{"background-color":"","background-image":"","background-repeat":"repeat","background-position":"center center","background-size":"auto","background-attachment":"scroll","background-type":"","background-media":"","overlay-type":"","overlay-color":"","overlay-opacity":"","overlay-gradient":""},"tablet":{"background-color":"","background-image":"","background-repeat":"repeat","background-position":"center center","background-size":"auto","background-attachment":"scroll","background-type":"","background-media":"","overlay-type":"","overlay-color":"","overlay-opacity":"","overlay-gradient":""},"mobile":{"background-color":"","background-image":"","background-repeat":"repeat","background-position":"center center","background-size":"auto","background-attachment":"scroll","background-type":"","background-media":"","overlay-type":"","overlay-color":"","overlay-opacity":"","overlay-gradient":""}},"ast-content-background-meta":{"desktop":{"background-color":"var(--ast-global-color-5)","background-image":"","background-repeat":"repeat","background-position":"center center","background-size":"auto","background-attachment":"scroll","background-type":"","background-media":"","overlay-type":"","overlay-color":"","overlay-opacity":"","overlay-gradient":""},"tablet":{"background-color":"var(--ast-global-color-5)","background-image":"","background-repeat":"repeat","background-position":"center center","background-size":"auto","background-attachment":"scroll","background-type":"","background-media":"","overlay-type":"","overlay-color":"","overlay-opacity":"","overlay-gradient":""},"mobile":{"background-color":"var(--ast-global-color-5)","background-image":"","background-repeat":"repeat","background-position":"center center","background-size":"auto","background-attachment":"scroll","background-type":"","background-media":"","overlay-type":"","overlay-color":"","overlay-opacity":"","overlay-gradient":""}}},"product_brand":[],"product_cat":[196,15,144,145,195,146],"product_tag":[292,1386,531,1936,247,342,62],"class_list":{"0":"post-17169","1":"product","2":"type-product","3":"status-publish","4":"has-post-thumbnail","6":"product_cat-actions","7":"product_cat-photo","8":"product_cat-photo-editor","9":"product_cat-photography","10":"product_cat-photoshop","11":"product_cat-photoshop-action","12":"product_tag-action","13":"product_tag-adobe","14":"product_tag-cc","15":"product_tag-cs","16":"product_tag-dark","17":"product_tag-fantasy","18":"product_tag-photoshop","19":"desktop-align-left","20":"tablet-align-left","21":"mobile-align-left","23":"first","24":"instock","25":"sale","26":"downloadable","27":"virtual","28":"taxable","29":"purchasable","30":"product-type-simple"},"yoast_head":"<!-- This site is optimized with the Yoast SEO plugin v27.3 - https:\/\/yoast.com\/product\/yoast-seo-wordpress\/ -->\n<title>Dark Fantasy Photoshop Action - Graphimarket<\/title>\n<meta name=\"description\" content=\"Dark Fantasy Photoshop Action. Create this\u00a0professional, fantasy light effect\u00a0from your photos with no work at all!...\" \/>\n<meta name=\"robots\" content=\"index, follow, max-snippet:-1, max-image-preview:large, max-video-preview:-1\" \/>\n<link rel=\"canonical\" href=\"https:\/\/graphimarket.com\/fr\/product\/dark-fantasy-photoshop-action\/\" \/>\n<meta property=\"og:locale\" content=\"fr_FR\" \/>\n<meta property=\"og:type\" content=\"article\" \/>\n<meta property=\"og:title\" content=\"Dark Fantasy Photoshop Action - Graphimarket\" \/>\n<meta property=\"og:description\" content=\"Dark Fantasy Photoshop Action. Create this\u00a0professional, fantasy light effect\u00a0from your photos with no work at all!...\" \/>\n<meta property=\"og:url\" content=\"https:\/\/graphimarket.com\/fr\/product\/dark-fantasy-photoshop-action\/\" \/>\n<meta property=\"og:site_name\" content=\"Graphimarket\" \/>\n<meta property=\"article:modified_time\" content=\"2022-12-11T12:14:11+00:00\" \/>\n<meta property=\"og:image\" content=\"https:\/\/graphimarket.com\/wp-content\/uploads\/2021\/04\/icon-12.jpg\" \/>\n\t<meta property=\"og:image:width\" content=\"590\" \/>\n\t<meta property=\"og:image:height\" content=\"680\" \/>\n\t<meta property=\"og:image:type\" content=\"image\/jpeg\" \/>\n<meta name=\"twitter:card\" content=\"summary_large_image\" \/>\n<meta name=\"twitter:label1\" content=\"Est. reading time\" \/>\n\t<meta name=\"twitter:data1\" content=\"1 minute\" \/>\n<script type=\"application\/ld+json\" class=\"yoast-schema-graph\">{\"@context\":\"https:\\\/\\\/schema.org\",\"@graph\":[{\"@type\":\"WebPage\",\"@id\":\"https:\\\/\\\/graphimarket.com\\\/es\\\/product\\\/dark-fantasy-photoshop-action\\\/\",\"url\":\"https:\\\/\\\/graphimarket.com\\\/es\\\/product\\\/dark-fantasy-photoshop-action\\\/\",\"name\":\"Dark Fantasy Photoshop Action - Graphimarket\",\"isPartOf\":{\"@id\":\"https:\\\/\\\/graphimarket.com\\\/fr\\\/#website\"},\"primaryImageOfPage\":{\"@id\":\"https:\\\/\\\/graphimarket.com\\\/es\\\/product\\\/dark-fantasy-photoshop-action\\\/#primaryimage\"},\"image\":{\"@id\":\"https:\\\/\\\/graphimarket.com\\\/es\\\/product\\\/dark-fantasy-photoshop-action\\\/#primaryimage\"},\"thumbnailUrl\":\"https:\\\/\\\/graphimarket.com\\\/wp-content\\\/uploads\\\/2021\\\/04\\\/icon-12.jpg\",\"datePublished\":\"2021-04-08T15:34:39+00:00\",\"dateModified\":\"2022-12-11T12:14:11+00:00\",\"description\":\"Dark Fantasy Photoshop Action. Create this\u00a0professional, fantasy light effect\u00a0from your photos with no work at all!...\",\"breadcrumb\":{\"@id\":\"https:\\\/\\\/graphimarket.com\\\/es\\\/product\\\/dark-fantasy-photoshop-action\\\/#breadcrumb\"},\"inLanguage\":\"fr-FR\",\"potentialAction\":[{\"@type\":\"ReadAction\",\"target\":[\"https:\\\/\\\/graphimarket.com\\\/es\\\/product\\\/dark-fantasy-photoshop-action\\\/\"]}]},{\"@type\":\"ImageObject\",\"inLanguage\":\"fr-FR\",\"@id\":\"https:\\\/\\\/graphimarket.com\\\/es\\\/product\\\/dark-fantasy-photoshop-action\\\/#primaryimage\",\"url\":\"https:\\\/\\\/graphimarket.com\\\/wp-content\\\/uploads\\\/2021\\\/04\\\/icon-12.jpg\",\"contentUrl\":\"https:\\\/\\\/graphimarket.com\\\/wp-content\\\/uploads\\\/2021\\\/04\\\/icon-12.jpg\",\"width\":590,\"height\":680},{\"@type\":\"BreadcrumbList\",\"@id\":\"https:\\\/\\\/graphimarket.com\\\/es\\\/product\\\/dark-fantasy-photoshop-action\\\/#breadcrumb\",\"itemListElement\":[{\"@type\":\"ListItem\",\"position\":1,\"name\":\"Home\",\"item\":\"https:\\\/\\\/graphimarket.com\\\/es\\\/\"},{\"@type\":\"ListItem\",\"position\":2,\"name\":\"Store\",\"item\":\"https:\\\/\\\/graphimarket.com\\\/store\\\/\"},{\"@type\":\"ListItem\",\"position\":3,\"name\":\"Dark Fantasy Photoshop Action\"}]},{\"@type\":\"WebSite\",\"@id\":\"https:\\\/\\\/graphimarket.com\\\/fr\\\/#website\",\"url\":\"https:\\\/\\\/graphimarket.com\\\/fr\\\/\",\"name\":\"Graphimarket\",\"description\":\"Find the perfect creative asset to bring your project to life\",\"publisher\":{\"@id\":\"https:\\\/\\\/graphimarket.com\\\/fr\\\/#organization\"},\"potentialAction\":[{\"@type\":\"SearchAction\",\"target\":{\"@type\":\"EntryPoint\",\"urlTemplate\":\"https:\\\/\\\/graphimarket.com\\\/fr\\\/?s={search_term_string}\"},\"query-input\":{\"@type\":\"PropertyValueSpecification\",\"valueRequired\":true,\"valueName\":\"search_term_string\"}}],\"inLanguage\":\"fr-FR\"},{\"@type\":\"Organization\",\"@id\":\"https:\\\/\\\/graphimarket.com\\\/fr\\\/#organization\",\"name\":\"Graphimarket\",\"url\":\"https:\\\/\\\/graphimarket.com\\\/fr\\\/\",\"logo\":{\"@type\":\"ImageObject\",\"inLanguage\":\"fr-FR\",\"@id\":\"https:\\\/\\\/graphimarket.com\\\/fr\\\/#\\\/schema\\\/logo\\\/image\\\/\",\"url\":\"https:\\\/\\\/graphimarket.com\\\/wp-content\\\/uploads\\\/2020\\\/08\\\/logo-48.png\",\"contentUrl\":\"https:\\\/\\\/graphimarket.com\\\/wp-content\\\/uploads\\\/2020\\\/08\\\/logo-48.png\",\"width\":132,\"height\":48,\"caption\":\"Graphimarket\"},\"image\":{\"@id\":\"https:\\\/\\\/graphimarket.com\\\/fr\\\/#\\\/schema\\\/logo\\\/image\\\/\"}}]}<\/script>\n<!-- \/ Yoast SEO plugin. -->","yoast_head_json":{"title":"Dark Fantasy Photoshop Action - Graphimarket","description":"Dark Fantasy Photoshop Action. Create this\u00a0professional, fantasy light effect\u00a0from your photos with no work at all!...","robots":{"index":"index","follow":"follow","max-snippet":"max-snippet:-1","max-image-preview":"max-image-preview:large","max-video-preview":"max-video-preview:-1"},"canonical":"https:\/\/graphimarket.com\/fr\/product\/dark-fantasy-photoshop-action\/","og_locale":"fr_FR","og_type":"article","og_title":"Dark Fantasy Photoshop Action - Graphimarket","og_description":"Dark Fantasy Photoshop Action. Create this\u00a0professional, fantasy light effect\u00a0from your photos with no work at all!...","og_url":"https:\/\/graphimarket.com\/fr\/product\/dark-fantasy-photoshop-action\/","og_site_name":"Graphimarket","article_modified_time":"2022-12-11T12:14:11+00:00","og_image":[{"width":590,"height":680,"url":"https:\/\/graphimarket.com\/wp-content\/uploads\/2021\/04\/icon-12.jpg","type":"image\/jpeg"}],"twitter_card":"summary_large_image","twitter_misc":{"Est. reading time":"1 minute"},"schema":{"@context":"https:\/\/schema.org","@graph":[{"@type":"WebPage","@id":"https:\/\/graphimarket.com\/es\/product\/dark-fantasy-photoshop-action\/","url":"https:\/\/graphimarket.com\/es\/product\/dark-fantasy-photoshop-action\/","name":"Dark Fantasy Photoshop Action - Graphimarket","isPartOf":{"@id":"https:\/\/graphimarket.com\/fr\/#website"},"primaryImageOfPage":{"@id":"https:\/\/graphimarket.com\/es\/product\/dark-fantasy-photoshop-action\/#primaryimage"},"image":{"@id":"https:\/\/graphimarket.com\/es\/product\/dark-fantasy-photoshop-action\/#primaryimage"},"thumbnailUrl":"https:\/\/graphimarket.com\/wp-content\/uploads\/2021\/04\/icon-12.jpg","datePublished":"2021-04-08T15:34:39+00:00","dateModified":"2022-12-11T12:14:11+00:00","description":"Dark Fantasy Photoshop Action. Create this\u00a0professional, fantasy light effect\u00a0from your photos with no work at all!...","breadcrumb":{"@id":"https:\/\/graphimarket.com\/es\/product\/dark-fantasy-photoshop-action\/#breadcrumb"},"inLanguage":"fr-FR","potentialAction":[{"@type":"ReadAction","target":["https:\/\/graphimarket.com\/es\/product\/dark-fantasy-photoshop-action\/"]}]},{"@type":"ImageObject","inLanguage":"fr-FR","@id":"https:\/\/graphimarket.com\/es\/product\/dark-fantasy-photoshop-action\/#primaryimage","url":"https:\/\/graphimarket.com\/wp-content\/uploads\/2021\/04\/icon-12.jpg","contentUrl":"https:\/\/graphimarket.com\/wp-content\/uploads\/2021\/04\/icon-12.jpg","width":590,"height":680},{"@type":"BreadcrumbList","@id":"https:\/\/graphimarket.com\/es\/product\/dark-fantasy-photoshop-action\/#breadcrumb","itemListElement":[{"@type":"ListItem","position":1,"name":"Home","item":"https:\/\/graphimarket.com\/es\/"},{"@type":"ListItem","position":2,"name":"Store","item":"https:\/\/graphimarket.com\/store\/"},{"@type":"ListItem","position":3,"name":"Dark Fantasy Photoshop Action"}]},{"@type":"WebSite","@id":"https:\/\/graphimarket.com\/fr\/#website","url":"https:\/\/graphimarket.com\/fr\/","name":"Graphimarket","description":"Trouvez l&#039;atout cr\u00e9atif parfait pour donner vie \u00e0 votre projet","publisher":{"@id":"https:\/\/graphimarket.com\/fr\/#organization"},"potentialAction":[{"@type":"SearchAction","target":{"@type":"EntryPoint","urlTemplate":"https:\/\/graphimarket.com\/fr\/?s={search_term_string}"},"query-input":{"@type":"PropertyValueSpecification","valueRequired":true,"valueName":"search_term_string"}}],"inLanguage":"fr-FR"},{"@type":"Organization","@id":"https:\/\/graphimarket.com\/fr\/#organization","name":"Graphimarket","url":"https:\/\/graphimarket.com\/fr\/","logo":{"@type":"ImageObject","inLanguage":"fr-FR","@id":"https:\/\/graphimarket.com\/fr\/#\/schema\/logo\/image\/","url":"https:\/\/graphimarket.com\/wp-content\/uploads\/2020\/08\/logo-48.png","contentUrl":"https:\/\/graphimarket.com\/wp-content\/uploads\/2020\/08\/logo-48.png","width":132,"height":48,"caption":"Graphimarket"},"image":{"@id":"https:\/\/graphimarket.com\/fr\/#\/schema\/logo\/image\/"}}]}},"_links":{"self":[{"href":"https:\/\/graphimarket.com\/fr\/wp-json\/wp\/v2\/product\/17169","targetHints":{"allow":["GET"]}}],"collection":[{"href":"https:\/\/graphimarket.com\/fr\/wp-json\/wp\/v2\/product"}],"about":[{"href":"https:\/\/graphimarket.com\/fr\/wp-json\/wp\/v2\/types\/product"}],"replies":[{"embeddable":true,"href":"https:\/\/graphimarket.com\/fr\/wp-json\/wp\/v2\/comments?post=17169"}],"version-history":[{"count":0,"href":"https:\/\/graphimarket.com\/fr\/wp-json\/wp\/v2\/product\/17169\/revisions"}],"wp:featuredmedia":[{"embeddable":true,"href":"https:\/\/graphimarket.com\/fr\/wp-json\/wp\/v2\/media\/17171"}],"wp:attachment":[{"href":"https:\/\/graphimarket.com\/fr\/wp-json\/wp\/v2\/media?parent=17169"}],"wp:term":[{"taxonomy":"product_brand","embeddable":true,"href":"https:\/\/graphimarket.com\/fr\/wp-json\/wp\/v2\/product_brand?post=17169"},{"taxonomy":"product_cat","embeddable":true,"href":"https:\/\/graphimarket.com\/fr\/wp-json\/wp\/v2\/product_cat?post=17169"},{"taxonomy":"product_tag","embeddable":true,"href":"https:\/\/graphimarket.com\/fr\/wp-json\/wp\/v2\/product_tag?post=17169"}],"curies":[{"name":"wp","href":"https:\/\/api.w.org\/{rel}","templated":true}]}}