{"id":17872,"date":"2021-08-09T11:00:44","date_gmt":"2021-08-09T09:00:44","guid":{"rendered":"https:\/\/graphimarket.com\/?post_type=product&#038;p=17872"},"modified":"2024-05-04T23:35:16","modified_gmt":"2024-05-04T21:35:16","slug":"vintage-travel-poster-photoshop-action","status":"publish","type":"product","link":"https:\/\/graphimarket.com\/fr\/product\/vintage-travel-poster-photoshop-action\/","title":{"rendered":"Affiche de voyage vintage Photoshop Action"},"content":{"rendered":"<h2 id=\"item-description__vintage-travel-poster-photoshop-action\">Affiche de voyage vintage Photoshop Action<\/h2>\n<p><strong>Affiche de voyage vintage Photoshop Action<\/strong>\u00a0transforme vos photos en\u00a0<strong>voyage classique posters<\/strong>. Le sc\u00e9nario est\u00a0<strong>intelligemment con\u00e7u<\/strong>\u00a0pour offrir une meilleure exp\u00e9rience \u00e0 l&#039;utilisateur final. Vous pouvez simplement l&#039;ex\u00e9cuter sur n&#039;importe laquelle de vos images et l&#039;action fera le reste. Vous auriez juste besoin\u00a0<strong>Photoshop (CS5 ou plus r\u00e9cent)<\/strong>\u00a0et aucune comp\u00e9tence avanc\u00e9e. Maintenant, tout le monde peut vraiment\u00a0<strong>\u00eatre un artiste<\/strong>!<\/p>\n<p>L&#039;effet fonctionne mieux sur -\u00a0<strong>paysages urbains, photos de rue, architectures, b\u00e2timents, paysages<\/strong>\u00a0- Vintage Travel Poster Photoshop Action vous a couvert sous tous les angles. De plus cette action s&#039;ex\u00e9cute sur\u00a0<strong>n&#039;importe quelle langue de Photoshop<\/strong>.<\/p>\n<p>Apr\u00e8s avoir ex\u00e9cut\u00e9 l&#039;action, vous avez la possibilit\u00e9 de\u00a0<strong>personnaliser les diff\u00e9rents \u00e9l\u00e9ments<\/strong>\u00a0g\u00e9n\u00e9r\u00e9 et modifiez-le comme vous l&#039;aimez! Vous pouvez modifier diff\u00e9rents \u00e9l\u00e9ments artistiques g\u00e9n\u00e9r\u00e9s -\u00a0<strong>diff\u00e9rents niveaux d&#039;\u00e9l\u00e9ments artistiques, textures vintage, cadre abstrait, effets de couleur vintage authentiques et bien plus encore<\/strong>.<\/p>\n<p>Quoi de plus amusant ? Le pack contient \u00e9galement\u00a0<strong>2 mod\u00e8les de maquette de cadre premium<\/strong>. En outre, vous pouvez commercialiser le produit final de l&#039;effet. Qu&#039;est-ce que cela signifie - bien que vous ne soyez pas autoris\u00e9 \u00e0 modifier et \u00e0 vendre l&#039;action elle-m\u00eame, mais vous pouvez vendre les effets finaux des images sur lesquelles vous appliquez l&#039;effet.<\/p>\n<ul>\n<li>Transforme vos photos en affiches de voyage vintage r\u00e9alistes<\/li>\n<li>Fonctionne avec Photoshop version CS5 et plus r\u00e9cente<\/li>\n<li>Fonctionne avec n&#039;importe quelle langue de Photoshop<\/li>\n<li>Chargez simplement les ressources, ouvrez une image et ex\u00e9cutez l&#039;action<\/li>\n<li>Aucune comp\u00e9tence avanc\u00e9e requise<\/li>\n<li>Options illimit\u00e9es \u00e0 personnaliser<\/li>\n<li>10 effets de couleur vintage authentiques inclus<\/li>\n<li>10 tons de couleur vintage inclus<\/li>\n<li>2 mod\u00e8les de maquette de cadre premium inclus<\/li>\n<li>Ajustez les param\u00e8tres en fonction de votre style<\/li>\n<\/ul>\n<p><strong>M\u00e9langez diff\u00e9rents styles pour cr\u00e9er votre propre composition \u00e9poustouflante.<\/strong>\u00a0Veuillez parcourir le guide vid\u00e9o pour savoir comment charger l&#039;action et personnaliser les effets.<\/p>\n<p><strong>Test\u00e9 et assur\u00e9<\/strong>\u00a0Cette action a \u00e9t\u00e9 test\u00e9e et fonctionne sur Photoshop\u00a0<strong>CS5, CS6, CC 2014, CC 2015, CC 2015.5, CC 2017, CC 2018, CC 2019, CC 2020, CC 2021+<\/strong>\u00a0Test\u00e9 avec plus de 50 images pour assurer l&#039;int\u00e9grit\u00e9 de l&#039;action.<\/p>\n<p><strong>Taille recommand\u00e9e<\/strong>\u00a0L&#039;action fonctionne mieux avec des images d&#039;une taille d&#039;environ\u00a0<strong>1500px \u2013 4000px haut\/large et r\u00e9solution 72\/300 dpi<\/strong>. L&#039;utilisation d&#039;images de r\u00e9solution inf\u00e9rieure entra\u00eenera une diminution des d\u00e9tails et de la clart\u00e9 de la composition finale.<br \/>\nSi vous avez une image de r\u00e9solution inf\u00e9rieure, allez dans \u00abImage\u00bb -&gt; \u00abTaille de l&#039;image\u2026\u00bb et modifiez-la aux dimensions sp\u00e9cifi\u00e9es. L&#039;utilisation peut toujours \u00eatre redimensionn\u00e9e \u00e0 votre dimension d&#039;origine une fois que l&#039;effet a \u00e9t\u00e9 appliqu\u00e9.<\/p>\n<p><img fetchpriority=\"high\" decoding=\"async\" class=\"alignnone size-full wp-image-17873\" src=\"https:\/\/graphimarket.com\/wp-content\/uploads\/2021\/08\/vintage-travel-poster-03.jpg\" alt=\"\" width=\"1500\" height=\"2121\" srcset=\"https:\/\/graphimarket.com\/wp-content\/uploads\/2021\/08\/vintage-travel-poster-03.jpg 1500w, https:\/\/graphimarket.com\/wp-content\/uploads\/2021\/08\/vintage-travel-poster-03-212x300.jpg 212w, https:\/\/graphimarket.com\/wp-content\/uploads\/2021\/08\/vintage-travel-poster-03-724x1024.jpg 724w, https:\/\/graphimarket.com\/wp-content\/uploads\/2021\/08\/vintage-travel-poster-03-768x1086.jpg 768w, https:\/\/graphimarket.com\/wp-content\/uploads\/2021\/08\/vintage-travel-poster-03-1086x1536.jpg 1086w, https:\/\/graphimarket.com\/wp-content\/uploads\/2021\/08\/vintage-travel-poster-03-1448x2048.jpg 1448w, https:\/\/graphimarket.com\/wp-content\/uploads\/2021\/08\/vintage-travel-poster-03-8x12.jpg 8w, https:\/\/graphimarket.com\/wp-content\/uploads\/2021\/08\/vintage-travel-poster-03-1320x1866.jpg 1320w, https:\/\/graphimarket.com\/wp-content\/uploads\/2021\/08\/vintage-travel-poster-03-600x848.jpg 600w\" sizes=\"(max-width: 1500px) 100vw, 1500px\" \/> <img decoding=\"async\" class=\"alignnone size-full wp-image-17874\" src=\"https:\/\/graphimarket.com\/wp-content\/uploads\/2021\/08\/vintage-travel-poster-04.jpg\" alt=\"\" width=\"1500\" height=\"2121\" srcset=\"https:\/\/graphimarket.com\/wp-content\/uploads\/2021\/08\/vintage-travel-poster-04.jpg 1500w, https:\/\/graphimarket.com\/wp-content\/uploads\/2021\/08\/vintage-travel-poster-04-212x300.jpg 212w, https:\/\/graphimarket.com\/wp-content\/uploads\/2021\/08\/vintage-travel-poster-04-724x1024.jpg 724w, https:\/\/graphimarket.com\/wp-content\/uploads\/2021\/08\/vintage-travel-poster-04-768x1086.jpg 768w, https:\/\/graphimarket.com\/wp-content\/uploads\/2021\/08\/vintage-travel-poster-04-1086x1536.jpg 1086w, https:\/\/graphimarket.com\/wp-content\/uploads\/2021\/08\/vintage-travel-poster-04-1448x2048.jpg 1448w, https:\/\/graphimarket.com\/wp-content\/uploads\/2021\/08\/vintage-travel-poster-04-8x12.jpg 8w, https:\/\/graphimarket.com\/wp-content\/uploads\/2021\/08\/vintage-travel-poster-04-1320x1866.jpg 1320w, https:\/\/graphimarket.com\/wp-content\/uploads\/2021\/08\/vintage-travel-poster-04-600x848.jpg 600w\" sizes=\"(max-width: 1500px) 100vw, 1500px\" \/> <img decoding=\"async\" class=\"alignnone size-full wp-image-17875\" src=\"https:\/\/graphimarket.com\/wp-content\/uploads\/2021\/08\/vintage-travel-poster-06-scaled.jpg\" alt=\"\" width=\"1440\" height=\"2560\" srcset=\"https:\/\/graphimarket.com\/wp-content\/uploads\/2021\/08\/vintage-travel-poster-06-scaled.jpg 1440w, https:\/\/graphimarket.com\/wp-content\/uploads\/2021\/08\/vintage-travel-poster-06-169x300.jpg 169w, https:\/\/graphimarket.com\/wp-content\/uploads\/2021\/08\/vintage-travel-poster-06-576x1024.jpg 576w, https:\/\/graphimarket.com\/wp-content\/uploads\/2021\/08\/vintage-travel-poster-06-768x1365.jpg 768w, https:\/\/graphimarket.com\/wp-content\/uploads\/2021\/08\/vintage-travel-poster-06-864x1536.jpg 864w, https:\/\/graphimarket.com\/wp-content\/uploads\/2021\/08\/vintage-travel-poster-06-1152x2048.jpg 1152w, https:\/\/graphimarket.com\/wp-content\/uploads\/2021\/08\/vintage-travel-poster-06-7x12.jpg 7w, https:\/\/graphimarket.com\/wp-content\/uploads\/2021\/08\/vintage-travel-poster-06-1320x2346.jpg 1320w, https:\/\/graphimarket.com\/wp-content\/uploads\/2021\/08\/vintage-travel-poster-06-600x1066.jpg 600w\" sizes=\"(max-width: 1440px) 100vw, 1440px\" \/> <img loading=\"lazy\" decoding=\"async\" class=\"alignnone size-full wp-image-17876\" src=\"https:\/\/graphimarket.com\/wp-content\/uploads\/2021\/08\/vintage-travel-poster-11.jpg\" alt=\"\" width=\"1500\" height=\"1000\" srcset=\"https:\/\/graphimarket.com\/wp-content\/uploads\/2021\/08\/vintage-travel-poster-11.jpg 1500w, https:\/\/graphimarket.com\/wp-content\/uploads\/2021\/08\/vintage-travel-poster-11-300x200.jpg 300w, https:\/\/graphimarket.com\/wp-content\/uploads\/2021\/08\/vintage-travel-poster-11-1024x683.jpg 1024w, https:\/\/graphimarket.com\/wp-content\/uploads\/2021\/08\/vintage-travel-poster-11-768x512.jpg 768w, https:\/\/graphimarket.com\/wp-content\/uploads\/2021\/08\/vintage-travel-poster-11-16x12.jpg 16w, https:\/\/graphimarket.com\/wp-content\/uploads\/2021\/08\/vintage-travel-poster-11-1320x880.jpg 1320w, https:\/\/graphimarket.com\/wp-content\/uploads\/2021\/08\/vintage-travel-poster-11-600x400.jpg 600w\" sizes=\"(max-width: 1500px) 100vw, 1500px\" \/> <img loading=\"lazy\" decoding=\"async\" class=\"alignnone size-full wp-image-17877\" src=\"https:\/\/graphimarket.com\/wp-content\/uploads\/2021\/08\/vintage-travel-poster-13.jpg\" alt=\"\" width=\"1500\" height=\"1019\" srcset=\"https:\/\/graphimarket.com\/wp-content\/uploads\/2021\/08\/vintage-travel-poster-13.jpg 1500w, https:\/\/graphimarket.com\/wp-content\/uploads\/2021\/08\/vintage-travel-poster-13-300x204.jpg 300w, https:\/\/graphimarket.com\/wp-content\/uploads\/2021\/08\/vintage-travel-poster-13-1024x696.jpg 1024w, https:\/\/graphimarket.com\/wp-content\/uploads\/2021\/08\/vintage-travel-poster-13-768x522.jpg 768w, https:\/\/graphimarket.com\/wp-content\/uploads\/2021\/08\/vintage-travel-poster-13-16x12.jpg 16w, https:\/\/graphimarket.com\/wp-content\/uploads\/2021\/08\/vintage-travel-poster-13-1320x897.jpg 1320w, https:\/\/graphimarket.com\/wp-content\/uploads\/2021\/08\/vintage-travel-poster-13-600x408.jpg 600w\" sizes=\"(max-width: 1500px) 100vw, 1500px\" \/> <img loading=\"lazy\" decoding=\"async\" class=\"alignnone size-full wp-image-17878\" src=\"https:\/\/graphimarket.com\/wp-content\/uploads\/2021\/08\/vintage-travel-poster-01.jpg\" alt=\"\" width=\"1500\" height=\"2144\" srcset=\"https:\/\/graphimarket.com\/wp-content\/uploads\/2021\/08\/vintage-travel-poster-01.jpg 1500w, https:\/\/graphimarket.com\/wp-content\/uploads\/2021\/08\/vintage-travel-poster-01-210x300.jpg 210w, https:\/\/graphimarket.com\/wp-content\/uploads\/2021\/08\/vintage-travel-poster-01-716x1024.jpg 716w, https:\/\/graphimarket.com\/wp-content\/uploads\/2021\/08\/vintage-travel-poster-01-768x1098.jpg 768w, https:\/\/graphimarket.com\/wp-content\/uploads\/2021\/08\/vintage-travel-poster-01-1075x1536.jpg 1075w, https:\/\/graphimarket.com\/wp-content\/uploads\/2021\/08\/vintage-travel-poster-01-1433x2048.jpg 1433w, https:\/\/graphimarket.com\/wp-content\/uploads\/2021\/08\/vintage-travel-poster-01-8x12.jpg 8w, https:\/\/graphimarket.com\/wp-content\/uploads\/2021\/08\/vintage-travel-poster-01-1320x1887.jpg 1320w, https:\/\/graphimarket.com\/wp-content\/uploads\/2021\/08\/vintage-travel-poster-01-600x858.jpg 600w\" sizes=\"(max-width: 1500px) 100vw, 1500px\" \/> <img loading=\"lazy\" decoding=\"async\" class=\"alignnone size-full wp-image-17879\" src=\"https:\/\/graphimarket.com\/wp-content\/uploads\/2021\/08\/vintage-travel-poster-02.jpg\" alt=\"\" width=\"1500\" height=\"2121\" srcset=\"https:\/\/graphimarket.com\/wp-content\/uploads\/2021\/08\/vintage-travel-poster-02.jpg 1500w, https:\/\/graphimarket.com\/wp-content\/uploads\/2021\/08\/vintage-travel-poster-02-212x300.jpg 212w, https:\/\/graphimarket.com\/wp-content\/uploads\/2021\/08\/vintage-travel-poster-02-724x1024.jpg 724w, https:\/\/graphimarket.com\/wp-content\/uploads\/2021\/08\/vintage-travel-poster-02-768x1086.jpg 768w, https:\/\/graphimarket.com\/wp-content\/uploads\/2021\/08\/vintage-travel-poster-02-1086x1536.jpg 1086w, https:\/\/graphimarket.com\/wp-content\/uploads\/2021\/08\/vintage-travel-poster-02-1448x2048.jpg 1448w, https:\/\/graphimarket.com\/wp-content\/uploads\/2021\/08\/vintage-travel-poster-02-8x12.jpg 8w, https:\/\/graphimarket.com\/wp-content\/uploads\/2021\/08\/vintage-travel-poster-02-1320x1866.jpg 1320w, https:\/\/graphimarket.com\/wp-content\/uploads\/2021\/08\/vintage-travel-poster-02-600x848.jpg 600w\" sizes=\"(max-width: 1500px) 100vw, 1500px\" \/><\/p>","protected":false},"excerpt":{"rendered":"<p>Vintage Travel Poster Photoshop Action Vintage Travel Poster Photoshop Action\u00a0turns your photos into\u00a0classic travel posters. The script is\u00a0intelligently crafted\u00a0to give a better end-user experience. You can simply run it\u00a0on any of your images and the action will do the rest. You would just need\u00a0Photoshop\u00a0(CS5 or newer)\u00a0and no advanced skill. Now, anyone can truly\u00a0be an artist! [&hellip;]<\/p>\n","protected":false},"featured_media":17878,"comment_status":"open","ping_status":"closed","template":"","meta":{"site-sidebar-layout":"default","site-content-layout":"default","ast-site-content-layout":"default","site-content-style":"default","site-sidebar-style":"default","ast-global-header-display":"","ast-banner-title-visibility":"","ast-main-header-display":"","ast-hfb-above-header-display":"","ast-hfb-below-header-display":"","ast-hfb-mobile-header-display":"","site-post-title":"","ast-breadcrumbs-content":"","ast-featured-img":"","footer-sml-layout":"","ast-disable-related-posts":"","theme-transparent-header-meta":"default","adv-header-id-meta":"","stick-header-meta":"","header-above-stick-meta":"","header-main-stick-meta":"","header-below-stick-meta":"","astra-migrate-meta-layouts":"default","ast-page-background-enabled":"default","ast-page-background-meta":{"desktop":{"background-color":"","background-image":"","background-repeat":"repeat","background-position":"center center","background-size":"auto","background-attachment":"scroll","background-type":"","background-media":"","overlay-type":"","overlay-color":"","overlay-opacity":"","overlay-gradient":""},"tablet":{"background-color":"","background-image":"","background-repeat":"repeat","background-position":"center center","background-size":"auto","background-attachment":"scroll","background-type":"","background-media":"","overlay-type":"","overlay-color":"","overlay-opacity":"","overlay-gradient":""},"mobile":{"background-color":"","background-image":"","background-repeat":"repeat","background-position":"center center","background-size":"auto","background-attachment":"scroll","background-type":"","background-media":"","overlay-type":"","overlay-color":"","overlay-opacity":"","overlay-gradient":""}},"ast-content-background-meta":{"desktop":{"background-color":"var(--ast-global-color-5)","background-image":"","background-repeat":"repeat","background-position":"center center","background-size":"auto","background-attachment":"scroll","background-type":"","background-media":"","overlay-type":"","overlay-color":"","overlay-opacity":"","overlay-gradient":""},"tablet":{"background-color":"var(--ast-global-color-5)","background-image":"","background-repeat":"repeat","background-position":"center center","background-size":"auto","background-attachment":"scroll","background-type":"","background-media":"","overlay-type":"","overlay-color":"","overlay-opacity":"","overlay-gradient":""},"mobile":{"background-color":"var(--ast-global-color-5)","background-image":"","background-repeat":"repeat","background-position":"center center","background-size":"auto","background-attachment":"scroll","background-type":"","background-media":"","overlay-type":"","overlay-color":"","overlay-opacity":"","overlay-gradient":""}}},"product_brand":[],"product_cat":[196,97,15,144,145,195,146],"product_tag":[292,62,584,1351,276],"class_list":{"0":"post-17872","1":"product","2":"type-product","3":"status-publish","4":"has-post-thumbnail","6":"product_cat-actions","7":"product_cat-addons","8":"product_cat-photo","9":"product_cat-photo-editor","10":"product_cat-photography","11":"product_cat-photoshop","12":"product_cat-photoshop-action","13":"product_tag-action","14":"product_tag-photoshop","15":"product_tag-poster","16":"product_tag-travel","17":"product_tag-vintage","18":"desktop-align-left","19":"tablet-align-left","20":"mobile-align-left","22":"first","23":"instock","24":"sale","25":"downloadable","26":"virtual","27":"taxable","28":"purchasable","29":"product-type-simple"},"yoast_head":"<!-- This site is optimized with the Yoast SEO plugin v27.3 - https:\/\/yoast.com\/product\/yoast-seo-wordpress\/ -->\n<title>Vintage Travel Poster Photoshop Action - Graphimarket<\/title>\n<meta name=\"description\" content=\"Vintage Travel Poster Photoshop Action\u00a0turns your photos into\u00a0classic travel posters.The script is\u00a0intelligently crafted...\" \/>\n<meta name=\"robots\" content=\"index, follow, max-snippet:-1, max-image-preview:large, max-video-preview:-1\" \/>\n<link rel=\"canonical\" href=\"https:\/\/graphimarket.com\/fr\/product\/vintage-travel-poster-photoshop-action\/\" \/>\n<meta property=\"og:locale\" content=\"fr_FR\" \/>\n<meta property=\"og:type\" content=\"article\" \/>\n<meta property=\"og:title\" content=\"Vintage Travel Poster Photoshop Action - Graphimarket\" \/>\n<meta property=\"og:description\" content=\"Vintage Travel Poster Photoshop Action\u00a0turns your photos into\u00a0classic travel posters.The script is\u00a0intelligently crafted...\" \/>\n<meta property=\"og:url\" content=\"https:\/\/graphimarket.com\/fr\/product\/vintage-travel-poster-photoshop-action\/\" \/>\n<meta property=\"og:site_name\" content=\"Graphimarket\" \/>\n<meta property=\"article:modified_time\" content=\"2024-05-04T21:35:16+00:00\" \/>\n<meta property=\"og:image\" content=\"https:\/\/graphimarket.com\/wp-content\/uploads\/2021\/08\/vintage-travel-poster-01-716x1024.jpg\" \/>\n\t<meta property=\"og:image:width\" content=\"716\" \/>\n\t<meta property=\"og:image:height\" content=\"1024\" \/>\n\t<meta property=\"og:image:type\" content=\"image\/jpeg\" \/>\n<meta name=\"twitter:card\" content=\"summary_large_image\" \/>\n<meta name=\"twitter:label1\" content=\"Est. reading time\" \/>\n\t<meta name=\"twitter:data1\" content=\"2 minutes\" \/>\n<script type=\"application\/ld+json\" class=\"yoast-schema-graph\">{\"@context\":\"https:\\\/\\\/schema.org\",\"@graph\":[{\"@type\":\"WebPage\",\"@id\":\"https:\\\/\\\/graphimarket.com\\\/product\\\/vintage-travel-poster-photoshop-action\\\/\",\"url\":\"https:\\\/\\\/graphimarket.com\\\/product\\\/vintage-travel-poster-photoshop-action\\\/\",\"name\":\"Vintage Travel Poster Photoshop Action - Graphimarket\",\"isPartOf\":{\"@id\":\"https:\\\/\\\/graphimarket.com\\\/fr\\\/#website\"},\"primaryImageOfPage\":{\"@id\":\"https:\\\/\\\/graphimarket.com\\\/product\\\/vintage-travel-poster-photoshop-action\\\/#primaryimage\"},\"image\":{\"@id\":\"https:\\\/\\\/graphimarket.com\\\/product\\\/vintage-travel-poster-photoshop-action\\\/#primaryimage\"},\"thumbnailUrl\":\"https:\\\/\\\/graphimarket.com\\\/wp-content\\\/uploads\\\/2021\\\/08\\\/vintage-travel-poster-01.jpg\",\"datePublished\":\"2021-08-09T09:00:44+00:00\",\"dateModified\":\"2024-05-04T21:35:16+00:00\",\"description\":\"Vintage Travel Poster Photoshop Action\u00a0turns your photos into\u00a0classic travel posters.The script is\u00a0intelligently crafted...\",\"breadcrumb\":{\"@id\":\"https:\\\/\\\/graphimarket.com\\\/product\\\/vintage-travel-poster-photoshop-action\\\/#breadcrumb\"},\"inLanguage\":\"fr-FR\",\"potentialAction\":[{\"@type\":\"ReadAction\",\"target\":[\"https:\\\/\\\/graphimarket.com\\\/product\\\/vintage-travel-poster-photoshop-action\\\/\"]}]},{\"@type\":\"ImageObject\",\"inLanguage\":\"fr-FR\",\"@id\":\"https:\\\/\\\/graphimarket.com\\\/product\\\/vintage-travel-poster-photoshop-action\\\/#primaryimage\",\"url\":\"https:\\\/\\\/graphimarket.com\\\/wp-content\\\/uploads\\\/2021\\\/08\\\/vintage-travel-poster-01.jpg\",\"contentUrl\":\"https:\\\/\\\/graphimarket.com\\\/wp-content\\\/uploads\\\/2021\\\/08\\\/vintage-travel-poster-01.jpg\",\"width\":1500,\"height\":2144},{\"@type\":\"BreadcrumbList\",\"@id\":\"https:\\\/\\\/graphimarket.com\\\/product\\\/vintage-travel-poster-photoshop-action\\\/#breadcrumb\",\"itemListElement\":[{\"@type\":\"ListItem\",\"position\":1,\"name\":\"Home\",\"item\":\"https:\\\/\\\/graphimarket.com\\\/es\\\/\"},{\"@type\":\"ListItem\",\"position\":2,\"name\":\"Store\",\"item\":\"https:\\\/\\\/graphimarket.com\\\/store\\\/\"},{\"@type\":\"ListItem\",\"position\":3,\"name\":\"Vintage Travel Poster Photoshop Action\"}]},{\"@type\":\"WebSite\",\"@id\":\"https:\\\/\\\/graphimarket.com\\\/fr\\\/#website\",\"url\":\"https:\\\/\\\/graphimarket.com\\\/fr\\\/\",\"name\":\"Graphimarket\",\"description\":\"Find the perfect creative asset to bring your project to life\",\"publisher\":{\"@id\":\"https:\\\/\\\/graphimarket.com\\\/fr\\\/#organization\"},\"potentialAction\":[{\"@type\":\"SearchAction\",\"target\":{\"@type\":\"EntryPoint\",\"urlTemplate\":\"https:\\\/\\\/graphimarket.com\\\/fr\\\/?s={search_term_string}\"},\"query-input\":{\"@type\":\"PropertyValueSpecification\",\"valueRequired\":true,\"valueName\":\"search_term_string\"}}],\"inLanguage\":\"fr-FR\"},{\"@type\":\"Organization\",\"@id\":\"https:\\\/\\\/graphimarket.com\\\/fr\\\/#organization\",\"name\":\"Graphimarket\",\"url\":\"https:\\\/\\\/graphimarket.com\\\/fr\\\/\",\"logo\":{\"@type\":\"ImageObject\",\"inLanguage\":\"fr-FR\",\"@id\":\"https:\\\/\\\/graphimarket.com\\\/fr\\\/#\\\/schema\\\/logo\\\/image\\\/\",\"url\":\"https:\\\/\\\/graphimarket.com\\\/wp-content\\\/uploads\\\/2020\\\/08\\\/logo-48.png\",\"contentUrl\":\"https:\\\/\\\/graphimarket.com\\\/wp-content\\\/uploads\\\/2020\\\/08\\\/logo-48.png\",\"width\":132,\"height\":48,\"caption\":\"Graphimarket\"},\"image\":{\"@id\":\"https:\\\/\\\/graphimarket.com\\\/fr\\\/#\\\/schema\\\/logo\\\/image\\\/\"}}]}<\/script>\n<!-- \/ Yoast SEO plugin. -->","yoast_head_json":{"title":"Affiche Vintage Voyage Photoshop Action - Graphimarket","description":"Vintage Travel Poster Photoshop Action transforme vos photos en affiches de voyage classiques. Le script est intelligemment con\u00e7u...","robots":{"index":"index","follow":"follow","max-snippet":"max-snippet:-1","max-image-preview":"max-image-preview:large","max-video-preview":"max-video-preview:-1"},"canonical":"https:\/\/graphimarket.com\/fr\/product\/vintage-travel-poster-photoshop-action\/","og_locale":"fr_FR","og_type":"article","og_title":"Vintage Travel Poster Photoshop Action - Graphimarket","og_description":"Vintage Travel Poster Photoshop Action\u00a0turns your photos into\u00a0classic travel posters.The script is\u00a0intelligently crafted...","og_url":"https:\/\/graphimarket.com\/fr\/product\/vintage-travel-poster-photoshop-action\/","og_site_name":"Graphimarket","article_modified_time":"2024-05-04T21:35:16+00:00","og_image":[{"width":716,"height":1024,"url":"https:\/\/graphimarket.com\/wp-content\/uploads\/2021\/08\/vintage-travel-poster-01-716x1024.jpg","type":"image\/jpeg"}],"twitter_card":"summary_large_image","twitter_misc":{"Est. reading time":"2 minutes"},"schema":{"@context":"https:\/\/schema.org","@graph":[{"@type":"WebPage","@id":"https:\/\/graphimarket.com\/product\/vintage-travel-poster-photoshop-action\/","url":"https:\/\/graphimarket.com\/product\/vintage-travel-poster-photoshop-action\/","name":"Affiche Vintage Voyage Photoshop Action - Graphimarket","isPartOf":{"@id":"https:\/\/graphimarket.com\/fr\/#website"},"primaryImageOfPage":{"@id":"https:\/\/graphimarket.com\/product\/vintage-travel-poster-photoshop-action\/#primaryimage"},"image":{"@id":"https:\/\/graphimarket.com\/product\/vintage-travel-poster-photoshop-action\/#primaryimage"},"thumbnailUrl":"https:\/\/graphimarket.com\/wp-content\/uploads\/2021\/08\/vintage-travel-poster-01.jpg","datePublished":"2021-08-09T09:00:44+00:00","dateModified":"2024-05-04T21:35:16+00:00","description":"Vintage Travel Poster Photoshop Action transforme vos photos en affiches de voyage classiques. Le script est intelligemment con\u00e7u...","breadcrumb":{"@id":"https:\/\/graphimarket.com\/product\/vintage-travel-poster-photoshop-action\/#breadcrumb"},"inLanguage":"fr-FR","potentialAction":[{"@type":"ReadAction","target":["https:\/\/graphimarket.com\/product\/vintage-travel-poster-photoshop-action\/"]}]},{"@type":"ImageObject","inLanguage":"fr-FR","@id":"https:\/\/graphimarket.com\/product\/vintage-travel-poster-photoshop-action\/#primaryimage","url":"https:\/\/graphimarket.com\/wp-content\/uploads\/2021\/08\/vintage-travel-poster-01.jpg","contentUrl":"https:\/\/graphimarket.com\/wp-content\/uploads\/2021\/08\/vintage-travel-poster-01.jpg","width":1500,"height":2144},{"@type":"BreadcrumbList","@id":"https:\/\/graphimarket.com\/product\/vintage-travel-poster-photoshop-action\/#breadcrumb","itemListElement":[{"@type":"ListItem","position":1,"name":"Home","item":"https:\/\/graphimarket.com\/es\/"},{"@type":"ListItem","position":2,"name":"Store","item":"https:\/\/graphimarket.com\/store\/"},{"@type":"ListItem","position":3,"name":"Vintage Travel Poster Photoshop Action"}]},{"@type":"WebSite","@id":"https:\/\/graphimarket.com\/fr\/#website","url":"https:\/\/graphimarket.com\/fr\/","name":"Graphimarket","description":"Trouvez l&#039;atout cr\u00e9atif parfait pour donner vie \u00e0 votre projet","publisher":{"@id":"https:\/\/graphimarket.com\/fr\/#organization"},"potentialAction":[{"@type":"SearchAction","target":{"@type":"EntryPoint","urlTemplate":"https:\/\/graphimarket.com\/fr\/?s={search_term_string}"},"query-input":{"@type":"PropertyValueSpecification","valueRequired":true,"valueName":"search_term_string"}}],"inLanguage":"fr-FR"},{"@type":"Organization","@id":"https:\/\/graphimarket.com\/fr\/#organization","name":"Graphimarket","url":"https:\/\/graphimarket.com\/fr\/","logo":{"@type":"ImageObject","inLanguage":"fr-FR","@id":"https:\/\/graphimarket.com\/fr\/#\/schema\/logo\/image\/","url":"https:\/\/graphimarket.com\/wp-content\/uploads\/2020\/08\/logo-48.png","contentUrl":"https:\/\/graphimarket.com\/wp-content\/uploads\/2020\/08\/logo-48.png","width":132,"height":48,"caption":"Graphimarket"},"image":{"@id":"https:\/\/graphimarket.com\/fr\/#\/schema\/logo\/image\/"}}]}},"_links":{"self":[{"href":"https:\/\/graphimarket.com\/fr\/wp-json\/wp\/v2\/product\/17872","targetHints":{"allow":["GET"]}}],"collection":[{"href":"https:\/\/graphimarket.com\/fr\/wp-json\/wp\/v2\/product"}],"about":[{"href":"https:\/\/graphimarket.com\/fr\/wp-json\/wp\/v2\/types\/product"}],"replies":[{"embeddable":true,"href":"https:\/\/graphimarket.com\/fr\/wp-json\/wp\/v2\/comments?post=17872"}],"version-history":[{"count":0,"href":"https:\/\/graphimarket.com\/fr\/wp-json\/wp\/v2\/product\/17872\/revisions"}],"wp:featuredmedia":[{"embeddable":true,"href":"https:\/\/graphimarket.com\/fr\/wp-json\/wp\/v2\/media\/17878"}],"wp:attachment":[{"href":"https:\/\/graphimarket.com\/fr\/wp-json\/wp\/v2\/media?parent=17872"}],"wp:term":[{"taxonomy":"product_brand","embeddable":true,"href":"https:\/\/graphimarket.com\/fr\/wp-json\/wp\/v2\/product_brand?post=17872"},{"taxonomy":"product_cat","embeddable":true,"href":"https:\/\/graphimarket.com\/fr\/wp-json\/wp\/v2\/product_cat?post=17872"},{"taxonomy":"product_tag","embeddable":true,"href":"https:\/\/graphimarket.com\/fr\/wp-json\/wp\/v2\/product_tag?post=17872"}],"curies":[{"name":"wp","href":"https:\/\/api.w.org\/{rel}","templated":true}]}}