{"id":18018,"date":"2021-09-29T15:53:16","date_gmt":"2021-09-29T13:53:16","guid":{"rendered":"https:\/\/graphimarket.com\/?post_type=product&#038;p=18018"},"modified":"2025-01-13T03:24:36","modified_gmt":"2025-01-13T02:24:36","slug":"watercolor-squares-photomasks","status":"publish","type":"product","link":"https:\/\/graphimarket.com\/fr\/product\/watercolor-squares-photomasks\/","title":{"rendered":"PHOTOMASQUES CARR\u00c9S AQUARELLE"},"content":{"rendered":"<h1 class=\"title product_title\">PHOTOMASQUES CARR\u00c9S AQUARELLE<\/h1>\n<ul>\n<li>collection de 20 photomasques cr\u00e9atifs en forme de carr\u00e9 dans un effet aquarelle<\/li>\n<li>outil incroyable pour vos projets de photographie cr\u00e9ative<\/li>\n<li>id\u00e9al pour les impressions, la toile, les m\u00e9dias sociaux, la fabrication de cartes ou d&#039;invitations<\/li>\n<li>cr\u00e9er des designs originaux en quelques secondes<br \/>\n<h5 class=\"vc_custom_heading\"><\/h5>\n<\/li>\n<\/ul>\n<h5 class=\"vc_custom_heading\">D\u00c9TAILS DU FORFAIT\u00a0:<\/h5>\n<div class=\"wpb_text_column wpb_content_element\">\n<div class=\"wpb_wrapper\"><\/div>\n<\/div>\n<div class=\"wpb_column vc_column_container vc_col-sm-6\">\n<div class=\"vc_column-inner\">\n<div class=\"wpb_wrapper\">\n<div class=\"wpb_text_column wpb_content_element\">\n<div class=\"wpb_wrapper\">\n<ul>\n<li>20 photomasques carr\u00e9s diff\u00e9rents<\/li>\n<li>avec effet aquarelle<\/li>\n<li>Fichiers PNG avec fond transparent<\/li>\n<li>parfait pour les impressions, les cartes, les invitations, les publications Instagram, l&#039;art mural, etc.<\/li>\n<li>les dessins sont 6000 x 6000px<\/li>\n<li>300 dpi \u2013 haute r\u00e9solution, id\u00e9al pour les impressions<\/li>\n<li>super facile \u00e0 utiliser<\/li>\n<\/ul>\n<\/div>\n<\/div>\n<\/div>\n<\/div>\n<\/div>\n<div class=\"wpb_column vc_column_container vc_col-sm-6\">\n<div class=\"vc_column-inner\">\n<div class=\"wpb_wrapper\">\n<h5 class=\"vc_custom_heading\">TR\u00c8S FACILE \u00c0 UTILISER\u00a0:<\/h5>\n<div class=\"wpb_text_column wpb_content_element\">\n<div class=\"wpb_wrapper\">\n<ol>\n<li>ouvrir un photomasque dans Photoshop<\/li>\n<li>placez votre photo sur le photomasque<\/li>\n<li>dans le panneau des calques, s\u00e9lectionnez le calque avec votre photo, cliquez dessus avec le bouton droit de la souris et s\u00e9lectionnez &quot;Cr\u00e9er un masque d&#039;\u00e9cr\u00eatage&quot;<\/li>\n<li>votre photo a maintenant une forme carr\u00e9e avec un effet aquarelle<\/li>\n<li>d\u00e9finissez correctement la taille et la position de votre photo<\/li>\n<li>vous pouvez ajouter n&#039;importe quelle couleur d&#039;arri\u00e8re-plan, texture, faire pivoter la forme avec votre photo, etc.<\/li>\n<li>le design est pr\u00eat pour vos besoins cr\u00e9atifs<\/li>\n<\/ol>\n<p><img fetchpriority=\"high\" decoding=\"async\" class=\"alignnone size-full wp-image-18019\" src=\"https:\/\/graphimarket.com\/wp-content\/uploads\/2021\/09\/Watercolor-squares-creative-photo-masks-preview-4-scaled-1.jpg\" alt=\"\" width=\"2560\" height=\"1950\" srcset=\"https:\/\/graphimarket.com\/wp-content\/uploads\/2021\/09\/Watercolor-squares-creative-photo-masks-preview-4-scaled-1.jpg 2560w, https:\/\/graphimarket.com\/wp-content\/uploads\/2021\/09\/Watercolor-squares-creative-photo-masks-preview-4-scaled-1-300x229.jpg 300w, https:\/\/graphimarket.com\/wp-content\/uploads\/2021\/09\/Watercolor-squares-creative-photo-masks-preview-4-scaled-1-1024x780.jpg 1024w, https:\/\/graphimarket.com\/wp-content\/uploads\/2021\/09\/Watercolor-squares-creative-photo-masks-preview-4-scaled-1-768x585.jpg 768w, https:\/\/graphimarket.com\/wp-content\/uploads\/2021\/09\/Watercolor-squares-creative-photo-masks-preview-4-scaled-1-1536x1170.jpg 1536w, https:\/\/graphimarket.com\/wp-content\/uploads\/2021\/09\/Watercolor-squares-creative-photo-masks-preview-4-scaled-1-2048x1560.jpg 2048w, https:\/\/graphimarket.com\/wp-content\/uploads\/2021\/09\/Watercolor-squares-creative-photo-masks-preview-4-scaled-1-16x12.jpg 16w, https:\/\/graphimarket.com\/wp-content\/uploads\/2021\/09\/Watercolor-squares-creative-photo-masks-preview-4-scaled-1-1320x1005.jpg 1320w, https:\/\/graphimarket.com\/wp-content\/uploads\/2021\/09\/Watercolor-squares-creative-photo-masks-preview-4-scaled-1-600x457.jpg 600w\" sizes=\"(max-width: 2560px) 100vw, 2560px\" \/> <img decoding=\"async\" class=\"alignnone size-full wp-image-18020\" src=\"https:\/\/graphimarket.com\/wp-content\/uploads\/2021\/09\/Watercolor-squares-creative-photo-masks-preview-5-scaled-1.jpg\" alt=\"\" width=\"2560\" height=\"1950\" srcset=\"https:\/\/graphimarket.com\/wp-content\/uploads\/2021\/09\/Watercolor-squares-creative-photo-masks-preview-5-scaled-1.jpg 2560w, https:\/\/graphimarket.com\/wp-content\/uploads\/2021\/09\/Watercolor-squares-creative-photo-masks-preview-5-scaled-1-300x229.jpg 300w, https:\/\/graphimarket.com\/wp-content\/uploads\/2021\/09\/Watercolor-squares-creative-photo-masks-preview-5-scaled-1-1024x780.jpg 1024w, https:\/\/graphimarket.com\/wp-content\/uploads\/2021\/09\/Watercolor-squares-creative-photo-masks-preview-5-scaled-1-768x585.jpg 768w, https:\/\/graphimarket.com\/wp-content\/uploads\/2021\/09\/Watercolor-squares-creative-photo-masks-preview-5-scaled-1-1536x1170.jpg 1536w, https:\/\/graphimarket.com\/wp-content\/uploads\/2021\/09\/Watercolor-squares-creative-photo-masks-preview-5-scaled-1-2048x1560.jpg 2048w, https:\/\/graphimarket.com\/wp-content\/uploads\/2021\/09\/Watercolor-squares-creative-photo-masks-preview-5-scaled-1-16x12.jpg 16w, https:\/\/graphimarket.com\/wp-content\/uploads\/2021\/09\/Watercolor-squares-creative-photo-masks-preview-5-scaled-1-1320x1005.jpg 1320w, https:\/\/graphimarket.com\/wp-content\/uploads\/2021\/09\/Watercolor-squares-creative-photo-masks-preview-5-scaled-1-600x457.jpg 600w\" sizes=\"(max-width: 2560px) 100vw, 2560px\" \/> <img decoding=\"async\" class=\"alignnone size-full wp-image-18021\" src=\"https:\/\/graphimarket.com\/wp-content\/uploads\/2021\/09\/Watercolor-squares-creative-photo-masks-preview-6-scaled-1.jpg\" alt=\"\" width=\"2560\" height=\"1950\" srcset=\"https:\/\/graphimarket.com\/wp-content\/uploads\/2021\/09\/Watercolor-squares-creative-photo-masks-preview-6-scaled-1.jpg 2560w, https:\/\/graphimarket.com\/wp-content\/uploads\/2021\/09\/Watercolor-squares-creative-photo-masks-preview-6-scaled-1-300x229.jpg 300w, https:\/\/graphimarket.com\/wp-content\/uploads\/2021\/09\/Watercolor-squares-creative-photo-masks-preview-6-scaled-1-1024x780.jpg 1024w, https:\/\/graphimarket.com\/wp-content\/uploads\/2021\/09\/Watercolor-squares-creative-photo-masks-preview-6-scaled-1-768x585.jpg 768w, https:\/\/graphimarket.com\/wp-content\/uploads\/2021\/09\/Watercolor-squares-creative-photo-masks-preview-6-scaled-1-1536x1170.jpg 1536w, https:\/\/graphimarket.com\/wp-content\/uploads\/2021\/09\/Watercolor-squares-creative-photo-masks-preview-6-scaled-1-2048x1560.jpg 2048w, https:\/\/graphimarket.com\/wp-content\/uploads\/2021\/09\/Watercolor-squares-creative-photo-masks-preview-6-scaled-1-16x12.jpg 16w, https:\/\/graphimarket.com\/wp-content\/uploads\/2021\/09\/Watercolor-squares-creative-photo-masks-preview-6-scaled-1-1320x1005.jpg 1320w, https:\/\/graphimarket.com\/wp-content\/uploads\/2021\/09\/Watercolor-squares-creative-photo-masks-preview-6-scaled-1-600x457.jpg 600w\" sizes=\"(max-width: 2560px) 100vw, 2560px\" \/> <img loading=\"lazy\" decoding=\"async\" class=\"alignnone size-full wp-image-18022\" src=\"https:\/\/graphimarket.com\/wp-content\/uploads\/2021\/09\/cm-watercolor-squares-creative-photo-masks-preview-.jpg\" alt=\"\" width=\"1820\" height=\"1214\" srcset=\"https:\/\/graphimarket.com\/wp-content\/uploads\/2021\/09\/cm-watercolor-squares-creative-photo-masks-preview-.jpg 1820w, https:\/\/graphimarket.com\/wp-content\/uploads\/2021\/09\/cm-watercolor-squares-creative-photo-masks-preview--300x200.jpg 300w, https:\/\/graphimarket.com\/wp-content\/uploads\/2021\/09\/cm-watercolor-squares-creative-photo-masks-preview--1024x683.jpg 1024w, https:\/\/graphimarket.com\/wp-content\/uploads\/2021\/09\/cm-watercolor-squares-creative-photo-masks-preview--768x512.jpg 768w, https:\/\/graphimarket.com\/wp-content\/uploads\/2021\/09\/cm-watercolor-squares-creative-photo-masks-preview--1536x1025.jpg 1536w, https:\/\/graphimarket.com\/wp-content\/uploads\/2021\/09\/cm-watercolor-squares-creative-photo-masks-preview--18x12.jpg 18w, https:\/\/graphimarket.com\/wp-content\/uploads\/2021\/09\/cm-watercolor-squares-creative-photo-masks-preview--1320x880.jpg 1320w, https:\/\/graphimarket.com\/wp-content\/uploads\/2021\/09\/cm-watercolor-squares-creative-photo-masks-preview--600x400.jpg 600w\" sizes=\"(max-width: 1820px) 100vw, 1820px\" \/><\/p>\n<\/div>\n<\/div>\n<\/div>\n<\/div>\n<\/div>","protected":false},"excerpt":{"rendered":"<p>WATERCOLOR SQUARES PHOTOMASKS collection of 20 creative square-shaped photomasks in a watercolor effect amazing tool for your creative photography projects great for prints, canvas, social media, making cards or invitations style original designs in a few seconds PACKAGE DETAILS: 20 different squares photomasks with watercolor effect PNG files with transparent background perfect for prints, cards, [&hellip;]<\/p>\n","protected":false},"featured_media":18022,"comment_status":"open","ping_status":"closed","template":"","meta":{"site-sidebar-layout":"default","site-content-layout":"default","ast-site-content-layout":"default","site-content-style":"default","site-sidebar-style":"default","ast-global-header-display":"","ast-banner-title-visibility":"","ast-main-header-display":"","ast-hfb-above-header-display":"","ast-hfb-below-header-display":"","ast-hfb-mobile-header-display":"","site-post-title":"","ast-breadcrumbs-content":"","ast-featured-img":"","footer-sml-layout":"","ast-disable-related-posts":"","theme-transparent-header-meta":"default","adv-header-id-meta":"","stick-header-meta":"","header-above-stick-meta":"","header-main-stick-meta":"","header-below-stick-meta":"","astra-migrate-meta-layouts":"default","ast-page-background-enabled":"default","ast-page-background-meta":{"desktop":{"background-color":"","background-image":"","background-repeat":"repeat","background-position":"center center","background-size":"auto","background-attachment":"scroll","background-type":"","background-media":"","overlay-type":"","overlay-color":"","overlay-opacity":"","overlay-gradient":""},"tablet":{"background-color":"","background-image":"","background-repeat":"repeat","background-position":"center center","background-size":"auto","background-attachment":"scroll","background-type":"","background-media":"","overlay-type":"","overlay-color":"","overlay-opacity":"","overlay-gradient":""},"mobile":{"background-color":"","background-image":"","background-repeat":"repeat","background-position":"center center","background-size":"auto","background-attachment":"scroll","background-type":"","background-media":"","overlay-type":"","overlay-color":"","overlay-opacity":"","overlay-gradient":""}},"ast-content-background-meta":{"desktop":{"background-color":"var(--ast-global-color-5)","background-image":"","background-repeat":"repeat","background-position":"center center","background-size":"auto","background-attachment":"scroll","background-type":"","background-media":"","overlay-type":"","overlay-color":"","overlay-opacity":"","overlay-gradient":""},"tablet":{"background-color":"var(--ast-global-color-5)","background-image":"","background-repeat":"repeat","background-position":"center center","background-size":"auto","background-attachment":"scroll","background-type":"","background-media":"","overlay-type":"","overlay-color":"","overlay-opacity":"","overlay-gradient":""},"mobile":{"background-color":"var(--ast-global-color-5)","background-image":"","background-repeat":"repeat","background-position":"center center","background-size":"auto","background-attachment":"scroll","background-type":"","background-media":"","overlay-type":"","overlay-color":"","overlay-opacity":"","overlay-gradient":""}}},"product_brand":[],"product_cat":[46,2004,15],"product_tag":[1894,2006,2005,367],"class_list":{"0":"post-18018","1":"product","2":"type-product","3":"status-publish","4":"has-post-thumbnail","6":"product_cat-graphics","7":"product_cat-masks","8":"product_cat-photo","9":"product_tag-1894","10":"product_tag-photomasks","11":"product_tag-squares","12":"product_tag-watercolor","13":"desktop-align-left","14":"tablet-align-left","15":"mobile-align-left","17":"first","18":"instock","19":"sale","20":"downloadable","21":"virtual","22":"taxable","23":"purchasable","24":"product-type-simple"},"yoast_head":"<!-- This site is optimized with the Yoast SEO plugin v27.3 - https:\/\/yoast.com\/product\/yoast-seo-wordpress\/ -->\n<title>WATERCOLOR SQUARES PHOTOMASKS - Graphimarket<\/title>\n<meta name=\"description\" content=\"collection of 20 creative square-shaped photomasks in a watercolor effectamazing tool for your creative photography projects\" \/>\n<meta name=\"robots\" content=\"index, follow, max-snippet:-1, max-image-preview:large, max-video-preview:-1\" \/>\n<link rel=\"canonical\" href=\"https:\/\/graphimarket.com\/fr\/product\/watercolor-squares-photomasks\/\" \/>\n<meta property=\"og:locale\" content=\"fr_FR\" \/>\n<meta property=\"og:type\" content=\"article\" \/>\n<meta property=\"og:title\" content=\"WATERCOLOR SQUARES PHOTOMASKS - Graphimarket\" \/>\n<meta property=\"og:description\" content=\"collection of 20 creative square-shaped photomasks in a watercolor effectamazing tool for your creative photography projects\" \/>\n<meta property=\"og:url\" content=\"https:\/\/graphimarket.com\/fr\/product\/watercolor-squares-photomasks\/\" \/>\n<meta property=\"og:site_name\" content=\"Graphimarket\" \/>\n<meta property=\"article:modified_time\" content=\"2025-01-13T02:24:36+00:00\" \/>\n<meta property=\"og:image\" content=\"https:\/\/graphimarket.com\/wp-content\/uploads\/2021\/09\/cm-watercolor-squares-creative-photo-masks-preview-.jpg\" \/>\n\t<meta property=\"og:image:width\" content=\"1820\" \/>\n\t<meta property=\"og:image:height\" content=\"1214\" \/>\n\t<meta property=\"og:image:type\" content=\"image\/jpeg\" \/>\n<meta name=\"twitter:card\" content=\"summary_large_image\" \/>\n<meta name=\"twitter:label1\" content=\"Est. reading time\" \/>\n\t<meta name=\"twitter:data1\" content=\"1 minute\" \/>\n<script type=\"application\/ld+json\" class=\"yoast-schema-graph\">{\"@context\":\"https:\\\/\\\/schema.org\",\"@graph\":[{\"@type\":\"WebPage\",\"@id\":\"https:\\\/\\\/graphimarket.com\\\/product\\\/watercolor-squares-photomasks\\\/\",\"url\":\"https:\\\/\\\/graphimarket.com\\\/product\\\/watercolor-squares-photomasks\\\/\",\"name\":\"WATERCOLOR SQUARES PHOTOMASKS - Graphimarket\",\"isPartOf\":{\"@id\":\"https:\\\/\\\/graphimarket.com\\\/fr\\\/#website\"},\"primaryImageOfPage\":{\"@id\":\"https:\\\/\\\/graphimarket.com\\\/product\\\/watercolor-squares-photomasks\\\/#primaryimage\"},\"image\":{\"@id\":\"https:\\\/\\\/graphimarket.com\\\/product\\\/watercolor-squares-photomasks\\\/#primaryimage\"},\"thumbnailUrl\":\"https:\\\/\\\/graphimarket.com\\\/wp-content\\\/uploads\\\/2021\\\/09\\\/cm-watercolor-squares-creative-photo-masks-preview-.jpg\",\"datePublished\":\"2021-09-29T13:53:16+00:00\",\"dateModified\":\"2025-01-13T02:24:36+00:00\",\"description\":\"collection of 20 creative square-shaped photomasks in a watercolor effectamazing tool for your creative photography projects\",\"breadcrumb\":{\"@id\":\"https:\\\/\\\/graphimarket.com\\\/product\\\/watercolor-squares-photomasks\\\/#breadcrumb\"},\"inLanguage\":\"fr-FR\",\"potentialAction\":[{\"@type\":\"ReadAction\",\"target\":[\"https:\\\/\\\/graphimarket.com\\\/product\\\/watercolor-squares-photomasks\\\/\"]}]},{\"@type\":\"ImageObject\",\"inLanguage\":\"fr-FR\",\"@id\":\"https:\\\/\\\/graphimarket.com\\\/product\\\/watercolor-squares-photomasks\\\/#primaryimage\",\"url\":\"https:\\\/\\\/graphimarket.com\\\/wp-content\\\/uploads\\\/2021\\\/09\\\/cm-watercolor-squares-creative-photo-masks-preview-.jpg\",\"contentUrl\":\"https:\\\/\\\/graphimarket.com\\\/wp-content\\\/uploads\\\/2021\\\/09\\\/cm-watercolor-squares-creative-photo-masks-preview-.jpg\",\"width\":1820,\"height\":1214},{\"@type\":\"BreadcrumbList\",\"@id\":\"https:\\\/\\\/graphimarket.com\\\/product\\\/watercolor-squares-photomasks\\\/#breadcrumb\",\"itemListElement\":[{\"@type\":\"ListItem\",\"position\":1,\"name\":\"Home\",\"item\":\"https:\\\/\\\/graphimarket.com\\\/es\\\/\"},{\"@type\":\"ListItem\",\"position\":2,\"name\":\"Store\",\"item\":\"https:\\\/\\\/graphimarket.com\\\/store\\\/\"},{\"@type\":\"ListItem\",\"position\":3,\"name\":\"WATERCOLOR SQUARES PHOTOMASKS\"}]},{\"@type\":\"WebSite\",\"@id\":\"https:\\\/\\\/graphimarket.com\\\/fr\\\/#website\",\"url\":\"https:\\\/\\\/graphimarket.com\\\/fr\\\/\",\"name\":\"Graphimarket\",\"description\":\"Find the perfect creative asset to bring your project to life\",\"publisher\":{\"@id\":\"https:\\\/\\\/graphimarket.com\\\/fr\\\/#organization\"},\"potentialAction\":[{\"@type\":\"SearchAction\",\"target\":{\"@type\":\"EntryPoint\",\"urlTemplate\":\"https:\\\/\\\/graphimarket.com\\\/fr\\\/?s={search_term_string}\"},\"query-input\":{\"@type\":\"PropertyValueSpecification\",\"valueRequired\":true,\"valueName\":\"search_term_string\"}}],\"inLanguage\":\"fr-FR\"},{\"@type\":\"Organization\",\"@id\":\"https:\\\/\\\/graphimarket.com\\\/fr\\\/#organization\",\"name\":\"Graphimarket\",\"url\":\"https:\\\/\\\/graphimarket.com\\\/fr\\\/\",\"logo\":{\"@type\":\"ImageObject\",\"inLanguage\":\"fr-FR\",\"@id\":\"https:\\\/\\\/graphimarket.com\\\/fr\\\/#\\\/schema\\\/logo\\\/image\\\/\",\"url\":\"https:\\\/\\\/graphimarket.com\\\/wp-content\\\/uploads\\\/2020\\\/08\\\/logo-48.png\",\"contentUrl\":\"https:\\\/\\\/graphimarket.com\\\/wp-content\\\/uploads\\\/2020\\\/08\\\/logo-48.png\",\"width\":132,\"height\":48,\"caption\":\"Graphimarket\"},\"image\":{\"@id\":\"https:\\\/\\\/graphimarket.com\\\/fr\\\/#\\\/schema\\\/logo\\\/image\\\/\"}}]}<\/script>\n<!-- \/ Yoast SEO plugin. -->","yoast_head_json":{"title":"WATERCOLOR SQUARES PHOTOMASKS - Graphimarket","description":"collection of 20 creative square-shaped photomasks in a watercolor effectamazing tool for your creative photography projects","robots":{"index":"index","follow":"follow","max-snippet":"max-snippet:-1","max-image-preview":"max-image-preview:large","max-video-preview":"max-video-preview:-1"},"canonical":"https:\/\/graphimarket.com\/fr\/product\/watercolor-squares-photomasks\/","og_locale":"fr_FR","og_type":"article","og_title":"WATERCOLOR SQUARES PHOTOMASKS - Graphimarket","og_description":"collection of 20 creative square-shaped photomasks in a watercolor effectamazing tool for your creative photography projects","og_url":"https:\/\/graphimarket.com\/fr\/product\/watercolor-squares-photomasks\/","og_site_name":"Graphimarket","article_modified_time":"2025-01-13T02:24:36+00:00","og_image":[{"width":1820,"height":1214,"url":"https:\/\/graphimarket.com\/wp-content\/uploads\/2021\/09\/cm-watercolor-squares-creative-photo-masks-preview-.jpg","type":"image\/jpeg"}],"twitter_card":"summary_large_image","twitter_misc":{"Est. reading time":"1 minute"},"schema":{"@context":"https:\/\/schema.org","@graph":[{"@type":"WebPage","@id":"https:\/\/graphimarket.com\/product\/watercolor-squares-photomasks\/","url":"https:\/\/graphimarket.com\/product\/watercolor-squares-photomasks\/","name":"WATERCOLOR SQUARES PHOTOMASKS - Graphimarket","isPartOf":{"@id":"https:\/\/graphimarket.com\/fr\/#website"},"primaryImageOfPage":{"@id":"https:\/\/graphimarket.com\/product\/watercolor-squares-photomasks\/#primaryimage"},"image":{"@id":"https:\/\/graphimarket.com\/product\/watercolor-squares-photomasks\/#primaryimage"},"thumbnailUrl":"https:\/\/graphimarket.com\/wp-content\/uploads\/2021\/09\/cm-watercolor-squares-creative-photo-masks-preview-.jpg","datePublished":"2021-09-29T13:53:16+00:00","dateModified":"2025-01-13T02:24:36+00:00","description":"collection of 20 creative square-shaped photomasks in a watercolor effectamazing tool for your creative photography projects","breadcrumb":{"@id":"https:\/\/graphimarket.com\/product\/watercolor-squares-photomasks\/#breadcrumb"},"inLanguage":"fr-FR","potentialAction":[{"@type":"ReadAction","target":["https:\/\/graphimarket.com\/product\/watercolor-squares-photomasks\/"]}]},{"@type":"ImageObject","inLanguage":"fr-FR","@id":"https:\/\/graphimarket.com\/product\/watercolor-squares-photomasks\/#primaryimage","url":"https:\/\/graphimarket.com\/wp-content\/uploads\/2021\/09\/cm-watercolor-squares-creative-photo-masks-preview-.jpg","contentUrl":"https:\/\/graphimarket.com\/wp-content\/uploads\/2021\/09\/cm-watercolor-squares-creative-photo-masks-preview-.jpg","width":1820,"height":1214},{"@type":"BreadcrumbList","@id":"https:\/\/graphimarket.com\/product\/watercolor-squares-photomasks\/#breadcrumb","itemListElement":[{"@type":"ListItem","position":1,"name":"Home","item":"https:\/\/graphimarket.com\/es\/"},{"@type":"ListItem","position":2,"name":"Store","item":"https:\/\/graphimarket.com\/store\/"},{"@type":"ListItem","position":3,"name":"WATERCOLOR SQUARES PHOTOMASKS"}]},{"@type":"WebSite","@id":"https:\/\/graphimarket.com\/fr\/#website","url":"https:\/\/graphimarket.com\/fr\/","name":"Graphimarket","description":"Trouvez l&#039;atout cr\u00e9atif parfait pour donner vie \u00e0 votre projet","publisher":{"@id":"https:\/\/graphimarket.com\/fr\/#organization"},"potentialAction":[{"@type":"SearchAction","target":{"@type":"EntryPoint","urlTemplate":"https:\/\/graphimarket.com\/fr\/?s={search_term_string}"},"query-input":{"@type":"PropertyValueSpecification","valueRequired":true,"valueName":"search_term_string"}}],"inLanguage":"fr-FR"},{"@type":"Organization","@id":"https:\/\/graphimarket.com\/fr\/#organization","name":"Graphimarket","url":"https:\/\/graphimarket.com\/fr\/","logo":{"@type":"ImageObject","inLanguage":"fr-FR","@id":"https:\/\/graphimarket.com\/fr\/#\/schema\/logo\/image\/","url":"https:\/\/graphimarket.com\/wp-content\/uploads\/2020\/08\/logo-48.png","contentUrl":"https:\/\/graphimarket.com\/wp-content\/uploads\/2020\/08\/logo-48.png","width":132,"height":48,"caption":"Graphimarket"},"image":{"@id":"https:\/\/graphimarket.com\/fr\/#\/schema\/logo\/image\/"}}]}},"_links":{"self":[{"href":"https:\/\/graphimarket.com\/fr\/wp-json\/wp\/v2\/product\/18018","targetHints":{"allow":["GET"]}}],"collection":[{"href":"https:\/\/graphimarket.com\/fr\/wp-json\/wp\/v2\/product"}],"about":[{"href":"https:\/\/graphimarket.com\/fr\/wp-json\/wp\/v2\/types\/product"}],"replies":[{"embeddable":true,"href":"https:\/\/graphimarket.com\/fr\/wp-json\/wp\/v2\/comments?post=18018"}],"version-history":[{"count":0,"href":"https:\/\/graphimarket.com\/fr\/wp-json\/wp\/v2\/product\/18018\/revisions"}],"wp:featuredmedia":[{"embeddable":true,"href":"https:\/\/graphimarket.com\/fr\/wp-json\/wp\/v2\/media\/18022"}],"wp:attachment":[{"href":"https:\/\/graphimarket.com\/fr\/wp-json\/wp\/v2\/media?parent=18018"}],"wp:term":[{"taxonomy":"product_brand","embeddable":true,"href":"https:\/\/graphimarket.com\/fr\/wp-json\/wp\/v2\/product_brand?post=18018"},{"taxonomy":"product_cat","embeddable":true,"href":"https:\/\/graphimarket.com\/fr\/wp-json\/wp\/v2\/product_cat?post=18018"},{"taxonomy":"product_tag","embeddable":true,"href":"https:\/\/graphimarket.com\/fr\/wp-json\/wp\/v2\/product_tag?post=18018"}],"curies":[{"name":"wp","href":"https:\/\/api.w.org\/{rel}","templated":true}]}}