{"id":7578,"date":"2020-09-03T16:01:03","date_gmt":"2020-09-03T14:01:03","guid":{"rendered":"https:\/\/graphimarket.com\/?post_type=product&#038;p=7578"},"modified":"2026-04-08T23:07:48","modified_gmt":"2026-04-08T21:07:48","slug":"linaria-font-freebie","status":"publish","type":"product","link":"https:\/\/graphimarket.com\/fr\/product\/linaria-font-freebie\/","title":{"rendered":"Linaria Font - Gratuit"},"content":{"rendered":"<h3>Linaria Font - Gratuit<\/h3>\n<h3><strong>Une police unique, d\u00e9taill\u00e9e et manuscrite gratuitement!<\/strong><\/h3>\n<p><strong>Police gratuite<\/strong>\u00a0avec une licence commerciale \u00e9tendue\u2026 un designer ne pouvait pas en demander plus?<\/p>\n<p>\u00c0 tous les amateurs de polices, Inky pr\u00e9sente notre dernier cadeau gratuit\u00a0<strong>Police de caract\u00e8re Linaria\u00a0<\/strong>de<a href=\"https:\/\/eldamar-studio.com\/product\/linaria-font\/\" target=\"_blank\" rel=\"noopener noreferrer nofollow external\" data-wpel-link=\"external\"><strong>\u00a0Studio Eldamar<\/strong><\/a>. Cette police est une collection \u00e9l\u00e9gante de chiffres, de lettres majuscules et minuscules. Cette police est parfaite pour de superbes logos, affichages, en-t\u00eates, invitations, enregistrer les dates, les mariages, les titres, les mises en page Web et la marque, etc.<\/p>\n<p>Cette police est livr\u00e9e avec un<strong>\u00a0licence commerciale \u00e9tendue<\/strong>. Vous pouvez donc l&#039;utiliser encore et encore pour des projets personnels et commerciaux illimit\u00e9s.<\/p>\n<h3><strong>Qu&#039;est-ce que vous obtiendrez avec cette police gratuite?<\/strong><\/h3>\n<ul>\n<li>26 lettres majuscules (A \u00e0 Z)<\/li>\n<li>26 lettres minuscules (a \u00e0 z)<\/li>\n<li>10 num\u00e9ros (0 \u00e0 9)<\/li>\n<\/ul>\n<h3 style=\"text-align: center;\"><strong>Explorons cette police gratuite:<\/strong><\/h3>\n<p>&nbsp;<\/p>\n<p><img fetchpriority=\"high\" decoding=\"async\" class=\"aligncenter wp-image-7579 size-full\" src=\"https:\/\/graphimarket.com\/wp-content\/uploads\/2020\/09\/Presentation.-min-41-1024x682-1.jpg\" alt=\"\" width=\"1024\" height=\"682\" srcset=\"https:\/\/graphimarket.com\/wp-content\/uploads\/2020\/09\/Presentation.-min-41-1024x682-1.jpg 1024w, https:\/\/graphimarket.com\/wp-content\/uploads\/2020\/09\/Presentation.-min-41-1024x682-1-600x400.jpg 600w, https:\/\/graphimarket.com\/wp-content\/uploads\/2020\/09\/Presentation.-min-41-1024x682-1-300x200.jpg 300w, https:\/\/graphimarket.com\/wp-content\/uploads\/2020\/09\/Presentation.-min-41-1024x682-1-768x512.jpg 768w\" sizes=\"(max-width: 1024px) 100vw, 1024px\" \/><\/p>\n<p><img decoding=\"async\" class=\"aligncenter wp-image-7580 size-full\" src=\"https:\/\/graphimarket.com\/wp-content\/uploads\/2020\/09\/Presentation1-min-10-1024x682-1.jpg\" alt=\"\" width=\"1024\" height=\"682\" srcset=\"https:\/\/graphimarket.com\/wp-content\/uploads\/2020\/09\/Presentation1-min-10-1024x682-1.jpg 1024w, https:\/\/graphimarket.com\/wp-content\/uploads\/2020\/09\/Presentation1-min-10-1024x682-1-600x400.jpg 600w, https:\/\/graphimarket.com\/wp-content\/uploads\/2020\/09\/Presentation1-min-10-1024x682-1-300x200.jpg 300w, https:\/\/graphimarket.com\/wp-content\/uploads\/2020\/09\/Presentation1-min-10-1024x682-1-768x512.jpg 768w\" sizes=\"(max-width: 1024px) 100vw, 1024px\" \/><\/p>\n<p><img decoding=\"async\" class=\"aligncenter wp-image-7581 size-full\" src=\"https:\/\/graphimarket.com\/wp-content\/uploads\/2020\/09\/Presentation2-min-10-1024x682-1.jpg\" alt=\"\" width=\"1024\" height=\"682\" srcset=\"https:\/\/graphimarket.com\/wp-content\/uploads\/2020\/09\/Presentation2-min-10-1024x682-1.jpg 1024w, https:\/\/graphimarket.com\/wp-content\/uploads\/2020\/09\/Presentation2-min-10-1024x682-1-600x400.jpg 600w, https:\/\/graphimarket.com\/wp-content\/uploads\/2020\/09\/Presentation2-min-10-1024x682-1-300x200.jpg 300w, https:\/\/graphimarket.com\/wp-content\/uploads\/2020\/09\/Presentation2-min-10-1024x682-1-768x512.jpg 768w\" sizes=\"(max-width: 1024px) 100vw, 1024px\" \/><\/p>\n<p><img loading=\"lazy\" decoding=\"async\" class=\"aligncenter wp-image-7582 size-full\" src=\"https:\/\/graphimarket.com\/wp-content\/uploads\/2020\/09\/Presentation3-min-10-1024x682-1.jpg\" alt=\"\" width=\"1024\" height=\"682\" srcset=\"https:\/\/graphimarket.com\/wp-content\/uploads\/2020\/09\/Presentation3-min-10-1024x682-1.jpg 1024w, https:\/\/graphimarket.com\/wp-content\/uploads\/2020\/09\/Presentation3-min-10-1024x682-1-600x400.jpg 600w, https:\/\/graphimarket.com\/wp-content\/uploads\/2020\/09\/Presentation3-min-10-1024x682-1-300x200.jpg 300w, https:\/\/graphimarket.com\/wp-content\/uploads\/2020\/09\/Presentation3-min-10-1024x682-1-768x512.jpg 768w\" sizes=\"(max-width: 1024px) 100vw, 1024px\" \/><\/p>\n<p><img loading=\"lazy\" decoding=\"async\" class=\"aligncenter wp-image-7583 size-full\" src=\"https:\/\/graphimarket.com\/wp-content\/uploads\/2020\/09\/Presentation4-min-10-1024x682-1.jpg\" alt=\"\" width=\"1024\" height=\"682\" srcset=\"https:\/\/graphimarket.com\/wp-content\/uploads\/2020\/09\/Presentation4-min-10-1024x682-1.jpg 1024w, https:\/\/graphimarket.com\/wp-content\/uploads\/2020\/09\/Presentation4-min-10-1024x682-1-600x400.jpg 600w, https:\/\/graphimarket.com\/wp-content\/uploads\/2020\/09\/Presentation4-min-10-1024x682-1-300x200.jpg 300w, https:\/\/graphimarket.com\/wp-content\/uploads\/2020\/09\/Presentation4-min-10-1024x682-1-768x512.jpg 768w\" sizes=\"(max-width: 1024px) 100vw, 1024px\" \/><\/p>\n<p><img loading=\"lazy\" decoding=\"async\" class=\"aligncenter wp-image-7584 size-full\" src=\"https:\/\/graphimarket.com\/wp-content\/uploads\/2020\/09\/Presentation5-min-7-1024x682-1.jpg\" alt=\"\" width=\"1024\" height=\"682\" srcset=\"https:\/\/graphimarket.com\/wp-content\/uploads\/2020\/09\/Presentation5-min-7-1024x682-1.jpg 1024w, https:\/\/graphimarket.com\/wp-content\/uploads\/2020\/09\/Presentation5-min-7-1024x682-1-600x400.jpg 600w, https:\/\/graphimarket.com\/wp-content\/uploads\/2020\/09\/Presentation5-min-7-1024x682-1-300x200.jpg 300w, https:\/\/graphimarket.com\/wp-content\/uploads\/2020\/09\/Presentation5-min-7-1024x682-1-768x512.jpg 768w\" sizes=\"(max-width: 1024px) 100vw, 1024px\" \/><\/p>\n<p>&nbsp;<\/p>\n<h3><strong>Conditions de l&#039;accord:<\/strong><\/h3>\n<ul>\n<li>Cet ensemble est disponible en t\u00e9l\u00e9chargement instantan\u00e9, une fois votre achat termin\u00e9.<\/li>\n<li>Le Bundle peut \u00eatre utilis\u00e9 \u00e0 des fins personnelles et commerciales avec un nombre illimit\u00e9 de projets.<\/li>\n<li>Les produits finis ne doivent pas \u00eatre utilis\u00e9s ou vendus d&#039;une mani\u00e8re qui soit directement en concurrence avec l&#039;article d&#039;origine que vous avez achet\u00e9.<\/li>\n<li>Il ne peut pas \u00eatre sous-licenci\u00e9, revendu, partag\u00e9, transf\u00e9r\u00e9 ou redistribu\u00e9 par lui-m\u00eame. Vous ne pouvez pas partager ces ressources avec d&#039;autres.<\/li>\n<li>Vous obtiendrez un acc\u00e8s \u00e0 vie \u00e0 l&#039;ensemble.<\/li>\n<li>Cette offre est accompagn\u00e9e d&#039;un\u00a0<strong>licence commerciale \u00e9tendue<\/strong>\u00a0afin que vous puissiez utiliser cet ensemble pour des projets personnels et commerciaux illimit\u00e9s!<\/li>\n<\/ul>","protected":false},"excerpt":{"rendered":"<p>Linaria Font &#8211; Freebie A Unique, Detailed &amp; Handwritten Font For Free! Free font\u00a0with an extended commercial license\u2026 a designer couldn\u2019t ask for more? To all the font lovers, Inky presents our latest font freebie\u00a0Linaria Font\u00a0from\u00a0Eldamar Studio. This font is a classy collection of numbers, uppercase, and lowercase letters. This font is perfect for gorgeous [&hellip;]<\/p>\n","protected":false},"featured_media":7585,"comment_status":"open","ping_status":"closed","template":"","meta":{"site-sidebar-layout":"default","site-content-layout":"default","ast-site-content-layout":"default","site-content-style":"default","site-sidebar-style":"default","ast-global-header-display":"","ast-banner-title-visibility":"","ast-main-header-display":"","ast-hfb-above-header-display":"","ast-hfb-below-header-display":"","ast-hfb-mobile-header-display":"","site-post-title":"","ast-breadcrumbs-content":"","ast-featured-img":"","footer-sml-layout":"","ast-disable-related-posts":"","theme-transparent-header-meta":"default","adv-header-id-meta":"","stick-header-meta":"","header-above-stick-meta":"","header-main-stick-meta":"","header-below-stick-meta":"","astra-migrate-meta-layouts":"default","ast-page-background-enabled":"default","ast-page-background-meta":{"desktop":{"background-color":"","background-image":"","background-repeat":"repeat","background-position":"center center","background-size":"auto","background-attachment":"scroll","background-type":"","background-media":"","overlay-type":"","overlay-color":"","overlay-opacity":"","overlay-gradient":""},"tablet":{"background-color":"","background-image":"","background-repeat":"repeat","background-position":"center center","background-size":"auto","background-attachment":"scroll","background-type":"","background-media":"","overlay-type":"","overlay-color":"","overlay-opacity":"","overlay-gradient":""},"mobile":{"background-color":"","background-image":"","background-repeat":"repeat","background-position":"center center","background-size":"auto","background-attachment":"scroll","background-type":"","background-media":"","overlay-type":"","overlay-color":"","overlay-opacity":"","overlay-gradient":""}},"ast-content-background-meta":{"desktop":{"background-color":"var(--ast-global-color-5)","background-image":"","background-repeat":"repeat","background-position":"center center","background-size":"auto","background-attachment":"scroll","background-type":"","background-media":"","overlay-type":"","overlay-color":"","overlay-opacity":"","overlay-gradient":""},"tablet":{"background-color":"var(--ast-global-color-5)","background-image":"","background-repeat":"repeat","background-position":"center center","background-size":"auto","background-attachment":"scroll","background-type":"","background-media":"","overlay-type":"","overlay-color":"","overlay-opacity":"","overlay-gradient":""},"mobile":{"background-color":"var(--ast-global-color-5)","background-image":"","background-repeat":"repeat","background-position":"center center","background-size":"auto","background-attachment":"scroll","background-type":"","background-media":"","overlay-type":"","overlay-color":"","overlay-opacity":"","overlay-gradient":""}}},"product_brand":[],"product_cat":[187,191,15],"product_tag":[],"class_list":{"0":"post-7578","1":"product","2":"type-product","3":"status-publish","4":"has-post-thumbnail","6":"product_cat-fonts","7":"product_cat-free","8":"product_cat-photo","9":"desktop-align-left","10":"tablet-align-left","11":"mobile-align-left","13":"first","14":"instock","15":"sale","16":"downloadable","17":"virtual","18":"taxable","19":"purchasable","20":"product-type-simple"},"yoast_head":"<!-- This site is optimized with the Yoast SEO plugin v27.3 - https:\/\/yoast.com\/product\/yoast-seo-wordpress\/ -->\n<title>Linaria Font - Freebie - Graphimarket<\/title>\n<meta name=\"description\" content=\"Linaria Font - FreebieA Unique, Detailed &amp; Handwritten Font For Free!...\" \/>\n<meta name=\"robots\" content=\"index, follow, max-snippet:-1, max-image-preview:large, max-video-preview:-1\" \/>\n<link rel=\"canonical\" href=\"https:\/\/graphimarket.com\/fr\/product\/linaria-font-freebie\/\" \/>\n<meta property=\"og:locale\" content=\"fr_FR\" \/>\n<meta property=\"og:type\" content=\"article\" \/>\n<meta property=\"og:title\" content=\"Linaria Font - Freebie - Graphimarket\" \/>\n<meta property=\"og:description\" content=\"Linaria Font - FreebieA Unique, Detailed &amp; Handwritten Font For Free!...\" \/>\n<meta property=\"og:url\" content=\"https:\/\/graphimarket.com\/fr\/product\/linaria-font-freebie\/\" \/>\n<meta property=\"og:site_name\" content=\"Graphimarket\" \/>\n<meta property=\"article:modified_time\" content=\"2026-04-08T21:07:48+00:00\" \/>\n<meta property=\"og:image\" content=\"https:\/\/graphimarket.com\/wp-content\/uploads\/2020\/09\/Main-Image.-min-10-800x534-1.jpg\" \/>\n\t<meta property=\"og:image:width\" content=\"800\" \/>\n\t<meta property=\"og:image:height\" content=\"534\" \/>\n\t<meta property=\"og:image:type\" content=\"image\/jpeg\" \/>\n<meta name=\"twitter:card\" content=\"summary_large_image\" \/>\n<meta name=\"twitter:label1\" content=\"Est. reading time\" \/>\n\t<meta name=\"twitter:data1\" content=\"1 minute\" \/>\n<script type=\"application\/ld+json\" class=\"yoast-schema-graph\">{\"@context\":\"https:\\\/\\\/schema.org\",\"@graph\":[{\"@type\":\"WebPage\",\"@id\":\"https:\\\/\\\/graphimarket.com\\\/product\\\/linaria-font-freebie\\\/\",\"url\":\"https:\\\/\\\/graphimarket.com\\\/product\\\/linaria-font-freebie\\\/\",\"name\":\"Linaria Font - Freebie - Graphimarket\",\"isPartOf\":{\"@id\":\"https:\\\/\\\/graphimarket.com\\\/fr\\\/#website\"},\"primaryImageOfPage\":{\"@id\":\"https:\\\/\\\/graphimarket.com\\\/product\\\/linaria-font-freebie\\\/#primaryimage\"},\"image\":{\"@id\":\"https:\\\/\\\/graphimarket.com\\\/product\\\/linaria-font-freebie\\\/#primaryimage\"},\"thumbnailUrl\":\"https:\\\/\\\/graphimarket.com\\\/wp-content\\\/uploads\\\/2020\\\/09\\\/Main-Image.-min-10-800x534-1.jpg\",\"datePublished\":\"2020-09-03T14:01:03+00:00\",\"dateModified\":\"2026-04-08T21:07:48+00:00\",\"description\":\"Linaria Font - FreebieA Unique, Detailed & Handwritten Font For Free!...\",\"breadcrumb\":{\"@id\":\"https:\\\/\\\/graphimarket.com\\\/product\\\/linaria-font-freebie\\\/#breadcrumb\"},\"inLanguage\":\"fr-FR\",\"potentialAction\":[{\"@type\":\"ReadAction\",\"target\":[\"https:\\\/\\\/graphimarket.com\\\/product\\\/linaria-font-freebie\\\/\"]}]},{\"@type\":\"ImageObject\",\"inLanguage\":\"fr-FR\",\"@id\":\"https:\\\/\\\/graphimarket.com\\\/product\\\/linaria-font-freebie\\\/#primaryimage\",\"url\":\"https:\\\/\\\/graphimarket.com\\\/wp-content\\\/uploads\\\/2020\\\/09\\\/Main-Image.-min-10-800x534-1.jpg\",\"contentUrl\":\"https:\\\/\\\/graphimarket.com\\\/wp-content\\\/uploads\\\/2020\\\/09\\\/Main-Image.-min-10-800x534-1.jpg\",\"width\":800,\"height\":534},{\"@type\":\"BreadcrumbList\",\"@id\":\"https:\\\/\\\/graphimarket.com\\\/product\\\/linaria-font-freebie\\\/#breadcrumb\",\"itemListElement\":[{\"@type\":\"ListItem\",\"position\":1,\"name\":\"Home\",\"item\":\"https:\\\/\\\/graphimarket.com\\\/es\\\/\"},{\"@type\":\"ListItem\",\"position\":2,\"name\":\"Store\",\"item\":\"https:\\\/\\\/graphimarket.com\\\/store\\\/\"},{\"@type\":\"ListItem\",\"position\":3,\"name\":\"Linaria Font &#8211; Freebie\"}]},{\"@type\":\"WebSite\",\"@id\":\"https:\\\/\\\/graphimarket.com\\\/fr\\\/#website\",\"url\":\"https:\\\/\\\/graphimarket.com\\\/fr\\\/\",\"name\":\"Graphimarket\",\"description\":\"Find the perfect creative asset to bring your project to life\",\"publisher\":{\"@id\":\"https:\\\/\\\/graphimarket.com\\\/fr\\\/#organization\"},\"potentialAction\":[{\"@type\":\"SearchAction\",\"target\":{\"@type\":\"EntryPoint\",\"urlTemplate\":\"https:\\\/\\\/graphimarket.com\\\/fr\\\/?s={search_term_string}\"},\"query-input\":{\"@type\":\"PropertyValueSpecification\",\"valueRequired\":true,\"valueName\":\"search_term_string\"}}],\"inLanguage\":\"fr-FR\"},{\"@type\":\"Organization\",\"@id\":\"https:\\\/\\\/graphimarket.com\\\/fr\\\/#organization\",\"name\":\"Graphimarket\",\"url\":\"https:\\\/\\\/graphimarket.com\\\/fr\\\/\",\"logo\":{\"@type\":\"ImageObject\",\"inLanguage\":\"fr-FR\",\"@id\":\"https:\\\/\\\/graphimarket.com\\\/fr\\\/#\\\/schema\\\/logo\\\/image\\\/\",\"url\":\"https:\\\/\\\/graphimarket.com\\\/wp-content\\\/uploads\\\/2020\\\/08\\\/logo-48.png\",\"contentUrl\":\"https:\\\/\\\/graphimarket.com\\\/wp-content\\\/uploads\\\/2020\\\/08\\\/logo-48.png\",\"width\":132,\"height\":48,\"caption\":\"Graphimarket\"},\"image\":{\"@id\":\"https:\\\/\\\/graphimarket.com\\\/fr\\\/#\\\/schema\\\/logo\\\/image\\\/\"}}]}<\/script>\n<!-- \/ Yoast SEO plugin. -->","yoast_head_json":{"title":"Linaria Font - Freebie - Graphimarket","description":"Linaria Font - FreebieUne police unique, d\u00e9taill\u00e9e et manuscrite gratuitement! ...","robots":{"index":"index","follow":"follow","max-snippet":"max-snippet:-1","max-image-preview":"max-image-preview:large","max-video-preview":"max-video-preview:-1"},"canonical":"https:\/\/graphimarket.com\/fr\/product\/linaria-font-freebie\/","og_locale":"fr_FR","og_type":"article","og_title":"Linaria Font - Freebie - Graphimarket","og_description":"Linaria Font - FreebieA Unique, Detailed & Handwritten Font For Free!...","og_url":"https:\/\/graphimarket.com\/fr\/product\/linaria-font-freebie\/","og_site_name":"Graphimarket","article_modified_time":"2026-04-08T21:07:48+00:00","og_image":[{"width":800,"height":534,"url":"https:\/\/graphimarket.com\/wp-content\/uploads\/2020\/09\/Main-Image.-min-10-800x534-1.jpg","type":"image\/jpeg"}],"twitter_card":"summary_large_image","twitter_misc":{"Est. reading time":"1 minute"},"schema":{"@context":"https:\/\/schema.org","@graph":[{"@type":"WebPage","@id":"https:\/\/graphimarket.com\/product\/linaria-font-freebie\/","url":"https:\/\/graphimarket.com\/product\/linaria-font-freebie\/","name":"Linaria Font - Freebie - Graphimarket","isPartOf":{"@id":"https:\/\/graphimarket.com\/fr\/#website"},"primaryImageOfPage":{"@id":"https:\/\/graphimarket.com\/product\/linaria-font-freebie\/#primaryimage"},"image":{"@id":"https:\/\/graphimarket.com\/product\/linaria-font-freebie\/#primaryimage"},"thumbnailUrl":"https:\/\/graphimarket.com\/wp-content\/uploads\/2020\/09\/Main-Image.-min-10-800x534-1.jpg","datePublished":"2020-09-03T14:01:03+00:00","dateModified":"2026-04-08T21:07:48+00:00","description":"Linaria Font - FreebieUne police unique, d\u00e9taill\u00e9e et manuscrite gratuitement! ...","breadcrumb":{"@id":"https:\/\/graphimarket.com\/product\/linaria-font-freebie\/#breadcrumb"},"inLanguage":"fr-FR","potentialAction":[{"@type":"ReadAction","target":["https:\/\/graphimarket.com\/product\/linaria-font-freebie\/"]}]},{"@type":"ImageObject","inLanguage":"fr-FR","@id":"https:\/\/graphimarket.com\/product\/linaria-font-freebie\/#primaryimage","url":"https:\/\/graphimarket.com\/wp-content\/uploads\/2020\/09\/Main-Image.-min-10-800x534-1.jpg","contentUrl":"https:\/\/graphimarket.com\/wp-content\/uploads\/2020\/09\/Main-Image.-min-10-800x534-1.jpg","width":800,"height":534},{"@type":"BreadcrumbList","@id":"https:\/\/graphimarket.com\/product\/linaria-font-freebie\/#breadcrumb","itemListElement":[{"@type":"ListItem","position":1,"name":"Home","item":"https:\/\/graphimarket.com\/es\/"},{"@type":"ListItem","position":2,"name":"Store","item":"https:\/\/graphimarket.com\/store\/"},{"@type":"ListItem","position":3,"name":"Linaria Font &#8211; Freebie"}]},{"@type":"WebSite","@id":"https:\/\/graphimarket.com\/fr\/#website","url":"https:\/\/graphimarket.com\/fr\/","name":"Graphimarket","description":"Trouvez l&#039;atout cr\u00e9atif parfait pour donner vie \u00e0 votre projet","publisher":{"@id":"https:\/\/graphimarket.com\/fr\/#organization"},"potentialAction":[{"@type":"SearchAction","target":{"@type":"EntryPoint","urlTemplate":"https:\/\/graphimarket.com\/fr\/?s={search_term_string}"},"query-input":{"@type":"PropertyValueSpecification","valueRequired":true,"valueName":"search_term_string"}}],"inLanguage":"fr-FR"},{"@type":"Organization","@id":"https:\/\/graphimarket.com\/fr\/#organization","name":"Graphimarket","url":"https:\/\/graphimarket.com\/fr\/","logo":{"@type":"ImageObject","inLanguage":"fr-FR","@id":"https:\/\/graphimarket.com\/fr\/#\/schema\/logo\/image\/","url":"https:\/\/graphimarket.com\/wp-content\/uploads\/2020\/08\/logo-48.png","contentUrl":"https:\/\/graphimarket.com\/wp-content\/uploads\/2020\/08\/logo-48.png","width":132,"height":48,"caption":"Graphimarket"},"image":{"@id":"https:\/\/graphimarket.com\/fr\/#\/schema\/logo\/image\/"}}]}},"_links":{"self":[{"href":"https:\/\/graphimarket.com\/fr\/wp-json\/wp\/v2\/product\/7578","targetHints":{"allow":["GET"]}}],"collection":[{"href":"https:\/\/graphimarket.com\/fr\/wp-json\/wp\/v2\/product"}],"about":[{"href":"https:\/\/graphimarket.com\/fr\/wp-json\/wp\/v2\/types\/product"}],"replies":[{"embeddable":true,"href":"https:\/\/graphimarket.com\/fr\/wp-json\/wp\/v2\/comments?post=7578"}],"version-history":[{"count":0,"href":"https:\/\/graphimarket.com\/fr\/wp-json\/wp\/v2\/product\/7578\/revisions"}],"wp:featuredmedia":[{"embeddable":true,"href":"https:\/\/graphimarket.com\/fr\/wp-json\/wp\/v2\/media\/7585"}],"wp:attachment":[{"href":"https:\/\/graphimarket.com\/fr\/wp-json\/wp\/v2\/media?parent=7578"}],"wp:term":[{"taxonomy":"product_brand","embeddable":true,"href":"https:\/\/graphimarket.com\/fr\/wp-json\/wp\/v2\/product_brand?post=7578"},{"taxonomy":"product_cat","embeddable":true,"href":"https:\/\/graphimarket.com\/fr\/wp-json\/wp\/v2\/product_cat?post=7578"},{"taxonomy":"product_tag","embeddable":true,"href":"https:\/\/graphimarket.com\/fr\/wp-json\/wp\/v2\/product_tag?post=7578"}],"curies":[{"name":"wp","href":"https:\/\/api.w.org\/{rel}","templated":true}]}}