{"id":7606,"date":"2020-09-07T10:28:56","date_gmt":"2020-09-07T08:28:56","guid":{"rendered":"https:\/\/graphimarket.com\/?post_type=product&#038;p=7606"},"modified":"2022-12-19T23:29:09","modified_gmt":"2022-12-19T22:29:09","slug":"get-76-worth-of-super-premium-resources-for-free","status":"publish","type":"product","link":"https:\/\/graphimarket.com\/fr\/product\/get-76-worth-of-super-premium-resources-for-free\/","title":{"rendered":"Obtenez gratuitement $76 de ressources Super Premium"},"content":{"rendered":"<p>Obtenez gratuitement $76 de ressources Super Premium<\/p>\n<p>Nous savons \u00e0 quel point vous aimez les cadeaux; nous les aimons aussi. Et soyons honn\u00eates - qu&#039;est-ce qu&#039;il ne faut pas aimer? Des ressources de conception impressionnantes que vous pouvez utiliser comme vous le souhaitez, mais sans rien payer!<\/p>\n<p>Aujourd&#039;hui, nous avons un nouveau billet de faveur pr\u00e9par\u00e9 juste pour vous! C&#039;est un \u00e9chantillon de JumboZilla, notre \u00e9norme paquet, bourr\u00e9 de\u00a0<strong>26 packs Super Premium diff\u00e9rents<\/strong>!<\/p>\n<p>Dans ce billet de faveur, vous trouverez des infographies, des illustrations premium, des \u00e9l\u00e9ments de typographie, des vecteurs vintage, des maquettes, et plus encore!<\/p>\n<p>Fondamentalement, ce billet de faveur est un paquet, juste un peu plus petit. Et ce qui est cool, c&#039;est que ces ressources viennent avec\u00a0<strong>une licence de redevance \u00e9tendue<\/strong>, vous donnant la possibilit\u00e9 de les utiliser \u00e0 des fins commerciales illimit\u00e9es, sans aucun frais ni besoin d&#039;attribution!<\/p>\n<p>Voici ce que vous obtenez:<\/p>\n<p>&nbsp;<\/p>\n<p><img fetchpriority=\"high\" decoding=\"async\" class=\"aligncenter wp-image-7608 size-full\" src=\"https:\/\/graphimarket.com\/wp-content\/uploads\/2020\/09\/preview-big-scaled.jpg\" alt=\"\" width=\"289\" height=\"2560\" srcset=\"https:\/\/graphimarket.com\/wp-content\/uploads\/2020\/09\/preview-big-scaled.jpg 289w, https:\/\/graphimarket.com\/wp-content\/uploads\/2020\/09\/preview-big-34x300.jpg 34w, https:\/\/graphimarket.com\/wp-content\/uploads\/2020\/09\/preview-big-600x5312.jpg 600w\" sizes=\"(max-width: 289px) 100vw, 289px\" \/><\/p>\n<p>&nbsp;<\/p>\n<p>&nbsp;<\/p>\n<p>&nbsp;<\/p>","protected":false},"excerpt":{"rendered":"<p>Get $76 worth of Super Premium Resources for Free We know how much you love freebies; we love them too. And let\u2019s be honest \u2013 what\u2019s not to love? Awesome design resources that you can use however you want, but without having to pay anything! Today we have a new freebie prepared just for you! [&hellip;]<\/p>\n","protected":false},"featured_media":7630,"comment_status":"open","ping_status":"closed","template":"","meta":{"site-sidebar-layout":"default","site-content-layout":"default","ast-site-content-layout":"default","site-content-style":"default","site-sidebar-style":"default","ast-global-header-display":"","ast-banner-title-visibility":"","ast-main-header-display":"","ast-hfb-above-header-display":"","ast-hfb-below-header-display":"","ast-hfb-mobile-header-display":"","site-post-title":"","ast-breadcrumbs-content":"","ast-featured-img":"","footer-sml-layout":"","ast-disable-related-posts":"","theme-transparent-header-meta":"default","adv-header-id-meta":"","stick-header-meta":"","header-above-stick-meta":"","header-main-stick-meta":"","header-below-stick-meta":"","astra-migrate-meta-layouts":"default","ast-page-background-enabled":"default","ast-page-background-meta":{"desktop":{"background-color":"","background-image":"","background-repeat":"repeat","background-position":"center center","background-size":"auto","background-attachment":"scroll","background-type":"","background-media":"","overlay-type":"","overlay-color":"","overlay-opacity":"","overlay-gradient":""},"tablet":{"background-color":"","background-image":"","background-repeat":"repeat","background-position":"center center","background-size":"auto","background-attachment":"scroll","background-type":"","background-media":"","overlay-type":"","overlay-color":"","overlay-opacity":"","overlay-gradient":""},"mobile":{"background-color":"","background-image":"","background-repeat":"repeat","background-position":"center center","background-size":"auto","background-attachment":"scroll","background-type":"","background-media":"","overlay-type":"","overlay-color":"","overlay-opacity":"","overlay-gradient":""}},"ast-content-background-meta":{"desktop":{"background-color":"var(--ast-global-color-5)","background-image":"","background-repeat":"repeat","background-position":"center center","background-size":"auto","background-attachment":"scroll","background-type":"","background-media":"","overlay-type":"","overlay-color":"","overlay-opacity":"","overlay-gradient":""},"tablet":{"background-color":"var(--ast-global-color-5)","background-image":"","background-repeat":"repeat","background-position":"center center","background-size":"auto","background-attachment":"scroll","background-type":"","background-media":"","overlay-type":"","overlay-color":"","overlay-opacity":"","overlay-gradient":""},"mobile":{"background-color":"var(--ast-global-color-5)","background-image":"","background-repeat":"repeat","background-position":"center center","background-size":"auto","background-attachment":"scroll","background-type":"","background-media":"","overlay-type":"","overlay-color":"","overlay-opacity":"","overlay-gradient":""}}},"product_brand":[],"product_cat":[119,191,46,122,15,195,164,168,169],"product_tag":[],"class_list":{"0":"post-7606","1":"product","2":"type-product","3":"status-publish","4":"has-post-thumbnail","6":"product_cat-expired-deals","7":"product_cat-free","8":"product_cat-graphics","9":"product_cat-illustrations","10":"product_cat-photo","11":"product_cat-photoshop","12":"product_cat-software","13":"product_cat-templates","14":"product_cat-text-effects","15":"desktop-align-left","16":"tablet-align-left","17":"mobile-align-left","19":"first","20":"instock","21":"sale","22":"downloadable","23":"virtual","24":"taxable","25":"purchasable","26":"product-type-simple"},"yoast_head":"<!-- This site is optimized with the Yoast SEO plugin v27.3 - https:\/\/yoast.com\/product\/yoast-seo-wordpress\/ -->\n<title>Get $76 worth of Super Premium Resources for Free - Graphimarket<\/title>\n<meta name=\"description\" content=\"Get $76 worth of Super Premium Resources for FreeWe know how much you love freebies; we love them too. And let\u2019s be honest...\" \/>\n<meta name=\"robots\" content=\"index, follow, max-snippet:-1, max-image-preview:large, max-video-preview:-1\" \/>\n<link rel=\"canonical\" href=\"https:\/\/graphimarket.com\/fr\/product\/get-76-worth-of-super-premium-resources-for-free\/\" \/>\n<meta property=\"og:locale\" content=\"fr_FR\" \/>\n<meta property=\"og:type\" content=\"article\" \/>\n<meta property=\"og:title\" content=\"Get $76 worth of Super Premium Resources for Free - Graphimarket\" \/>\n<meta property=\"og:description\" content=\"Get $76 worth of Super Premium Resources for FreeWe know how much you love freebies; we love them too. And let\u2019s be honest...\" \/>\n<meta property=\"og:url\" content=\"https:\/\/graphimarket.com\/fr\/product\/get-76-worth-of-super-premium-resources-for-free\/\" \/>\n<meta property=\"og:site_name\" content=\"Graphimarket\" \/>\n<meta property=\"article:modified_time\" content=\"2022-12-19T22:29:09+00:00\" \/>\n<meta property=\"og:image\" content=\"https:\/\/graphimarket.com\/wp-content\/uploads\/2020\/09\/preview7-2.jpg\" \/>\n\t<meta property=\"og:image:width\" content=\"520\" \/>\n\t<meta property=\"og:image:height\" content=\"360\" \/>\n\t<meta property=\"og:image:type\" content=\"image\/jpeg\" \/>\n<meta name=\"twitter:card\" content=\"summary_large_image\" \/>\n<meta name=\"twitter:label1\" content=\"Est. reading time\" \/>\n\t<meta name=\"twitter:data1\" content=\"1 minute\" \/>\n<script type=\"application\/ld+json\" class=\"yoast-schema-graph\">{\"@context\":\"https:\\\/\\\/schema.org\",\"@graph\":[{\"@type\":\"WebPage\",\"@id\":\"https:\\\/\\\/graphimarket.com\\\/product\\\/get-76-worth-of-super-premium-resources-for-free\\\/\",\"url\":\"https:\\\/\\\/graphimarket.com\\\/product\\\/get-76-worth-of-super-premium-resources-for-free\\\/\",\"name\":\"Get $76 worth of Super Premium Resources for Free - Graphimarket\",\"isPartOf\":{\"@id\":\"https:\\\/\\\/graphimarket.com\\\/fr\\\/#website\"},\"primaryImageOfPage\":{\"@id\":\"https:\\\/\\\/graphimarket.com\\\/product\\\/get-76-worth-of-super-premium-resources-for-free\\\/#primaryimage\"},\"image\":{\"@id\":\"https:\\\/\\\/graphimarket.com\\\/product\\\/get-76-worth-of-super-premium-resources-for-free\\\/#primaryimage\"},\"thumbnailUrl\":\"https:\\\/\\\/graphimarket.com\\\/wp-content\\\/uploads\\\/2020\\\/09\\\/preview7-2.jpg\",\"datePublished\":\"2020-09-07T08:28:56+00:00\",\"dateModified\":\"2022-12-19T22:29:09+00:00\",\"description\":\"Get $76 worth of Super Premium Resources for FreeWe know how much you love freebies; we love them too. And let\u2019s be honest...\",\"breadcrumb\":{\"@id\":\"https:\\\/\\\/graphimarket.com\\\/product\\\/get-76-worth-of-super-premium-resources-for-free\\\/#breadcrumb\"},\"inLanguage\":\"fr-FR\",\"potentialAction\":[{\"@type\":\"ReadAction\",\"target\":[\"https:\\\/\\\/graphimarket.com\\\/product\\\/get-76-worth-of-super-premium-resources-for-free\\\/\"]}]},{\"@type\":\"ImageObject\",\"inLanguage\":\"fr-FR\",\"@id\":\"https:\\\/\\\/graphimarket.com\\\/product\\\/get-76-worth-of-super-premium-resources-for-free\\\/#primaryimage\",\"url\":\"https:\\\/\\\/graphimarket.com\\\/wp-content\\\/uploads\\\/2020\\\/09\\\/preview7-2.jpg\",\"contentUrl\":\"https:\\\/\\\/graphimarket.com\\\/wp-content\\\/uploads\\\/2020\\\/09\\\/preview7-2.jpg\",\"width\":520,\"height\":360},{\"@type\":\"BreadcrumbList\",\"@id\":\"https:\\\/\\\/graphimarket.com\\\/product\\\/get-76-worth-of-super-premium-resources-for-free\\\/#breadcrumb\",\"itemListElement\":[{\"@type\":\"ListItem\",\"position\":1,\"name\":\"Home\",\"item\":\"https:\\\/\\\/graphimarket.com\\\/es\\\/\"},{\"@type\":\"ListItem\",\"position\":2,\"name\":\"Store\",\"item\":\"https:\\\/\\\/graphimarket.com\\\/store\\\/\"},{\"@type\":\"ListItem\",\"position\":3,\"name\":\"Get $76 worth of Super Premium Resources for Free\"}]},{\"@type\":\"WebSite\",\"@id\":\"https:\\\/\\\/graphimarket.com\\\/fr\\\/#website\",\"url\":\"https:\\\/\\\/graphimarket.com\\\/fr\\\/\",\"name\":\"Graphimarket\",\"description\":\"Find the perfect creative asset to bring your project to life\",\"publisher\":{\"@id\":\"https:\\\/\\\/graphimarket.com\\\/fr\\\/#organization\"},\"potentialAction\":[{\"@type\":\"SearchAction\",\"target\":{\"@type\":\"EntryPoint\",\"urlTemplate\":\"https:\\\/\\\/graphimarket.com\\\/fr\\\/?s={search_term_string}\"},\"query-input\":{\"@type\":\"PropertyValueSpecification\",\"valueRequired\":true,\"valueName\":\"search_term_string\"}}],\"inLanguage\":\"fr-FR\"},{\"@type\":\"Organization\",\"@id\":\"https:\\\/\\\/graphimarket.com\\\/fr\\\/#organization\",\"name\":\"Graphimarket\",\"url\":\"https:\\\/\\\/graphimarket.com\\\/fr\\\/\",\"logo\":{\"@type\":\"ImageObject\",\"inLanguage\":\"fr-FR\",\"@id\":\"https:\\\/\\\/graphimarket.com\\\/fr\\\/#\\\/schema\\\/logo\\\/image\\\/\",\"url\":\"https:\\\/\\\/graphimarket.com\\\/wp-content\\\/uploads\\\/2020\\\/08\\\/logo-48.png\",\"contentUrl\":\"https:\\\/\\\/graphimarket.com\\\/wp-content\\\/uploads\\\/2020\\\/08\\\/logo-48.png\",\"width\":132,\"height\":48,\"caption\":\"Graphimarket\"},\"image\":{\"@id\":\"https:\\\/\\\/graphimarket.com\\\/fr\\\/#\\\/schema\\\/logo\\\/image\\\/\"}}]}<\/script>\n<!-- \/ Yoast SEO plugin. -->","yoast_head_json":{"title":"Obtenez gratuitement $76 de ressources Super Premium - Graphimarket","description":"Obtenez $76 de ressources Super Premium gratuitementNous savons \u00e0 quel point vous aimez les cadeaux; nous les aimons aussi. Et soyons honn\u00eates ...","robots":{"index":"index","follow":"follow","max-snippet":"max-snippet:-1","max-image-preview":"max-image-preview:large","max-video-preview":"max-video-preview:-1"},"canonical":"https:\/\/graphimarket.com\/fr\/product\/get-76-worth-of-super-premium-resources-for-free\/","og_locale":"fr_FR","og_type":"article","og_title":"Get $76 worth of Super Premium Resources for Free - Graphimarket","og_description":"Get $76 worth of Super Premium Resources for FreeWe know how much you love freebies; we love them too. And let\u2019s be honest...","og_url":"https:\/\/graphimarket.com\/fr\/product\/get-76-worth-of-super-premium-resources-for-free\/","og_site_name":"Graphimarket","article_modified_time":"2022-12-19T22:29:09+00:00","og_image":[{"width":520,"height":360,"url":"https:\/\/graphimarket.com\/wp-content\/uploads\/2020\/09\/preview7-2.jpg","type":"image\/jpeg"}],"twitter_card":"summary_large_image","twitter_misc":{"Est. reading time":"1 minute"},"schema":{"@context":"https:\/\/schema.org","@graph":[{"@type":"WebPage","@id":"https:\/\/graphimarket.com\/product\/get-76-worth-of-super-premium-resources-for-free\/","url":"https:\/\/graphimarket.com\/product\/get-76-worth-of-super-premium-resources-for-free\/","name":"Obtenez gratuitement $76 de ressources Super Premium - Graphimarket","isPartOf":{"@id":"https:\/\/graphimarket.com\/fr\/#website"},"primaryImageOfPage":{"@id":"https:\/\/graphimarket.com\/product\/get-76-worth-of-super-premium-resources-for-free\/#primaryimage"},"image":{"@id":"https:\/\/graphimarket.com\/product\/get-76-worth-of-super-premium-resources-for-free\/#primaryimage"},"thumbnailUrl":"https:\/\/graphimarket.com\/wp-content\/uploads\/2020\/09\/preview7-2.jpg","datePublished":"2020-09-07T08:28:56+00:00","dateModified":"2022-12-19T22:29:09+00:00","description":"Obtenez $76 de ressources Super Premium gratuitementNous savons \u00e0 quel point vous aimez les cadeaux; nous les aimons aussi. Et soyons honn\u00eates ...","breadcrumb":{"@id":"https:\/\/graphimarket.com\/product\/get-76-worth-of-super-premium-resources-for-free\/#breadcrumb"},"inLanguage":"fr-FR","potentialAction":[{"@type":"ReadAction","target":["https:\/\/graphimarket.com\/product\/get-76-worth-of-super-premium-resources-for-free\/"]}]},{"@type":"ImageObject","inLanguage":"fr-FR","@id":"https:\/\/graphimarket.com\/product\/get-76-worth-of-super-premium-resources-for-free\/#primaryimage","url":"https:\/\/graphimarket.com\/wp-content\/uploads\/2020\/09\/preview7-2.jpg","contentUrl":"https:\/\/graphimarket.com\/wp-content\/uploads\/2020\/09\/preview7-2.jpg","width":520,"height":360},{"@type":"BreadcrumbList","@id":"https:\/\/graphimarket.com\/product\/get-76-worth-of-super-premium-resources-for-free\/#breadcrumb","itemListElement":[{"@type":"ListItem","position":1,"name":"Home","item":"https:\/\/graphimarket.com\/es\/"},{"@type":"ListItem","position":2,"name":"Store","item":"https:\/\/graphimarket.com\/store\/"},{"@type":"ListItem","position":3,"name":"Get $76 worth of Super Premium Resources for Free"}]},{"@type":"WebSite","@id":"https:\/\/graphimarket.com\/fr\/#website","url":"https:\/\/graphimarket.com\/fr\/","name":"Graphimarket","description":"Trouvez l&#039;atout cr\u00e9atif parfait pour donner vie \u00e0 votre projet","publisher":{"@id":"https:\/\/graphimarket.com\/fr\/#organization"},"potentialAction":[{"@type":"SearchAction","target":{"@type":"EntryPoint","urlTemplate":"https:\/\/graphimarket.com\/fr\/?s={search_term_string}"},"query-input":{"@type":"PropertyValueSpecification","valueRequired":true,"valueName":"search_term_string"}}],"inLanguage":"fr-FR"},{"@type":"Organization","@id":"https:\/\/graphimarket.com\/fr\/#organization","name":"Graphimarket","url":"https:\/\/graphimarket.com\/fr\/","logo":{"@type":"ImageObject","inLanguage":"fr-FR","@id":"https:\/\/graphimarket.com\/fr\/#\/schema\/logo\/image\/","url":"https:\/\/graphimarket.com\/wp-content\/uploads\/2020\/08\/logo-48.png","contentUrl":"https:\/\/graphimarket.com\/wp-content\/uploads\/2020\/08\/logo-48.png","width":132,"height":48,"caption":"Graphimarket"},"image":{"@id":"https:\/\/graphimarket.com\/fr\/#\/schema\/logo\/image\/"}}]}},"_links":{"self":[{"href":"https:\/\/graphimarket.com\/fr\/wp-json\/wp\/v2\/product\/7606","targetHints":{"allow":["GET"]}}],"collection":[{"href":"https:\/\/graphimarket.com\/fr\/wp-json\/wp\/v2\/product"}],"about":[{"href":"https:\/\/graphimarket.com\/fr\/wp-json\/wp\/v2\/types\/product"}],"replies":[{"embeddable":true,"href":"https:\/\/graphimarket.com\/fr\/wp-json\/wp\/v2\/comments?post=7606"}],"version-history":[{"count":0,"href":"https:\/\/graphimarket.com\/fr\/wp-json\/wp\/v2\/product\/7606\/revisions"}],"wp:featuredmedia":[{"embeddable":true,"href":"https:\/\/graphimarket.com\/fr\/wp-json\/wp\/v2\/media\/7630"}],"wp:attachment":[{"href":"https:\/\/graphimarket.com\/fr\/wp-json\/wp\/v2\/media?parent=7606"}],"wp:term":[{"taxonomy":"product_brand","embeddable":true,"href":"https:\/\/graphimarket.com\/fr\/wp-json\/wp\/v2\/product_brand?post=7606"},{"taxonomy":"product_cat","embeddable":true,"href":"https:\/\/graphimarket.com\/fr\/wp-json\/wp\/v2\/product_cat?post=7606"},{"taxonomy":"product_tag","embeddable":true,"href":"https:\/\/graphimarket.com\/fr\/wp-json\/wp\/v2\/product_tag?post=7606"}],"curies":[{"name":"wp","href":"https:\/\/api.w.org\/{rel}","templated":true}]}}