{"id":7649,"date":"2020-09-07T10:59:31","date_gmt":"2020-09-07T08:59:31","guid":{"rendered":"https:\/\/graphimarket.com\/?post_type=product&#038;p=7649"},"modified":"2022-12-19T23:28:33","modified_gmt":"2022-12-19T22:28:33","slug":"the-merry-christmas-freebie-100-christmas-elements-in-one-pack","status":"publish","type":"product","link":"https:\/\/graphimarket.com\/fr\/product\/the-merry-christmas-freebie-100-christmas-elements-in-one-pack\/","title":{"rendered":"The Merry Christmas Freebie: 100 \u00e9l\u00e9ments de No\u00ebl dans un pack"},"content":{"rendered":"<h3>\u00c9l\u00e9ments de No\u00ebl gratuits, joliment emball\u00e9s et pr\u00e9sent\u00e9s avec amour!<\/h3>\n<p><strong>Souhaitez-vous des \u00e9l\u00e9ments de joyeux No\u00ebl gratuits sous le sapin?<\/strong><\/p>\n<p>Cette saison de No\u00ebl, Inky Deals est devenu l&#039;assistant pr\u00e9f\u00e9r\u00e9 du P\u00e8re No\u00ebl! Nous avons pass\u00e9 plusieurs jours fastidieux \u00e0 rassembler les meilleurs \u00e9l\u00e9ments saisonniers dans une collection impressionnante -\u00a0<strong>Le cadeau de joyeux No\u00ebl<\/strong>.<\/p>\n<p>Soigneusement choisis, joliment emball\u00e9s et pr\u00e9sent\u00e9s avec amour, tous ces \u00e9l\u00e9ments sont absolument\u00a0<strong>t\u00e9l\u00e9chargement gratuit<\/strong>. Vous trouverez de nombreux \u00e9l\u00e9ments de f\u00eate de No\u00ebl, des arbres, des animaux, des d\u00e9corations, des \u00e9tiquettes de texte et bien d&#039;autres graphiques. Tous pr\u00eats \u00e0 vous aider \u00e0 d\u00e9corer vos projets pour les f\u00eates et \u00e0 mettre votre public dans une ambiance festive.<\/p>\n<p>Vous pouvez utiliser cet ensemble pour divers projets tels que des invitations, des banni\u00e8res, des produits en papier, des d\u00e9corations de f\u00eate, des imprimables, des cartes de voeux, des affiches, de la papeterie, du scrapbooking, des autocollants, des superpositions et bien plus encore.<\/p>\n<p>Ces 100 vecteurs de No\u00ebl gratuits merveilleux et festifs vous attendent pour trouver leur place dans vos projets, alors n&#039;h\u00e9sitez plus et prenez-les tous!<\/p>\n<h3>Points forts de ces \u00e9l\u00e9ments de joyeux No\u00ebl:<\/h3>\n<ul>\n<li>Il y a 50 \u00e9l\u00e9ments en noir et blanc et 50 \u00e9l\u00e9ments color\u00e9s.<\/li>\n<li>Tous les livrables sont aux formats PSD et PNG.<\/li>\n<li>Le lot peut \u00eatre utilis\u00e9 comme superposition, dans des affiches, des banni\u00e8res, des invitations, des salutations, etc.<\/li>\n<li>Ce bundle est totalement gratuit \u00e0 t\u00e9l\u00e9charger.<\/li>\n<\/ul>\n<h3 style=\"text-align: center;\">Voici un aper\u00e7u de ces \u00e9l\u00e9ments<\/h3>\n<p>&nbsp;<\/p>\n<p><img fetchpriority=\"high\" decoding=\"async\" class=\"aligncenter wp-image-7651 size-full\" src=\"https:\/\/graphimarket.com\/wp-content\/uploads\/2020\/09\/1-3-1200x652-1.jpg\" alt=\"\" width=\"1200\" height=\"652\" srcset=\"https:\/\/graphimarket.com\/wp-content\/uploads\/2020\/09\/1-3-1200x652-1.jpg 1200w, https:\/\/graphimarket.com\/wp-content\/uploads\/2020\/09\/1-3-1200x652-1-600x326.jpg 600w, https:\/\/graphimarket.com\/wp-content\/uploads\/2020\/09\/1-3-1200x652-1-300x163.jpg 300w, https:\/\/graphimarket.com\/wp-content\/uploads\/2020\/09\/1-3-1200x652-1-1024x556.jpg 1024w, https:\/\/graphimarket.com\/wp-content\/uploads\/2020\/09\/1-3-1200x652-1-768x417.jpg 768w\" sizes=\"(max-width: 1200px) 100vw, 1200px\" \/><\/p>\n<p><img decoding=\"async\" class=\"aligncenter wp-image-7652 size-full\" src=\"https:\/\/graphimarket.com\/wp-content\/uploads\/2020\/09\/2-1200x652-1.jpg\" alt=\"\" width=\"1200\" height=\"652\" srcset=\"https:\/\/graphimarket.com\/wp-content\/uploads\/2020\/09\/2-1200x652-1.jpg 1200w, https:\/\/graphimarket.com\/wp-content\/uploads\/2020\/09\/2-1200x652-1-600x326.jpg 600w, https:\/\/graphimarket.com\/wp-content\/uploads\/2020\/09\/2-1200x652-1-300x163.jpg 300w, https:\/\/graphimarket.com\/wp-content\/uploads\/2020\/09\/2-1200x652-1-1024x556.jpg 1024w, https:\/\/graphimarket.com\/wp-content\/uploads\/2020\/09\/2-1200x652-1-768x417.jpg 768w\" sizes=\"(max-width: 1200px) 100vw, 1200px\" \/><\/p>\n<p><img decoding=\"async\" class=\"aligncenter wp-image-7653 size-full\" src=\"https:\/\/graphimarket.com\/wp-content\/uploads\/2020\/09\/3-1200x652-1.jpg\" alt=\"\" width=\"1200\" height=\"652\" srcset=\"https:\/\/graphimarket.com\/wp-content\/uploads\/2020\/09\/3-1200x652-1.jpg 1200w, https:\/\/graphimarket.com\/wp-content\/uploads\/2020\/09\/3-1200x652-1-600x326.jpg 600w, https:\/\/graphimarket.com\/wp-content\/uploads\/2020\/09\/3-1200x652-1-300x163.jpg 300w, https:\/\/graphimarket.com\/wp-content\/uploads\/2020\/09\/3-1200x652-1-1024x556.jpg 1024w, https:\/\/graphimarket.com\/wp-content\/uploads\/2020\/09\/3-1200x652-1-768x417.jpg 768w\" sizes=\"(max-width: 1200px) 100vw, 1200px\" \/><\/p>\n<p><img loading=\"lazy\" decoding=\"async\" class=\"aligncenter wp-image-7654 size-full\" src=\"https:\/\/graphimarket.com\/wp-content\/uploads\/2020\/09\/4-1-1200x652-1.jpg\" alt=\"\" width=\"1200\" height=\"652\" srcset=\"https:\/\/graphimarket.com\/wp-content\/uploads\/2020\/09\/4-1-1200x652-1.jpg 1200w, https:\/\/graphimarket.com\/wp-content\/uploads\/2020\/09\/4-1-1200x652-1-600x326.jpg 600w, https:\/\/graphimarket.com\/wp-content\/uploads\/2020\/09\/4-1-1200x652-1-300x163.jpg 300w, https:\/\/graphimarket.com\/wp-content\/uploads\/2020\/09\/4-1-1200x652-1-1024x556.jpg 1024w, https:\/\/graphimarket.com\/wp-content\/uploads\/2020\/09\/4-1-1200x652-1-768x417.jpg 768w\" sizes=\"(max-width: 1200px) 100vw, 1200px\" \/><\/p>\n<p><img loading=\"lazy\" decoding=\"async\" class=\"aligncenter wp-image-7655 size-mailpoet_newsletter_max\" src=\"https:\/\/graphimarket.com\/wp-content\/uploads\/2020\/09\/5-3-2-1320x717.jpg\" alt=\"\" width=\"1320\" height=\"717\" srcset=\"https:\/\/graphimarket.com\/wp-content\/uploads\/2020\/09\/5-3-2-1320x717.jpg 1320w, https:\/\/graphimarket.com\/wp-content\/uploads\/2020\/09\/5-3-2-600x326.jpg 600w, https:\/\/graphimarket.com\/wp-content\/uploads\/2020\/09\/5-3-2-300x163.jpg 300w, https:\/\/graphimarket.com\/wp-content\/uploads\/2020\/09\/5-3-2-1024x556.jpg 1024w, https:\/\/graphimarket.com\/wp-content\/uploads\/2020\/09\/5-3-2-768x417.jpg 768w, https:\/\/graphimarket.com\/wp-content\/uploads\/2020\/09\/5-3-2-1536x834.jpg 1536w, https:\/\/graphimarket.com\/wp-content\/uploads\/2020\/09\/5-3-2.jpg 1600w\" sizes=\"(max-width: 1320px) 100vw, 1320px\" \/><\/p>\n<p>&nbsp;<\/p>\n<h3 style=\"text-align: center;\">Voici quelques conceptions cool faites avec ces \u00e9l\u00e9ments<\/h3>\n<p>&nbsp;<\/p>\n<p><img loading=\"lazy\" decoding=\"async\" class=\"aligncenter wp-image-7656 size-full\" src=\"https:\/\/graphimarket.com\/wp-content\/uploads\/2020\/09\/Image1.jpg\" alt=\"\" width=\"800\" height=\"500\" srcset=\"https:\/\/graphimarket.com\/wp-content\/uploads\/2020\/09\/Image1.jpg 800w, https:\/\/graphimarket.com\/wp-content\/uploads\/2020\/09\/Image1-600x375.jpg 600w, https:\/\/graphimarket.com\/wp-content\/uploads\/2020\/09\/Image1-300x188.jpg 300w, https:\/\/graphimarket.com\/wp-content\/uploads\/2020\/09\/Image1-768x480.jpg 768w\" sizes=\"(max-width: 800px) 100vw, 800px\" \/><\/p>\n<p><img loading=\"lazy\" decoding=\"async\" class=\"aligncenter wp-image-7657 size-full\" src=\"https:\/\/graphimarket.com\/wp-content\/uploads\/2020\/09\/Image2.jpg\" alt=\"\" width=\"800\" height=\"500\" srcset=\"https:\/\/graphimarket.com\/wp-content\/uploads\/2020\/09\/Image2.jpg 800w, https:\/\/graphimarket.com\/wp-content\/uploads\/2020\/09\/Image2-600x375.jpg 600w, https:\/\/graphimarket.com\/wp-content\/uploads\/2020\/09\/Image2-300x188.jpg 300w, https:\/\/graphimarket.com\/wp-content\/uploads\/2020\/09\/Image2-768x480.jpg 768w\" sizes=\"(max-width: 800px) 100vw, 800px\" \/><\/p>\n<p><img loading=\"lazy\" decoding=\"async\" class=\"aligncenter wp-image-7658 size-full\" src=\"https:\/\/graphimarket.com\/wp-content\/uploads\/2020\/09\/Image3.jpg\" alt=\"\" width=\"800\" height=\"500\" srcset=\"https:\/\/graphimarket.com\/wp-content\/uploads\/2020\/09\/Image3.jpg 800w, https:\/\/graphimarket.com\/wp-content\/uploads\/2020\/09\/Image3-600x375.jpg 600w, https:\/\/graphimarket.com\/wp-content\/uploads\/2020\/09\/Image3-300x188.jpg 300w, https:\/\/graphimarket.com\/wp-content\/uploads\/2020\/09\/Image3-768x480.jpg 768w\" sizes=\"(max-width: 800px) 100vw, 800px\" \/><\/p>\n<p><img loading=\"lazy\" decoding=\"async\" class=\"aligncenter wp-image-7659 size-full\" src=\"https:\/\/graphimarket.com\/wp-content\/uploads\/2020\/09\/Image4.jpg\" alt=\"\" width=\"800\" height=\"500\" srcset=\"https:\/\/graphimarket.com\/wp-content\/uploads\/2020\/09\/Image4.jpg 800w, https:\/\/graphimarket.com\/wp-content\/uploads\/2020\/09\/Image4-600x375.jpg 600w, https:\/\/graphimarket.com\/wp-content\/uploads\/2020\/09\/Image4-300x188.jpg 300w, https:\/\/graphimarket.com\/wp-content\/uploads\/2020\/09\/Image4-768x480.jpg 768w\" sizes=\"(max-width: 800px) 100vw, 800px\" \/><\/p>\n<p><img loading=\"lazy\" decoding=\"async\" class=\"aligncenter wp-image-7660 size-full\" src=\"https:\/\/graphimarket.com\/wp-content\/uploads\/2020\/09\/Image5.jpg\" alt=\"\" width=\"800\" height=\"500\" srcset=\"https:\/\/graphimarket.com\/wp-content\/uploads\/2020\/09\/Image5.jpg 800w, https:\/\/graphimarket.com\/wp-content\/uploads\/2020\/09\/Image5-600x375.jpg 600w, https:\/\/graphimarket.com\/wp-content\/uploads\/2020\/09\/Image5-300x188.jpg 300w, https:\/\/graphimarket.com\/wp-content\/uploads\/2020\/09\/Image5-768x480.jpg 768w\" sizes=\"(max-width: 800px) 100vw, 800px\" \/><\/p>\n<h3 style=\"text-align: center;\">Prenez ce billet de faveur maintenant!<\/h3>\n<h3>Conditions de l&#039;accord:<\/h3>\n<ul>\n<li>Ces \u00e9l\u00e9ments gratuits de joyeux No\u00ebl sont disponibles en t\u00e9l\u00e9chargement instantan\u00e9, une fois votre achat termin\u00e9.<\/li>\n<li>Le Bundle peut \u00eatre utilis\u00e9 \u00e0 des fins personnelles et commerciales avec un nombre illimit\u00e9 de projets.<\/li>\n<li>Les produits finis ne doivent pas \u00eatre utilis\u00e9s ou vendus d&#039;une mani\u00e8re qui soit directement en concurrence avec l&#039;article d&#039;origine que vous avez achet\u00e9.<\/li>\n<li>Il ne peut pas \u00eatre sous-licenci\u00e9, revendu, partag\u00e9, transf\u00e9r\u00e9 ou redistribu\u00e9 par lui-m\u00eame. Vous ne pouvez pas partager ces ressources avec d&#039;autres.<\/li>\n<li>Vous obtiendrez un acc\u00e8s \u00e0 vie \u00e0 l&#039;ensemble.<\/li>\n<li>Le t\u00e9l\u00e9chargement de l&#039;offre group\u00e9e est absolument gratuit pour les clients d&#039;Inky Deals.<\/li>\n<\/ul>\n<p>&nbsp;<\/p>\n<p>&nbsp;<\/p>","protected":false},"excerpt":{"rendered":"<p>Free Christmas elements, beautifully wrapped and presented with love! Wished for free Merry Christmas elements under the tree? This Christmas season Inky Deals has turned into Santa\u2019s favorite helper! We have spent several tedious days to gather the best seasonal elements in one awesome collection \u2013\u00a0The Merry Christmas Freebie. Carefully picked, beautifully wrapped and presented [&hellip;]<\/p>\n","protected":false},"featured_media":7650,"comment_status":"open","ping_status":"closed","template":"","meta":{"site-sidebar-layout":"default","site-content-layout":"default","ast-site-content-layout":"default","site-content-style":"default","site-sidebar-style":"default","ast-global-header-display":"","ast-banner-title-visibility":"","ast-main-header-display":"","ast-hfb-above-header-display":"","ast-hfb-below-header-display":"","ast-hfb-mobile-header-display":"","site-post-title":"","ast-breadcrumbs-content":"","ast-featured-img":"","footer-sml-layout":"","ast-disable-related-posts":"","theme-transparent-header-meta":"default","adv-header-id-meta":"","stick-header-meta":"","header-above-stick-meta":"","header-main-stick-meta":"","header-below-stick-meta":"","astra-migrate-meta-layouts":"default","ast-page-background-enabled":"default","ast-page-background-meta":{"desktop":{"background-color":"","background-image":"","background-repeat":"repeat","background-position":"center center","background-size":"auto","background-attachment":"scroll","background-type":"","background-media":"","overlay-type":"","overlay-color":"","overlay-opacity":"","overlay-gradient":""},"tablet":{"background-color":"","background-image":"","background-repeat":"repeat","background-position":"center center","background-size":"auto","background-attachment":"scroll","background-type":"","background-media":"","overlay-type":"","overlay-color":"","overlay-opacity":"","overlay-gradient":""},"mobile":{"background-color":"","background-image":"","background-repeat":"repeat","background-position":"center center","background-size":"auto","background-attachment":"scroll","background-type":"","background-media":"","overlay-type":"","overlay-color":"","overlay-opacity":"","overlay-gradient":""}},"ast-content-background-meta":{"desktop":{"background-color":"var(--ast-global-color-5)","background-image":"","background-repeat":"repeat","background-position":"center center","background-size":"auto","background-attachment":"scroll","background-type":"","background-media":"","overlay-type":"","overlay-color":"","overlay-opacity":"","overlay-gradient":""},"tablet":{"background-color":"var(--ast-global-color-5)","background-image":"","background-repeat":"repeat","background-position":"center center","background-size":"auto","background-attachment":"scroll","background-type":"","background-media":"","overlay-type":"","overlay-color":"","overlay-opacity":"","overlay-gradient":""},"mobile":{"background-color":"var(--ast-global-color-5)","background-image":"","background-repeat":"repeat","background-position":"center center","background-size":"auto","background-attachment":"scroll","background-type":"","background-media":"","overlay-type":"","overlay-color":"","overlay-opacity":"","overlay-gradient":""}}},"product_brand":[],"product_cat":[110,191,46],"product_tag":[],"class_list":{"0":"post-7649","1":"product","2":"type-product","3":"status-publish","4":"has-post-thumbnail","6":"product_cat-clipart","7":"product_cat-free","8":"product_cat-graphics","9":"desktop-align-left","10":"tablet-align-left","11":"mobile-align-left","13":"first","14":"instock","15":"sale","16":"downloadable","17":"virtual","18":"taxable","19":"purchasable","20":"product-type-simple"},"yoast_head":"<!-- This site is optimized with the Yoast SEO plugin v27.3 - https:\/\/yoast.com\/product\/yoast-seo-wordpress\/ -->\n<title>The Merry Christmas Freebie: 100 Christmas Elements In One Pack - Graphimarket<\/title>\n<meta name=\"description\" content=\"Free Christmas elements, beautifully wrapped and presented with love!Wished for free Merry Christmas elements under the tree?...\" \/>\n<meta name=\"robots\" content=\"index, follow, max-snippet:-1, max-image-preview:large, max-video-preview:-1\" \/>\n<link rel=\"canonical\" href=\"https:\/\/graphimarket.com\/fr\/product\/the-merry-christmas-freebie-100-christmas-elements-in-one-pack\/\" \/>\n<meta property=\"og:locale\" content=\"fr_FR\" \/>\n<meta property=\"og:type\" content=\"article\" \/>\n<meta property=\"og:title\" content=\"The Merry Christmas Freebie: 100 Christmas Elements In One Pack - Graphimarket\" \/>\n<meta property=\"og:description\" content=\"Free Christmas elements, beautifully wrapped and presented with love!Wished for free Merry Christmas elements under the tree?...\" \/>\n<meta property=\"og:url\" content=\"https:\/\/graphimarket.com\/fr\/product\/the-merry-christmas-freebie-100-christmas-elements-in-one-pack\/\" \/>\n<meta property=\"og:site_name\" content=\"Graphimarket\" \/>\n<meta property=\"article:modified_time\" content=\"2022-12-19T22:28:33+00:00\" \/>\n<meta property=\"og:image\" content=\"https:\/\/graphimarket.com\/wp-content\/uploads\/2020\/09\/Feature-Image-11.jpg\" \/>\n\t<meta property=\"og:image:width\" content=\"800\" \/>\n\t<meta property=\"og:image:height\" content=\"500\" \/>\n\t<meta property=\"og:image:type\" content=\"image\/jpeg\" \/>\n<meta name=\"twitter:card\" content=\"summary_large_image\" \/>\n<meta name=\"twitter:label1\" content=\"Est. reading time\" \/>\n\t<meta name=\"twitter:data1\" content=\"2 minutes\" \/>\n<script type=\"application\/ld+json\" class=\"yoast-schema-graph\">{\"@context\":\"https:\\\/\\\/schema.org\",\"@graph\":[{\"@type\":\"WebPage\",\"@id\":\"https:\\\/\\\/graphimarket.com\\\/product\\\/the-merry-christmas-freebie-100-christmas-elements-in-one-pack\\\/\",\"url\":\"https:\\\/\\\/graphimarket.com\\\/product\\\/the-merry-christmas-freebie-100-christmas-elements-in-one-pack\\\/\",\"name\":\"The Merry Christmas Freebie: 100 Christmas Elements In One Pack - Graphimarket\",\"isPartOf\":{\"@id\":\"https:\\\/\\\/graphimarket.com\\\/fr\\\/#website\"},\"primaryImageOfPage\":{\"@id\":\"https:\\\/\\\/graphimarket.com\\\/product\\\/the-merry-christmas-freebie-100-christmas-elements-in-one-pack\\\/#primaryimage\"},\"image\":{\"@id\":\"https:\\\/\\\/graphimarket.com\\\/product\\\/the-merry-christmas-freebie-100-christmas-elements-in-one-pack\\\/#primaryimage\"},\"thumbnailUrl\":\"https:\\\/\\\/graphimarket.com\\\/wp-content\\\/uploads\\\/2020\\\/09\\\/Feature-Image-11.jpg\",\"datePublished\":\"2020-09-07T08:59:31+00:00\",\"dateModified\":\"2022-12-19T22:28:33+00:00\",\"description\":\"Free Christmas elements, beautifully wrapped and presented with love!Wished for free Merry Christmas elements under the tree?...\",\"breadcrumb\":{\"@id\":\"https:\\\/\\\/graphimarket.com\\\/product\\\/the-merry-christmas-freebie-100-christmas-elements-in-one-pack\\\/#breadcrumb\"},\"inLanguage\":\"fr-FR\",\"potentialAction\":[{\"@type\":\"ReadAction\",\"target\":[\"https:\\\/\\\/graphimarket.com\\\/product\\\/the-merry-christmas-freebie-100-christmas-elements-in-one-pack\\\/\"]}]},{\"@type\":\"ImageObject\",\"inLanguage\":\"fr-FR\",\"@id\":\"https:\\\/\\\/graphimarket.com\\\/product\\\/the-merry-christmas-freebie-100-christmas-elements-in-one-pack\\\/#primaryimage\",\"url\":\"https:\\\/\\\/graphimarket.com\\\/wp-content\\\/uploads\\\/2020\\\/09\\\/Feature-Image-11.jpg\",\"contentUrl\":\"https:\\\/\\\/graphimarket.com\\\/wp-content\\\/uploads\\\/2020\\\/09\\\/Feature-Image-11.jpg\",\"width\":800,\"height\":500},{\"@type\":\"BreadcrumbList\",\"@id\":\"https:\\\/\\\/graphimarket.com\\\/product\\\/the-merry-christmas-freebie-100-christmas-elements-in-one-pack\\\/#breadcrumb\",\"itemListElement\":[{\"@type\":\"ListItem\",\"position\":1,\"name\":\"Home\",\"item\":\"https:\\\/\\\/graphimarket.com\\\/es\\\/\"},{\"@type\":\"ListItem\",\"position\":2,\"name\":\"Store\",\"item\":\"https:\\\/\\\/graphimarket.com\\\/store\\\/\"},{\"@type\":\"ListItem\",\"position\":3,\"name\":\"The Merry Christmas Freebie: 100 Christmas Elements In One Pack\"}]},{\"@type\":\"WebSite\",\"@id\":\"https:\\\/\\\/graphimarket.com\\\/fr\\\/#website\",\"url\":\"https:\\\/\\\/graphimarket.com\\\/fr\\\/\",\"name\":\"Graphimarket\",\"description\":\"Find the perfect creative asset to bring your project to life\",\"publisher\":{\"@id\":\"https:\\\/\\\/graphimarket.com\\\/fr\\\/#organization\"},\"potentialAction\":[{\"@type\":\"SearchAction\",\"target\":{\"@type\":\"EntryPoint\",\"urlTemplate\":\"https:\\\/\\\/graphimarket.com\\\/fr\\\/?s={search_term_string}\"},\"query-input\":{\"@type\":\"PropertyValueSpecification\",\"valueRequired\":true,\"valueName\":\"search_term_string\"}}],\"inLanguage\":\"fr-FR\"},{\"@type\":\"Organization\",\"@id\":\"https:\\\/\\\/graphimarket.com\\\/fr\\\/#organization\",\"name\":\"Graphimarket\",\"url\":\"https:\\\/\\\/graphimarket.com\\\/fr\\\/\",\"logo\":{\"@type\":\"ImageObject\",\"inLanguage\":\"fr-FR\",\"@id\":\"https:\\\/\\\/graphimarket.com\\\/fr\\\/#\\\/schema\\\/logo\\\/image\\\/\",\"url\":\"https:\\\/\\\/graphimarket.com\\\/wp-content\\\/uploads\\\/2020\\\/08\\\/logo-48.png\",\"contentUrl\":\"https:\\\/\\\/graphimarket.com\\\/wp-content\\\/uploads\\\/2020\\\/08\\\/logo-48.png\",\"width\":132,\"height\":48,\"caption\":\"Graphimarket\"},\"image\":{\"@id\":\"https:\\\/\\\/graphimarket.com\\\/fr\\\/#\\\/schema\\\/logo\\\/image\\\/\"}}]}<\/script>\n<!-- \/ Yoast SEO plugin. -->","yoast_head_json":{"title":"The Merry Christmas Freebie: 100 \u00e9l\u00e9ments de No\u00ebl dans un seul pack - Graphimarket","description":"\u00c9l\u00e9ments de No\u00ebl gratuits, joliment emball\u00e9s et pr\u00e9sent\u00e9s avec amour! Souhaitez-vous des \u00e9l\u00e9ments de joyeux No\u00ebl gratuits sous le sapin? ...","robots":{"index":"index","follow":"follow","max-snippet":"max-snippet:-1","max-image-preview":"max-image-preview:large","max-video-preview":"max-video-preview:-1"},"canonical":"https:\/\/graphimarket.com\/fr\/product\/the-merry-christmas-freebie-100-christmas-elements-in-one-pack\/","og_locale":"fr_FR","og_type":"article","og_title":"The Merry Christmas Freebie: 100 Christmas Elements In One Pack - Graphimarket","og_description":"Free Christmas elements, beautifully wrapped and presented with love!Wished for free Merry Christmas elements under the tree?...","og_url":"https:\/\/graphimarket.com\/fr\/product\/the-merry-christmas-freebie-100-christmas-elements-in-one-pack\/","og_site_name":"Graphimarket","article_modified_time":"2022-12-19T22:28:33+00:00","og_image":[{"width":800,"height":500,"url":"https:\/\/graphimarket.com\/wp-content\/uploads\/2020\/09\/Feature-Image-11.jpg","type":"image\/jpeg"}],"twitter_card":"summary_large_image","twitter_misc":{"Est. reading time":"2 minutes"},"schema":{"@context":"https:\/\/schema.org","@graph":[{"@type":"WebPage","@id":"https:\/\/graphimarket.com\/product\/the-merry-christmas-freebie-100-christmas-elements-in-one-pack\/","url":"https:\/\/graphimarket.com\/product\/the-merry-christmas-freebie-100-christmas-elements-in-one-pack\/","name":"The Merry Christmas Freebie: 100 \u00e9l\u00e9ments de No\u00ebl dans un seul pack - Graphimarket","isPartOf":{"@id":"https:\/\/graphimarket.com\/fr\/#website"},"primaryImageOfPage":{"@id":"https:\/\/graphimarket.com\/product\/the-merry-christmas-freebie-100-christmas-elements-in-one-pack\/#primaryimage"},"image":{"@id":"https:\/\/graphimarket.com\/product\/the-merry-christmas-freebie-100-christmas-elements-in-one-pack\/#primaryimage"},"thumbnailUrl":"https:\/\/graphimarket.com\/wp-content\/uploads\/2020\/09\/Feature-Image-11.jpg","datePublished":"2020-09-07T08:59:31+00:00","dateModified":"2022-12-19T22:28:33+00:00","description":"\u00c9l\u00e9ments de No\u00ebl gratuits, joliment emball\u00e9s et pr\u00e9sent\u00e9s avec amour! Souhaitez-vous des \u00e9l\u00e9ments de joyeux No\u00ebl gratuits sous le sapin? ...","breadcrumb":{"@id":"https:\/\/graphimarket.com\/product\/the-merry-christmas-freebie-100-christmas-elements-in-one-pack\/#breadcrumb"},"inLanguage":"fr-FR","potentialAction":[{"@type":"ReadAction","target":["https:\/\/graphimarket.com\/product\/the-merry-christmas-freebie-100-christmas-elements-in-one-pack\/"]}]},{"@type":"ImageObject","inLanguage":"fr-FR","@id":"https:\/\/graphimarket.com\/product\/the-merry-christmas-freebie-100-christmas-elements-in-one-pack\/#primaryimage","url":"https:\/\/graphimarket.com\/wp-content\/uploads\/2020\/09\/Feature-Image-11.jpg","contentUrl":"https:\/\/graphimarket.com\/wp-content\/uploads\/2020\/09\/Feature-Image-11.jpg","width":800,"height":500},{"@type":"BreadcrumbList","@id":"https:\/\/graphimarket.com\/product\/the-merry-christmas-freebie-100-christmas-elements-in-one-pack\/#breadcrumb","itemListElement":[{"@type":"ListItem","position":1,"name":"Home","item":"https:\/\/graphimarket.com\/es\/"},{"@type":"ListItem","position":2,"name":"Store","item":"https:\/\/graphimarket.com\/store\/"},{"@type":"ListItem","position":3,"name":"The Merry Christmas Freebie: 100 Christmas Elements In One Pack"}]},{"@type":"WebSite","@id":"https:\/\/graphimarket.com\/fr\/#website","url":"https:\/\/graphimarket.com\/fr\/","name":"Graphimarket","description":"Trouvez l&#039;atout cr\u00e9atif parfait pour donner vie \u00e0 votre projet","publisher":{"@id":"https:\/\/graphimarket.com\/fr\/#organization"},"potentialAction":[{"@type":"SearchAction","target":{"@type":"EntryPoint","urlTemplate":"https:\/\/graphimarket.com\/fr\/?s={search_term_string}"},"query-input":{"@type":"PropertyValueSpecification","valueRequired":true,"valueName":"search_term_string"}}],"inLanguage":"fr-FR"},{"@type":"Organization","@id":"https:\/\/graphimarket.com\/fr\/#organization","name":"Graphimarket","url":"https:\/\/graphimarket.com\/fr\/","logo":{"@type":"ImageObject","inLanguage":"fr-FR","@id":"https:\/\/graphimarket.com\/fr\/#\/schema\/logo\/image\/","url":"https:\/\/graphimarket.com\/wp-content\/uploads\/2020\/08\/logo-48.png","contentUrl":"https:\/\/graphimarket.com\/wp-content\/uploads\/2020\/08\/logo-48.png","width":132,"height":48,"caption":"Graphimarket"},"image":{"@id":"https:\/\/graphimarket.com\/fr\/#\/schema\/logo\/image\/"}}]}},"_links":{"self":[{"href":"https:\/\/graphimarket.com\/fr\/wp-json\/wp\/v2\/product\/7649","targetHints":{"allow":["GET"]}}],"collection":[{"href":"https:\/\/graphimarket.com\/fr\/wp-json\/wp\/v2\/product"}],"about":[{"href":"https:\/\/graphimarket.com\/fr\/wp-json\/wp\/v2\/types\/product"}],"replies":[{"embeddable":true,"href":"https:\/\/graphimarket.com\/fr\/wp-json\/wp\/v2\/comments?post=7649"}],"version-history":[{"count":0,"href":"https:\/\/graphimarket.com\/fr\/wp-json\/wp\/v2\/product\/7649\/revisions"}],"wp:featuredmedia":[{"embeddable":true,"href":"https:\/\/graphimarket.com\/fr\/wp-json\/wp\/v2\/media\/7650"}],"wp:attachment":[{"href":"https:\/\/graphimarket.com\/fr\/wp-json\/wp\/v2\/media?parent=7649"}],"wp:term":[{"taxonomy":"product_brand","embeddable":true,"href":"https:\/\/graphimarket.com\/fr\/wp-json\/wp\/v2\/product_brand?post=7649"},{"taxonomy":"product_cat","embeddable":true,"href":"https:\/\/graphimarket.com\/fr\/wp-json\/wp\/v2\/product_cat?post=7649"},{"taxonomy":"product_tag","embeddable":true,"href":"https:\/\/graphimarket.com\/fr\/wp-json\/wp\/v2\/product_tag?post=7649"}],"curies":[{"name":"wp","href":"https:\/\/api.w.org\/{rel}","templated":true}]}}