{"id":7689,"date":"2020-09-07T11:55:28","date_gmt":"2020-09-07T09:55:28","guid":{"rendered":"https:\/\/graphimarket.com\/?post_type=product&#038;p=7689"},"modified":"2022-12-19T23:27:55","modified_gmt":"2022-12-19T22:27:55","slug":"get-a-mini-web-bundle-worth-100-for-free","status":"publish","type":"product","link":"https:\/\/graphimarket.com\/fr\/product\/get-a-mini-web-bundle-worth-100-for-free\/","title":{"rendered":"Obtenez un mini pack Web d&#039;une valeur de $100 + GRATUITEMENT"},"content":{"rendered":"<p>Obtenez un mini pack Web d&#039;une valeur de $100 + GRATUITEMENT<\/p>\n<p>Nous avons un autre cadeau premium \u00e0 t\u00e9l\u00e9charger et \u00e0 appr\u00e9cier!<\/p>\n<p>Nos amis de MatchThemes<b>\u00a0<\/b>ont eu la gentillesse de nous donner un mini-bundle Web que vous appr\u00e9cierez certainement! Je parle d&#039;un totalement r\u00e9actif\u00a0<b>Mod\u00e8le WordPress,<\/b>\u00a0un enti\u00e8rement r\u00e9actif\u00a0<b>Mod\u00e8le HTML5\u00a0<\/b>et un\u00a0<b>page \u00e0 venir\u00a0<\/b>avec 3 mod\u00e8les disponibles!<\/p>\n<p>En plus de cela, les gars de FlashTuning nous ont donn\u00e9 un lecteur vid\u00e9o tr\u00e8s cool et un lecteur audio!<\/p>\n<p>Ces mod\u00e8les sont enti\u00e8rement r\u00e9actifs et compatibles avec tous les principaux navigateurs, et, en plus de cela, pour chaque \u00e9l\u00e9ment individuel, vous obtiendrez un\u00a0<b>fichier d&#039;aide tr\u00e8s utile<\/b>!<\/p>\n<p>Jetez un \u0153il \u00e0 ce que vous obtenez:<\/p>\n<h3>Points forts du mod\u00e8le WordPress Atolo:<\/h3>\n<p>- Conception enti\u00e8rement r\u00e9active - construite avec Twitter Bootstrap<\/p>\n<p>- Sch\u00e9mas de couleurs illimit\u00e9s via le panneau d&#039;administration<\/p>\n<p>- Facile \u00e0 personnaliser les couleurs du texte et les arri\u00e8re-plans de section via le panneau d&#039;options<\/p>\n<p>&nbsp;<\/p>\n<p><img fetchpriority=\"high\" decoding=\"async\" class=\"aligncenter wp-image-7691 size-full\" src=\"https:\/\/graphimarket.com\/wp-content\/uploads\/2020\/09\/atolo-responsive-wp.jpg\" alt=\"\" width=\"620\" height=\"330\" srcset=\"https:\/\/graphimarket.com\/wp-content\/uploads\/2020\/09\/atolo-responsive-wp.jpg 620w, https:\/\/graphimarket.com\/wp-content\/uploads\/2020\/09\/atolo-responsive-wp-600x319.jpg 600w, https:\/\/graphimarket.com\/wp-content\/uploads\/2020\/09\/atolo-responsive-wp-300x160.jpg 300w\" sizes=\"(max-width: 620px) 100vw, 620px\" \/><\/p>\n<p>&nbsp;<\/p>\n<h3>Points forts du mod\u00e8le HTML Atolo:<\/h3>\n<p>- Conception enti\u00e8rement r\u00e9active - construite avec Twitter Bootstrap<\/p>\n<p>- Formulaire de contact AJAX<\/p>\n<p>- Effet de diapositive jQuery pour les \u00e9l\u00e9ments de portefeuille individuels<\/p>\n<p>&nbsp;<\/p>\n<p><img decoding=\"async\" class=\"aligncenter wp-image-7692 size-full\" src=\"https:\/\/graphimarket.com\/wp-content\/uploads\/2020\/09\/atolo-responsive-html.jpg\" alt=\"\" width=\"620\" height=\"330\" srcset=\"https:\/\/graphimarket.com\/wp-content\/uploads\/2020\/09\/atolo-responsive-html.jpg 620w, https:\/\/graphimarket.com\/wp-content\/uploads\/2020\/09\/atolo-responsive-html-600x319.jpg 600w, https:\/\/graphimarket.com\/wp-content\/uploads\/2020\/09\/atolo-responsive-html-300x160.jpg 300w\" sizes=\"(max-width: 620px) 100vw, 620px\" \/><\/p>\n<p>&nbsp;<\/p>\n<h3>Points forts du mod\u00e8le Atolo \u00e0 venir:<\/h3>\n<p>Atolo est une page \u00e0 venir personnalisable avec 3 mod\u00e8les disponibles. Il est facile pour vous de modifier les \u00e9l\u00e9ments de conception et les couleurs avec moins d&#039;effort. Le mod\u00e8le est recommand\u00e9 pour ceux qui souhaitent afficher des informations sur l&#039;entreprise et des exemples de travail jusqu&#039;\u00e0 ce que leur nouveau site Web soit termin\u00e9.<\/p>\n<p>&nbsp;<\/p>\n<h3><img decoding=\"async\" class=\"aligncenter wp-image-7693 size-full\" src=\"https:\/\/graphimarket.com\/wp-content\/uploads\/2020\/09\/atolo-coming-soon.jpg\" alt=\"\" width=\"620\" height=\"330\" srcset=\"https:\/\/graphimarket.com\/wp-content\/uploads\/2020\/09\/atolo-coming-soon.jpg 620w, https:\/\/graphimarket.com\/wp-content\/uploads\/2020\/09\/atolo-coming-soon-600x319.jpg 600w, https:\/\/graphimarket.com\/wp-content\/uploads\/2020\/09\/atolo-coming-soon-300x160.jpg 300w\" sizes=\"(max-width: 620px) 100vw, 620px\" \/><\/h3>\n<h3><\/h3>\n<h3>Lecteur vid\u00e9o HTML5 avec points forts de la liste de lecture:<\/h3>\n<p>- Deux modes de listes de lecture: vertical et horizontal<\/p>\n<p>- Personnalisation facile via des fichiers HTML \/ CSS<\/p>\n<p>- Flash de secours pour les anciens navigateurs<\/p>\n<p>- D\u00e9finir le titre et la description de la vid\u00e9o<\/p>\n<p>&nbsp;<\/p>\n<p><img loading=\"lazy\" decoding=\"async\" class=\"aligncenter wp-image-7694 size-full\" src=\"https:\/\/graphimarket.com\/wp-content\/uploads\/2020\/09\/responsiveVideoGallery-big.jpg\" alt=\"\" width=\"620\" height=\"300\" srcset=\"https:\/\/graphimarket.com\/wp-content\/uploads\/2020\/09\/responsiveVideoGallery-big.jpg 620w, https:\/\/graphimarket.com\/wp-content\/uploads\/2020\/09\/responsiveVideoGallery-big-600x290.jpg 600w, https:\/\/graphimarket.com\/wp-content\/uploads\/2020\/09\/responsiveVideoGallery-big-300x145.jpg 300w\" sizes=\"(max-width: 620px) 100vw, 620px\" \/><\/p>\n<p>&nbsp;<\/p>\n<h3>Points forts du lecteur audio HTML5:<\/h3>\n<p>- Liste de lecture de chansons illimit\u00e9e avec d\u00e9filement<\/p>\n<p>- Trois dispositions de joueur incluses<\/p>\n<p>- Prend en charge SoundCloud et le podcast<\/p>\n<p>- Prend en charge plusieurs instances dans une page<\/p>\n<p><img loading=\"lazy\" decoding=\"async\" class=\"aligncenter wp-image-7695 size-full\" src=\"https:\/\/graphimarket.com\/wp-content\/uploads\/2020\/09\/html5-audio-player.jpg\" alt=\"\" width=\"620\" height=\"320\" srcset=\"https:\/\/graphimarket.com\/wp-content\/uploads\/2020\/09\/html5-audio-player.jpg 620w, https:\/\/graphimarket.com\/wp-content\/uploads\/2020\/09\/html5-audio-player-600x310.jpg 600w, https:\/\/graphimarket.com\/wp-content\/uploads\/2020\/09\/html5-audio-player-300x155.jpg 300w\" sizes=\"(max-width: 620px) 100vw, 620px\" \/><\/p>\n<p>&nbsp;<\/p>\n<p>&nbsp;<\/p>","protected":false},"excerpt":{"rendered":"<p>Get a Mini Web Bundle worth $100+ for FREE We have another premium freebie for you to download and enjoy! Our friends from\u00a0MatchThemes\u00a0were kind enough to give us a mini web bundle that you guys will definitely enjoy! I\u2019m talking about a fully responsive\u00a0WordPress template,\u00a0a fully responsive\u00a0HTML5 template\u00a0and a\u00a0coming soon page\u00a0with 3 available templates! Besides [&hellip;]<\/p>\n","protected":false},"featured_media":7690,"comment_status":"open","ping_status":"closed","template":"","meta":{"site-sidebar-layout":"default","site-content-layout":"default","ast-site-content-layout":"default","site-content-style":"default","site-sidebar-style":"default","ast-global-header-display":"","ast-banner-title-visibility":"","ast-main-header-display":"","ast-hfb-above-header-display":"","ast-hfb-below-header-display":"","ast-hfb-mobile-header-display":"","site-post-title":"","ast-breadcrumbs-content":"","ast-featured-img":"","footer-sml-layout":"","ast-disable-related-posts":"","theme-transparent-header-meta":"default","adv-header-id-meta":"","stick-header-meta":"","header-above-stick-meta":"","header-main-stick-meta":"","header-below-stick-meta":"","astra-migrate-meta-layouts":"default","ast-page-background-enabled":"default","ast-page-background-meta":{"desktop":{"background-color":"","background-image":"","background-repeat":"repeat","background-position":"center center","background-size":"auto","background-attachment":"scroll","background-type":"","background-media":"","overlay-type":"","overlay-color":"","overlay-opacity":"","overlay-gradient":""},"tablet":{"background-color":"","background-image":"","background-repeat":"repeat","background-position":"center center","background-size":"auto","background-attachment":"scroll","background-type":"","background-media":"","overlay-type":"","overlay-color":"","overlay-opacity":"","overlay-gradient":""},"mobile":{"background-color":"","background-image":"","background-repeat":"repeat","background-position":"center center","background-size":"auto","background-attachment":"scroll","background-type":"","background-media":"","overlay-type":"","overlay-color":"","overlay-opacity":"","overlay-gradient":""}},"ast-content-background-meta":{"desktop":{"background-color":"var(--ast-global-color-5)","background-image":"","background-repeat":"repeat","background-position":"center center","background-size":"auto","background-attachment":"scroll","background-type":"","background-media":"","overlay-type":"","overlay-color":"","overlay-opacity":"","overlay-gradient":""},"tablet":{"background-color":"var(--ast-global-color-5)","background-image":"","background-repeat":"repeat","background-position":"center center","background-size":"auto","background-attachment":"scroll","background-type":"","background-media":"","overlay-type":"","overlay-color":"","overlay-opacity":"","overlay-gradient":""},"mobile":{"background-color":"var(--ast-global-color-5)","background-image":"","background-repeat":"repeat","background-position":"center center","background-size":"auto","background-attachment":"scroll","background-type":"","background-media":"","overlay-type":"","overlay-color":"","overlay-opacity":"","overlay-gradient":""}}},"product_brand":[],"product_cat":[119,191,168,186],"product_tag":[],"class_list":{"0":"post-7689","1":"product","2":"type-product","3":"status-publish","4":"has-post-thumbnail","6":"product_cat-expired-deals","7":"product_cat-free","8":"product_cat-templates","9":"product_cat-wordpress","10":"desktop-align-left","11":"tablet-align-left","12":"mobile-align-left","14":"first","15":"instock","16":"sale","17":"downloadable","18":"virtual","19":"taxable","20":"purchasable","21":"product-type-simple"},"yoast_head":"<!-- This site is optimized with the Yoast SEO plugin v27.3 - https:\/\/yoast.com\/product\/yoast-seo-wordpress\/ -->\n<title>Get a Mini Web Bundle worth $100+ for FREE - Graphimarket<\/title>\n<meta name=\"description\" content=\"Get a Mini Web Bundle worth $100+ for FREEWe have another premium freebie for you to download and enjoy!Our friends from\u00a0MatchThemes...\" \/>\n<meta name=\"robots\" content=\"index, follow, max-snippet:-1, max-image-preview:large, max-video-preview:-1\" \/>\n<link rel=\"canonical\" href=\"https:\/\/graphimarket.com\/fr\/product\/get-a-mini-web-bundle-worth-100-for-free\/\" \/>\n<meta property=\"og:locale\" content=\"fr_FR\" \/>\n<meta property=\"og:type\" content=\"article\" \/>\n<meta property=\"og:title\" content=\"Get a Mini Web Bundle worth $100+ for FREE - Graphimarket\" \/>\n<meta property=\"og:description\" content=\"Get a Mini Web Bundle worth $100+ for FREEWe have another premium freebie for you to download and enjoy!Our friends from\u00a0MatchThemes...\" \/>\n<meta property=\"og:url\" content=\"https:\/\/graphimarket.com\/fr\/product\/get-a-mini-web-bundle-worth-100-for-free\/\" \/>\n<meta property=\"og:site_name\" content=\"Graphimarket\" \/>\n<meta property=\"article:modified_time\" content=\"2022-12-19T22:27:55+00:00\" \/>\n<meta property=\"og:image\" content=\"https:\/\/graphimarket.com\/wp-content\/uploads\/2020\/09\/free-mini-web-bundle-preview.jpg\" \/>\n\t<meta property=\"og:image:width\" content=\"520\" \/>\n\t<meta property=\"og:image:height\" content=\"360\" \/>\n\t<meta property=\"og:image:type\" content=\"image\/jpeg\" \/>\n<meta name=\"twitter:card\" content=\"summary_large_image\" \/>\n<meta name=\"twitter:label1\" content=\"Est. reading time\" \/>\n\t<meta name=\"twitter:data1\" content=\"1 minute\" \/>\n<script type=\"application\/ld+json\" class=\"yoast-schema-graph\">{\"@context\":\"https:\\\/\\\/schema.org\",\"@graph\":[{\"@type\":\"WebPage\",\"@id\":\"https:\\\/\\\/graphimarket.com\\\/product\\\/get-a-mini-web-bundle-worth-100-for-free\\\/\",\"url\":\"https:\\\/\\\/graphimarket.com\\\/product\\\/get-a-mini-web-bundle-worth-100-for-free\\\/\",\"name\":\"Get a Mini Web Bundle worth $100+ for FREE - Graphimarket\",\"isPartOf\":{\"@id\":\"https:\\\/\\\/graphimarket.com\\\/fr\\\/#website\"},\"primaryImageOfPage\":{\"@id\":\"https:\\\/\\\/graphimarket.com\\\/product\\\/get-a-mini-web-bundle-worth-100-for-free\\\/#primaryimage\"},\"image\":{\"@id\":\"https:\\\/\\\/graphimarket.com\\\/product\\\/get-a-mini-web-bundle-worth-100-for-free\\\/#primaryimage\"},\"thumbnailUrl\":\"https:\\\/\\\/graphimarket.com\\\/wp-content\\\/uploads\\\/2020\\\/09\\\/free-mini-web-bundle-preview.jpg\",\"datePublished\":\"2020-09-07T09:55:28+00:00\",\"dateModified\":\"2022-12-19T22:27:55+00:00\",\"description\":\"Get a Mini Web Bundle worth $100+ for FREEWe have another premium freebie for you to download and enjoy!Our friends from\u00a0MatchThemes...\",\"breadcrumb\":{\"@id\":\"https:\\\/\\\/graphimarket.com\\\/product\\\/get-a-mini-web-bundle-worth-100-for-free\\\/#breadcrumb\"},\"inLanguage\":\"fr-FR\",\"potentialAction\":[{\"@type\":\"ReadAction\",\"target\":[\"https:\\\/\\\/graphimarket.com\\\/product\\\/get-a-mini-web-bundle-worth-100-for-free\\\/\"]}]},{\"@type\":\"ImageObject\",\"inLanguage\":\"fr-FR\",\"@id\":\"https:\\\/\\\/graphimarket.com\\\/product\\\/get-a-mini-web-bundle-worth-100-for-free\\\/#primaryimage\",\"url\":\"https:\\\/\\\/graphimarket.com\\\/wp-content\\\/uploads\\\/2020\\\/09\\\/free-mini-web-bundle-preview.jpg\",\"contentUrl\":\"https:\\\/\\\/graphimarket.com\\\/wp-content\\\/uploads\\\/2020\\\/09\\\/free-mini-web-bundle-preview.jpg\",\"width\":520,\"height\":360},{\"@type\":\"BreadcrumbList\",\"@id\":\"https:\\\/\\\/graphimarket.com\\\/product\\\/get-a-mini-web-bundle-worth-100-for-free\\\/#breadcrumb\",\"itemListElement\":[{\"@type\":\"ListItem\",\"position\":1,\"name\":\"Home\",\"item\":\"https:\\\/\\\/graphimarket.com\\\/es\\\/\"},{\"@type\":\"ListItem\",\"position\":2,\"name\":\"Store\",\"item\":\"https:\\\/\\\/graphimarket.com\\\/store\\\/\"},{\"@type\":\"ListItem\",\"position\":3,\"name\":\"Get a Mini Web Bundle worth $100+ for FREE\"}]},{\"@type\":\"WebSite\",\"@id\":\"https:\\\/\\\/graphimarket.com\\\/fr\\\/#website\",\"url\":\"https:\\\/\\\/graphimarket.com\\\/fr\\\/\",\"name\":\"Graphimarket\",\"description\":\"Find the perfect creative asset to bring your project to life\",\"publisher\":{\"@id\":\"https:\\\/\\\/graphimarket.com\\\/fr\\\/#organization\"},\"potentialAction\":[{\"@type\":\"SearchAction\",\"target\":{\"@type\":\"EntryPoint\",\"urlTemplate\":\"https:\\\/\\\/graphimarket.com\\\/fr\\\/?s={search_term_string}\"},\"query-input\":{\"@type\":\"PropertyValueSpecification\",\"valueRequired\":true,\"valueName\":\"search_term_string\"}}],\"inLanguage\":\"fr-FR\"},{\"@type\":\"Organization\",\"@id\":\"https:\\\/\\\/graphimarket.com\\\/fr\\\/#organization\",\"name\":\"Graphimarket\",\"url\":\"https:\\\/\\\/graphimarket.com\\\/fr\\\/\",\"logo\":{\"@type\":\"ImageObject\",\"inLanguage\":\"fr-FR\",\"@id\":\"https:\\\/\\\/graphimarket.com\\\/fr\\\/#\\\/schema\\\/logo\\\/image\\\/\",\"url\":\"https:\\\/\\\/graphimarket.com\\\/wp-content\\\/uploads\\\/2020\\\/08\\\/logo-48.png\",\"contentUrl\":\"https:\\\/\\\/graphimarket.com\\\/wp-content\\\/uploads\\\/2020\\\/08\\\/logo-48.png\",\"width\":132,\"height\":48,\"caption\":\"Graphimarket\"},\"image\":{\"@id\":\"https:\\\/\\\/graphimarket.com\\\/fr\\\/#\\\/schema\\\/logo\\\/image\\\/\"}}]}<\/script>\n<!-- \/ Yoast SEO plugin. -->","yoast_head_json":{"title":"Obtenez un mini pack Web d&#039;une valeur de $100 + GRATUITEMENT - Graphimarket","description":"Obtenez un mini pack Web d&#039;une valeur de $100 + GRATUITEMENT Nous avons un autre cadeau premium \u00e0 t\u00e9l\u00e9charger et en profiter! Nos amis de MatchThemes ...","robots":{"index":"index","follow":"follow","max-snippet":"max-snippet:-1","max-image-preview":"max-image-preview:large","max-video-preview":"max-video-preview:-1"},"canonical":"https:\/\/graphimarket.com\/fr\/product\/get-a-mini-web-bundle-worth-100-for-free\/","og_locale":"fr_FR","og_type":"article","og_title":"Get a Mini Web Bundle worth $100+ for FREE - Graphimarket","og_description":"Get a Mini Web Bundle worth $100+ for FREEWe have another premium freebie for you to download and enjoy!Our friends from\u00a0MatchThemes...","og_url":"https:\/\/graphimarket.com\/fr\/product\/get-a-mini-web-bundle-worth-100-for-free\/","og_site_name":"Graphimarket","article_modified_time":"2022-12-19T22:27:55+00:00","og_image":[{"width":520,"height":360,"url":"https:\/\/graphimarket.com\/wp-content\/uploads\/2020\/09\/free-mini-web-bundle-preview.jpg","type":"image\/jpeg"}],"twitter_card":"summary_large_image","twitter_misc":{"Est. reading time":"1 minute"},"schema":{"@context":"https:\/\/schema.org","@graph":[{"@type":"WebPage","@id":"https:\/\/graphimarket.com\/product\/get-a-mini-web-bundle-worth-100-for-free\/","url":"https:\/\/graphimarket.com\/product\/get-a-mini-web-bundle-worth-100-for-free\/","name":"Obtenez un mini pack Web d&#039;une valeur de $100 + GRATUITEMENT - Graphimarket","isPartOf":{"@id":"https:\/\/graphimarket.com\/fr\/#website"},"primaryImageOfPage":{"@id":"https:\/\/graphimarket.com\/product\/get-a-mini-web-bundle-worth-100-for-free\/#primaryimage"},"image":{"@id":"https:\/\/graphimarket.com\/product\/get-a-mini-web-bundle-worth-100-for-free\/#primaryimage"},"thumbnailUrl":"https:\/\/graphimarket.com\/wp-content\/uploads\/2020\/09\/free-mini-web-bundle-preview.jpg","datePublished":"2020-09-07T09:55:28+00:00","dateModified":"2022-12-19T22:27:55+00:00","description":"Obtenez un mini pack Web d&#039;une valeur de $100 + GRATUITEMENT Nous avons un autre cadeau premium \u00e0 t\u00e9l\u00e9charger et en profiter! Nos amis de MatchThemes ...","breadcrumb":{"@id":"https:\/\/graphimarket.com\/product\/get-a-mini-web-bundle-worth-100-for-free\/#breadcrumb"},"inLanguage":"fr-FR","potentialAction":[{"@type":"ReadAction","target":["https:\/\/graphimarket.com\/product\/get-a-mini-web-bundle-worth-100-for-free\/"]}]},{"@type":"ImageObject","inLanguage":"fr-FR","@id":"https:\/\/graphimarket.com\/product\/get-a-mini-web-bundle-worth-100-for-free\/#primaryimage","url":"https:\/\/graphimarket.com\/wp-content\/uploads\/2020\/09\/free-mini-web-bundle-preview.jpg","contentUrl":"https:\/\/graphimarket.com\/wp-content\/uploads\/2020\/09\/free-mini-web-bundle-preview.jpg","width":520,"height":360},{"@type":"BreadcrumbList","@id":"https:\/\/graphimarket.com\/product\/get-a-mini-web-bundle-worth-100-for-free\/#breadcrumb","itemListElement":[{"@type":"ListItem","position":1,"name":"Home","item":"https:\/\/graphimarket.com\/es\/"},{"@type":"ListItem","position":2,"name":"Store","item":"https:\/\/graphimarket.com\/store\/"},{"@type":"ListItem","position":3,"name":"Get a Mini Web Bundle worth $100+ for FREE"}]},{"@type":"WebSite","@id":"https:\/\/graphimarket.com\/fr\/#website","url":"https:\/\/graphimarket.com\/fr\/","name":"Graphimarket","description":"Trouvez l&#039;atout cr\u00e9atif parfait pour donner vie \u00e0 votre projet","publisher":{"@id":"https:\/\/graphimarket.com\/fr\/#organization"},"potentialAction":[{"@type":"SearchAction","target":{"@type":"EntryPoint","urlTemplate":"https:\/\/graphimarket.com\/fr\/?s={search_term_string}"},"query-input":{"@type":"PropertyValueSpecification","valueRequired":true,"valueName":"search_term_string"}}],"inLanguage":"fr-FR"},{"@type":"Organization","@id":"https:\/\/graphimarket.com\/fr\/#organization","name":"Graphimarket","url":"https:\/\/graphimarket.com\/fr\/","logo":{"@type":"ImageObject","inLanguage":"fr-FR","@id":"https:\/\/graphimarket.com\/fr\/#\/schema\/logo\/image\/","url":"https:\/\/graphimarket.com\/wp-content\/uploads\/2020\/08\/logo-48.png","contentUrl":"https:\/\/graphimarket.com\/wp-content\/uploads\/2020\/08\/logo-48.png","width":132,"height":48,"caption":"Graphimarket"},"image":{"@id":"https:\/\/graphimarket.com\/fr\/#\/schema\/logo\/image\/"}}]}},"_links":{"self":[{"href":"https:\/\/graphimarket.com\/fr\/wp-json\/wp\/v2\/product\/7689","targetHints":{"allow":["GET"]}}],"collection":[{"href":"https:\/\/graphimarket.com\/fr\/wp-json\/wp\/v2\/product"}],"about":[{"href":"https:\/\/graphimarket.com\/fr\/wp-json\/wp\/v2\/types\/product"}],"replies":[{"embeddable":true,"href":"https:\/\/graphimarket.com\/fr\/wp-json\/wp\/v2\/comments?post=7689"}],"version-history":[{"count":0,"href":"https:\/\/graphimarket.com\/fr\/wp-json\/wp\/v2\/product\/7689\/revisions"}],"wp:featuredmedia":[{"embeddable":true,"href":"https:\/\/graphimarket.com\/fr\/wp-json\/wp\/v2\/media\/7690"}],"wp:attachment":[{"href":"https:\/\/graphimarket.com\/fr\/wp-json\/wp\/v2\/media?parent=7689"}],"wp:term":[{"taxonomy":"product_brand","embeddable":true,"href":"https:\/\/graphimarket.com\/fr\/wp-json\/wp\/v2\/product_brand?post=7689"},{"taxonomy":"product_cat","embeddable":true,"href":"https:\/\/graphimarket.com\/fr\/wp-json\/wp\/v2\/product_cat?post=7689"},{"taxonomy":"product_tag","embeddable":true,"href":"https:\/\/graphimarket.com\/fr\/wp-json\/wp\/v2\/product_tag?post=7689"}],"curies":[{"name":"wp","href":"https:\/\/api.w.org\/{rel}","templated":true}]}}