{"id":8366,"date":"2020-09-11T18:21:31","date_gmt":"2020-09-11T16:21:31","guid":{"rendered":"https:\/\/graphimarket.com\/?post_type=product&#038;p=8366"},"modified":"2024-10-04T11:11:55","modified_gmt":"2024-10-04T09:11:55","slug":"stipple-brush-set-for-photoshop-and-illustrator","status":"publish","type":"product","link":"https:\/\/graphimarket.com\/fr\/product\/stipple-brush-set-for-photoshop-and-illustrator\/","title":{"rendered":"Ensemble de pinceaux pointill\u00e9s pour Photoshop et Illustrator"},"content":{"rendered":"<p>Ensemble de pinceaux pointill\u00e9s pour Photoshop et Illustrator<\/p>\n<p>Cet ensemble comprend un total de 62 brosses. 32 pour Adobe Photoshop et 30 pour Adobe Illustrator. L&#039;ombrage en pointill\u00e9 est une m\u00e9thode de rendu d&#039;une illustration \u00e0 l&#039;aide d&#039;une s\u00e9rie de petits points. Le processus d&#039;ombrage traditionnel en pointill\u00e9 peut prendre du temps et \u00eatre intimidant. Avec cet ensemble de pinceaux, le processus devient aussi rapide et simple que de cr\u00e9er un seul coup de pinceau pour cr\u00e9er des centaines de petits points.<\/p>\n<p><strong>Cet ensemble comprend:<\/strong><\/p>\n<p>* 32 pinceaux pour Adobe Photoshop * 30 pinceaux pour Adobe Illustrator * Un ensemble complet d&#039;instructions d&#039;installation<\/p>\n<p>&nbsp;<\/p>\n<p><img fetchpriority=\"high\" decoding=\"async\" class=\"aligncenter wp-image-8367 size-full\" src=\"https:\/\/graphimarket.com\/wp-content\/uploads\/2020\/09\/ec224251-522e-49a3-a4dd-83930cfda985.jpg\" alt=\"\" width=\"900\" height=\"600\" srcset=\"https:\/\/graphimarket.com\/wp-content\/uploads\/2020\/09\/ec224251-522e-49a3-a4dd-83930cfda985.jpg 900w, https:\/\/graphimarket.com\/wp-content\/uploads\/2020\/09\/ec224251-522e-49a3-a4dd-83930cfda985-600x400.jpg 600w, https:\/\/graphimarket.com\/wp-content\/uploads\/2020\/09\/ec224251-522e-49a3-a4dd-83930cfda985-300x200.jpg 300w, https:\/\/graphimarket.com\/wp-content\/uploads\/2020\/09\/ec224251-522e-49a3-a4dd-83930cfda985-768x512.jpg 768w\" sizes=\"(max-width: 900px) 100vw, 900px\" \/> <img decoding=\"async\" class=\"aligncenter wp-image-8368 size-full\" src=\"https:\/\/graphimarket.com\/wp-content\/uploads\/2020\/09\/s.jpg\" alt=\"\" width=\"900\" height=\"600\" srcset=\"https:\/\/graphimarket.com\/wp-content\/uploads\/2020\/09\/s.jpg 900w, https:\/\/graphimarket.com\/wp-content\/uploads\/2020\/09\/s-600x400.jpg 600w, https:\/\/graphimarket.com\/wp-content\/uploads\/2020\/09\/s-300x200.jpg 300w, https:\/\/graphimarket.com\/wp-content\/uploads\/2020\/09\/s-768x512.jpg 768w\" sizes=\"(max-width: 900px) 100vw, 900px\" \/> <img decoding=\"async\" class=\"aligncenter wp-image-8369 size-full\" src=\"https:\/\/graphimarket.com\/wp-content\/uploads\/2020\/09\/bd45337f-d238-4d2c-b276-bbb75a3994fc.jpg\" alt=\"\" width=\"900\" height=\"600\" srcset=\"https:\/\/graphimarket.com\/wp-content\/uploads\/2020\/09\/bd45337f-d238-4d2c-b276-bbb75a3994fc.jpg 900w, https:\/\/graphimarket.com\/wp-content\/uploads\/2020\/09\/bd45337f-d238-4d2c-b276-bbb75a3994fc-600x400.jpg 600w, https:\/\/graphimarket.com\/wp-content\/uploads\/2020\/09\/bd45337f-d238-4d2c-b276-bbb75a3994fc-300x200.jpg 300w, https:\/\/graphimarket.com\/wp-content\/uploads\/2020\/09\/bd45337f-d238-4d2c-b276-bbb75a3994fc-768x512.jpg 768w\" sizes=\"(max-width: 900px) 100vw, 900px\" \/><\/p>","protected":false},"excerpt":{"rendered":"<p>Stipple Brush Set for Photoshop and Illustrator This set includes a total of 62 brushes. 32 for Adobe Photoshop and 30 for Adobe Illustrator. Stipple shading is a method of rendering an illustration using a series of tiny dots. The process of traditional stipple shading can be time consuming and daunting. With this set of [&hellip;]<\/p>\n","protected":false},"featured_media":8370,"comment_status":"open","ping_status":"closed","template":"","meta":{"site-sidebar-layout":"default","site-content-layout":"default","ast-site-content-layout":"default","site-content-style":"default","site-sidebar-style":"default","ast-global-header-display":"","ast-banner-title-visibility":"","ast-main-header-display":"","ast-hfb-above-header-display":"","ast-hfb-below-header-display":"","ast-hfb-mobile-header-display":"","site-post-title":"","ast-breadcrumbs-content":"","ast-featured-img":"","footer-sml-layout":"","ast-disable-related-posts":"","theme-transparent-header-meta":"default","adv-header-id-meta":"","stick-header-meta":"","header-above-stick-meta":"","header-main-stick-meta":"","header-below-stick-meta":"","astra-migrate-meta-layouts":"default","ast-page-background-enabled":"default","ast-page-background-meta":{"desktop":{"background-color":"","background-image":"","background-repeat":"repeat","background-position":"center center","background-size":"auto","background-attachment":"scroll","background-type":"","background-media":"","overlay-type":"","overlay-color":"","overlay-opacity":"","overlay-gradient":""},"tablet":{"background-color":"","background-image":"","background-repeat":"repeat","background-position":"center center","background-size":"auto","background-attachment":"scroll","background-type":"","background-media":"","overlay-type":"","overlay-color":"","overlay-opacity":"","overlay-gradient":""},"mobile":{"background-color":"","background-image":"","background-repeat":"repeat","background-position":"center center","background-size":"auto","background-attachment":"scroll","background-type":"","background-media":"","overlay-type":"","overlay-color":"","overlay-opacity":"","overlay-gradient":""}},"ast-content-background-meta":{"desktop":{"background-color":"var(--ast-global-color-5)","background-image":"","background-repeat":"repeat","background-position":"center center","background-size":"auto","background-attachment":"scroll","background-type":"","background-media":"","overlay-type":"","overlay-color":"","overlay-opacity":"","overlay-gradient":""},"tablet":{"background-color":"var(--ast-global-color-5)","background-image":"","background-repeat":"repeat","background-position":"center center","background-size":"auto","background-attachment":"scroll","background-type":"","background-media":"","overlay-type":"","overlay-color":"","overlay-opacity":"","overlay-gradient":""},"mobile":{"background-color":"var(--ast-global-color-5)","background-image":"","background-repeat":"repeat","background-position":"center center","background-size":"auto","background-attachment":"scroll","background-type":"","background-media":"","overlay-type":"","overlay-color":"","overlay-opacity":"","overlay-gradient":""}}},"product_brand":[],"product_cat":[197,122,123,195],"product_tag":[389,231,471,278,426,275,272,62,501,499,500,276],"class_list":{"0":"post-8366","1":"product","2":"type-product","3":"status-publish","4":"has-post-thumbnail","6":"product_cat-brushes","7":"product_cat-illustrations","8":"product_cat-illustrator","9":"product_cat-photoshop","10":"product_tag-brush","11":"product_tag-brushes","12":"product_tag-dots","13":"product_tag-illustration","14":"product_tag-illustrator","15":"product_tag-ink","16":"product_tag-pen","17":"product_tag-photoshop","18":"product_tag-shading","19":"product_tag-stripple","20":"product_tag-strippling","21":"product_tag-vintage","22":"desktop-align-left","23":"tablet-align-left","24":"mobile-align-left","26":"first","27":"instock","28":"downloadable","29":"virtual","30":"taxable","31":"purchasable","32":"product-type-simple"},"yoast_head":"<!-- This site is optimized with the Yoast SEO plugin v27.3 - https:\/\/yoast.com\/product\/yoast-seo-wordpress\/ -->\n<title>Stipple Brush Set for Photoshop and Illustrator - Graphimarket<\/title>\n<meta name=\"description\" content=\"Stipple Brush Set for Photoshop and Illustrator\u00a0This set includes a total of 62 brushes. 32 for Adobe Photoshop and 30...\" \/>\n<meta name=\"robots\" content=\"index, follow, max-snippet:-1, max-image-preview:large, max-video-preview:-1\" \/>\n<link rel=\"canonical\" href=\"https:\/\/graphimarket.com\/fr\/product\/stipple-brush-set-for-photoshop-and-illustrator\/\" \/>\n<meta property=\"og:locale\" content=\"fr_FR\" \/>\n<meta property=\"og:type\" content=\"article\" \/>\n<meta property=\"og:title\" content=\"Stipple Brush Set for Photoshop and Illustrator - Graphimarket\" \/>\n<meta property=\"og:description\" content=\"Stipple Brush Set for Photoshop and Illustrator\u00a0This set includes a total of 62 brushes. 32 for Adobe Photoshop and 30...\" \/>\n<meta property=\"og:url\" content=\"https:\/\/graphimarket.com\/fr\/product\/stipple-brush-set-for-photoshop-and-illustrator\/\" \/>\n<meta property=\"og:site_name\" content=\"Graphimarket\" \/>\n<meta property=\"article:modified_time\" content=\"2024-10-04T09:11:55+00:00\" \/>\n<meta property=\"og:image\" content=\"https:\/\/graphimarket.com\/wp-content\/uploads\/2020\/09\/8a46843d-eb94-42ea-9e18-4f0bbb7c60bf.jpg\" \/>\n\t<meta property=\"og:image:width\" content=\"866\" \/>\n\t<meta property=\"og:image:height\" content=\"577\" \/>\n\t<meta property=\"og:image:type\" content=\"image\/jpeg\" \/>\n<meta name=\"twitter:card\" content=\"summary_large_image\" \/>\n<script type=\"application\/ld+json\" class=\"yoast-schema-graph\">{\"@context\":\"https:\\\/\\\/schema.org\",\"@graph\":[{\"@type\":\"WebPage\",\"@id\":\"https:\\\/\\\/graphimarket.com\\\/product\\\/stipple-brush-set-for-photoshop-and-illustrator\\\/\",\"url\":\"https:\\\/\\\/graphimarket.com\\\/product\\\/stipple-brush-set-for-photoshop-and-illustrator\\\/\",\"name\":\"Stipple Brush Set for Photoshop and Illustrator - Graphimarket\",\"isPartOf\":{\"@id\":\"https:\\\/\\\/graphimarket.com\\\/fr\\\/#website\"},\"primaryImageOfPage\":{\"@id\":\"https:\\\/\\\/graphimarket.com\\\/product\\\/stipple-brush-set-for-photoshop-and-illustrator\\\/#primaryimage\"},\"image\":{\"@id\":\"https:\\\/\\\/graphimarket.com\\\/product\\\/stipple-brush-set-for-photoshop-and-illustrator\\\/#primaryimage\"},\"thumbnailUrl\":\"https:\\\/\\\/graphimarket.com\\\/wp-content\\\/uploads\\\/2020\\\/09\\\/8a46843d-eb94-42ea-9e18-4f0bbb7c60bf.jpg\",\"datePublished\":\"2020-09-11T16:21:31+00:00\",\"dateModified\":\"2024-10-04T09:11:55+00:00\",\"description\":\"Stipple Brush Set for Photoshop and Illustrator\u00a0This set includes a total of 62 brushes. 32 for Adobe Photoshop and 30...\",\"breadcrumb\":{\"@id\":\"https:\\\/\\\/graphimarket.com\\\/product\\\/stipple-brush-set-for-photoshop-and-illustrator\\\/#breadcrumb\"},\"inLanguage\":\"fr-FR\",\"potentialAction\":[{\"@type\":\"ReadAction\",\"target\":[\"https:\\\/\\\/graphimarket.com\\\/product\\\/stipple-brush-set-for-photoshop-and-illustrator\\\/\"]}]},{\"@type\":\"ImageObject\",\"inLanguage\":\"fr-FR\",\"@id\":\"https:\\\/\\\/graphimarket.com\\\/product\\\/stipple-brush-set-for-photoshop-and-illustrator\\\/#primaryimage\",\"url\":\"https:\\\/\\\/graphimarket.com\\\/wp-content\\\/uploads\\\/2020\\\/09\\\/8a46843d-eb94-42ea-9e18-4f0bbb7c60bf.jpg\",\"contentUrl\":\"https:\\\/\\\/graphimarket.com\\\/wp-content\\\/uploads\\\/2020\\\/09\\\/8a46843d-eb94-42ea-9e18-4f0bbb7c60bf.jpg\",\"width\":866,\"height\":577},{\"@type\":\"BreadcrumbList\",\"@id\":\"https:\\\/\\\/graphimarket.com\\\/product\\\/stipple-brush-set-for-photoshop-and-illustrator\\\/#breadcrumb\",\"itemListElement\":[{\"@type\":\"ListItem\",\"position\":1,\"name\":\"Home\",\"item\":\"https:\\\/\\\/graphimarket.com\\\/es\\\/\"},{\"@type\":\"ListItem\",\"position\":2,\"name\":\"Store\",\"item\":\"https:\\\/\\\/graphimarket.com\\\/store\\\/\"},{\"@type\":\"ListItem\",\"position\":3,\"name\":\"Stipple Brush Set for Photoshop and Illustrator\"}]},{\"@type\":\"WebSite\",\"@id\":\"https:\\\/\\\/graphimarket.com\\\/fr\\\/#website\",\"url\":\"https:\\\/\\\/graphimarket.com\\\/fr\\\/\",\"name\":\"Graphimarket\",\"description\":\"Find the perfect creative asset to bring your project to life\",\"publisher\":{\"@id\":\"https:\\\/\\\/graphimarket.com\\\/fr\\\/#organization\"},\"potentialAction\":[{\"@type\":\"SearchAction\",\"target\":{\"@type\":\"EntryPoint\",\"urlTemplate\":\"https:\\\/\\\/graphimarket.com\\\/fr\\\/?s={search_term_string}\"},\"query-input\":{\"@type\":\"PropertyValueSpecification\",\"valueRequired\":true,\"valueName\":\"search_term_string\"}}],\"inLanguage\":\"fr-FR\"},{\"@type\":\"Organization\",\"@id\":\"https:\\\/\\\/graphimarket.com\\\/fr\\\/#organization\",\"name\":\"Graphimarket\",\"url\":\"https:\\\/\\\/graphimarket.com\\\/fr\\\/\",\"logo\":{\"@type\":\"ImageObject\",\"inLanguage\":\"fr-FR\",\"@id\":\"https:\\\/\\\/graphimarket.com\\\/fr\\\/#\\\/schema\\\/logo\\\/image\\\/\",\"url\":\"https:\\\/\\\/graphimarket.com\\\/wp-content\\\/uploads\\\/2020\\\/08\\\/logo-48.png\",\"contentUrl\":\"https:\\\/\\\/graphimarket.com\\\/wp-content\\\/uploads\\\/2020\\\/08\\\/logo-48.png\",\"width\":132,\"height\":48,\"caption\":\"Graphimarket\"},\"image\":{\"@id\":\"https:\\\/\\\/graphimarket.com\\\/fr\\\/#\\\/schema\\\/logo\\\/image\\\/\"}}]}<\/script>\n<!-- \/ Yoast SEO plugin. -->","yoast_head_json":{"title":"Ensemble de pinceaux pointill\u00e9s pour Photoshop et Illustrator - Graphimarket","description":"Ensemble de pinceaux pointill\u00e9s pour Photoshop et Illustrator Cet ensemble comprend un total de 62 pinceaux. 32 pour Adobe Photoshop et 30 ...","robots":{"index":"index","follow":"follow","max-snippet":"max-snippet:-1","max-image-preview":"max-image-preview:large","max-video-preview":"max-video-preview:-1"},"canonical":"https:\/\/graphimarket.com\/fr\/product\/stipple-brush-set-for-photoshop-and-illustrator\/","og_locale":"fr_FR","og_type":"article","og_title":"Stipple Brush Set for Photoshop and Illustrator - Graphimarket","og_description":"Stipple Brush Set for Photoshop and Illustrator\u00a0This set includes a total of 62 brushes. 32 for Adobe Photoshop and 30...","og_url":"https:\/\/graphimarket.com\/fr\/product\/stipple-brush-set-for-photoshop-and-illustrator\/","og_site_name":"Graphimarket","article_modified_time":"2024-10-04T09:11:55+00:00","og_image":[{"width":866,"height":577,"url":"https:\/\/graphimarket.com\/wp-content\/uploads\/2020\/09\/8a46843d-eb94-42ea-9e18-4f0bbb7c60bf.jpg","type":"image\/jpeg"}],"twitter_card":"summary_large_image","schema":{"@context":"https:\/\/schema.org","@graph":[{"@type":"WebPage","@id":"https:\/\/graphimarket.com\/product\/stipple-brush-set-for-photoshop-and-illustrator\/","url":"https:\/\/graphimarket.com\/product\/stipple-brush-set-for-photoshop-and-illustrator\/","name":"Ensemble de pinceaux pointill\u00e9s pour Photoshop et Illustrator - Graphimarket","isPartOf":{"@id":"https:\/\/graphimarket.com\/fr\/#website"},"primaryImageOfPage":{"@id":"https:\/\/graphimarket.com\/product\/stipple-brush-set-for-photoshop-and-illustrator\/#primaryimage"},"image":{"@id":"https:\/\/graphimarket.com\/product\/stipple-brush-set-for-photoshop-and-illustrator\/#primaryimage"},"thumbnailUrl":"https:\/\/graphimarket.com\/wp-content\/uploads\/2020\/09\/8a46843d-eb94-42ea-9e18-4f0bbb7c60bf.jpg","datePublished":"2020-09-11T16:21:31+00:00","dateModified":"2024-10-04T09:11:55+00:00","description":"Ensemble de pinceaux pointill\u00e9s pour Photoshop et Illustrator Cet ensemble comprend un total de 62 pinceaux. 32 pour Adobe Photoshop et 30 ...","breadcrumb":{"@id":"https:\/\/graphimarket.com\/product\/stipple-brush-set-for-photoshop-and-illustrator\/#breadcrumb"},"inLanguage":"fr-FR","potentialAction":[{"@type":"ReadAction","target":["https:\/\/graphimarket.com\/product\/stipple-brush-set-for-photoshop-and-illustrator\/"]}]},{"@type":"ImageObject","inLanguage":"fr-FR","@id":"https:\/\/graphimarket.com\/product\/stipple-brush-set-for-photoshop-and-illustrator\/#primaryimage","url":"https:\/\/graphimarket.com\/wp-content\/uploads\/2020\/09\/8a46843d-eb94-42ea-9e18-4f0bbb7c60bf.jpg","contentUrl":"https:\/\/graphimarket.com\/wp-content\/uploads\/2020\/09\/8a46843d-eb94-42ea-9e18-4f0bbb7c60bf.jpg","width":866,"height":577},{"@type":"BreadcrumbList","@id":"https:\/\/graphimarket.com\/product\/stipple-brush-set-for-photoshop-and-illustrator\/#breadcrumb","itemListElement":[{"@type":"ListItem","position":1,"name":"Home","item":"https:\/\/graphimarket.com\/es\/"},{"@type":"ListItem","position":2,"name":"Store","item":"https:\/\/graphimarket.com\/store\/"},{"@type":"ListItem","position":3,"name":"Stipple Brush Set for Photoshop and Illustrator"}]},{"@type":"WebSite","@id":"https:\/\/graphimarket.com\/fr\/#website","url":"https:\/\/graphimarket.com\/fr\/","name":"Graphimarket","description":"Trouvez l&#039;atout cr\u00e9atif parfait pour donner vie \u00e0 votre projet","publisher":{"@id":"https:\/\/graphimarket.com\/fr\/#organization"},"potentialAction":[{"@type":"SearchAction","target":{"@type":"EntryPoint","urlTemplate":"https:\/\/graphimarket.com\/fr\/?s={search_term_string}"},"query-input":{"@type":"PropertyValueSpecification","valueRequired":true,"valueName":"search_term_string"}}],"inLanguage":"fr-FR"},{"@type":"Organization","@id":"https:\/\/graphimarket.com\/fr\/#organization","name":"Graphimarket","url":"https:\/\/graphimarket.com\/fr\/","logo":{"@type":"ImageObject","inLanguage":"fr-FR","@id":"https:\/\/graphimarket.com\/fr\/#\/schema\/logo\/image\/","url":"https:\/\/graphimarket.com\/wp-content\/uploads\/2020\/08\/logo-48.png","contentUrl":"https:\/\/graphimarket.com\/wp-content\/uploads\/2020\/08\/logo-48.png","width":132,"height":48,"caption":"Graphimarket"},"image":{"@id":"https:\/\/graphimarket.com\/fr\/#\/schema\/logo\/image\/"}}]}},"_links":{"self":[{"href":"https:\/\/graphimarket.com\/fr\/wp-json\/wp\/v2\/product\/8366","targetHints":{"allow":["GET"]}}],"collection":[{"href":"https:\/\/graphimarket.com\/fr\/wp-json\/wp\/v2\/product"}],"about":[{"href":"https:\/\/graphimarket.com\/fr\/wp-json\/wp\/v2\/types\/product"}],"replies":[{"embeddable":true,"href":"https:\/\/graphimarket.com\/fr\/wp-json\/wp\/v2\/comments?post=8366"}],"version-history":[{"count":0,"href":"https:\/\/graphimarket.com\/fr\/wp-json\/wp\/v2\/product\/8366\/revisions"}],"wp:featuredmedia":[{"embeddable":true,"href":"https:\/\/graphimarket.com\/fr\/wp-json\/wp\/v2\/media\/8370"}],"wp:attachment":[{"href":"https:\/\/graphimarket.com\/fr\/wp-json\/wp\/v2\/media?parent=8366"}],"wp:term":[{"taxonomy":"product_brand","embeddable":true,"href":"https:\/\/graphimarket.com\/fr\/wp-json\/wp\/v2\/product_brand?post=8366"},{"taxonomy":"product_cat","embeddable":true,"href":"https:\/\/graphimarket.com\/fr\/wp-json\/wp\/v2\/product_cat?post=8366"},{"taxonomy":"product_tag","embeddable":true,"href":"https:\/\/graphimarket.com\/fr\/wp-json\/wp\/v2\/product_tag?post=8366"}],"curies":[{"name":"wp","href":"https:\/\/api.w.org\/{rel}","templated":true}]}}