{"id":8382,"date":"2020-09-11T18:40:02","date_gmt":"2020-09-11T16:40:02","guid":{"rendered":"https:\/\/graphimarket.com\/?post_type=product&#038;p=8382"},"modified":"2022-12-19T23:18:03","modified_gmt":"2022-12-19T22:18:03","slug":"graffiti-brush-for-procreate-v2","status":"publish","type":"product","link":"https:\/\/graphimarket.com\/fr\/product\/graffiti-brush-for-procreate-v2\/","title":{"rendered":"BROSSE GRAFFITI pour procreate V2"},"content":{"rendered":"<p>BROSSE GRAFFITI pour procreate V2 Nous travaillons avec le graffiti depuis longtemps et nous avons r\u00e9cemment remarqu\u00e9 une demande de mat\u00e9riaux sp\u00e9cifiques pour les personnes qui aimeraient travailler avec des graffitis num\u00e9riquement. En tant que graffeur qui se concentre presque exclusivement sur les illustrations analogiques, nous avons pass\u00e9 des heures \u00e0 cr\u00e9er des ressources de style analogique \u00e0 la main pour travailler num\u00e9riquement dans Procreate \u00e0 l&#039;aide de l&#039;iPad Pro et de l&#039;Apple Pencil. Et nous avons \u00e9tudi\u00e9 ce qui fonctionne et ce qui ne fonctionne pas pour cr\u00e9er nos propres jeux de pinceaux. Nous avons con\u00e7u des ensembles de pinceaux complets avec des gouttes, des \u00e9claboussures et quelques mod\u00e8les d&#039;outils de graffiti, vous permet d&#039;avoir une possibilit\u00e9 parfaite de cr\u00e9ation. Nous apportons notre premier kit de jeu de pinceaux \u00e0 utiliser dans Procreate.<\/p>\n<p><img fetchpriority=\"high\" decoding=\"async\" class=\"aligncenter wp-image-8383 size-full\" src=\"https:\/\/graphimarket.com\/wp-content\/uploads\/2020\/09\/47991095-b20a-4405-a3b5-0d5874f9461a.jpg\" alt=\"\" width=\"900\" height=\"600\" srcset=\"https:\/\/graphimarket.com\/wp-content\/uploads\/2020\/09\/47991095-b20a-4405-a3b5-0d5874f9461a.jpg 900w, https:\/\/graphimarket.com\/wp-content\/uploads\/2020\/09\/47991095-b20a-4405-a3b5-0d5874f9461a-600x400.jpg 600w, https:\/\/graphimarket.com\/wp-content\/uploads\/2020\/09\/47991095-b20a-4405-a3b5-0d5874f9461a-300x200.jpg 300w, https:\/\/graphimarket.com\/wp-content\/uploads\/2020\/09\/47991095-b20a-4405-a3b5-0d5874f9461a-768x512.jpg 768w\" sizes=\"(max-width: 900px) 100vw, 900px\" \/> <img decoding=\"async\" class=\"aligncenter wp-image-8384 size-full\" src=\"https:\/\/graphimarket.com\/wp-content\/uploads\/2020\/09\/dd36ee55-b3d3-4868-8e4d-4ac481091ebc.jpg\" alt=\"\" width=\"900\" height=\"600\" srcset=\"https:\/\/graphimarket.com\/wp-content\/uploads\/2020\/09\/dd36ee55-b3d3-4868-8e4d-4ac481091ebc.jpg 900w, https:\/\/graphimarket.com\/wp-content\/uploads\/2020\/09\/dd36ee55-b3d3-4868-8e4d-4ac481091ebc-600x400.jpg 600w, https:\/\/graphimarket.com\/wp-content\/uploads\/2020\/09\/dd36ee55-b3d3-4868-8e4d-4ac481091ebc-300x200.jpg 300w, https:\/\/graphimarket.com\/wp-content\/uploads\/2020\/09\/dd36ee55-b3d3-4868-8e4d-4ac481091ebc-768x512.jpg 768w\" sizes=\"(max-width: 900px) 100vw, 900px\" \/> <img decoding=\"async\" class=\"aligncenter wp-image-8385 size-full\" src=\"https:\/\/graphimarket.com\/wp-content\/uploads\/2020\/09\/4b9c101b-b80e-461d-a17a-310e71092cfb.jpg\" alt=\"\" width=\"900\" height=\"600\" srcset=\"https:\/\/graphimarket.com\/wp-content\/uploads\/2020\/09\/4b9c101b-b80e-461d-a17a-310e71092cfb.jpg 900w, https:\/\/graphimarket.com\/wp-content\/uploads\/2020\/09\/4b9c101b-b80e-461d-a17a-310e71092cfb-600x400.jpg 600w, https:\/\/graphimarket.com\/wp-content\/uploads\/2020\/09\/4b9c101b-b80e-461d-a17a-310e71092cfb-300x200.jpg 300w, https:\/\/graphimarket.com\/wp-content\/uploads\/2020\/09\/4b9c101b-b80e-461d-a17a-310e71092cfb-768x512.jpg 768w\" sizes=\"(max-width: 900px) 100vw, 900px\" \/><\/p>\n<p>&nbsp;<\/p>","protected":false},"excerpt":{"rendered":"<p>GRAFFITI BRUSH for procreate V2 We\u2019ve been working with graffiti for a long time and recently we\u2019ve noticed a demand on specific materials for people who would like to work with graffiti digitally. As a graffiti artist who focuses almost exclusively in analog artwork, We\u2019ve spent hours of time dedicated to creating handmade resources analog [&hellip;]<\/p>\n","protected":false},"featured_media":8386,"comment_status":"open","ping_status":"closed","template":"","meta":{"site-sidebar-layout":"default","site-content-layout":"default","ast-site-content-layout":"default","site-content-style":"default","site-sidebar-style":"default","ast-global-header-display":"","ast-banner-title-visibility":"","ast-main-header-display":"","ast-hfb-above-header-display":"","ast-hfb-below-header-display":"","ast-hfb-mobile-header-display":"","site-post-title":"","ast-breadcrumbs-content":"","ast-featured-img":"","footer-sml-layout":"","ast-disable-related-posts":"","theme-transparent-header-meta":"default","adv-header-id-meta":"","stick-header-meta":"","header-above-stick-meta":"","header-main-stick-meta":"","header-below-stick-meta":"","astra-migrate-meta-layouts":"default","ast-page-background-enabled":"default","ast-page-background-meta":{"desktop":{"background-color":"","background-image":"","background-repeat":"repeat","background-position":"center center","background-size":"auto","background-attachment":"scroll","background-type":"","background-media":"","overlay-type":"","overlay-color":"","overlay-opacity":"","overlay-gradient":""},"tablet":{"background-color":"","background-image":"","background-repeat":"repeat","background-position":"center center","background-size":"auto","background-attachment":"scroll","background-type":"","background-media":"","overlay-type":"","overlay-color":"","overlay-opacity":"","overlay-gradient":""},"mobile":{"background-color":"","background-image":"","background-repeat":"repeat","background-position":"center center","background-size":"auto","background-attachment":"scroll","background-type":"","background-media":"","overlay-type":"","overlay-color":"","overlay-opacity":"","overlay-gradient":""}},"ast-content-background-meta":{"desktop":{"background-color":"var(--ast-global-color-5)","background-image":"","background-repeat":"repeat","background-position":"center center","background-size":"auto","background-attachment":"scroll","background-type":"","background-media":"","overlay-type":"","overlay-color":"","overlay-opacity":"","overlay-gradient":""},"tablet":{"background-color":"var(--ast-global-color-5)","background-image":"","background-repeat":"repeat","background-position":"center center","background-size":"auto","background-attachment":"scroll","background-type":"","background-media":"","overlay-type":"","overlay-color":"","overlay-opacity":"","overlay-gradient":""},"mobile":{"background-color":"var(--ast-global-color-5)","background-image":"","background-repeat":"repeat","background-position":"center center","background-size":"auto","background-attachment":"scroll","background-type":"","background-media":"","overlay-type":"","overlay-color":"","overlay-opacity":"","overlay-gradient":""}}},"product_brand":[],"product_cat":[197,195],"product_tag":[254,508,389,257,268,510,506,509,505,277,243,507,276,511],"class_list":{"0":"post-8382","1":"product","2":"type-product","3":"status-publish","4":"has-post-thumbnail","6":"product_cat-brushes","7":"product_cat-photoshop","8":"product_tag-art","9":"product_tag-bombing","10":"product_tag-brush","11":"product_tag-digital","12":"product_tag-drawing","13":"product_tag-glowing","14":"product_tag-graffiti","15":"product_tag-ipad","16":"product_tag-procreate","17":"product_tag-retro","18":"product_tag-texture","19":"product_tag-type","20":"product_tag-vintage","21":"product_tag-wave","22":"desktop-align-left","23":"tablet-align-left","24":"mobile-align-left","26":"first","27":"instock","28":"downloadable","29":"virtual","30":"taxable","31":"purchasable","32":"product-type-simple"},"yoast_head":"<!-- This site is optimized with the Yoast SEO plugin v27.3 - https:\/\/yoast.com\/product\/yoast-seo-wordpress\/ -->\n<title>GRAFFITI BRUSH for procreate V2 - Graphimarket<\/title>\n<meta name=\"description\" content=\"GRAFFITI BRUSH for procreate V2 We\u2019ve been working with graffiti for a long time and recently we\u2019ve noticed a demand on specific materials...\" \/>\n<meta name=\"robots\" content=\"index, follow, max-snippet:-1, max-image-preview:large, max-video-preview:-1\" \/>\n<link rel=\"canonical\" href=\"https:\/\/graphimarket.com\/fr\/product\/graffiti-brush-for-procreate-v2\/\" \/>\n<meta property=\"og:locale\" content=\"fr_FR\" \/>\n<meta property=\"og:type\" content=\"article\" \/>\n<meta property=\"og:title\" content=\"GRAFFITI BRUSH for procreate V2 - Graphimarket\" \/>\n<meta property=\"og:description\" content=\"GRAFFITI BRUSH for procreate V2 We\u2019ve been working with graffiti for a long time and recently we\u2019ve noticed a demand on specific materials...\" \/>\n<meta property=\"og:url\" content=\"https:\/\/graphimarket.com\/fr\/product\/graffiti-brush-for-procreate-v2\/\" \/>\n<meta property=\"og:site_name\" content=\"Graphimarket\" \/>\n<meta property=\"article:modified_time\" content=\"2022-12-19T22:18:03+00:00\" \/>\n<meta property=\"og:image\" content=\"https:\/\/graphimarket.com\/wp-content\/uploads\/2020\/09\/93b2f6f2-6f9f-48bb-a701-96dd7f6de71e.jpg\" \/>\n\t<meta property=\"og:image:width\" content=\"866\" \/>\n\t<meta property=\"og:image:height\" content=\"577\" \/>\n\t<meta property=\"og:image:type\" content=\"image\/jpeg\" \/>\n<meta name=\"twitter:card\" content=\"summary_large_image\" \/>\n<meta name=\"twitter:label1\" content=\"Est. reading time\" \/>\n\t<meta name=\"twitter:data1\" content=\"1 minute\" \/>\n<script type=\"application\/ld+json\" class=\"yoast-schema-graph\">{\"@context\":\"https:\\\/\\\/schema.org\",\"@graph\":[{\"@type\":\"WebPage\",\"@id\":\"https:\\\/\\\/graphimarket.com\\\/product\\\/graffiti-brush-for-procreate-v2\\\/\",\"url\":\"https:\\\/\\\/graphimarket.com\\\/product\\\/graffiti-brush-for-procreate-v2\\\/\",\"name\":\"GRAFFITI BRUSH for procreate V2 - Graphimarket\",\"isPartOf\":{\"@id\":\"https:\\\/\\\/graphimarket.com\\\/fr\\\/#website\"},\"primaryImageOfPage\":{\"@id\":\"https:\\\/\\\/graphimarket.com\\\/product\\\/graffiti-brush-for-procreate-v2\\\/#primaryimage\"},\"image\":{\"@id\":\"https:\\\/\\\/graphimarket.com\\\/product\\\/graffiti-brush-for-procreate-v2\\\/#primaryimage\"},\"thumbnailUrl\":\"https:\\\/\\\/graphimarket.com\\\/wp-content\\\/uploads\\\/2020\\\/09\\\/93b2f6f2-6f9f-48bb-a701-96dd7f6de71e.jpg\",\"datePublished\":\"2020-09-11T16:40:02+00:00\",\"dateModified\":\"2022-12-19T22:18:03+00:00\",\"description\":\"GRAFFITI BRUSH for procreate V2 We\u2019ve been working with graffiti for a long time and recently we\u2019ve noticed a demand on specific materials...\",\"breadcrumb\":{\"@id\":\"https:\\\/\\\/graphimarket.com\\\/product\\\/graffiti-brush-for-procreate-v2\\\/#breadcrumb\"},\"inLanguage\":\"fr-FR\",\"potentialAction\":[{\"@type\":\"ReadAction\",\"target\":[\"https:\\\/\\\/graphimarket.com\\\/product\\\/graffiti-brush-for-procreate-v2\\\/\"]}]},{\"@type\":\"ImageObject\",\"inLanguage\":\"fr-FR\",\"@id\":\"https:\\\/\\\/graphimarket.com\\\/product\\\/graffiti-brush-for-procreate-v2\\\/#primaryimage\",\"url\":\"https:\\\/\\\/graphimarket.com\\\/wp-content\\\/uploads\\\/2020\\\/09\\\/93b2f6f2-6f9f-48bb-a701-96dd7f6de71e.jpg\",\"contentUrl\":\"https:\\\/\\\/graphimarket.com\\\/wp-content\\\/uploads\\\/2020\\\/09\\\/93b2f6f2-6f9f-48bb-a701-96dd7f6de71e.jpg\",\"width\":866,\"height\":577},{\"@type\":\"BreadcrumbList\",\"@id\":\"https:\\\/\\\/graphimarket.com\\\/product\\\/graffiti-brush-for-procreate-v2\\\/#breadcrumb\",\"itemListElement\":[{\"@type\":\"ListItem\",\"position\":1,\"name\":\"Home\",\"item\":\"https:\\\/\\\/graphimarket.com\\\/es\\\/\"},{\"@type\":\"ListItem\",\"position\":2,\"name\":\"Store\",\"item\":\"https:\\\/\\\/graphimarket.com\\\/store\\\/\"},{\"@type\":\"ListItem\",\"position\":3,\"name\":\"GRAFFITI BRUSH for procreate V2\"}]},{\"@type\":\"WebSite\",\"@id\":\"https:\\\/\\\/graphimarket.com\\\/fr\\\/#website\",\"url\":\"https:\\\/\\\/graphimarket.com\\\/fr\\\/\",\"name\":\"Graphimarket\",\"description\":\"Find the perfect creative asset to bring your project to life\",\"publisher\":{\"@id\":\"https:\\\/\\\/graphimarket.com\\\/fr\\\/#organization\"},\"potentialAction\":[{\"@type\":\"SearchAction\",\"target\":{\"@type\":\"EntryPoint\",\"urlTemplate\":\"https:\\\/\\\/graphimarket.com\\\/fr\\\/?s={search_term_string}\"},\"query-input\":{\"@type\":\"PropertyValueSpecification\",\"valueRequired\":true,\"valueName\":\"search_term_string\"}}],\"inLanguage\":\"fr-FR\"},{\"@type\":\"Organization\",\"@id\":\"https:\\\/\\\/graphimarket.com\\\/fr\\\/#organization\",\"name\":\"Graphimarket\",\"url\":\"https:\\\/\\\/graphimarket.com\\\/fr\\\/\",\"logo\":{\"@type\":\"ImageObject\",\"inLanguage\":\"fr-FR\",\"@id\":\"https:\\\/\\\/graphimarket.com\\\/fr\\\/#\\\/schema\\\/logo\\\/image\\\/\",\"url\":\"https:\\\/\\\/graphimarket.com\\\/wp-content\\\/uploads\\\/2020\\\/08\\\/logo-48.png\",\"contentUrl\":\"https:\\\/\\\/graphimarket.com\\\/wp-content\\\/uploads\\\/2020\\\/08\\\/logo-48.png\",\"width\":132,\"height\":48,\"caption\":\"Graphimarket\"},\"image\":{\"@id\":\"https:\\\/\\\/graphimarket.com\\\/fr\\\/#\\\/schema\\\/logo\\\/image\\\/\"}}]}<\/script>\n<!-- \/ Yoast SEO plugin. -->","yoast_head_json":{"title":"BROSSE GRAFFITI pour procreate V2 - Graphimarket","description":"BROSSE GRAFFITI pour procreate V2 Nous travaillons avec le graffiti depuis longtemps et nous avons r\u00e9cemment remarqu\u00e9 une demande sur des mat\u00e9riaux sp\u00e9cifiques ...","robots":{"index":"index","follow":"follow","max-snippet":"max-snippet:-1","max-image-preview":"max-image-preview:large","max-video-preview":"max-video-preview:-1"},"canonical":"https:\/\/graphimarket.com\/fr\/product\/graffiti-brush-for-procreate-v2\/","og_locale":"fr_FR","og_type":"article","og_title":"GRAFFITI BRUSH for procreate V2 - Graphimarket","og_description":"GRAFFITI BRUSH for procreate V2 We\u2019ve been working with graffiti for a long time and recently we\u2019ve noticed a demand on specific materials...","og_url":"https:\/\/graphimarket.com\/fr\/product\/graffiti-brush-for-procreate-v2\/","og_site_name":"Graphimarket","article_modified_time":"2022-12-19T22:18:03+00:00","og_image":[{"width":866,"height":577,"url":"https:\/\/graphimarket.com\/wp-content\/uploads\/2020\/09\/93b2f6f2-6f9f-48bb-a701-96dd7f6de71e.jpg","type":"image\/jpeg"}],"twitter_card":"summary_large_image","twitter_misc":{"Est. reading time":"1 minute"},"schema":{"@context":"https:\/\/schema.org","@graph":[{"@type":"WebPage","@id":"https:\/\/graphimarket.com\/product\/graffiti-brush-for-procreate-v2\/","url":"https:\/\/graphimarket.com\/product\/graffiti-brush-for-procreate-v2\/","name":"BROSSE GRAFFITI pour procreate V2 - Graphimarket","isPartOf":{"@id":"https:\/\/graphimarket.com\/fr\/#website"},"primaryImageOfPage":{"@id":"https:\/\/graphimarket.com\/product\/graffiti-brush-for-procreate-v2\/#primaryimage"},"image":{"@id":"https:\/\/graphimarket.com\/product\/graffiti-brush-for-procreate-v2\/#primaryimage"},"thumbnailUrl":"https:\/\/graphimarket.com\/wp-content\/uploads\/2020\/09\/93b2f6f2-6f9f-48bb-a701-96dd7f6de71e.jpg","datePublished":"2020-09-11T16:40:02+00:00","dateModified":"2022-12-19T22:18:03+00:00","description":"BROSSE GRAFFITI pour procreate V2 Nous travaillons avec le graffiti depuis longtemps et nous avons r\u00e9cemment remarqu\u00e9 une demande sur des mat\u00e9riaux sp\u00e9cifiques ...","breadcrumb":{"@id":"https:\/\/graphimarket.com\/product\/graffiti-brush-for-procreate-v2\/#breadcrumb"},"inLanguage":"fr-FR","potentialAction":[{"@type":"ReadAction","target":["https:\/\/graphimarket.com\/product\/graffiti-brush-for-procreate-v2\/"]}]},{"@type":"ImageObject","inLanguage":"fr-FR","@id":"https:\/\/graphimarket.com\/product\/graffiti-brush-for-procreate-v2\/#primaryimage","url":"https:\/\/graphimarket.com\/wp-content\/uploads\/2020\/09\/93b2f6f2-6f9f-48bb-a701-96dd7f6de71e.jpg","contentUrl":"https:\/\/graphimarket.com\/wp-content\/uploads\/2020\/09\/93b2f6f2-6f9f-48bb-a701-96dd7f6de71e.jpg","width":866,"height":577},{"@type":"BreadcrumbList","@id":"https:\/\/graphimarket.com\/product\/graffiti-brush-for-procreate-v2\/#breadcrumb","itemListElement":[{"@type":"ListItem","position":1,"name":"Home","item":"https:\/\/graphimarket.com\/es\/"},{"@type":"ListItem","position":2,"name":"Store","item":"https:\/\/graphimarket.com\/store\/"},{"@type":"ListItem","position":3,"name":"GRAFFITI BRUSH for procreate V2"}]},{"@type":"WebSite","@id":"https:\/\/graphimarket.com\/fr\/#website","url":"https:\/\/graphimarket.com\/fr\/","name":"Graphimarket","description":"Trouvez l&#039;atout cr\u00e9atif parfait pour donner vie \u00e0 votre projet","publisher":{"@id":"https:\/\/graphimarket.com\/fr\/#organization"},"potentialAction":[{"@type":"SearchAction","target":{"@type":"EntryPoint","urlTemplate":"https:\/\/graphimarket.com\/fr\/?s={search_term_string}"},"query-input":{"@type":"PropertyValueSpecification","valueRequired":true,"valueName":"search_term_string"}}],"inLanguage":"fr-FR"},{"@type":"Organization","@id":"https:\/\/graphimarket.com\/fr\/#organization","name":"Graphimarket","url":"https:\/\/graphimarket.com\/fr\/","logo":{"@type":"ImageObject","inLanguage":"fr-FR","@id":"https:\/\/graphimarket.com\/fr\/#\/schema\/logo\/image\/","url":"https:\/\/graphimarket.com\/wp-content\/uploads\/2020\/08\/logo-48.png","contentUrl":"https:\/\/graphimarket.com\/wp-content\/uploads\/2020\/08\/logo-48.png","width":132,"height":48,"caption":"Graphimarket"},"image":{"@id":"https:\/\/graphimarket.com\/fr\/#\/schema\/logo\/image\/"}}]}},"_links":{"self":[{"href":"https:\/\/graphimarket.com\/fr\/wp-json\/wp\/v2\/product\/8382","targetHints":{"allow":["GET"]}}],"collection":[{"href":"https:\/\/graphimarket.com\/fr\/wp-json\/wp\/v2\/product"}],"about":[{"href":"https:\/\/graphimarket.com\/fr\/wp-json\/wp\/v2\/types\/product"}],"replies":[{"embeddable":true,"href":"https:\/\/graphimarket.com\/fr\/wp-json\/wp\/v2\/comments?post=8382"}],"version-history":[{"count":0,"href":"https:\/\/graphimarket.com\/fr\/wp-json\/wp\/v2\/product\/8382\/revisions"}],"wp:featuredmedia":[{"embeddable":true,"href":"https:\/\/graphimarket.com\/fr\/wp-json\/wp\/v2\/media\/8386"}],"wp:attachment":[{"href":"https:\/\/graphimarket.com\/fr\/wp-json\/wp\/v2\/media?parent=8382"}],"wp:term":[{"taxonomy":"product_brand","embeddable":true,"href":"https:\/\/graphimarket.com\/fr\/wp-json\/wp\/v2\/product_brand?post=8382"},{"taxonomy":"product_cat","embeddable":true,"href":"https:\/\/graphimarket.com\/fr\/wp-json\/wp\/v2\/product_cat?post=8382"},{"taxonomy":"product_tag","embeddable":true,"href":"https:\/\/graphimarket.com\/fr\/wp-json\/wp\/v2\/product_tag?post=8382"}],"curies":[{"name":"wp","href":"https:\/\/api.w.org\/{rel}","templated":true}]}}