{"id":8457,"date":"2020-09-12T11:09:08","date_gmt":"2020-09-12T09:09:08","guid":{"rendered":"https:\/\/graphimarket.com\/?post_type=product&#038;p=8457"},"modified":"2022-12-19T23:16:05","modified_gmt":"2022-12-19T22:16:05","slug":"procreate-texture-brushes-sand","status":"publish","type":"product","link":"https:\/\/graphimarket.com\/fr\/product\/procreate-texture-brushes-sand\/","title":{"rendered":"Procr\u00e9er des pinceaux de texture."},"content":{"rendered":"<p><img fetchpriority=\"high\" decoding=\"async\" class=\"aligncenter wp-image-8458 size-full\" src=\"https:\/\/graphimarket.com\/wp-content\/uploads\/2020\/09\/607b1791-dc1f-40d0-b1be-0fe3a5f69f90.jpg\" alt=\"\" width=\"866\" height=\"577\" srcset=\"https:\/\/graphimarket.com\/wp-content\/uploads\/2020\/09\/607b1791-dc1f-40d0-b1be-0fe3a5f69f90.jpg 866w, https:\/\/graphimarket.com\/wp-content\/uploads\/2020\/09\/607b1791-dc1f-40d0-b1be-0fe3a5f69f90-600x400.jpg 600w, https:\/\/graphimarket.com\/wp-content\/uploads\/2020\/09\/607b1791-dc1f-40d0-b1be-0fe3a5f69f90-300x200.jpg 300w, https:\/\/graphimarket.com\/wp-content\/uploads\/2020\/09\/607b1791-dc1f-40d0-b1be-0fe3a5f69f90-768x512.jpg 768w\" sizes=\"(max-width: 866px) 100vw, 866px\" \/><\/p>\n<p>&nbsp;<\/p>\n<p>D\u00c9TAILS 6 brosses de texture de haute qualit\u00e9 Voir la pr\u00e9sentation vid\u00e9o - https:\/\/youtu.be\/Fzm00BOzIaI \u2583\u2583\u2583\u2583\u2583\u2583\u2583\u2583\u2583\u2583\u2583\u2583\u2583\u2583\u2583\u2583\u2583\u2583\u2583\u2583\u2583\u2583\u2583\u2583\u2583\u2583\u2583\u2583\u2583\u2583\u2583 \u2583\u2583\u2583\u2583\u2583\u2583\u2583\u2583\u2583\u2583\u2583\u2583\u2583\u2583\u2583\u2583\u2583 \u2757\u2757IMPORTANT AVANT L&#039;ACHAT: ces pinceaux ne sont compatibles qu&#039;avec l&#039;application iOS Procreate pour iPad. Ils ne fonctionneront pas dans Photoshop ou d&#039;autres logiciels de dessin \/ d&#039;\u00e9dition num\u00e9riques. \u2583\u2583\u2583\u2583\u2583\u2583\u2583\u2583\u2583\u2583\u2583\u2583\u2583\u2583\u2583<\/p>\n<p>T\u00e9l\u00e9chargement du guide d&#039;installation PDF (assurez-vous que la derni\u00e8re version de Procreate est install\u00e9e - les pinceaux sont d\u00e9sormais fournis sous forme de .brushset au lieu de fichiers .brush uniques) https:\/\/bit.ly\/2xnXoTq<\/p>\n<p>Pour utiliser ces pinceaux, vous aurez besoin de:<\/p>\n<p>L&#039;application iPad Procreate (les pinceaux ne fonctionneront que dans Procreate). Non compatible avec Photoshop ou d&#039;autres logiciels. Un iPad + stylet: m\u00eame si les pinceaux fonctionneront avec d&#039;autres mod\u00e8les d&#039;iPad et des stylets tiers, je recommande le combo iPad Pro + Apple Pencil, car ils sont actuellement les outils les plus pr\u00e9cis et les plus pr\u00e9cis pour dessiner dans Procreate. Les pinceaux ont \u00e9t\u00e9 cr\u00e9\u00e9s et test\u00e9s \u00e0 l&#039;aide d&#039;un Apple Pencil, je ne peux donc pas garantir qu&#039;ils se comporteront comme annonc\u00e9 avec des stylets tiers.<\/p>","protected":false},"excerpt":{"rendered":"<p>&nbsp; DETAILS 6 High Quality Texture Brushes See video presentation &#8211; https:\/\/youtu.be\/Fzm00BOzIaI \u2583\u2583\u2583\u2583\u2583\u2583\u2583\u2583\u2583\u2583\u2583\u2583\u2583\u2583\u2583\u2583\u2583\u2583\u2583\u2583\u2583\u2583\u2583\u2583\u2583\u2583\u2583\u2583\u2583\u2583\u2583\u2583\u2583\u2583\u2583\u2583\u2583\u2583\u2583\u2583\u2583\u2583\u2583\u2583\u2583\u2583\u2583\u2583 \u2757\u2757IMPORTANT BEFORE PURCHASING: These brushes are compatible only with the iOS app Procreate for iPad. They won&#8217;t work in Photoshop or other digital drawing\/editing softwares.\u2757\u2757 \u2583\u2583\u2583\u2583\u2583\u2583\u2583\u2583\u2583\u2583\u2583\u2583\u2583\u2583\u2583\u2583\u2583\u2583\u2583\u2583\u2583\u2583\u2583\u2583\u2583\u2583\u2583\u2583\u2583\u2583\u2583\u2583\u2583\u2583\u2583\u2583\u2583\u2583\u2583\u2583\u2583\u2583\u2583\u2583\u2583\u2583\u2583\u2583 Installation guide PDF download (make sure you have the latest version of Procreate installed &#8211; brushes [&hellip;]<\/p>\n","protected":false},"featured_media":8458,"comment_status":"open","ping_status":"closed","template":"","meta":{"site-sidebar-layout":"default","site-content-layout":"default","ast-site-content-layout":"default","site-content-style":"default","site-sidebar-style":"default","ast-global-header-display":"","ast-banner-title-visibility":"","ast-main-header-display":"","ast-hfb-above-header-display":"","ast-hfb-below-header-display":"","ast-hfb-mobile-header-display":"","site-post-title":"","ast-breadcrumbs-content":"","ast-featured-img":"","footer-sml-layout":"","ast-disable-related-posts":"","theme-transparent-header-meta":"default","adv-header-id-meta":"","stick-header-meta":"","header-above-stick-meta":"","header-main-stick-meta":"","header-below-stick-meta":"","astra-migrate-meta-layouts":"default","ast-page-background-enabled":"default","ast-page-background-meta":{"desktop":{"background-color":"","background-image":"","background-repeat":"repeat","background-position":"center center","background-size":"auto","background-attachment":"scroll","background-type":"","background-media":"","overlay-type":"","overlay-color":"","overlay-opacity":"","overlay-gradient":""},"tablet":{"background-color":"","background-image":"","background-repeat":"repeat","background-position":"center center","background-size":"auto","background-attachment":"scroll","background-type":"","background-media":"","overlay-type":"","overlay-color":"","overlay-opacity":"","overlay-gradient":""},"mobile":{"background-color":"","background-image":"","background-repeat":"repeat","background-position":"center center","background-size":"auto","background-attachment":"scroll","background-type":"","background-media":"","overlay-type":"","overlay-color":"","overlay-opacity":"","overlay-gradient":""}},"ast-content-background-meta":{"desktop":{"background-color":"var(--ast-global-color-5)","background-image":"","background-repeat":"repeat","background-position":"center center","background-size":"auto","background-attachment":"scroll","background-type":"","background-media":"","overlay-type":"","overlay-color":"","overlay-opacity":"","overlay-gradient":""},"tablet":{"background-color":"var(--ast-global-color-5)","background-image":"","background-repeat":"repeat","background-position":"center center","background-size":"auto","background-attachment":"scroll","background-type":"","background-media":"","overlay-type":"","overlay-color":"","overlay-opacity":"","overlay-gradient":""},"mobile":{"background-color":"var(--ast-global-color-5)","background-image":"","background-repeat":"repeat","background-position":"center center","background-size":"auto","background-attachment":"scroll","background-type":"","background-media":"","overlay-type":"","overlay-color":"","overlay-opacity":"","overlay-gradient":""}}},"product_brand":[],"product_cat":[197,195,170],"product_tag":[560,520,231,559,314,248,509,561,505,558,315,243],"class_list":{"0":"post-8457","1":"product","2":"type-product","3":"status-publish","4":"has-post-thumbnail","6":"product_cat-brushes","7":"product_cat-photoshop","8":"product_cat-textures","9":"product_tag-app","10":"product_tag-apple","11":"product_tag-brushes","12":"product_tag-drowing","13":"product_tag-dust","14":"product_tag-grunge","15":"product_tag-ipad","16":"product_tag-noise","17":"product_tag-procreate","18":"product_tag-quality","19":"product_tag-sand","20":"product_tag-texture","21":"desktop-align-left","22":"tablet-align-left","23":"mobile-align-left","25":"first","26":"instock","27":"downloadable","28":"virtual","29":"taxable","30":"purchasable","31":"product-type-simple"},"yoast_head":"<!-- This site is optimized with the Yoast SEO plugin v27.3 - https:\/\/yoast.com\/product\/yoast-seo-wordpress\/ -->\n<title>Procreate texture brushes.Sand - Graphimarket<\/title>\n<meta name=\"description\" content=\"Procreate texture brushes.Sand DETAILS 6 High Quality Texture Brushes See video presentation IMPORTANT BEFORE PURCHASING: These...\" \/>\n<meta name=\"robots\" content=\"index, follow, max-snippet:-1, max-image-preview:large, max-video-preview:-1\" \/>\n<link rel=\"canonical\" href=\"https:\/\/graphimarket.com\/fr\/product\/procreate-texture-brushes-sand\/\" \/>\n<meta property=\"og:locale\" content=\"fr_FR\" \/>\n<meta property=\"og:type\" content=\"article\" \/>\n<meta property=\"og:title\" content=\"Procreate texture brushes.Sand - Graphimarket\" \/>\n<meta property=\"og:description\" content=\"Procreate texture brushes.Sand DETAILS 6 High Quality Texture Brushes See video presentation IMPORTANT BEFORE PURCHASING: These...\" \/>\n<meta property=\"og:url\" content=\"https:\/\/graphimarket.com\/fr\/product\/procreate-texture-brushes-sand\/\" \/>\n<meta property=\"og:site_name\" content=\"Graphimarket\" \/>\n<meta property=\"article:modified_time\" content=\"2022-12-19T22:16:05+00:00\" \/>\n<meta property=\"og:image\" content=\"https:\/\/graphimarket.com\/wp-content\/uploads\/2020\/09\/607b1791-dc1f-40d0-b1be-0fe3a5f69f90.jpg\" \/>\n\t<meta property=\"og:image:width\" content=\"866\" \/>\n\t<meta property=\"og:image:height\" content=\"577\" \/>\n\t<meta property=\"og:image:type\" content=\"image\/jpeg\" \/>\n<meta name=\"twitter:card\" content=\"summary_large_image\" \/>\n<meta name=\"twitter:label1\" content=\"Est. reading time\" \/>\n\t<meta name=\"twitter:data1\" content=\"1 minute\" \/>\n<script type=\"application\/ld+json\" class=\"yoast-schema-graph\">{\"@context\":\"https:\\\/\\\/schema.org\",\"@graph\":[{\"@type\":\"WebPage\",\"@id\":\"https:\\\/\\\/graphimarket.com\\\/product\\\/procreate-texture-brushes-sand\\\/\",\"url\":\"https:\\\/\\\/graphimarket.com\\\/product\\\/procreate-texture-brushes-sand\\\/\",\"name\":\"Procreate texture brushes.Sand - Graphimarket\",\"isPartOf\":{\"@id\":\"https:\\\/\\\/graphimarket.com\\\/fr\\\/#website\"},\"primaryImageOfPage\":{\"@id\":\"https:\\\/\\\/graphimarket.com\\\/product\\\/procreate-texture-brushes-sand\\\/#primaryimage\"},\"image\":{\"@id\":\"https:\\\/\\\/graphimarket.com\\\/product\\\/procreate-texture-brushes-sand\\\/#primaryimage\"},\"thumbnailUrl\":\"https:\\\/\\\/graphimarket.com\\\/wp-content\\\/uploads\\\/2020\\\/09\\\/607b1791-dc1f-40d0-b1be-0fe3a5f69f90.jpg\",\"datePublished\":\"2020-09-12T09:09:08+00:00\",\"dateModified\":\"2022-12-19T22:16:05+00:00\",\"description\":\"Procreate texture brushes.Sand DETAILS 6 High Quality Texture Brushes See video presentation IMPORTANT BEFORE PURCHASING: These...\",\"breadcrumb\":{\"@id\":\"https:\\\/\\\/graphimarket.com\\\/product\\\/procreate-texture-brushes-sand\\\/#breadcrumb\"},\"inLanguage\":\"fr-FR\",\"potentialAction\":[{\"@type\":\"ReadAction\",\"target\":[\"https:\\\/\\\/graphimarket.com\\\/product\\\/procreate-texture-brushes-sand\\\/\"]}]},{\"@type\":\"ImageObject\",\"inLanguage\":\"fr-FR\",\"@id\":\"https:\\\/\\\/graphimarket.com\\\/product\\\/procreate-texture-brushes-sand\\\/#primaryimage\",\"url\":\"https:\\\/\\\/graphimarket.com\\\/wp-content\\\/uploads\\\/2020\\\/09\\\/607b1791-dc1f-40d0-b1be-0fe3a5f69f90.jpg\",\"contentUrl\":\"https:\\\/\\\/graphimarket.com\\\/wp-content\\\/uploads\\\/2020\\\/09\\\/607b1791-dc1f-40d0-b1be-0fe3a5f69f90.jpg\",\"width\":866,\"height\":577},{\"@type\":\"BreadcrumbList\",\"@id\":\"https:\\\/\\\/graphimarket.com\\\/product\\\/procreate-texture-brushes-sand\\\/#breadcrumb\",\"itemListElement\":[{\"@type\":\"ListItem\",\"position\":1,\"name\":\"Home\",\"item\":\"https:\\\/\\\/graphimarket.com\\\/es\\\/\"},{\"@type\":\"ListItem\",\"position\":2,\"name\":\"Store\",\"item\":\"https:\\\/\\\/graphimarket.com\\\/store\\\/\"},{\"@type\":\"ListItem\",\"position\":3,\"name\":\"Procreate texture brushes.Sand\"}]},{\"@type\":\"WebSite\",\"@id\":\"https:\\\/\\\/graphimarket.com\\\/fr\\\/#website\",\"url\":\"https:\\\/\\\/graphimarket.com\\\/fr\\\/\",\"name\":\"Graphimarket\",\"description\":\"Find the perfect creative asset to bring your project to life\",\"publisher\":{\"@id\":\"https:\\\/\\\/graphimarket.com\\\/fr\\\/#organization\"},\"potentialAction\":[{\"@type\":\"SearchAction\",\"target\":{\"@type\":\"EntryPoint\",\"urlTemplate\":\"https:\\\/\\\/graphimarket.com\\\/fr\\\/?s={search_term_string}\"},\"query-input\":{\"@type\":\"PropertyValueSpecification\",\"valueRequired\":true,\"valueName\":\"search_term_string\"}}],\"inLanguage\":\"fr-FR\"},{\"@type\":\"Organization\",\"@id\":\"https:\\\/\\\/graphimarket.com\\\/fr\\\/#organization\",\"name\":\"Graphimarket\",\"url\":\"https:\\\/\\\/graphimarket.com\\\/fr\\\/\",\"logo\":{\"@type\":\"ImageObject\",\"inLanguage\":\"fr-FR\",\"@id\":\"https:\\\/\\\/graphimarket.com\\\/fr\\\/#\\\/schema\\\/logo\\\/image\\\/\",\"url\":\"https:\\\/\\\/graphimarket.com\\\/wp-content\\\/uploads\\\/2020\\\/08\\\/logo-48.png\",\"contentUrl\":\"https:\\\/\\\/graphimarket.com\\\/wp-content\\\/uploads\\\/2020\\\/08\\\/logo-48.png\",\"width\":132,\"height\":48,\"caption\":\"Graphimarket\"},\"image\":{\"@id\":\"https:\\\/\\\/graphimarket.com\\\/fr\\\/#\\\/schema\\\/logo\\\/image\\\/\"}}]}<\/script>\n<!-- \/ Yoast SEO plugin. -->","yoast_head_json":{"title":"Procr\u00e9er des pinceaux de texture Sable - Graphimarket","description":"Procr\u00e9er des pinceaux de texture Sable D\u00c9TAILS 6 pinceaux de texture de haute qualit\u00e9 Voir la pr\u00e9sentation vid\u00e9o IMPORTANT AVANT L&#039;ACHAT: Ces ...","robots":{"index":"index","follow":"follow","max-snippet":"max-snippet:-1","max-image-preview":"max-image-preview:large","max-video-preview":"max-video-preview:-1"},"canonical":"https:\/\/graphimarket.com\/fr\/product\/procreate-texture-brushes-sand\/","og_locale":"fr_FR","og_type":"article","og_title":"Procreate texture brushes.Sand - Graphimarket","og_description":"Procreate texture brushes.Sand DETAILS 6 High Quality Texture Brushes See video presentation IMPORTANT BEFORE PURCHASING: These...","og_url":"https:\/\/graphimarket.com\/fr\/product\/procreate-texture-brushes-sand\/","og_site_name":"Graphimarket","article_modified_time":"2022-12-19T22:16:05+00:00","og_image":[{"width":866,"height":577,"url":"https:\/\/graphimarket.com\/wp-content\/uploads\/2020\/09\/607b1791-dc1f-40d0-b1be-0fe3a5f69f90.jpg","type":"image\/jpeg"}],"twitter_card":"summary_large_image","twitter_misc":{"Est. reading time":"1 minute"},"schema":{"@context":"https:\/\/schema.org","@graph":[{"@type":"WebPage","@id":"https:\/\/graphimarket.com\/product\/procreate-texture-brushes-sand\/","url":"https:\/\/graphimarket.com\/product\/procreate-texture-brushes-sand\/","name":"Procr\u00e9er des pinceaux de texture Sable - Graphimarket","isPartOf":{"@id":"https:\/\/graphimarket.com\/fr\/#website"},"primaryImageOfPage":{"@id":"https:\/\/graphimarket.com\/product\/procreate-texture-brushes-sand\/#primaryimage"},"image":{"@id":"https:\/\/graphimarket.com\/product\/procreate-texture-brushes-sand\/#primaryimage"},"thumbnailUrl":"https:\/\/graphimarket.com\/wp-content\/uploads\/2020\/09\/607b1791-dc1f-40d0-b1be-0fe3a5f69f90.jpg","datePublished":"2020-09-12T09:09:08+00:00","dateModified":"2022-12-19T22:16:05+00:00","description":"Procr\u00e9er des pinceaux de texture Sable D\u00c9TAILS 6 pinceaux de texture de haute qualit\u00e9 Voir la pr\u00e9sentation vid\u00e9o IMPORTANT AVANT L&#039;ACHAT: Ces ...","breadcrumb":{"@id":"https:\/\/graphimarket.com\/product\/procreate-texture-brushes-sand\/#breadcrumb"},"inLanguage":"fr-FR","potentialAction":[{"@type":"ReadAction","target":["https:\/\/graphimarket.com\/product\/procreate-texture-brushes-sand\/"]}]},{"@type":"ImageObject","inLanguage":"fr-FR","@id":"https:\/\/graphimarket.com\/product\/procreate-texture-brushes-sand\/#primaryimage","url":"https:\/\/graphimarket.com\/wp-content\/uploads\/2020\/09\/607b1791-dc1f-40d0-b1be-0fe3a5f69f90.jpg","contentUrl":"https:\/\/graphimarket.com\/wp-content\/uploads\/2020\/09\/607b1791-dc1f-40d0-b1be-0fe3a5f69f90.jpg","width":866,"height":577},{"@type":"BreadcrumbList","@id":"https:\/\/graphimarket.com\/product\/procreate-texture-brushes-sand\/#breadcrumb","itemListElement":[{"@type":"ListItem","position":1,"name":"Home","item":"https:\/\/graphimarket.com\/es\/"},{"@type":"ListItem","position":2,"name":"Store","item":"https:\/\/graphimarket.com\/store\/"},{"@type":"ListItem","position":3,"name":"Procreate texture brushes.Sand"}]},{"@type":"WebSite","@id":"https:\/\/graphimarket.com\/fr\/#website","url":"https:\/\/graphimarket.com\/fr\/","name":"Graphimarket","description":"Trouvez l&#039;atout cr\u00e9atif parfait pour donner vie \u00e0 votre projet","publisher":{"@id":"https:\/\/graphimarket.com\/fr\/#organization"},"potentialAction":[{"@type":"SearchAction","target":{"@type":"EntryPoint","urlTemplate":"https:\/\/graphimarket.com\/fr\/?s={search_term_string}"},"query-input":{"@type":"PropertyValueSpecification","valueRequired":true,"valueName":"search_term_string"}}],"inLanguage":"fr-FR"},{"@type":"Organization","@id":"https:\/\/graphimarket.com\/fr\/#organization","name":"Graphimarket","url":"https:\/\/graphimarket.com\/fr\/","logo":{"@type":"ImageObject","inLanguage":"fr-FR","@id":"https:\/\/graphimarket.com\/fr\/#\/schema\/logo\/image\/","url":"https:\/\/graphimarket.com\/wp-content\/uploads\/2020\/08\/logo-48.png","contentUrl":"https:\/\/graphimarket.com\/wp-content\/uploads\/2020\/08\/logo-48.png","width":132,"height":48,"caption":"Graphimarket"},"image":{"@id":"https:\/\/graphimarket.com\/fr\/#\/schema\/logo\/image\/"}}]}},"_links":{"self":[{"href":"https:\/\/graphimarket.com\/fr\/wp-json\/wp\/v2\/product\/8457","targetHints":{"allow":["GET"]}}],"collection":[{"href":"https:\/\/graphimarket.com\/fr\/wp-json\/wp\/v2\/product"}],"about":[{"href":"https:\/\/graphimarket.com\/fr\/wp-json\/wp\/v2\/types\/product"}],"replies":[{"embeddable":true,"href":"https:\/\/graphimarket.com\/fr\/wp-json\/wp\/v2\/comments?post=8457"}],"version-history":[{"count":0,"href":"https:\/\/graphimarket.com\/fr\/wp-json\/wp\/v2\/product\/8457\/revisions"}],"wp:featuredmedia":[{"embeddable":true,"href":"https:\/\/graphimarket.com\/fr\/wp-json\/wp\/v2\/media\/8458"}],"wp:attachment":[{"href":"https:\/\/graphimarket.com\/fr\/wp-json\/wp\/v2\/media?parent=8457"}],"wp:term":[{"taxonomy":"product_brand","embeddable":true,"href":"https:\/\/graphimarket.com\/fr\/wp-json\/wp\/v2\/product_brand?post=8457"},{"taxonomy":"product_cat","embeddable":true,"href":"https:\/\/graphimarket.com\/fr\/wp-json\/wp\/v2\/product_cat?post=8457"},{"taxonomy":"product_tag","embeddable":true,"href":"https:\/\/graphimarket.com\/fr\/wp-json\/wp\/v2\/product_tag?post=8457"}],"curies":[{"name":"wp","href":"https:\/\/api.w.org\/{rel}","templated":true}]}}