{"id":8510,"date":"2020-09-12T11:54:41","date_gmt":"2020-09-12T09:54:41","guid":{"rendered":"https:\/\/graphimarket.com\/?post_type=product&#038;p=8510"},"modified":"2022-12-19T23:15:13","modified_gmt":"2022-12-19T22:15:13","slug":"sloppy-press-inc","status":"publish","type":"product","link":"https:\/\/graphimarket.com\/fr\/product\/sloppy-press-inc\/","title":{"rendered":"Sloppy Press Inc."},"content":{"rendered":"<div class=\"_2Masz2rr\">\n<p><strong>Sloppy Press INC. contient 33 styles de calques typographiques pour Adobe Photoshop, des textures, des pinceaux et des actions pour cr\u00e9er instantan\u00e9ment des effets de typographie imprim\u00e9s \u00e0 la main\u00a0!<\/strong><\/p>\n<p>R\u00e9cemment j&#039;avais commenc\u00e9 \u00e0 en faire, alors voici le r\u00e9sultat.<\/p>\n<p>j&#039;ai collectionn\u00e9 \u00e7a\u00a0<strong>assez grande collection de diff\u00e9rents styles de calque de typographie<\/strong>\u00a0et fabriquer ce produit tr\u00e8s pratique.<\/p>\n<p>Si vous avez besoin de\u00a0<em>belle typographie imprim\u00e9e \u00e0 la main<\/em>\u00a0\/ou simple un logo\/effet monochrome, regardez ces collections. Il contient divers effets de style de calque - des bords irr\u00e9guliers \u00e0 divers effets de tampon en passant par les styles de typographie de s\u00e9rigraphie en demi-teintes.<\/p>\n<p><strong>C&#039;est tr\u00e8s simple et rapide !<\/strong>\u00a0- choisissez simplement l&#039;un des 33 effets de styles de calque, ouvrez l&#039;objet intelligent, placez le type ou le lettrage, appliquez le style graphique et enregistrez. Cela vous prend moins de 10 secondes !<\/p>\n<p>Cr\u00e9ez des d\u00e9tails suppl\u00e9mentaires avec des pinceaux et des textures bonus pour cr\u00e9er une typographie vraiment brute<\/p>\n<p><strong>Qu&#039;obtiendrez-vous\u00a0:<\/strong><\/p>\n<ul>\n<li><strong>4 fichiers PSD \u2013 format A4<\/strong>\u00a0<strong>3508x2480px<\/strong>\u00a0en format paysage et portrait, gros fichiers d&#039;impression -\u00a0<strong>6000 x 4242 pixels<\/strong>\u00a0au format Paysage et Portrait<\/li>\n<li><strong>33 effets de typographie de styles de calque<\/strong>\u00a0contenant un objet intelligent<\/li>\n<li><strong>33 styles graphiques<\/strong>\u00a0pour appliquer dans le fichier d&#039;objet intelligent<\/li>\n<li><strong>20 textures PNG<\/strong>\u00a0\u2013 10 en 6000\u00d74242 PX, 10 en 3508x2480px avec fond transparent<\/li>\n<li><strong>44 pinceaux pour Adobe Photoshop<\/strong>\u00a0- 38 pinceaux grunge simples, 6 pinceaux \u00e0 texture dynamique<\/li>\n<li><strong>3 actions utiles pour Adobe Photoshop<\/strong><\/li>\n<li><strong>Le manuel du propri\u00e9taire<\/strong>\u00a0pour une mise en place rapide<\/li>\n<\/ul>\n<\/div>\n<div class=\"_3YqMOf9R\">\n<div class=\"_3KAa4-GZ frEFeDSS\"><img fetchpriority=\"high\" decoding=\"async\" class=\"aligncenter wp-image-8511 size-full\" src=\"https:\/\/graphimarket.com\/wp-content\/uploads\/2020\/09\/19c7419a-207c-48b3-bffa-ee096b97c4ad.jpg\" alt=\"\" width=\"900\" height=\"600\" srcset=\"https:\/\/graphimarket.com\/wp-content\/uploads\/2020\/09\/19c7419a-207c-48b3-bffa-ee096b97c4ad.jpg 900w, https:\/\/graphimarket.com\/wp-content\/uploads\/2020\/09\/19c7419a-207c-48b3-bffa-ee096b97c4ad-600x400.jpg 600w, https:\/\/graphimarket.com\/wp-content\/uploads\/2020\/09\/19c7419a-207c-48b3-bffa-ee096b97c4ad-300x200.jpg 300w, https:\/\/graphimarket.com\/wp-content\/uploads\/2020\/09\/19c7419a-207c-48b3-bffa-ee096b97c4ad-768x512.jpg 768w\" sizes=\"(max-width: 900px) 100vw, 900px\" \/> <img decoding=\"async\" class=\"aligncenter wp-image-8512 size-full\" src=\"https:\/\/graphimarket.com\/wp-content\/uploads\/2020\/09\/87cfcc22-88b7-4bd4-b6f2-442de6a9551d.jpg\" alt=\"\" width=\"900\" height=\"600\" srcset=\"https:\/\/graphimarket.com\/wp-content\/uploads\/2020\/09\/87cfcc22-88b7-4bd4-b6f2-442de6a9551d.jpg 900w, https:\/\/graphimarket.com\/wp-content\/uploads\/2020\/09\/87cfcc22-88b7-4bd4-b6f2-442de6a9551d-600x400.jpg 600w, https:\/\/graphimarket.com\/wp-content\/uploads\/2020\/09\/87cfcc22-88b7-4bd4-b6f2-442de6a9551d-300x200.jpg 300w, https:\/\/graphimarket.com\/wp-content\/uploads\/2020\/09\/87cfcc22-88b7-4bd4-b6f2-442de6a9551d-768x512.jpg 768w\" sizes=\"(max-width: 900px) 100vw, 900px\" \/> <img decoding=\"async\" class=\"aligncenter wp-image-8513 size-full\" src=\"https:\/\/graphimarket.com\/wp-content\/uploads\/2020\/09\/cb04e446-0f1e-49ae-844a-43b5c6034557.jpg\" alt=\"\" width=\"900\" height=\"600\" srcset=\"https:\/\/graphimarket.com\/wp-content\/uploads\/2020\/09\/cb04e446-0f1e-49ae-844a-43b5c6034557.jpg 900w, https:\/\/graphimarket.com\/wp-content\/uploads\/2020\/09\/cb04e446-0f1e-49ae-844a-43b5c6034557-600x400.jpg 600w, https:\/\/graphimarket.com\/wp-content\/uploads\/2020\/09\/cb04e446-0f1e-49ae-844a-43b5c6034557-300x200.jpg 300w, https:\/\/graphimarket.com\/wp-content\/uploads\/2020\/09\/cb04e446-0f1e-49ae-844a-43b5c6034557-768x512.jpg 768w\" sizes=\"(max-width: 900px) 100vw, 900px\" \/> <img loading=\"lazy\" decoding=\"async\" class=\"aligncenter wp-image-8514 size-full\" src=\"https:\/\/graphimarket.com\/wp-content\/uploads\/2020\/09\/317b07c1-4be1-4486-8e3f-37676b43f5b0.jpg\" alt=\"\" width=\"900\" height=\"600\" srcset=\"https:\/\/graphimarket.com\/wp-content\/uploads\/2020\/09\/317b07c1-4be1-4486-8e3f-37676b43f5b0.jpg 900w, https:\/\/graphimarket.com\/wp-content\/uploads\/2020\/09\/317b07c1-4be1-4486-8e3f-37676b43f5b0-600x400.jpg 600w, https:\/\/graphimarket.com\/wp-content\/uploads\/2020\/09\/317b07c1-4be1-4486-8e3f-37676b43f5b0-300x200.jpg 300w, https:\/\/graphimarket.com\/wp-content\/uploads\/2020\/09\/317b07c1-4be1-4486-8e3f-37676b43f5b0-768x512.jpg 768w\" sizes=\"(max-width: 900px) 100vw, 900px\" \/> <img loading=\"lazy\" decoding=\"async\" class=\"aligncenter wp-image-8515 size-full\" src=\"https:\/\/graphimarket.com\/wp-content\/uploads\/2020\/09\/17f94622-51ce-4d6d-a00f-b2d5eb3a1cb2.jpg\" alt=\"\" width=\"900\" height=\"600\" srcset=\"https:\/\/graphimarket.com\/wp-content\/uploads\/2020\/09\/17f94622-51ce-4d6d-a00f-b2d5eb3a1cb2.jpg 900w, https:\/\/graphimarket.com\/wp-content\/uploads\/2020\/09\/17f94622-51ce-4d6d-a00f-b2d5eb3a1cb2-600x400.jpg 600w, https:\/\/graphimarket.com\/wp-content\/uploads\/2020\/09\/17f94622-51ce-4d6d-a00f-b2d5eb3a1cb2-300x200.jpg 300w, https:\/\/graphimarket.com\/wp-content\/uploads\/2020\/09\/17f94622-51ce-4d6d-a00f-b2d5eb3a1cb2-768x512.jpg 768w\" sizes=\"(max-width: 900px) 100vw, 900px\" \/><\/div>\n<\/div>","protected":false},"excerpt":{"rendered":"<p>Sloppy Press INC. contains 33 typographic layer styles for Adobe Photoshop, textures, brushes and actions to make hand-printed typography effects instantly! Recently I had started making some, so here is the result. I collected this\u00a0pretty big collection of different typography layer styles\u00a0and make this very handful product. If you need some\u00a0nice hand-printed typography\u00a0\/or simple an [&hellip;]<\/p>\n","protected":false},"featured_media":8516,"comment_status":"open","ping_status":"closed","template":"","meta":{"site-sidebar-layout":"default","site-content-layout":"default","ast-site-content-layout":"default","site-content-style":"default","site-sidebar-style":"default","ast-global-header-display":"","ast-banner-title-visibility":"","ast-main-header-display":"","ast-hfb-above-header-display":"","ast-hfb-below-header-display":"","ast-hfb-mobile-header-display":"","site-post-title":"","ast-breadcrumbs-content":"","ast-featured-img":"","footer-sml-layout":"","ast-disable-related-posts":"","theme-transparent-header-meta":"default","adv-header-id-meta":"","stick-header-meta":"","header-above-stick-meta":"","header-main-stick-meta":"","header-below-stick-meta":"","astra-migrate-meta-layouts":"default","ast-page-background-enabled":"default","ast-page-background-meta":{"desktop":{"background-color":"","background-image":"","background-repeat":"repeat","background-position":"center center","background-size":"auto","background-attachment":"scroll","background-type":"","background-media":"","overlay-type":"","overlay-color":"","overlay-opacity":"","overlay-gradient":""},"tablet":{"background-color":"","background-image":"","background-repeat":"repeat","background-position":"center center","background-size":"auto","background-attachment":"scroll","background-type":"","background-media":"","overlay-type":"","overlay-color":"","overlay-opacity":"","overlay-gradient":""},"mobile":{"background-color":"","background-image":"","background-repeat":"repeat","background-position":"center center","background-size":"auto","background-attachment":"scroll","background-type":"","background-media":"","overlay-type":"","overlay-color":"","overlay-opacity":"","overlay-gradient":""}},"ast-content-background-meta":{"desktop":{"background-color":"var(--ast-global-color-5)","background-image":"","background-repeat":"repeat","background-position":"center center","background-size":"auto","background-attachment":"scroll","background-type":"","background-media":"","overlay-type":"","overlay-color":"","overlay-opacity":"","overlay-gradient":""},"tablet":{"background-color":"var(--ast-global-color-5)","background-image":"","background-repeat":"repeat","background-position":"center center","background-size":"auto","background-attachment":"scroll","background-type":"","background-media":"","overlay-type":"","overlay-color":"","overlay-opacity":"","overlay-gradient":""},"mobile":{"background-color":"var(--ast-global-color-5)","background-image":"","background-repeat":"repeat","background-position":"center center","background-size":"auto","background-attachment":"scroll","background-type":"","background-media":"","overlay-type":"","overlay-color":"","overlay-opacity":"","overlay-gradient":""}}},"product_brand":[],"product_cat":[187,195],"product_tag":[583,274,351,585,579,582,586,584,581,580,277,578,243,298,276],"class_list":{"0":"post-8510","1":"product","2":"type-product","3":"status-publish","4":"has-post-thumbnail","6":"product_cat-fonts","7":"product_cat-photoshop","8":"product_tag-artprint","9":"product_tag-effect","10":"product_tag-font","11":"product_tag-gig","12":"product_tag-halftone","13":"product_tag-handprinted","14":"product_tag-offset","15":"product_tag-poster","16":"product_tag-press","17":"product_tag-printing","18":"product_tag-retro","19":"product_tag-screen","20":"product_tag-texture","21":"product_tag-typography","22":"product_tag-vintage","23":"desktop-align-left","24":"tablet-align-left","25":"mobile-align-left","27":"first","28":"instock","29":"downloadable","30":"virtual","31":"taxable","32":"purchasable","33":"product-type-simple"},"yoast_head":"<!-- This site is optimized with the Yoast SEO plugin v27.3 - https:\/\/yoast.com\/product\/yoast-seo-wordpress\/ -->\n<title>Sloppy Press Inc. - Graphimarket<\/title>\n<meta name=\"description\" content=\"Sloppy Press INC. contains 33 typographic layer styles for Adobe Photoshop, textures, brushes and actions to make hand-printed typography...\" \/>\n<meta name=\"robots\" content=\"index, follow, max-snippet:-1, max-image-preview:large, max-video-preview:-1\" \/>\n<link rel=\"canonical\" href=\"https:\/\/graphimarket.com\/fr\/product\/sloppy-press-inc\/\" \/>\n<meta property=\"og:locale\" content=\"fr_FR\" \/>\n<meta property=\"og:type\" content=\"article\" \/>\n<meta property=\"og:title\" content=\"Sloppy Press Inc. - Graphimarket\" \/>\n<meta property=\"og:description\" content=\"Sloppy Press INC. contains 33 typographic layer styles for Adobe Photoshop, textures, brushes and actions to make hand-printed typography...\" \/>\n<meta property=\"og:url\" content=\"https:\/\/graphimarket.com\/fr\/product\/sloppy-press-inc\/\" \/>\n<meta property=\"og:site_name\" content=\"Graphimarket\" \/>\n<meta property=\"article:modified_time\" content=\"2022-12-19T22:15:13+00:00\" \/>\n<meta property=\"og:image\" content=\"https:\/\/graphimarket.com\/wp-content\/uploads\/2020\/09\/ccc00697-056e-46dd-8314-c32e8f6858b9.jpg\" \/>\n\t<meta property=\"og:image:width\" content=\"866\" \/>\n\t<meta property=\"og:image:height\" content=\"577\" \/>\n\t<meta property=\"og:image:type\" content=\"image\/jpeg\" \/>\n<meta name=\"twitter:card\" content=\"summary_large_image\" \/>\n<meta name=\"twitter:label1\" content=\"Est. reading time\" \/>\n\t<meta name=\"twitter:data1\" content=\"1 minute\" \/>\n<script type=\"application\/ld+json\" class=\"yoast-schema-graph\">{\"@context\":\"https:\\\/\\\/schema.org\",\"@graph\":[{\"@type\":\"WebPage\",\"@id\":\"https:\\\/\\\/graphimarket.com\\\/product\\\/sloppy-press-inc\\\/\",\"url\":\"https:\\\/\\\/graphimarket.com\\\/product\\\/sloppy-press-inc\\\/\",\"name\":\"Sloppy Press Inc. - Graphimarket\",\"isPartOf\":{\"@id\":\"https:\\\/\\\/graphimarket.com\\\/fr\\\/#website\"},\"primaryImageOfPage\":{\"@id\":\"https:\\\/\\\/graphimarket.com\\\/product\\\/sloppy-press-inc\\\/#primaryimage\"},\"image\":{\"@id\":\"https:\\\/\\\/graphimarket.com\\\/product\\\/sloppy-press-inc\\\/#primaryimage\"},\"thumbnailUrl\":\"https:\\\/\\\/graphimarket.com\\\/wp-content\\\/uploads\\\/2020\\\/09\\\/ccc00697-056e-46dd-8314-c32e8f6858b9.jpg\",\"datePublished\":\"2020-09-12T09:54:41+00:00\",\"dateModified\":\"2022-12-19T22:15:13+00:00\",\"description\":\"Sloppy Press INC. contains 33 typographic layer styles for Adobe Photoshop, textures, brushes and actions to make hand-printed typography...\",\"breadcrumb\":{\"@id\":\"https:\\\/\\\/graphimarket.com\\\/product\\\/sloppy-press-inc\\\/#breadcrumb\"},\"inLanguage\":\"fr-FR\",\"potentialAction\":[{\"@type\":\"ReadAction\",\"target\":[\"https:\\\/\\\/graphimarket.com\\\/product\\\/sloppy-press-inc\\\/\"]}]},{\"@type\":\"ImageObject\",\"inLanguage\":\"fr-FR\",\"@id\":\"https:\\\/\\\/graphimarket.com\\\/product\\\/sloppy-press-inc\\\/#primaryimage\",\"url\":\"https:\\\/\\\/graphimarket.com\\\/wp-content\\\/uploads\\\/2020\\\/09\\\/ccc00697-056e-46dd-8314-c32e8f6858b9.jpg\",\"contentUrl\":\"https:\\\/\\\/graphimarket.com\\\/wp-content\\\/uploads\\\/2020\\\/09\\\/ccc00697-056e-46dd-8314-c32e8f6858b9.jpg\",\"width\":866,\"height\":577},{\"@type\":\"BreadcrumbList\",\"@id\":\"https:\\\/\\\/graphimarket.com\\\/product\\\/sloppy-press-inc\\\/#breadcrumb\",\"itemListElement\":[{\"@type\":\"ListItem\",\"position\":1,\"name\":\"Home\",\"item\":\"https:\\\/\\\/graphimarket.com\\\/es\\\/\"},{\"@type\":\"ListItem\",\"position\":2,\"name\":\"Store\",\"item\":\"https:\\\/\\\/graphimarket.com\\\/store\\\/\"},{\"@type\":\"ListItem\",\"position\":3,\"name\":\"Sloppy Press Inc.\"}]},{\"@type\":\"WebSite\",\"@id\":\"https:\\\/\\\/graphimarket.com\\\/fr\\\/#website\",\"url\":\"https:\\\/\\\/graphimarket.com\\\/fr\\\/\",\"name\":\"Graphimarket\",\"description\":\"Find the perfect creative asset to bring your project to life\",\"publisher\":{\"@id\":\"https:\\\/\\\/graphimarket.com\\\/fr\\\/#organization\"},\"potentialAction\":[{\"@type\":\"SearchAction\",\"target\":{\"@type\":\"EntryPoint\",\"urlTemplate\":\"https:\\\/\\\/graphimarket.com\\\/fr\\\/?s={search_term_string}\"},\"query-input\":{\"@type\":\"PropertyValueSpecification\",\"valueRequired\":true,\"valueName\":\"search_term_string\"}}],\"inLanguage\":\"fr-FR\"},{\"@type\":\"Organization\",\"@id\":\"https:\\\/\\\/graphimarket.com\\\/fr\\\/#organization\",\"name\":\"Graphimarket\",\"url\":\"https:\\\/\\\/graphimarket.com\\\/fr\\\/\",\"logo\":{\"@type\":\"ImageObject\",\"inLanguage\":\"fr-FR\",\"@id\":\"https:\\\/\\\/graphimarket.com\\\/fr\\\/#\\\/schema\\\/logo\\\/image\\\/\",\"url\":\"https:\\\/\\\/graphimarket.com\\\/wp-content\\\/uploads\\\/2020\\\/08\\\/logo-48.png\",\"contentUrl\":\"https:\\\/\\\/graphimarket.com\\\/wp-content\\\/uploads\\\/2020\\\/08\\\/logo-48.png\",\"width\":132,\"height\":48,\"caption\":\"Graphimarket\"},\"image\":{\"@id\":\"https:\\\/\\\/graphimarket.com\\\/fr\\\/#\\\/schema\\\/logo\\\/image\\\/\"}}]}<\/script>\n<!-- \/ Yoast SEO plugin. -->","yoast_head_json":{"title":"Sloppy Press Inc. - Graphimarket","description":"Sloppy Press INC. contains 33 typographic layer styles for Adobe Photoshop, textures, brushes and actions to make hand-printed typography...","robots":{"index":"index","follow":"follow","max-snippet":"max-snippet:-1","max-image-preview":"max-image-preview:large","max-video-preview":"max-video-preview:-1"},"canonical":"https:\/\/graphimarket.com\/fr\/product\/sloppy-press-inc\/","og_locale":"fr_FR","og_type":"article","og_title":"Sloppy Press Inc. - Graphimarket","og_description":"Sloppy Press INC. contains 33 typographic layer styles for Adobe Photoshop, textures, brushes and actions to make hand-printed typography...","og_url":"https:\/\/graphimarket.com\/fr\/product\/sloppy-press-inc\/","og_site_name":"Graphimarket","article_modified_time":"2022-12-19T22:15:13+00:00","og_image":[{"width":866,"height":577,"url":"https:\/\/graphimarket.com\/wp-content\/uploads\/2020\/09\/ccc00697-056e-46dd-8314-c32e8f6858b9.jpg","type":"image\/jpeg"}],"twitter_card":"summary_large_image","twitter_misc":{"Est. reading time":"1 minute"},"schema":{"@context":"https:\/\/schema.org","@graph":[{"@type":"WebPage","@id":"https:\/\/graphimarket.com\/product\/sloppy-press-inc\/","url":"https:\/\/graphimarket.com\/product\/sloppy-press-inc\/","name":"Sloppy Press Inc. - Graphimarket","isPartOf":{"@id":"https:\/\/graphimarket.com\/fr\/#website"},"primaryImageOfPage":{"@id":"https:\/\/graphimarket.com\/product\/sloppy-press-inc\/#primaryimage"},"image":{"@id":"https:\/\/graphimarket.com\/product\/sloppy-press-inc\/#primaryimage"},"thumbnailUrl":"https:\/\/graphimarket.com\/wp-content\/uploads\/2020\/09\/ccc00697-056e-46dd-8314-c32e8f6858b9.jpg","datePublished":"2020-09-12T09:54:41+00:00","dateModified":"2022-12-19T22:15:13+00:00","description":"Sloppy Press INC. contains 33 typographic layer styles for Adobe Photoshop, textures, brushes and actions to make hand-printed typography...","breadcrumb":{"@id":"https:\/\/graphimarket.com\/product\/sloppy-press-inc\/#breadcrumb"},"inLanguage":"fr-FR","potentialAction":[{"@type":"ReadAction","target":["https:\/\/graphimarket.com\/product\/sloppy-press-inc\/"]}]},{"@type":"ImageObject","inLanguage":"fr-FR","@id":"https:\/\/graphimarket.com\/product\/sloppy-press-inc\/#primaryimage","url":"https:\/\/graphimarket.com\/wp-content\/uploads\/2020\/09\/ccc00697-056e-46dd-8314-c32e8f6858b9.jpg","contentUrl":"https:\/\/graphimarket.com\/wp-content\/uploads\/2020\/09\/ccc00697-056e-46dd-8314-c32e8f6858b9.jpg","width":866,"height":577},{"@type":"BreadcrumbList","@id":"https:\/\/graphimarket.com\/product\/sloppy-press-inc\/#breadcrumb","itemListElement":[{"@type":"ListItem","position":1,"name":"Home","item":"https:\/\/graphimarket.com\/es\/"},{"@type":"ListItem","position":2,"name":"Store","item":"https:\/\/graphimarket.com\/store\/"},{"@type":"ListItem","position":3,"name":"Sloppy Press Inc."}]},{"@type":"WebSite","@id":"https:\/\/graphimarket.com\/fr\/#website","url":"https:\/\/graphimarket.com\/fr\/","name":"Graphimarket","description":"Trouvez l&#039;atout cr\u00e9atif parfait pour donner vie \u00e0 votre projet","publisher":{"@id":"https:\/\/graphimarket.com\/fr\/#organization"},"potentialAction":[{"@type":"SearchAction","target":{"@type":"EntryPoint","urlTemplate":"https:\/\/graphimarket.com\/fr\/?s={search_term_string}"},"query-input":{"@type":"PropertyValueSpecification","valueRequired":true,"valueName":"search_term_string"}}],"inLanguage":"fr-FR"},{"@type":"Organization","@id":"https:\/\/graphimarket.com\/fr\/#organization","name":"Graphimarket","url":"https:\/\/graphimarket.com\/fr\/","logo":{"@type":"ImageObject","inLanguage":"fr-FR","@id":"https:\/\/graphimarket.com\/fr\/#\/schema\/logo\/image\/","url":"https:\/\/graphimarket.com\/wp-content\/uploads\/2020\/08\/logo-48.png","contentUrl":"https:\/\/graphimarket.com\/wp-content\/uploads\/2020\/08\/logo-48.png","width":132,"height":48,"caption":"Graphimarket"},"image":{"@id":"https:\/\/graphimarket.com\/fr\/#\/schema\/logo\/image\/"}}]}},"_links":{"self":[{"href":"https:\/\/graphimarket.com\/fr\/wp-json\/wp\/v2\/product\/8510","targetHints":{"allow":["GET"]}}],"collection":[{"href":"https:\/\/graphimarket.com\/fr\/wp-json\/wp\/v2\/product"}],"about":[{"href":"https:\/\/graphimarket.com\/fr\/wp-json\/wp\/v2\/types\/product"}],"replies":[{"embeddable":true,"href":"https:\/\/graphimarket.com\/fr\/wp-json\/wp\/v2\/comments?post=8510"}],"version-history":[{"count":0,"href":"https:\/\/graphimarket.com\/fr\/wp-json\/wp\/v2\/product\/8510\/revisions"}],"wp:featuredmedia":[{"embeddable":true,"href":"https:\/\/graphimarket.com\/fr\/wp-json\/wp\/v2\/media\/8516"}],"wp:attachment":[{"href":"https:\/\/graphimarket.com\/fr\/wp-json\/wp\/v2\/media?parent=8510"}],"wp:term":[{"taxonomy":"product_brand","embeddable":true,"href":"https:\/\/graphimarket.com\/fr\/wp-json\/wp\/v2\/product_brand?post=8510"},{"taxonomy":"product_cat","embeddable":true,"href":"https:\/\/graphimarket.com\/fr\/wp-json\/wp\/v2\/product_cat?post=8510"},{"taxonomy":"product_tag","embeddable":true,"href":"https:\/\/graphimarket.com\/fr\/wp-json\/wp\/v2\/product_tag?post=8510"}],"curies":[{"name":"wp","href":"https:\/\/api.w.org\/{rel}","templated":true}]}}