{"id":8531,"date":"2020-09-12T12:15:56","date_gmt":"2020-09-12T10:15:56","guid":{"rendered":"https:\/\/graphimarket.com\/?post_type=product&#038;p=8531"},"modified":"2022-12-19T23:14:49","modified_gmt":"2022-12-19T22:14:49","slug":"game-logo-text-styles","status":"publish","type":"product","link":"https:\/\/graphimarket.com\/fr\/product\/game-logo-text-styles\/","title":{"rendered":"Styles de texte du logo du jeu"},"content":{"rendered":"<div class=\"_2Masz2rr\">\n<p><strong>Styles de texte du logo du jeu<\/strong><\/p>\n<p>Les styles sont la collection parfaite pour cr\u00e9er des logos, des titres, des illustrations, des d\u00e9corations, des affiches, des d\u00e9pliants, des typographies ou des banni\u00e8res de sites Web, etc.<\/p>\n<p><strong>Fonctionnalit\u00e9s<\/strong><\/p>\n<ul>\n<li>12 styles diff\u00e9rents<\/li>\n<li>Tous les arri\u00e8re-plans vectoriels sont inclus<\/li>\n<li>100% Vecteur\/Modifiable<\/li>\n<li>Des polices gratuites ont \u00e9t\u00e9 utilis\u00e9es des liens dans le fichier d&#039;aide<\/li>\n<\/ul>\n<p>Si vous aimez ce style et que vous avez un moment pour le noter, je vous en serai tr\u00e8s reconnaissant !<\/p>\n<\/div>\n<div class=\"_3KAa4-GZ frEFeDSS\"><\/div>\n<div><img fetchpriority=\"high\" decoding=\"async\" class=\"aligncenter wp-image-8532 size-full\" src=\"https:\/\/graphimarket.com\/wp-content\/uploads\/2020\/09\/1a532354-5c09-4339-8747-0d6d194feb56.jpg\" alt=\"\" width=\"900\" height=\"600\" srcset=\"https:\/\/graphimarket.com\/wp-content\/uploads\/2020\/09\/1a532354-5c09-4339-8747-0d6d194feb56.jpg 900w, https:\/\/graphimarket.com\/wp-content\/uploads\/2020\/09\/1a532354-5c09-4339-8747-0d6d194feb56-600x400.jpg 600w, https:\/\/graphimarket.com\/wp-content\/uploads\/2020\/09\/1a532354-5c09-4339-8747-0d6d194feb56-300x200.jpg 300w, https:\/\/graphimarket.com\/wp-content\/uploads\/2020\/09\/1a532354-5c09-4339-8747-0d6d194feb56-768x512.jpg 768w\" sizes=\"(max-width: 900px) 100vw, 900px\" \/> <img decoding=\"async\" class=\"aligncenter wp-image-8533 size-full\" src=\"https:\/\/graphimarket.com\/wp-content\/uploads\/2020\/09\/3f5010ec-50ca-43a3-9c04-319fe264bf7b.jpg\" alt=\"\" width=\"900\" height=\"838\" srcset=\"https:\/\/graphimarket.com\/wp-content\/uploads\/2020\/09\/3f5010ec-50ca-43a3-9c04-319fe264bf7b.jpg 900w, https:\/\/graphimarket.com\/wp-content\/uploads\/2020\/09\/3f5010ec-50ca-43a3-9c04-319fe264bf7b-600x559.jpg 600w, https:\/\/graphimarket.com\/wp-content\/uploads\/2020\/09\/3f5010ec-50ca-43a3-9c04-319fe264bf7b-300x279.jpg 300w, https:\/\/graphimarket.com\/wp-content\/uploads\/2020\/09\/3f5010ec-50ca-43a3-9c04-319fe264bf7b-768x715.jpg 768w\" sizes=\"(max-width: 900px) 100vw, 900px\" \/> <img decoding=\"async\" class=\"aligncenter wp-image-8534 size-full\" src=\"https:\/\/graphimarket.com\/wp-content\/uploads\/2020\/09\/049f7aeb-2b1d-4459-83e8-265b4b67537a.jpg\" alt=\"\" width=\"900\" height=\"600\" srcset=\"https:\/\/graphimarket.com\/wp-content\/uploads\/2020\/09\/049f7aeb-2b1d-4459-83e8-265b4b67537a.jpg 900w, https:\/\/graphimarket.com\/wp-content\/uploads\/2020\/09\/049f7aeb-2b1d-4459-83e8-265b4b67537a-600x400.jpg 600w, https:\/\/graphimarket.com\/wp-content\/uploads\/2020\/09\/049f7aeb-2b1d-4459-83e8-265b4b67537a-300x200.jpg 300w, https:\/\/graphimarket.com\/wp-content\/uploads\/2020\/09\/049f7aeb-2b1d-4459-83e8-265b4b67537a-768x512.jpg 768w\" sizes=\"(max-width: 900px) 100vw, 900px\" \/> <img loading=\"lazy\" decoding=\"async\" class=\"aligncenter wp-image-8535 size-full\" src=\"https:\/\/graphimarket.com\/wp-content\/uploads\/2020\/09\/25930c92-7fe8-4710-8cae-e3a7d7b48290.jpg\" alt=\"\" width=\"900\" height=\"600\" srcset=\"https:\/\/graphimarket.com\/wp-content\/uploads\/2020\/09\/25930c92-7fe8-4710-8cae-e3a7d7b48290.jpg 900w, https:\/\/graphimarket.com\/wp-content\/uploads\/2020\/09\/25930c92-7fe8-4710-8cae-e3a7d7b48290-600x400.jpg 600w, https:\/\/graphimarket.com\/wp-content\/uploads\/2020\/09\/25930c92-7fe8-4710-8cae-e3a7d7b48290-300x200.jpg 300w, https:\/\/graphimarket.com\/wp-content\/uploads\/2020\/09\/25930c92-7fe8-4710-8cae-e3a7d7b48290-768x512.jpg 768w\" sizes=\"(max-width: 900px) 100vw, 900px\" \/> <img loading=\"lazy\" decoding=\"async\" class=\"aligncenter wp-image-8536 size-full\" src=\"https:\/\/graphimarket.com\/wp-content\/uploads\/2020\/09\/ade45526-cd30-48ea-a562-9236272be6c7.jpg\" alt=\"\" width=\"900\" height=\"600\" srcset=\"https:\/\/graphimarket.com\/wp-content\/uploads\/2020\/09\/ade45526-cd30-48ea-a562-9236272be6c7.jpg 900w, https:\/\/graphimarket.com\/wp-content\/uploads\/2020\/09\/ade45526-cd30-48ea-a562-9236272be6c7-600x400.jpg 600w, https:\/\/graphimarket.com\/wp-content\/uploads\/2020\/09\/ade45526-cd30-48ea-a562-9236272be6c7-300x200.jpg 300w, https:\/\/graphimarket.com\/wp-content\/uploads\/2020\/09\/ade45526-cd30-48ea-a562-9236272be6c7-768x512.jpg 768w\" sizes=\"(max-width: 900px) 100vw, 900px\" \/> <img loading=\"lazy\" decoding=\"async\" class=\"aligncenter wp-image-8537 size-full\" src=\"https:\/\/graphimarket.com\/wp-content\/uploads\/2020\/09\/c82dbf5e-8191-4c77-af1e-562b2f7a80b6.jpg\" alt=\"\" width=\"900\" height=\"600\" srcset=\"https:\/\/graphimarket.com\/wp-content\/uploads\/2020\/09\/c82dbf5e-8191-4c77-af1e-562b2f7a80b6.jpg 900w, https:\/\/graphimarket.com\/wp-content\/uploads\/2020\/09\/c82dbf5e-8191-4c77-af1e-562b2f7a80b6-600x400.jpg 600w, https:\/\/graphimarket.com\/wp-content\/uploads\/2020\/09\/c82dbf5e-8191-4c77-af1e-562b2f7a80b6-300x200.jpg 300w, https:\/\/graphimarket.com\/wp-content\/uploads\/2020\/09\/c82dbf5e-8191-4c77-af1e-562b2f7a80b6-768x512.jpg 768w\" sizes=\"(max-width: 900px) 100vw, 900px\" \/> <img loading=\"lazy\" decoding=\"async\" class=\"aligncenter wp-image-8538 size-full\" src=\"https:\/\/graphimarket.com\/wp-content\/uploads\/2020\/09\/e5d9f893-8a45-414b-902c-79c513e0e1b9.jpg\" alt=\"\" width=\"900\" height=\"600\" srcset=\"https:\/\/graphimarket.com\/wp-content\/uploads\/2020\/09\/e5d9f893-8a45-414b-902c-79c513e0e1b9.jpg 900w, https:\/\/graphimarket.com\/wp-content\/uploads\/2020\/09\/e5d9f893-8a45-414b-902c-79c513e0e1b9-600x400.jpg 600w, https:\/\/graphimarket.com\/wp-content\/uploads\/2020\/09\/e5d9f893-8a45-414b-902c-79c513e0e1b9-300x200.jpg 300w, https:\/\/graphimarket.com\/wp-content\/uploads\/2020\/09\/e5d9f893-8a45-414b-902c-79c513e0e1b9-768x512.jpg 768w\" sizes=\"(max-width: 900px) 100vw, 900px\" \/> <img loading=\"lazy\" decoding=\"async\" class=\"aligncenter wp-image-8539 size-full\" src=\"https:\/\/graphimarket.com\/wp-content\/uploads\/2020\/09\/e5ec946d-42fe-43f0-96b1-abfee4716af2.jpg\" alt=\"\" width=\"900\" height=\"600\" srcset=\"https:\/\/graphimarket.com\/wp-content\/uploads\/2020\/09\/e5ec946d-42fe-43f0-96b1-abfee4716af2.jpg 900w, https:\/\/graphimarket.com\/wp-content\/uploads\/2020\/09\/e5ec946d-42fe-43f0-96b1-abfee4716af2-600x400.jpg 600w, https:\/\/graphimarket.com\/wp-content\/uploads\/2020\/09\/e5ec946d-42fe-43f0-96b1-abfee4716af2-300x200.jpg 300w, https:\/\/graphimarket.com\/wp-content\/uploads\/2020\/09\/e5ec946d-42fe-43f0-96b1-abfee4716af2-768x512.jpg 768w\" sizes=\"(max-width: 900px) 100vw, 900px\" \/> <img loading=\"lazy\" decoding=\"async\" class=\"aligncenter wp-image-8540 size-full\" src=\"https:\/\/graphimarket.com\/wp-content\/uploads\/2020\/09\/e364a3ad-86f0-4b05-a533-16465b995f0f.jpg\" alt=\"\" width=\"900\" height=\"600\" srcset=\"https:\/\/graphimarket.com\/wp-content\/uploads\/2020\/09\/e364a3ad-86f0-4b05-a533-16465b995f0f.jpg 900w, https:\/\/graphimarket.com\/wp-content\/uploads\/2020\/09\/e364a3ad-86f0-4b05-a533-16465b995f0f-600x400.jpg 600w, https:\/\/graphimarket.com\/wp-content\/uploads\/2020\/09\/e364a3ad-86f0-4b05-a533-16465b995f0f-300x200.jpg 300w, https:\/\/graphimarket.com\/wp-content\/uploads\/2020\/09\/e364a3ad-86f0-4b05-a533-16465b995f0f-768x512.jpg 768w\" sizes=\"(max-width: 900px) 100vw, 900px\" \/> <img loading=\"lazy\" decoding=\"async\" class=\"aligncenter wp-image-8541 size-full\" src=\"https:\/\/graphimarket.com\/wp-content\/uploads\/2020\/09\/0ebc4608-6d88-4dff-bd06-b39e45cee4e4.jpg\" alt=\"\" width=\"900\" height=\"600\" srcset=\"https:\/\/graphimarket.com\/wp-content\/uploads\/2020\/09\/0ebc4608-6d88-4dff-bd06-b39e45cee4e4.jpg 900w, https:\/\/graphimarket.com\/wp-content\/uploads\/2020\/09\/0ebc4608-6d88-4dff-bd06-b39e45cee4e4-600x400.jpg 600w, https:\/\/graphimarket.com\/wp-content\/uploads\/2020\/09\/0ebc4608-6d88-4dff-bd06-b39e45cee4e4-300x200.jpg 300w, https:\/\/graphimarket.com\/wp-content\/uploads\/2020\/09\/0ebc4608-6d88-4dff-bd06-b39e45cee4e4-768x512.jpg 768w\" sizes=\"(max-width: 900px) 100vw, 900px\" \/><\/div>","protected":false},"excerpt":{"rendered":"<p>Game Logo Text Styles The styles is the perfect collection for create logos, titles, illustrations, decoration, poster, flyer, typography or website banner etc. Features 12 Different Styles All vector background are included 100% Vector\/Editable Free fonts were used links in help file If you like this styles and have a moment to rate it, I\u2019ll [&hellip;]<\/p>\n","protected":false},"featured_media":8542,"comment_status":"open","ping_status":"closed","template":"","meta":{"site-sidebar-layout":"default","site-content-layout":"default","ast-site-content-layout":"default","site-content-style":"default","site-sidebar-style":"default","ast-global-header-display":"","ast-banner-title-visibility":"","ast-main-header-display":"","ast-hfb-above-header-display":"","ast-hfb-below-header-display":"","ast-hfb-mobile-header-display":"","site-post-title":"","ast-breadcrumbs-content":"","ast-featured-img":"","footer-sml-layout":"","ast-disable-related-posts":"","theme-transparent-header-meta":"default","adv-header-id-meta":"","stick-header-meta":"","header-above-stick-meta":"","header-main-stick-meta":"","header-below-stick-meta":"","astra-migrate-meta-layouts":"default","ast-page-background-enabled":"default","ast-page-background-meta":{"desktop":{"background-color":"","background-image":"","background-repeat":"repeat","background-position":"center center","background-size":"auto","background-attachment":"scroll","background-type":"","background-media":"","overlay-type":"","overlay-color":"","overlay-opacity":"","overlay-gradient":""},"tablet":{"background-color":"","background-image":"","background-repeat":"repeat","background-position":"center center","background-size":"auto","background-attachment":"scroll","background-type":"","background-media":"","overlay-type":"","overlay-color":"","overlay-opacity":"","overlay-gradient":""},"mobile":{"background-color":"","background-image":"","background-repeat":"repeat","background-position":"center center","background-size":"auto","background-attachment":"scroll","background-type":"","background-media":"","overlay-type":"","overlay-color":"","overlay-opacity":"","overlay-gradient":""}},"ast-content-background-meta":{"desktop":{"background-color":"var(--ast-global-color-5)","background-image":"","background-repeat":"repeat","background-position":"center center","background-size":"auto","background-attachment":"scroll","background-type":"","background-media":"","overlay-type":"","overlay-color":"","overlay-opacity":"","overlay-gradient":""},"tablet":{"background-color":"var(--ast-global-color-5)","background-image":"","background-repeat":"repeat","background-position":"center center","background-size":"auto","background-attachment":"scroll","background-type":"","background-media":"","overlay-type":"","overlay-color":"","overlay-opacity":"","overlay-gradient":""},"mobile":{"background-color":"var(--ast-global-color-5)","background-image":"","background-repeat":"repeat","background-position":"center center","background-size":"auto","background-attachment":"scroll","background-type":"","background-media":"","overlay-type":"","overlay-color":"","overlay-opacity":"","overlay-gradient":""}}},"product_brand":[],"product_cat":[195,169],"product_tag":[],"class_list":{"0":"post-8531","1":"product","2":"type-product","3":"status-publish","4":"has-post-thumbnail","6":"product_cat-photoshop","7":"product_cat-text-effects","8":"desktop-align-left","9":"tablet-align-left","10":"mobile-align-left","12":"first","13":"instock","14":"downloadable","15":"virtual","16":"taxable","17":"purchasable","18":"product-type-simple"},"yoast_head":"<!-- This site is optimized with the Yoast SEO plugin v27.3 - https:\/\/yoast.com\/product\/yoast-seo-wordpress\/ -->\n<title>Game Logo Text Styles - Graphimarket<\/title>\n<meta name=\"robots\" content=\"index, follow, max-snippet:-1, max-image-preview:large, max-video-preview:-1\" \/>\n<link rel=\"canonical\" href=\"https:\/\/graphimarket.com\/fr\/product\/game-logo-text-styles\/\" \/>\n<meta property=\"og:locale\" content=\"fr_FR\" \/>\n<meta property=\"og:type\" content=\"article\" \/>\n<meta property=\"og:title\" content=\"Game Logo Text Styles - Graphimarket\" \/>\n<meta property=\"og:description\" content=\"Game Logo Text Styles The styles is the perfect collection for create logos, titles, illustrations, decoration, poster, flyer, typography or website banner etc. Features 12 Different Styles All vector background are included 100% Vector\/Editable Free fonts were used links in help file If you like this styles and have a moment to rate it, I\u2019ll [&hellip;]\" \/>\n<meta property=\"og:url\" content=\"https:\/\/graphimarket.com\/fr\/product\/game-logo-text-styles\/\" \/>\n<meta property=\"og:site_name\" content=\"Graphimarket\" \/>\n<meta property=\"article:modified_time\" content=\"2022-12-19T22:14:49+00:00\" \/>\n<meta property=\"og:image\" content=\"https:\/\/graphimarket.com\/wp-content\/uploads\/2020\/09\/362f754d-28a5-4d8c-9ce8-7a356dbcc3d7.jpg\" \/>\n\t<meta property=\"og:image:width\" content=\"866\" \/>\n\t<meta property=\"og:image:height\" content=\"577\" \/>\n\t<meta property=\"og:image:type\" content=\"image\/jpeg\" \/>\n<meta name=\"twitter:card\" content=\"summary_large_image\" \/>\n<script type=\"application\/ld+json\" class=\"yoast-schema-graph\">{\"@context\":\"https:\\\/\\\/schema.org\",\"@graph\":[{\"@type\":\"WebPage\",\"@id\":\"https:\\\/\\\/graphimarket.com\\\/product\\\/game-logo-text-styles\\\/\",\"url\":\"https:\\\/\\\/graphimarket.com\\\/product\\\/game-logo-text-styles\\\/\",\"name\":\"Game Logo Text Styles - Graphimarket\",\"isPartOf\":{\"@id\":\"https:\\\/\\\/graphimarket.com\\\/fr\\\/#website\"},\"primaryImageOfPage\":{\"@id\":\"https:\\\/\\\/graphimarket.com\\\/product\\\/game-logo-text-styles\\\/#primaryimage\"},\"image\":{\"@id\":\"https:\\\/\\\/graphimarket.com\\\/product\\\/game-logo-text-styles\\\/#primaryimage\"},\"thumbnailUrl\":\"https:\\\/\\\/graphimarket.com\\\/wp-content\\\/uploads\\\/2020\\\/09\\\/362f754d-28a5-4d8c-9ce8-7a356dbcc3d7.jpg\",\"datePublished\":\"2020-09-12T10:15:56+00:00\",\"dateModified\":\"2022-12-19T22:14:49+00:00\",\"breadcrumb\":{\"@id\":\"https:\\\/\\\/graphimarket.com\\\/product\\\/game-logo-text-styles\\\/#breadcrumb\"},\"inLanguage\":\"fr-FR\",\"potentialAction\":[{\"@type\":\"ReadAction\",\"target\":[\"https:\\\/\\\/graphimarket.com\\\/product\\\/game-logo-text-styles\\\/\"]}]},{\"@type\":\"ImageObject\",\"inLanguage\":\"fr-FR\",\"@id\":\"https:\\\/\\\/graphimarket.com\\\/product\\\/game-logo-text-styles\\\/#primaryimage\",\"url\":\"https:\\\/\\\/graphimarket.com\\\/wp-content\\\/uploads\\\/2020\\\/09\\\/362f754d-28a5-4d8c-9ce8-7a356dbcc3d7.jpg\",\"contentUrl\":\"https:\\\/\\\/graphimarket.com\\\/wp-content\\\/uploads\\\/2020\\\/09\\\/362f754d-28a5-4d8c-9ce8-7a356dbcc3d7.jpg\",\"width\":866,\"height\":577},{\"@type\":\"BreadcrumbList\",\"@id\":\"https:\\\/\\\/graphimarket.com\\\/product\\\/game-logo-text-styles\\\/#breadcrumb\",\"itemListElement\":[{\"@type\":\"ListItem\",\"position\":1,\"name\":\"Home\",\"item\":\"https:\\\/\\\/graphimarket.com\\\/es\\\/\"},{\"@type\":\"ListItem\",\"position\":2,\"name\":\"Store\",\"item\":\"https:\\\/\\\/graphimarket.com\\\/store\\\/\"},{\"@type\":\"ListItem\",\"position\":3,\"name\":\"Game Logo Text Styles\"}]},{\"@type\":\"WebSite\",\"@id\":\"https:\\\/\\\/graphimarket.com\\\/fr\\\/#website\",\"url\":\"https:\\\/\\\/graphimarket.com\\\/fr\\\/\",\"name\":\"Graphimarket\",\"description\":\"Find the perfect creative asset to bring your project to life\",\"publisher\":{\"@id\":\"https:\\\/\\\/graphimarket.com\\\/fr\\\/#organization\"},\"potentialAction\":[{\"@type\":\"SearchAction\",\"target\":{\"@type\":\"EntryPoint\",\"urlTemplate\":\"https:\\\/\\\/graphimarket.com\\\/fr\\\/?s={search_term_string}\"},\"query-input\":{\"@type\":\"PropertyValueSpecification\",\"valueRequired\":true,\"valueName\":\"search_term_string\"}}],\"inLanguage\":\"fr-FR\"},{\"@type\":\"Organization\",\"@id\":\"https:\\\/\\\/graphimarket.com\\\/fr\\\/#organization\",\"name\":\"Graphimarket\",\"url\":\"https:\\\/\\\/graphimarket.com\\\/fr\\\/\",\"logo\":{\"@type\":\"ImageObject\",\"inLanguage\":\"fr-FR\",\"@id\":\"https:\\\/\\\/graphimarket.com\\\/fr\\\/#\\\/schema\\\/logo\\\/image\\\/\",\"url\":\"https:\\\/\\\/graphimarket.com\\\/wp-content\\\/uploads\\\/2020\\\/08\\\/logo-48.png\",\"contentUrl\":\"https:\\\/\\\/graphimarket.com\\\/wp-content\\\/uploads\\\/2020\\\/08\\\/logo-48.png\",\"width\":132,\"height\":48,\"caption\":\"Graphimarket\"},\"image\":{\"@id\":\"https:\\\/\\\/graphimarket.com\\\/fr\\\/#\\\/schema\\\/logo\\\/image\\\/\"}}]}<\/script>\n<!-- \/ Yoast SEO plugin. -->","yoast_head_json":{"title":"Game Logo Text Styles - Graphimarket","robots":{"index":"index","follow":"follow","max-snippet":"max-snippet:-1","max-image-preview":"max-image-preview:large","max-video-preview":"max-video-preview:-1"},"canonical":"https:\/\/graphimarket.com\/fr\/product\/game-logo-text-styles\/","og_locale":"fr_FR","og_type":"article","og_title":"Game Logo Text Styles - Graphimarket","og_description":"Game Logo Text Styles The styles is the perfect collection for create logos, titles, illustrations, decoration, poster, flyer, typography or website banner etc. Features 12 Different Styles All vector background are included 100% Vector\/Editable Free fonts were used links in help file If you like this styles and have a moment to rate it, I\u2019ll [&hellip;]","og_url":"https:\/\/graphimarket.com\/fr\/product\/game-logo-text-styles\/","og_site_name":"Graphimarket","article_modified_time":"2022-12-19T22:14:49+00:00","og_image":[{"width":866,"height":577,"url":"https:\/\/graphimarket.com\/wp-content\/uploads\/2020\/09\/362f754d-28a5-4d8c-9ce8-7a356dbcc3d7.jpg","type":"image\/jpeg"}],"twitter_card":"summary_large_image","schema":{"@context":"https:\/\/schema.org","@graph":[{"@type":"WebPage","@id":"https:\/\/graphimarket.com\/product\/game-logo-text-styles\/","url":"https:\/\/graphimarket.com\/product\/game-logo-text-styles\/","name":"Game Logo Text Styles - Graphimarket","isPartOf":{"@id":"https:\/\/graphimarket.com\/fr\/#website"},"primaryImageOfPage":{"@id":"https:\/\/graphimarket.com\/product\/game-logo-text-styles\/#primaryimage"},"image":{"@id":"https:\/\/graphimarket.com\/product\/game-logo-text-styles\/#primaryimage"},"thumbnailUrl":"https:\/\/graphimarket.com\/wp-content\/uploads\/2020\/09\/362f754d-28a5-4d8c-9ce8-7a356dbcc3d7.jpg","datePublished":"2020-09-12T10:15:56+00:00","dateModified":"2022-12-19T22:14:49+00:00","breadcrumb":{"@id":"https:\/\/graphimarket.com\/product\/game-logo-text-styles\/#breadcrumb"},"inLanguage":"fr-FR","potentialAction":[{"@type":"ReadAction","target":["https:\/\/graphimarket.com\/product\/game-logo-text-styles\/"]}]},{"@type":"ImageObject","inLanguage":"fr-FR","@id":"https:\/\/graphimarket.com\/product\/game-logo-text-styles\/#primaryimage","url":"https:\/\/graphimarket.com\/wp-content\/uploads\/2020\/09\/362f754d-28a5-4d8c-9ce8-7a356dbcc3d7.jpg","contentUrl":"https:\/\/graphimarket.com\/wp-content\/uploads\/2020\/09\/362f754d-28a5-4d8c-9ce8-7a356dbcc3d7.jpg","width":866,"height":577},{"@type":"BreadcrumbList","@id":"https:\/\/graphimarket.com\/product\/game-logo-text-styles\/#breadcrumb","itemListElement":[{"@type":"ListItem","position":1,"name":"Home","item":"https:\/\/graphimarket.com\/es\/"},{"@type":"ListItem","position":2,"name":"Store","item":"https:\/\/graphimarket.com\/store\/"},{"@type":"ListItem","position":3,"name":"Game Logo Text Styles"}]},{"@type":"WebSite","@id":"https:\/\/graphimarket.com\/fr\/#website","url":"https:\/\/graphimarket.com\/fr\/","name":"Graphimarket","description":"Trouvez l&#039;atout cr\u00e9atif parfait pour donner vie \u00e0 votre projet","publisher":{"@id":"https:\/\/graphimarket.com\/fr\/#organization"},"potentialAction":[{"@type":"SearchAction","target":{"@type":"EntryPoint","urlTemplate":"https:\/\/graphimarket.com\/fr\/?s={search_term_string}"},"query-input":{"@type":"PropertyValueSpecification","valueRequired":true,"valueName":"search_term_string"}}],"inLanguage":"fr-FR"},{"@type":"Organization","@id":"https:\/\/graphimarket.com\/fr\/#organization","name":"Graphimarket","url":"https:\/\/graphimarket.com\/fr\/","logo":{"@type":"ImageObject","inLanguage":"fr-FR","@id":"https:\/\/graphimarket.com\/fr\/#\/schema\/logo\/image\/","url":"https:\/\/graphimarket.com\/wp-content\/uploads\/2020\/08\/logo-48.png","contentUrl":"https:\/\/graphimarket.com\/wp-content\/uploads\/2020\/08\/logo-48.png","width":132,"height":48,"caption":"Graphimarket"},"image":{"@id":"https:\/\/graphimarket.com\/fr\/#\/schema\/logo\/image\/"}}]}},"_links":{"self":[{"href":"https:\/\/graphimarket.com\/fr\/wp-json\/wp\/v2\/product\/8531","targetHints":{"allow":["GET"]}}],"collection":[{"href":"https:\/\/graphimarket.com\/fr\/wp-json\/wp\/v2\/product"}],"about":[{"href":"https:\/\/graphimarket.com\/fr\/wp-json\/wp\/v2\/types\/product"}],"replies":[{"embeddable":true,"href":"https:\/\/graphimarket.com\/fr\/wp-json\/wp\/v2\/comments?post=8531"}],"version-history":[{"count":0,"href":"https:\/\/graphimarket.com\/fr\/wp-json\/wp\/v2\/product\/8531\/revisions"}],"wp:featuredmedia":[{"embeddable":true,"href":"https:\/\/graphimarket.com\/fr\/wp-json\/wp\/v2\/media\/8542"}],"wp:attachment":[{"href":"https:\/\/graphimarket.com\/fr\/wp-json\/wp\/v2\/media?parent=8531"}],"wp:term":[{"taxonomy":"product_brand","embeddable":true,"href":"https:\/\/graphimarket.com\/fr\/wp-json\/wp\/v2\/product_brand?post=8531"},{"taxonomy":"product_cat","embeddable":true,"href":"https:\/\/graphimarket.com\/fr\/wp-json\/wp\/v2\/product_cat?post=8531"},{"taxonomy":"product_tag","embeddable":true,"href":"https:\/\/graphimarket.com\/fr\/wp-json\/wp\/v2\/product_tag?post=8531"}],"curies":[{"name":"wp","href":"https:\/\/api.w.org\/{rel}","templated":true}]}}