{"id":8544,"date":"2020-09-12T12:21:12","date_gmt":"2020-09-12T10:21:12","guid":{"rendered":"https:\/\/graphimarket.com\/?post_type=product&#038;p=8544"},"modified":"2022-12-19T23:14:39","modified_gmt":"2022-12-19T22:14:39","slug":"smoke-effect","status":"publish","type":"product","link":"https:\/\/graphimarket.com\/fr\/product\/smoke-effect\/","title":{"rendered":"Effet de fum\u00e9e"},"content":{"rendered":"<div class=\"_2Masz2rr\">\n<p>Bo\u00eete \u00e0 outils sur l&#039;effet de la fum\u00e9e<\/p>\n<p><strong>Ce projet vous donne une option pour cr\u00e9er des effets vraiment spectaculaires super faciles et rapides.<\/strong><\/p>\n<ul>\n<li>Project est un fichier PSD unique (vous n&#039;avez pas besoin d&#039;importer d&#039;action, de motif, etc.) o\u00f9 se trouvent tous les objets intelligents avec des \u00e9l\u00e9ments de fum\u00e9e pr\u00eats,<\/li>\n<li>il y a\u00a0<strong>11 effets de fum\u00e9e diff\u00e9rents inclus<\/strong>. Vous pouvez choisir celui qui correspond \u00e0 vos besoins - tous les calques sont des objets mobiles afin que vous puissiez facilement faire pivoter, zoomer, copier ou changer la couleur de la fum\u00e9e,<\/li>\n<li>il y a aussi un tutoriel inclus qui vous aidera \u00e0 le faire de mani\u00e8re super rapide et aussi une alternative avec des fonctionnalit\u00e9s plus avanc\u00e9es,<\/li>\n<li>Project vous donne la possibilit\u00e9 d&#039;exporter votre image pr\u00eate au format JPG, PNG en quelques \u00e9tapes rapides.\u00a0<strong>2 fichiers PSD inclus - L&#039;aper\u00e7u avec le signe \u00abSMOKE\u00bb est inclus afin que vous puissiez commencer rapidement avec votre propre texte.<\/strong><\/li>\n<\/ul>\n<\/div>\n<div class=\"_3KAa4-GZ frEFeDSS\"><\/div>\n<div><img fetchpriority=\"high\" decoding=\"async\" class=\"aligncenter wp-image-8545 size-full\" src=\"https:\/\/graphimarket.com\/wp-content\/uploads\/2020\/09\/a8f518bf-eaf8-4da3-8fab-62c61cb83f31.jpg\" alt=\"\" width=\"900\" height=\"599\" srcset=\"https:\/\/graphimarket.com\/wp-content\/uploads\/2020\/09\/a8f518bf-eaf8-4da3-8fab-62c61cb83f31.jpg 900w, https:\/\/graphimarket.com\/wp-content\/uploads\/2020\/09\/a8f518bf-eaf8-4da3-8fab-62c61cb83f31-600x399.jpg 600w, https:\/\/graphimarket.com\/wp-content\/uploads\/2020\/09\/a8f518bf-eaf8-4da3-8fab-62c61cb83f31-300x200.jpg 300w, https:\/\/graphimarket.com\/wp-content\/uploads\/2020\/09\/a8f518bf-eaf8-4da3-8fab-62c61cb83f31-768x511.jpg 768w\" sizes=\"(max-width: 900px) 100vw, 900px\" \/> <img decoding=\"async\" class=\"aligncenter wp-image-8546 size-full\" src=\"https:\/\/graphimarket.com\/wp-content\/uploads\/2020\/09\/da7ca24b-9439-4e38-ab08-d7a29eb62932.jpg\" alt=\"\" width=\"900\" height=\"599\" srcset=\"https:\/\/graphimarket.com\/wp-content\/uploads\/2020\/09\/da7ca24b-9439-4e38-ab08-d7a29eb62932.jpg 900w, https:\/\/graphimarket.com\/wp-content\/uploads\/2020\/09\/da7ca24b-9439-4e38-ab08-d7a29eb62932-600x399.jpg 600w, https:\/\/graphimarket.com\/wp-content\/uploads\/2020\/09\/da7ca24b-9439-4e38-ab08-d7a29eb62932-300x200.jpg 300w, https:\/\/graphimarket.com\/wp-content\/uploads\/2020\/09\/da7ca24b-9439-4e38-ab08-d7a29eb62932-768x511.jpg 768w\" sizes=\"(max-width: 900px) 100vw, 900px\" \/> <img decoding=\"async\" class=\"aligncenter wp-image-8547 size-full\" src=\"https:\/\/graphimarket.com\/wp-content\/uploads\/2020\/09\/eb629e72-c1e3-40a1-9cf6-3b7c1bf5711c.jpg\" alt=\"\" width=\"900\" height=\"599\" srcset=\"https:\/\/graphimarket.com\/wp-content\/uploads\/2020\/09\/eb629e72-c1e3-40a1-9cf6-3b7c1bf5711c.jpg 900w, https:\/\/graphimarket.com\/wp-content\/uploads\/2020\/09\/eb629e72-c1e3-40a1-9cf6-3b7c1bf5711c-600x399.jpg 600w, https:\/\/graphimarket.com\/wp-content\/uploads\/2020\/09\/eb629e72-c1e3-40a1-9cf6-3b7c1bf5711c-300x200.jpg 300w, https:\/\/graphimarket.com\/wp-content\/uploads\/2020\/09\/eb629e72-c1e3-40a1-9cf6-3b7c1bf5711c-768x511.jpg 768w\" sizes=\"(max-width: 900px) 100vw, 900px\" \/> <img loading=\"lazy\" decoding=\"async\" class=\"aligncenter wp-image-8548 size-full\" src=\"https:\/\/graphimarket.com\/wp-content\/uploads\/2020\/09\/587853f7-3570-4164-9d41-e469cbd49d17.jpg\" alt=\"\" width=\"900\" height=\"600\" srcset=\"https:\/\/graphimarket.com\/wp-content\/uploads\/2020\/09\/587853f7-3570-4164-9d41-e469cbd49d17.jpg 900w, https:\/\/graphimarket.com\/wp-content\/uploads\/2020\/09\/587853f7-3570-4164-9d41-e469cbd49d17-600x400.jpg 600w, https:\/\/graphimarket.com\/wp-content\/uploads\/2020\/09\/587853f7-3570-4164-9d41-e469cbd49d17-300x200.jpg 300w, https:\/\/graphimarket.com\/wp-content\/uploads\/2020\/09\/587853f7-3570-4164-9d41-e469cbd49d17-768x512.jpg 768w\" sizes=\"(max-width: 900px) 100vw, 900px\" \/> <img loading=\"lazy\" decoding=\"async\" class=\"aligncenter wp-image-8549 size-full\" src=\"https:\/\/graphimarket.com\/wp-content\/uploads\/2020\/09\/810e2c75-6701-47b3-8f1d-1fc472bb77a8.jpg\" alt=\"\" width=\"900\" height=\"599\" srcset=\"https:\/\/graphimarket.com\/wp-content\/uploads\/2020\/09\/810e2c75-6701-47b3-8f1d-1fc472bb77a8.jpg 900w, https:\/\/graphimarket.com\/wp-content\/uploads\/2020\/09\/810e2c75-6701-47b3-8f1d-1fc472bb77a8-600x399.jpg 600w, https:\/\/graphimarket.com\/wp-content\/uploads\/2020\/09\/810e2c75-6701-47b3-8f1d-1fc472bb77a8-300x200.jpg 300w, https:\/\/graphimarket.com\/wp-content\/uploads\/2020\/09\/810e2c75-6701-47b3-8f1d-1fc472bb77a8-768x511.jpg 768w\" sizes=\"(max-width: 900px) 100vw, 900px\" \/><\/div>","protected":false},"excerpt":{"rendered":"<p>Smoke Effect Toolkit This project gives you an option to create supereasy and fast really spectacular effects. Project is a one PSD file (you don&#8217;t need to import any action, pattern, etc.) where are all Smart Objects with ready smoke elements, there are\u00a011 different smoke effect included. You can choose which one fit your needs [&hellip;]<\/p>\n","protected":false},"featured_media":8550,"comment_status":"open","ping_status":"closed","template":"","meta":{"site-sidebar-layout":"default","site-content-layout":"default","ast-site-content-layout":"default","site-content-style":"default","site-sidebar-style":"default","ast-global-header-display":"","ast-banner-title-visibility":"","ast-main-header-display":"","ast-hfb-above-header-display":"","ast-hfb-below-header-display":"","ast-hfb-mobile-header-display":"","site-post-title":"","ast-breadcrumbs-content":"","ast-featured-img":"","footer-sml-layout":"","ast-disable-related-posts":"","theme-transparent-header-meta":"default","adv-header-id-meta":"","stick-header-meta":"","header-above-stick-meta":"","header-main-stick-meta":"","header-below-stick-meta":"","astra-migrate-meta-layouts":"default","ast-page-background-enabled":"default","ast-page-background-meta":{"desktop":{"background-color":"","background-image":"","background-repeat":"repeat","background-position":"center center","background-size":"auto","background-attachment":"scroll","background-type":"","background-media":"","overlay-type":"","overlay-color":"","overlay-opacity":"","overlay-gradient":""},"tablet":{"background-color":"","background-image":"","background-repeat":"repeat","background-position":"center center","background-size":"auto","background-attachment":"scroll","background-type":"","background-media":"","overlay-type":"","overlay-color":"","overlay-opacity":"","overlay-gradient":""},"mobile":{"background-color":"","background-image":"","background-repeat":"repeat","background-position":"center center","background-size":"auto","background-attachment":"scroll","background-type":"","background-media":"","overlay-type":"","overlay-color":"","overlay-opacity":"","overlay-gradient":""}},"ast-content-background-meta":{"desktop":{"background-color":"var(--ast-global-color-5)","background-image":"","background-repeat":"repeat","background-position":"center center","background-size":"auto","background-attachment":"scroll","background-type":"","background-media":"","overlay-type":"","overlay-color":"","overlay-opacity":"","overlay-gradient":""},"tablet":{"background-color":"var(--ast-global-color-5)","background-image":"","background-repeat":"repeat","background-position":"center center","background-size":"auto","background-attachment":"scroll","background-type":"","background-media":"","overlay-type":"","overlay-color":"","overlay-opacity":"","overlay-gradient":""},"mobile":{"background-color":"var(--ast-global-color-5)","background-image":"","background-repeat":"repeat","background-position":"center center","background-size":"auto","background-attachment":"scroll","background-type":"","background-media":"","overlay-type":"","overlay-color":"","overlay-opacity":"","overlay-gradient":""}}},"product_brand":[],"product_cat":[140,195],"product_tag":[603,596,314,597,598,599,600,524,533,601,602,312,544,604],"class_list":{"0":"post-8544","1":"product","2":"type-product","3":"status-publish","4":"has-post-thumbnail","6":"product_cat-overlays","7":"product_cat-photoshop","8":"product_tag-4k","9":"product_tag-animate","10":"product_tag-dust","11":"product_tag-fog","12":"product_tag-fumes","13":"product_tag-myst","14":"product_tag-out","15":"product_tag-overlay","16":"product_tag-particles","17":"product_tag-rising","18":"product_tag-smog","19":"product_tag-smoke","20":"product_tag-transparent","21":"product_tag-white","22":"desktop-align-left","23":"tablet-align-left","24":"mobile-align-left","26":"first","27":"instock","28":"downloadable","29":"virtual","30":"taxable","31":"purchasable","32":"product-type-simple"},"yoast_head":"<!-- This site is optimized with the Yoast SEO plugin v27.3 - https:\/\/yoast.com\/product\/yoast-seo-wordpress\/ -->\n<title>Smoke effect - Graphimarket<\/title>\n<meta name=\"description\" content=\"Smoke Effect ToolkitThis project gives you an option to create supereasy and fast really spectacular effects...\" \/>\n<meta name=\"robots\" content=\"index, follow, max-snippet:-1, max-image-preview:large, max-video-preview:-1\" \/>\n<link rel=\"canonical\" href=\"https:\/\/graphimarket.com\/fr\/product\/smoke-effect\/\" \/>\n<meta property=\"og:locale\" content=\"fr_FR\" \/>\n<meta property=\"og:type\" content=\"article\" \/>\n<meta property=\"og:title\" content=\"Smoke effect - Graphimarket\" \/>\n<meta property=\"og:description\" content=\"Smoke Effect ToolkitThis project gives you an option to create supereasy and fast really spectacular effects...\" \/>\n<meta property=\"og:url\" content=\"https:\/\/graphimarket.com\/fr\/product\/smoke-effect\/\" \/>\n<meta property=\"og:site_name\" content=\"Graphimarket\" \/>\n<meta property=\"article:modified_time\" content=\"2022-12-19T22:14:39+00:00\" \/>\n<meta property=\"og:image\" content=\"https:\/\/graphimarket.com\/wp-content\/uploads\/2020\/09\/50b21ea2-9d89-4f01-b3a5-1a9686d50f67.jpg\" \/>\n\t<meta property=\"og:image:width\" content=\"866\" \/>\n\t<meta property=\"og:image:height\" content=\"577\" \/>\n\t<meta property=\"og:image:type\" content=\"image\/jpeg\" \/>\n<meta name=\"twitter:card\" content=\"summary_large_image\" \/>\n<meta name=\"twitter:label1\" content=\"Est. reading time\" \/>\n\t<meta name=\"twitter:data1\" content=\"1 minute\" \/>\n<script type=\"application\/ld+json\" class=\"yoast-schema-graph\">{\"@context\":\"https:\\\/\\\/schema.org\",\"@graph\":[{\"@type\":\"WebPage\",\"@id\":\"https:\\\/\\\/graphimarket.com\\\/product\\\/smoke-effect\\\/\",\"url\":\"https:\\\/\\\/graphimarket.com\\\/product\\\/smoke-effect\\\/\",\"name\":\"Smoke effect - Graphimarket\",\"isPartOf\":{\"@id\":\"https:\\\/\\\/graphimarket.com\\\/fr\\\/#website\"},\"primaryImageOfPage\":{\"@id\":\"https:\\\/\\\/graphimarket.com\\\/product\\\/smoke-effect\\\/#primaryimage\"},\"image\":{\"@id\":\"https:\\\/\\\/graphimarket.com\\\/product\\\/smoke-effect\\\/#primaryimage\"},\"thumbnailUrl\":\"https:\\\/\\\/graphimarket.com\\\/wp-content\\\/uploads\\\/2020\\\/09\\\/50b21ea2-9d89-4f01-b3a5-1a9686d50f67.jpg\",\"datePublished\":\"2020-09-12T10:21:12+00:00\",\"dateModified\":\"2022-12-19T22:14:39+00:00\",\"description\":\"Smoke Effect ToolkitThis project gives you an option to create supereasy and fast really spectacular effects...\",\"breadcrumb\":{\"@id\":\"https:\\\/\\\/graphimarket.com\\\/product\\\/smoke-effect\\\/#breadcrumb\"},\"inLanguage\":\"fr-FR\",\"potentialAction\":[{\"@type\":\"ReadAction\",\"target\":[\"https:\\\/\\\/graphimarket.com\\\/product\\\/smoke-effect\\\/\"]}]},{\"@type\":\"ImageObject\",\"inLanguage\":\"fr-FR\",\"@id\":\"https:\\\/\\\/graphimarket.com\\\/product\\\/smoke-effect\\\/#primaryimage\",\"url\":\"https:\\\/\\\/graphimarket.com\\\/wp-content\\\/uploads\\\/2020\\\/09\\\/50b21ea2-9d89-4f01-b3a5-1a9686d50f67.jpg\",\"contentUrl\":\"https:\\\/\\\/graphimarket.com\\\/wp-content\\\/uploads\\\/2020\\\/09\\\/50b21ea2-9d89-4f01-b3a5-1a9686d50f67.jpg\",\"width\":866,\"height\":577},{\"@type\":\"BreadcrumbList\",\"@id\":\"https:\\\/\\\/graphimarket.com\\\/product\\\/smoke-effect\\\/#breadcrumb\",\"itemListElement\":[{\"@type\":\"ListItem\",\"position\":1,\"name\":\"Home\",\"item\":\"https:\\\/\\\/graphimarket.com\\\/es\\\/\"},{\"@type\":\"ListItem\",\"position\":2,\"name\":\"Store\",\"item\":\"https:\\\/\\\/graphimarket.com\\\/store\\\/\"},{\"@type\":\"ListItem\",\"position\":3,\"name\":\"Smoke effect\"}]},{\"@type\":\"WebSite\",\"@id\":\"https:\\\/\\\/graphimarket.com\\\/fr\\\/#website\",\"url\":\"https:\\\/\\\/graphimarket.com\\\/fr\\\/\",\"name\":\"Graphimarket\",\"description\":\"Find the perfect creative asset to bring your project to life\",\"publisher\":{\"@id\":\"https:\\\/\\\/graphimarket.com\\\/fr\\\/#organization\"},\"potentialAction\":[{\"@type\":\"SearchAction\",\"target\":{\"@type\":\"EntryPoint\",\"urlTemplate\":\"https:\\\/\\\/graphimarket.com\\\/fr\\\/?s={search_term_string}\"},\"query-input\":{\"@type\":\"PropertyValueSpecification\",\"valueRequired\":true,\"valueName\":\"search_term_string\"}}],\"inLanguage\":\"fr-FR\"},{\"@type\":\"Organization\",\"@id\":\"https:\\\/\\\/graphimarket.com\\\/fr\\\/#organization\",\"name\":\"Graphimarket\",\"url\":\"https:\\\/\\\/graphimarket.com\\\/fr\\\/\",\"logo\":{\"@type\":\"ImageObject\",\"inLanguage\":\"fr-FR\",\"@id\":\"https:\\\/\\\/graphimarket.com\\\/fr\\\/#\\\/schema\\\/logo\\\/image\\\/\",\"url\":\"https:\\\/\\\/graphimarket.com\\\/wp-content\\\/uploads\\\/2020\\\/08\\\/logo-48.png\",\"contentUrl\":\"https:\\\/\\\/graphimarket.com\\\/wp-content\\\/uploads\\\/2020\\\/08\\\/logo-48.png\",\"width\":132,\"height\":48,\"caption\":\"Graphimarket\"},\"image\":{\"@id\":\"https:\\\/\\\/graphimarket.com\\\/fr\\\/#\\\/schema\\\/logo\\\/image\\\/\"}}]}<\/script>\n<!-- \/ Yoast SEO plugin. -->","yoast_head_json":{"title":"Effet fum\u00e9e - Graphimarket","description":"Bo\u00eete \u00e0 outils d&#039;effet de fum\u00e9e Ce projet vous donne une option pour cr\u00e9er des effets vraiment spectaculaires super faciles et rapides ...","robots":{"index":"index","follow":"follow","max-snippet":"max-snippet:-1","max-image-preview":"max-image-preview:large","max-video-preview":"max-video-preview:-1"},"canonical":"https:\/\/graphimarket.com\/fr\/product\/smoke-effect\/","og_locale":"fr_FR","og_type":"article","og_title":"Smoke effect - Graphimarket","og_description":"Smoke Effect ToolkitThis project gives you an option to create supereasy and fast really spectacular effects...","og_url":"https:\/\/graphimarket.com\/fr\/product\/smoke-effect\/","og_site_name":"Graphimarket","article_modified_time":"2022-12-19T22:14:39+00:00","og_image":[{"width":866,"height":577,"url":"https:\/\/graphimarket.com\/wp-content\/uploads\/2020\/09\/50b21ea2-9d89-4f01-b3a5-1a9686d50f67.jpg","type":"image\/jpeg"}],"twitter_card":"summary_large_image","twitter_misc":{"Est. reading time":"1 minute"},"schema":{"@context":"https:\/\/schema.org","@graph":[{"@type":"WebPage","@id":"https:\/\/graphimarket.com\/product\/smoke-effect\/","url":"https:\/\/graphimarket.com\/product\/smoke-effect\/","name":"Effet fum\u00e9e - Graphimarket","isPartOf":{"@id":"https:\/\/graphimarket.com\/fr\/#website"},"primaryImageOfPage":{"@id":"https:\/\/graphimarket.com\/product\/smoke-effect\/#primaryimage"},"image":{"@id":"https:\/\/graphimarket.com\/product\/smoke-effect\/#primaryimage"},"thumbnailUrl":"https:\/\/graphimarket.com\/wp-content\/uploads\/2020\/09\/50b21ea2-9d89-4f01-b3a5-1a9686d50f67.jpg","datePublished":"2020-09-12T10:21:12+00:00","dateModified":"2022-12-19T22:14:39+00:00","description":"Bo\u00eete \u00e0 outils d&#039;effet de fum\u00e9e Ce projet vous donne une option pour cr\u00e9er des effets vraiment spectaculaires super faciles et rapides ...","breadcrumb":{"@id":"https:\/\/graphimarket.com\/product\/smoke-effect\/#breadcrumb"},"inLanguage":"fr-FR","potentialAction":[{"@type":"ReadAction","target":["https:\/\/graphimarket.com\/product\/smoke-effect\/"]}]},{"@type":"ImageObject","inLanguage":"fr-FR","@id":"https:\/\/graphimarket.com\/product\/smoke-effect\/#primaryimage","url":"https:\/\/graphimarket.com\/wp-content\/uploads\/2020\/09\/50b21ea2-9d89-4f01-b3a5-1a9686d50f67.jpg","contentUrl":"https:\/\/graphimarket.com\/wp-content\/uploads\/2020\/09\/50b21ea2-9d89-4f01-b3a5-1a9686d50f67.jpg","width":866,"height":577},{"@type":"BreadcrumbList","@id":"https:\/\/graphimarket.com\/product\/smoke-effect\/#breadcrumb","itemListElement":[{"@type":"ListItem","position":1,"name":"Home","item":"https:\/\/graphimarket.com\/es\/"},{"@type":"ListItem","position":2,"name":"Store","item":"https:\/\/graphimarket.com\/store\/"},{"@type":"ListItem","position":3,"name":"Smoke effect"}]},{"@type":"WebSite","@id":"https:\/\/graphimarket.com\/fr\/#website","url":"https:\/\/graphimarket.com\/fr\/","name":"Graphimarket","description":"Trouvez l&#039;atout cr\u00e9atif parfait pour donner vie \u00e0 votre projet","publisher":{"@id":"https:\/\/graphimarket.com\/fr\/#organization"},"potentialAction":[{"@type":"SearchAction","target":{"@type":"EntryPoint","urlTemplate":"https:\/\/graphimarket.com\/fr\/?s={search_term_string}"},"query-input":{"@type":"PropertyValueSpecification","valueRequired":true,"valueName":"search_term_string"}}],"inLanguage":"fr-FR"},{"@type":"Organization","@id":"https:\/\/graphimarket.com\/fr\/#organization","name":"Graphimarket","url":"https:\/\/graphimarket.com\/fr\/","logo":{"@type":"ImageObject","inLanguage":"fr-FR","@id":"https:\/\/graphimarket.com\/fr\/#\/schema\/logo\/image\/","url":"https:\/\/graphimarket.com\/wp-content\/uploads\/2020\/08\/logo-48.png","contentUrl":"https:\/\/graphimarket.com\/wp-content\/uploads\/2020\/08\/logo-48.png","width":132,"height":48,"caption":"Graphimarket"},"image":{"@id":"https:\/\/graphimarket.com\/fr\/#\/schema\/logo\/image\/"}}]}},"_links":{"self":[{"href":"https:\/\/graphimarket.com\/fr\/wp-json\/wp\/v2\/product\/8544","targetHints":{"allow":["GET"]}}],"collection":[{"href":"https:\/\/graphimarket.com\/fr\/wp-json\/wp\/v2\/product"}],"about":[{"href":"https:\/\/graphimarket.com\/fr\/wp-json\/wp\/v2\/types\/product"}],"replies":[{"embeddable":true,"href":"https:\/\/graphimarket.com\/fr\/wp-json\/wp\/v2\/comments?post=8544"}],"version-history":[{"count":0,"href":"https:\/\/graphimarket.com\/fr\/wp-json\/wp\/v2\/product\/8544\/revisions"}],"wp:featuredmedia":[{"embeddable":true,"href":"https:\/\/graphimarket.com\/fr\/wp-json\/wp\/v2\/media\/8550"}],"wp:attachment":[{"href":"https:\/\/graphimarket.com\/fr\/wp-json\/wp\/v2\/media?parent=8544"}],"wp:term":[{"taxonomy":"product_brand","embeddable":true,"href":"https:\/\/graphimarket.com\/fr\/wp-json\/wp\/v2\/product_brand?post=8544"},{"taxonomy":"product_cat","embeddable":true,"href":"https:\/\/graphimarket.com\/fr\/wp-json\/wp\/v2\/product_cat?post=8544"},{"taxonomy":"product_tag","embeddable":true,"href":"https:\/\/graphimarket.com\/fr\/wp-json\/wp\/v2\/product_tag?post=8544"}],"curies":[{"name":"wp","href":"https:\/\/api.w.org\/{rel}","templated":true}]}}