{"id":9555,"date":"2020-09-15T12:31:23","date_gmt":"2020-09-15T10:31:23","guid":{"rendered":"https:\/\/graphimarket.com\/?post_type=product&#038;p=9555"},"modified":"2022-12-19T10:21:51","modified_gmt":"2022-12-19T09:21:51","slug":"mockup-keynote","status":"publish","type":"product","link":"https:\/\/graphimarket.com\/fr\/product\/mockup-keynote\/","title":{"rendered":"Keynote de maquette"},"content":{"rendered":"<div class=\"_2Masz2rr\">\n<p>Pr\u00e9sentation principale de la maquette<\/p>\n<p>Mockup keynote template<\/p>\n<p>Computer mockup,laptop mockup,mobile phone mockup &amp; tablet mockup design<\/p>\n<p>Drag &amp; drop picture placeholders<\/p>\n<p>\u2022 1 000 jeu d&#039;ic\u00f4nes<\/p>\n<p>\u2022 Enti\u00e8rement anim\u00e9<\/p>\n<p>\u2022 16: 9 (pr\u00e9sentation de qualit\u00e9 Full HD)<\/p>\n<p>\u2022 Simple et facile \u00e0 modifier<\/p>\n<p>\u2022 Police gratuite: vous pouvez t\u00e9l\u00e9charger les polices. Police Lato: T\u00e9l\u00e9chargement: https: \/\/www.fontsquirrel.com\/fonts\/lato<\/p>\n<p>\u2022 Mise \u00e0 jour gratuite!<\/p>\n<p>\u2022 Support gratuit!<\/p>\n<\/div>\n<p>&nbsp;<\/p>\n<p><img fetchpriority=\"high\" decoding=\"async\" class=\"aligncenter wp-image-9556 size-full\" src=\"https:\/\/graphimarket.com\/wp-content\/uploads\/2020\/09\/537c5565-08bc-4616-8868-1a53893ab341.jpg\" alt=\"\" width=\"1170\" height=\"1500\" srcset=\"https:\/\/graphimarket.com\/wp-content\/uploads\/2020\/09\/537c5565-08bc-4616-8868-1a53893ab341.jpg 1170w, https:\/\/graphimarket.com\/wp-content\/uploads\/2020\/09\/537c5565-08bc-4616-8868-1a53893ab341-600x769.jpg 600w, https:\/\/graphimarket.com\/wp-content\/uploads\/2020\/09\/537c5565-08bc-4616-8868-1a53893ab341-234x300.jpg 234w, https:\/\/graphimarket.com\/wp-content\/uploads\/2020\/09\/537c5565-08bc-4616-8868-1a53893ab341-799x1024.jpg 799w, https:\/\/graphimarket.com\/wp-content\/uploads\/2020\/09\/537c5565-08bc-4616-8868-1a53893ab341-768x985.jpg 768w\" sizes=\"(max-width: 1170px) 100vw, 1170px\" \/> <img decoding=\"async\" class=\"aligncenter wp-image-9557 size-full\" src=\"https:\/\/graphimarket.com\/wp-content\/uploads\/2020\/09\/a2c8589e-ae2a-43fe-bb3b-4635f6823fc2.jpg\" alt=\"\" width=\"1170\" height=\"1500\" srcset=\"https:\/\/graphimarket.com\/wp-content\/uploads\/2020\/09\/a2c8589e-ae2a-43fe-bb3b-4635f6823fc2.jpg 1170w, https:\/\/graphimarket.com\/wp-content\/uploads\/2020\/09\/a2c8589e-ae2a-43fe-bb3b-4635f6823fc2-600x769.jpg 600w, https:\/\/graphimarket.com\/wp-content\/uploads\/2020\/09\/a2c8589e-ae2a-43fe-bb3b-4635f6823fc2-234x300.jpg 234w, https:\/\/graphimarket.com\/wp-content\/uploads\/2020\/09\/a2c8589e-ae2a-43fe-bb3b-4635f6823fc2-799x1024.jpg 799w, https:\/\/graphimarket.com\/wp-content\/uploads\/2020\/09\/a2c8589e-ae2a-43fe-bb3b-4635f6823fc2-768x985.jpg 768w\" sizes=\"(max-width: 1170px) 100vw, 1170px\" \/> <img decoding=\"async\" class=\"aligncenter wp-image-9558 size-full\" src=\"https:\/\/graphimarket.com\/wp-content\/uploads\/2020\/09\/b4bf1595-54ed-4c2c-b2b6-bd87452a9699.jpg\" alt=\"\" width=\"1170\" height=\"1500\" srcset=\"https:\/\/graphimarket.com\/wp-content\/uploads\/2020\/09\/b4bf1595-54ed-4c2c-b2b6-bd87452a9699.jpg 1170w, https:\/\/graphimarket.com\/wp-content\/uploads\/2020\/09\/b4bf1595-54ed-4c2c-b2b6-bd87452a9699-600x769.jpg 600w, https:\/\/graphimarket.com\/wp-content\/uploads\/2020\/09\/b4bf1595-54ed-4c2c-b2b6-bd87452a9699-234x300.jpg 234w, https:\/\/graphimarket.com\/wp-content\/uploads\/2020\/09\/b4bf1595-54ed-4c2c-b2b6-bd87452a9699-799x1024.jpg 799w, https:\/\/graphimarket.com\/wp-content\/uploads\/2020\/09\/b4bf1595-54ed-4c2c-b2b6-bd87452a9699-768x985.jpg 768w\" sizes=\"(max-width: 1170px) 100vw, 1170px\" \/> <img loading=\"lazy\" decoding=\"async\" class=\"aligncenter wp-image-9559 size-full\" src=\"https:\/\/graphimarket.com\/wp-content\/uploads\/2020\/09\/b8536159-4c51-482c-9208-837360cd2c8e.jpg\" alt=\"\" width=\"1170\" height=\"1500\" srcset=\"https:\/\/graphimarket.com\/wp-content\/uploads\/2020\/09\/b8536159-4c51-482c-9208-837360cd2c8e.jpg 1170w, https:\/\/graphimarket.com\/wp-content\/uploads\/2020\/09\/b8536159-4c51-482c-9208-837360cd2c8e-600x769.jpg 600w, https:\/\/graphimarket.com\/wp-content\/uploads\/2020\/09\/b8536159-4c51-482c-9208-837360cd2c8e-234x300.jpg 234w, https:\/\/graphimarket.com\/wp-content\/uploads\/2020\/09\/b8536159-4c51-482c-9208-837360cd2c8e-799x1024.jpg 799w, https:\/\/graphimarket.com\/wp-content\/uploads\/2020\/09\/b8536159-4c51-482c-9208-837360cd2c8e-768x985.jpg 768w\" sizes=\"(max-width: 1170px) 100vw, 1170px\" \/> <img loading=\"lazy\" decoding=\"async\" class=\"aligncenter wp-image-9560 size-full\" src=\"https:\/\/graphimarket.com\/wp-content\/uploads\/2020\/09\/f280b472-3211-4841-b1d5-a7f77f174953.jpg\" alt=\"\" width=\"1170\" height=\"1500\" srcset=\"https:\/\/graphimarket.com\/wp-content\/uploads\/2020\/09\/f280b472-3211-4841-b1d5-a7f77f174953.jpg 1170w, https:\/\/graphimarket.com\/wp-content\/uploads\/2020\/09\/f280b472-3211-4841-b1d5-a7f77f174953-600x769.jpg 600w, https:\/\/graphimarket.com\/wp-content\/uploads\/2020\/09\/f280b472-3211-4841-b1d5-a7f77f174953-234x300.jpg 234w, https:\/\/graphimarket.com\/wp-content\/uploads\/2020\/09\/f280b472-3211-4841-b1d5-a7f77f174953-799x1024.jpg 799w, https:\/\/graphimarket.com\/wp-content\/uploads\/2020\/09\/f280b472-3211-4841-b1d5-a7f77f174953-768x985.jpg 768w\" sizes=\"(max-width: 1170px) 100vw, 1170px\" \/> <img loading=\"lazy\" decoding=\"async\" class=\"aligncenter wp-image-9561 size-full\" src=\"https:\/\/graphimarket.com\/wp-content\/uploads\/2020\/09\/0ea1d75e-cf5d-413c-b6b3-21c988e92fa0.jpg\" alt=\"\" width=\"710\" height=\"473\" srcset=\"https:\/\/graphimarket.com\/wp-content\/uploads\/2020\/09\/0ea1d75e-cf5d-413c-b6b3-21c988e92fa0.jpg 710w, https:\/\/graphimarket.com\/wp-content\/uploads\/2020\/09\/0ea1d75e-cf5d-413c-b6b3-21c988e92fa0-600x400.jpg 600w, https:\/\/graphimarket.com\/wp-content\/uploads\/2020\/09\/0ea1d75e-cf5d-413c-b6b3-21c988e92fa0-300x200.jpg 300w\" sizes=\"(max-width: 710px) 100vw, 710px\" \/> <img loading=\"lazy\" decoding=\"async\" class=\"aligncenter wp-image-9562 size-full\" src=\"https:\/\/graphimarket.com\/wp-content\/uploads\/2020\/09\/2df81c4b-8d98-405f-9f47-e01db2b354ee.jpg\" alt=\"\" width=\"1170\" height=\"1500\" srcset=\"https:\/\/graphimarket.com\/wp-content\/uploads\/2020\/09\/2df81c4b-8d98-405f-9f47-e01db2b354ee.jpg 1170w, https:\/\/graphimarket.com\/wp-content\/uploads\/2020\/09\/2df81c4b-8d98-405f-9f47-e01db2b354ee-600x769.jpg 600w, https:\/\/graphimarket.com\/wp-content\/uploads\/2020\/09\/2df81c4b-8d98-405f-9f47-e01db2b354ee-234x300.jpg 234w, https:\/\/graphimarket.com\/wp-content\/uploads\/2020\/09\/2df81c4b-8d98-405f-9f47-e01db2b354ee-799x1024.jpg 799w, https:\/\/graphimarket.com\/wp-content\/uploads\/2020\/09\/2df81c4b-8d98-405f-9f47-e01db2b354ee-768x985.jpg 768w\" sizes=\"(max-width: 1170px) 100vw, 1170px\" \/><\/p>\n<div class=\"_3YqMOf9R\">\n<div class=\"_3KAa4-GZ frEFeDSS\"><\/div>\n<\/div>","protected":false},"excerpt":{"rendered":"<p>Mockup Keynote Presentation Mockup keynote template Computer mockup,laptop mockup,mobile phone mockup &amp; tablet mockup design Drag &amp; drop picture placeholders \u2022 1000 Icon set \u2022 Fully Animated \u2022 16:9 (Full HD Quality Presentation) \u2022 Simple &amp; Easy to edit \u2022 Free font : You can download the fonts. Lato Font : Download:https:\/\/www.fontsquirrel.com\/fonts\/lato \u2022 Free update! [&hellip;]<\/p>\n","protected":false},"featured_media":9558,"comment_status":"open","ping_status":"closed","template":"","meta":{"site-sidebar-layout":"default","site-content-layout":"default","ast-site-content-layout":"default","site-content-style":"default","site-sidebar-style":"default","ast-global-header-display":"","ast-banner-title-visibility":"","ast-main-header-display":"","ast-hfb-above-header-display":"","ast-hfb-below-header-display":"","ast-hfb-mobile-header-display":"","site-post-title":"","ast-breadcrumbs-content":"","ast-featured-img":"","footer-sml-layout":"","ast-disable-related-posts":"","theme-transparent-header-meta":"default","adv-header-id-meta":"","stick-header-meta":"","header-above-stick-meta":"","header-main-stick-meta":"","header-below-stick-meta":"","astra-migrate-meta-layouts":"default","ast-page-background-enabled":"default","ast-page-background-meta":{"desktop":{"background-color":"","background-image":"","background-repeat":"repeat","background-position":"center center","background-size":"auto","background-attachment":"scroll","background-type":"","background-media":"","overlay-type":"","overlay-color":"","overlay-opacity":"","overlay-gradient":""},"tablet":{"background-color":"","background-image":"","background-repeat":"repeat","background-position":"center center","background-size":"auto","background-attachment":"scroll","background-type":"","background-media":"","overlay-type":"","overlay-color":"","overlay-opacity":"","overlay-gradient":""},"mobile":{"background-color":"","background-image":"","background-repeat":"repeat","background-position":"center center","background-size":"auto","background-attachment":"scroll","background-type":"","background-media":"","overlay-type":"","overlay-color":"","overlay-opacity":"","overlay-gradient":""}},"ast-content-background-meta":{"desktop":{"background-color":"var(--ast-global-color-5)","background-image":"","background-repeat":"repeat","background-position":"center center","background-size":"auto","background-attachment":"scroll","background-type":"","background-media":"","overlay-type":"","overlay-color":"","overlay-opacity":"","overlay-gradient":""},"tablet":{"background-color":"var(--ast-global-color-5)","background-image":"","background-repeat":"repeat","background-position":"center center","background-size":"auto","background-attachment":"scroll","background-type":"","background-media":"","overlay-type":"","overlay-color":"","overlay-opacity":"","overlay-gradient":""},"mobile":{"background-color":"var(--ast-global-color-5)","background-image":"","background-repeat":"repeat","background-position":"center center","background-size":"auto","background-attachment":"scroll","background-type":"","background-media":"","overlay-type":"","overlay-color":"","overlay-opacity":"","overlay-gradient":""}}},"product_brand":[],"product_cat":[698],"product_tag":[987,921,574,989,988,745,985,906,455,986,589,990,709,991,992],"class_list":{"0":"post-9555","1":"product","2":"type-product","3":"status-publish","4":"has-post-thumbnail","6":"product_cat-mockup","7":"product_tag-cell","8":"product_tag-computer","9":"product_tag-graphic","10":"product_tag-graphics","11":"product_tag-icon","12":"product_tag-key","13":"product_tag-keynote","14":"product_tag-laptop","15":"product_tag-map","16":"product_tag-mobilephone","17":"product_tag-mockup","18":"product_tag-placejolder","19":"product_tag-presentation","20":"product_tag-slide","21":"product_tag-tempate","22":"desktop-align-left","23":"tablet-align-left","24":"mobile-align-left","26":"first","27":"instock","28":"downloadable","29":"virtual","30":"taxable","31":"purchasable","32":"product-type-simple"},"yoast_head":"<!-- This site is optimized with the Yoast SEO plugin v27.3 - https:\/\/yoast.com\/product\/yoast-seo-wordpress\/ -->\n<title>Mockup Keynote - Graphimarket<\/title>\n<meta name=\"description\" content=\"Mockup Keynote PresentationMockup keynote templateComputer mockup,laptop mockup,mobile phone mockup &amp; tablet...\" \/>\n<meta name=\"robots\" content=\"index, follow, max-snippet:-1, max-image-preview:large, max-video-preview:-1\" \/>\n<link rel=\"canonical\" href=\"https:\/\/graphimarket.com\/fr\/product\/mockup-keynote\/\" \/>\n<meta property=\"og:locale\" content=\"fr_FR\" \/>\n<meta property=\"og:type\" content=\"article\" \/>\n<meta property=\"og:title\" content=\"Mockup Keynote - Graphimarket\" \/>\n<meta property=\"og:description\" content=\"Mockup Keynote PresentationMockup keynote templateComputer mockup,laptop mockup,mobile phone mockup &amp; tablet...\" \/>\n<meta property=\"og:url\" content=\"https:\/\/graphimarket.com\/fr\/product\/mockup-keynote\/\" \/>\n<meta property=\"og:site_name\" content=\"Graphimarket\" \/>\n<meta property=\"article:modified_time\" content=\"2022-12-19T09:21:51+00:00\" \/>\n<meta property=\"og:image\" content=\"https:\/\/graphimarket.com\/wp-content\/uploads\/2020\/09\/b4bf1595-54ed-4c2c-b2b6-bd87452a9699.jpg\" \/>\n\t<meta property=\"og:image:width\" content=\"1170\" \/>\n\t<meta property=\"og:image:height\" content=\"1500\" \/>\n\t<meta property=\"og:image:type\" content=\"image\/jpeg\" \/>\n<meta name=\"twitter:card\" content=\"summary_large_image\" \/>\n<script type=\"application\/ld+json\" class=\"yoast-schema-graph\">{\"@context\":\"https:\\\/\\\/schema.org\",\"@graph\":[{\"@type\":\"WebPage\",\"@id\":\"https:\\\/\\\/graphimarket.com\\\/product\\\/mockup-keynote\\\/\",\"url\":\"https:\\\/\\\/graphimarket.com\\\/product\\\/mockup-keynote\\\/\",\"name\":\"Mockup Keynote - Graphimarket\",\"isPartOf\":{\"@id\":\"https:\\\/\\\/graphimarket.com\\\/fr\\\/#website\"},\"primaryImageOfPage\":{\"@id\":\"https:\\\/\\\/graphimarket.com\\\/product\\\/mockup-keynote\\\/#primaryimage\"},\"image\":{\"@id\":\"https:\\\/\\\/graphimarket.com\\\/product\\\/mockup-keynote\\\/#primaryimage\"},\"thumbnailUrl\":\"https:\\\/\\\/graphimarket.com\\\/wp-content\\\/uploads\\\/2020\\\/09\\\/b4bf1595-54ed-4c2c-b2b6-bd87452a9699.jpg\",\"datePublished\":\"2020-09-15T10:31:23+00:00\",\"dateModified\":\"2022-12-19T09:21:51+00:00\",\"description\":\"Mockup Keynote PresentationMockup keynote templateComputer mockup,laptop mockup,mobile phone mockup & tablet...\",\"breadcrumb\":{\"@id\":\"https:\\\/\\\/graphimarket.com\\\/product\\\/mockup-keynote\\\/#breadcrumb\"},\"inLanguage\":\"fr-FR\",\"potentialAction\":[{\"@type\":\"ReadAction\",\"target\":[\"https:\\\/\\\/graphimarket.com\\\/product\\\/mockup-keynote\\\/\"]}]},{\"@type\":\"ImageObject\",\"inLanguage\":\"fr-FR\",\"@id\":\"https:\\\/\\\/graphimarket.com\\\/product\\\/mockup-keynote\\\/#primaryimage\",\"url\":\"https:\\\/\\\/graphimarket.com\\\/wp-content\\\/uploads\\\/2020\\\/09\\\/b4bf1595-54ed-4c2c-b2b6-bd87452a9699.jpg\",\"contentUrl\":\"https:\\\/\\\/graphimarket.com\\\/wp-content\\\/uploads\\\/2020\\\/09\\\/b4bf1595-54ed-4c2c-b2b6-bd87452a9699.jpg\",\"width\":1170,\"height\":1500},{\"@type\":\"BreadcrumbList\",\"@id\":\"https:\\\/\\\/graphimarket.com\\\/product\\\/mockup-keynote\\\/#breadcrumb\",\"itemListElement\":[{\"@type\":\"ListItem\",\"position\":1,\"name\":\"Home\",\"item\":\"https:\\\/\\\/graphimarket.com\\\/es\\\/\"},{\"@type\":\"ListItem\",\"position\":2,\"name\":\"Store\",\"item\":\"https:\\\/\\\/graphimarket.com\\\/store\\\/\"},{\"@type\":\"ListItem\",\"position\":3,\"name\":\"Mockup Keynote\"}]},{\"@type\":\"WebSite\",\"@id\":\"https:\\\/\\\/graphimarket.com\\\/fr\\\/#website\",\"url\":\"https:\\\/\\\/graphimarket.com\\\/fr\\\/\",\"name\":\"Graphimarket\",\"description\":\"Find the perfect creative asset to bring your project to life\",\"publisher\":{\"@id\":\"https:\\\/\\\/graphimarket.com\\\/fr\\\/#organization\"},\"potentialAction\":[{\"@type\":\"SearchAction\",\"target\":{\"@type\":\"EntryPoint\",\"urlTemplate\":\"https:\\\/\\\/graphimarket.com\\\/fr\\\/?s={search_term_string}\"},\"query-input\":{\"@type\":\"PropertyValueSpecification\",\"valueRequired\":true,\"valueName\":\"search_term_string\"}}],\"inLanguage\":\"fr-FR\"},{\"@type\":\"Organization\",\"@id\":\"https:\\\/\\\/graphimarket.com\\\/fr\\\/#organization\",\"name\":\"Graphimarket\",\"url\":\"https:\\\/\\\/graphimarket.com\\\/fr\\\/\",\"logo\":{\"@type\":\"ImageObject\",\"inLanguage\":\"fr-FR\",\"@id\":\"https:\\\/\\\/graphimarket.com\\\/fr\\\/#\\\/schema\\\/logo\\\/image\\\/\",\"url\":\"https:\\\/\\\/graphimarket.com\\\/wp-content\\\/uploads\\\/2020\\\/08\\\/logo-48.png\",\"contentUrl\":\"https:\\\/\\\/graphimarket.com\\\/wp-content\\\/uploads\\\/2020\\\/08\\\/logo-48.png\",\"width\":132,\"height\":48,\"caption\":\"Graphimarket\"},\"image\":{\"@id\":\"https:\\\/\\\/graphimarket.com\\\/fr\\\/#\\\/schema\\\/logo\\\/image\\\/\"}}]}<\/script>\n<!-- \/ Yoast SEO plugin. -->","yoast_head_json":{"title":"Mockup Keynote - Graphimarket","description":"Mockup Keynote PresentationMockup keynote templateComputer mockup,laptop mockup,mobile phone mockup & tablet...","robots":{"index":"index","follow":"follow","max-snippet":"max-snippet:-1","max-image-preview":"max-image-preview:large","max-video-preview":"max-video-preview:-1"},"canonical":"https:\/\/graphimarket.com\/fr\/product\/mockup-keynote\/","og_locale":"fr_FR","og_type":"article","og_title":"Mockup Keynote - Graphimarket","og_description":"Mockup Keynote PresentationMockup keynote templateComputer mockup,laptop mockup,mobile phone mockup & tablet...","og_url":"https:\/\/graphimarket.com\/fr\/product\/mockup-keynote\/","og_site_name":"Graphimarket","article_modified_time":"2022-12-19T09:21:51+00:00","og_image":[{"width":1170,"height":1500,"url":"https:\/\/graphimarket.com\/wp-content\/uploads\/2020\/09\/b4bf1595-54ed-4c2c-b2b6-bd87452a9699.jpg","type":"image\/jpeg"}],"twitter_card":"summary_large_image","schema":{"@context":"https:\/\/schema.org","@graph":[{"@type":"WebPage","@id":"https:\/\/graphimarket.com\/product\/mockup-keynote\/","url":"https:\/\/graphimarket.com\/product\/mockup-keynote\/","name":"Mockup Keynote - Graphimarket","isPartOf":{"@id":"https:\/\/graphimarket.com\/fr\/#website"},"primaryImageOfPage":{"@id":"https:\/\/graphimarket.com\/product\/mockup-keynote\/#primaryimage"},"image":{"@id":"https:\/\/graphimarket.com\/product\/mockup-keynote\/#primaryimage"},"thumbnailUrl":"https:\/\/graphimarket.com\/wp-content\/uploads\/2020\/09\/b4bf1595-54ed-4c2c-b2b6-bd87452a9699.jpg","datePublished":"2020-09-15T10:31:23+00:00","dateModified":"2022-12-19T09:21:51+00:00","description":"Mockup Keynote PresentationMockup keynote templateComputer mockup,laptop mockup,mobile phone mockup & tablet...","breadcrumb":{"@id":"https:\/\/graphimarket.com\/product\/mockup-keynote\/#breadcrumb"},"inLanguage":"fr-FR","potentialAction":[{"@type":"ReadAction","target":["https:\/\/graphimarket.com\/product\/mockup-keynote\/"]}]},{"@type":"ImageObject","inLanguage":"fr-FR","@id":"https:\/\/graphimarket.com\/product\/mockup-keynote\/#primaryimage","url":"https:\/\/graphimarket.com\/wp-content\/uploads\/2020\/09\/b4bf1595-54ed-4c2c-b2b6-bd87452a9699.jpg","contentUrl":"https:\/\/graphimarket.com\/wp-content\/uploads\/2020\/09\/b4bf1595-54ed-4c2c-b2b6-bd87452a9699.jpg","width":1170,"height":1500},{"@type":"BreadcrumbList","@id":"https:\/\/graphimarket.com\/product\/mockup-keynote\/#breadcrumb","itemListElement":[{"@type":"ListItem","position":1,"name":"Home","item":"https:\/\/graphimarket.com\/es\/"},{"@type":"ListItem","position":2,"name":"Store","item":"https:\/\/graphimarket.com\/store\/"},{"@type":"ListItem","position":3,"name":"Mockup Keynote"}]},{"@type":"WebSite","@id":"https:\/\/graphimarket.com\/fr\/#website","url":"https:\/\/graphimarket.com\/fr\/","name":"Graphimarket","description":"Trouvez l&#039;atout cr\u00e9atif parfait pour donner vie \u00e0 votre projet","publisher":{"@id":"https:\/\/graphimarket.com\/fr\/#organization"},"potentialAction":[{"@type":"SearchAction","target":{"@type":"EntryPoint","urlTemplate":"https:\/\/graphimarket.com\/fr\/?s={search_term_string}"},"query-input":{"@type":"PropertyValueSpecification","valueRequired":true,"valueName":"search_term_string"}}],"inLanguage":"fr-FR"},{"@type":"Organization","@id":"https:\/\/graphimarket.com\/fr\/#organization","name":"Graphimarket","url":"https:\/\/graphimarket.com\/fr\/","logo":{"@type":"ImageObject","inLanguage":"fr-FR","@id":"https:\/\/graphimarket.com\/fr\/#\/schema\/logo\/image\/","url":"https:\/\/graphimarket.com\/wp-content\/uploads\/2020\/08\/logo-48.png","contentUrl":"https:\/\/graphimarket.com\/wp-content\/uploads\/2020\/08\/logo-48.png","width":132,"height":48,"caption":"Graphimarket"},"image":{"@id":"https:\/\/graphimarket.com\/fr\/#\/schema\/logo\/image\/"}}]}},"_links":{"self":[{"href":"https:\/\/graphimarket.com\/fr\/wp-json\/wp\/v2\/product\/9555","targetHints":{"allow":["GET"]}}],"collection":[{"href":"https:\/\/graphimarket.com\/fr\/wp-json\/wp\/v2\/product"}],"about":[{"href":"https:\/\/graphimarket.com\/fr\/wp-json\/wp\/v2\/types\/product"}],"replies":[{"embeddable":true,"href":"https:\/\/graphimarket.com\/fr\/wp-json\/wp\/v2\/comments?post=9555"}],"version-history":[{"count":0,"href":"https:\/\/graphimarket.com\/fr\/wp-json\/wp\/v2\/product\/9555\/revisions"}],"wp:featuredmedia":[{"embeddable":true,"href":"https:\/\/graphimarket.com\/fr\/wp-json\/wp\/v2\/media\/9558"}],"wp:attachment":[{"href":"https:\/\/graphimarket.com\/fr\/wp-json\/wp\/v2\/media?parent=9555"}],"wp:term":[{"taxonomy":"product_brand","embeddable":true,"href":"https:\/\/graphimarket.com\/fr\/wp-json\/wp\/v2\/product_brand?post=9555"},{"taxonomy":"product_cat","embeddable":true,"href":"https:\/\/graphimarket.com\/fr\/wp-json\/wp\/v2\/product_cat?post=9555"},{"taxonomy":"product_tag","embeddable":true,"href":"https:\/\/graphimarket.com\/fr\/wp-json\/wp\/v2\/product_tag?post=9555"}],"curies":[{"name":"wp","href":"https:\/\/api.w.org\/{rel}","templated":true}]}}