{"id":9993,"date":"2020-09-16T10:39:57","date_gmt":"2020-09-16T08:39:57","guid":{"rendered":"https:\/\/graphimarket.com\/?post_type=product&#038;p=9993"},"modified":"2022-12-19T10:16:32","modified_gmt":"2022-12-19T09:16:32","slug":"mockup-powerpoint-template","status":"publish","type":"product","link":"https:\/\/graphimarket.com\/fr\/product\/mockup-powerpoint-template\/","title":{"rendered":"Mod\u00e8le Powerpoint de maquette"},"content":{"rendered":"<div class=\"_2Masz2rr\">\n<p>Maquette de pr\u00e9sentation Powerpoint<\/p>\n<p>Mockup template deign<\/p>\n<p>\u2022 1 000 jeu d&#039;ic\u00f4nes<\/p>\n<p>\u2022 Enti\u00e8rement anim\u00e9<\/p>\n<p>\u2022 16: 9 (pr\u00e9sentation de qualit\u00e9 Full HD)<\/p>\n<p>\u2022 Simple et facile \u00e0 modifier<\/p>\n<p>\u2022 Police gratuite: vous pouvez t\u00e9l\u00e9charger les polices. Police Lato: T\u00e9l\u00e9chargement: https: \/\/www.fontsquirrel.com\/fonts\/lato<\/p>\n<p>\u2022 Mise \u00e0 jour gratuite!<\/p>\n<p>\u2022 Support gratuit!<\/p>\n<\/div>\n<p>&nbsp;<\/p>\n<p><img fetchpriority=\"high\" decoding=\"async\" class=\"aligncenter wp-image-9996 size-full\" src=\"https:\/\/graphimarket.com\/wp-content\/uploads\/2020\/09\/3dafd397-53f9-4281-a388-eaf93c8b631e.jpg\" alt=\"\" width=\"1170\" height=\"1500\" srcset=\"https:\/\/graphimarket.com\/wp-content\/uploads\/2020\/09\/3dafd397-53f9-4281-a388-eaf93c8b631e.jpg 1170w, https:\/\/graphimarket.com\/wp-content\/uploads\/2020\/09\/3dafd397-53f9-4281-a388-eaf93c8b631e-234x300.jpg 234w, https:\/\/graphimarket.com\/wp-content\/uploads\/2020\/09\/3dafd397-53f9-4281-a388-eaf93c8b631e-799x1024.jpg 799w, https:\/\/graphimarket.com\/wp-content\/uploads\/2020\/09\/3dafd397-53f9-4281-a388-eaf93c8b631e-768x985.jpg 768w, https:\/\/graphimarket.com\/wp-content\/uploads\/2020\/09\/3dafd397-53f9-4281-a388-eaf93c8b631e-600x769.jpg 600w\" sizes=\"(max-width: 1170px) 100vw, 1170px\" \/> <img decoding=\"async\" class=\"aligncenter wp-image-9997 size-full\" src=\"https:\/\/graphimarket.com\/wp-content\/uploads\/2020\/09\/8afd9693-8787-4f6e-b827-f98f47b796c6.jpg\" alt=\"\" width=\"1170\" height=\"1500\" srcset=\"https:\/\/graphimarket.com\/wp-content\/uploads\/2020\/09\/8afd9693-8787-4f6e-b827-f98f47b796c6.jpg 1170w, https:\/\/graphimarket.com\/wp-content\/uploads\/2020\/09\/8afd9693-8787-4f6e-b827-f98f47b796c6-234x300.jpg 234w, https:\/\/graphimarket.com\/wp-content\/uploads\/2020\/09\/8afd9693-8787-4f6e-b827-f98f47b796c6-799x1024.jpg 799w, https:\/\/graphimarket.com\/wp-content\/uploads\/2020\/09\/8afd9693-8787-4f6e-b827-f98f47b796c6-768x985.jpg 768w, https:\/\/graphimarket.com\/wp-content\/uploads\/2020\/09\/8afd9693-8787-4f6e-b827-f98f47b796c6-600x769.jpg 600w\" sizes=\"(max-width: 1170px) 100vw, 1170px\" \/> <img decoding=\"async\" class=\"aligncenter wp-image-9998 size-full\" src=\"https:\/\/graphimarket.com\/wp-content\/uploads\/2020\/09\/392e3842-b3b9-46f9-af0a-2005b0cab912.jpg\" alt=\"\" width=\"1170\" height=\"1500\" srcset=\"https:\/\/graphimarket.com\/wp-content\/uploads\/2020\/09\/392e3842-b3b9-46f9-af0a-2005b0cab912.jpg 1170w, https:\/\/graphimarket.com\/wp-content\/uploads\/2020\/09\/392e3842-b3b9-46f9-af0a-2005b0cab912-234x300.jpg 234w, https:\/\/graphimarket.com\/wp-content\/uploads\/2020\/09\/392e3842-b3b9-46f9-af0a-2005b0cab912-799x1024.jpg 799w, https:\/\/graphimarket.com\/wp-content\/uploads\/2020\/09\/392e3842-b3b9-46f9-af0a-2005b0cab912-768x985.jpg 768w, https:\/\/graphimarket.com\/wp-content\/uploads\/2020\/09\/392e3842-b3b9-46f9-af0a-2005b0cab912-600x769.jpg 600w\" sizes=\"(max-width: 1170px) 100vw, 1170px\" \/> <img loading=\"lazy\" decoding=\"async\" class=\"aligncenter wp-image-9999 size-full\" src=\"https:\/\/graphimarket.com\/wp-content\/uploads\/2020\/09\/f277c2e8-1189-4542-b186-1551667e68e7.jpg\" alt=\"\" width=\"1170\" height=\"1500\" srcset=\"https:\/\/graphimarket.com\/wp-content\/uploads\/2020\/09\/f277c2e8-1189-4542-b186-1551667e68e7.jpg 1170w, https:\/\/graphimarket.com\/wp-content\/uploads\/2020\/09\/f277c2e8-1189-4542-b186-1551667e68e7-234x300.jpg 234w, https:\/\/graphimarket.com\/wp-content\/uploads\/2020\/09\/f277c2e8-1189-4542-b186-1551667e68e7-799x1024.jpg 799w, https:\/\/graphimarket.com\/wp-content\/uploads\/2020\/09\/f277c2e8-1189-4542-b186-1551667e68e7-768x985.jpg 768w, https:\/\/graphimarket.com\/wp-content\/uploads\/2020\/09\/f277c2e8-1189-4542-b186-1551667e68e7-600x769.jpg 600w\" sizes=\"(max-width: 1170px) 100vw, 1170px\" \/> <img loading=\"lazy\" decoding=\"async\" class=\"aligncenter wp-image-10000 size-full\" src=\"https:\/\/graphimarket.com\/wp-content\/uploads\/2020\/09\/9f7b0a9c-cba0-4df2-a097-62819fd151ad-1.jpg\" alt=\"\" width=\"1019\" height=\"679\" srcset=\"https:\/\/graphimarket.com\/wp-content\/uploads\/2020\/09\/9f7b0a9c-cba0-4df2-a097-62819fd151ad-1.jpg 1019w, https:\/\/graphimarket.com\/wp-content\/uploads\/2020\/09\/9f7b0a9c-cba0-4df2-a097-62819fd151ad-1-300x200.jpg 300w, https:\/\/graphimarket.com\/wp-content\/uploads\/2020\/09\/9f7b0a9c-cba0-4df2-a097-62819fd151ad-1-768x512.jpg 768w, https:\/\/graphimarket.com\/wp-content\/uploads\/2020\/09\/9f7b0a9c-cba0-4df2-a097-62819fd151ad-1-600x400.jpg 600w\" sizes=\"(max-width: 1019px) 100vw, 1019px\" \/> <img loading=\"lazy\" decoding=\"async\" class=\"aligncenter wp-image-10001 size-full\" src=\"https:\/\/graphimarket.com\/wp-content\/uploads\/2020\/09\/1a40a1d6-15bc-40c9-912e-e4a23f6379f7.jpg\" alt=\"\" width=\"1170\" height=\"1500\" srcset=\"https:\/\/graphimarket.com\/wp-content\/uploads\/2020\/09\/1a40a1d6-15bc-40c9-912e-e4a23f6379f7.jpg 1170w, https:\/\/graphimarket.com\/wp-content\/uploads\/2020\/09\/1a40a1d6-15bc-40c9-912e-e4a23f6379f7-234x300.jpg 234w, https:\/\/graphimarket.com\/wp-content\/uploads\/2020\/09\/1a40a1d6-15bc-40c9-912e-e4a23f6379f7-799x1024.jpg 799w, https:\/\/graphimarket.com\/wp-content\/uploads\/2020\/09\/1a40a1d6-15bc-40c9-912e-e4a23f6379f7-768x985.jpg 768w, https:\/\/graphimarket.com\/wp-content\/uploads\/2020\/09\/1a40a1d6-15bc-40c9-912e-e4a23f6379f7-600x769.jpg 600w\" sizes=\"(max-width: 1170px) 100vw, 1170px\" \/><\/p>\n<div class=\"_3YqMOf9R\">\n<div class=\"_3KAa4-GZ frEFeDSS\"><\/div>\n<\/div>","protected":false},"excerpt":{"rendered":"<p>Mockup Powerpoint Presentation Mockup template deign \u2022 1000 Icon set \u2022 Fully Animated \u2022 16:9 (Full HD Quality Presentation) \u2022 Simple &amp; Easy to edit \u2022 Free font : You can download the fonts. Lato Font : Download:https:\/\/www.fontsquirrel.com\/fonts\/lato \u2022 Free update! \u2022 Free support! &nbsp;<\/p>","protected":false},"featured_media":9995,"comment_status":"open","ping_status":"closed","template":"","meta":{"site-sidebar-layout":"default","site-content-layout":"default","ast-site-content-layout":"default","site-content-style":"default","site-sidebar-style":"default","ast-global-header-display":"","ast-banner-title-visibility":"","ast-main-header-display":"","ast-hfb-above-header-display":"","ast-hfb-below-header-display":"","ast-hfb-mobile-header-display":"","site-post-title":"","ast-breadcrumbs-content":"","ast-featured-img":"","footer-sml-layout":"","ast-disable-related-posts":"","theme-transparent-header-meta":"default","adv-header-id-meta":"","stick-header-meta":"","header-above-stick-meta":"","header-main-stick-meta":"","header-below-stick-meta":"","astra-migrate-meta-layouts":"default","ast-page-background-enabled":"default","ast-page-background-meta":{"desktop":{"background-color":"","background-image":"","background-repeat":"repeat","background-position":"center center","background-size":"auto","background-attachment":"scroll","background-type":"","background-media":"","overlay-type":"","overlay-color":"","overlay-opacity":"","overlay-gradient":""},"tablet":{"background-color":"","background-image":"","background-repeat":"repeat","background-position":"center center","background-size":"auto","background-attachment":"scroll","background-type":"","background-media":"","overlay-type":"","overlay-color":"","overlay-opacity":"","overlay-gradient":""},"mobile":{"background-color":"","background-image":"","background-repeat":"repeat","background-position":"center center","background-size":"auto","background-attachment":"scroll","background-type":"","background-media":"","overlay-type":"","overlay-color":"","overlay-opacity":"","overlay-gradient":""}},"ast-content-background-meta":{"desktop":{"background-color":"var(--ast-global-color-5)","background-image":"","background-repeat":"repeat","background-position":"center center","background-size":"auto","background-attachment":"scroll","background-type":"","background-media":"","overlay-type":"","overlay-color":"","overlay-opacity":"","overlay-gradient":""},"tablet":{"background-color":"var(--ast-global-color-5)","background-image":"","background-repeat":"repeat","background-position":"center center","background-size":"auto","background-attachment":"scroll","background-type":"","background-media":"","overlay-type":"","overlay-color":"","overlay-opacity":"","overlay-gradient":""},"mobile":{"background-color":"var(--ast-global-color-5)","background-image":"","background-repeat":"repeat","background-position":"center center","background-size":"auto","background-attachment":"scroll","background-type":"","background-media":"","overlay-type":"","overlay-color":"","overlay-opacity":"","overlay-gradient":""}}},"product_brand":[],"product_cat":[698],"product_tag":[1014,721,921,574,906,455,379,986,589,993,995,709,708,991,999],"class_list":{"0":"post-9993","1":"product","2":"type-product","3":"status-publish","4":"has-post-thumbnail","6":"product_cat-mockup","7":"product_tag-communication","8":"product_tag-company","9":"product_tag-computer","10":"product_tag-graphic","11":"product_tag-laptop","12":"product_tag-map","13":"product_tag-mobile","14":"product_tag-mobilephone","15":"product_tag-mockup","16":"product_tag-powerpoint","17":"product_tag-pptx","18":"product_tag-presentation","19":"product_tag-product","20":"product_tag-slide","21":"product_tag-slides","22":"desktop-align-left","23":"tablet-align-left","24":"mobile-align-left","26":"first","27":"instock","28":"downloadable","29":"virtual","30":"taxable","31":"purchasable","32":"product-type-simple"},"yoast_head":"<!-- This site is optimized with the Yoast SEO plugin v27.3 - https:\/\/yoast.com\/product\/yoast-seo-wordpress\/ -->\n<title>Mockup Powerpoint Template - Graphimarket<\/title>\n<meta name=\"description\" content=\"Mockup Powerpoint PresentationMockup template deign\u2022 1000 Icon set\u2022 Fully Animated\u2022 16:9 (Full HD Quality Presentation)...\" \/>\n<meta name=\"robots\" content=\"index, follow, max-snippet:-1, max-image-preview:large, max-video-preview:-1\" \/>\n<link rel=\"canonical\" href=\"https:\/\/graphimarket.com\/fr\/product\/mockup-powerpoint-template\/\" \/>\n<meta property=\"og:locale\" content=\"fr_FR\" \/>\n<meta property=\"og:type\" content=\"article\" \/>\n<meta property=\"og:title\" content=\"Mockup Powerpoint Template - Graphimarket\" \/>\n<meta property=\"og:description\" content=\"Mockup Powerpoint PresentationMockup template deign\u2022 1000 Icon set\u2022 Fully Animated\u2022 16:9 (Full HD Quality Presentation)...\" \/>\n<meta property=\"og:url\" content=\"https:\/\/graphimarket.com\/fr\/product\/mockup-powerpoint-template\/\" \/>\n<meta property=\"og:site_name\" content=\"Graphimarket\" \/>\n<meta property=\"article:modified_time\" content=\"2022-12-19T09:16:32+00:00\" \/>\n<meta property=\"og:image\" content=\"https:\/\/graphimarket.com\/wp-content\/uploads\/2020\/09\/9f7b0a9c-cba0-4df2-a097-62819fd151ad.jpg\" \/>\n\t<meta property=\"og:image:width\" content=\"1019\" \/>\n\t<meta property=\"og:image:height\" content=\"679\" \/>\n\t<meta property=\"og:image:type\" content=\"image\/jpeg\" \/>\n<meta name=\"twitter:card\" content=\"summary_large_image\" \/>\n<script type=\"application\/ld+json\" class=\"yoast-schema-graph\">{\"@context\":\"https:\\\/\\\/schema.org\",\"@graph\":[{\"@type\":\"WebPage\",\"@id\":\"https:\\\/\\\/graphimarket.com\\\/product\\\/mockup-powerpoint-template\\\/\",\"url\":\"https:\\\/\\\/graphimarket.com\\\/product\\\/mockup-powerpoint-template\\\/\",\"name\":\"Mockup Powerpoint Template - Graphimarket\",\"isPartOf\":{\"@id\":\"https:\\\/\\\/graphimarket.com\\\/fr\\\/#website\"},\"primaryImageOfPage\":{\"@id\":\"https:\\\/\\\/graphimarket.com\\\/product\\\/mockup-powerpoint-template\\\/#primaryimage\"},\"image\":{\"@id\":\"https:\\\/\\\/graphimarket.com\\\/product\\\/mockup-powerpoint-template\\\/#primaryimage\"},\"thumbnailUrl\":\"https:\\\/\\\/graphimarket.com\\\/wp-content\\\/uploads\\\/2020\\\/09\\\/9f7b0a9c-cba0-4df2-a097-62819fd151ad.jpg\",\"datePublished\":\"2020-09-16T08:39:57+00:00\",\"dateModified\":\"2022-12-19T09:16:32+00:00\",\"description\":\"Mockup Powerpoint PresentationMockup template deign\u2022 1000 Icon set\u2022 Fully Animated\u2022 16:9 (Full HD Quality Presentation)...\",\"breadcrumb\":{\"@id\":\"https:\\\/\\\/graphimarket.com\\\/product\\\/mockup-powerpoint-template\\\/#breadcrumb\"},\"inLanguage\":\"fr-FR\",\"potentialAction\":[{\"@type\":\"ReadAction\",\"target\":[\"https:\\\/\\\/graphimarket.com\\\/product\\\/mockup-powerpoint-template\\\/\"]}]},{\"@type\":\"ImageObject\",\"inLanguage\":\"fr-FR\",\"@id\":\"https:\\\/\\\/graphimarket.com\\\/product\\\/mockup-powerpoint-template\\\/#primaryimage\",\"url\":\"https:\\\/\\\/graphimarket.com\\\/wp-content\\\/uploads\\\/2020\\\/09\\\/9f7b0a9c-cba0-4df2-a097-62819fd151ad.jpg\",\"contentUrl\":\"https:\\\/\\\/graphimarket.com\\\/wp-content\\\/uploads\\\/2020\\\/09\\\/9f7b0a9c-cba0-4df2-a097-62819fd151ad.jpg\",\"width\":1019,\"height\":679},{\"@type\":\"BreadcrumbList\",\"@id\":\"https:\\\/\\\/graphimarket.com\\\/product\\\/mockup-powerpoint-template\\\/#breadcrumb\",\"itemListElement\":[{\"@type\":\"ListItem\",\"position\":1,\"name\":\"Home\",\"item\":\"https:\\\/\\\/graphimarket.com\\\/es\\\/\"},{\"@type\":\"ListItem\",\"position\":2,\"name\":\"Store\",\"item\":\"https:\\\/\\\/graphimarket.com\\\/store\\\/\"},{\"@type\":\"ListItem\",\"position\":3,\"name\":\"Mockup Powerpoint Template\"}]},{\"@type\":\"WebSite\",\"@id\":\"https:\\\/\\\/graphimarket.com\\\/fr\\\/#website\",\"url\":\"https:\\\/\\\/graphimarket.com\\\/fr\\\/\",\"name\":\"Graphimarket\",\"description\":\"Find the perfect creative asset to bring your project to life\",\"publisher\":{\"@id\":\"https:\\\/\\\/graphimarket.com\\\/fr\\\/#organization\"},\"potentialAction\":[{\"@type\":\"SearchAction\",\"target\":{\"@type\":\"EntryPoint\",\"urlTemplate\":\"https:\\\/\\\/graphimarket.com\\\/fr\\\/?s={search_term_string}\"},\"query-input\":{\"@type\":\"PropertyValueSpecification\",\"valueRequired\":true,\"valueName\":\"search_term_string\"}}],\"inLanguage\":\"fr-FR\"},{\"@type\":\"Organization\",\"@id\":\"https:\\\/\\\/graphimarket.com\\\/fr\\\/#organization\",\"name\":\"Graphimarket\",\"url\":\"https:\\\/\\\/graphimarket.com\\\/fr\\\/\",\"logo\":{\"@type\":\"ImageObject\",\"inLanguage\":\"fr-FR\",\"@id\":\"https:\\\/\\\/graphimarket.com\\\/fr\\\/#\\\/schema\\\/logo\\\/image\\\/\",\"url\":\"https:\\\/\\\/graphimarket.com\\\/wp-content\\\/uploads\\\/2020\\\/08\\\/logo-48.png\",\"contentUrl\":\"https:\\\/\\\/graphimarket.com\\\/wp-content\\\/uploads\\\/2020\\\/08\\\/logo-48.png\",\"width\":132,\"height\":48,\"caption\":\"Graphimarket\"},\"image\":{\"@id\":\"https:\\\/\\\/graphimarket.com\\\/fr\\\/#\\\/schema\\\/logo\\\/image\\\/\"}}]}<\/script>\n<!-- \/ Yoast SEO plugin. -->","yoast_head_json":{"title":"Mockup Powerpoint Template - Graphimarket","description":"Mockup Powerpoint PresentationMockup template deign\u2022 1000 Icon set\u2022 Fully Animated\u2022 16:9 (Full HD Quality Presentation)...","robots":{"index":"index","follow":"follow","max-snippet":"max-snippet:-1","max-image-preview":"max-image-preview:large","max-video-preview":"max-video-preview:-1"},"canonical":"https:\/\/graphimarket.com\/fr\/product\/mockup-powerpoint-template\/","og_locale":"fr_FR","og_type":"article","og_title":"Mockup Powerpoint Template - Graphimarket","og_description":"Mockup Powerpoint PresentationMockup template deign\u2022 1000 Icon set\u2022 Fully Animated\u2022 16:9 (Full HD Quality Presentation)...","og_url":"https:\/\/graphimarket.com\/fr\/product\/mockup-powerpoint-template\/","og_site_name":"Graphimarket","article_modified_time":"2022-12-19T09:16:32+00:00","og_image":[{"width":1019,"height":679,"url":"https:\/\/graphimarket.com\/wp-content\/uploads\/2020\/09\/9f7b0a9c-cba0-4df2-a097-62819fd151ad.jpg","type":"image\/jpeg"}],"twitter_card":"summary_large_image","schema":{"@context":"https:\/\/schema.org","@graph":[{"@type":"WebPage","@id":"https:\/\/graphimarket.com\/product\/mockup-powerpoint-template\/","url":"https:\/\/graphimarket.com\/product\/mockup-powerpoint-template\/","name":"Mockup Powerpoint Template - Graphimarket","isPartOf":{"@id":"https:\/\/graphimarket.com\/fr\/#website"},"primaryImageOfPage":{"@id":"https:\/\/graphimarket.com\/product\/mockup-powerpoint-template\/#primaryimage"},"image":{"@id":"https:\/\/graphimarket.com\/product\/mockup-powerpoint-template\/#primaryimage"},"thumbnailUrl":"https:\/\/graphimarket.com\/wp-content\/uploads\/2020\/09\/9f7b0a9c-cba0-4df2-a097-62819fd151ad.jpg","datePublished":"2020-09-16T08:39:57+00:00","dateModified":"2022-12-19T09:16:32+00:00","description":"Mockup Powerpoint PresentationMockup template deign\u2022 1000 Icon set\u2022 Fully Animated\u2022 16:9 (Full HD Quality Presentation)...","breadcrumb":{"@id":"https:\/\/graphimarket.com\/product\/mockup-powerpoint-template\/#breadcrumb"},"inLanguage":"fr-FR","potentialAction":[{"@type":"ReadAction","target":["https:\/\/graphimarket.com\/product\/mockup-powerpoint-template\/"]}]},{"@type":"ImageObject","inLanguage":"fr-FR","@id":"https:\/\/graphimarket.com\/product\/mockup-powerpoint-template\/#primaryimage","url":"https:\/\/graphimarket.com\/wp-content\/uploads\/2020\/09\/9f7b0a9c-cba0-4df2-a097-62819fd151ad.jpg","contentUrl":"https:\/\/graphimarket.com\/wp-content\/uploads\/2020\/09\/9f7b0a9c-cba0-4df2-a097-62819fd151ad.jpg","width":1019,"height":679},{"@type":"BreadcrumbList","@id":"https:\/\/graphimarket.com\/product\/mockup-powerpoint-template\/#breadcrumb","itemListElement":[{"@type":"ListItem","position":1,"name":"Home","item":"https:\/\/graphimarket.com\/es\/"},{"@type":"ListItem","position":2,"name":"Store","item":"https:\/\/graphimarket.com\/store\/"},{"@type":"ListItem","position":3,"name":"Mockup Powerpoint Template"}]},{"@type":"WebSite","@id":"https:\/\/graphimarket.com\/fr\/#website","url":"https:\/\/graphimarket.com\/fr\/","name":"Graphimarket","description":"Trouvez l&#039;atout cr\u00e9atif parfait pour donner vie \u00e0 votre projet","publisher":{"@id":"https:\/\/graphimarket.com\/fr\/#organization"},"potentialAction":[{"@type":"SearchAction","target":{"@type":"EntryPoint","urlTemplate":"https:\/\/graphimarket.com\/fr\/?s={search_term_string}"},"query-input":{"@type":"PropertyValueSpecification","valueRequired":true,"valueName":"search_term_string"}}],"inLanguage":"fr-FR"},{"@type":"Organization","@id":"https:\/\/graphimarket.com\/fr\/#organization","name":"Graphimarket","url":"https:\/\/graphimarket.com\/fr\/","logo":{"@type":"ImageObject","inLanguage":"fr-FR","@id":"https:\/\/graphimarket.com\/fr\/#\/schema\/logo\/image\/","url":"https:\/\/graphimarket.com\/wp-content\/uploads\/2020\/08\/logo-48.png","contentUrl":"https:\/\/graphimarket.com\/wp-content\/uploads\/2020\/08\/logo-48.png","width":132,"height":48,"caption":"Graphimarket"},"image":{"@id":"https:\/\/graphimarket.com\/fr\/#\/schema\/logo\/image\/"}}]}},"_links":{"self":[{"href":"https:\/\/graphimarket.com\/fr\/wp-json\/wp\/v2\/product\/9993","targetHints":{"allow":["GET"]}}],"collection":[{"href":"https:\/\/graphimarket.com\/fr\/wp-json\/wp\/v2\/product"}],"about":[{"href":"https:\/\/graphimarket.com\/fr\/wp-json\/wp\/v2\/types\/product"}],"replies":[{"embeddable":true,"href":"https:\/\/graphimarket.com\/fr\/wp-json\/wp\/v2\/comments?post=9993"}],"version-history":[{"count":0,"href":"https:\/\/graphimarket.com\/fr\/wp-json\/wp\/v2\/product\/9993\/revisions"}],"wp:featuredmedia":[{"embeddable":true,"href":"https:\/\/graphimarket.com\/fr\/wp-json\/wp\/v2\/media\/9995"}],"wp:attachment":[{"href":"https:\/\/graphimarket.com\/fr\/wp-json\/wp\/v2\/media?parent=9993"}],"wp:term":[{"taxonomy":"product_brand","embeddable":true,"href":"https:\/\/graphimarket.com\/fr\/wp-json\/wp\/v2\/product_brand?post=9993"},{"taxonomy":"product_cat","embeddable":true,"href":"https:\/\/graphimarket.com\/fr\/wp-json\/wp\/v2\/product_cat?post=9993"},{"taxonomy":"product_tag","embeddable":true,"href":"https:\/\/graphimarket.com\/fr\/wp-json\/wp\/v2\/product_tag?post=9993"}],"curies":[{"name":"wp","href":"https:\/\/api.w.org\/{rel}","templated":true}]}}