{"id":15813,"date":"2021-02-04T18:09:26","date_gmt":"2021-02-04T17:09:26","guid":{"rendered":"https:\/\/graphimarket.com\/?post_type=product&#038;p=15813"},"modified":"2026-04-08T22:12:39","modified_gmt":"2026-04-08T20:12:39","slug":"perfect-oils-part-2-collection","status":"publish","type":"product","link":"https:\/\/graphimarket.com\/it\/prodotto\/perfect-oils-part-2-collection\/","title":{"rendered":"Collezione Perfect Oils Part 2"},"content":{"rendered":"<h3><strong>Un potente strumento per la pittura digitale!<\/strong><\/h3>\n<p>Questo<strong>\u00a0Collezione Perfect Oils Part 2<\/strong>\u00a0ha reso pi\u00f9 facile che mai prendere le tecniche di pittura tradizionali e applicarle alla tela digitale. Questo pacchetto include\u00a0<strong>46 preset pennello mixer<\/strong>\u00a0che creer\u00e0 vere impressioni del dipinto con oli (principalmente), acrilici e colori a tempera.<\/p>\n<p>All&#039;interno di questo pacchetto, riceverai anche 5 stili di livello perfetti per creare il file\u00a0<strong>effetto di rilievo di vernice spessa (&quot;impasto&quot;)<\/strong>.<\/p>\n<p>Acquista subito questo pacchetto ed espandi le tue capacit\u00e0 artistiche di pittore ... non \u00e8 un&#039;esagerazione !! Fretta!!<\/p>\n<p>Ora la notizia pi\u00f9 eccitante ... questo pacchetto viene fornito con un file\u00a0<strong>licenza commerciale estesa<\/strong>. Puoi utilizzare questo pacchetto per progetti personali e commerciali illimitati!<\/p>\n<h3><strong>I vantaggi di questo pacchetto di preset di Photoshop Mixer Brush:<\/strong><\/h3>\n<ul>\n<li>Imitazione realistica di oli e vernici acriliche<\/li>\n<li>Semplice miscelazione dei colori<\/li>\n<li>Sensazione di vernice liquida \/ morbida<\/li>\n<li>Dipingere e mescolare il nuovo colore con quello esistente (come un vero dipinto a olio)<\/li>\n<li>Pennelli per tecniche di pittura espressiva o morbida<\/li>\n<li>Aiuta a dipingere in modo pi\u00f9 realistico<\/li>\n<li>Processo di disegno e pittura realistico<\/li>\n<li>Aiuta a formare uno stile pittorico unico<\/li>\n<li>Ricche opportunit\u00e0 creative<\/li>\n<\/ul>\n<h3><strong>\u00a0Cosa riceverai all&#039;interno di questo pacchetto di preset di Photoshop Mixer Brush:<\/strong><\/h3>\n<ul>\n<li>File TPL &quot;Perfect_Oils_Part2_MixerBrushPresetsForPSCS5 + .tpl&quot; - Questo \u00e8 il file principale contenente 46 preset Pennello miscelatore.<\/li>\n<li>File ASL &quot;Layer Impasto Styles.asl&quot; - Aggiunto come bonus, 5 stili di livello per l&#039;effetto di rilievo di vernice spessa, il cosiddetto impasto.<\/li>\n<li>File JPG &quot;Perfect_Oils_2.0._List-of-Presets.jpg&quot; - Un elenco di tutti i preset per il pennello miscelatore incluso nel kit.<\/li>\n<li>File PDF &quot;Perfect Oils 2. Documentation, Manual &amp; FAQs.pdf&quot; - Descrizione, documentazione, informazioni generali, suggerimenti, FAQ.<\/li>\n<\/ul>\n<p><strong>\u00a0Importante!<\/strong>\u00a0Questo prodotto \u00e8 per le versioni di Photoshop CS5 e successive. Questo \u00e8 solo perch\u00e9 lo strumento Pennello miscelatore appare solo da CS5.<\/p>\n<h3><strong>Immergiamoci in profondit\u00e0 in questo pacchetto avvincente:<\/strong><\/h3>\n<p>&nbsp;<\/p>\n<p>&nbsp;<\/p>\n<p>&nbsp;<\/p>\n<p><img fetchpriority=\"high\" decoding=\"async\" class=\"size-full wp-image-15814 aligncenter\" src=\"https:\/\/graphimarket.com\/wp-content\/uploads\/2021\/02\/artset1-2.jpg\" alt=\"\" width=\"800\" height=\"2503\" srcset=\"https:\/\/graphimarket.com\/wp-content\/uploads\/2021\/02\/artset1-2.jpg 800w, https:\/\/graphimarket.com\/wp-content\/uploads\/2021\/02\/artset1-2-96x300.jpg 96w, https:\/\/graphimarket.com\/wp-content\/uploads\/2021\/02\/artset1-2-327x1024.jpg 327w, https:\/\/graphimarket.com\/wp-content\/uploads\/2021\/02\/artset1-2-768x2403.jpg 768w, https:\/\/graphimarket.com\/wp-content\/uploads\/2021\/02\/artset1-2-491x1536.jpg 491w, https:\/\/graphimarket.com\/wp-content\/uploads\/2021\/02\/artset1-2-655x2048.jpg 655w, https:\/\/graphimarket.com\/wp-content\/uploads\/2021\/02\/artset1-2-4x12.jpg 4w, https:\/\/graphimarket.com\/wp-content\/uploads\/2021\/02\/artset1-2-600x1877.jpg 600w\" sizes=\"(max-width: 800px) 100vw, 800px\" \/><\/p>","protected":false},"excerpt":{"rendered":"<p>A Powerful Tool For Digital Painting! This\u00a0Perfect Oils Part 2 Collection\u00a0has made it easier than ever to take traditional painting techniques and apply them to the digital canvas.\u00a0 This bundle includes\u00a046 mixer brush presets\u00a0which will create real impressions of the painting by oils (primarily), acrylic, and tempera paints. Inside this bundle, you will also receive [&hellip;]<\/p>\n","protected":false},"featured_media":15815,"comment_status":"open","ping_status":"closed","template":"","meta":{"site-sidebar-layout":"default","site-content-layout":"default","ast-site-content-layout":"default","site-content-style":"default","site-sidebar-style":"default","ast-global-header-display":"","ast-banner-title-visibility":"","ast-main-header-display":"","ast-hfb-above-header-display":"","ast-hfb-below-header-display":"","ast-hfb-mobile-header-display":"","site-post-title":"","ast-breadcrumbs-content":"","ast-featured-img":"","footer-sml-layout":"","ast-disable-related-posts":"","theme-transparent-header-meta":"default","adv-header-id-meta":"","stick-header-meta":"","header-above-stick-meta":"","header-main-stick-meta":"","header-below-stick-meta":"","astra-migrate-meta-layouts":"default","ast-page-background-enabled":"default","ast-page-background-meta":{"desktop":{"background-color":"","background-image":"","background-repeat":"repeat","background-position":"center center","background-size":"auto","background-attachment":"scroll","background-type":"","background-media":"","overlay-type":"","overlay-color":"","overlay-opacity":"","overlay-gradient":""},"tablet":{"background-color":"","background-image":"","background-repeat":"repeat","background-position":"center center","background-size":"auto","background-attachment":"scroll","background-type":"","background-media":"","overlay-type":"","overlay-color":"","overlay-opacity":"","overlay-gradient":""},"mobile":{"background-color":"","background-image":"","background-repeat":"repeat","background-position":"center center","background-size":"auto","background-attachment":"scroll","background-type":"","background-media":"","overlay-type":"","overlay-color":"","overlay-opacity":"","overlay-gradient":""}},"ast-content-background-meta":{"desktop":{"background-color":"var(--ast-global-color-5)","background-image":"","background-repeat":"repeat","background-position":"center center","background-size":"auto","background-attachment":"scroll","background-type":"","background-media":"","overlay-type":"","overlay-color":"","overlay-opacity":"","overlay-gradient":""},"tablet":{"background-color":"var(--ast-global-color-5)","background-image":"","background-repeat":"repeat","background-position":"center center","background-size":"auto","background-attachment":"scroll","background-type":"","background-media":"","overlay-type":"","overlay-color":"","overlay-opacity":"","overlay-gradient":""},"mobile":{"background-color":"var(--ast-global-color-5)","background-image":"","background-repeat":"repeat","background-position":"center center","background-size":"auto","background-attachment":"scroll","background-type":"","background-media":"","overlay-type":"","overlay-color":"","overlay-opacity":"","overlay-gradient":""}}},"product_brand":[],"product_cat":[197],"product_tag":[231,239,1877,62,412,424],"class_list":{"0":"post-15813","1":"product","2":"type-product","3":"status-publish","4":"has-post-thumbnail","6":"product_cat-brushes","7":"product_tag-brushes","8":"product_tag-bundle","9":"product_tag-mixer","10":"product_tag-photoshop","11":"product_tag-preset","12":"product_tag-tool","13":"desktop-align-left","14":"tablet-align-left","15":"mobile-align-left","17":"first","18":"instock","19":"sale","20":"downloadable","21":"virtual","22":"taxable","23":"purchasable","24":"product-type-simple"},"yoast_head":"<!-- This site is optimized with the Yoast SEO plugin v27.3 - https:\/\/yoast.com\/product\/yoast-seo-wordpress\/ -->\n<title>Perfect Oils Part 2 Collection - Graphimarket<\/title>\n<meta name=\"description\" content=\"This\u00a0Perfect Oils Part 2 Collection\u00a0has made it easier than ever to take traditional painting techniques and apply them to the digital canvas.\" \/>\n<meta name=\"robots\" content=\"index, follow, max-snippet:-1, max-image-preview:large, max-video-preview:-1\" \/>\n<link rel=\"canonical\" href=\"https:\/\/graphimarket.com\/it\/prodotto\/perfect-oils-part-2-collection\/\" \/>\n<meta property=\"og:locale\" content=\"it_IT\" \/>\n<meta property=\"og:type\" content=\"article\" \/>\n<meta property=\"og:title\" content=\"Perfect Oils Part 2 Collection - Graphimarket\" \/>\n<meta property=\"og:description\" content=\"This\u00a0Perfect Oils Part 2 Collection\u00a0has made it easier than ever to take traditional painting techniques and apply them to the digital canvas.\" \/>\n<meta property=\"og:url\" content=\"https:\/\/graphimarket.com\/it\/prodotto\/perfect-oils-part-2-collection\/\" \/>\n<meta property=\"og:site_name\" content=\"Graphimarket\" \/>\n<meta property=\"article:modified_time\" content=\"2026-04-08T20:12:39+00:00\" \/>\n<meta property=\"og:image\" content=\"https:\/\/graphimarket.com\/wp-content\/uploads\/2021\/02\/cubebrush-\u2013-the-perfect-oils-part-2-\u2013-46-mixer-brushes.jpg\" \/>\n\t<meta property=\"og:image:width\" content=\"768\" \/>\n\t<meta property=\"og:image:height\" content=\"517\" \/>\n\t<meta property=\"og:image:type\" content=\"image\/jpeg\" \/>\n<meta name=\"twitter:card\" content=\"summary_large_image\" \/>\n<meta name=\"twitter:label1\" content=\"Tempo di lettura stimato\" \/>\n\t<meta name=\"twitter:data1\" content=\"1 minuto\" \/>\n<script type=\"application\/ld+json\" class=\"yoast-schema-graph\">{\"@context\":\"https:\\\/\\\/schema.org\",\"@graph\":[{\"@type\":\"WebPage\",\"@id\":\"https:\\\/\\\/graphimarket.com\\\/product\\\/perfect-oils-part-2-collection\\\/\",\"url\":\"https:\\\/\\\/graphimarket.com\\\/product\\\/perfect-oils-part-2-collection\\\/\",\"name\":\"Perfect Oils Part 2 Collection - Graphimarket\",\"isPartOf\":{\"@id\":\"https:\\\/\\\/graphimarket.com\\\/fr\\\/#website\"},\"primaryImageOfPage\":{\"@id\":\"https:\\\/\\\/graphimarket.com\\\/product\\\/perfect-oils-part-2-collection\\\/#primaryimage\"},\"image\":{\"@id\":\"https:\\\/\\\/graphimarket.com\\\/product\\\/perfect-oils-part-2-collection\\\/#primaryimage\"},\"thumbnailUrl\":\"https:\\\/\\\/graphimarket.com\\\/wp-content\\\/uploads\\\/2021\\\/02\\\/cubebrush-\u2013-the-perfect-oils-part-2-\u2013-46-mixer-brushes.jpg\",\"datePublished\":\"2021-02-04T17:09:26+00:00\",\"dateModified\":\"2026-04-08T20:12:39+00:00\",\"description\":\"This\u00a0Perfect Oils Part 2 Collection\u00a0has made it easier than ever to take traditional painting techniques and apply them to the digital canvas.\",\"breadcrumb\":{\"@id\":\"https:\\\/\\\/graphimarket.com\\\/product\\\/perfect-oils-part-2-collection\\\/#breadcrumb\"},\"inLanguage\":\"it-IT\",\"potentialAction\":[{\"@type\":\"ReadAction\",\"target\":[\"https:\\\/\\\/graphimarket.com\\\/product\\\/perfect-oils-part-2-collection\\\/\"]}]},{\"@type\":\"ImageObject\",\"inLanguage\":\"it-IT\",\"@id\":\"https:\\\/\\\/graphimarket.com\\\/product\\\/perfect-oils-part-2-collection\\\/#primaryimage\",\"url\":\"https:\\\/\\\/graphimarket.com\\\/wp-content\\\/uploads\\\/2021\\\/02\\\/cubebrush-\u2013-the-perfect-oils-part-2-\u2013-46-mixer-brushes.jpg\",\"contentUrl\":\"https:\\\/\\\/graphimarket.com\\\/wp-content\\\/uploads\\\/2021\\\/02\\\/cubebrush-\u2013-the-perfect-oils-part-2-\u2013-46-mixer-brushes.jpg\",\"width\":768,\"height\":517},{\"@type\":\"BreadcrumbList\",\"@id\":\"https:\\\/\\\/graphimarket.com\\\/product\\\/perfect-oils-part-2-collection\\\/#breadcrumb\",\"itemListElement\":[{\"@type\":\"ListItem\",\"position\":1,\"name\":\"Home\",\"item\":\"https:\\\/\\\/graphimarket.com\\\/es\\\/\"},{\"@type\":\"ListItem\",\"position\":2,\"name\":\"Store\",\"item\":\"https:\\\/\\\/graphimarket.com\\\/store\\\/\"},{\"@type\":\"ListItem\",\"position\":3,\"name\":\"Perfect Oils Part 2 Collection\"}]},{\"@type\":\"WebSite\",\"@id\":\"https:\\\/\\\/graphimarket.com\\\/fr\\\/#website\",\"url\":\"https:\\\/\\\/graphimarket.com\\\/fr\\\/\",\"name\":\"Graphimarket\",\"description\":\"Find the perfect creative asset to bring your project to life\",\"publisher\":{\"@id\":\"https:\\\/\\\/graphimarket.com\\\/fr\\\/#organization\"},\"potentialAction\":[{\"@type\":\"SearchAction\",\"target\":{\"@type\":\"EntryPoint\",\"urlTemplate\":\"https:\\\/\\\/graphimarket.com\\\/fr\\\/?s={search_term_string}\"},\"query-input\":{\"@type\":\"PropertyValueSpecification\",\"valueRequired\":true,\"valueName\":\"search_term_string\"}}],\"inLanguage\":\"it-IT\"},{\"@type\":\"Organization\",\"@id\":\"https:\\\/\\\/graphimarket.com\\\/fr\\\/#organization\",\"name\":\"Graphimarket\",\"url\":\"https:\\\/\\\/graphimarket.com\\\/fr\\\/\",\"logo\":{\"@type\":\"ImageObject\",\"inLanguage\":\"it-IT\",\"@id\":\"https:\\\/\\\/graphimarket.com\\\/fr\\\/#\\\/schema\\\/logo\\\/image\\\/\",\"url\":\"https:\\\/\\\/graphimarket.com\\\/wp-content\\\/uploads\\\/2020\\\/08\\\/logo-48.png\",\"contentUrl\":\"https:\\\/\\\/graphimarket.com\\\/wp-content\\\/uploads\\\/2020\\\/08\\\/logo-48.png\",\"width\":132,\"height\":48,\"caption\":\"Graphimarket\"},\"image\":{\"@id\":\"https:\\\/\\\/graphimarket.com\\\/fr\\\/#\\\/schema\\\/logo\\\/image\\\/\"}}]}<\/script>\n<!-- \/ Yoast SEO plugin. -->","yoast_head_json":{"title":"Collezione Perfect Oils Part 2 - Graphimarket","description":"Questa collezione Perfect Oils Part 2 ha reso pi\u00f9 facile che mai prendere le tecniche di pittura tradizionali e applicarle alla tela digitale.","robots":{"index":"index","follow":"follow","max-snippet":"max-snippet:-1","max-image-preview":"max-image-preview:large","max-video-preview":"max-video-preview:-1"},"canonical":"https:\/\/graphimarket.com\/it\/prodotto\/perfect-oils-part-2-collection\/","og_locale":"it_IT","og_type":"article","og_title":"Perfect Oils Part 2 Collection - Graphimarket","og_description":"This\u00a0Perfect Oils Part 2 Collection\u00a0has made it easier than ever to take traditional painting techniques and apply them to the digital canvas.","og_url":"https:\/\/graphimarket.com\/it\/prodotto\/perfect-oils-part-2-collection\/","og_site_name":"Graphimarket","article_modified_time":"2026-04-08T20:12:39+00:00","og_image":[{"width":768,"height":517,"url":"https:\/\/graphimarket.com\/wp-content\/uploads\/2021\/02\/cubebrush-\u2013-the-perfect-oils-part-2-\u2013-46-mixer-brushes.jpg","type":"image\/jpeg"}],"twitter_card":"summary_large_image","twitter_misc":{"Tempo di lettura stimato":"1 minuto"},"schema":{"@context":"https:\/\/schema.org","@graph":[{"@type":"WebPage","@id":"https:\/\/graphimarket.com\/product\/perfect-oils-part-2-collection\/","url":"https:\/\/graphimarket.com\/product\/perfect-oils-part-2-collection\/","name":"Collezione Perfect Oils Part 2 - Graphimarket","isPartOf":{"@id":"https:\/\/graphimarket.com\/fr\/#website"},"primaryImageOfPage":{"@id":"https:\/\/graphimarket.com\/product\/perfect-oils-part-2-collection\/#primaryimage"},"image":{"@id":"https:\/\/graphimarket.com\/product\/perfect-oils-part-2-collection\/#primaryimage"},"thumbnailUrl":"https:\/\/graphimarket.com\/wp-content\/uploads\/2021\/02\/cubebrush-\u2013-the-perfect-oils-part-2-\u2013-46-mixer-brushes.jpg","datePublished":"2021-02-04T17:09:26+00:00","dateModified":"2026-04-08T20:12:39+00:00","description":"Questa collezione Perfect Oils Part 2 ha reso pi\u00f9 facile che mai prendere le tecniche di pittura tradizionali e applicarle alla tela digitale.","breadcrumb":{"@id":"https:\/\/graphimarket.com\/product\/perfect-oils-part-2-collection\/#breadcrumb"},"inLanguage":"it-IT","potentialAction":[{"@type":"ReadAction","target":["https:\/\/graphimarket.com\/product\/perfect-oils-part-2-collection\/"]}]},{"@type":"ImageObject","inLanguage":"it-IT","@id":"https:\/\/graphimarket.com\/product\/perfect-oils-part-2-collection\/#primaryimage","url":"https:\/\/graphimarket.com\/wp-content\/uploads\/2021\/02\/cubebrush-\u2013-the-perfect-oils-part-2-\u2013-46-mixer-brushes.jpg","contentUrl":"https:\/\/graphimarket.com\/wp-content\/uploads\/2021\/02\/cubebrush-\u2013-the-perfect-oils-part-2-\u2013-46-mixer-brushes.jpg","width":768,"height":517},{"@type":"BreadcrumbList","@id":"https:\/\/graphimarket.com\/product\/perfect-oils-part-2-collection\/#breadcrumb","itemListElement":[{"@type":"ListItem","position":1,"name":"Home","item":"https:\/\/graphimarket.com\/es\/"},{"@type":"ListItem","position":2,"name":"Store","item":"https:\/\/graphimarket.com\/store\/"},{"@type":"ListItem","position":3,"name":"Perfect Oils Part 2 Collection"}]},{"@type":"WebSite","@id":"https:\/\/graphimarket.com\/fr\/#website","url":"https:\/\/graphimarket.com\/fr\/","name":"Graphimarket","description":"Trova la risorsa creativa perfetta per dare vita al tuo progetto","publisher":{"@id":"https:\/\/graphimarket.com\/fr\/#organization"},"potentialAction":[{"@type":"SearchAction","target":{"@type":"EntryPoint","urlTemplate":"https:\/\/graphimarket.com\/fr\/?s={search_term_string}"},"query-input":{"@type":"PropertyValueSpecification","valueRequired":true,"valueName":"search_term_string"}}],"inLanguage":"it-IT"},{"@type":"Organization","@id":"https:\/\/graphimarket.com\/fr\/#organization","name":"Graphimarket","url":"https:\/\/graphimarket.com\/fr\/","logo":{"@type":"ImageObject","inLanguage":"it-IT","@id":"https:\/\/graphimarket.com\/fr\/#\/schema\/logo\/image\/","url":"https:\/\/graphimarket.com\/wp-content\/uploads\/2020\/08\/logo-48.png","contentUrl":"https:\/\/graphimarket.com\/wp-content\/uploads\/2020\/08\/logo-48.png","width":132,"height":48,"caption":"Graphimarket"},"image":{"@id":"https:\/\/graphimarket.com\/fr\/#\/schema\/logo\/image\/"}}]}},"_links":{"self":[{"href":"https:\/\/graphimarket.com\/it\/wp-json\/wp\/v2\/product\/15813","targetHints":{"allow":["GET"]}}],"collection":[{"href":"https:\/\/graphimarket.com\/it\/wp-json\/wp\/v2\/product"}],"about":[{"href":"https:\/\/graphimarket.com\/it\/wp-json\/wp\/v2\/types\/product"}],"replies":[{"embeddable":true,"href":"https:\/\/graphimarket.com\/it\/wp-json\/wp\/v2\/comments?post=15813"}],"version-history":[{"count":0,"href":"https:\/\/graphimarket.com\/it\/wp-json\/wp\/v2\/product\/15813\/revisions"}],"wp:featuredmedia":[{"embeddable":true,"href":"https:\/\/graphimarket.com\/it\/wp-json\/wp\/v2\/media\/15815"}],"wp:attachment":[{"href":"https:\/\/graphimarket.com\/it\/wp-json\/wp\/v2\/media?parent=15813"}],"wp:term":[{"taxonomy":"product_brand","embeddable":true,"href":"https:\/\/graphimarket.com\/it\/wp-json\/wp\/v2\/product_brand?post=15813"},{"taxonomy":"product_cat","embeddable":true,"href":"https:\/\/graphimarket.com\/it\/wp-json\/wp\/v2\/product_cat?post=15813"},{"taxonomy":"product_tag","embeddable":true,"href":"https:\/\/graphimarket.com\/it\/wp-json\/wp\/v2\/product_tag?post=15813"}],"curies":[{"name":"wp","href":"https:\/\/api.w.org\/{rel}","templated":true}]}}