{"id":17322,"date":"2021-04-13T16:10:57","date_gmt":"2021-04-13T14:10:57","guid":{"rendered":"https:\/\/graphimarket.com\/?post_type=product&#038;p=17322"},"modified":"2026-04-08T23:12:45","modified_gmt":"2026-04-08T21:12:45","slug":"magic-retouch-pro","status":"publish","type":"product","link":"https:\/\/graphimarket.com\/it\/prodotto\/magic-retouch-pro\/","title":{"rendered":"Magic Retouch Pro"},"content":{"rendered":"<h2 id=\"item-description__magic-retouch-pro\">Magic Retouch Pro<\/h2>\n<p>Magic Retouch Pro \u00e8 un plug-in per Photoshop con cui puoi eseguire ritocchi fotografici di livello professionale senza alcuna conoscenza del ritocco.<\/p>\n<p>Con Magic Retouch Pro. Puoi eseguire ritocchi a livello professionale, senza alcuna conoscenza di ritocco. Il plug-in \u00e8 bello e intuitivo con cui lavorare. Ottieni i risultati pi\u00f9 velocemente utilizzando i cursori, invece delle azioni.<\/p>\n<p>Magic Retouch Pro, include un&#039;ampia variet\u00e0 di funzioni. Include ritocco della pelle, potenziatore occhi, cambio colore occhi, ombretto, potenziamento colore labbra naturali, lucidalabbra, rossetto, trucco digitale, cambio colore capelli, sbiancante per denti, arrossire e 4 effetti pelle che includono, pelle abbronzata, pelle caramellata, Pelle grintosa ed effetti pelle chiave alta.<\/p>\n<p>Magic Retouch Pro, viene aggiornato regolarmente. Aggiungiamo nuove funzionalit\u00e0 e correzioni di bug per migliorare la qualit\u00e0 di questo prodotto, in base al feedback dei nostri utenti.<\/p>\n<p>Magic Retouch Pro, pu\u00f2 essere utilizzato in modalit\u00e0 pannello plug-in. Il pannello pu\u00f2 anche essere posizionato ovunque tu voglia e pu\u00f2 anche essere ancorato.<\/p>\n<p>Magic Retouch Pro \u00e8 facile da usare con molte risorse di apprendimento, come la guida utente PDF e tutorial video.<\/p>\n<p>Con un ricco set di funzionalit\u00e0 e un prezzo basso. Magic retouch pro, \u00e8 un pacchetto di ritocco perfetto, per fotografi amatoriali e professionisti.<\/p>\n<h2 id=\"item-description__-key-features\">Caratteristiche principali<\/h2>\n<p>\u25cf Ritocco della pelle di base (ritocco facile e veloce).<\/p>\n<p>\u25cf Ritocco avanzato della pelle (ritocca rapidamente le immagini mantenendo il pieno controllo sulla consistenza e levigatezza della pelle e ottieni risultati di ritocco professionali).<\/p>\n<p>\u25cf Rimozione di imperfezioni \/ brufoli.<\/p>\n<p>\u25cf Sbiancamento dei denti.<\/p>\n<p>\u25cf Miglioramento degli occhi.<\/p>\n<p>\u25cf Cambia colore degli occhi.<\/p>\n<p>\u25cf Trucco digitale.<\/p>\n<p>\u25cf Ombretto.<\/p>\n<p>\u25cf Incremento naturale del colore delle labbra.<\/p>\n<p>\u25cf Lucidalabbra.<\/p>\n<p>\u25cf Rossetto.<\/p>\n<p>\u25cf Arrossire.<\/p>\n<p>\u25cf Cambia colore dei capelli.<\/p>\n<p>\u25cf Aspetto della pelle (pelle marrone chiaro, pelle caramella, pelle High-Key, pelle grintosa).<\/p>\n<p>\u25cf Schivare e bruciare automatici.<\/p>\n<p>\u25cf Schivare e bruciare manuali.<\/p>\n<p>\u25cf Effetti immagine.<\/p>\n<p>\u25cf Post-elaborazione intelligente delle immagini.<\/p>\n<p>\u25cf Integrato in Photoshop come pannello.<\/p>\n<p>\u25cf Facile da usare.<\/p>\n<p>\u25cf Aggiornamenti futuri gratuiti.<\/p>\n<p>\u25cf Assistenza clienti rapida.<\/p>\n<p>&nbsp;<\/p>\n<div class=\"ast-oembed-container\" style=\"height: 100%;\"><iframe title=\"Annuncio Magic Retouch Pro\" width=\"500\" height=\"281\" src=\"https:\/\/www.youtube.com\/embed\/5Mr3QgoBpnA?list=PLE9td6OFirgRg0gDH38PlteQ1rsPDNjI4\" frameborder=\"0\" allow=\"accelerometer; autoplay; clipboard-write; encrypted-media; gyroscope; picture-in-picture; web-share\" referrerpolicy=\"strict-origin-when-cross-origin\" allowfullscreen><\/iframe><\/div>\n<p><img decoding=\"async\" src=\"https:\/\/graphimarket.com\/wp-content\/uploads\/2021\/04\/preview-8.jpg\" \/><\/p>\n<p><img decoding=\"async\" src=\"https:\/\/graphimarket.com\/wp-content\/uploads\/2021\/04\/preview-2-4.jpg\" \/><\/p>\n<p><img decoding=\"async\" src=\"https:\/\/graphimarket.com\/wp-content\/uploads\/2021\/04\/preview-3-1.jpg\" \/><\/p>\n<p><img fetchpriority=\"high\" decoding=\"async\" class=\"alignnone size-full wp-image-17328\" src=\"https:\/\/graphimarket.com\/wp-content\/uploads\/2021\/04\/preview-4-1.jpg\" alt=\"\" width=\"591\" height=\"1725\" srcset=\"https:\/\/graphimarket.com\/wp-content\/uploads\/2021\/04\/preview-4-1.jpg 591w, https:\/\/graphimarket.com\/wp-content\/uploads\/2021\/04\/preview-4-1-103x300.jpg 103w, https:\/\/graphimarket.com\/wp-content\/uploads\/2021\/04\/preview-4-1-351x1024.jpg 351w, https:\/\/graphimarket.com\/wp-content\/uploads\/2021\/04\/preview-4-1-526x1536.jpg 526w, https:\/\/graphimarket.com\/wp-content\/uploads\/2021\/04\/preview-4-1-4x12.jpg 4w\" sizes=\"(max-width: 591px) 100vw, 591px\" \/><\/p>\n<p><img decoding=\"async\" src=\"https:\/\/graphimarket.com\/wp-content\/uploads\/2021\/04\/preview-5-2.jpg\" \/><\/p>\n<p><img decoding=\"async\" src=\"https:\/\/graphimarket.com\/wp-content\/uploads\/2021\/04\/preview-6-1.jpg\" \/><\/p>\n<p><img decoding=\"async\" src=\"https:\/\/graphimarket.com\/wp-content\/uploads\/2021\/04\/preview-7-1.jpg\" \/><\/p>\n<p><img decoding=\"async\" src=\"https:\/\/graphimarket.com\/wp-content\/uploads\/2021\/04\/preview-8-1.jpg\" \/><\/p>\n<p><img decoding=\"async\" class=\"alignnone size-full wp-image-17334\" src=\"https:\/\/graphimarket.com\/wp-content\/uploads\/2021\/04\/preview-9.jpg\" alt=\"\" width=\"590\" height=\"2467\" srcset=\"https:\/\/graphimarket.com\/wp-content\/uploads\/2021\/04\/preview-9.jpg 590w, https:\/\/graphimarket.com\/wp-content\/uploads\/2021\/04\/preview-9-72x300.jpg 72w, https:\/\/graphimarket.com\/wp-content\/uploads\/2021\/04\/preview-9-245x1024.jpg 245w, https:\/\/graphimarket.com\/wp-content\/uploads\/2021\/04\/preview-9-367x1536.jpg 367w, https:\/\/graphimarket.com\/wp-content\/uploads\/2021\/04\/preview-9-490x2048.jpg 490w, https:\/\/graphimarket.com\/wp-content\/uploads\/2021\/04\/preview-9-3x12.jpg 3w\" sizes=\"(max-width: 590px) 100vw, 590px\" \/><\/p>","protected":false},"excerpt":{"rendered":"<p>Magic Retouch Pro Magic Retouch Pro is a plug-in for Photoshop with which you can do professional level of photo retouching without any knowledge of retouching. With Magic Retouch Pro. You can do professional-level retouching, without any retouching knowledge. The plug-in is beautiful and intuitive to work with. Get the results faster by using sliders, [&hellip;]<\/p>\n","protected":false},"featured_media":17325,"comment_status":"open","ping_status":"closed","template":"","meta":{"site-sidebar-layout":"default","site-content-layout":"default","ast-site-content-layout":"default","site-content-style":"default","site-sidebar-style":"default","ast-global-header-display":"","ast-banner-title-visibility":"","ast-main-header-display":"","ast-hfb-above-header-display":"","ast-hfb-below-header-display":"","ast-hfb-mobile-header-display":"","site-post-title":"","ast-breadcrumbs-content":"","ast-featured-img":"","footer-sml-layout":"","ast-disable-related-posts":"","theme-transparent-header-meta":"default","adv-header-id-meta":"","stick-header-meta":"","header-above-stick-meta":"","header-main-stick-meta":"","header-below-stick-meta":"","astra-migrate-meta-layouts":"default","ast-page-background-enabled":"default","ast-page-background-meta":{"desktop":{"background-color":"","background-image":"","background-repeat":"repeat","background-position":"center center","background-size":"auto","background-attachment":"scroll","background-type":"","background-media":"","overlay-type":"","overlay-color":"","overlay-opacity":"","overlay-gradient":""},"tablet":{"background-color":"","background-image":"","background-repeat":"repeat","background-position":"center center","background-size":"auto","background-attachment":"scroll","background-type":"","background-media":"","overlay-type":"","overlay-color":"","overlay-opacity":"","overlay-gradient":""},"mobile":{"background-color":"","background-image":"","background-repeat":"repeat","background-position":"center center","background-size":"auto","background-attachment":"scroll","background-type":"","background-media":"","overlay-type":"","overlay-color":"","overlay-opacity":"","overlay-gradient":""}},"ast-content-background-meta":{"desktop":{"background-color":"var(--ast-global-color-5)","background-image":"","background-repeat":"repeat","background-position":"center center","background-size":"auto","background-attachment":"scroll","background-type":"","background-media":"","overlay-type":"","overlay-color":"","overlay-opacity":"","overlay-gradient":""},"tablet":{"background-color":"var(--ast-global-color-5)","background-image":"","background-repeat":"repeat","background-position":"center center","background-size":"auto","background-attachment":"scroll","background-type":"","background-media":"","overlay-type":"","overlay-color":"","overlay-opacity":"","overlay-gradient":""},"mobile":{"background-color":"var(--ast-global-color-5)","background-image":"","background-repeat":"repeat","background-position":"center center","background-size":"auto","background-attachment":"scroll","background-type":"","background-media":"","overlay-type":"","overlay-color":"","overlay-opacity":"","overlay-gradient":""}}},"product_brand":[],"product_cat":[196,15,144,145,195,146],"product_tag":[292,1386,285,240],"class_list":{"0":"post-17322","1":"product","2":"type-product","3":"status-publish","4":"has-post-thumbnail","6":"product_cat-actions","7":"product_cat-photo","8":"product_cat-photo-editor","9":"product_cat-photography","10":"product_cat-photoshop","11":"product_cat-photoshop-action","12":"product_tag-action","13":"product_tag-adobe","14":"product_tag-photo","15":"product_tag-ps","16":"desktop-align-left","17":"tablet-align-left","18":"mobile-align-left","20":"first","21":"instock","22":"sale","23":"downloadable","24":"virtual","25":"taxable","26":"purchasable","27":"product-type-simple"},"yoast_head":"<!-- This site is optimized with the Yoast SEO plugin v27.3 - https:\/\/yoast.com\/product\/yoast-seo-wordpress\/ -->\n<title>Magic Retouch Pro - Graphimarket<\/title>\n<meta name=\"description\" content=\"Magic Retouch Pro is a plug-in for Photoshop with which you can do professional level of photo retouching without any knowledge...\" \/>\n<meta name=\"robots\" content=\"index, follow, max-snippet:-1, max-image-preview:large, max-video-preview:-1\" \/>\n<link rel=\"canonical\" href=\"https:\/\/graphimarket.com\/it\/prodotto\/magic-retouch-pro\/\" \/>\n<meta property=\"og:locale\" content=\"it_IT\" \/>\n<meta property=\"og:type\" content=\"article\" \/>\n<meta property=\"og:title\" content=\"Magic Retouch Pro - Graphimarket\" \/>\n<meta property=\"og:description\" content=\"Magic Retouch Pro is a plug-in for Photoshop with which you can do professional level of photo retouching without any knowledge...\" \/>\n<meta property=\"og:url\" content=\"https:\/\/graphimarket.com\/it\/prodotto\/magic-retouch-pro\/\" \/>\n<meta property=\"og:site_name\" content=\"Graphimarket\" \/>\n<meta property=\"article:modified_time\" content=\"2026-04-08T21:12:45+00:00\" \/>\n<meta property=\"og:image\" content=\"https:\/\/graphimarket.com\/wp-content\/uploads\/2021\/04\/icon-14.jpg\" \/>\n\t<meta property=\"og:image:width\" content=\"590\" \/>\n\t<meta property=\"og:image:height\" content=\"445\" \/>\n\t<meta property=\"og:image:type\" content=\"image\/jpeg\" \/>\n<meta name=\"twitter:card\" content=\"summary_large_image\" \/>\n<meta name=\"twitter:label1\" content=\"Tempo di lettura stimato\" \/>\n\t<meta name=\"twitter:data1\" content=\"2 minuti\" \/>\n<script type=\"application\/ld+json\" class=\"yoast-schema-graph\">{\"@context\":\"https:\\\/\\\/schema.org\",\"@graph\":[{\"@type\":\"WebPage\",\"@id\":\"https:\\\/\\\/graphimarket.com\\\/product\\\/magic-retouch-pro\\\/\",\"url\":\"https:\\\/\\\/graphimarket.com\\\/product\\\/magic-retouch-pro\\\/\",\"name\":\"Magic Retouch Pro - Graphimarket\",\"isPartOf\":{\"@id\":\"https:\\\/\\\/graphimarket.com\\\/fr\\\/#website\"},\"primaryImageOfPage\":{\"@id\":\"https:\\\/\\\/graphimarket.com\\\/product\\\/magic-retouch-pro\\\/#primaryimage\"},\"image\":{\"@id\":\"https:\\\/\\\/graphimarket.com\\\/product\\\/magic-retouch-pro\\\/#primaryimage\"},\"thumbnailUrl\":\"https:\\\/\\\/graphimarket.com\\\/wp-content\\\/uploads\\\/2021\\\/04\\\/icon-14.jpg\",\"datePublished\":\"2021-04-13T14:10:57+00:00\",\"dateModified\":\"2026-04-08T21:12:45+00:00\",\"description\":\"Magic Retouch Pro is a plug-in for Photoshop with which you can do professional level of photo retouching without any knowledge...\",\"breadcrumb\":{\"@id\":\"https:\\\/\\\/graphimarket.com\\\/product\\\/magic-retouch-pro\\\/#breadcrumb\"},\"inLanguage\":\"it-IT\",\"potentialAction\":[{\"@type\":\"ReadAction\",\"target\":[\"https:\\\/\\\/graphimarket.com\\\/product\\\/magic-retouch-pro\\\/\"]}]},{\"@type\":\"ImageObject\",\"inLanguage\":\"it-IT\",\"@id\":\"https:\\\/\\\/graphimarket.com\\\/product\\\/magic-retouch-pro\\\/#primaryimage\",\"url\":\"https:\\\/\\\/graphimarket.com\\\/wp-content\\\/uploads\\\/2021\\\/04\\\/icon-14.jpg\",\"contentUrl\":\"https:\\\/\\\/graphimarket.com\\\/wp-content\\\/uploads\\\/2021\\\/04\\\/icon-14.jpg\",\"width\":590,\"height\":445},{\"@type\":\"BreadcrumbList\",\"@id\":\"https:\\\/\\\/graphimarket.com\\\/product\\\/magic-retouch-pro\\\/#breadcrumb\",\"itemListElement\":[{\"@type\":\"ListItem\",\"position\":1,\"name\":\"Home\",\"item\":\"https:\\\/\\\/graphimarket.com\\\/es\\\/\"},{\"@type\":\"ListItem\",\"position\":2,\"name\":\"Store\",\"item\":\"https:\\\/\\\/graphimarket.com\\\/store\\\/\"},{\"@type\":\"ListItem\",\"position\":3,\"name\":\"Magic Retouch Pro\"}]},{\"@type\":\"WebSite\",\"@id\":\"https:\\\/\\\/graphimarket.com\\\/fr\\\/#website\",\"url\":\"https:\\\/\\\/graphimarket.com\\\/fr\\\/\",\"name\":\"Graphimarket\",\"description\":\"Find the perfect creative asset to bring your project to life\",\"publisher\":{\"@id\":\"https:\\\/\\\/graphimarket.com\\\/fr\\\/#organization\"},\"potentialAction\":[{\"@type\":\"SearchAction\",\"target\":{\"@type\":\"EntryPoint\",\"urlTemplate\":\"https:\\\/\\\/graphimarket.com\\\/fr\\\/?s={search_term_string}\"},\"query-input\":{\"@type\":\"PropertyValueSpecification\",\"valueRequired\":true,\"valueName\":\"search_term_string\"}}],\"inLanguage\":\"it-IT\"},{\"@type\":\"Organization\",\"@id\":\"https:\\\/\\\/graphimarket.com\\\/fr\\\/#organization\",\"name\":\"Graphimarket\",\"url\":\"https:\\\/\\\/graphimarket.com\\\/fr\\\/\",\"logo\":{\"@type\":\"ImageObject\",\"inLanguage\":\"it-IT\",\"@id\":\"https:\\\/\\\/graphimarket.com\\\/fr\\\/#\\\/schema\\\/logo\\\/image\\\/\",\"url\":\"https:\\\/\\\/graphimarket.com\\\/wp-content\\\/uploads\\\/2020\\\/08\\\/logo-48.png\",\"contentUrl\":\"https:\\\/\\\/graphimarket.com\\\/wp-content\\\/uploads\\\/2020\\\/08\\\/logo-48.png\",\"width\":132,\"height\":48,\"caption\":\"Graphimarket\"},\"image\":{\"@id\":\"https:\\\/\\\/graphimarket.com\\\/fr\\\/#\\\/schema\\\/logo\\\/image\\\/\"}}]}<\/script>\n<!-- \/ Yoast SEO plugin. -->","yoast_head_json":{"title":"Magic Retouch Pro - Graphimarket","description":"Magic Retouch Pro \u00e8 un plug-in per Photoshop con il quale puoi eseguire ritocchi fotografici di livello professionale senza alcuna conoscenza ...","robots":{"index":"index","follow":"follow","max-snippet":"max-snippet:-1","max-image-preview":"max-image-preview:large","max-video-preview":"max-video-preview:-1"},"canonical":"https:\/\/graphimarket.com\/it\/prodotto\/magic-retouch-pro\/","og_locale":"it_IT","og_type":"article","og_title":"Magic Retouch Pro - Graphimarket","og_description":"Magic Retouch Pro is a plug-in for Photoshop with which you can do professional level of photo retouching without any knowledge...","og_url":"https:\/\/graphimarket.com\/it\/prodotto\/magic-retouch-pro\/","og_site_name":"Graphimarket","article_modified_time":"2026-04-08T21:12:45+00:00","og_image":[{"width":590,"height":445,"url":"https:\/\/graphimarket.com\/wp-content\/uploads\/2021\/04\/icon-14.jpg","type":"image\/jpeg"}],"twitter_card":"summary_large_image","twitter_misc":{"Tempo di lettura stimato":"2 minuti"},"schema":{"@context":"https:\/\/schema.org","@graph":[{"@type":"WebPage","@id":"https:\/\/graphimarket.com\/product\/magic-retouch-pro\/","url":"https:\/\/graphimarket.com\/product\/magic-retouch-pro\/","name":"Magic Retouch Pro - Graphimarket","isPartOf":{"@id":"https:\/\/graphimarket.com\/fr\/#website"},"primaryImageOfPage":{"@id":"https:\/\/graphimarket.com\/product\/magic-retouch-pro\/#primaryimage"},"image":{"@id":"https:\/\/graphimarket.com\/product\/magic-retouch-pro\/#primaryimage"},"thumbnailUrl":"https:\/\/graphimarket.com\/wp-content\/uploads\/2021\/04\/icon-14.jpg","datePublished":"2021-04-13T14:10:57+00:00","dateModified":"2026-04-08T21:12:45+00:00","description":"Magic Retouch Pro \u00e8 un plug-in per Photoshop con il quale puoi eseguire ritocchi fotografici di livello professionale senza alcuna conoscenza ...","breadcrumb":{"@id":"https:\/\/graphimarket.com\/product\/magic-retouch-pro\/#breadcrumb"},"inLanguage":"it-IT","potentialAction":[{"@type":"ReadAction","target":["https:\/\/graphimarket.com\/product\/magic-retouch-pro\/"]}]},{"@type":"ImageObject","inLanguage":"it-IT","@id":"https:\/\/graphimarket.com\/product\/magic-retouch-pro\/#primaryimage","url":"https:\/\/graphimarket.com\/wp-content\/uploads\/2021\/04\/icon-14.jpg","contentUrl":"https:\/\/graphimarket.com\/wp-content\/uploads\/2021\/04\/icon-14.jpg","width":590,"height":445},{"@type":"BreadcrumbList","@id":"https:\/\/graphimarket.com\/product\/magic-retouch-pro\/#breadcrumb","itemListElement":[{"@type":"ListItem","position":1,"name":"Home","item":"https:\/\/graphimarket.com\/es\/"},{"@type":"ListItem","position":2,"name":"Store","item":"https:\/\/graphimarket.com\/store\/"},{"@type":"ListItem","position":3,"name":"Magic Retouch Pro"}]},{"@type":"WebSite","@id":"https:\/\/graphimarket.com\/fr\/#website","url":"https:\/\/graphimarket.com\/fr\/","name":"Graphimarket","description":"Trova la risorsa creativa perfetta per dare vita al tuo progetto","publisher":{"@id":"https:\/\/graphimarket.com\/fr\/#organization"},"potentialAction":[{"@type":"SearchAction","target":{"@type":"EntryPoint","urlTemplate":"https:\/\/graphimarket.com\/fr\/?s={search_term_string}"},"query-input":{"@type":"PropertyValueSpecification","valueRequired":true,"valueName":"search_term_string"}}],"inLanguage":"it-IT"},{"@type":"Organization","@id":"https:\/\/graphimarket.com\/fr\/#organization","name":"Graphimarket","url":"https:\/\/graphimarket.com\/fr\/","logo":{"@type":"ImageObject","inLanguage":"it-IT","@id":"https:\/\/graphimarket.com\/fr\/#\/schema\/logo\/image\/","url":"https:\/\/graphimarket.com\/wp-content\/uploads\/2020\/08\/logo-48.png","contentUrl":"https:\/\/graphimarket.com\/wp-content\/uploads\/2020\/08\/logo-48.png","width":132,"height":48,"caption":"Graphimarket"},"image":{"@id":"https:\/\/graphimarket.com\/fr\/#\/schema\/logo\/image\/"}}]}},"_links":{"self":[{"href":"https:\/\/graphimarket.com\/it\/wp-json\/wp\/v2\/product\/17322","targetHints":{"allow":["GET"]}}],"collection":[{"href":"https:\/\/graphimarket.com\/it\/wp-json\/wp\/v2\/product"}],"about":[{"href":"https:\/\/graphimarket.com\/it\/wp-json\/wp\/v2\/types\/product"}],"replies":[{"embeddable":true,"href":"https:\/\/graphimarket.com\/it\/wp-json\/wp\/v2\/comments?post=17322"}],"version-history":[{"count":0,"href":"https:\/\/graphimarket.com\/it\/wp-json\/wp\/v2\/product\/17322\/revisions"}],"wp:featuredmedia":[{"embeddable":true,"href":"https:\/\/graphimarket.com\/it\/wp-json\/wp\/v2\/media\/17325"}],"wp:attachment":[{"href":"https:\/\/graphimarket.com\/it\/wp-json\/wp\/v2\/media?parent=17322"}],"wp:term":[{"taxonomy":"product_brand","embeddable":true,"href":"https:\/\/graphimarket.com\/it\/wp-json\/wp\/v2\/product_brand?post=17322"},{"taxonomy":"product_cat","embeddable":true,"href":"https:\/\/graphimarket.com\/it\/wp-json\/wp\/v2\/product_cat?post=17322"},{"taxonomy":"product_tag","embeddable":true,"href":"https:\/\/graphimarket.com\/it\/wp-json\/wp\/v2\/product_tag?post=17322"}],"curies":[{"name":"wp","href":"https:\/\/api.w.org\/{rel}","templated":true}]}}